{"id":2450,"date":"2020-04-20T22:01:35","date_gmt":"2020-04-20T20:01:35","guid":{"rendered":"https:\/\/fertilityport.com\/?page_id=2450"},"modified":"2023-04-05T14:46:14","modified_gmt":"2023-04-05T12:46:14","slug":"gynekologie","status":"publish","type":"page","link":"https:\/\/fertilityport.com\/cs\/gynekologie\/","title":{"rendered":"Gynekologie"},"content":{"rendered":"<p>[et_pb_section fb_built=&#8220;1&#8243; _builder_version=&#8220;4.20.4&#8243; background_color=&#8220;#D6D6D6&#8243; background_enable_image=&#8220;off&#8220; parallax=&#8220;on&#8220; global_colors_info=&#8220;{}&#8220;][et_pb_row _builder_version=&#8220;4.16&#8243; global_colors_info=&#8220;{}&#8220;][et_pb_column type=&#8220;4_4&#8243; _builder_version=&#8220;4.16&#8243; global_colors_info=&#8220;{}&#8220;][et_pb_text _builder_version=&#8220;4.16&#8243; text_orientation=&#8220;center&#8220; global_colors_info=&#8220;{}&#8220;]<\/p>\n<h1>GYNEKOLOGICK\u00c1 AMBULANCE ve FertilityPort Prague<\/h1>\n<p>dostupn\u00e1 komplexn\u00ed p\u00e9\u010de o \u017eensk\u00e9 zdrav\u00ed<\/p>\n<p>[\/et_pb_text][\/et_pb_column][\/et_pb_row][\/et_pb_section][et_pb_section fb_built=&#8220;1&#8243; _builder_version=&#8220;4.17.6&#8243; _module_preset=&#8220;default&#8220; global_colors_info=&#8220;{}&#8220;][et_pb_row column_structure=&#8220;1_5,3_5,1_5&#8243; _builder_version=&#8220;4.17.6&#8243; _module_preset=&#8220;default&#8220; global_colors_info=&#8220;{}&#8220;][et_pb_column type=&#8220;1_5&#8243; _builder_version=&#8220;4.17.6&#8243; _module_preset=&#8220;default&#8220; global_colors_info=&#8220;{}&#8220;][\/et_pb_column][et_pb_column type=&#8220;3_5&#8243; _builder_version=&#8220;4.17.6&#8243; _module_preset=&#8220;default&#8220; global_colors_info=&#8220;{}&#8220;][et_pb_text admin_label=&#8220;Text&#8220; _builder_version=&#8220;4.17.6&#8243; background_size=&#8220;initial&#8220; background_position=&#8220;top_left&#8220; background_repeat=&#8220;repeat&#8220; width=&#8220;100%&#8220; custom_margin=&#8220;||||false|false&#8220; custom_padding=&#8220;||8px|||&#8220; global_colors_info=&#8220;{}&#8220;]<\/p>\n<p style=\"text-align: justify;\">Ve <strong>FertilityPort Prague<\/strong> poskytujeme <strong>komplexn\u00ed gynekologickou p\u00e9\u010di i poradnu<\/strong><\/p>\n<p><strong>pro t\u011bhotn\u00e9 pacientky.<\/strong><\/p>\n<p>&nbsp;<\/p>\n<p>Co nab\u00edz\u00edme?<\/p>\n<p><strong>\u25fe \u0161pi\u010dkov\u00e9 l\u00e9ka\u0159e <\/strong>poskytuj\u00edc\u00ed komplexn\u00ed odbornou p\u00e9\u010di<\/p>\n<p><strong>\u25fe individu\u00e1ln\u00ed p\u00e9\u010di a osobn\u00ed p\u0159\u00edstup<\/strong><\/p>\n<p><strong>\u25fe <\/strong>gynekologickou ambulanci <strong>dostupnou v\u0161em \u017een\u00e1m<\/strong> &#8211; jsme smluvn\u00edm zdravotnick\u00fdm za\u0159\u00edzen\u00edm <strong>v\u0161ech \u010desk\u00fdch zdravotn\u00edch poji\u0161\u0165oven<\/strong><\/p>\n<p><strong>\u25fe modern\u00ed a diskr\u00e9tn\u00ed prost\u0159ed\u00ed na\u0161\u00ed kliniky<\/strong><\/p>\n<p><strong>\u25fe <\/strong>skv\u011blou <strong>dostupnost, kr\u00e1tkou \u010dekac\u00ed dobu<\/strong>, objedn\u00e1n\u00ed na <strong>p\u0159esn\u00fd \u010das<\/strong><\/p>\n<p><strong>\u25fe <\/strong>poskytov\u00e1n\u00ed p\u00e9\u010de tak\u00e9 zahrani\u010dn\u00edm klientk\u00e1m <strong>v r\u016fzn\u00fdch jazyc\u00edch<\/strong> (EN, DE, ITA)<\/p>\n<p>&nbsp;<\/p>\n<p>Obra\u0165te se na n\u00e1s telefonicky: 274 771 298 nebo 725 513 270, e-mailem na info@fertilityport.com nebo vypl\u0148te on-line formul\u00e1\u0159:<\/p>\n<p>&nbsp;<\/p>\n<p><strong>T\u011b\u0161\u00edme se na V\u00e1s!<\/strong><\/p>\n<p>[\/et_pb_text][\/et_pb_column][et_pb_column type=&#8220;1_5&#8243; _builder_version=&#8220;4.17.6&#8243; _module_preset=&#8220;default&#8220; global_colors_info=&#8220;{}&#8220;][\/et_pb_column][\/et_pb_row][\/et_pb_section][et_pb_section fb_built=&#8220;1&#8243; _builder_version=&#8220;4.16&#8243; background_color=&#8220;#d4a4a9&#8243; global_colors_info=&#8220;{}&#8220;][et_pb_row column_structure=&#8220;1_4,1_2,1_4&#8243; _builder_version=&#8220;4.16&#8243; global_colors_info=&#8220;{}&#8220;][et_pb_column type=&#8220;1_4&#8243; _builder_version=&#8220;4.16&#8243; global_colors_info=&#8220;{}&#8220;][\/et_pb_column][et_pb_column type=&#8220;1_2&#8243; _builder_version=&#8220;4.16&#8243; global_colors_info=&#8220;{}&#8220;][et_pb_text _builder_version=&#8220;4.16&#8243; global_colors_info=&#8220;{}&#8220;]<div class='fluentform ff-default fluentform_wrapper_4 ffs_default_wrap'><form data-form_id=\"4\" id=\"fluentform_4\" class=\"frm-fluent-form fluent_form_4 ff-el-form-top ff_form_instance_4_1 ff-form-loading form_bg ffs_default\" data-form_instance=\"ff_form_instance_4_1\" method=\"POST\" ><fieldset  style=\"border: none!important;margin: 0!important;padding: 0!important;background-color: transparent!important;box-shadow: none!important;outline: none!important; min-inline-size: 100%;\">\n                    <legend class=\"ff_screen_reader_title\" style=\"display: block; margin: 0!important;padding: 0!important;height: 0!important;text-indent: -999999px;width: 0!important;overflow:hidden;\">Contact - CZ<\/legend><input type='hidden' name='__fluent_form_embded_post_id' value='2450' \/><input type=\"hidden\" id=\"_fluentform_4_fluentformnonce\" name=\"_fluentform_4_fluentformnonce\" value=\"7b82a0c305\" \/><input type=\"hidden\" name=\"_wp_http_referer\" value=\"\/cs\/wp-json\/wp\/v2\/pages\/2450\" \/><div class='ff-el-group'><div class=\"ff-el-input--label ff-el-is-required asterisk-right\"><label for='ff_4_input_text' id='label_ff_4_input_text' aria-label=\"Jm\u00e9no\">Jm\u00e9no<\/label><\/div><div class='ff-el-input--content'><input type=\"text\" name=\"input_text\" class=\"ff-el-form-control\" placeholder=\"Vlo\u017ete jm\u00e9no\" data-name=\"input_text\" id=\"ff_4_input_text\"  aria-invalid=\"false\" aria-required=true><\/div><\/div><div class='ff-el-group'><div class=\"ff-el-input--label ff-el-is-required asterisk-right\"><label for='ff_4_email' id='label_ff_4_email' aria-label=\"Email\">Email<\/label><\/div><div class='ff-el-input--content'><input type=\"email\" name=\"email\" id=\"ff_4_email\" class=\"ff-el-form-control\" placeholder=\"Vlo\u017ete email\" data-name=\"email\"  aria-invalid=\"false\" aria-required=true><\/div><\/div><div class='ff-el-group'><div class=\"ff-el-input--label ff-el-is-required asterisk-right\"><label for='ff_4_phone' id='label_ff_4_phone' aria-label=\"Telefon\">Telefon<\/label><\/div><div class='ff-el-input--content'><input name=\"phone\" class=\"ff-el-form-control ff-el-phone ff_el_with_extended_validation\" type=\"tel\" data-name=\"phone\" id=\"ff_4_phone\" inputmode=\"tel\"  aria-invalid='false' aria-required=true><\/div><\/div><div class='ff-el-group'><div class=\"ff-el-input--label ff-el-is-required asterisk-right\"><label for='ff_4_description' id='label_ff_4_description' aria-label=\"Zpr\u00e1va\">Zpr\u00e1va<\/label><\/div><div class='ff-el-input--content'><textarea aria-required=\"true\" aria-labelledby=\"label_ff_4_description\" name=\"description\" id=\"ff_4_description\" class=\"ff-el-form-control\" placeholder=\"Vlo\u017ete zpr\u00e1vu\" rows=\"3\" cols=\"2\" data-name=\"description\" ><\/textarea><\/div><\/div><div class='ff-el-group    ff-el-input--content'><div class='ff-el-form-check ff-el-tc'><label aria-label='Terms and Conditions: Souhlas\u00edm se zpracov\u00e1n\u00edm osobn\u00edch \u00fadaj\u016f Contains 1 link. Use tab navigation to review.' class='ff-el-form-check-label ff_tc_label' for=terms-n-condition_a6e0602f689ddde6a59052e9131ef3c2><span class='ff_tc_checkbox'><input type=\"checkbox\" name=\"terms-n-condition\" class=\"ff-el-form-check-input\" data-name=\"terms-n-condition\" id=\"terms-n-condition_a6e0602f689ddde6a59052e9131ef3c2\"  value='on' aria-invalid='false' aria-required=true><\/span> <div class='ff_t_c'><p>Souhlas\u00edm se <span style=\"text-decoration: underline;color: #ffffff\"><a style=\"text-decoration: underline;color: #ffffff\" href=\"https:\/\/fertilityport.com\/cs\/gdpr\/\" target=\"_blank\" rel=\"noopener\">zpracov\u00e1n\u00edm osobn\u00edch \u00fadaj\u016f<\/a><\/span><\/p><\/div><\/label><\/div><\/div><div class='ff-el-group ff-text-left ff_submit_btn_wrapper'><button type=\"submit\" class=\"ff-btn ff-btn-submit ff-btn-md btn btn--secondary ff_btn_no_style\"  aria-label=\"Odeslat\">Odeslat<\/button><\/div><\/fieldset><\/form><div id='fluentform_4_errors' class='ff-errors-in-stack ff_form_instance_4_1 ff-form-loading_errors ff_form_instance_4_1_errors'><\/div><\/div>            <script type=\"text\/javascript\">\n                window.fluent_form_ff_form_instance_4_1 = {\"id\":\"4\",\"ajaxUrl\":\"https:\\\/\\\/fertilityport.com\\\/wp-admin\\\/admin-ajax.php\",\"settings\":{\"layout\":{\"labelPlacement\":\"top\",\"helpMessagePlacement\":\"with_label\",\"errorMessagePlacement\":\"inline\",\"asteriskPlacement\":\"asterisk-right\"},\"restrictions\":{\"denyEmptySubmission\":{\"enabled\":false}}},\"form_instance\":\"ff_form_instance_4_1\",\"form_id_selector\":\"fluentform_4\",\"rules\":{\"input_text\":{\"required\":{\"value\":true,\"message\":\"Toto pole je povinn\\u00e9.\",\"global\":false,\"global_message\":\"This field is required\"}},\"email\":{\"required\":{\"value\":true,\"message\":\"Toto pole je povinn\\u00e9.\",\"global\":false,\"global_message\":\"This field is required\"},\"email\":{\"value\":true,\"message\":\"This field must contain a valid email\",\"global\":false,\"global_message\":\"This field must contain a valid email\"}},\"phone\":{\"required\":{\"value\":true,\"message\":\"Toto pole je povinn\\u00e9.\",\"global\":false,\"global_message\":\"This field is required\"},\"valid_phone_number\":{\"value\":true,\"message\":\"Phone number is not valid\",\"global\":false,\"global_message\":\"Phone number is not valid\"}},\"description\":{\"required\":{\"value\":true,\"message\":\"Toto pole je povinn\\u00e9.\",\"global\":false,\"global_message\":\"This field is required\"}},\"terms-n-condition\":{\"required\":{\"value\":true,\"message\":\"Toto pole je povinn\\u00e9.\",\"global\":false,\"global_message\":\"This field is required\"}}},\"debounce_time\":300};\n                            <\/script>\n            [\/et_pb_text][\/et_pb_column][et_pb_column type=&#8220;1_4&#8243; _builder_version=&#8220;4.16&#8243; global_colors_info=&#8220;{}&#8220;][\/et_pb_column][\/et_pb_row][\/et_pb_section]<\/p>\n","protected":false},"excerpt":{"rendered":"<p>GYNEKOLOGICK\u00c1 AMBULANCE ve FertilityPort Prague dostupn\u00e1 komplexn\u00ed p\u00e9\u010de o \u017eensk\u00e9 zdrav\u00edVe FertilityPort Prague poskytujeme komplexn\u00ed gynekologickou p\u00e9\u010di i poradnu pro t\u011bhotn\u00e9 pacientky. &nbsp; Co nab\u00edz\u00edme? \u25fe \u0161pi\u010dkov\u00e9 l\u00e9ka\u0159e poskytuj\u00edc\u00ed komplexn\u00ed odbornou p\u00e9\u010di \u25fe individu\u00e1ln\u00ed p\u00e9\u010di a osobn\u00ed p\u0159\u00edstup \u25fe gynekologickou ambulanci dostupnou v\u0161em \u017een\u00e1m &#8211; jsme smluvn\u00edm zdravotnick\u00fdm za\u0159\u00edzen\u00edm v\u0161ech \u010desk\u00fdch zdravotn\u00edch poji\u0161\u0165oven \u25fe modern\u00ed [&hellip;]<\/p>\n","protected":false},"author":1,"featured_media":0,"parent":0,"menu_order":0,"comment_status":"closed","ping_status":"closed","template":"","meta":{"_acf_changed":false,"_et_pb_use_builder":"on","_et_pb_old_content":"","_et_gb_content_width":"","footnotes":""},"class_list":["post-2450","page","type-page","status-publish","hentry"],"acf":[],"yoast_head":"<!-- This site is optimized with the Yoast SEO plugin v27.4 - https:\/\/yoast.com\/product\/yoast-seo-wordpress\/ -->\n<title>Gynekologick\u00e1 ambulance | FertilityPort Prague<\/title>\n<meta name=\"description\" content=\"Registrujeme nov\u00e9 pacientky. Nab\u00edz\u00edme kompletn\u00ed gynekologicko-porodnickou p\u00e9\u010di. Smluvn\u00ed zdravotn\u00ed poji\u0161\u0165ovny VZP 111, OZP 207, ZP\u0160 209 a RBP 213. Objednejte se k n\u00e1m\" \/>\n<meta name=\"robots\" content=\"index, follow, max-snippet:-1, max-image-preview:large, max-video-preview:-1\" \/>\n<link rel=\"canonical\" href=\"https:\/\/fertilityport.com\/cs\/gynekologie\/\" \/>\n<meta property=\"og:locale\" content=\"cs_CZ\" \/>\n<meta property=\"og:type\" content=\"article\" \/>\n<meta property=\"og:title\" content=\"Gynekologick\u00e1 ambulance | FertilityPort Prague\" \/>\n<meta property=\"og:description\" content=\"Registrujeme nov\u00e9 pacientky. Nab\u00edz\u00edme kompletn\u00ed gynekologicko-porodnickou p\u00e9\u010di. Smluvn\u00ed zdravotn\u00ed poji\u0161\u0165ovny VZP 111, OZP 207, ZP\u0160 209 a RBP 213. Objednejte se k n\u00e1m\" \/>\n<meta property=\"og:url\" content=\"https:\/\/fertilityport.com\/cs\/gynekologie\/\" \/>\n<meta property=\"og:site_name\" content=\"FertilityPort Prague\" \/>\n<meta property=\"article:modified_time\" content=\"2023-04-05T12:46:14+00:00\" \/>\n<meta name=\"twitter:card\" content=\"summary_large_image\" \/>\n<script type=\"application\/ld+json\" class=\"yoast-schema-graph\">{\"@context\":\"https:\\\/\\\/schema.org\",\"@graph\":[{\"@type\":\"WebPage\",\"@id\":\"https:\\\/\\\/fertilityport.com\\\/cs\\\/gynekologie\\\/\",\"url\":\"https:\\\/\\\/fertilityport.com\\\/cs\\\/gynekologie\\\/\",\"name\":\"Gynekologick\u00e1 ambulance | FertilityPort Prague\",\"isPartOf\":{\"@id\":\"https:\\\/\\\/fertilityport.com\\\/#website\"},\"datePublished\":\"2020-04-20T20:01:35+00:00\",\"dateModified\":\"2023-04-05T12:46:14+00:00\",\"description\":\"Registrujeme nov\u00e9 pacientky. Nab\u00edz\u00edme kompletn\u00ed gynekologicko-porodnickou p\u00e9\u010di. Smluvn\u00ed zdravotn\u00ed poji\u0161\u0165ovny VZP 111, OZP 207, ZP\u0160 209 a RBP 213. Objednejte se k n\u00e1m\",\"breadcrumb\":{\"@id\":\"https:\\\/\\\/fertilityport.com\\\/cs\\\/gynekologie\\\/#breadcrumb\"},\"inLanguage\":\"cs\",\"potentialAction\":[{\"@type\":\"ReadAction\",\"target\":[\"https:\\\/\\\/fertilityport.com\\\/cs\\\/gynekologie\\\/\"]}]},{\"@type\":\"BreadcrumbList\",\"@id\":\"https:\\\/\\\/fertilityport.com\\\/cs\\\/gynekologie\\\/#breadcrumb\",\"itemListElement\":[{\"@type\":\"ListItem\",\"position\":1,\"name\":\"Home\",\"item\":\"https:\\\/\\\/fertilityport.com\\\/\"},{\"@type\":\"ListItem\",\"position\":2,\"name\":\"Gynekologie\"}]},{\"@type\":\"WebSite\",\"@id\":\"https:\\\/\\\/fertilityport.com\\\/#website\",\"url\":\"https:\\\/\\\/fertilityport.com\\\/\",\"name\":\"FertilityPort Prague\",\"description\":\"\",\"potentialAction\":[{\"@type\":\"SearchAction\",\"target\":{\"@type\":\"EntryPoint\",\"urlTemplate\":\"https:\\\/\\\/fertilityport.com\\\/?s={search_term_string}\"},\"query-input\":{\"@type\":\"PropertyValueSpecification\",\"valueRequired\":true,\"valueName\":\"search_term_string\"}}],\"inLanguage\":\"cs\"}]}<\/script>\n<!-- \/ Yoast SEO plugin. -->","yoast_head_json":{"title":"Gynekologick\u00e1 ambulance | FertilityPort Prague","description":"Registrujeme nov\u00e9 pacientky. Nab\u00edz\u00edme kompletn\u00ed gynekologicko-porodnickou p\u00e9\u010di. Smluvn\u00ed zdravotn\u00ed poji\u0161\u0165ovny VZP 111, OZP 207, ZP\u0160 209 a RBP 213. Objednejte se k n\u00e1m","robots":{"index":"index","follow":"follow","max-snippet":"max-snippet:-1","max-image-preview":"max-image-preview:large","max-video-preview":"max-video-preview:-1"},"canonical":"https:\/\/fertilityport.com\/cs\/gynekologie\/","og_locale":"cs_CZ","og_type":"article","og_title":"Gynekologick\u00e1 ambulance | FertilityPort Prague","og_description":"Registrujeme nov\u00e9 pacientky. Nab\u00edz\u00edme kompletn\u00ed gynekologicko-porodnickou p\u00e9\u010di. Smluvn\u00ed zdravotn\u00ed poji\u0161\u0165ovny VZP 111, OZP 207, ZP\u0160 209 a RBP 213. Objednejte se k n\u00e1m","og_url":"https:\/\/fertilityport.com\/cs\/gynekologie\/","og_site_name":"FertilityPort Prague","article_modified_time":"2023-04-05T12:46:14+00:00","twitter_card":"summary_large_image","schema":{"@context":"https:\/\/schema.org","@graph":[{"@type":"WebPage","@id":"https:\/\/fertilityport.com\/cs\/gynekologie\/","url":"https:\/\/fertilityport.com\/cs\/gynekologie\/","name":"Gynekologick\u00e1 ambulance | FertilityPort Prague","isPartOf":{"@id":"https:\/\/fertilityport.com\/#website"},"datePublished":"2020-04-20T20:01:35+00:00","dateModified":"2023-04-05T12:46:14+00:00","description":"Registrujeme nov\u00e9 pacientky. Nab\u00edz\u00edme kompletn\u00ed gynekologicko-porodnickou p\u00e9\u010di. Smluvn\u00ed zdravotn\u00ed poji\u0161\u0165ovny VZP 111, OZP 207, ZP\u0160 209 a RBP 213. Objednejte se k n\u00e1m","breadcrumb":{"@id":"https:\/\/fertilityport.com\/cs\/gynekologie\/#breadcrumb"},"inLanguage":"cs","potentialAction":[{"@type":"ReadAction","target":["https:\/\/fertilityport.com\/cs\/gynekologie\/"]}]},{"@type":"BreadcrumbList","@id":"https:\/\/fertilityport.com\/cs\/gynekologie\/#breadcrumb","itemListElement":[{"@type":"ListItem","position":1,"name":"Home","item":"https:\/\/fertilityport.com\/"},{"@type":"ListItem","position":2,"name":"Gynekologie"}]},{"@type":"WebSite","@id":"https:\/\/fertilityport.com\/#website","url":"https:\/\/fertilityport.com\/","name":"FertilityPort Prague","description":"","potentialAction":[{"@type":"SearchAction","target":{"@type":"EntryPoint","urlTemplate":"https:\/\/fertilityport.com\/?s={search_term_string}"},"query-input":{"@type":"PropertyValueSpecification","valueRequired":true,"valueName":"search_term_string"}}],"inLanguage":"cs"}]}},"_links":{"self":[{"href":"https:\/\/fertilityport.com\/cs\/wp-json\/wp\/v2\/pages\/2450","targetHints":{"allow":["GET"]}}],"collection":[{"href":"https:\/\/fertilityport.com\/cs\/wp-json\/wp\/v2\/pages"}],"about":[{"href":"https:\/\/fertilityport.com\/cs\/wp-json\/wp\/v2\/types\/page"}],"author":[{"embeddable":true,"href":"https:\/\/fertilityport.com\/cs\/wp-json\/wp\/v2\/users\/1"}],"replies":[{"embeddable":true,"href":"https:\/\/fertilityport.com\/cs\/wp-json\/wp\/v2\/comments?post=2450"}],"version-history":[{"count":26,"href":"https:\/\/fertilityport.com\/cs\/wp-json\/wp\/v2\/pages\/2450\/revisions"}],"predecessor-version":[{"id":7445,"href":"https:\/\/fertilityport.com\/cs\/wp-json\/wp\/v2\/pages\/2450\/revisions\/7445"}],"wp:attachment":[{"href":"https:\/\/fertilityport.com\/cs\/wp-json\/wp\/v2\/media?parent=2450"}],"curies":[{"name":"wp","href":"https:\/\/api.w.org\/{rel}","templated":true}]}}