{"id":2884,"date":"2020-10-22T12:36:20","date_gmt":"2020-10-22T10:36:20","guid":{"rendered":"https:\/\/fertilityport.com\/?page_id=2884"},"modified":"2023-04-17T14:13:00","modified_gmt":"2023-04-17T12:13:00","slug":"proc-u-nas","status":"publish","type":"page","link":"https:\/\/fertilityport.com\/cs\/proc-u-nas\/","title":{"rendered":"Pro\u010d u n\u00e1s"},"content":{"rendered":"<p>[et_pb_section fb_built=&#8220;1&#8243; module_class=&#8220;welcome&#8211;page welcome&#8211;page&#8211;contact&#8220; _builder_version=&#8220;4.16&#8243; background_image=&#8220;https:\/\/fertilityport.com\/wp-content\/uploads\/2020\/10\/proc_bg.jpg&#8220; background_position=&#8220;center_right&#8220; global_colors_info=&#8220;{}&#8220;][et_pb_row column_structure=&#8220;2_3,1_3&#8243; _builder_version=&#8220;4.16&#8243; global_colors_info=&#8220;{}&#8220;][et_pb_column type=&#8220;2_3&#8243; _builder_version=&#8220;4.16&#8243; global_colors_info=&#8220;{}&#8220;][et_pb_text module_class=&#8220;c_blurb&#8220; _builder_version=&#8220;4.16&#8243; global_colors_info=&#8220;{}&#8220;]<\/p>\n<h1>IVF s poji\u0161\u0165ovnou? Ano, i u n\u00e1s.<\/h1>\n<h1>IVF bez poji\u0161\u0165ovny? Nen\u00ed probl\u00e9m. \u0158e\u0161en\u00edm jsou na\u0161e v\u00fdhodn\u00e9 ceny terapi\u00ed.<\/h1>\n<p><span style=\"font-weight: 400;\"><\/span><\/p>\n<p>Jsme smluvn\u00edm zdravotnick\u00fdm za\u0159\u00edzen\u00edm p\u0159edn\u00edch zdravotn\u00edch\u00a0poji\u0161\u0165oven. Vyu\u017eijte mo\u017enost u n\u00e1s podstoupit terapii s \u00fahradou ZP.<\/p>\n<p>Nem\u00e1te ji\u017e n\u00e1rok na spolu\u00fa\u010dast poji\u0161\u0165ovny? Neztr\u00e1cejte nad\u011bji, na\u0161e ceny jsou velmi p\u0159\u00edzniv\u00e9 a V\u00e1\u0161 sen o miminku i ve vy\u0161\u0161\u00edm v\u011bku je st\u00e1le re\u00e1ln\u00fd.<\/p>\n<p>[\/et_pb_text][\/et_pb_column][et_pb_column type=&#8220;1_3&#8243; _builder_version=&#8220;4.16&#8243; global_colors_info=&#8220;{}&#8220;][\/et_pb_column][\/et_pb_row][\/et_pb_section][et_pb_section fb_built=&#8220;1&#8243; _builder_version=&#8220;4.16&#8243; global_colors_info=&#8220;{}&#8220;][et_pb_row column_structure=&#8220;3_5,2_5&#8243; _builder_version=&#8220;4.16&#8243; _module_preset=&#8220;default&#8220; global_colors_info=&#8220;{}&#8220;][et_pb_column type=&#8220;3_5&#8243; _builder_version=&#8220;4.16&#8243; _module_preset=&#8220;default&#8220; global_colors_info=&#8220;{}&#8220;][et_pb_text _builder_version=&#8220;4.20.4&#8243; _module_preset=&#8220;default&#8220; global_colors_info=&#8220;{}&#8220;]<\/p>\n<h1>Pro\u010d IVF u n\u00e1s?<\/h1>\n<p>&nbsp;<\/p>\n<ul>\n<li><strong>individu\u00e1ln\u00ed <\/strong><strong>p\u00e9\u010de<\/strong>\u00a0v\u00a0\u00fazk\u00e9m t\u00fdmu profesion\u00e1l\u016f<\/li>\n<li>men\u0161\u00ed kolektiv se zam\u011b\u0159en\u00edm na osobn\u00ed pot\u0159eby ka\u017ed\u00e9ho klienta<\/li>\n<li><strong>kr\u00e1tk\u00e1 \u010dekac\u00ed doba <\/strong>na vy\u0161et\u0159en\u00ed i terapie<\/li>\n<li><strong>modern\u00ed dopl\u0148kov\u00e9 metody<\/strong>, kter\u00e9\u00a0<strong>zvy\u0161uj\u00ed \u00fasp\u011b\u0161nost po\u010det\u00ed <\/strong>a narozen\u00ed<\/li>\n<li>mo\u017enost\u00a0<strong>genetick\u00e9ho vy\u0161et\u0159en\u00ed specialistou <\/strong>genetikem<\/li>\n<li>spolupr\u00e1ce s\u00a0klinikou \u010d\u00ednsk\u00e9 medic\u00edny, kter\u00e1 prov\u00e1d\u00ed akupunktury<\/li>\n<\/ul>\n<p>[\/et_pb_text][\/et_pb_column][et_pb_column type=&#8220;2_5&#8243; _builder_version=&#8220;4.16&#8243; _module_preset=&#8220;default&#8220; global_colors_info=&#8220;{}&#8220;][et_pb_text _builder_version=&#8220;4.16&#8243; _module_preset=&#8220;default&#8220; global_colors_info=&#8220;{}&#8220;]<strong>Poslechn\u011bte si p\u0159\u00edb\u011bh na\u0161\u00ed pacientky o jej\u00ed cest\u011b k miminku<\/strong>[\/et_pb_text][et_pb_video src=&#8220;https:\/\/youtu.be\/oLyqKsjeH8A&#8220; _builder_version=&#8220;4.16&#8243; _module_preset=&#8220;default&#8220; global_colors_info=&#8220;{}&#8220;][\/et_pb_video][\/et_pb_column][\/et_pb_row][et_pb_row _builder_version=&#8220;4.16&#8243; _module_preset=&#8220;default&#8220; global_colors_info=&#8220;{}&#8220;][et_pb_column type=&#8220;4_4&#8243; _builder_version=&#8220;4.16&#8243; _module_preset=&#8220;default&#8220; global_colors_info=&#8220;{}&#8220;][et_pb_text module_class=&#8220;table&#8211;overflow&#8220; _builder_version=&#8220;4.16&#8243; _module_preset=&#8220;default&#8220; global_colors_info=&#8220;{}&#8220;]<\/p>\n<p>&nbsp;<\/p>\n<table class=\"table table--compare table--icons\">\n<thead>\n<tr>\n<td>\n<h3>FERTILITYPORT PRAGUE<\/h3>\n<\/td>\n<td>\n<h3>Ostatn\u00ed<\/h3>\n<\/td>\n<\/tr>\n<\/thead>\n<tbody>\n<tr>\n<td>\n<p><span><img decoding=\"async\" src=\"https:\/\/fertilityport.com\/wp-content\/uploads\/2020\/11\/fertility-check.png\" alt=\"Ico\" \/><\/span><strong>Modern\u00ed<\/strong> prost\u0159ed\u00ed s rodinnou atmosf\u00e9rou<span style=\"font-size: 17px; display: inline !important;\">\u00a0<\/span><\/p>\n<\/td>\n<td><span><img decoding=\"async\" src=\"https:\/\/fertilityport.com\/wp-content\/uploads\/2020\/11\/close.png\" alt=\"Ico\" \/><\/span><strong>V\u011bt\u0161\u00ed centra s v\u011bt\u0161\u00edm po\u010dtem pacient\u016f<\/strong><\/td>\n<\/tr>\n<tr>\n<td><span><img decoding=\"async\" src=\"https:\/\/fertilityport.com\/wp-content\/uploads\/2020\/11\/fertility-check.png\" alt=\"Ico\" \/><\/span><strong>Osobn\u00ed a vysoce a individu\u00e1ln\u00ed p\u0159\u00edstup<\/strong><\/td>\n<td><span><img decoding=\"async\" src=\"https:\/\/fertilityport.com\/wp-content\/uploads\/2020\/11\/close.png\" alt=\"Ico\" \/><\/span>Sv\u011bt\u0161\u00edm po\u010dtem pacient\u016f <strong>m\u00e9n\u011b \u010dasu na jednotliv\u00e9 p\u00e1ry\u00a0<\/strong><\/td>\n<\/tr>\n<tr>\n<td><span><img decoding=\"async\" src=\"https:\/\/fertilityport.com\/wp-content\/uploads\/2020\/11\/fertility-check.png\" alt=\"Ico\" \/><\/span><strong>Vysok\u00e1 \u00fasp\u011b\u0161nost l\u00e9\u010dby<\/strong> s rostouc\u00edm trendem zac\u00edlen\u00e1 na <strong>pozitivn\u00ed v\u00fdsledek<\/strong>\u00a0<\/td>\n<td><span><img decoding=\"async\" src=\"https:\/\/fertilityport.com\/wp-content\/uploads\/2020\/11\/close.png\" alt=\"Ico\" \/><\/span><strong>Nedostatek \u010dasu <\/strong>na pl\u00e1n l\u00e9\u010dby na m\u00edru pacient\u016fm, kter\u00e1 p\u0159inese \u00fasp\u011b\u0161nost po\u010det\u00ed<\/td>\n<\/tr>\n<tr>\n<td><span><img decoding=\"async\" src=\"https:\/\/fertilityport.com\/wp-content\/uploads\/2020\/11\/fertility-check.png\" alt=\"Ico\" \/><\/span><strong>Kr\u00e1tk\u00e9<\/strong> objednac\u00ed term\u00edny<\/td>\n<td><span><img decoding=\"async\" src=\"https:\/\/fertilityport.com\/wp-content\/uploads\/2020\/11\/close.png\" alt=\"Ico\" \/><\/span><strong>\u010cekac\u00ed lh\u016fty<\/strong> na n\u011bkter\u00e9 typy terapi\u00ed<\/td>\n<\/tr>\n<tr>\n<td>\n<p><span><img decoding=\"async\" src=\"https:\/\/fertilityport.com\/wp-content\/uploads\/2020\/11\/fertility-check.png\" alt=\"Ico\" \/><\/span><strong>1000+<\/strong> spokojen\u00fdch p\u00e1r\u016f<strong><\/strong><\/p>\n<p><strong><\/strong><\/p>\n<\/td>\n<td><span><img decoding=\"async\" src=\"https:\/\/fertilityport.com\/wp-content\/uploads\/2020\/11\/close.png\" alt=\"Ico\" \/><\/span>M\u00e9n\u011b spokojen\u00e9 pacientky s nedostatkem porozum\u011bn\u00ed a citliv\u00e9ho p\u0159\u00edstupu ze strany kliniky<\/td>\n<\/tr>\n<tr>\n<td><span><img decoding=\"async\" src=\"https:\/\/fertilityport.com\/wp-content\/uploads\/2020\/11\/fertility-check.png\" alt=\"Ico\" \/><\/span><strong>\u0160pi\u010dkov\u00e9 p\u0159\u00edstrojov\u00e9 vybaven\u00ed <\/strong>a nadstandardn\u00ed terapie za p\u0159\u00edzniv\u00e9 ceny hrazen\u00e1 ze zdravotn\u00edho poji\u0161t\u011bn\u00ed<\/td>\n<td><span><img decoding=\"async\" src=\"https:\/\/fertilityport.com\/wp-content\/uploads\/2020\/11\/close.png\" alt=\"Ico\" \/><\/span>Laboratorn\u00ed dopl\u0148kov\u00e9 metody <strong>nejsou hrazeny poji\u0161\u0165ovnou<\/strong>, pacient za tyto metody \u010dasto dopl\u00e1c\u00ed vy\u0161\u0161\u00ed \u010d\u00e1stku, ne\u017e je celkov\u00e1 cena terapie ve FertilityPort Prague<\/td>\n<\/tr>\n<\/tbody>\n<\/table>\n<p>*dle platn\u00e9 legislativy omezeno pouze v\u011bkem (do 48+ let), tj. pro pacientky, kter\u00e9 nedos\u00e1hly v\u011bku 49 let.<\/p>\n<p>**\u010desk\u00e9 ZP hrad\u00ed l\u00e9\u010dbu neplodnosti od roku 2022 pacientk\u00e1m mlad\u0161\u00edm 40 let, tj. maxim\u00e1ln\u011b ve v\u011bku 39 let a 364 dn\u00ed (39+).<\/p>\n<p>&nbsp;<\/p>\n<p>[\/et_pb_text][\/et_pb_column][\/et_pb_row][\/et_pb_section][et_pb_section fb_built=&#8220;1&#8243; _builder_version=&#8220;4.16&#8243; background_image=&#8220;https:\/\/fertilityport.com\/wp-content\/uploads\/2020\/03\/socket.jpg&#8220; global_colors_info=&#8220;{}&#8220;][et_pb_row _builder_version=&#8220;4.16&#8243; global_colors_info=&#8220;{}&#8220;][et_pb_column type=&#8220;4_4&#8243; _builder_version=&#8220;4.16&#8243; global_colors_info=&#8220;{}&#8220;][\/et_pb_column][\/et_pb_row][\/et_pb_section][et_pb_section fb_built=&#8220;1&#8243; _builder_version=&#8220;4.16&#8243; background_color=&#8220;#d4a4a9&#8243; global_colors_info=&#8220;{}&#8220;][et_pb_row column_structure=&#8220;1_4,1_2,1_4&#8243; _builder_version=&#8220;4.16&#8243; global_colors_info=&#8220;{}&#8220;][et_pb_column type=&#8220;1_4&#8243; _builder_version=&#8220;4.16&#8243; global_colors_info=&#8220;{}&#8220;][\/et_pb_column][et_pb_column type=&#8220;1_2&#8243; _builder_version=&#8220;4.16&#8243; global_colors_info=&#8220;{}&#8220;][et_pb_text _builder_version=&#8220;4.17.6&#8243; global_colors_info=&#8220;{}&#8220;]<\/p>\n<div class='fluentform ff-default fluentform_wrapper_9 ffs_default_wrap'><form data-form_id=\"9\" id=\"fluentform_9\" class=\"frm-fluent-form fluent_form_9 ff-el-form-top ff_form_instance_9_1 ff-form-loading form_bg ffs_default\" data-form_instance=\"ff_form_instance_9_1\" method=\"POST\" ><fieldset  style=\"border: none!important;margin: 0!important;padding: 0!important;background-color: transparent!important;box-shadow: none!important;outline: none!important; min-inline-size: 100%;\">\n                    <legend class=\"ff_screen_reader_title\" style=\"display: block; margin: 0!important;padding: 0!important;height: 0!important;text-indent: -999999px;width: 0!important;overflow:hidden;\">Darov\u00e1n\u00ed \/ zmra\u017een\u00ed - CZ<\/legend><input type='hidden' name='__fluent_form_embded_post_id' value='2884' \/><input type=\"hidden\" id=\"_fluentform_9_fluentformnonce\" name=\"_fluentform_9_fluentformnonce\" value=\"b109f07281\" \/><input type=\"hidden\" name=\"_wp_http_referer\" value=\"\/cs\/wp-json\/wp\/v2\/pages\/2884\" \/><div class='ff-el-group'><div class=\"ff-el-input--label ff-el-is-required asterisk-right\"><label for='ff_9_input_text' id='label_ff_9_input_text' aria-label=\"Jm\u00e9no\">Jm\u00e9no<\/label><\/div><div class='ff-el-input--content'><input type=\"text\" name=\"input_text\" class=\"ff-el-form-control\" placeholder=\"Vlo\u017ete jm\u00e9no\" data-name=\"input_text\" id=\"ff_9_input_text\"  aria-invalid=\"false\" aria-required=true><\/div><\/div><div class='ff-el-group'><div class=\"ff-el-input--label ff-el-is-required asterisk-right\"><label for='ff_9_email' id='label_ff_9_email' aria-label=\"Email\">Email<\/label><\/div><div class='ff-el-input--content'><input type=\"email\" name=\"email\" id=\"ff_9_email\" class=\"ff-el-form-control\" placeholder=\"Vlo\u017ete email\" data-name=\"email\"  aria-invalid=\"false\" aria-required=true><\/div><\/div><div class='ff-el-group'><div class=\"ff-el-input--label ff-el-is-required asterisk-right\"><label for='ff_9_phone' id='label_ff_9_phone' aria-label=\"Telephone\">Telephone<\/label><\/div><div class='ff-el-input--content'><input name=\"phone\" class=\"ff-el-form-control ff-el-phone ff_el_with_extended_validation\" type=\"tel\" data-name=\"phone\" id=\"ff_9_phone\" inputmode=\"tel\"  aria-invalid='false' aria-required=true><\/div><\/div><div class='ff-el-group'><div class=\"ff-el-input--label ff-el-is-required asterisk-right\"><label for='ff_9_numeric-field' id='label_ff_9_numeric-field' aria-label=\"V\u011bk\">V\u011bk<\/label><\/div><div class='ff-el-input--content'><input type=\"number\" name=\"numeric-field\" id=\"ff_9_numeric-field\" class=\"ff-el-form-control\" placeholder=\"Zadejte sv\u016fj v\u011bk\" data-name=\"numeric-field\" inputmode=\"numeric\" step=\"any\"  aria-invalid=\"false\" aria-required=true><\/div><\/div><div class='ff-el-group'><div class=\"ff-el-input--label ff-el-is-required asterisk-right\"><label for='ff_9_description' id='label_ff_9_description' aria-label=\"Zpr\u00e1va\">Zpr\u00e1va<\/label><\/div><div class='ff-el-input--content'><textarea aria-required=\"true\" aria-labelledby=\"label_ff_9_description\" name=\"description\" id=\"ff_9_description\" class=\"ff-el-form-control\" placeholder=\"Vlo\u017ete zpr\u00e1vu\" rows=\"3\" cols=\"2\" data-name=\"description\" ><\/textarea><\/div><\/div><div class='ff-el-group    ff-el-input--content'><div class='ff-el-form-check ff-el-tc'><label aria-label='U\u017e jsem u v\u00e1s byl(a)' class='ff-el-form-check-label ff_tc_label' for=terms-n-condition_b364478b70ea0a7ab259653183b7080d><span class='ff_tc_checkbox'><input type=\"checkbox\" name=\"terms-n-condition\" class=\"ff-el-form-check-input\" data-name=\"terms-n-condition\" id=\"terms-n-condition_b364478b70ea0a7ab259653183b7080d\"  value='on' aria-invalid='false' aria-required=false><\/span> <div class='ff_t_c'><p>U\u017e jsem u v\u00e1s byl(a)<\/p><\/div><\/label><\/div><\/div><div class='ff-el-group    ff-el-input--content'><div class='ff-el-form-check ff-el-tc'><label aria-label='Terms and Conditions: Souhlas\u00edm se zpracov\u00e1n\u00edm osobn\u00edch \u00fadaj\u016f ve smyslu z\u00e1kona o ochran\u011b osobn\u00edch \u00fadaj\u016f \u010d. 110\/2019 Sb. Contains 1 link. Use tab navigation to review.' class='ff-el-form-check-label ff_tc_label' for=terms-n-condition_1_fe574430853fd846c90f46f8a40dea44><span class='ff_tc_checkbox'><input type=\"checkbox\" name=\"terms-n-condition_1\" class=\"ff-el-form-check-input\" data-name=\"terms-n-condition_1\" id=\"terms-n-condition_1_fe574430853fd846c90f46f8a40dea44\"  value='on' aria-invalid='false' aria-required=true><\/span> <div class='ff_t_c'><p>Souhlas\u00edm se<span style=\"text-decoration: underline;color: #ffffff\"> <a style=\"color: #ffffff;text-decoration: underline\" href=\"https:\/\/fertilityport.com\/cs\/gdpr\/\">zpracov\u00e1n\u00edm osobn\u00edch \u00fadaj\u016f<\/a> <\/span>ve smyslu z\u00e1kona o ochran\u011b osobn\u00edch \u00fadaj\u016f \u010d. 110\/2019 Sb.<\/p><\/div><\/label><\/div><\/div><div class='ff-el-group ff-text-left ff_submit_btn_wrapper'><button type=\"submit\" class=\"ff-btn ff-btn-submit ff-btn-md btn btn--secondary ff_btn_no_style\"  aria-label=\"Odeslat\">Odeslat<\/button><\/div><\/fieldset><\/form><div id='fluentform_9_errors' class='ff-errors-in-stack ff_form_instance_9_1 ff-form-loading_errors ff_form_instance_9_1_errors'><\/div><\/div>            <script type=\"text\/javascript\">\n                window.fluent_form_ff_form_instance_9_1 = {\"id\":\"9\",\"ajaxUrl\":\"https:\\\/\\\/fertilityport.com\\\/wp-admin\\\/admin-ajax.php\",\"settings\":{\"layout\":{\"labelPlacement\":\"top\",\"helpMessagePlacement\":\"with_label\",\"errorMessagePlacement\":\"inline\",\"asteriskPlacement\":\"asterisk-right\"},\"restrictions\":{\"denyEmptySubmission\":{\"enabled\":false}}},\"form_instance\":\"ff_form_instance_9_1\",\"form_id_selector\":\"fluentform_9\",\"rules\":{\"input_text\":{\"required\":{\"value\":true,\"message\":\"Toto pole je povinn\\u00e9.\",\"global\":false,\"global_message\":\"This field is required\"}},\"email\":{\"required\":{\"value\":true,\"message\":\"Toto pole je povinn\\u00e9.\",\"global\":false,\"global_message\":\"This field is required\"},\"email\":{\"value\":true,\"message\":\"This field must contain a valid email\",\"global\":false,\"global_message\":\"This field must contain a valid email\"}},\"phone\":{\"required\":{\"value\":true,\"message\":\"Toto pole je povinn\\u00e9.\",\"global\":false,\"global_message\":\"This field is required\"},\"valid_phone_number\":{\"value\":true,\"message\":\"Phone number is not valid\",\"global\":false,\"global_message\":\"Phone number is not valid\"}},\"numeric-field\":{\"required\":{\"value\":true,\"message\":\"Toto pole je povinn\\u00e9.\",\"global\":false,\"global_message\":\"This field is required\"},\"numeric\":{\"value\":true,\"message\":\"This field must contain numeric value\",\"global\":false,\"global_message\":\"This field must contain numeric value\"},\"min\":{\"value\":\"\",\"message\":\"Minimum value is \",\"global\":false,\"global_message\":\"Validation fails for minimum value\"},\"max\":{\"value\":\"\",\"message\":\"Maximum value is \",\"global\":false,\"global_message\":\"Validation fails for maximum value\"},\"digits\":{\"value\":\"\",\"message\":\"The number of digits has to be \",\"global\":false,\"global_message\":\"Validation fails for limited digits\"}},\"description\":{\"required\":{\"value\":true,\"message\":\"Toto pole je povinn\\u00e9.\",\"global\":false,\"global_message\":\"This field is required\"}},\"terms-n-condition\":{\"required\":{\"value\":false,\"message\":\"This field is required\",\"global\":false,\"global_message\":\"This field is required\"}},\"terms-n-condition_1\":{\"required\":{\"value\":true,\"message\":\"Toto pole je povinn\\u00e9.\",\"global\":false,\"global_message\":\"This field is required\"}}},\"debounce_time\":300};\n                            <\/script>\n            \n<p>[\/et_pb_text][\/et_pb_column][et_pb_column type=&#8220;1_4&#8243; _builder_version=&#8220;4.16&#8243; global_colors_info=&#8220;{}&#8220;][\/et_pb_column][\/et_pb_row][\/et_pb_section]<\/p>\n","protected":false},"excerpt":{"rendered":"<p>IVF s poji\u0161\u0165ovnou? Ano, i u n\u00e1s. IVF bez poji\u0161\u0165ovny? Nen\u00ed probl\u00e9m. \u0158e\u0161en\u00edm jsou na\u0161e v\u00fdhodn\u00e9 ceny terapi\u00ed. Jsme smluvn\u00edm zdravotnick\u00fdm za\u0159\u00edzen\u00edm p\u0159edn\u00edch zdravotn\u00edch\u00a0poji\u0161\u0165oven. Vyu\u017eijte mo\u017enost u n\u00e1s podstoupit terapii s \u00fahradou ZP. Nem\u00e1te ji\u017e n\u00e1rok na spolu\u00fa\u010dast poji\u0161\u0165ovny? Neztr\u00e1cejte nad\u011bji, na\u0161e ceny jsou velmi p\u0159\u00edzniv\u00e9 a V\u00e1\u0161 sen o miminku i ve vy\u0161\u0161\u00edm v\u011bku [&hellip;]<\/p>\n","protected":false},"author":1,"featured_media":0,"parent":0,"menu_order":0,"comment_status":"closed","ping_status":"closed","template":"","meta":{"_acf_changed":false,"_et_pb_use_builder":"on","_et_pb_old_content":"","_et_gb_content_width":"","footnotes":""},"class_list":["post-2884","page","type-page","status-publish","hentry"],"acf":[],"yoast_head":"<!-- This site is optimized with the Yoast SEO plugin v27.4 - https:\/\/yoast.com\/product\/yoast-seo-wordpress\/ -->\n<title>Pro\u010d u n\u00e1s - FertilityPort Prague<\/title>\n<meta name=\"description\" content=\"IVF bez poji\u0161\u0165ovny nen\u00ed probl\u00e9m. Nem\u00e1te ji\u017e n\u00e1rok na spolu\u00fa\u010dast poji\u0161\u0165ovny? Neztr\u00e1cejte nad\u011bji, na\u0161e ceny jsou velmi p\u0159\u00edzniv\u00e9 a V\u00e1\u0161 sen o miminku i ve vy\u0161\u0161\u00edm v\u011bku je st\u00e1le re\u00e1ln\u00fd.\" \/>\n<meta name=\"robots\" content=\"index, follow, max-snippet:-1, max-image-preview:large, max-video-preview:-1\" \/>\n<link rel=\"canonical\" href=\"https:\/\/fertilityport.com\/cs\/proc-u-nas\/\" \/>\n<meta property=\"og:locale\" content=\"cs_CZ\" \/>\n<meta property=\"og:type\" content=\"article\" \/>\n<meta property=\"og:title\" content=\"Pro\u010d u n\u00e1s - FertilityPort Prague\" \/>\n<meta property=\"og:description\" content=\"IVF bez poji\u0161\u0165ovny nen\u00ed probl\u00e9m. Nem\u00e1te ji\u017e n\u00e1rok na spolu\u00fa\u010dast poji\u0161\u0165ovny? Neztr\u00e1cejte nad\u011bji, na\u0161e ceny jsou velmi p\u0159\u00edzniv\u00e9 a V\u00e1\u0161 sen o miminku i ve vy\u0161\u0161\u00edm v\u011bku je st\u00e1le re\u00e1ln\u00fd.\" \/>\n<meta property=\"og:url\" content=\"https:\/\/fertilityport.com\/cs\/proc-u-nas\/\" \/>\n<meta property=\"og:site_name\" content=\"FertilityPort Prague\" \/>\n<meta property=\"article:modified_time\" content=\"2023-04-17T12:13:00+00:00\" \/>\n<meta property=\"og:image\" content=\"https:\/\/fertilityport.com\/wp-content\/uploads\/2020\/11\/fertility-check.png\" \/>\n<meta name=\"twitter:card\" content=\"summary_large_image\" \/>\n<meta name=\"twitter:label1\" content=\"Odhadovan\u00e1 doba \u010dten\u00ed\" \/>\n\t<meta name=\"twitter:data1\" content=\"7 minut\" \/>\n<script type=\"application\/ld+json\" class=\"yoast-schema-graph\">{\"@context\":\"https:\\\/\\\/schema.org\",\"@graph\":[{\"@type\":\"WebPage\",\"@id\":\"https:\\\/\\\/fertilityport.com\\\/cs\\\/proc-u-nas\\\/\",\"url\":\"https:\\\/\\\/fertilityport.com\\\/cs\\\/proc-u-nas\\\/\",\"name\":\"Pro\u010d u n\u00e1s - FertilityPort Prague\",\"isPartOf\":{\"@id\":\"https:\\\/\\\/fertilityport.com\\\/#website\"},\"primaryImageOfPage\":{\"@id\":\"https:\\\/\\\/fertilityport.com\\\/cs\\\/proc-u-nas\\\/#primaryimage\"},\"image\":{\"@id\":\"https:\\\/\\\/fertilityport.com\\\/cs\\\/proc-u-nas\\\/#primaryimage\"},\"thumbnailUrl\":\"https:\\\/\\\/fertilityport.com\\\/wp-content\\\/uploads\\\/2020\\\/11\\\/fertility-check.png\",\"datePublished\":\"2020-10-22T10:36:20+00:00\",\"dateModified\":\"2023-04-17T12:13:00+00:00\",\"description\":\"IVF bez poji\u0161\u0165ovny nen\u00ed probl\u00e9m. Nem\u00e1te ji\u017e n\u00e1rok na spolu\u00fa\u010dast poji\u0161\u0165ovny? Neztr\u00e1cejte nad\u011bji, na\u0161e ceny jsou velmi p\u0159\u00edzniv\u00e9 a V\u00e1\u0161 sen o miminku i ve vy\u0161\u0161\u00edm v\u011bku je st\u00e1le re\u00e1ln\u00fd.\",\"breadcrumb\":{\"@id\":\"https:\\\/\\\/fertilityport.com\\\/cs\\\/proc-u-nas\\\/#breadcrumb\"},\"inLanguage\":\"cs\",\"potentialAction\":[{\"@type\":\"ReadAction\",\"target\":[\"https:\\\/\\\/fertilityport.com\\\/cs\\\/proc-u-nas\\\/\"]}]},{\"@type\":\"ImageObject\",\"inLanguage\":\"cs\",\"@id\":\"https:\\\/\\\/fertilityport.com\\\/cs\\\/proc-u-nas\\\/#primaryimage\",\"url\":\"https:\\\/\\\/fertilityport.com\\\/wp-content\\\/uploads\\\/2020\\\/11\\\/fertility-check.png\",\"contentUrl\":\"https:\\\/\\\/fertilityport.com\\\/wp-content\\\/uploads\\\/2020\\\/11\\\/fertility-check.png\"},{\"@type\":\"BreadcrumbList\",\"@id\":\"https:\\\/\\\/fertilityport.com\\\/cs\\\/proc-u-nas\\\/#breadcrumb\",\"itemListElement\":[{\"@type\":\"ListItem\",\"position\":1,\"name\":\"Home\",\"item\":\"https:\\\/\\\/fertilityport.com\\\/\"},{\"@type\":\"ListItem\",\"position\":2,\"name\":\"Pro\u010d u n\u00e1s\"}]},{\"@type\":\"WebSite\",\"@id\":\"https:\\\/\\\/fertilityport.com\\\/#website\",\"url\":\"https:\\\/\\\/fertilityport.com\\\/\",\"name\":\"FertilityPort Prague\",\"description\":\"\",\"potentialAction\":[{\"@type\":\"SearchAction\",\"target\":{\"@type\":\"EntryPoint\",\"urlTemplate\":\"https:\\\/\\\/fertilityport.com\\\/?s={search_term_string}\"},\"query-input\":{\"@type\":\"PropertyValueSpecification\",\"valueRequired\":true,\"valueName\":\"search_term_string\"}}],\"inLanguage\":\"cs\"}]}<\/script>\n<!-- \/ Yoast SEO plugin. -->","yoast_head_json":{"title":"Pro\u010d u n\u00e1s - FertilityPort Prague","description":"IVF bez poji\u0161\u0165ovny nen\u00ed probl\u00e9m. Nem\u00e1te ji\u017e n\u00e1rok na spolu\u00fa\u010dast poji\u0161\u0165ovny? Neztr\u00e1cejte nad\u011bji, na\u0161e ceny jsou velmi p\u0159\u00edzniv\u00e9 a V\u00e1\u0161 sen o miminku i ve vy\u0161\u0161\u00edm v\u011bku je st\u00e1le re\u00e1ln\u00fd.","robots":{"index":"index","follow":"follow","max-snippet":"max-snippet:-1","max-image-preview":"max-image-preview:large","max-video-preview":"max-video-preview:-1"},"canonical":"https:\/\/fertilityport.com\/cs\/proc-u-nas\/","og_locale":"cs_CZ","og_type":"article","og_title":"Pro\u010d u n\u00e1s - FertilityPort Prague","og_description":"IVF bez poji\u0161\u0165ovny nen\u00ed probl\u00e9m. Nem\u00e1te ji\u017e n\u00e1rok na spolu\u00fa\u010dast poji\u0161\u0165ovny? Neztr\u00e1cejte nad\u011bji, na\u0161e ceny jsou velmi p\u0159\u00edzniv\u00e9 a V\u00e1\u0161 sen o miminku i ve vy\u0161\u0161\u00edm v\u011bku je st\u00e1le re\u00e1ln\u00fd.","og_url":"https:\/\/fertilityport.com\/cs\/proc-u-nas\/","og_site_name":"FertilityPort Prague","article_modified_time":"2023-04-17T12:13:00+00:00","og_image":[{"url":"https:\/\/fertilityport.com\/wp-content\/uploads\/2020\/11\/fertility-check.png","type":"","width":"","height":""}],"twitter_card":"summary_large_image","twitter_misc":{"Odhadovan\u00e1 doba \u010dten\u00ed":"7 minut"},"schema":{"@context":"https:\/\/schema.org","@graph":[{"@type":"WebPage","@id":"https:\/\/fertilityport.com\/cs\/proc-u-nas\/","url":"https:\/\/fertilityport.com\/cs\/proc-u-nas\/","name":"Pro\u010d u n\u00e1s - FertilityPort Prague","isPartOf":{"@id":"https:\/\/fertilityport.com\/#website"},"primaryImageOfPage":{"@id":"https:\/\/fertilityport.com\/cs\/proc-u-nas\/#primaryimage"},"image":{"@id":"https:\/\/fertilityport.com\/cs\/proc-u-nas\/#primaryimage"},"thumbnailUrl":"https:\/\/fertilityport.com\/wp-content\/uploads\/2020\/11\/fertility-check.png","datePublished":"2020-10-22T10:36:20+00:00","dateModified":"2023-04-17T12:13:00+00:00","description":"IVF bez poji\u0161\u0165ovny nen\u00ed probl\u00e9m. Nem\u00e1te ji\u017e n\u00e1rok na spolu\u00fa\u010dast poji\u0161\u0165ovny? Neztr\u00e1cejte nad\u011bji, na\u0161e ceny jsou velmi p\u0159\u00edzniv\u00e9 a V\u00e1\u0161 sen o miminku i ve vy\u0161\u0161\u00edm v\u011bku je st\u00e1le re\u00e1ln\u00fd.","breadcrumb":{"@id":"https:\/\/fertilityport.com\/cs\/proc-u-nas\/#breadcrumb"},"inLanguage":"cs","potentialAction":[{"@type":"ReadAction","target":["https:\/\/fertilityport.com\/cs\/proc-u-nas\/"]}]},{"@type":"ImageObject","inLanguage":"cs","@id":"https:\/\/fertilityport.com\/cs\/proc-u-nas\/#primaryimage","url":"https:\/\/fertilityport.com\/wp-content\/uploads\/2020\/11\/fertility-check.png","contentUrl":"https:\/\/fertilityport.com\/wp-content\/uploads\/2020\/11\/fertility-check.png"},{"@type":"BreadcrumbList","@id":"https:\/\/fertilityport.com\/cs\/proc-u-nas\/#breadcrumb","itemListElement":[{"@type":"ListItem","position":1,"name":"Home","item":"https:\/\/fertilityport.com\/"},{"@type":"ListItem","position":2,"name":"Pro\u010d u n\u00e1s"}]},{"@type":"WebSite","@id":"https:\/\/fertilityport.com\/#website","url":"https:\/\/fertilityport.com\/","name":"FertilityPort Prague","description":"","potentialAction":[{"@type":"SearchAction","target":{"@type":"EntryPoint","urlTemplate":"https:\/\/fertilityport.com\/?s={search_term_string}"},"query-input":{"@type":"PropertyValueSpecification","valueRequired":true,"valueName":"search_term_string"}}],"inLanguage":"cs"}]}},"_links":{"self":[{"href":"https:\/\/fertilityport.com\/cs\/wp-json\/wp\/v2\/pages\/2884","targetHints":{"allow":["GET"]}}],"collection":[{"href":"https:\/\/fertilityport.com\/cs\/wp-json\/wp\/v2\/pages"}],"about":[{"href":"https:\/\/fertilityport.com\/cs\/wp-json\/wp\/v2\/types\/page"}],"author":[{"embeddable":true,"href":"https:\/\/fertilityport.com\/cs\/wp-json\/wp\/v2\/users\/1"}],"replies":[{"embeddable":true,"href":"https:\/\/fertilityport.com\/cs\/wp-json\/wp\/v2\/comments?post=2884"}],"version-history":[{"count":36,"href":"https:\/\/fertilityport.com\/cs\/wp-json\/wp\/v2\/pages\/2884\/revisions"}],"predecessor-version":[{"id":7492,"href":"https:\/\/fertilityport.com\/cs\/wp-json\/wp\/v2\/pages\/2884\/revisions\/7492"}],"wp:attachment":[{"href":"https:\/\/fertilityport.com\/cs\/wp-json\/wp\/v2\/media?parent=2884"}],"curies":[{"name":"wp","href":"https:\/\/api.w.org\/{rel}","templated":true}]}}