{"id":3134,"date":"2020-11-04T14:57:48","date_gmt":"2020-11-04T13:57:48","guid":{"rendered":"https:\/\/fertilityport.com\/?page_id=3134"},"modified":"2021-09-29T17:17:37","modified_gmt":"2021-09-29T15:17:37","slug":"specialni-nabidka","status":"publish","type":"page","link":"https:\/\/fertilityport.com\/cs\/specialni-nabidka\/","title":{"rendered":"Speci\u00e1ln\u00ed nab\u00eddka"},"content":{"rendered":"<p>[et_pb_section fb_built=&#8220;1&#8243; module_class=&#8220;welcome&#8211;page welcome&#8211;page&#8211;contact&#8220; _builder_version=&#8220;4.6.1&#8243; background_image=&#8220;https:\/\/fertilityport.com\/wp-content\/uploads\/2020\/10\/proc_bg.jpg&#8220; background_position=&#8220;center_right&#8220;][et_pb_row column_structure=&#8220;2_3,1_3&#8243; _builder_version=&#8220;4.4.0&#8243;][et_pb_column type=&#8220;2_3&#8243; _builder_version=&#8220;4.4.0&#8243;][et_pb_text module_class=&#8220;c_blurb&#8220; _builder_version=&#8220;4.6.1&#8243;]<\/p>\n<h1>SPECI\u00c1LN\u00cd NAB\u00cdDKA &#8211; Nyn\u00ed ZDARMA Konzultace s l\u00e9ka\u0159em, Embryo Scope+\u00a0a Mikrofluidn\u00ed \u010dipy<\/h1>\n<ul>\n<li>IVF bez poji\u0161\u0165ovny nen\u00ed probl\u00e9m. \u0158e\u0161en\u00edm jsou na\u0161e v\u00fdhodn\u00e9 ceny terapi\u00ed.<\/li>\n<li>Nem\u00e1te ji\u017e n\u00e1rok na spolu\u00fa\u010dast poji\u0161\u0165ovny? Neztr\u00e1cejte nad\u011bji, na\u0161e ceny jsou velmi p\u0159\u00edzniv\u00e9 a V\u00e1\u0161 sen o miminku i ve vy\u0161\u0161\u00edm v\u011bku je st\u00e1le re\u00e1ln\u00fd.<\/li>\n<li>Nyn\u00ed ZDARMA: Konzultace s l\u00e9ka\u0159em, Embryo Scope+, Mikrofluidn\u00ed \u010dipy<\/li>\n<\/ul>\n<p>[\/et_pb_text][\/et_pb_column][et_pb_column type=&#8220;1_3&#8243; _builder_version=&#8220;4.4.0&#8243;][\/et_pb_column][\/et_pb_row][\/et_pb_section][et_pb_section fb_built=&#8220;1&#8243; _builder_version=&#8220;4.4.0&#8243;][et_pb_row column_structure=&#8220;3_5,2_5&#8243; _builder_version=&#8220;4.6.1&#8243; _module_preset=&#8220;default&#8220;][et_pb_column type=&#8220;3_5&#8243; _builder_version=&#8220;4.6.1&#8243; _module_preset=&#8220;default&#8220;][et_pb_text _builder_version=&#8220;4.6.1&#8243; _module_preset=&#8220;default&#8220;]<\/p>\n<p><span style=\"font-weight: 400;\">Je V\u00e1m v\u00edce ne\u017e 39 let, tak\u017ee u\u017e nem\u00e1te n\u00e1rok na spolu\u00fa\u010dast poji\u0161\u0165ovny p\u0159i hrazen\u00ed cyklu IVF? Nebo spl\u0148ujete v\u011bkovou hranici, ale m\u00e1te vy\u010derpan\u00e9 v\u0161echny pokusy hrazen\u00e9 poji\u0161\u0165ovnou?<\/span><\/p>\n<p><span style=\"font-weight: 400;\">Cesta k vytou\u017een\u00e9mu miminku nekon\u010d\u00ed! Na\u0161i l\u00e9ka\u0159i maj\u00ed spoustu zku\u0161enost\u00ed s l\u00e9\u010dbou pacientek vy\u0161\u0161\u00edho v\u011bku, m\u00e1te tedy \u0161anci na \u00fasp\u011bch.<\/span><\/p>\n<p><span style=\"font-weight: 400;\">L\u00e9\u010dba neplodnosti pro takzvan\u00e9 \u201esamopl\u00e1tkyn\u011b\u201c nab\u00edz\u00ed neomezen\u00fd po\u010det terapi\u00ed, a nav\u00edc nen\u00ed cenov\u011b nedostupn\u00e1. Mnohdy je v\u00fdsledn\u00e1 cena u samopl\u00e1tky\u0148 ni\u017e\u0161\u00ed ne\u017e p\u0159i \u00fa\u010dasti poji\u0161\u0165ovny. Jak je to mo\u017en\u00e9? Poji\u0161\u0165ovny toti\u017e hrad\u00ed pouze z\u00e1kladn\u00ed cenu terapie. Ve\u0161ker\u00e9 dal\u0161\u00ed nutn\u00e9 laboratorn\u00ed metody, a d\u00e1le i vedlej\u0161\u00ed metody ur\u010den\u00e9 ke zv\u00fd\u0161en\u00ed procenta \u00fasp\u011b\u0161nosti l\u00e9\u010dby, V\u00e1m ka\u017ed\u00e9 centrum na\u00fa\u010dtuje zvl\u00e1\u0161\u0165!<\/span><\/p>\n<p><span style=\"font-weight: 400;\">Kone\u010dn\u00e1 \u010d\u00e1stka pak m\u016f\u017ee b\u00fdt vy\u0161\u0161\u00ed, ne\u017e jste p\u0159edpokl\u00e1dala. My naopak poskytujeme bal\u00ed\u010dky terapi\u00ed (<\/span><a href=\"https:\/\/fertilityport.com\/wp-content\/uploads\/2020\/10\/FERTILITYPORT-CENI%CC%81K-web-CZ-2020.pdf\" target=\"_blank\" rel=\"noopener noreferrer\"><span style=\"font-weight: 400;\">cen\u00edk<\/span><\/a><span style=\"font-weight: 400;\">), ve kter\u00fdch jsou laboratorn\u00ed metody ji\u017e zahrnut\u00e9 v cen\u011b.<\/span><\/p>\n<p><span style=\"font-weight: 400;\">Vyberte si centrum asistovan\u00e9 reprodukce podle referenc\u00ed, slu\u017eeb a profesionality l\u00e9ka\u0159\u016f, ne podle po\u010dtu nasmlouvan\u00fdch poji\u0161\u0165oven. Nab\u00edz\u00edme V\u00e1m kvalitu, zku\u0161enosti, vysokou \u00fasp\u011b\u0161nost a individu\u00e1ln\u00ed p\u0159\u00edstup, to jsou z\u00e1sady, kter\u00fdch se ve FertilityPort Prague dr\u017e\u00edme.<\/span><\/p>\n<p><span style=\"font-weight: 400;\">Na\u0161e ceny jsou jedny z nejv\u00fdhodn\u011bj\u0161\u00edch v Praze. Nahl\u00e9dn\u011bte do na\u0161eho <a href=\"https:\/\/fertilityport.com\/wp-content\/uploads\/2022\/02\/Cenik-2022-FPP-CZ-1.pdf\" target=\"_blank\" rel=\"noopener noreferrer\">cen\u00edku<\/a>, nebo si prohl\u00e9dn\u011bte ilustra\u010dn\u00ed srovn\u00e1vac\u00ed tabulku, kde naleznete v\u00fdhody samopl\u00e1tky\u0148 ve FertilityPort Prague.<\/span><\/p>\n<p><span style=\"font-weight: 400;\">R\u00e1di s V\u00e1mi prodiskutujeme mo\u017enosti l\u00e9\u010dby tak, aby byla Va\u0161e terapie \u00fasp\u011b\u0161n\u00e1.<\/span><\/p>\n<p>[\/et_pb_text][\/et_pb_column][et_pb_column type=&#8220;2_5&#8243; _builder_version=&#8220;4.6.1&#8243; _module_preset=&#8220;default&#8220;][et_pb_text _builder_version=&#8220;4.6.1&#8243; _module_preset=&#8220;default&#8220;]<strong>Poslechn\u011bte si p\u0159\u00edb\u011bh na\u0161\u00ed pacientky o jej\u00ed cest\u011b k miminku<\/strong>[\/et_pb_text][et_pb_video src=&#8220;https:\/\/youtu.be\/oLyqKsjeH8A&#8220; _builder_version=&#8220;4.6.1&#8243; _module_preset=&#8220;default&#8220;][\/et_pb_video][\/et_pb_column][\/et_pb_row][et_pb_row _builder_version=&#8220;4.6.1&#8243; _module_preset=&#8220;default&#8220;][et_pb_column type=&#8220;4_4&#8243; _builder_version=&#8220;4.6.1&#8243; _module_preset=&#8220;default&#8220;][et_pb_text _builder_version=&#8220;4.9.10&#8243; _module_preset=&#8220;default&#8220; text_text_color=&#8220;#b7929e&#8220; text_orientation=&#8220;center&#8220; hover_enabled=&#8220;0&#8243; sticky_enabled=&#8220;0&#8243;]<\/p>\n<p><strong>Konzultace ZDARMA s na\u0161\u00edm l\u00e9ka\u0159em, ZDARMA Embryo Scope+\u00a0 a ZDARMA<em>\u00a0<\/em>Mikrofluidn\u00ed \u010dipy ke v\u0161em typ\u016fm terapie.<\/strong><strong>\u00a0<\/strong><\/p>\n<p><strong><em>Pom\u016f\u017eeme V\u00e1m st\u00e1t se rodinou&#8230;<\/em><\/strong><\/p>\n<p>[\/et_pb_text][\/et_pb_column][\/et_pb_row][et_pb_row _builder_version=&#8220;4.6.1&#8243; _module_preset=&#8220;default&#8220;][et_pb_column type=&#8220;4_4&#8243; _builder_version=&#8220;4.6.1&#8243; _module_preset=&#8220;default&#8220;][et_pb_text module_class=&#8220;table&#8211;overflow&#8220; _builder_version=&#8220;4.6.1&#8243; _module_preset=&#8220;default&#8220;]<\/p>\n<table class=\"table table--compare table--icons\">\n<thead>\n<tr>\n<td>\n<h3>FERTILITYPORT PRAGUE<\/h3>\n<p>(IVF bez poji\u0161\u0165oven)<\/td>\n<td>\n<h3>Ostatn\u00ed<\/h3>\n<p>IVF terapie hrazen\u00e9 poji\u0161\u0165ovnou<\/td>\n<\/tr>\n<\/thead>\n<tbody>\n<tr>\n<td><span><img decoding=\"async\" src=\"https:\/\/fertilityport.com\/wp-content\/uploads\/2020\/11\/fertility-check.png\" alt=\"Ico\"><\/span><\/span><strong>Neomezen\u00fd<\/strong> po\u010det terapi\u00ed*<\/td>\n<td><span><img decoding=\"async\" src=\"https:\/\/fertilityport.com\/wp-content\/uploads\/2020\/11\/close.png\" alt=\"Ico\"><\/span>4 terapie s podm\u00ednkou, \u017ee <strong>p\u0159i prvn\u00edch dvou mus\u00ed b\u00fdt \u010derstv\u00fd ET jednoho embrya<\/strong><\/td>\n<\/tr>\n<tr>\n<td><span><img decoding=\"async\" src=\"https:\/\/fertilityport.com\/wp-content\/uploads\/2020\/11\/fertility-check.png\" alt=\"Ico\"><\/span><strong>Centrum s rodinnou atmosf\u00e9rou, maxim\u00e1ln\u00ed zachov\u00e1n\u00ed kvalitn\u00ed p\u00e9\u010de a individu\u00e1ln\u00edho p\u0159\u00edstupu<\/strong><\/td>\n<td><span><img decoding=\"async\" src=\"https:\/\/fertilityport.com\/wp-content\/uploads\/2020\/11\/close.png\" alt=\"Ico\"><\/span><strong>V\u011bt\u0161\u00ed centra s v\u011bt\u0161\u00edm po\u010dtem pacient\u016f<\/strong><\/td>\n<\/tr>\n<tr>\n<td><span><img decoding=\"async\" src=\"https:\/\/fertilityport.com\/wp-content\/uploads\/2020\/11\/fertility-check.png\" alt=\"Ico\"><\/span><strong>Nulov\u00e1 \u010dekac\u00ed lh\u016fta<\/strong> p\u0159i objedn\u00e1n\u00ed a zah\u00e1jen\u00ed terapie<\/td>\n<td><span><img decoding=\"async\" src=\"https:\/\/fertilityport.com\/wp-content\/uploads\/2020\/11\/close.png\" alt=\"Ico\"><\/span><strong>\u010cekac\u00ed lh\u016fty<\/strong> na n\u011bkter\u00e9 typy terapi\u00ed<\/td>\n<\/tr>\n<tr>\n<td><span><img decoding=\"async\" src=\"https:\/\/fertilityport.com\/wp-content\/uploads\/2020\/11\/fertility-check.png\" alt=\"Ico\"><\/span>Po\u010det transferovan\u00fdch embry\u00ed <strong>neovliv\u0148uje<\/strong> po\u010det zb\u00fdvaj\u00edc\u00edch pokus\u016f<\/td>\n<td><span><img decoding=\"async\" src=\"https:\/\/fertilityport.com\/wp-content\/uploads\/2020\/11\/close.png\" alt=\"Ico\"><\/span>Po\u010det transferovan\u00fdch embry\u00ed <strong>ovliv\u0148uje<\/strong> po\u010det zb\u00fdvaj\u00edc\u00edch pokus\u016f<\/td>\n<\/tr>\n<tr>\n<td><span><img decoding=\"async\" src=\"https:\/\/fertilityport.com\/wp-content\/uploads\/2020\/11\/fertility-check.png\" alt=\"Ico\"><\/span>Mo\u017enost terapie do <strong>48+ let<\/strong><\/td>\n<td><span><img decoding=\"async\" src=\"https:\/\/fertilityport.com\/wp-content\/uploads\/2020\/11\/close.png\" alt=\"Ico\"><\/span>Mo\u017enost terapie do <strong>38+ let<\/strong><\/td>\n<\/tr>\n<tr>\n<td><span><img decoding=\"async\" src=\"https:\/\/fertilityport.com\/wp-content\/uploads\/2020\/11\/fertility-check.png\" alt=\"Ico\"><\/span>Ve\u0161ker\u00e9 laboratorn\u00ed dopl\u0148kov\u00e9 metody <strong>sou\u010d\u00e1st\u00ed ceny bal\u00ed\u010dku<\/strong><\/td>\n<td><span><img decoding=\"async\" src=\"https:\/\/fertilityport.com\/wp-content\/uploads\/2020\/11\/close.png\" alt=\"Ico\"><\/span>Laboratorn\u00ed dopl\u0148kov\u00e9 metody <strong>nejsou hrazeny poji\u0161\u0165ovnou<\/strong>, pacient za tyto metody \u010dasto dopl\u00e1c\u00ed vy\u0161\u0161\u00ed \u010d\u00e1stku, ne\u017e je celkov\u00e1 cena terapie ve FertilityPort Prague<\/td>\n<\/tr>\n<\/tbody>\n<\/table>\n<p>*dle platn\u00e9 legislativy omezeno pouze v\u011bkem (do 48+ let)[\/et_pb_text][\/et_pb_column][\/et_pb_row][\/et_pb_section][et_pb_section fb_built=&#8220;1&#8243; _builder_version=&#8220;4.4.0&#8243; background_image=&#8220;https:\/\/fertilityport.com\/wp-content\/uploads\/2020\/03\/socket.jpg&#8220;][et_pb_row _builder_version=&#8220;4.4.0&#8243;][et_pb_column type=&#8220;4_4&#8243; _builder_version=&#8220;4.4.0&#8243;][\/et_pb_column][\/et_pb_row][\/et_pb_section][et_pb_section fb_built=&#8220;1&#8243; _builder_version=&#8220;4.4.0&#8243; background_color=&#8220;#d4a4a9&#8243;][et_pb_row column_structure=&#8220;1_4,1_2,1_4&#8243; _builder_version=&#8220;4.4.0&#8243;][et_pb_column type=&#8220;1_4&#8243; _builder_version=&#8220;4.4.0&#8243;][\/et_pb_column][et_pb_column type=&#8220;1_2&#8243; _builder_version=&#8220;4.4.0&#8243;][et_pb_text _builder_version=&#8220;4.6.1&#8243;][contact-form-7 id=&#8220;3433&#8243; title=&#8220;CZ &#8211; Speci\u00e1ln\u00ed nab\u00eddka&#8220;][\/et_pb_text][\/et_pb_column][et_pb_column type=&#8220;1_4&#8243; _builder_version=&#8220;4.4.0&#8243;][\/et_pb_column][\/et_pb_row][\/et_pb_section]<\/p>\n","protected":false},"excerpt":{"rendered":"<p>SPECI\u00c1LN\u00cd NAB\u00cdDKA &#8211; Nyn\u00ed ZDARMA Konzultace s l\u00e9ka\u0159em, Embryo Scope+\u00a0a Mikrofluidn\u00ed \u010dipy IVF bez poji\u0161\u0165ovny nen\u00ed probl\u00e9m. \u0158e\u0161en\u00edm jsou na\u0161e v\u00fdhodn\u00e9 ceny terapi\u00ed. Nem\u00e1te ji\u017e n\u00e1rok na spolu\u00fa\u010dast poji\u0161\u0165ovny? Neztr\u00e1cejte nad\u011bji, na\u0161e ceny jsou velmi p\u0159\u00edzniv\u00e9 a V\u00e1\u0161 sen o miminku i ve vy\u0161\u0161\u00edm v\u011bku je st\u00e1le re\u00e1ln\u00fd. Nyn\u00ed ZDARMA: Konzultace s l\u00e9ka\u0159em, Embryo Scope+, [&hellip;]<\/p>\n","protected":false},"author":1,"featured_media":0,"parent":0,"menu_order":0,"comment_status":"closed","ping_status":"closed","template":"","meta":{"_acf_changed":false,"_et_pb_use_builder":"on","_et_pb_old_content":"","_et_gb_content_width":"","footnotes":""},"class_list":["post-3134","page","type-page","status-publish","hentry"],"acf":[],"yoast_head":"<!-- This site is optimized with the Yoast SEO plugin v27.3 - https:\/\/yoast.com\/product\/yoast-seo-wordpress\/ -->\n<title>Speci\u00e1ln\u00ed nab\u00eddka | FertilityPort Prague<\/title>\n<meta name=\"description\" content=\"IVF bez poji\u0161\u0165ovny nen\u00ed probl\u00e9m. Nem\u00e1te ji\u017e n\u00e1rok na spolu\u00fa\u010dast poji\u0161\u0165ovny? Neztr\u00e1cejte nad\u011bji, na\u0161e ceny jsou velmi p\u0159\u00edzniv\u00e9 a V\u00e1\u0161 sen o miminku i ve vy\u0161\u0161\u00edm v\u011bku je st\u00e1le re\u00e1ln\u00fd.\" \/>\n<meta name=\"robots\" content=\"index, follow, max-snippet:-1, max-image-preview:large, max-video-preview:-1\" \/>\n<link rel=\"canonical\" href=\"https:\/\/fertilityport.com\/cs\/specialni-nabidka\/\" \/>\n<meta property=\"og:locale\" content=\"cs_CZ\" \/>\n<meta property=\"og:type\" content=\"article\" \/>\n<meta property=\"og:title\" content=\"Speci\u00e1ln\u00ed nab\u00eddka | FertilityPort Prague\" \/>\n<meta property=\"og:description\" content=\"IVF bez poji\u0161\u0165ovny nen\u00ed probl\u00e9m. Nem\u00e1te ji\u017e n\u00e1rok na spolu\u00fa\u010dast poji\u0161\u0165ovny? Neztr\u00e1cejte nad\u011bji, na\u0161e ceny jsou velmi p\u0159\u00edzniv\u00e9 a V\u00e1\u0161 sen o miminku i ve vy\u0161\u0161\u00edm v\u011bku je st\u00e1le re\u00e1ln\u00fd.\" \/>\n<meta property=\"og:url\" content=\"https:\/\/fertilityport.com\/cs\/specialni-nabidka\/\" \/>\n<meta property=\"og:site_name\" content=\"FertilityPort Prague\" \/>\n<meta property=\"article:modified_time\" content=\"2021-09-29T15:17:37+00:00\" \/>\n<meta property=\"og:image\" content=\"https:\/\/fertilityport.com\/wp-content\/uploads\/2020\/11\/fertility-check.png\" \/>\n<meta name=\"twitter:card\" content=\"summary_large_image\" \/>\n<meta name=\"twitter:label1\" content=\"Odhadovan\u00e1 doba \u010dten\u00ed\" \/>\n\t<meta name=\"twitter:data1\" content=\"5 minut\" \/>\n<script type=\"application\/ld+json\" class=\"yoast-schema-graph\">{\"@context\":\"https:\\\/\\\/schema.org\",\"@graph\":[{\"@type\":\"WebPage\",\"@id\":\"https:\\\/\\\/fertilityport.com\\\/cs\\\/specialni-nabidka\\\/\",\"url\":\"https:\\\/\\\/fertilityport.com\\\/cs\\\/specialni-nabidka\\\/\",\"name\":\"Speci\u00e1ln\u00ed nab\u00eddka | FertilityPort Prague\",\"isPartOf\":{\"@id\":\"https:\\\/\\\/fertilityport.com\\\/#website\"},\"primaryImageOfPage\":{\"@id\":\"https:\\\/\\\/fertilityport.com\\\/cs\\\/specialni-nabidka\\\/#primaryimage\"},\"image\":{\"@id\":\"https:\\\/\\\/fertilityport.com\\\/cs\\\/specialni-nabidka\\\/#primaryimage\"},\"thumbnailUrl\":\"https:\\\/\\\/fertilityport.com\\\/wp-content\\\/uploads\\\/2020\\\/11\\\/fertility-check.png\",\"datePublished\":\"2020-11-04T13:57:48+00:00\",\"dateModified\":\"2021-09-29T15:17:37+00:00\",\"description\":\"IVF bez poji\u0161\u0165ovny nen\u00ed probl\u00e9m. Nem\u00e1te ji\u017e n\u00e1rok na spolu\u00fa\u010dast poji\u0161\u0165ovny? Neztr\u00e1cejte nad\u011bji, na\u0161e ceny jsou velmi p\u0159\u00edzniv\u00e9 a V\u00e1\u0161 sen o miminku i ve vy\u0161\u0161\u00edm v\u011bku je st\u00e1le re\u00e1ln\u00fd.\",\"breadcrumb\":{\"@id\":\"https:\\\/\\\/fertilityport.com\\\/cs\\\/specialni-nabidka\\\/#breadcrumb\"},\"inLanguage\":\"cs\",\"potentialAction\":[{\"@type\":\"ReadAction\",\"target\":[\"https:\\\/\\\/fertilityport.com\\\/cs\\\/specialni-nabidka\\\/\"]}]},{\"@type\":\"ImageObject\",\"inLanguage\":\"cs\",\"@id\":\"https:\\\/\\\/fertilityport.com\\\/cs\\\/specialni-nabidka\\\/#primaryimage\",\"url\":\"https:\\\/\\\/fertilityport.com\\\/wp-content\\\/uploads\\\/2020\\\/11\\\/fertility-check.png\",\"contentUrl\":\"https:\\\/\\\/fertilityport.com\\\/wp-content\\\/uploads\\\/2020\\\/11\\\/fertility-check.png\"},{\"@type\":\"BreadcrumbList\",\"@id\":\"https:\\\/\\\/fertilityport.com\\\/cs\\\/specialni-nabidka\\\/#breadcrumb\",\"itemListElement\":[{\"@type\":\"ListItem\",\"position\":1,\"name\":\"Home\",\"item\":\"https:\\\/\\\/fertilityport.com\\\/\"},{\"@type\":\"ListItem\",\"position\":2,\"name\":\"Speci\u00e1ln\u00ed nab\u00eddka\"}]},{\"@type\":\"WebSite\",\"@id\":\"https:\\\/\\\/fertilityport.com\\\/#website\",\"url\":\"https:\\\/\\\/fertilityport.com\\\/\",\"name\":\"FertilityPort Prague\",\"description\":\"\",\"potentialAction\":[{\"@type\":\"SearchAction\",\"target\":{\"@type\":\"EntryPoint\",\"urlTemplate\":\"https:\\\/\\\/fertilityport.com\\\/?s={search_term_string}\"},\"query-input\":{\"@type\":\"PropertyValueSpecification\",\"valueRequired\":true,\"valueName\":\"search_term_string\"}}],\"inLanguage\":\"cs\"}]}<\/script>\n<!-- \/ Yoast SEO plugin. -->","yoast_head_json":{"title":"Speci\u00e1ln\u00ed nab\u00eddka | FertilityPort Prague","description":"IVF bez poji\u0161\u0165ovny nen\u00ed probl\u00e9m. Nem\u00e1te ji\u017e n\u00e1rok na spolu\u00fa\u010dast poji\u0161\u0165ovny? Neztr\u00e1cejte nad\u011bji, na\u0161e ceny jsou velmi p\u0159\u00edzniv\u00e9 a V\u00e1\u0161 sen o miminku i ve vy\u0161\u0161\u00edm v\u011bku je st\u00e1le re\u00e1ln\u00fd.","robots":{"index":"index","follow":"follow","max-snippet":"max-snippet:-1","max-image-preview":"max-image-preview:large","max-video-preview":"max-video-preview:-1"},"canonical":"https:\/\/fertilityport.com\/cs\/specialni-nabidka\/","og_locale":"cs_CZ","og_type":"article","og_title":"Speci\u00e1ln\u00ed nab\u00eddka | FertilityPort Prague","og_description":"IVF bez poji\u0161\u0165ovny nen\u00ed probl\u00e9m. Nem\u00e1te ji\u017e n\u00e1rok na spolu\u00fa\u010dast poji\u0161\u0165ovny? Neztr\u00e1cejte nad\u011bji, na\u0161e ceny jsou velmi p\u0159\u00edzniv\u00e9 a V\u00e1\u0161 sen o miminku i ve vy\u0161\u0161\u00edm v\u011bku je st\u00e1le re\u00e1ln\u00fd.","og_url":"https:\/\/fertilityport.com\/cs\/specialni-nabidka\/","og_site_name":"FertilityPort Prague","article_modified_time":"2021-09-29T15:17:37+00:00","og_image":[{"url":"https:\/\/fertilityport.com\/wp-content\/uploads\/2020\/11\/fertility-check.png","type":"","width":"","height":""}],"twitter_card":"summary_large_image","twitter_misc":{"Odhadovan\u00e1 doba \u010dten\u00ed":"5 minut"},"schema":{"@context":"https:\/\/schema.org","@graph":[{"@type":"WebPage","@id":"https:\/\/fertilityport.com\/cs\/specialni-nabidka\/","url":"https:\/\/fertilityport.com\/cs\/specialni-nabidka\/","name":"Speci\u00e1ln\u00ed nab\u00eddka | FertilityPort Prague","isPartOf":{"@id":"https:\/\/fertilityport.com\/#website"},"primaryImageOfPage":{"@id":"https:\/\/fertilityport.com\/cs\/specialni-nabidka\/#primaryimage"},"image":{"@id":"https:\/\/fertilityport.com\/cs\/specialni-nabidka\/#primaryimage"},"thumbnailUrl":"https:\/\/fertilityport.com\/wp-content\/uploads\/2020\/11\/fertility-check.png","datePublished":"2020-11-04T13:57:48+00:00","dateModified":"2021-09-29T15:17:37+00:00","description":"IVF bez poji\u0161\u0165ovny nen\u00ed probl\u00e9m. Nem\u00e1te ji\u017e n\u00e1rok na spolu\u00fa\u010dast poji\u0161\u0165ovny? Neztr\u00e1cejte nad\u011bji, na\u0161e ceny jsou velmi p\u0159\u00edzniv\u00e9 a V\u00e1\u0161 sen o miminku i ve vy\u0161\u0161\u00edm v\u011bku je st\u00e1le re\u00e1ln\u00fd.","breadcrumb":{"@id":"https:\/\/fertilityport.com\/cs\/specialni-nabidka\/#breadcrumb"},"inLanguage":"cs","potentialAction":[{"@type":"ReadAction","target":["https:\/\/fertilityport.com\/cs\/specialni-nabidka\/"]}]},{"@type":"ImageObject","inLanguage":"cs","@id":"https:\/\/fertilityport.com\/cs\/specialni-nabidka\/#primaryimage","url":"https:\/\/fertilityport.com\/wp-content\/uploads\/2020\/11\/fertility-check.png","contentUrl":"https:\/\/fertilityport.com\/wp-content\/uploads\/2020\/11\/fertility-check.png"},{"@type":"BreadcrumbList","@id":"https:\/\/fertilityport.com\/cs\/specialni-nabidka\/#breadcrumb","itemListElement":[{"@type":"ListItem","position":1,"name":"Home","item":"https:\/\/fertilityport.com\/"},{"@type":"ListItem","position":2,"name":"Speci\u00e1ln\u00ed nab\u00eddka"}]},{"@type":"WebSite","@id":"https:\/\/fertilityport.com\/#website","url":"https:\/\/fertilityport.com\/","name":"FertilityPort Prague","description":"","potentialAction":[{"@type":"SearchAction","target":{"@type":"EntryPoint","urlTemplate":"https:\/\/fertilityport.com\/?s={search_term_string}"},"query-input":{"@type":"PropertyValueSpecification","valueRequired":true,"valueName":"search_term_string"}}],"inLanguage":"cs"}]}},"_links":{"self":[{"href":"https:\/\/fertilityport.com\/cs\/wp-json\/wp\/v2\/pages\/3134","targetHints":{"allow":["GET"]}}],"collection":[{"href":"https:\/\/fertilityport.com\/cs\/wp-json\/wp\/v2\/pages"}],"about":[{"href":"https:\/\/fertilityport.com\/cs\/wp-json\/wp\/v2\/types\/page"}],"author":[{"embeddable":true,"href":"https:\/\/fertilityport.com\/cs\/wp-json\/wp\/v2\/users\/1"}],"replies":[{"embeddable":true,"href":"https:\/\/fertilityport.com\/cs\/wp-json\/wp\/v2\/comments?post=3134"}],"version-history":[{"count":6,"href":"https:\/\/fertilityport.com\/cs\/wp-json\/wp\/v2\/pages\/3134\/revisions"}],"predecessor-version":[{"id":4739,"href":"https:\/\/fertilityport.com\/cs\/wp-json\/wp\/v2\/pages\/3134\/revisions\/4739"}],"wp:attachment":[{"href":"https:\/\/fertilityport.com\/cs\/wp-json\/wp\/v2\/media?parent=3134"}],"curies":[{"name":"wp","href":"https:\/\/api.w.org\/{rel}","templated":true}]}}