{"id":3696,"date":"2021-04-13T11:07:50","date_gmt":"2021-04-13T09:07:50","guid":{"rendered":"https:\/\/fertilityport.com\/?page_id=3696"},"modified":"2021-04-13T11:33:24","modified_gmt":"2021-04-13T09:33:24","slug":"hp-new","status":"publish","type":"page","link":"https:\/\/fertilityport.com\/cs\/hp-new\/","title":{"rendered":"HP &#8211; New"},"content":{"rendered":"<p>[et_pb_section fb_built=&#8220;1&#8243; _builder_version=&#8220;4.6.1&#8243; _module_preset=&#8220;default&#8220; background_color=&#8220;#b7929e&#8220; custom_padding=&#8220;0px||0px||false|false&#8220;][et_pb_row _builder_version=&#8220;4.6.1&#8243; _module_preset=&#8220;default&#8220;][et_pb_column type=&#8220;4_4&#8243; _builder_version=&#8220;4.6.1&#8243; _module_preset=&#8220;default&#8220;][et_pb_text _builder_version=&#8220;4.9.2&#8243; _module_preset=&#8220;default&#8220; text_font=&#8220;|700|||||||&#8220; text_orientation=&#8220;center&#8220; background_layout=&#8220;dark&#8220;]<\/p>\n<div>\n<p class=\"-wm-MsoNormal\">Aktu\u00e1ln\u011b k 1.4.2021<\/p>\n<\/div>\n<div style=\"text-align: center;\">\n<p class=\"-wm-MsoNormal\">Provoz kliniky nep\u0159eru\u0161en.<\/p>\n<\/div>\n<div style=\"text-align: center;\">\n<p class=\"-wm-MsoNormal\" style=\"text-align: center;\">Pro v\u00edce informac\u00ed kontaktujte info@fertilityport.com<\/p>\n<p class=\"-wm-MsoNormal\" style=\"text-align: center;\">T\u011b\u0161\u00edme se na v\u00e1s!<\/p>\n<\/div>\n<p>[\/et_pb_text][\/et_pb_column][\/et_pb_row][\/et_pb_section][et_pb_section fb_built=&#8220;1&#8243; _builder_version=&#8220;4.4.1&#8243; background_image=&#8220;https:\/\/fertilityport.com\/wp-content\/uploads\/2020\/04\/welcome_bg4.jpg&#8220; custom_padding=&#8220;80px||190px|||&#8220;][et_pb_row column_structure=&#8220;1_2,1_2&#8243; _builder_version=&#8220;4.4.0&#8243;][et_pb_column type=&#8220;1_2&#8243; _builder_version=&#8220;4.4.0&#8243;][et_pb_text module_class=&#8220;c_blurb&#8220; _builder_version=&#8220;4.4.1&#8243; background_layout=&#8220;dark&#8220;]<\/p>\n<h1>FertilityPort Prague<\/h1>\n<p>Centrum FertilityPort Prague bylo zalo\u017eeno na z\u00e1klad\u011b spojen\u00ed \u0161pi\u010dkov\u00fdch specialist\u016f z oboru asistovan\u00e9 reprodukce v jeden skv\u011ble funguj\u00edc\u00ed t\u00fdm odborn\u00edk\u016f.<\/p>\n<p>Na\u0161\u00edm p\u0159\u00e1n\u00edm je z\u00edskat si Va\u0161i d\u016fv\u011bru a d\u00edky v\u0161em dostupn\u00fdm metod\u00e1m a zku\u0161enostem \u010dlen\u016f cel\u00e9ho t\u00fdmu doc\u00edlit napln\u011bn\u00ed Va\u0161eho snu m\u00edt miminko. Spokojenost na\u0161ich klient\u016f je pro n\u00e1s odm\u011bnou a d\u016fkazem, \u017ee to, co d\u011bl\u00e1me, m\u00e1 opravdu smysl.<\/p>\n<p>[\/et_pb_text][et_pb_text _builder_version=&#8220;4.4.1&#8243; text_font=&#8220;Dancing Script||||||||&#8220; text_font_size=&#8220;28px&#8220; background_layout=&#8220;dark&#8220;]<\/p>\n<p>FertilityPort Prague \u2013 Tady za\u010d\u00edn\u00e1 \u017eivot<\/p>\n<p>[\/et_pb_text][\/et_pb_column][et_pb_column type=&#8220;1_2&#8243; _builder_version=&#8220;4.4.0&#8243;][et_pb_blurb title=&#8220;Pro\u010d IVF u n\u00e1s?&#8220; url=&#8220;https:\/\/fertilityport.com\/cs\/specialni-nabidka\/&#8220; disabled_on=&#8220;off|off|off&#8220; module_class=&#8220;blurb&#8211;up blurb&#8211;up&#8211;cta &#8220; _builder_version=&#8220;4.6.1&#8243; header_level=&#8220;h2&#8243; header_text_color=&#8220;#ffffff&#8220; body_text_color=&#8220;#ffffff&#8220; background_image=&#8220;https:\/\/fertilityport.com\/wp-content\/uploads\/2021\/02\/jarni-nabidka-2021.jpg&#8220; text_orientation=&#8220;center&#8220; background_layout=&#8220;dark&#8220; animation=&#8220;off&#8220; border_width_all=&#8220;1px&#8220; border_color_all=&#8220;#ffffff&#8220;]<strong>Zv\u00fdhodn\u011bn\u00e9 ceny terapi\u00ed<\/strong><\/p>\n<p><strong>ZDARMA: Konzultace, Embryoglue, Mikrofluidn\u00ed \u010dipy<\/strong><\/p>\n<p><a href=\"https:\/\/fertilityport.com\/cs\/specialni-nabidka\/\" class=\"btn btn--primary\">Info<\/a>[\/et_pb_blurb][et_pb_blurb title=&#8220;SPECI\u00c1LN\u00cd NAB\u00cdDKA ve FertilityPort Prague!&#8220; url=&#8220;https:\/\/fertilityport.com\/cs\/specialni-nabidka-ve-fertilityport-prague\/&#8220; disabled_on=&#8220;on|on|on&#8220; module_class=&#8220;blurb&#8211;up blurb&#8211;up&#8211;cta&#8220; _builder_version=&#8220;4.6.1&#8243; header_level=&#8220;h2&#8243; background_image=&#8220;https:\/\/fertilityport.com\/wp-content\/uploads\/2020\/09\/therape-hp-bg.jpg&#8220; text_orientation=&#8220;center&#8220; animation=&#8220;off&#8220; border_width_all=&#8220;1px&#8220; border_color_all=&#8220;#ffffff&#8220; disabled=&#8220;on&#8220;]<\/p>\n<p><strong>ZV\u00ddHODN\u011aN\u00c9 CENY TERAPI\u00cd<\/strong><br \/> <a href=\"https:\/\/fertilityport.com\/cs\/specialni-nabidka-ve-fertilityport-prague\/\" class=\"btn btn--primary\">Info<\/a><\/p>\n<p>[\/et_pb_blurb][\/et_pb_column][\/et_pb_row][\/et_pb_section][et_pb_section fb_built=&#8220;1&#8243; module_class=&#8220;section&#8211;pushtop_hp&#8220; _builder_version=&#8220;4.4.1&#8243; custom_padding=&#8220;||||false|false&#8220;][et_pb_row column_structure=&#8220;1_3,1_3,1_3&#8243; make_equal=&#8220;on&#8220; _builder_version=&#8220;4.4.0&#8243; custom_padding=&#8220;||0px||false|false&#8220;][et_pb_column type=&#8220;1_3&#8243; _builder_version=&#8220;4.4.0&#8243;][et_pb_blurb title=&#8220;Chci miminko&#8220; url=&#8220;https:\/\/fertilityport.com\/cs\/kontakt\/&#8220; image=&#8220;https:\/\/fertilityport.com\/wp-content\/uploads\/2020\/03\/man.svg&#8220; module_class=&#8220;blurb&#8211;up&#8220; _builder_version=&#8220;4.4.1&#8243; header_level=&#8220;h2&#8243; text_orientation=&#8220;center&#8220; animation=&#8220;off&#8220;]Chci na vstupn\u00ed vy\u0161et\u0159en\u00ed<a href=\"https:\/\/fertilityport.com\/cs\/kontakt\/\" class=\"btn btn--primary\">Kontakt<\/a>[\/et_pb_blurb][\/et_pb_column][et_pb_column type=&#8220;1_3&#8243; _builder_version=&#8220;4.4.0&#8243;][et_pb_blurb title=&#8220;Chci darovat&#8220; url=&#8220;https:\/\/fertilityport.com\/cs\/chci-darovat\/&#8220; image=&#8220;https:\/\/fertilityport.com\/wp-content\/uploads\/2020\/03\/woman_white.svg&#8220; module_class=&#8220;blurb&#8211;up&#8220; _builder_version=&#8220;4.4.1&#8243; header_level=&#8220;h2&#8243; text_orientation=&#8220;center&#8220; animation=&#8220;off&#8220;]<\/p>\n<p>Spl\u0148te neplodn\u00fdm p\u00e1r\u016fm sen o kompletn\u00ed rodin\u011b<br \/> <a href=\"https:\/\/fertilityport.com\/cs\/chci-darovat\/\" class=\"btn btn--primary\">V\u00edce informac\u00ed<\/a><\/p>\n<p>[\/et_pb_blurb][\/et_pb_column][et_pb_column type=&#8220;1_3&#8243; _builder_version=&#8220;4.4.0&#8243;][et_pb_blurb title=&#8220;Social freezing&#8220; url=&#8220;https:\/\/fertilityport.com\/cs\/social-freezing\/&#8220; image=&#8220;https:\/\/fertilityport.com\/wp-content\/uploads\/2020\/03\/sperm.svg&#8220; module_class=&#8220;blurb&#8211;up&#8220; _builder_version=&#8220;4.6.1&#8243; header_level=&#8220;h2&#8243; text_orientation=&#8220;center&#8220; animation=&#8220;off&#8220;]<\/p>\n<p>Zachov\u00e1n\u00ed plodnosti \/ chci zamrazit vaj\u00ed\u010dka \/ spermie <a href=\"https:\/\/fertilityport.com\/cs\/social-freezing\/\" class=\"btn btn--primary\">V\u00edce informac\u00ed<\/a><\/p>\n<p>[\/et_pb_blurb][\/et_pb_column][\/et_pb_row][\/et_pb_section][et_pb_section fb_built=&#8220;1&#8243; _builder_version=&#8220;4.9.2&#8243; _module_preset=&#8220;default&#8220; custom_padding=&#8220;0px|||||&#8220;][et_pb_row _builder_version=&#8220;4.9.2&#8243; _module_preset=&#8220;default&#8220;][et_pb_column type=&#8220;4_4&#8243; _builder_version=&#8220;4.9.2&#8243; _module_preset=&#8220;default&#8220;][et_pb_text module_class=&#8220;c_blurb c_blurb&#8211;mid&#8220; _builder_version=&#8220;4.9.2&#8243; _module_preset=&#8220;default&#8220; text_orientation=&#8220;center&#8220;]<\/p>\n<h2>P\u0159\u00edb\u011bh na\u0161\u00ed pacientky<\/h2>\n<p>[\/et_pb_text][\/et_pb_column][\/et_pb_row][et_pb_row column_structure=&#8220;1_5,3_5,1_5&#8243; _builder_version=&#8220;4.9.2&#8243; _module_preset=&#8220;default&#8220;][et_pb_column type=&#8220;1_5&#8243; _builder_version=&#8220;4.9.2&#8243; _module_preset=&#8220;default&#8220;][\/et_pb_column][et_pb_column type=&#8220;3_5&#8243; _builder_version=&#8220;4.9.2&#8243; _module_preset=&#8220;default&#8220;][et_pb_video src=&#8220;https:\/\/youtu.be\/oLyqKsjeH8A&#8220; _builder_version=&#8220;4.9.2&#8243; _module_preset=&#8220;default&#8220;][\/et_pb_video][\/et_pb_column][et_pb_column type=&#8220;1_5&#8243; _builder_version=&#8220;4.9.2&#8243; _module_preset=&#8220;default&#8220;][\/et_pb_column][\/et_pb_row][\/et_pb_section][et_pb_section fb_built=&#8220;1&#8243; _builder_version=&#8220;4.4.0&#8243; background_image=&#8220;https:\/\/fertilityport.com\/wp-content\/uploads\/2020\/03\/socket.jpg&#8220; custom_padding=&#8220;90px||90px||false|false&#8220;][et_pb_row column_structure=&#8220;1_3,1_3,1_3&#8243; _builder_version=&#8220;4.4.0&#8243;][et_pb_column type=&#8220;1_3&#8243; _builder_version=&#8220;4.4.0&#8243;][et_pb_code _builder_version=&#8220;4.4.0&#8243;]<\/p>\n<div class=\"blurb\"><!-- [et_pb_line_break_holder] -->  <\/p>\n<div class=\"blurb__heading\"><!-- [et_pb_line_break_holder] -->    <img decoding=\"async\" src=\"https:\/\/fertilityport.com\/wp-content\/uploads\/2020\/03\/doctor.svg\" alt=\"icon\"> 100 <span>%<\/span><!-- [et_pb_line_break_holder] -->  <\/div>\n<p><!-- [et_pb_line_break_holder] -->  <\/p>\n<div class=\"blurb__content\"><!-- [et_pb_line_break_holder] -->    individu\u00e1ln\u00ed a citliv\u00fd p\u0159\u00edstup<!-- [et_pb_line_break_holder] -->  <\/div>\n<p><!-- [et_pb_line_break_holder] --><\/div>\n<p>[\/et_pb_code][\/et_pb_column][et_pb_column type=&#8220;1_3&#8243; _builder_version=&#8220;4.4.0&#8243;][et_pb_code _builder_version=&#8220;4.4.0&#8243;]<\/p>\n<div class=\"blurb\"><!-- [et_pb_line_break_holder] -->  <\/p>\n<div class=\"blurb__heading\"><!-- [et_pb_line_break_holder] -->    <img decoding=\"async\" src=\"https:\/\/fertilityport.com\/wp-content\/uploads\/2020\/03\/ultrasound.svg\" alt=\"icon\"> 2021<\/div>\n<p><!-- [et_pb_line_break_holder] -->  <\/p>\n<div class=\"blurb__content\"><!-- [et_pb_line_break_holder] -->    nejmodern\u011bj\u0161\u00ed<!-- [et_pb_line_break_holder] -->technologie<!-- [et_pb_line_break_holder] -->  <\/div>\n<p><!-- [et_pb_line_break_holder] --><\/div>\n<p>[\/et_pb_code][\/et_pb_column][et_pb_column type=&#8220;1_3&#8243; _builder_version=&#8220;4.4.0&#8243;][et_pb_code _builder_version=&#8220;4.4.0&#8243;]<\/p>\n<div class=\"blurb\"><!-- [et_pb_line_break_holder] -->  <\/p>\n<div class=\"blurb__heading\"><!-- [et_pb_line_break_holder] -->    <img decoding=\"async\" src=\"https:\/\/fertilityport.com\/wp-content\/uploads\/2020\/03\/pregnant.svg\" alt=\"icon\"> 350<\/div>\n<p><!-- [et_pb_line_break_holder] -->  <\/p>\n<div class=\"blurb__content\"><!-- [et_pb_line_break_holder] -->    des\u00edtky spokojen\u00fdch<!-- [et_pb_line_break_holder] -->   <!\u2013- [et_pb_br_holder] -\u2013> pacientek ro\u010dn\u011b<!-- [et_pb_line_break_holder] -->  <\/div>\n<p><!-- [et_pb_line_break_holder] --><\/div>\n<p>[\/et_pb_code][\/et_pb_column][\/et_pb_row][\/et_pb_section][et_pb_section fb_built=&#8220;1&#8243; fullwidth=&#8220;on&#8220; _builder_version=&#8220;4.4.1&#8243; background_video_mp4=&#8220;https:\/\/fertilityport.com\/wp-content\/uploads\/2020\/03\/uvod_video.mp4&#8243;][et_pb_fullwidth_slider show_arrows=&#8220;off&#8220; show_pagination=&#8220;off&#8220; use_bg_overlay=&#8220;off&#8220; _builder_version=&#8220;4.4.1&#8243; background_enable_video_mp4=&#8220;off&#8220; background_video_pause_outside_viewport=&#8220;off&#8220; auto=&#8220;on&#8220; auto_speed=&#8220;5000&#8243; auto_ignore_hover=&#8220;on&#8220;][et_pb_slide heading=&#8220;Centrum rodinn\u00e9ho typu&#8220; _builder_version=&#8220;4.4.1&#8243; background_color=&#8220;rgba(212,164,169,0.5)&#8220; background_enable_color=&#8220;on&#8220; custom_padding=&#8220;300px||300px||false|false&#8220; custom_padding_tablet=&#8220;150px||150px||false|false&#8220; custom_padding_phone=&#8220;&#8220; custom_padding_last_edited=&#8220;on|tablet&#8220; sticky_transition=&#8220;on&#8220;][\/et_pb_slide][et_pb_slide heading=&#8220;Komunikace v n\u011bkolika sv\u011btov\u00fdch jazyc\u00edch&#8220; _builder_version=&#8220;4.4.1&#8243; background_color=&#8220;rgba(212,164,169,0.5)&#8220; background_enable_color=&#8220;on&#8220; custom_padding=&#8220;300px||300px||false|false&#8220; custom_padding_tablet=&#8220;150px||150px||false|false&#8220; custom_padding_phone=&#8220;&#8220; custom_padding_last_edited=&#8220;on|tablet&#8220; sticky_transition=&#8220;on&#8220;][\/et_pb_slide][et_pb_slide heading=&#8220;Pat\u0159\u00edme ke \u0161pi\u010dk\u00e1m v oboru&#8220; _builder_version=&#8220;4.4.1&#8243; background_color=&#8220;rgba(212,164,169,0.5)&#8220; background_enable_color=&#8220;on&#8220; custom_padding=&#8220;300px||300px||false|false&#8220; custom_padding_tablet=&#8220;150px||150px||false|false&#8220; custom_padding_phone=&#8220;&#8220; custom_padding_last_edited=&#8220;on|tablet&#8220; sticky_transition=&#8220;on&#8220;][\/et_pb_slide][et_pb_slide heading=&#8220;L\u00e9ka\u0159i a embryologov\u00e9 s prax\u00ed 15 let&#8220; _builder_version=&#8220;4.4.1&#8243; background_color=&#8220;rgba(212,164,169,0.5)&#8220; background_enable_color=&#8220;on&#8220; custom_padding=&#8220;300px||300px||false|false&#8220; custom_padding_tablet=&#8220;150px||150px||false|false&#8220; custom_padding_phone=&#8220;&#8220; custom_padding_last_edited=&#8220;on|tablet&#8220; sticky_transition=&#8220;on&#8220;][\/et_pb_slide][\/et_pb_fullwidth_slider][\/et_pb_section][et_pb_section fb_built=&#8220;1&#8243; _builder_version=&#8220;4.9.2&#8243; _module_preset=&#8220;default&#8220;][et_pb_row _builder_version=&#8220;4.9.2&#8243; _module_preset=&#8220;default&#8220;][et_pb_column type=&#8220;4_4&#8243; _builder_version=&#8220;4.9.2&#8243; _module_preset=&#8220;default&#8220;][et_pb_text module_class=&#8220;c_blurb c_blurb&#8211;mid&#8220; _builder_version=&#8220;4.9.2&#8243; _module_preset=&#8220;default&#8220; text_orientation=&#8220;center&#8220;]<\/p>\n<h2>P\u0159e\u010dt\u011bte si p\u0159\u00edb\u011bhy na\u0161\u00edch pacientek<\/h2>\n<p>[\/et_pb_text][\/et_pb_column][\/et_pb_row][et_pb_row _builder_version=&#8220;4.9.2&#8243; _module_preset=&#8220;default&#8220;][et_pb_column type=&#8220;4_4&#8243; _builder_version=&#8220;4.9.2&#8243; _module_preset=&#8220;default&#8220;][et_pb_code _builder_version=&#8220;4.9.2&#8243; _module_preset=&#8220;default&#8220;]<\/p>\n<div class=\"ref\"><!-- [et_pb_line_break_holder] -->    <\/p>\n<div><!-- [et_pb_line_break_holder] -->        <\/p>\n<div class=\"ref__item\"><!-- [et_pb_line_break_holder] -->            <\/p>\n<div class=\"ref__content\"><!-- [et_pb_line_break_holder] -->                <pee><i>\u201cNikdy nep\u0159estaneme d\u011bkovat a vzpom\u00ednat, pozdravujte na\u0161eho hrdinn\u00e9ho Doktora Budku. Mal\u00e1 rozsv\u00edtila cel\u00fd sv\u011bt. Nen\u00ed to jen o v\u00e1s, ale pat\u0159\u00ed v\u00e1m velk\u00fd d\u00edk.\u201d<\/i><\/pee><!-- [et_pb_line_break_holder] -->                <pee><strong>V. B.<\/strong><\/pee><!-- [et_pb_line_break_holder] -->            <\/div>\n<p><!-- [et_pb_line_break_holder] -->        <\/div>\n<p><!-- [et_pb_line_break_holder] -->    <\/div>\n<p><!-- [et_pb_line_break_holder] -->      <\/p>\n<div><!-- [et_pb_line_break_holder] -->        <\/p>\n<div class=\"ref__item\"><!-- [et_pb_line_break_holder] -->            <\/p>\n<div class=\"ref__content\"><!-- [et_pb_line_break_holder] -->                <pee><i>\u201cS man\u017eelem jsme po letech sna\u017een\u00ed a vzhledem k m\u00e9mu v\u011bku rozhodli pro terapii s darovan\u00fdmi vaj\u00ed\u010dky. Cyklus jsme podstoupili v b\u0159eznu a to s pozitivn\u00edm v\u00fdsledkem. Cesta je je\u0161t\u011b dlouh\u00e1, ale jsme velmi pozitivn\u00ed a v\u011b\u0159\u00edme v dobr\u00e9 konce. D\u00edky  pat\u0159\u00ed cel\u00e9mu t\u00fdmu, l\u00e9ka\u0159\u016fm, sest\u0159i\u010dk\u00e1m, prost\u011b v\u0161em.\u201d<\/i><\/pee><!-- [et_pb_line_break_holder] -->                <pee><strong>Petra M. (studenka oboru Dietetika)<\/strong><\/pee><!-- [et_pb_line_break_holder] -->            <\/div>\n<p><!-- [et_pb_line_break_holder] -->        <\/div>\n<p><!-- [et_pb_line_break_holder] -->    <\/div>\n<p><!-- [et_pb_line_break_holder] --><\/div>\n<p>[\/et_pb_code][\/et_pb_column][\/et_pb_row][et_pb_row _builder_version=&#8220;4.9.2&#8243; _module_preset=&#8220;default&#8220;][et_pb_column _builder_version=&#8220;4.9.2&#8243; _module_preset=&#8220;default&#8220; type=&#8220;4_4&#8243;][et_pb_code _builder_version=&#8220;4.9.2&#8243; _module_preset=&#8220;default&#8220; text_orientation=&#8220;center&#8220; hover_enabled=&#8220;0&#8243; sticky_enabled=&#8220;0&#8243;]<a href=\"https:\/\/fertilityport.com\/cs\/pribehy\/\" class=\"btn btn--primary\">V\u0161echny p\u0159\u00edb\u011bhy<\/a>[\/et_pb_code][\/et_pb_column][\/et_pb_row][\/et_pb_section][et_pb_section fb_built=&#8220;1&#8243; _builder_version=&#8220;4.4.0&#8243; background_color=&#8220;#f7f7f7&#8243; custom_padding=&#8220;60px||60px|||&#8220;][et_pb_row column_structure=&#8220;1_4,1_2,1_4&#8243; _builder_version=&#8220;4.4.0&#8243;][et_pb_column type=&#8220;1_4&#8243; _builder_version=&#8220;4.4.0&#8243;][\/et_pb_column][et_pb_column type=&#8220;1_2&#8243; _builder_version=&#8220;4.4.0&#8243;][et_pb_blurb title=&#8220;METODY A TECHNIKY&#8220; url=&#8220;https:\/\/fertilityport.com\/cs\/technologie-a-metody\/&#8220; image=&#8220;https:\/\/fertilityport.com\/wp-content\/uploads\/2020\/03\/ultrasound.svg&#8220; icon_placement=&#8220;left&#8220; module_class=&#8220;blurb&#8211;smallleft&#8220; _builder_version=&#8220;4.4.0&#8243; header_level=&#8220;h2&#8243; animation=&#8220;off&#8220;]u n\u00e1s pou\u017e\u00edvan\u00e9, jsou jedny z nejmodern\u011bj\u0161\u00edch v \u010cesk\u00e9 republice[\/et_pb_blurb][\/et_pb_column][et_pb_column type=&#8220;1_4&#8243; _builder_version=&#8220;4.4.0&#8243;][\/et_pb_column][\/et_pb_row][\/et_pb_section]<\/p>\n","protected":false},"excerpt":{"rendered":"<p>Aktu\u00e1ln\u011b k 1.4.2021 Provoz kliniky nep\u0159eru\u0161en. Pro v\u00edce informac\u00ed kontaktujte info@fertilityport.com T\u011b\u0161\u00edme se na v\u00e1s! FertilityPort Prague Centrum FertilityPort Prague bylo zalo\u017eeno na z\u00e1klad\u011b spojen\u00ed \u0161pi\u010dkov\u00fdch specialist\u016f z oboru asistovan\u00e9 reprodukce v jeden skv\u011ble funguj\u00edc\u00ed t\u00fdm odborn\u00edk\u016f. Na\u0161\u00edm p\u0159\u00e1n\u00edm je z\u00edskat si Va\u0161i d\u016fv\u011bru a d\u00edky v\u0161em dostupn\u00fdm metod\u00e1m a zku\u0161enostem \u010dlen\u016f cel\u00e9ho t\u00fdmu doc\u00edlit [&hellip;]<\/p>\n","protected":false},"author":1,"featured_media":0,"parent":0,"menu_order":0,"comment_status":"closed","ping_status":"closed","template":"","meta":{"_acf_changed":false,"_et_pb_use_builder":"on","_et_pb_old_content":"","_et_gb_content_width":"","footnotes":""},"class_list":["post-3696","page","type-page","status-publish","hentry"],"acf":[],"yoast_head":"<!-- This site is optimized with the Yoast SEO plugin v27.4 - https:\/\/yoast.com\/product\/yoast-seo-wordpress\/ -->\n<title>HP - New - FertilityPort Prague<\/title>\n<meta name=\"robots\" content=\"index, follow, max-snippet:-1, max-image-preview:large, max-video-preview:-1\" \/>\n<link rel=\"canonical\" href=\"https:\/\/fertilityport.com\/cs\/hp-new\/\" \/>\n<meta property=\"og:locale\" content=\"cs_CZ\" \/>\n<meta property=\"og:type\" content=\"article\" \/>\n<meta property=\"og:title\" content=\"HP - New - FertilityPort Prague\" \/>\n<meta property=\"og:description\" content=\"Aktu\u00e1ln\u011b k 1.4.2021 Provoz kliniky nep\u0159eru\u0161en. Pro v\u00edce informac\u00ed kontaktujte info@fertilityport.com T\u011b\u0161\u00edme se na v\u00e1s! FertilityPort Prague Centrum FertilityPort Prague bylo zalo\u017eeno na z\u00e1klad\u011b spojen\u00ed \u0161pi\u010dkov\u00fdch specialist\u016f z oboru asistovan\u00e9 reprodukce v jeden skv\u011ble funguj\u00edc\u00ed t\u00fdm odborn\u00edk\u016f. Na\u0161\u00edm p\u0159\u00e1n\u00edm je z\u00edskat si Va\u0161i d\u016fv\u011bru a d\u00edky v\u0161em dostupn\u00fdm metod\u00e1m a zku\u0161enostem \u010dlen\u016f cel\u00e9ho t\u00fdmu doc\u00edlit [&hellip;]\" \/>\n<meta property=\"og:url\" content=\"https:\/\/fertilityport.com\/cs\/hp-new\/\" \/>\n<meta property=\"og:site_name\" content=\"FertilityPort Prague\" \/>\n<meta property=\"article:modified_time\" content=\"2021-04-13T09:33:24+00:00\" \/>\n<meta property=\"og:image\" content=\"https:\/\/fertilityport.com\/wp-content\/uploads\/2020\/03\/doctor.svg\" \/>\n<meta name=\"twitter:card\" content=\"summary_large_image\" \/>\n<meta name=\"twitter:label1\" content=\"Odhadovan\u00e1 doba \u010dten\u00ed\" \/>\n\t<meta name=\"twitter:data1\" content=\"7 minut\" \/>\n<script type=\"application\/ld+json\" class=\"yoast-schema-graph\">{\"@context\":\"https:\\\/\\\/schema.org\",\"@graph\":[{\"@type\":\"WebPage\",\"@id\":\"https:\\\/\\\/fertilityport.com\\\/cs\\\/hp-new\\\/\",\"url\":\"https:\\\/\\\/fertilityport.com\\\/cs\\\/hp-new\\\/\",\"name\":\"HP - New - FertilityPort Prague\",\"isPartOf\":{\"@id\":\"https:\\\/\\\/fertilityport.com\\\/#website\"},\"primaryImageOfPage\":{\"@id\":\"https:\\\/\\\/fertilityport.com\\\/cs\\\/hp-new\\\/#primaryimage\"},\"image\":{\"@id\":\"https:\\\/\\\/fertilityport.com\\\/cs\\\/hp-new\\\/#primaryimage\"},\"thumbnailUrl\":\"https:\\\/\\\/fertilityport.com\\\/wp-content\\\/uploads\\\/2020\\\/03\\\/doctor.svg\",\"datePublished\":\"2021-04-13T09:07:50+00:00\",\"dateModified\":\"2021-04-13T09:33:24+00:00\",\"breadcrumb\":{\"@id\":\"https:\\\/\\\/fertilityport.com\\\/cs\\\/hp-new\\\/#breadcrumb\"},\"inLanguage\":\"cs\",\"potentialAction\":[{\"@type\":\"ReadAction\",\"target\":[\"https:\\\/\\\/fertilityport.com\\\/cs\\\/hp-new\\\/\"]}]},{\"@type\":\"ImageObject\",\"inLanguage\":\"cs\",\"@id\":\"https:\\\/\\\/fertilityport.com\\\/cs\\\/hp-new\\\/#primaryimage\",\"url\":\"https:\\\/\\\/fertilityport.com\\\/wp-content\\\/uploads\\\/2020\\\/03\\\/doctor.svg\",\"contentUrl\":\"https:\\\/\\\/fertilityport.com\\\/wp-content\\\/uploads\\\/2020\\\/03\\\/doctor.svg\"},{\"@type\":\"BreadcrumbList\",\"@id\":\"https:\\\/\\\/fertilityport.com\\\/cs\\\/hp-new\\\/#breadcrumb\",\"itemListElement\":[{\"@type\":\"ListItem\",\"position\":1,\"name\":\"Home\",\"item\":\"https:\\\/\\\/fertilityport.com\\\/\"},{\"@type\":\"ListItem\",\"position\":2,\"name\":\"HP &#8211; New\"}]},{\"@type\":\"WebSite\",\"@id\":\"https:\\\/\\\/fertilityport.com\\\/#website\",\"url\":\"https:\\\/\\\/fertilityport.com\\\/\",\"name\":\"FertilityPort Prague\",\"description\":\"\",\"potentialAction\":[{\"@type\":\"SearchAction\",\"target\":{\"@type\":\"EntryPoint\",\"urlTemplate\":\"https:\\\/\\\/fertilityport.com\\\/?s={search_term_string}\"},\"query-input\":{\"@type\":\"PropertyValueSpecification\",\"valueRequired\":true,\"valueName\":\"search_term_string\"}}],\"inLanguage\":\"cs\"}]}<\/script>\n<!-- \/ Yoast SEO plugin. -->","yoast_head_json":{"title":"HP - New - FertilityPort Prague","robots":{"index":"index","follow":"follow","max-snippet":"max-snippet:-1","max-image-preview":"max-image-preview:large","max-video-preview":"max-video-preview:-1"},"canonical":"https:\/\/fertilityport.com\/cs\/hp-new\/","og_locale":"cs_CZ","og_type":"article","og_title":"HP - New - FertilityPort Prague","og_description":"Aktu\u00e1ln\u011b k 1.4.2021 Provoz kliniky nep\u0159eru\u0161en. Pro v\u00edce informac\u00ed kontaktujte info@fertilityport.com T\u011b\u0161\u00edme se na v\u00e1s! FertilityPort Prague Centrum FertilityPort Prague bylo zalo\u017eeno na z\u00e1klad\u011b spojen\u00ed \u0161pi\u010dkov\u00fdch specialist\u016f z oboru asistovan\u00e9 reprodukce v jeden skv\u011ble funguj\u00edc\u00ed t\u00fdm odborn\u00edk\u016f. Na\u0161\u00edm p\u0159\u00e1n\u00edm je z\u00edskat si Va\u0161i d\u016fv\u011bru a d\u00edky v\u0161em dostupn\u00fdm metod\u00e1m a zku\u0161enostem \u010dlen\u016f cel\u00e9ho t\u00fdmu doc\u00edlit [&hellip;]","og_url":"https:\/\/fertilityport.com\/cs\/hp-new\/","og_site_name":"FertilityPort Prague","article_modified_time":"2021-04-13T09:33:24+00:00","og_image":[{"url":"https:\/\/fertilityport.com\/wp-content\/uploads\/2020\/03\/doctor.svg","type":"","width":"","height":""}],"twitter_card":"summary_large_image","twitter_misc":{"Odhadovan\u00e1 doba \u010dten\u00ed":"7 minut"},"schema":{"@context":"https:\/\/schema.org","@graph":[{"@type":"WebPage","@id":"https:\/\/fertilityport.com\/cs\/hp-new\/","url":"https:\/\/fertilityport.com\/cs\/hp-new\/","name":"HP - New - FertilityPort Prague","isPartOf":{"@id":"https:\/\/fertilityport.com\/#website"},"primaryImageOfPage":{"@id":"https:\/\/fertilityport.com\/cs\/hp-new\/#primaryimage"},"image":{"@id":"https:\/\/fertilityport.com\/cs\/hp-new\/#primaryimage"},"thumbnailUrl":"https:\/\/fertilityport.com\/wp-content\/uploads\/2020\/03\/doctor.svg","datePublished":"2021-04-13T09:07:50+00:00","dateModified":"2021-04-13T09:33:24+00:00","breadcrumb":{"@id":"https:\/\/fertilityport.com\/cs\/hp-new\/#breadcrumb"},"inLanguage":"cs","potentialAction":[{"@type":"ReadAction","target":["https:\/\/fertilityport.com\/cs\/hp-new\/"]}]},{"@type":"ImageObject","inLanguage":"cs","@id":"https:\/\/fertilityport.com\/cs\/hp-new\/#primaryimage","url":"https:\/\/fertilityport.com\/wp-content\/uploads\/2020\/03\/doctor.svg","contentUrl":"https:\/\/fertilityport.com\/wp-content\/uploads\/2020\/03\/doctor.svg"},{"@type":"BreadcrumbList","@id":"https:\/\/fertilityport.com\/cs\/hp-new\/#breadcrumb","itemListElement":[{"@type":"ListItem","position":1,"name":"Home","item":"https:\/\/fertilityport.com\/"},{"@type":"ListItem","position":2,"name":"HP &#8211; New"}]},{"@type":"WebSite","@id":"https:\/\/fertilityport.com\/#website","url":"https:\/\/fertilityport.com\/","name":"FertilityPort Prague","description":"","potentialAction":[{"@type":"SearchAction","target":{"@type":"EntryPoint","urlTemplate":"https:\/\/fertilityport.com\/?s={search_term_string}"},"query-input":{"@type":"PropertyValueSpecification","valueRequired":true,"valueName":"search_term_string"}}],"inLanguage":"cs"}]}},"_links":{"self":[{"href":"https:\/\/fertilityport.com\/cs\/wp-json\/wp\/v2\/pages\/3696","targetHints":{"allow":["GET"]}}],"collection":[{"href":"https:\/\/fertilityport.com\/cs\/wp-json\/wp\/v2\/pages"}],"about":[{"href":"https:\/\/fertilityport.com\/cs\/wp-json\/wp\/v2\/types\/page"}],"author":[{"embeddable":true,"href":"https:\/\/fertilityport.com\/cs\/wp-json\/wp\/v2\/users\/1"}],"replies":[{"embeddable":true,"href":"https:\/\/fertilityport.com\/cs\/wp-json\/wp\/v2\/comments?post=3696"}],"version-history":[{"count":6,"href":"https:\/\/fertilityport.com\/cs\/wp-json\/wp\/v2\/pages\/3696\/revisions"}],"predecessor-version":[{"id":3714,"href":"https:\/\/fertilityport.com\/cs\/wp-json\/wp\/v2\/pages\/3696\/revisions\/3714"}],"wp:attachment":[{"href":"https:\/\/fertilityport.com\/cs\/wp-json\/wp\/v2\/media?parent=3696"}],"curies":[{"name":"wp","href":"https:\/\/api.w.org\/{rel}","templated":true}]}}