{"id":3715,"date":"2021-04-13T11:39:45","date_gmt":"2021-04-13T09:39:45","guid":{"rendered":"https:\/\/fertilityport.com\/?page_id=3715"},"modified":"2021-04-13T11:42:21","modified_gmt":"2021-04-13T09:42:21","slug":"kopie-darcovstvi-vajicek","status":"publish","type":"page","link":"https:\/\/fertilityport.com\/cs\/kopie-darcovstvi-vajicek\/","title":{"rendered":"Kopie d\u00e1rcovstv\u00ed vaj\u00ed\u010dek"},"content":{"rendered":"<p>[et_pb_section fb_built=&#8220;1&#8243; module_class=&#8220;welcome&#8211;page&#8220; _builder_version=&#8220;4.4.1&#8243; background_image=&#8220;https:\/\/fertilityport.com\/wp-content\/uploads\/2020\/03\/chci_darovat_head_zena.jpg&#8220;][et_pb_row column_structure=&#8220;2_3,1_3&#8243; _builder_version=&#8220;4.4.0&#8243;][et_pb_column type=&#8220;2_3&#8243; _builder_version=&#8220;4.4.0&#8243;][et_pb_text module_class=&#8220;c_blurb&#8220; _builder_version=&#8220;4.4.0&#8243;]<\/p>\n<h1>D\u00e1rcovstv\u00ed vaj\u00ed\u010dek<\/h1>\n<p><span>Jako d\u00e1rkyn\u011b vaj\u00ed\u010dek budete pro neplodn\u00e9 p\u00e1ry mnohdy jedinou nad\u011bj\u00ed na zalo\u017een\u00ed rodiny. Darujte a spl\u0148te tak p\u00e1r\u016fm sen o kompletn\u00ed rodin\u011b.<\/span><br \/><span>Darov\u00e1n\u00ed vaj\u00ed\u010dek je dobrovoln\u00e9, anonymn\u00ed a bezplatn\u00e9. D\u00e1rkyn\u011b, p\u0159\u00edjemkyn\u011b i budouc\u00ed d\u00edt\u011b z\u016fst\u00e1vaj\u00ed v \u00fapln\u00e9 anonymit\u011b.<\/span><br \/><span>Kompenzace u\u0161l\u00fdch v\u00fddaj\u016f spojen\u00fdch s darov\u00e1n\u00edm v\u00e1m bude vyplacena jednor\u00e1zov\u011b v den odb\u011bru vaj\u00ed\u010dek.<\/span><\/p>\n<p>[\/et_pb_text][\/et_pb_column][et_pb_column type=&#8220;1_3&#8243; _builder_version=&#8220;4.4.0&#8243;][\/et_pb_column][\/et_pb_row][\/et_pb_section][et_pb_section fb_built=&#8220;1&#8243; _builder_version=&#8220;4.4.0&#8243;][et_pb_row column_structure=&#8220;3_5,2_5&#8243; _builder_version=&#8220;4.4.0&#8243;][et_pb_column type=&#8220;3_5&#8243; _builder_version=&#8220;4.4.0&#8243;][et_pb_text _builder_version=&#8220;4.4.0&#8243;]<\/p>\n<h2>Co mus\u00edte jako budouc\u00ed d\u00e1rkyn\u011b spl\u0148ovat:<\/h2>\n<ul>\n<li>v\u011bk mezi 18 a 35 lety<\/li>\n<li>dobr\u00fd fyzick\u00fd a psychick\u00fd stav<\/li>\n<li>p\u0159edpokl\u00e1d\u00e1me v\u00fdbornou z\u00e1sobu vaj\u00ed\u010dek a norm\u00e1ln\u00ed gynekologick\u00fd n\u00e1lez<\/li>\n<li>mus\u00edte spl\u0148ovat pom\u011brn\u011b p\u0159\u00edsn\u00e9 n\u00e1roky s ohledem na mo\u017en\u00fd p\u0159enos geneticky z\u00e1visl\u00fdch onemocn\u011bn\u00ed<\/li>\n<\/ul>\n<p>[\/et_pb_text][et_pb_text _builder_version=&#8220;4.4.0&#8243;]<\/p>\n<h2>Co v\u00e1m darov\u00e1n\u00ed p\u0159inese:<\/h2>\n<ul>\n<li>napln\u011bn\u00ed pot\u0159eby pomoci druh\u00fdm<\/li>\n<li>kompletn\u00ed vy\u0161et\u0159en\u00ed plodnosti a zdravotn\u00edho stavu v\u010detn\u011b genetick\u00e9ho vy\u0161et\u0159en\u00ed.<\/li>\n<li>Tato vy\u0161et\u0159en\u00ed mohou b\u00fdt v budoucnu p\u0159\u00ednosem pro v\u00e1s i va\u0161e d\u011bti<\/li>\n<li>pokud bude darov\u00e1n\u00ed pro v\u00e1s jak\u00fdmkoliv zp\u016fsobem rizikov\u00e9, nedoporu\u010d\u00edme <span style=\"white-space: nowrap;\">v\u00e1m ho<\/span><\/li>\n<\/ul>\n<p>[\/et_pb_text][et_pb_text _builder_version=&#8220;4.4.1&#8243;]<\/p>\n<h2>Kdo jsou na\u0161e d\u00e1rkyn\u011b:<\/h2>\n<p>D\u00e1rkyn\u011b jsou nej\u010dast\u011bji studentky, nebo st\u00e1le \u010dast\u011bji maminky na mate\u0159sk\u00e9 dovolen\u00e9, kter\u00e9 si uv\u011bdomuj\u00ed, \u017ee m\u00edt miminko nen\u00ed samoz\u0159ejmost, ale z\u00e1zrak. Pro mnoho p\u00e1r\u016f jsou darovan\u00e1 vaj\u00ed\u010dka mnohdy jedinou mo\u017enost\u00ed jak m\u00edt miminko a naplnit t\u00edm sv\u00e9 touhy o kompletn\u00ed rodin\u011b. Pod\u00edvejte se na <a href=\"https:\/\/fertilityport.com\/cs\/novinky\/proc-jsem-se-rozhodla-darovat-vajicka\/\">p\u0159\u00edb\u011bh d\u00e1rkyn\u011b Katky<\/a>.<\/p>\n<p>[\/et_pb_text][et_pb_text _builder_version=&#8220;4.4.0&#8243;]<\/p>\n<h2>Jak postupovat pokud se rozhodnete st\u00e1t d\u00e1rkyn\u00ed:<\/h2>\n<ul>\n<li>vypl\u0148te on-line formul\u00e1\u0159, pot\u00e9 v\u00e1s kontaktuje na\u0161e koordin\u00e1torka a objedn\u00e1 v\u00e1s na vstupn\u00ed konzultaci<\/li>\n<li>na vstupn\u00ed konzultaci podstoup\u00edte pohovor s l\u00e9ka\u0159em s pou\u010den\u00edm o cel\u00e9m procesu darov\u00e1n\u00ed vaj\u00ed\u010dek v\u010detn\u011b bromac\u00ed o mo\u017en\u00fdch rizic\u00edch, podstoup\u00edte kompletn\u00ed gynekologick\u00e9 vy\u0161et\u0159en\u00ed v\u010detn\u011b ultrazvuku a bude v\u00e1m odebr\u00e1na krev pro laboratorn\u00ed vy\u0161et\u0159en\u00ed<\/li>\n<li>absolvujete genetick\u00e9 vy\u0161et\u0159en\u00ed \u2013 toto je velmi d\u016fle\u017eit\u00e1 f\u00e1ze, genetik vyd\u00e1v\u00e1 z\u00e1v\u011br, \u017ee jste schopn\u00e1 darovat vaj\u00ed\u010dka a \u017ee darov\u00e1n\u00ed nep\u0159edstavuje riziko pro v\u00e1s ani pro p\u0159\u00edjemkyni<\/li>\n<li>po obdr\u017een\u00ed v\u00fdsledk\u016f, v p\u0159\u00edpad\u011b \u017ee nebude zji\u0161t\u011bna p\u0159ek\u00e1\u017eka k darov\u00e1n\u00ed, budete pozv\u00e1na k napl\u00e1nov\u00e1n\u00ed cyklu se stimulac\u00ed, kde v\u00e1m l\u00e9ka\u0159 a zdravotn\u00ed sestra v\u0161e podrobn\u011b vysv\u011btl\u00ed<\/li>\n<\/ul>\n<p>[\/et_pb_text][\/et_pb_column][et_pb_column type=&#8220;2_5&#8243; _builder_version=&#8220;4.4.0&#8243;][et_pb_text _builder_version=&#8220;4.9.2&#8243; _module_preset=&#8220;default&#8220; hover_enabled=&#8220;0&#8243; sticky_enabled=&#8220;0&#8243; custom_margin=&#8220;||10px||false|false&#8220;]<\/p>\n<h3>Video o n\u00e1s<\/h3>\n<p>[\/et_pb_text][et_pb_video src=&#8220;https:\/\/www.youtube.com\/watch?v=T-y-0931SJ0&#038;feature=emb_title&#8220; _builder_version=&#8220;4.4.0&#8243;][\/et_pb_video][et_pb_text _builder_version=&#8220;4.9.2&#8243; _module_preset=&#8220;default&#8220; hover_enabled=&#8220;0&#8243; sticky_enabled=&#8220;0&#8243; custom_margin=&#8220;||10px||false|false&#8220;]<\/p>\n<h3>P\u0159\u00edb\u011bh na\u0161\u00ed klientky<\/h3>\n<p>[\/et_pb_text][et_pb_video src=&#8220;https:\/\/www.youtube.com\/watch?v=k6x5Bct5mcQ&#8220; _builder_version=&#8220;4.9.2&#8243; hover_enabled=&#8220;0&#8243; sticky_enabled=&#8220;0&#8243;][\/et_pb_video][\/et_pb_column][\/et_pb_row][et_pb_row module_id=&#8220;faq&#8220; _builder_version=&#8220;4.4.0&#8243;][et_pb_column type=&#8220;4_4&#8243; _builder_version=&#8220;4.4.0&#8243;][et_pb_text _builder_version=&#8220;4.4.0&#8243;]<\/p>\n<h2>Nej\u010dast\u011bj\u0161\u00ed ot\u00e1zky:<\/h2>\n<ul>\n<li>injekce jsou bezbolestn\u00e9 a k jejich aplikaci nen\u00ed nutn\u00e9 nav\u0161t\u011bvovat kliniku<\/li>\n<li>darovat m\u016f\u017eete, po posouzen\u00ed zdravotn\u00edho stavu, opakovan\u011b av\u0161ak s ur\u010dit\u00fdm \u010dasov\u00fdm odstupem nutn\u00fdm pro rekonvalescenci<\/li>\n<li>dle dostupn\u00fdch informac\u00ed nem\u00e1 i opakovan\u00e9 darov\u00e1n\u00ed vaj\u00ed\u010dek vliv na va\u0161i budouc\u00ed plodnost<\/li>\n<li>b\u011bhem samotn\u00e9 stimulace nebudete u\u017e\u00edvat hormon\u00e1ln\u00ed antikoncepci, je tedy doporu\u010dena jin\u00e1 forma ochrany p\u0159ed po\u010det\u00edm \u2013 kondom<\/li>\n<li>rizikem hormon\u00e1ln\u00ed stimulace je nadm\u011brn\u00e1 reakce vaje\u010dn\u00edk\u016f, tzv. Hyperstimula\u010dn\u00ed syndrom, kter\u00fd v\u0161ak nem\u00e1 vliv na va\u0161i plodnost a pl\u00e1novan\u00e9 po\u010det\u00ed v budoucnosti. Hyperstimula\u010dn\u00edmu syndromu se maxim\u00e1ln\u011b sna\u017e\u00edme p\u0159edch\u00e1zet a jeho v\u00fdskyt nen\u00ed \u010dast\u00fd. Pokud bude u v\u00e1s zji\u0161t\u011bno v\u011bt\u0161\u00ed riziko vzniku Hyperstimula\u010dn\u00edho syndromu cyklus darov\u00e1n\u00ed v\u00e1m nedoporu\u010d\u00edme<\/li>\n<li>nitrod\u011blo\u017en\u00ed t\u011bl\u00edsko nen\u00ed p\u0159ek\u00e1\u017ekou k darov\u00e1n\u00ed<\/li>\n<li>po odb\u011bru vaj\u00ed\u010dek p\u0159ich\u00e1z\u00ed \u010dasto menstruace v norm\u00e1ln\u00edm re\u017eimu, menstrua\u010dn\u00ed cyklus nen\u00ed u naprost\u00e9 v\u011bt\u0161iny \u017een \u201erozhozen\u201c<\/li>\n<li>v den kontroly u n\u00e1s i v den odb\u011bru vaj\u00ed\u010dek v\u00e1m m\u016f\u017eeme vystavit potvrzen\u00ed o n\u00e1v\u0161t\u011bv\u011b l\u00e9ka\u0159e<\/li>\n<\/ul>\n<p>[\/et_pb_text][\/et_pb_column][\/et_pb_row][\/et_pb_section][et_pb_section fb_built=&#8220;1&#8243; _builder_version=&#8220;4.4.0&#8243; background_image=&#8220;https:\/\/fertilityport.com\/wp-content\/uploads\/2020\/03\/socket.jpg&#8220;][et_pb_row _builder_version=&#8220;4.4.0&#8243;][et_pb_column type=&#8220;4_4&#8243; _builder_version=&#8220;4.4.0&#8243;][\/et_pb_column][\/et_pb_row][\/et_pb_section][et_pb_section fb_built=&#8220;1&#8243; _builder_version=&#8220;4.4.0&#8243; background_color=&#8220;#d4a4a9&#8243;][et_pb_row column_structure=&#8220;1_4,1_2,1_4&#8243; _builder_version=&#8220;4.4.0&#8243;][et_pb_column type=&#8220;1_4&#8243; _builder_version=&#8220;4.4.0&#8243;][\/et_pb_column][et_pb_column type=&#8220;1_2&#8243; _builder_version=&#8220;4.4.0&#8243;][et_pb_text _builder_version=&#8220;4.4.1&#8243;][contact-form-7 id=&#8220;1709&#8243; title=&#8220;CZ &#8211; Darov\u00e1n\u00ed \/ Zmra\u017een\u00ed&#8220;][\/et_pb_text][\/et_pb_column][et_pb_column type=&#8220;1_4&#8243; _builder_version=&#8220;4.4.0&#8243;][\/et_pb_column][\/et_pb_row][\/et_pb_section]<\/p>\n","protected":false},"excerpt":{"rendered":"<p>D\u00e1rcovstv\u00ed vaj\u00ed\u010dek Jako d\u00e1rkyn\u011b vaj\u00ed\u010dek budete pro neplodn\u00e9 p\u00e1ry mnohdy jedinou nad\u011bj\u00ed na zalo\u017een\u00ed rodiny. Darujte a spl\u0148te tak p\u00e1r\u016fm sen o kompletn\u00ed rodin\u011b.Darov\u00e1n\u00ed vaj\u00ed\u010dek je dobrovoln\u00e9, anonymn\u00ed a bezplatn\u00e9. D\u00e1rkyn\u011b, p\u0159\u00edjemkyn\u011b i budouc\u00ed d\u00edt\u011b z\u016fst\u00e1vaj\u00ed v \u00fapln\u00e9 anonymit\u011b.Kompenzace u\u0161l\u00fdch v\u00fddaj\u016f spojen\u00fdch s darov\u00e1n\u00edm v\u00e1m bude vyplacena jednor\u00e1zov\u011b v den odb\u011bru vaj\u00ed\u010dek.Co mus\u00edte jako budouc\u00ed [&hellip;]<\/p>\n","protected":false},"author":1,"featured_media":0,"parent":0,"menu_order":0,"comment_status":"closed","ping_status":"closed","template":"","meta":{"_acf_changed":false,"_et_pb_use_builder":"on","_et_pb_old_content":"","_et_gb_content_width":"","footnotes":""},"class_list":["post-3715","page","type-page","status-publish","hentry"],"acf":[],"yoast_head":"<!-- This site is optimized with the Yoast SEO plugin v27.4 - https:\/\/yoast.com\/product\/yoast-seo-wordpress\/ -->\n<title>Kopie d\u00e1rcovstv\u00ed vaj\u00ed\u010dek - FertilityPort Prague<\/title>\n<meta name=\"robots\" content=\"index, follow, max-snippet:-1, max-image-preview:large, max-video-preview:-1\" \/>\n<link rel=\"canonical\" href=\"https:\/\/fertilityport.com\/cs\/kopie-darcovstvi-vajicek\/\" \/>\n<meta property=\"og:locale\" content=\"cs_CZ\" \/>\n<meta property=\"og:type\" content=\"article\" \/>\n<meta property=\"og:title\" content=\"Kopie d\u00e1rcovstv\u00ed vaj\u00ed\u010dek - FertilityPort Prague\" \/>\n<meta property=\"og:description\" content=\"D\u00e1rcovstv\u00ed vaj\u00ed\u010dek Jako d\u00e1rkyn\u011b vaj\u00ed\u010dek budete pro neplodn\u00e9 p\u00e1ry mnohdy jedinou nad\u011bj\u00ed na zalo\u017een\u00ed rodiny. Darujte a spl\u0148te tak p\u00e1r\u016fm sen o kompletn\u00ed rodin\u011b.Darov\u00e1n\u00ed vaj\u00ed\u010dek je dobrovoln\u00e9, anonymn\u00ed a bezplatn\u00e9. D\u00e1rkyn\u011b, p\u0159\u00edjemkyn\u011b i budouc\u00ed d\u00edt\u011b z\u016fst\u00e1vaj\u00ed v \u00fapln\u00e9 anonymit\u011b.Kompenzace u\u0161l\u00fdch v\u00fddaj\u016f spojen\u00fdch s darov\u00e1n\u00edm v\u00e1m bude vyplacena jednor\u00e1zov\u011b v den odb\u011bru vaj\u00ed\u010dek.Co mus\u00edte jako budouc\u00ed [&hellip;]\" \/>\n<meta property=\"og:url\" content=\"https:\/\/fertilityport.com\/cs\/kopie-darcovstvi-vajicek\/\" \/>\n<meta property=\"og:site_name\" content=\"FertilityPort Prague\" \/>\n<meta property=\"article:modified_time\" content=\"2021-04-13T09:42:21+00:00\" \/>\n<meta name=\"twitter:card\" content=\"summary_large_image\" \/>\n<meta name=\"twitter:label1\" content=\"Odhadovan\u00e1 doba \u010dten\u00ed\" \/>\n\t<meta name=\"twitter:data1\" content=\"5 minut\" \/>\n<script type=\"application\/ld+json\" class=\"yoast-schema-graph\">{\"@context\":\"https:\\\/\\\/schema.org\",\"@graph\":[{\"@type\":\"WebPage\",\"@id\":\"https:\\\/\\\/fertilityport.com\\\/cs\\\/kopie-darcovstvi-vajicek\\\/\",\"url\":\"https:\\\/\\\/fertilityport.com\\\/cs\\\/kopie-darcovstvi-vajicek\\\/\",\"name\":\"Kopie d\u00e1rcovstv\u00ed vaj\u00ed\u010dek - FertilityPort Prague\",\"isPartOf\":{\"@id\":\"https:\\\/\\\/fertilityport.com\\\/#website\"},\"datePublished\":\"2021-04-13T09:39:45+00:00\",\"dateModified\":\"2021-04-13T09:42:21+00:00\",\"breadcrumb\":{\"@id\":\"https:\\\/\\\/fertilityport.com\\\/cs\\\/kopie-darcovstvi-vajicek\\\/#breadcrumb\"},\"inLanguage\":\"cs\",\"potentialAction\":[{\"@type\":\"ReadAction\",\"target\":[\"https:\\\/\\\/fertilityport.com\\\/cs\\\/kopie-darcovstvi-vajicek\\\/\"]}]},{\"@type\":\"BreadcrumbList\",\"@id\":\"https:\\\/\\\/fertilityport.com\\\/cs\\\/kopie-darcovstvi-vajicek\\\/#breadcrumb\",\"itemListElement\":[{\"@type\":\"ListItem\",\"position\":1,\"name\":\"Home\",\"item\":\"https:\\\/\\\/fertilityport.com\\\/\"},{\"@type\":\"ListItem\",\"position\":2,\"name\":\"Kopie d\u00e1rcovstv\u00ed vaj\u00ed\u010dek\"}]},{\"@type\":\"WebSite\",\"@id\":\"https:\\\/\\\/fertilityport.com\\\/#website\",\"url\":\"https:\\\/\\\/fertilityport.com\\\/\",\"name\":\"FertilityPort Prague\",\"description\":\"\",\"potentialAction\":[{\"@type\":\"SearchAction\",\"target\":{\"@type\":\"EntryPoint\",\"urlTemplate\":\"https:\\\/\\\/fertilityport.com\\\/?s={search_term_string}\"},\"query-input\":{\"@type\":\"PropertyValueSpecification\",\"valueRequired\":true,\"valueName\":\"search_term_string\"}}],\"inLanguage\":\"cs\"}]}<\/script>\n<!-- \/ Yoast SEO plugin. -->","yoast_head_json":{"title":"Kopie d\u00e1rcovstv\u00ed vaj\u00ed\u010dek - FertilityPort Prague","robots":{"index":"index","follow":"follow","max-snippet":"max-snippet:-1","max-image-preview":"max-image-preview:large","max-video-preview":"max-video-preview:-1"},"canonical":"https:\/\/fertilityport.com\/cs\/kopie-darcovstvi-vajicek\/","og_locale":"cs_CZ","og_type":"article","og_title":"Kopie d\u00e1rcovstv\u00ed vaj\u00ed\u010dek - FertilityPort Prague","og_description":"D\u00e1rcovstv\u00ed vaj\u00ed\u010dek Jako d\u00e1rkyn\u011b vaj\u00ed\u010dek budete pro neplodn\u00e9 p\u00e1ry mnohdy jedinou nad\u011bj\u00ed na zalo\u017een\u00ed rodiny. Darujte a spl\u0148te tak p\u00e1r\u016fm sen o kompletn\u00ed rodin\u011b.Darov\u00e1n\u00ed vaj\u00ed\u010dek je dobrovoln\u00e9, anonymn\u00ed a bezplatn\u00e9. D\u00e1rkyn\u011b, p\u0159\u00edjemkyn\u011b i budouc\u00ed d\u00edt\u011b z\u016fst\u00e1vaj\u00ed v \u00fapln\u00e9 anonymit\u011b.Kompenzace u\u0161l\u00fdch v\u00fddaj\u016f spojen\u00fdch s darov\u00e1n\u00edm v\u00e1m bude vyplacena jednor\u00e1zov\u011b v den odb\u011bru vaj\u00ed\u010dek.Co mus\u00edte jako budouc\u00ed [&hellip;]","og_url":"https:\/\/fertilityport.com\/cs\/kopie-darcovstvi-vajicek\/","og_site_name":"FertilityPort Prague","article_modified_time":"2021-04-13T09:42:21+00:00","twitter_card":"summary_large_image","twitter_misc":{"Odhadovan\u00e1 doba \u010dten\u00ed":"5 minut"},"schema":{"@context":"https:\/\/schema.org","@graph":[{"@type":"WebPage","@id":"https:\/\/fertilityport.com\/cs\/kopie-darcovstvi-vajicek\/","url":"https:\/\/fertilityport.com\/cs\/kopie-darcovstvi-vajicek\/","name":"Kopie d\u00e1rcovstv\u00ed vaj\u00ed\u010dek - FertilityPort Prague","isPartOf":{"@id":"https:\/\/fertilityport.com\/#website"},"datePublished":"2021-04-13T09:39:45+00:00","dateModified":"2021-04-13T09:42:21+00:00","breadcrumb":{"@id":"https:\/\/fertilityport.com\/cs\/kopie-darcovstvi-vajicek\/#breadcrumb"},"inLanguage":"cs","potentialAction":[{"@type":"ReadAction","target":["https:\/\/fertilityport.com\/cs\/kopie-darcovstvi-vajicek\/"]}]},{"@type":"BreadcrumbList","@id":"https:\/\/fertilityport.com\/cs\/kopie-darcovstvi-vajicek\/#breadcrumb","itemListElement":[{"@type":"ListItem","position":1,"name":"Home","item":"https:\/\/fertilityport.com\/"},{"@type":"ListItem","position":2,"name":"Kopie d\u00e1rcovstv\u00ed vaj\u00ed\u010dek"}]},{"@type":"WebSite","@id":"https:\/\/fertilityport.com\/#website","url":"https:\/\/fertilityport.com\/","name":"FertilityPort Prague","description":"","potentialAction":[{"@type":"SearchAction","target":{"@type":"EntryPoint","urlTemplate":"https:\/\/fertilityport.com\/?s={search_term_string}"},"query-input":{"@type":"PropertyValueSpecification","valueRequired":true,"valueName":"search_term_string"}}],"inLanguage":"cs"}]}},"_links":{"self":[{"href":"https:\/\/fertilityport.com\/cs\/wp-json\/wp\/v2\/pages\/3715","targetHints":{"allow":["GET"]}}],"collection":[{"href":"https:\/\/fertilityport.com\/cs\/wp-json\/wp\/v2\/pages"}],"about":[{"href":"https:\/\/fertilityport.com\/cs\/wp-json\/wp\/v2\/types\/page"}],"author":[{"embeddable":true,"href":"https:\/\/fertilityport.com\/cs\/wp-json\/wp\/v2\/users\/1"}],"replies":[{"embeddable":true,"href":"https:\/\/fertilityport.com\/cs\/wp-json\/wp\/v2\/comments?post=3715"}],"version-history":[{"count":3,"href":"https:\/\/fertilityport.com\/cs\/wp-json\/wp\/v2\/pages\/3715\/revisions"}],"predecessor-version":[{"id":3719,"href":"https:\/\/fertilityport.com\/cs\/wp-json\/wp\/v2\/pages\/3715\/revisions\/3719"}],"wp:attachment":[{"href":"https:\/\/fertilityport.com\/cs\/wp-json\/wp\/v2\/media?parent=3715"}],"curies":[{"name":"wp","href":"https:\/\/api.w.org\/{rel}","templated":true}]}}