{"id":5344,"date":"2022-04-01T15:33:55","date_gmt":"2022-04-01T13:33:55","guid":{"rendered":"https:\/\/fertilityport.com\/?page_id=5344"},"modified":"2022-05-25T17:23:41","modified_gmt":"2022-05-25T15:23:41","slug":"vyhodne-balicky","status":"publish","type":"page","link":"https:\/\/fertilityport.com\/cs\/vyhodne-balicky\/","title":{"rendered":"V\u00fdhodn\u00e9 bal\u00ed\u010dky"},"content":{"rendered":"<p>[et_pb_section fb_built=&#8220;1&#8243; module_class=&#8220;welcome&#8211;page&#8220; _builder_version=&#8220;4.4.1&#8243; background_image=&#8220;https:\/\/fertilityport.com\/wp-content\/uploads\/2020\/03\/child_fertility_head.jpg&#8220; custom_padding=&#8220;||48px|||&#8220; locked=&#8220;off&#8220; global_colors_info=&#8220;{}&#8220;][et_pb_row column_structure=&#8220;3_5,2_5&#8243; _builder_version=&#8220;4.14.4&#8243; _module_preset=&#8220;default&#8220; locked=&#8220;off&#8220; global_colors_info=&#8220;{}&#8220;][et_pb_column type=&#8220;3_5&#8243; _builder_version=&#8220;4.14.4&#8243; _module_preset=&#8220;default&#8220; global_colors_info=&#8220;{}&#8220;][et_pb_text _builder_version=&#8220;4.14.4&#8243; _module_preset=&#8220;default&#8220; hover_enabled=&#8220;0&#8243; global_colors_info=&#8220;{}&#8220; sticky_enabled=&#8220;0&#8243;]<\/p>\n<h2 class=\"x_MsoNormal\"><strong><span style=\"color: #b28994;\">V\u00fdhodn\u00e9 bal\u00ed\u010dky terapi\u00ed pro zv\u00fd\u0161en\u00ed \u00fasp\u011b\u0161nosti po\u010det\u00ed<\/span><\/strong><\/h2>\n<p>K terapii p\u0159istupujeme pe\u010dliv\u011b a sna\u017e\u00edme se zapojit pr\u00e1v\u011b ty metody, kter\u00e9 jsou nejefektivn\u011bj\u0161\u00ed na cest\u011b k vytou\u017een\u00e9mu v\u00fdsledku. Vytvo\u0159ili jsme pro v\u00e1s bal\u00ed\u010dky s doporu\u010den\u00fdmi kombinacemi postup\u016f a metod.<br \/>\n&nbsp;[\/et_pb_text][\/et_pb_column][et_pb_column type=&#8220;2_5&#8243; _builder_version=&#8220;4.14.4&#8243; _module_preset=&#8220;default&#8220; global_colors_info=&#8220;{}&#8220;][\/et_pb_column][\/et_pb_row][\/et_pb_section][et_pb_section fb_built=&#8220;1&#8243; module_class=&#8220;section&#8211;pushtop&#8220; _builder_version=&#8220;4.4.0&#8243; custom_padding=&#8220;0px||29px|||&#8220; locked=&#8220;off&#8220; global_colors_info=&#8220;{}&#8220; theme_builder_area=&#8220;post_content&#8220;][et_pb_row column_structure=&#8220;1_5,1_5,1_5,1_5,1_5&#8243; use_custom_gutter=&#8220;on&#8220; gutter_width=&#8220;2&#8243; make_equal=&#8220;on&#8220; _builder_version=&#8220;4.4.1&#8243; custom_padding=&#8220;||0px||false|false&#8220; global_colors_info=&#8220;{}&#8220; theme_builder_area=&#8220;post_content&#8220;][et_pb_column type=&#8220;1_5&#8243; _builder_version=&#8220;4.4.0&#8243; global_colors_info=&#8220;{}&#8220; theme_builder_area=&#8220;post_content&#8220;][et_pb_blurb title=&#8220;NeoLife &#8220; url=&#8220;https:\/\/fertilityport.com\/cs\/neolife\/&#8220; image=&#8220;https:\/\/fertilityport.com\/wp-content\/uploads\/2020\/03\/sperm.svg&#8220; module_class=&#8220;blurb&#8211;up blurb&#8211;up&#8211;small&#8220; _builder_version=&#8220;4.14.4&#8243; header_level=&#8220;h2&#8243; text_orientation=&#8220;center&#8220; animation=&#8220;off&#8220; global_colors_info=&#8220;{}&#8220; theme_builder_area=&#8220;post_content&#8220;]<\/p>\n<p><span>Z\u00e1kladn\u00ed bal\u00ed\u010dek IVF s vlastn\u00edmi oocyty<\/span><\/p>\n<p>[\/et_pb_blurb][\/et_pb_column][et_pb_column type=&#8220;1_5&#8243; _builder_version=&#8220;4.4.0&#8243; global_colors_info=&#8220;{}&#8220; theme_builder_area=&#8220;post_content&#8220;][et_pb_blurb title=&#8220;NeoLife+&#8220; url=&#8220;@ET-DC@eyJkeW5hbWljIjp0cnVlLCJjb250ZW50IjoicG9zdF9saW5rX3VybF9wYWdlIiwic2V0dGluZ3MiOnsicG9zdF9pZCI6IjU2MTIifX0=@&#8220; image=&#8220;https:\/\/fertilityport.com\/wp-content\/uploads\/2020\/03\/ultrasound_inside.svg&#8220; module_class=&#8220;blurb&#8211;up blurb&#8211;up&#8211;small&#8220; _builder_version=&#8220;4.14.4&#8243; _dynamic_attributes=&#8220;url&#8220; header_level=&#8220;h2&#8243; text_orientation=&#8220;center&#8220; animation=&#8220;off&#8220; global_colors_info=&#8220;{}&#8220; theme_builder_area=&#8220;post_content&#8220;]<\/p>\n<p><span>Extra bal\u00ed\u010dek IVF s vlastn\u00edmi oocyty obohacen\u00fd o metody zvy\u0161uj\u00edc\u00ed \u00fasp\u011b\u0161nost terapie<\/span><\/p>\n<p>[\/et_pb_blurb][\/et_pb_column][et_pb_column type=&#8220;1_5&#8243; _builder_version=&#8220;4.4.0&#8243; global_colors_info=&#8220;{}&#8220; theme_builder_area=&#8220;post_content&#8220;][et_pb_blurb title=&#8220;Grateful Life&#8220; url=&#8220;@ET-DC@eyJkeW5hbWljIjp0cnVlLCJjb250ZW50IjoicG9zdF9saW5rX3VybF9wYWdlIiwic2V0dGluZ3MiOnsicG9zdF9pZCI6IjU2MTYifX0=@&#8220; image=&#8220;https:\/\/fertilityport.com\/wp-content\/uploads\/2020\/03\/lab.svg&#8220; module_class=&#8220;blurb&#8211;up blurb&#8211;up&#8211;small&#8220; _builder_version=&#8220;4.14.4&#8243; _dynamic_attributes=&#8220;url&#8220; header_level=&#8220;h2&#8243; text_orientation=&#8220;center&#8220; animation=&#8220;off&#8220; global_colors_info=&#8220;{}&#8220; theme_builder_area=&#8220;post_content&#8220;]<\/p>\n<p><span>Z\u00e1kladn\u00ed bal\u00ed\u010dek IVF s darovan\u00fdmi oocyty<\/span><\/p>\n<p>[\/et_pb_blurb][\/et_pb_column][et_pb_column type=&#8220;1_5&#8243; _builder_version=&#8220;4.4.0&#8243; global_colors_info=&#8220;{}&#8220; theme_builder_area=&#8220;post_content&#8220;][et_pb_blurb title=&#8220;Grateful Life+&#8220; url=&#8220;@ET-DC@eyJkeW5hbWljIjp0cnVlLCJjb250ZW50IjoicG9zdF9saW5rX3VybF9wYWdlIiwic2V0dGluZ3MiOnsicG9zdF9pZCI6IjU2MTgifX0=@&#8220; image=&#8220;https:\/\/fertilityport.com\/wp-content\/uploads\/2020\/03\/ultrasound_white.svg&#8220; module_class=&#8220;blurb&#8211;up blurb&#8211;up&#8211;small&#8220; _builder_version=&#8220;4.14.4&#8243; _dynamic_attributes=&#8220;url&#8220; header_level=&#8220;h2&#8243; text_orientation=&#8220;center&#8220; animation=&#8220;off&#8220; global_colors_info=&#8220;{}&#8220; theme_builder_area=&#8220;post_content&#8220;]<\/p>\n<p><span>Extra bal\u00ed\u010dek IVF s darovan\u00fdmi oocyty obohacen\u00fd o metody zvy\u0161uj\u00edc\u00ed \u00fasp\u011b\u0161nost terapie<\/span><\/p>\n<p>[\/et_pb_blurb][\/et_pb_column][et_pb_column type=&#8220;1_5&#8243; _builder_version=&#8220;4.4.0&#8243; global_colors_info=&#8220;{}&#8220; theme_builder_area=&#8220;post_content&#8220;][\/et_pb_column][\/et_pb_row][\/et_pb_section][et_pb_section fb_built=&#8220;1&#8243; module_class=&#8220;section&#8211;pushtop&#8220; _builder_version=&#8220;4.4.0&#8243; custom_padding=&#8220;0px||29px|||&#8220; locked=&#8220;off&#8220; global_colors_info=&#8220;{}&#8220; theme_builder_area=&#8220;post_content&#8220;][et_pb_row column_structure=&#8220;1_5,1_5,1_5,1_5,1_5&#8243; use_custom_gutter=&#8220;on&#8220; gutter_width=&#8220;2&#8243; make_equal=&#8220;on&#8220; _builder_version=&#8220;4.4.1&#8243; custom_padding=&#8220;||0px||false|false&#8220; global_colors_info=&#8220;{}&#8220; theme_builder_area=&#8220;post_content&#8220;][et_pb_column type=&#8220;1_5&#8243; _builder_version=&#8220;4.4.0&#8243; global_colors_info=&#8220;{}&#8220; theme_builder_area=&#8220;post_content&#8220;][et_pb_blurb title=&#8220;Grateful Life++ &#8220; url=&#8220;@ET-DC@eyJkeW5hbWljIjp0cnVlLCJjb250ZW50IjoicG9zdF9saW5rX3VybF9wYWdlIiwic2V0dGluZ3MiOnsicG9zdF9pZCI6IjU2MjAifX0=@&#8220; image=&#8220;https:\/\/fertilityport.com\/wp-content\/uploads\/2020\/03\/sperm.svg&#8220; module_class=&#8220;blurb&#8211;up blurb&#8211;up&#8211;small&#8220; _builder_version=&#8220;4.14.4&#8243; _dynamic_attributes=&#8220;url&#8220; header_level=&#8220;h2&#8243; text_orientation=&#8220;center&#8220; animation=&#8220;off&#8220; global_colors_info=&#8220;{}&#8220; theme_builder_area=&#8220;post_content&#8220;]<\/p>\n<p><span>Zv\u00fdhodn\u011bn\u00fd bal\u00ed\u010dek p\u0159i absolvov\u00e1n\u00ed dvou terapi\u00ed Grateful Life+<\/span><\/p>\n<p>[\/et_pb_blurb][\/et_pb_column][et_pb_column type=&#8220;1_5&#8243; _builder_version=&#8220;4.4.0&#8243; global_colors_info=&#8220;{}&#8220; theme_builder_area=&#8220;post_content&#8220;][et_pb_blurb title=&#8220;Darovan\u00e9 embryo&#8220; url=&#8220;@ET-DC@eyJkeW5hbWljIjp0cnVlLCJjb250ZW50IjoicG9zdF9saW5rX3VybF9wYWdlIiwic2V0dGluZ3MiOnsicG9zdF9pZCI6IjU2MjIifX0=@&#8220; image=&#8220;https:\/\/fertilityport.com\/wp-content\/uploads\/2020\/03\/ultrasound_inside.svg&#8220; module_class=&#8220;blurb&#8211;up blurb&#8211;up&#8211;small&#8220; _builder_version=&#8220;4.14.4&#8243; _dynamic_attributes=&#8220;url&#8220; header_level=&#8220;h2&#8243; text_orientation=&#8220;center&#8220; animation=&#8220;off&#8220; global_colors_info=&#8220;{}&#8220; theme_builder_area=&#8220;post_content&#8220;]<\/p>\n<p><span>Bal\u00ed\u010dek IVF s vyu\u017eit\u00edm darovan\u00fdch embry\u00ed<\/span><\/p>\n<p>[\/et_pb_blurb][\/et_pb_column][et_pb_column type=&#8220;1_5&#8243; _builder_version=&#8220;4.4.0&#8243; global_colors_info=&#8220;{}&#8220; theme_builder_area=&#8220;post_content&#8220;][et_pb_blurb title=&#8220;Social freezing&#8220; url=&#8220;@ET-DC@eyJkeW5hbWljIjp0cnVlLCJjb250ZW50IjoicG9zdF9saW5rX3VybF9wYWdlIiwic2V0dGluZ3MiOnsicG9zdF9pZCI6IjU2MjQifX0=@&#8220; image=&#8220;https:\/\/fertilityport.com\/wp-content\/uploads\/2020\/03\/lab.svg&#8220; module_class=&#8220;blurb&#8211;up blurb&#8211;up&#8211;small&#8220; _builder_version=&#8220;4.14.4&#8243; _dynamic_attributes=&#8220;url&#8220; header_level=&#8220;h2&#8243; text_orientation=&#8220;center&#8220; animation=&#8220;off&#8220; global_colors_info=&#8220;{}&#8220; theme_builder_area=&#8220;post_content&#8220;]<\/p>\n<p><span>Zamrazen\u00ed vaj\u00ed\u010dek nebo spermi\u00ed za \u00fa\u010delem pozd\u011bj\u0161\u00edho pou\u017eit\u00ed jako prevence<\/span><\/p>\n<p>[\/et_pb_blurb][\/et_pb_column][et_pb_column type=&#8220;1_5&#8243; _builder_version=&#8220;4.4.0&#8243; global_colors_info=&#8220;{}&#8220; theme_builder_area=&#8220;post_content&#8220;][et_pb_blurb title=&#8220;Dual stimulace&#8220; url=&#8220;@ET-DC@eyJkeW5hbWljIjp0cnVlLCJjb250ZW50IjoicG9zdF9saW5rX3VybF9wYWdlIiwic2V0dGluZ3MiOnsicG9zdF9pZCI6IjU2MjYifX0=@&#8220; image=&#8220;https:\/\/fertilityport.com\/wp-content\/uploads\/2020\/03\/ultrasound_white.svg&#8220; module_class=&#8220;blurb&#8211;up blurb&#8211;up&#8211;small&#8220; _builder_version=&#8220;4.14.4&#8243; _dynamic_attributes=&#8220;url&#8220; header_level=&#8220;h2&#8243; text_orientation=&#8220;center&#8220; animation=&#8220;off&#8220; global_colors_info=&#8220;{}&#8220; theme_builder_area=&#8220;post_content&#8220;]<\/p>\n<p><span>Bal\u00ed\u010dek IVF s vlastn\u00edmi oocyty s dvoj\u00ed stimulac\u00ed<\/span><\/p>\n<p>[\/et_pb_blurb][\/et_pb_column][et_pb_column type=&#8220;1_5&#8243; _builder_version=&#8220;4.4.0&#8243; global_colors_info=&#8220;{}&#8220; theme_builder_area=&#8220;post_content&#8220;][\/et_pb_column][\/et_pb_row][\/et_pb_section]<\/p>\n","protected":false},"excerpt":{"rendered":"<p>V\u00fdhodn\u00e9 bal\u00ed\u010dky terapi\u00ed pro zv\u00fd\u0161en\u00ed \u00fasp\u011b\u0161nosti po\u010det\u00ed K terapii p\u0159istupujeme pe\u010dliv\u011b a sna\u017e\u00edme se zapojit pr\u00e1v\u011b ty metody, kter\u00e9 jsou nejefektivn\u011bj\u0161\u00ed na cest\u011b k vytou\u017een\u00e9mu v\u00fdsledku. Vytvo\u0159ili jsme pro v\u00e1s bal\u00ed\u010dky s doporu\u010den\u00fdmi kombinacemi postup\u016f a metod. &nbsp;Z\u00e1kladn\u00ed bal\u00ed\u010dek IVF s vlastn\u00edmi oocytyExtra bal\u00ed\u010dek IVF s vlastn\u00edmi oocyty obohacen\u00fd o metody zvy\u0161uj\u00edc\u00ed \u00fasp\u011b\u0161nost terapieZ\u00e1kladn\u00ed bal\u00ed\u010dek [&hellip;]<\/p>\n","protected":false},"author":9,"featured_media":0,"parent":0,"menu_order":0,"comment_status":"closed","ping_status":"closed","template":"","meta":{"_acf_changed":false,"_et_pb_use_builder":"on","_et_pb_old_content":"","_et_gb_content_width":"","footnotes":""},"class_list":["post-5344","page","type-page","status-publish","hentry"],"acf":[],"yoast_head":"<!-- This site is optimized with the Yoast SEO plugin v27.5 - https:\/\/yoast.com\/product\/yoast-seo-wordpress\/ -->\n<title>V\u00fdhodn\u00e9 bal\u00ed\u010dky - FertilityPort Prague<\/title>\n<meta name=\"robots\" content=\"index, follow, max-snippet:-1, max-image-preview:large, max-video-preview:-1\" \/>\n<link rel=\"canonical\" href=\"https:\/\/fertilityport.com\/cs\/vyhodne-balicky\/\" \/>\n<meta property=\"og:locale\" content=\"cs_CZ\" \/>\n<meta property=\"og:type\" content=\"article\" \/>\n<meta property=\"og:title\" content=\"V\u00fdhodn\u00e9 bal\u00ed\u010dky - FertilityPort Prague\" \/>\n<meta property=\"og:description\" content=\"V\u00fdhodn\u00e9 bal\u00ed\u010dky terapi\u00ed pro zv\u00fd\u0161en\u00ed \u00fasp\u011b\u0161nosti po\u010det\u00ed K terapii p\u0159istupujeme pe\u010dliv\u011b a sna\u017e\u00edme se zapojit pr\u00e1v\u011b ty metody, kter\u00e9 jsou nejefektivn\u011bj\u0161\u00ed na cest\u011b k vytou\u017een\u00e9mu v\u00fdsledku. Vytvo\u0159ili jsme pro v\u00e1s bal\u00ed\u010dky s doporu\u010den\u00fdmi kombinacemi postup\u016f a metod. &nbsp;Z\u00e1kladn\u00ed bal\u00ed\u010dek IVF s vlastn\u00edmi oocytyExtra bal\u00ed\u010dek IVF s vlastn\u00edmi oocyty obohacen\u00fd o metody zvy\u0161uj\u00edc\u00ed \u00fasp\u011b\u0161nost terapieZ\u00e1kladn\u00ed bal\u00ed\u010dek [&hellip;]\" \/>\n<meta property=\"og:url\" content=\"https:\/\/fertilityport.com\/cs\/vyhodne-balicky\/\" \/>\n<meta property=\"og:site_name\" content=\"FertilityPort Prague\" \/>\n<meta property=\"article:modified_time\" content=\"2022-05-25T15:23:41+00:00\" \/>\n<meta name=\"twitter:card\" content=\"summary_large_image\" \/>\n<meta name=\"twitter:label1\" content=\"Odhadovan\u00e1 doba \u010dten\u00ed\" \/>\n\t<meta name=\"twitter:data1\" content=\"5 minut\" \/>\n<script type=\"application\/ld+json\" class=\"yoast-schema-graph\">{\"@context\":\"https:\\\/\\\/schema.org\",\"@graph\":[{\"@type\":\"WebPage\",\"@id\":\"https:\\\/\\\/fertilityport.com\\\/cs\\\/vyhodne-balicky\\\/\",\"url\":\"https:\\\/\\\/fertilityport.com\\\/cs\\\/vyhodne-balicky\\\/\",\"name\":\"V\u00fdhodn\u00e9 bal\u00ed\u010dky - FertilityPort Prague\",\"isPartOf\":{\"@id\":\"https:\\\/\\\/fertilityport.com\\\/#website\"},\"datePublished\":\"2022-04-01T13:33:55+00:00\",\"dateModified\":\"2022-05-25T15:23:41+00:00\",\"breadcrumb\":{\"@id\":\"https:\\\/\\\/fertilityport.com\\\/cs\\\/vyhodne-balicky\\\/#breadcrumb\"},\"inLanguage\":\"cs\",\"potentialAction\":[{\"@type\":\"ReadAction\",\"target\":[\"https:\\\/\\\/fertilityport.com\\\/cs\\\/vyhodne-balicky\\\/\"]}]},{\"@type\":\"BreadcrumbList\",\"@id\":\"https:\\\/\\\/fertilityport.com\\\/cs\\\/vyhodne-balicky\\\/#breadcrumb\",\"itemListElement\":[{\"@type\":\"ListItem\",\"position\":1,\"name\":\"Home\",\"item\":\"https:\\\/\\\/fertilityport.com\\\/\"},{\"@type\":\"ListItem\",\"position\":2,\"name\":\"V\u00fdhodn\u00e9 bal\u00ed\u010dky\"}]},{\"@type\":\"WebSite\",\"@id\":\"https:\\\/\\\/fertilityport.com\\\/#website\",\"url\":\"https:\\\/\\\/fertilityport.com\\\/\",\"name\":\"FertilityPort Prague\",\"description\":\"\",\"potentialAction\":[{\"@type\":\"SearchAction\",\"target\":{\"@type\":\"EntryPoint\",\"urlTemplate\":\"https:\\\/\\\/fertilityport.com\\\/?s={search_term_string}\"},\"query-input\":{\"@type\":\"PropertyValueSpecification\",\"valueRequired\":true,\"valueName\":\"search_term_string\"}}],\"inLanguage\":\"cs\"}]}<\/script>\n<!-- \/ Yoast SEO plugin. -->","yoast_head_json":{"title":"V\u00fdhodn\u00e9 bal\u00ed\u010dky - FertilityPort Prague","robots":{"index":"index","follow":"follow","max-snippet":"max-snippet:-1","max-image-preview":"max-image-preview:large","max-video-preview":"max-video-preview:-1"},"canonical":"https:\/\/fertilityport.com\/cs\/vyhodne-balicky\/","og_locale":"cs_CZ","og_type":"article","og_title":"V\u00fdhodn\u00e9 bal\u00ed\u010dky - FertilityPort Prague","og_description":"V\u00fdhodn\u00e9 bal\u00ed\u010dky terapi\u00ed pro zv\u00fd\u0161en\u00ed \u00fasp\u011b\u0161nosti po\u010det\u00ed K terapii p\u0159istupujeme pe\u010dliv\u011b a sna\u017e\u00edme se zapojit pr\u00e1v\u011b ty metody, kter\u00e9 jsou nejefektivn\u011bj\u0161\u00ed na cest\u011b k vytou\u017een\u00e9mu v\u00fdsledku. Vytvo\u0159ili jsme pro v\u00e1s bal\u00ed\u010dky s doporu\u010den\u00fdmi kombinacemi postup\u016f a metod. &nbsp;Z\u00e1kladn\u00ed bal\u00ed\u010dek IVF s vlastn\u00edmi oocytyExtra bal\u00ed\u010dek IVF s vlastn\u00edmi oocyty obohacen\u00fd o metody zvy\u0161uj\u00edc\u00ed \u00fasp\u011b\u0161nost terapieZ\u00e1kladn\u00ed bal\u00ed\u010dek [&hellip;]","og_url":"https:\/\/fertilityport.com\/cs\/vyhodne-balicky\/","og_site_name":"FertilityPort Prague","article_modified_time":"2022-05-25T15:23:41+00:00","twitter_card":"summary_large_image","twitter_misc":{"Odhadovan\u00e1 doba \u010dten\u00ed":"5 minut"},"schema":{"@context":"https:\/\/schema.org","@graph":[{"@type":"WebPage","@id":"https:\/\/fertilityport.com\/cs\/vyhodne-balicky\/","url":"https:\/\/fertilityport.com\/cs\/vyhodne-balicky\/","name":"V\u00fdhodn\u00e9 bal\u00ed\u010dky - FertilityPort Prague","isPartOf":{"@id":"https:\/\/fertilityport.com\/#website"},"datePublished":"2022-04-01T13:33:55+00:00","dateModified":"2022-05-25T15:23:41+00:00","breadcrumb":{"@id":"https:\/\/fertilityport.com\/cs\/vyhodne-balicky\/#breadcrumb"},"inLanguage":"cs","potentialAction":[{"@type":"ReadAction","target":["https:\/\/fertilityport.com\/cs\/vyhodne-balicky\/"]}]},{"@type":"BreadcrumbList","@id":"https:\/\/fertilityport.com\/cs\/vyhodne-balicky\/#breadcrumb","itemListElement":[{"@type":"ListItem","position":1,"name":"Home","item":"https:\/\/fertilityport.com\/"},{"@type":"ListItem","position":2,"name":"V\u00fdhodn\u00e9 bal\u00ed\u010dky"}]},{"@type":"WebSite","@id":"https:\/\/fertilityport.com\/#website","url":"https:\/\/fertilityport.com\/","name":"FertilityPort Prague","description":"","potentialAction":[{"@type":"SearchAction","target":{"@type":"EntryPoint","urlTemplate":"https:\/\/fertilityport.com\/?s={search_term_string}"},"query-input":{"@type":"PropertyValueSpecification","valueRequired":true,"valueName":"search_term_string"}}],"inLanguage":"cs"}]}},"_links":{"self":[{"href":"https:\/\/fertilityport.com\/cs\/wp-json\/wp\/v2\/pages\/5344","targetHints":{"allow":["GET"]}}],"collection":[{"href":"https:\/\/fertilityport.com\/cs\/wp-json\/wp\/v2\/pages"}],"about":[{"href":"https:\/\/fertilityport.com\/cs\/wp-json\/wp\/v2\/types\/page"}],"author":[{"embeddable":true,"href":"https:\/\/fertilityport.com\/cs\/wp-json\/wp\/v2\/users\/9"}],"replies":[{"embeddable":true,"href":"https:\/\/fertilityport.com\/cs\/wp-json\/wp\/v2\/comments?post=5344"}],"version-history":[{"count":14,"href":"https:\/\/fertilityport.com\/cs\/wp-json\/wp\/v2\/pages\/5344\/revisions"}],"predecessor-version":[{"id":5728,"href":"https:\/\/fertilityport.com\/cs\/wp-json\/wp\/v2\/pages\/5344\/revisions\/5728"}],"wp:attachment":[{"href":"https:\/\/fertilityport.com\/cs\/wp-json\/wp\/v2\/media?parent=5344"}],"curies":[{"name":"wp","href":"https:\/\/api.w.org\/{rel}","templated":true}]}}