{"id":5396,"date":"2022-04-04T08:34:43","date_gmt":"2022-04-04T06:34:43","guid":{"rendered":"https:\/\/fertilityport.com\/?page_id=5396"},"modified":"2022-04-04T09:57:47","modified_gmt":"2022-04-04T07:57:47","slug":"metody-vyberu-spermii","status":"publish","type":"page","link":"https:\/\/fertilityport.com\/cs\/metody-vyberu-spermii\/","title":{"rendered":"Metody v\u00fdb\u011bru spermi\u00ed"},"content":{"rendered":"<p>[et_pb_section fb_built=&#8220;1&#8243; _builder_version=&#8220;4.14.4&#8243; background_color=&#8220;#e2e2e2&#8243; background_enable_image=&#8220;off&#8220; custom_padding=&#8220;||0px|||&#8220; locked=&#8220;off&#8220; global_colors_info=&#8220;{}&#8220;][et_pb_row column_structure=&#8220;2_3,1_3&#8243; _builder_version=&#8220;4.14.4&#8243; custom_padding=&#8220;||0px|||&#8220; global_colors_info=&#8220;{}&#8220; min_height=&#8220;124px&#8220;][et_pb_column type=&#8220;2_3&#8243; _builder_version=&#8220;4.4.0&#8243; global_colors_info=&#8220;{}&#8220;][et_pb_text admin_label=&#8220;Text&#8220; module_class=&#8220;c_blurb&#8220; _builder_version=&#8220;4.14.4&#8243; global_colors_info=&#8220;{}&#8220;]<\/p>\n<h1>Metody v\u00fdb\u011bru spermi\u00ed<\/h1>\n<p>[\/et_pb_text][\/et_pb_column][et_pb_column type=&#8220;1_3&#8243; _builder_version=&#8220;4.4.0&#8243; global_colors_info=&#8220;{}&#8220;][\/et_pb_column][\/et_pb_row][\/et_pb_section][et_pb_section fb_built=&#8220;1&#8243; admin_label=&#8220;section&#8220; _builder_version=&#8220;3.22&#8243; custom_padding=&#8220;8px|||||&#8220; global_colors_info=&#8220;{}&#8220;][et_pb_row admin_label=&#8220;row&#8220; _builder_version=&#8220;3.25&#8243; background_size=&#8220;initial&#8220; background_position=&#8220;top_left&#8220; background_repeat=&#8220;repeat&#8220; width=&#8220;52.1%&#8220; global_colors_info=&#8220;{}&#8220;][et_pb_column type=&#8220;4_4&#8243; _builder_version=&#8220;3.25&#8243; custom_padding=&#8220;|||&#8220; global_colors_info=&#8220;{}&#8220; custom_padding__hover=&#8220;|||&#8220;][et_pb_text admin_label=&#8220;Text&#8220; _builder_version=&#8220;3.27.4&#8243; background_size=&#8220;initial&#8220; background_position=&#8220;top_left&#8220; background_repeat=&#8220;repeat&#8220; width=&#8220;113.1%&#8220; custom_margin=&#8220;|||-146px||&#8220; custom_padding=&#8220;|47px||0px||&#8220; global_colors_info=&#8220;{}&#8220;]<\/p>\n<p style=\"text-align: justify;\">I ejakul\u00e1t, kter\u00fd je dle norem Sv\u011btov\u00e9 zdravotnick\u00e9 organizace (WHO) naprosto v\u00a0po\u0159\u00e1dku, obsahuje a\u017e 96 % spermi\u00ed, kter\u00e9 jsou abnorm\u00e1ln\u00ed a nevhodn\u00e9 pro oplozen\u00ed vaj\u00ed\u010dka. Na\u0161\u00edm \u00fakolem je odd\u011blit kvalitn\u00ed spermie, a z\u00a0nich vybrat ty nejlep\u0161\u00ed.<\/p>\n<p style=\"text-align: justify;\">Pou\u017e\u00edv\u00e1me metody, kter\u00e9 jsou \u0161etrn\u00e9 a z\u00e1rove\u0148 umo\u017e\u0148uj\u00ed zisk spermi\u00ed, kter\u00e9 jsou vzhledov\u011b v\u00a0po\u0159\u00e1dku, jsou vysoce pohybliv\u00e9, a nav\u00edc je u nich i v\u00fdrazn\u011b ni\u017e\u0161\u00ed riziko po\u0161kozen\u00ed jejich DNA. Pr\u00e1v\u011b pou\u017eit\u00ed selek\u010dn\u00ed metody pro v\u00fdb\u011br spermi\u00ed s\u00a0nepo\u0161kozenou DNA je velmi d\u016fle\u017eit\u00e9, nebo\u0165 DNA a jej\u00ed p\u0159\u00edpadn\u00e9 po\u0161kozen\u00ed nelze pozorovat pod sv\u011bteln\u00fdm mikroskopem, a to ani s\u00a0nejlep\u0161\u00edm vybaven\u00ed a p\u0159i nejv\u011bt\u0161\u00edm mo\u017en\u00e9m zv\u011bt\u0161en\u00ed. Z\u00e1rove\u0148 spermie s po\u0161kozenou DNA m\u016f\u017ee m\u00edt schopnost oplodnit vaj\u00ed\u010dko, nicm\u00e9n\u011b tato skute\u010dnost m\u016f\u017ee m\u00edt negativn\u00ed dopad na n\u00e1sledn\u00fd v\u00fdvoj embrya.<\/p>\n<p style=\"text-align: justify;\">Selekce spermi\u00ed je tedy d\u016fle\u017eit\u00e1 pro dosa\u017een\u00ed \u00fasp\u011b\u0161n\u00e9ho oplodn\u011bn\u00ed vaj\u00ed\u010dka, pro kvalitn\u00ed v\u00fdvoj embrya a t\u00edm vlastn\u011b pro cel\u00fd pr\u016fb\u011bh t\u011bhotenstv\u00ed.<\/p>\n<h2 style=\"text-align: justify;\">Microfluidic Sperm Sorting<\/h2>\n<p style=\"text-align: justify;\">Na z\u00e1klad\u011b znalost\u00ed z\u00edskan\u00fdch ze sou\u010dasn\u00e9 odborn\u00e9 literatury i z\u00a0vlastn\u00edch zku\u0161enost\u00ed doporu\u010dujeme metodu selekce spermi\u00ed s\u00a0mikrofluidn\u00edmi \u010dipy jako optim\u00e1ln\u00ed metodu v\u00fdb\u011bru kvalitn\u00edch spermi\u00ed.<\/p>\n<p style=\"text-align: justify;\">Metoda je ke spermi\u00edm velice \u0161etrn\u00e1, nebo\u0165 nevy\u017eaduje \u017e\u00e1dnou p\u0159edchoz\u00ed \u00fapravu vzorku a sni\u017euje tak oxidativn\u00ed stres spermi\u00ed zp\u016fsoben\u00fd voln\u00fdmi radik\u00e1ly, ke kter\u00e9mu m\u016f\u017ee doch\u00e1zet p\u0159i standardn\u00ed p\u0159\u00edprav\u011b spermi\u00ed, kdy jsou spermie selektov\u00e1ny centrifugac\u00ed p\u016fsoben\u00edm odst\u0159ediv\u00e9 s\u00edly. Naopak je zde v\u00fdb\u011br umo\u017en\u011bn napodoben\u00edm p\u0159irozen\u00e9ho prost\u0159ed\u00ed ve vejcovodech. Spermie proch\u00e1zej\u00ed soustavou mikrofluidn\u00edch membr\u00e1n a do koncov\u00e9 \u010d\u00e1sti \u010dipu, odkud vyt\u0159\u00edd\u011bn\u00e9 spermie odeb\u00edr\u00e1me, se dost\u00e1vaj\u00ed jen ty rychle pohybliv\u00e9 a bez v\u00fdrazn\u00fdch tvarov\u00fdch odchylek. Takto vyt\u0159\u00edd\u011bn\u00e9 spermie tak vykazuj\u00ed men\u0161\u00ed mno\u017estv\u00ed vzhledov\u00fdch abnormalit, maj\u00ed v\u00fdrazn\u011b lep\u0161\u00ed pohyblivost, \u017eivotaschopnost a v\u00fdrazn\u011b ni\u017e\u0161\u00ed po\u0161kozen\u00ed DNA.<\/p>\n<h2 style=\"text-align: justify;\">MACS test<\/h2>\n<p style=\"text-align: justify;\">Metoda MACS je zalo\u017eena na v\u00fdb\u011bru kvalitn\u00edch spermi\u00ed pomoc\u00ed magnetick\u00fdch nano\u010d\u00e1stic. Metoda, podobn\u011b jako pou\u017eit\u00ed mikrofluidn\u00edch \u010dip\u016f, zaji\u0161\u0165uje v\u00fdb\u011br spermi\u00ed, kter\u00e9 vykazuj\u00ed men\u0161\u00ed mno\u017estv\u00ed vzhledov\u00fdch abnormalit, maj\u00ed lep\u0161\u00ed pohyblivost, \u017eivotaschopnost a ni\u017e\u0161\u00ed po\u0161kozen\u00ed DNA.<\/p>\n<p>[\/et_pb_text][\/et_pb_column][\/et_pb_row][\/et_pb_section]<\/p>\n","protected":false},"excerpt":{"rendered":"<p>Metody v\u00fdb\u011bru spermi\u00edI ejakul\u00e1t, kter\u00fd je dle norem Sv\u011btov\u00e9 zdravotnick\u00e9 organizace (WHO) naprosto v\u00a0po\u0159\u00e1dku, obsahuje a\u017e 96 % spermi\u00ed, kter\u00e9 jsou abnorm\u00e1ln\u00ed a nevhodn\u00e9 pro oplozen\u00ed vaj\u00ed\u010dka. Na\u0161\u00edm \u00fakolem je odd\u011blit kvalitn\u00ed spermie, a z\u00a0nich vybrat ty nejlep\u0161\u00ed. Pou\u017e\u00edv\u00e1me metody, kter\u00e9 jsou \u0161etrn\u00e9 a z\u00e1rove\u0148 umo\u017e\u0148uj\u00ed zisk spermi\u00ed, kter\u00e9 jsou vzhledov\u011b v\u00a0po\u0159\u00e1dku, jsou vysoce pohybliv\u00e9, [&hellip;]<\/p>\n","protected":false},"author":9,"featured_media":0,"parent":0,"menu_order":0,"comment_status":"closed","ping_status":"closed","template":"","meta":{"_acf_changed":false,"_et_pb_use_builder":"on","_et_pb_old_content":"I ejakul\u00e1t, kter\u00fd je dle norem Sv\u011btov\u00e9 zdravotnick\u00e9 organizace (WHO) naprosto v\u00a0po\u0159\u00e1dku, obsahuje a\u017e 96 % spermi\u00ed, kter\u00e9 jsou abnorm\u00e1ln\u00ed a nevhodn\u00e9 pro oplozen\u00ed vaj\u00ed\u010dka. Na\u0161\u00edm \u00fakolem je odd\u011blit kvalitn\u00ed spermie, a z\u00a0nich vybrat ty nejlep\u0161\u00ed.\r\n\r\nPou\u017e\u00edv\u00e1me metody, kter\u00e9 jsou \u0161etrn\u00e9 a z\u00e1rove\u0148 umo\u017e\u0148uj\u00ed zisk spermi\u00ed, kter\u00e9 jsou vzhledov\u011b v\u00a0po\u0159\u00e1dku, jsou vysoce pohybliv\u00e9, a nav\u00edc je u nich i v\u00fdrazn\u011b ni\u017e\u0161\u00ed riziko po\u0161kozen\u00ed jejich DNA. Pr\u00e1v\u011b pou\u017eit\u00ed selek\u010dn\u00ed metody pro v\u00fdb\u011br spermi\u00ed s\u00a0nepo\u0161kozenou DNA je velmi d\u016fle\u017eit\u00e9, nebo\u0165 DNA a jej\u00ed p\u0159\u00edpadn\u00e9 po\u0161kozen\u00ed nelze pozorovat pod sv\u011bteln\u00fdm mikroskopem, a to ani s\u00a0nejlep\u0161\u00edm vybaven\u00ed a p\u0159i nejv\u011bt\u0161\u00edm mo\u017en\u00e9m zv\u011bt\u0161en\u00ed. Z\u00e1rove\u0148 spermie s po\u0161kozenou DNA m\u016f\u017ee m\u00edt schopnost oplodnit vaj\u00ed\u010dko, nicm\u00e9n\u011b tato skute\u010dnost m\u016f\u017ee m\u00edt negativn\u00ed dopad na n\u00e1sledn\u00fd v\u00fdvoj embrya.\r\n\r\nSelekce spermi\u00ed je tedy d\u016fle\u017eit\u00e1 pro dosa\u017een\u00ed \u00fasp\u011b\u0161n\u00e9ho oplodn\u011bn\u00ed vaj\u00ed\u010dka, pro kvalitn\u00ed v\u00fdvoj embrya a t\u00edm vlastn\u011b pro cel\u00fd pr\u016fb\u011bh t\u011bhotenstv\u00ed.\r\n<h2>Microfluidic Sperm Sorting<\/h2>\r\nNa z\u00e1klad\u011b znalost\u00ed z\u00edskan\u00fdch ze sou\u010dasn\u00e9 odborn\u00e9 literatury i z\u00a0vlastn\u00edch zku\u0161enost\u00ed doporu\u010dujeme metodu selekce spermi\u00ed s\u00a0mikrofluidn\u00edmi \u010dipy jako optim\u00e1ln\u00ed metodu v\u00fdb\u011bru kvalitn\u00edch spermi\u00ed.\r\n\r\nMetoda je ke spermi\u00edm velice \u0161etrn\u00e1, nebo\u0165 nevy\u017eaduje \u017e\u00e1dnou p\u0159edchoz\u00ed \u00fapravu vzorku a sni\u017euje tak oxidativn\u00ed stres spermi\u00ed zp\u016fsoben\u00fd voln\u00fdmi radik\u00e1ly, ke kter\u00e9mu m\u016f\u017ee doch\u00e1zet p\u0159i standardn\u00ed p\u0159\u00edprav\u011b spermi\u00ed, kdy jsou spermie selektov\u00e1ny centrifugac\u00ed p\u016fsoben\u00edm odst\u0159ediv\u00e9 s\u00edly. Naopak je zde v\u00fdb\u011br umo\u017en\u011bn napodoben\u00edm p\u0159irozen\u00e9ho prost\u0159ed\u00ed ve vejcovodech. Spermie proch\u00e1zej\u00ed soustavou mikrofluidn\u00edch membr\u00e1n a do koncov\u00e9 \u010d\u00e1sti \u010dipu, odkud vyt\u0159\u00edd\u011bn\u00e9 spermie odeb\u00edr\u00e1me, se dost\u00e1vaj\u00ed jen ty rychle pohybliv\u00e9 a bez v\u00fdrazn\u00fdch tvarov\u00fdch odchylek. Takto vyt\u0159\u00edd\u011bn\u00e9 spermie tak vykazuj\u00ed men\u0161\u00ed mno\u017estv\u00ed vzhledov\u00fdch abnormalit, maj\u00ed v\u00fdrazn\u011b lep\u0161\u00ed pohyblivost, \u017eivotaschopnost a v\u00fdrazn\u011b ni\u017e\u0161\u00ed po\u0161kozen\u00ed DNA.\r\n<h2>MACS test<\/h2>\r\nMetoda MACS je zalo\u017eena na v\u00fdb\u011bru kvalitn\u00edch spermi\u00ed pomoc\u00ed magnetick\u00fdch nano\u010d\u00e1stic. Metoda, podobn\u011b jako pou\u017eit\u00ed mikrofluidn\u00edch \u010dip\u016f, zaji\u0161\u0165uje v\u00fdb\u011br spermi\u00ed, kter\u00e9 vykazuj\u00ed men\u0161\u00ed mno\u017estv\u00ed vzhledov\u00fdch abnormalit, maj\u00ed lep\u0161\u00ed pohyblivost, \u017eivotaschopnost a ni\u017e\u0161\u00ed po\u0161kozen\u00ed DNA.","_et_gb_content_width":"","footnotes":""},"class_list":["post-5396","page","type-page","status-publish","hentry"],"acf":[],"yoast_head":"<!-- This site is optimized with the Yoast SEO plugin v27.5 - https:\/\/yoast.com\/product\/yoast-seo-wordpress\/ -->\n<title>Metody v\u00fdb\u011bru spermi\u00ed - FertilityPort Prague<\/title>\n<meta name=\"robots\" content=\"index, follow, max-snippet:-1, max-image-preview:large, max-video-preview:-1\" \/>\n<link rel=\"canonical\" href=\"https:\/\/fertilityport.com\/cs\/metody-vyberu-spermii\/\" \/>\n<meta property=\"og:locale\" content=\"cs_CZ\" \/>\n<meta property=\"og:type\" content=\"article\" \/>\n<meta property=\"og:title\" content=\"Metody v\u00fdb\u011bru spermi\u00ed - FertilityPort Prague\" \/>\n<meta property=\"og:description\" content=\"Metody v\u00fdb\u011bru spermi\u00edI ejakul\u00e1t, kter\u00fd je dle norem Sv\u011btov\u00e9 zdravotnick\u00e9 organizace (WHO) naprosto v\u00a0po\u0159\u00e1dku, obsahuje a\u017e 96 % spermi\u00ed, kter\u00e9 jsou abnorm\u00e1ln\u00ed a nevhodn\u00e9 pro oplozen\u00ed vaj\u00ed\u010dka. Na\u0161\u00edm \u00fakolem je odd\u011blit kvalitn\u00ed spermie, a z\u00a0nich vybrat ty nejlep\u0161\u00ed. Pou\u017e\u00edv\u00e1me metody, kter\u00e9 jsou \u0161etrn\u00e9 a z\u00e1rove\u0148 umo\u017e\u0148uj\u00ed zisk spermi\u00ed, kter\u00e9 jsou vzhledov\u011b v\u00a0po\u0159\u00e1dku, jsou vysoce pohybliv\u00e9, [&hellip;]\" \/>\n<meta property=\"og:url\" content=\"https:\/\/fertilityport.com\/cs\/metody-vyberu-spermii\/\" \/>\n<meta property=\"og:site_name\" content=\"FertilityPort Prague\" \/>\n<meta property=\"article:modified_time\" content=\"2022-04-04T07:57:47+00:00\" \/>\n<meta name=\"twitter:card\" content=\"summary_large_image\" \/>\n<meta name=\"twitter:label1\" content=\"Odhadovan\u00e1 doba \u010dten\u00ed\" \/>\n\t<meta name=\"twitter:data1\" content=\"3 minuty\" \/>\n<script type=\"application\/ld+json\" class=\"yoast-schema-graph\">{\"@context\":\"https:\\\/\\\/schema.org\",\"@graph\":[{\"@type\":\"WebPage\",\"@id\":\"https:\\\/\\\/fertilityport.com\\\/cs\\\/metody-vyberu-spermii\\\/\",\"url\":\"https:\\\/\\\/fertilityport.com\\\/cs\\\/metody-vyberu-spermii\\\/\",\"name\":\"Metody v\u00fdb\u011bru spermi\u00ed - FertilityPort Prague\",\"isPartOf\":{\"@id\":\"https:\\\/\\\/fertilityport.com\\\/#website\"},\"datePublished\":\"2022-04-04T06:34:43+00:00\",\"dateModified\":\"2022-04-04T07:57:47+00:00\",\"breadcrumb\":{\"@id\":\"https:\\\/\\\/fertilityport.com\\\/cs\\\/metody-vyberu-spermii\\\/#breadcrumb\"},\"inLanguage\":\"cs\",\"potentialAction\":[{\"@type\":\"ReadAction\",\"target\":[\"https:\\\/\\\/fertilityport.com\\\/cs\\\/metody-vyberu-spermii\\\/\"]}]},{\"@type\":\"BreadcrumbList\",\"@id\":\"https:\\\/\\\/fertilityport.com\\\/cs\\\/metody-vyberu-spermii\\\/#breadcrumb\",\"itemListElement\":[{\"@type\":\"ListItem\",\"position\":1,\"name\":\"Home\",\"item\":\"https:\\\/\\\/fertilityport.com\\\/\"},{\"@type\":\"ListItem\",\"position\":2,\"name\":\"Metody v\u00fdb\u011bru spermi\u00ed\"}]},{\"@type\":\"WebSite\",\"@id\":\"https:\\\/\\\/fertilityport.com\\\/#website\",\"url\":\"https:\\\/\\\/fertilityport.com\\\/\",\"name\":\"FertilityPort Prague\",\"description\":\"\",\"potentialAction\":[{\"@type\":\"SearchAction\",\"target\":{\"@type\":\"EntryPoint\",\"urlTemplate\":\"https:\\\/\\\/fertilityport.com\\\/?s={search_term_string}\"},\"query-input\":{\"@type\":\"PropertyValueSpecification\",\"valueRequired\":true,\"valueName\":\"search_term_string\"}}],\"inLanguage\":\"cs\"}]}<\/script>\n<!-- \/ Yoast SEO plugin. -->","yoast_head_json":{"title":"Metody v\u00fdb\u011bru spermi\u00ed - FertilityPort Prague","robots":{"index":"index","follow":"follow","max-snippet":"max-snippet:-1","max-image-preview":"max-image-preview:large","max-video-preview":"max-video-preview:-1"},"canonical":"https:\/\/fertilityport.com\/cs\/metody-vyberu-spermii\/","og_locale":"cs_CZ","og_type":"article","og_title":"Metody v\u00fdb\u011bru spermi\u00ed - FertilityPort Prague","og_description":"Metody v\u00fdb\u011bru spermi\u00edI ejakul\u00e1t, kter\u00fd je dle norem Sv\u011btov\u00e9 zdravotnick\u00e9 organizace (WHO) naprosto v\u00a0po\u0159\u00e1dku, obsahuje a\u017e 96 % spermi\u00ed, kter\u00e9 jsou abnorm\u00e1ln\u00ed a nevhodn\u00e9 pro oplozen\u00ed vaj\u00ed\u010dka. Na\u0161\u00edm \u00fakolem je odd\u011blit kvalitn\u00ed spermie, a z\u00a0nich vybrat ty nejlep\u0161\u00ed. Pou\u017e\u00edv\u00e1me metody, kter\u00e9 jsou \u0161etrn\u00e9 a z\u00e1rove\u0148 umo\u017e\u0148uj\u00ed zisk spermi\u00ed, kter\u00e9 jsou vzhledov\u011b v\u00a0po\u0159\u00e1dku, jsou vysoce pohybliv\u00e9, [&hellip;]","og_url":"https:\/\/fertilityport.com\/cs\/metody-vyberu-spermii\/","og_site_name":"FertilityPort Prague","article_modified_time":"2022-04-04T07:57:47+00:00","twitter_card":"summary_large_image","twitter_misc":{"Odhadovan\u00e1 doba \u010dten\u00ed":"3 minuty"},"schema":{"@context":"https:\/\/schema.org","@graph":[{"@type":"WebPage","@id":"https:\/\/fertilityport.com\/cs\/metody-vyberu-spermii\/","url":"https:\/\/fertilityport.com\/cs\/metody-vyberu-spermii\/","name":"Metody v\u00fdb\u011bru spermi\u00ed - FertilityPort Prague","isPartOf":{"@id":"https:\/\/fertilityport.com\/#website"},"datePublished":"2022-04-04T06:34:43+00:00","dateModified":"2022-04-04T07:57:47+00:00","breadcrumb":{"@id":"https:\/\/fertilityport.com\/cs\/metody-vyberu-spermii\/#breadcrumb"},"inLanguage":"cs","potentialAction":[{"@type":"ReadAction","target":["https:\/\/fertilityport.com\/cs\/metody-vyberu-spermii\/"]}]},{"@type":"BreadcrumbList","@id":"https:\/\/fertilityport.com\/cs\/metody-vyberu-spermii\/#breadcrumb","itemListElement":[{"@type":"ListItem","position":1,"name":"Home","item":"https:\/\/fertilityport.com\/"},{"@type":"ListItem","position":2,"name":"Metody v\u00fdb\u011bru spermi\u00ed"}]},{"@type":"WebSite","@id":"https:\/\/fertilityport.com\/#website","url":"https:\/\/fertilityport.com\/","name":"FertilityPort Prague","description":"","potentialAction":[{"@type":"SearchAction","target":{"@type":"EntryPoint","urlTemplate":"https:\/\/fertilityport.com\/?s={search_term_string}"},"query-input":{"@type":"PropertyValueSpecification","valueRequired":true,"valueName":"search_term_string"}}],"inLanguage":"cs"}]}},"_links":{"self":[{"href":"https:\/\/fertilityport.com\/cs\/wp-json\/wp\/v2\/pages\/5396","targetHints":{"allow":["GET"]}}],"collection":[{"href":"https:\/\/fertilityport.com\/cs\/wp-json\/wp\/v2\/pages"}],"about":[{"href":"https:\/\/fertilityport.com\/cs\/wp-json\/wp\/v2\/types\/page"}],"author":[{"embeddable":true,"href":"https:\/\/fertilityport.com\/cs\/wp-json\/wp\/v2\/users\/9"}],"replies":[{"embeddable":true,"href":"https:\/\/fertilityport.com\/cs\/wp-json\/wp\/v2\/comments?post=5396"}],"version-history":[{"count":4,"href":"https:\/\/fertilityport.com\/cs\/wp-json\/wp\/v2\/pages\/5396\/revisions"}],"predecessor-version":[{"id":5421,"href":"https:\/\/fertilityport.com\/cs\/wp-json\/wp\/v2\/pages\/5396\/revisions\/5421"}],"wp:attachment":[{"href":"https:\/\/fertilityport.com\/cs\/wp-json\/wp\/v2\/media?parent=5396"}],"curies":[{"name":"wp","href":"https:\/\/api.w.org\/{rel}","templated":true}]}}