{"id":5399,"date":"2022-04-04T09:34:30","date_gmt":"2022-04-04T07:34:30","guid":{"rendered":"https:\/\/fertilityport.com\/?page_id=5399"},"modified":"2022-05-10T09:09:15","modified_gmt":"2022-05-10T07:09:15","slug":"metoda-oplozeni-oocytu-ve-spravny-cas-na-spravnem-miste","status":"publish","type":"page","link":"https:\/\/fertilityport.com\/cs\/metoda-oplozeni-oocytu-ve-spravny-cas-na-spravnem-miste\/","title":{"rendered":"Metoda oplozen\u00ed oocyt\u016f \u201eve spr\u00e1vn\u00fd \u010das na spr\u00e1vn\u00e9m m\u00edst\u011b\u201c"},"content":{"rendered":"<p>[et_pb_section fb_built=&#8220;1&#8243; _builder_version=&#8220;4.14.4&#8243; background_color=&#8220;#e2e2e2&#8243; background_enable_image=&#8220;off&#8220; custom_padding=&#8220;||0px|||&#8220; locked=&#8220;off&#8220; global_colors_info=&#8220;{}&#8220;][et_pb_row column_structure=&#8220;2_3,1_3&#8243; _builder_version=&#8220;4.14.4&#8243; custom_padding=&#8220;||11px|||&#8220; global_colors_info=&#8220;{}&#8220;][et_pb_column type=&#8220;2_3&#8243; _builder_version=&#8220;4.4.0&#8243; global_colors_info=&#8220;{}&#8220;][et_pb_text admin_label=&#8220;Text&#8220; module_class=&#8220;c_blurb&#8220; _builder_version=&#8220;4.14.4&#8243; global_colors_info=&#8220;{}&#8220;]<\/p>\n<h1>Pokro\u010dil\u00e1 metoda ICSI s vizualizac\u00ed d\u011bl\u00edc\u00edho v\u0159et\u00e9nka pomoc\u00ed polarizace<\/h1>\n<p>[\/et_pb_text][\/et_pb_column][et_pb_column type=&#8220;1_3&#8243; _builder_version=&#8220;4.4.0&#8243; global_colors_info=&#8220;{}&#8220;][\/et_pb_column][\/et_pb_row][\/et_pb_section][et_pb_section fb_built=&#8220;1&#8243; admin_label=&#8220;section&#8220; _builder_version=&#8220;3.22&#8243; min_height=&#8220;1530px&#8220; custom_padding=&#8220;0px|||||&#8220; global_colors_info=&#8220;{}&#8220;][et_pb_row admin_label=&#8220;row&#8220; _builder_version=&#8220;3.25&#8243; background_size=&#8220;initial&#8220; background_position=&#8220;top_left&#8220; background_repeat=&#8220;repeat&#8220; width=&#8220;81.8%&#8220; custom_margin=&#8220;16px|216px||217px||&#8220; custom_padding=&#8220;12px|||1px||&#8220; global_colors_info=&#8220;{}&#8220;][et_pb_column type=&#8220;4_4&#8243; _builder_version=&#8220;3.25&#8243; custom_padding=&#8220;|||&#8220; global_colors_info=&#8220;{}&#8220; custom_padding__hover=&#8220;|||&#8220;][et_pb_text admin_label=&#8220;Text&#8220; _builder_version=&#8220;3.27.4&#8243; background_size=&#8220;initial&#8220; background_position=&#8220;top_left&#8220; background_repeat=&#8220;repeat&#8220; custom_margin=&#8220;|187px||||&#8220; custom_padding=&#8220;0px|||||&#8220; global_colors_info=&#8220;{}&#8220;]<\/p>\n<p style=\"text-align: justify;\">Oplozen\u00ed metodou ICSI (mikromanipulace &#8211; injekce spermie p\u0159\u00edmo do vaj\u00ed\u010dka) z\u00e1sadn\u00ed zp\u016fsobem zvy\u0161ujeme \u00fasp\u011b\u0161nost oplozen\u00ed vaj\u00ed\u010dka. Abychom dos\u00e1hli je\u0161t\u011b vy\u0161\u0161\u00ed m\u00edru \u00fasp\u011b\u0161nosti, nab\u00edz\u00edme i <strong>pr\u00e9miovou pokro\u010dilou metodu ICSI se zobrazen\u00edm d\u011bl\u00edc\u00edho v\u0159et\u00e9nka s pomoc\u00ed polarizace.<\/strong><\/p>\n<p style=\"text-align: justify;\">Rodinn\u00e9 centrum FertilityPort disponuje speci\u00e1ln\u00edm za\u0159\u00edzen\u00edm, kter\u00e9 umo\u017e\u0148uje prov\u00e1d\u011bn\u00ed pokro\u010dil\u00e9 metody ICSI se <strong>zobrazen\u00edm d\u011bl\u00edc\u00edho v\u0159et\u00e9nko pomoc\u00ed polarizace<\/strong>. P\u0159i t\u00e9to metod\u011b je spermie injikov\u00e1na p\u0159\u00edmo do zral\u00e9ho vaj\u00ed\u010dka. V\u0161e prob\u00edh\u00e1 pod velk\u00fdm zv\u011bt\u0161en\u00edm a s polarizac\u00ed za pou\u017eit\u00ed velmi p\u0159esn\u00fdch mikromanipul\u00e1tor\u016f a precizn\u00edch mikromanipula\u010dn\u00edch n\u00e1stroj\u016f.<\/p>\n<p style=\"text-align: justify;\"><strong>Skute\u010dn\u011b zral\u00e9<\/strong> vaj\u00ed\u010dko je a\u017e ve chv\u00edli, kdy je v n\u011bm <strong>p\u0159\u00edtomn\u00e9 d\u011bl\u00edc\u00ed v\u0159et\u00e9nko<\/strong>. Jedn\u00e1 se o drobnou strukturu uvnit\u0159 vaj\u00ed\u010dka, kter\u00e1 je nezbytn\u00e1 pro spr\u00e1vn\u00e9 rozd\u011blen\u00ed genetick\u00e9 informace b\u011bhem d\u011blen\u00ed bun\u011bk. D\u011bl\u00edc\u00ed v\u0159et\u00e9nko v\u0161ak nen\u00ed ani v nejdokonalej\u0161\u00edm sv\u011bteln\u00e9m mikroskopu vid\u011bt. Zobrazen\u00ed v\u0159et\u00e9nka je mo\u017en\u00e9 jen d\u00edky speci\u00e1ln\u00edmu polariza\u010dn\u00edmu mikroskopu.<\/p>\n<p style=\"text-align: justify;\"><strong>Vizualizace<\/strong> d\u011bl\u00edc\u00edho v\u0159et\u00e9nka pomoc\u00ed polariza\u010dn\u00ed mikroskopie n\u00e1m tak <strong>umo\u017e\u0148uje zav\u00e9st<\/strong> spermii ve<strong> spr\u00e1vn\u00fd \u010das<\/strong> na <strong>spr\u00e1vn\u00e9 m\u00edsto<\/strong> a zvy\u0161uje t\u00edm po\u010det oplozen\u00fdch vaj\u00ed\u010dek. Je ide\u00e1ln\u00edm \u0159e\u0161en\u00edm nejen pro p\u00e1ry, kde je po\u010det odebran\u00fdch zral\u00fdch vaj\u00ed\u010dek n\u00edzk\u00fd \u010di v p\u0159edchoz\u00ed l\u00e9\u010db\u011b z nezn\u00e1m\u00fdch d\u016fvod\u016f do\u0161lo k n\u00edzk\u00e9 \u010di nulov\u00e9 fertilizaci, ale i pro ostatn\u00ed.<\/p>\n<p><img loading=\"lazy\" decoding=\"async\" class=\"wp-image-5400 aligncenter\" src=\"https:\/\/fertilityport.com\/wp-content\/uploads\/2022\/04\/Delici-vretenko-300x174.png\" alt=\"\" width=\"557\" height=\"323\" srcset=\"https:\/\/fertilityport.com\/wp-content\/uploads\/2022\/04\/Delici-vretenko-300x174.png 557w, https:\/\/fertilityport.com\/wp-content\/uploads\/2022\/04\/Delici-vretenko-480x278.png 480w\" sizes=\"(min-width: 0px) and (max-width: 480px) 480px, (min-width: 481px) 557px, 100vw\" \/><\/p>\n<p style=\"text-align: justify;\">P\u0159esto\u017ee se metoda m\u016f\u017ee na prvn\u00ed pohled zd\u00e1t jako invazivn\u00ed, jej\u00ed v\u00fdsledky jsou v\u00fdrazn\u011b lep\u0161\u00ed ne\u017e metoda klasick\u00e9ho IVF, kdy jsou spermie k\u00a0vaj\u00ed\u010dk\u016fm pouze p\u0159im\u00edch\u00e1ny. Podle posledn\u00edch studi\u00ed je metoda ICSI celosv\u011btov\u011b pou\u017eita ve v\u00edce ne\u017e 70 % p\u0159\u00edpad\u016f mimot\u011bln\u00edho oplozen\u00ed.<\/p>\n<p style=\"text-align: justify;\">Metoda ICSI umo\u017e\u0148uje dos\u00e1hnout v\u00fdborn\u00fdch v\u00fdsledk\u016f i v p\u0159\u00edpad\u011b zhor\u0161en\u00e9 kvality ejakul\u00e1tu a d\u00edky vysok\u00e9 \u00fasp\u011b\u0161nosti je vhodn\u00e1 i p\u0159i n\u00edzk\u00e9m zisku oocyt\u016f.\u00a0 V\u00a0p\u0159\u00edpad\u011b terapie s\u00a0kryokonzervovan\u00fdmi oocyty, nebo p\u0159i pl\u00e1nov\u00e1n\u00ed preimplanta\u010dn\u00edho genetick\u00e9ho vy\u0161et\u0159en\u00ed, je tato metoda nenahraditeln\u00e1.<\/p>\n<p style=\"text-align: justify;\"><span style=\"font-size: 16px;\">Roz\u0161\u00ed\u0159en\u00ed metody ICSI o vizualizace d\u011bl\u00edc\u00edho v\u0159et\u00e9nka pomoc\u00ed polarizace p\u0159in\u00e1\u0161\u00ed dal\u0161\u00ed unik\u00e1tn\u00ed mo\u017enosti, jak d\u00e1le zv\u00fd\u0161it \u00fasp\u011b\u0161nost terapie.<\/span><\/p>\n<p style=\"text-align: justify;\">Vizualizace d\u011bl\u00edc\u00edho v\u0159et\u00e9nka vaj\u00ed\u010dka je neinvazivn\u00ed metodou, d\u00edky kter\u00e9 je mo\u017en\u00e9 ur\u010dit, zda je vaj\u00ed\u010dko zral\u00e9 a pln\u011b p\u0159ipraven\u00e9 k oplozen\u00ed.<\/p>\n<p style=\"text-align: justify;\">Pro \u00fasp\u011b\u0161n\u00e9 oplozen\u00ed vaj\u00ed\u010dka je nutn\u00e1 jeho zralost. Embryolog b\u011b\u017en\u011b hodnot\u00ed jako zral\u00e9 takov\u00e9 vaj\u00ed\u010dko, kter\u00e9 vylou\u010dilo tzv. p\u00f3lov\u00e9 t\u011bl\u00edsko. Tuto skute\u010dnost si ov\u011b\u0159uje ve sv\u011bteln\u00e9m mikroskopu.<\/p>\n<p style=\"text-align: justify;\">Skute\u010dn\u011b zral\u00e9 je v\u0161ak vaj\u00ed\u010dko a\u017e ve chv\u00edli, kdy je v n\u011bm p\u0159\u00edtomn\u00e9 d\u011bl\u00edc\u00ed v\u0159et\u00e9nko. Jedn\u00e1 se o drobnou strukturu uvnit\u0159 vaj\u00ed\u010dka, kter\u00e1 je nezbytn\u00e1 pro spr\u00e1vn\u00e9 rozd\u011blen\u00ed genetick\u00e9 informace b\u011bhem d\u011blen\u00ed bun\u011bk. K tomu, abychom d\u011bl\u00edc\u00ed v\u0159et\u00e9nko v bu\u0148ce vid\u011bli, je pot\u0159eba se na vaj\u00ed\u010dko pod\u00edvat ve speci\u00e1ln\u00edm polariza\u010dn\u00edm mikroskopu.<\/p>\n<p style=\"text-align: justify;\">Ve sv\u011bteln\u00e9m mikroskopu tak m\u016f\u017ee vaj\u00ed\u010dko vypadat jako zral\u00e9, ale ve skute\u010dnosti m\u016f\u017eeme pomoc\u00ed mikroskopu polariza\u010dn\u00edho zjistit, \u017ee d\u011bl\u00edc\u00ed v\u0159et\u00e9nko je nep\u0159\u00edtomn\u00e9 a vaj\u00ed\u010dko tak je\u0161t\u011b nen\u00ed pln\u011b p\u0159ipraven\u00e9 k oplozen\u00ed.<\/p>\n<p style=\"text-align: justify;\">T\u00edm, \u017ee si zobraz\u00edme d\u011bl\u00edc\u00ed v\u0159et\u00e9nko, m\u016f\u017eeme pak oplozov\u00e1n\u00ed na\u010dasovat pomoc\u00ed metody ICSI a\u017e do chv\u00edle, kdy je vaj\u00ed\u010dko k oplozov\u00e1n\u00ed skute\u010dn\u011b p\u0159ipraveno a pravd\u011bpodobnost jeho oplozen\u00ed je nejvy\u0161\u0161\u00ed. Z\u00e1rove\u0148 pokud zn\u00e1me polohu d\u011bl\u00edc\u00edho v\u0159et\u00e9nka ve vaj\u00ed\u010dku, jsme schopni se m\u00edstu, kde se v\u0159et\u00e9nko nach\u00e1z\u00ed, p\u0159i ICSI vyhnout a t\u00edm se vyvarovat nen\u00e1vratn\u00e9mu po\u0161kozen\u00ed vaj\u00ed\u010dka v pr\u016fb\u011bhu injekce spermie.<\/p>\n<p><img loading=\"lazy\" decoding=\"async\" class=\" wp-image-5405 aligncenter\" src=\"https:\/\/fertilityport.com\/wp-content\/uploads\/2022\/04\/Delici-vretenko_2-300x222.png\" alt=\"\" width=\"474\" height=\"351\" \/><\/p>\n<p style=\"text-align: justify;\">\n<p>[\/et_pb_text][\/et_pb_column][\/et_pb_row][\/et_pb_section]<\/p>\n","protected":false},"excerpt":{"rendered":"<p>Pokro\u010dil\u00e1 metoda ICSI s vizualizac\u00ed d\u011bl\u00edc\u00edho v\u0159et\u00e9nka pomoc\u00ed polarizaceOplozen\u00ed metodou ICSI (mikromanipulace &#8211; injekce spermie p\u0159\u00edmo do vaj\u00ed\u010dka) z\u00e1sadn\u00ed zp\u016fsobem zvy\u0161ujeme \u00fasp\u011b\u0161nost oplozen\u00ed vaj\u00ed\u010dka. Abychom dos\u00e1hli je\u0161t\u011b vy\u0161\u0161\u00ed m\u00edru \u00fasp\u011b\u0161nosti, nab\u00edz\u00edme i pr\u00e9miovou pokro\u010dilou metodu ICSI se zobrazen\u00edm d\u011bl\u00edc\u00edho v\u0159et\u00e9nka s pomoc\u00ed polarizace. Rodinn\u00e9 centrum FertilityPort disponuje speci\u00e1ln\u00edm za\u0159\u00edzen\u00edm, kter\u00e9 umo\u017e\u0148uje prov\u00e1d\u011bn\u00ed pokro\u010dil\u00e9 metody ICSI [&hellip;]<\/p>\n","protected":false},"author":9,"featured_media":0,"parent":0,"menu_order":0,"comment_status":"closed","ping_status":"closed","template":"","meta":{"_acf_changed":false,"_et_pb_use_builder":"on","_et_pb_old_content":"<h2>Metoda ICSI roz\u0161\u00ed\u0159en\u00e1 o vizualizaci d\u011bl\u00edc\u00edho v\u0159et\u00e9nka<\/h2>\r\nP\u0159i metod\u011b oplozen\u00ed ICSI (intracytoplazmatick\u00e1 injekce spermie do vaj\u00ed\u010dka) je spermie injikov\u00e1na p\u0159\u00edmo do zral\u00e9ho vaj\u00ed\u010dka. V\u0161e prob\u00edh\u00e1 pod velk\u00fdm zv\u011bt\u0161en\u00edm za pou\u017eit\u00ed velmi p\u0159esn\u00fdch mikromanipul\u00e1tor\u016f a precizn\u00edch mikromanipula\u010dn\u00edch n\u00e1stroj\u016f.\r\n\r\n<img class=\"wp-image-5400 aligncenter\" src=\"https:\/\/fertilityport.com\/wp-content\/uploads\/2022\/04\/Delici-vretenko-300x174.png\" alt=\"\" width=\"557\" height=\"323\" \/>\r\n\r\nP\u0159esto\u017ee se metoda m\u016f\u017ee na prvn\u00ed pohled zd\u00e1t jako invazivn\u00ed, jej\u00ed v\u00fdsledky jsou v\u00fdrazn\u011b lep\u0161\u00ed ne\u017e metoda klasick\u00e9ho IVF, kdy jsou spermie k\u00a0vaj\u00ed\u010dk\u016fm pouze p\u0159im\u00edch\u00e1ny. Podle posledn\u00edch studi\u00ed je metoda ICSI celosv\u011btov\u011b pou\u017eita ve v\u00edce ne\u017e 70 % p\u0159\u00edpad\u016f mimot\u011bln\u00edho oplozen\u00ed.\r\n\r\nMetoda ICSI umo\u017e\u0148uje dos\u00e1hnout v\u00fdborn\u00fdch v\u00fdsledk\u016f i v p\u0159\u00edpad\u011b zhor\u0161en\u00e9 kvality ejakul\u00e1tu a d\u00edky vysok\u00e9 \u00fasp\u011b\u0161nosti je vhodn\u00e1 i p\u0159i n\u00edzk\u00e9m zisku oocyt\u016f.\u00a0 V\u00a0p\u0159\u00edpad\u011b terapie s\u00a0kryokonzervovan\u00fdmi oocyty, nebo p\u0159i pl\u00e1nov\u00e1n\u00ed preimplanta\u010dn\u00edho genetick\u00e9ho vy\u0161et\u0159en\u00ed, je tato metoda nenahraditeln\u00e1.\r\n\r\nSpojen\u00ed metody ICSI s\u00a0metodou vizualizace d\u011bl\u00edc\u00edho v\u0159et\u00e9nka p\u0159in\u00e1\u0161\u00ed dal\u0161\u00ed unik\u00e1tn\u00ed mo\u017enosti, jak d\u00e1le zv\u00fd\u0161it \u00fasp\u011b\u0161nost terapie.\r\n\r\nVizualizace d\u011bl\u00edc\u00edho v\u0159et\u00e9nka vaj\u00ed\u010dka je neinvazivn\u00ed metodou, d\u00edky kter\u00e9 je mo\u017en\u00e9 ur\u010dit, zda je vaj\u00ed\u010dko zral\u00e9 a pln\u011b p\u0159ipraven\u00e9 k oplozen\u00ed.\r\n\r\nPro \u00fasp\u011b\u0161n\u00e9 oplozen\u00ed vaj\u00ed\u010dka je nutn\u00e1 jeho zralost. Embryolog b\u011b\u017en\u011b hodnot\u00ed jako zral\u00e9 takov\u00e9 vaj\u00ed\u010dko, kter\u00e9 vylou\u010dilo tzv. p\u00f3lov\u00e9 t\u011bl\u00edsko. Tuto skute\u010dnost si ov\u011b\u0159uje ve sv\u011bteln\u00e9m mikroskopu.\r\n\r\nSkute\u010dn\u011b zral\u00e9 je v\u0161ak vaj\u00ed\u010dko a\u017e ve chv\u00edli, kdy je v n\u011bm p\u0159\u00edtomn\u00e9 d\u011bl\u00edc\u00ed v\u0159et\u00e9nko. Jedn\u00e1 se o drobnou strukturu uvnit\u0159 vaj\u00ed\u010dka, kter\u00e1 je nezbytn\u00e1 pro spr\u00e1vn\u00e9 rozd\u011blen\u00ed genetick\u00e9 informace b\u011bhem d\u011blen\u00ed bun\u011bk. K tomu, abychom d\u011bl\u00edc\u00ed v\u0159et\u00e9nko v bu\u0148ce vid\u011bli, je pot\u0159eba se na vaj\u00ed\u010dko pod\u00edvat ve speci\u00e1ln\u00edm polariza\u010dn\u00edm mikroskopu.\r\n\r\nVe sv\u011bteln\u00e9m mikroskopu tak m\u016f\u017ee vaj\u00ed\u010dko vypadat jako zral\u00e9, ale ve skute\u010dnosti m\u016f\u017eeme pomoc\u00ed mikroskopu polariza\u010dn\u00edho zjistit, \u017ee d\u011bl\u00edc\u00ed v\u0159et\u00e9nko je nep\u0159\u00edtomn\u00e9 a vaj\u00ed\u010dko tak je\u0161t\u011b nen\u00ed pln\u011b p\u0159ipraven\u00e9 k oplozen\u00ed.\r\n\r\nT\u00edm, \u017ee si zobraz\u00edme d\u011bl\u00edc\u00ed v\u0159et\u00e9nko, m\u016f\u017eeme pak oplozov\u00e1n\u00ed na\u010dasovat pomoc\u00ed metody ICSI a\u017e do chv\u00edle, kdy je vaj\u00ed\u010dko k oplozov\u00e1n\u00ed skute\u010dn\u011b p\u0159ipraveno a pravd\u011bpodobnost jeho oplozen\u00ed je nejvy\u0161\u0161\u00ed. Z\u00e1rove\u0148 pokud zn\u00e1me polohu d\u011bl\u00edc\u00edho v\u0159et\u00e9nka ve vaj\u00ed\u010dku, jsme schopni se m\u00edstu, kde se v\u0159et\u00e9nko nach\u00e1z\u00ed, p\u0159i ICSI vyhnout a t\u00edm se vyvarovat nen\u00e1vratn\u00e9mu po\u0161kozen\u00ed vaj\u00ed\u010dka v pr\u016fb\u011bhu injekce spermie.\r\n\r\n<img class=\" wp-image-5405 aligncenter\" src=\"https:\/\/fertilityport.com\/wp-content\/uploads\/2022\/04\/Delici-vretenko_2-300x222.png\" alt=\"\" width=\"474\" height=\"351\" \/>\r\n\r\nVizualizace d\u011bl\u00edc\u00edho v\u0159et\u00e9nka pomoc\u00ed polariza\u010dn\u00ed mikroskopie n\u00e1m tak umo\u017e\u0148uje zav\u00e9st spermii ve spr\u00e1vn\u00fd \u010das na spr\u00e1vn\u00e9 m\u00edsto a zvy\u0161uje t\u00edm po\u010det oplozen\u00fdch vaj\u00ed\u010dek. Je ide\u00e1ln\u00edm \u0159e\u0161en\u00edm pro p\u00e1ry, kde je po\u010det odebran\u00fdch zral\u00fdch vaj\u00ed\u010dek n\u00edzk\u00fd \u010di v p\u0159edchoz\u00ed l\u00e9\u010db\u011b z nezn\u00e1m\u00fdch d\u016fvod\u016f do\u0161lo k n\u00edzk\u00e9 \u010di nulov\u00e9 fertilizaci.","_et_gb_content_width":"","footnotes":""},"class_list":["post-5399","page","type-page","status-publish","hentry"],"acf":[],"yoast_head":"<!-- This site is optimized with the Yoast SEO plugin v27.5 - https:\/\/yoast.com\/product\/yoast-seo-wordpress\/ -->\n<title>Metoda oplozen\u00ed oocyt\u016f \u201eve spr\u00e1vn\u00fd \u010das na spr\u00e1vn\u00e9m m\u00edst\u011b\u201c - FertilityPort Prague<\/title>\n<meta name=\"robots\" content=\"index, follow, max-snippet:-1, max-image-preview:large, max-video-preview:-1\" \/>\n<link rel=\"canonical\" href=\"https:\/\/fertilityport.com\/cs\/metoda-oplozeni-oocytu-ve-spravny-cas-na-spravnem-miste\/\" \/>\n<meta property=\"og:locale\" content=\"cs_CZ\" \/>\n<meta property=\"og:type\" content=\"article\" \/>\n<meta property=\"og:title\" content=\"Metoda oplozen\u00ed oocyt\u016f \u201eve spr\u00e1vn\u00fd \u010das na spr\u00e1vn\u00e9m m\u00edst\u011b\u201c - FertilityPort Prague\" \/>\n<meta property=\"og:description\" content=\"Pokro\u010dil\u00e1 metoda ICSI s vizualizac\u00ed d\u011bl\u00edc\u00edho v\u0159et\u00e9nka pomoc\u00ed polarizaceOplozen\u00ed metodou ICSI (mikromanipulace - injekce spermie p\u0159\u00edmo do vaj\u00ed\u010dka) z\u00e1sadn\u00ed zp\u016fsobem zvy\u0161ujeme \u00fasp\u011b\u0161nost oplozen\u00ed vaj\u00ed\u010dka. Abychom dos\u00e1hli je\u0161t\u011b vy\u0161\u0161\u00ed m\u00edru \u00fasp\u011b\u0161nosti, nab\u00edz\u00edme i pr\u00e9miovou pokro\u010dilou metodu ICSI se zobrazen\u00edm d\u011bl\u00edc\u00edho v\u0159et\u00e9nka s pomoc\u00ed polarizace. Rodinn\u00e9 centrum FertilityPort disponuje speci\u00e1ln\u00edm za\u0159\u00edzen\u00edm, kter\u00e9 umo\u017e\u0148uje prov\u00e1d\u011bn\u00ed pokro\u010dil\u00e9 metody ICSI [&hellip;]\" \/>\n<meta property=\"og:url\" content=\"https:\/\/fertilityport.com\/cs\/metoda-oplozeni-oocytu-ve-spravny-cas-na-spravnem-miste\/\" \/>\n<meta property=\"og:site_name\" content=\"FertilityPort Prague\" \/>\n<meta property=\"article:modified_time\" content=\"2022-05-10T07:09:15+00:00\" \/>\n<meta property=\"og:image\" content=\"https:\/\/fertilityport.com\/wp-content\/uploads\/2022\/04\/Delici-vretenko-300x174.png\" \/>\n<meta name=\"twitter:card\" content=\"summary_large_image\" \/>\n<meta name=\"twitter:label1\" content=\"Odhadovan\u00e1 doba \u010dten\u00ed\" \/>\n\t<meta name=\"twitter:data1\" content=\"5 minut\" \/>\n<script type=\"application\/ld+json\" class=\"yoast-schema-graph\">{\"@context\":\"https:\\\/\\\/schema.org\",\"@graph\":[{\"@type\":\"WebPage\",\"@id\":\"https:\\\/\\\/fertilityport.com\\\/cs\\\/metoda-oplozeni-oocytu-ve-spravny-cas-na-spravnem-miste\\\/\",\"url\":\"https:\\\/\\\/fertilityport.com\\\/cs\\\/metoda-oplozeni-oocytu-ve-spravny-cas-na-spravnem-miste\\\/\",\"name\":\"Metoda oplozen\u00ed oocyt\u016f \u201eve spr\u00e1vn\u00fd \u010das na spr\u00e1vn\u00e9m m\u00edst\u011b\u201c - FertilityPort Prague\",\"isPartOf\":{\"@id\":\"https:\\\/\\\/fertilityport.com\\\/#website\"},\"primaryImageOfPage\":{\"@id\":\"https:\\\/\\\/fertilityport.com\\\/cs\\\/metoda-oplozeni-oocytu-ve-spravny-cas-na-spravnem-miste\\\/#primaryimage\"},\"image\":{\"@id\":\"https:\\\/\\\/fertilityport.com\\\/cs\\\/metoda-oplozeni-oocytu-ve-spravny-cas-na-spravnem-miste\\\/#primaryimage\"},\"thumbnailUrl\":\"https:\\\/\\\/fertilityport.com\\\/wp-content\\\/uploads\\\/2022\\\/04\\\/Delici-vretenko-300x174.png\",\"datePublished\":\"2022-04-04T07:34:30+00:00\",\"dateModified\":\"2022-05-10T07:09:15+00:00\",\"breadcrumb\":{\"@id\":\"https:\\\/\\\/fertilityport.com\\\/cs\\\/metoda-oplozeni-oocytu-ve-spravny-cas-na-spravnem-miste\\\/#breadcrumb\"},\"inLanguage\":\"cs\",\"potentialAction\":[{\"@type\":\"ReadAction\",\"target\":[\"https:\\\/\\\/fertilityport.com\\\/cs\\\/metoda-oplozeni-oocytu-ve-spravny-cas-na-spravnem-miste\\\/\"]}]},{\"@type\":\"ImageObject\",\"inLanguage\":\"cs\",\"@id\":\"https:\\\/\\\/fertilityport.com\\\/cs\\\/metoda-oplozeni-oocytu-ve-spravny-cas-na-spravnem-miste\\\/#primaryimage\",\"url\":\"https:\\\/\\\/fertilityport.com\\\/wp-content\\\/uploads\\\/2022\\\/04\\\/Delici-vretenko-300x174.png\",\"contentUrl\":\"https:\\\/\\\/fertilityport.com\\\/wp-content\\\/uploads\\\/2022\\\/04\\\/Delici-vretenko-300x174.png\"},{\"@type\":\"BreadcrumbList\",\"@id\":\"https:\\\/\\\/fertilityport.com\\\/cs\\\/metoda-oplozeni-oocytu-ve-spravny-cas-na-spravnem-miste\\\/#breadcrumb\",\"itemListElement\":[{\"@type\":\"ListItem\",\"position\":1,\"name\":\"Home\",\"item\":\"https:\\\/\\\/fertilityport.com\\\/\"},{\"@type\":\"ListItem\",\"position\":2,\"name\":\"Metoda oplozen\u00ed oocyt\u016f \u201eve spr\u00e1vn\u00fd \u010das na spr\u00e1vn\u00e9m m\u00edst\u011b\u201c\"}]},{\"@type\":\"WebSite\",\"@id\":\"https:\\\/\\\/fertilityport.com\\\/#website\",\"url\":\"https:\\\/\\\/fertilityport.com\\\/\",\"name\":\"FertilityPort Prague\",\"description\":\"\",\"potentialAction\":[{\"@type\":\"SearchAction\",\"target\":{\"@type\":\"EntryPoint\",\"urlTemplate\":\"https:\\\/\\\/fertilityport.com\\\/?s={search_term_string}\"},\"query-input\":{\"@type\":\"PropertyValueSpecification\",\"valueRequired\":true,\"valueName\":\"search_term_string\"}}],\"inLanguage\":\"cs\"}]}<\/script>\n<!-- \/ Yoast SEO plugin. -->","yoast_head_json":{"title":"Metoda oplozen\u00ed oocyt\u016f \u201eve spr\u00e1vn\u00fd \u010das na spr\u00e1vn\u00e9m m\u00edst\u011b\u201c - FertilityPort Prague","robots":{"index":"index","follow":"follow","max-snippet":"max-snippet:-1","max-image-preview":"max-image-preview:large","max-video-preview":"max-video-preview:-1"},"canonical":"https:\/\/fertilityport.com\/cs\/metoda-oplozeni-oocytu-ve-spravny-cas-na-spravnem-miste\/","og_locale":"cs_CZ","og_type":"article","og_title":"Metoda oplozen\u00ed oocyt\u016f \u201eve spr\u00e1vn\u00fd \u010das na spr\u00e1vn\u00e9m m\u00edst\u011b\u201c - FertilityPort Prague","og_description":"Pokro\u010dil\u00e1 metoda ICSI s vizualizac\u00ed d\u011bl\u00edc\u00edho v\u0159et\u00e9nka pomoc\u00ed polarizaceOplozen\u00ed metodou ICSI (mikromanipulace - injekce spermie p\u0159\u00edmo do vaj\u00ed\u010dka) z\u00e1sadn\u00ed zp\u016fsobem zvy\u0161ujeme \u00fasp\u011b\u0161nost oplozen\u00ed vaj\u00ed\u010dka. Abychom dos\u00e1hli je\u0161t\u011b vy\u0161\u0161\u00ed m\u00edru \u00fasp\u011b\u0161nosti, nab\u00edz\u00edme i pr\u00e9miovou pokro\u010dilou metodu ICSI se zobrazen\u00edm d\u011bl\u00edc\u00edho v\u0159et\u00e9nka s pomoc\u00ed polarizace. Rodinn\u00e9 centrum FertilityPort disponuje speci\u00e1ln\u00edm za\u0159\u00edzen\u00edm, kter\u00e9 umo\u017e\u0148uje prov\u00e1d\u011bn\u00ed pokro\u010dil\u00e9 metody ICSI [&hellip;]","og_url":"https:\/\/fertilityport.com\/cs\/metoda-oplozeni-oocytu-ve-spravny-cas-na-spravnem-miste\/","og_site_name":"FertilityPort Prague","article_modified_time":"2022-05-10T07:09:15+00:00","og_image":[{"url":"https:\/\/fertilityport.com\/wp-content\/uploads\/2022\/04\/Delici-vretenko-300x174.png","type":"","width":"","height":""}],"twitter_card":"summary_large_image","twitter_misc":{"Odhadovan\u00e1 doba \u010dten\u00ed":"5 minut"},"schema":{"@context":"https:\/\/schema.org","@graph":[{"@type":"WebPage","@id":"https:\/\/fertilityport.com\/cs\/metoda-oplozeni-oocytu-ve-spravny-cas-na-spravnem-miste\/","url":"https:\/\/fertilityport.com\/cs\/metoda-oplozeni-oocytu-ve-spravny-cas-na-spravnem-miste\/","name":"Metoda oplozen\u00ed oocyt\u016f \u201eve spr\u00e1vn\u00fd \u010das na spr\u00e1vn\u00e9m m\u00edst\u011b\u201c - FertilityPort Prague","isPartOf":{"@id":"https:\/\/fertilityport.com\/#website"},"primaryImageOfPage":{"@id":"https:\/\/fertilityport.com\/cs\/metoda-oplozeni-oocytu-ve-spravny-cas-na-spravnem-miste\/#primaryimage"},"image":{"@id":"https:\/\/fertilityport.com\/cs\/metoda-oplozeni-oocytu-ve-spravny-cas-na-spravnem-miste\/#primaryimage"},"thumbnailUrl":"https:\/\/fertilityport.com\/wp-content\/uploads\/2022\/04\/Delici-vretenko-300x174.png","datePublished":"2022-04-04T07:34:30+00:00","dateModified":"2022-05-10T07:09:15+00:00","breadcrumb":{"@id":"https:\/\/fertilityport.com\/cs\/metoda-oplozeni-oocytu-ve-spravny-cas-na-spravnem-miste\/#breadcrumb"},"inLanguage":"cs","potentialAction":[{"@type":"ReadAction","target":["https:\/\/fertilityport.com\/cs\/metoda-oplozeni-oocytu-ve-spravny-cas-na-spravnem-miste\/"]}]},{"@type":"ImageObject","inLanguage":"cs","@id":"https:\/\/fertilityport.com\/cs\/metoda-oplozeni-oocytu-ve-spravny-cas-na-spravnem-miste\/#primaryimage","url":"https:\/\/fertilityport.com\/wp-content\/uploads\/2022\/04\/Delici-vretenko-300x174.png","contentUrl":"https:\/\/fertilityport.com\/wp-content\/uploads\/2022\/04\/Delici-vretenko-300x174.png"},{"@type":"BreadcrumbList","@id":"https:\/\/fertilityport.com\/cs\/metoda-oplozeni-oocytu-ve-spravny-cas-na-spravnem-miste\/#breadcrumb","itemListElement":[{"@type":"ListItem","position":1,"name":"Home","item":"https:\/\/fertilityport.com\/"},{"@type":"ListItem","position":2,"name":"Metoda oplozen\u00ed oocyt\u016f \u201eve spr\u00e1vn\u00fd \u010das na spr\u00e1vn\u00e9m m\u00edst\u011b\u201c"}]},{"@type":"WebSite","@id":"https:\/\/fertilityport.com\/#website","url":"https:\/\/fertilityport.com\/","name":"FertilityPort Prague","description":"","potentialAction":[{"@type":"SearchAction","target":{"@type":"EntryPoint","urlTemplate":"https:\/\/fertilityport.com\/?s={search_term_string}"},"query-input":{"@type":"PropertyValueSpecification","valueRequired":true,"valueName":"search_term_string"}}],"inLanguage":"cs"}]}},"_links":{"self":[{"href":"https:\/\/fertilityport.com\/cs\/wp-json\/wp\/v2\/pages\/5399","targetHints":{"allow":["GET"]}}],"collection":[{"href":"https:\/\/fertilityport.com\/cs\/wp-json\/wp\/v2\/pages"}],"about":[{"href":"https:\/\/fertilityport.com\/cs\/wp-json\/wp\/v2\/types\/page"}],"author":[{"embeddable":true,"href":"https:\/\/fertilityport.com\/cs\/wp-json\/wp\/v2\/users\/9"}],"replies":[{"embeddable":true,"href":"https:\/\/fertilityport.com\/cs\/wp-json\/wp\/v2\/comments?post=5399"}],"version-history":[{"count":7,"href":"https:\/\/fertilityport.com\/cs\/wp-json\/wp\/v2\/pages\/5399\/revisions"}],"predecessor-version":[{"id":5669,"href":"https:\/\/fertilityport.com\/cs\/wp-json\/wp\/v2\/pages\/5399\/revisions\/5669"}],"wp:attachment":[{"href":"https:\/\/fertilityport.com\/cs\/wp-json\/wp\/v2\/media?parent=5399"}],"curies":[{"name":"wp","href":"https:\/\/api.w.org\/{rel}","templated":true}]}}