{"id":5423,"date":"2022-04-04T10:00:49","date_gmt":"2022-04-04T08:00:49","guid":{"rendered":"https:\/\/fertilityport.com\/?page_id=5423"},"modified":"2022-04-04T10:40:37","modified_gmt":"2022-04-04T08:40:37","slug":"prodlouzena-kultivace-v-systemu-embryoscope","status":"publish","type":"page","link":"https:\/\/fertilityport.com\/cs\/prodlouzena-kultivace-v-systemu-embryoscope\/","title":{"rendered":"Prodlou\u017een\u00e1 kultivace v syst\u00e9mu EmbryoScope+"},"content":{"rendered":"<p>[et_pb_section fb_built=&#8220;1&#8243; _builder_version=&#8220;4.14.4&#8243; background_color=&#8220;#e2e2e2&#8243; background_enable_image=&#8220;off&#8220; custom_padding=&#8220;||0px|||&#8220; locked=&#8220;off&#8220; global_colors_info=&#8220;{}&#8220;][et_pb_row column_structure=&#8220;2_3,1_3&#8243; _builder_version=&#8220;4.14.4&#8243; custom_padding=&#8220;||14px|||&#8220; hover_enabled=&#8220;0&#8243; global_colors_info=&#8220;{}&#8220; sticky_enabled=&#8220;0&#8243;][et_pb_column type=&#8220;2_3&#8243; _builder_version=&#8220;4.4.0&#8243; global_colors_info=&#8220;{}&#8220;][et_pb_text admin_label=&#8220;Text&#8220; module_class=&#8220;c_blurb&#8220; _builder_version=&#8220;4.14.4&#8243; global_colors_info=&#8220;{}&#8220;]<\/p>\n<h1>Prodlou\u017een\u00e1 kultivace v syst\u00e9mu EmbryoScope+<\/h1>\n<p>[\/et_pb_text][\/et_pb_column][et_pb_column type=&#8220;1_3&#8243; _builder_version=&#8220;4.4.0&#8243; global_colors_info=&#8220;{}&#8220;][\/et_pb_column][\/et_pb_row][\/et_pb_section][et_pb_section fb_built=&#8220;1&#8243; admin_label=&#8220;section&#8220; _builder_version=&#8220;4.14.4&#8243; global_colors_info=&#8220;{}&#8220;][et_pb_row admin_label=&#8220;row&#8220; _builder_version=&#8220;4.14.4&#8243; background_size=&#8220;initial&#8220; background_position=&#8220;top_left&#8220; background_repeat=&#8220;repeat&#8220; width=&#8220;63.1%&#8220; min_height=&#8220;618px&#8220; custom_margin=&#8220;-56px|156px||auto||&#8220; hover_enabled=&#8220;0&#8243; global_colors_info=&#8220;{}&#8220; column_structure=&#8220;3_4,1_4&#8243; sticky_enabled=&#8220;0&#8243; custom_padding=&#8220;|35px||||&#8220;][et_pb_column type=&#8220;3_4&#8243; _builder_version=&#8220;3.25&#8243; custom_padding=&#8220;|||&#8220; global_colors_info=&#8220;{}&#8220; custom_padding__hover=&#8220;|||&#8220;][et_pb_text admin_label=&#8220;Text&#8220; _builder_version=&#8220;4.14.4&#8243; background_size=&#8220;initial&#8220; background_position=&#8220;top_left&#8220; background_repeat=&#8220;repeat&#8220; width=&#8220;100%&#8220; custom_margin=&#8220;|||-190px||&#8220; custom_padding=&#8220;|||3px||&#8220; global_colors_info=&#8220;{}&#8220;]<\/p>\n<p style=\"text-align: justify;\">Embryoscope+ je prvot\u0159\u00eddn\u00ed inkub\u00e1tor, kter\u00fd umo\u017e\u0148uje kontinu\u00e1ln\u00ed sledov\u00e1n\u00ed v\u00fdvoje embry\u00ed. T\u00edm je i omezen jejich stres, proto\u017ee pro kontrolu a hodnocen\u00ed nemusej\u00ed b\u00fdt vyjmuty z\u00a0inkub\u00e1toru. D\u00e1le z\u00edsk\u00e1v\u00e1me o pr\u016fb\u011bhu cel\u00e9ho v\u00fdvoje ka\u017ed\u00e9ho konkr\u00e9tn\u00edho embrya velk\u00e9 mno\u017estv\u00ed dat, a to n\u00e1m pom\u00e1h\u00e1 p\u0159i v\u00fdb\u011bru embrya nejvhodn\u011bj\u0161\u00edho na transfer\/kryokonzervaci.<\/p>\n<p style=\"text-align: justify;\">V\u00a0tomto syst\u00e9mu doporu\u010dujeme kultivaci embrya a\u017e do p\u00e1t\u00e9ho dne v\u00fdvoje, kdy by embryo m\u011blo doj\u00edt do st\u00e1dia tzv. blastocysty.<\/p>\n<p style=\"text-align: justify;\">Prodlou\u017een\u00e1 kultivace je kultivace embrya do dne v\u00fdvoje 4.-6. a slou\u017e\u00ed k\u00a0selekci, p\u0159\u00edpadn\u011b hodnocen\u00ed potenci\u00e1lu embry\u00ed. Pokud m\u00e1 doj\u00edt k odb\u011bru bun\u011bk na genetick\u00e9 vy\u0161et\u0159en\u00ed je prodlou\u017een\u00e1 kultivace nezbytn\u00e1.<\/p>\n<p><img loading=\"lazy\" decoding=\"async\" class=\"wp-image-5424 aligncenter\" src=\"https:\/\/fertilityport.com\/wp-content\/uploads\/2022\/04\/EmbryoScope-300x289.png\" alt=\"\" width=\"361\" height=\"347\" \/><\/p>\n<p>&nbsp;<\/p>\n<p>[\/et_pb_text][\/et_pb_column][et_pb_column _builder_version=&#8220;4.14.4&#8243; _module_preset=&#8220;default&#8220; type=&#8220;1_4&#8243;][et_pb_video src=&#8220;https:\/\/www.youtube.com\/watch?v=DJGLLYRaizg&#038;ab_channel=Vitrolifetube&#8220; _builder_version=&#8220;4.14.4&#8243; _module_preset=&#8220;default&#8220; hover_enabled=&#8220;0&#8243; sticky_enabled=&#8220;0&#8243; custom_padding=&#8220;|||0px||&#8220; custom_margin=&#8220;|-102px||-170px||&#8220;][\/et_pb_video][\/et_pb_column][\/et_pb_row][\/et_pb_section]<\/p>\n","protected":false},"excerpt":{"rendered":"<p>Prodlou\u017een\u00e1 kultivace v syst\u00e9mu EmbryoScope+Embryoscope+ je prvot\u0159\u00eddn\u00ed inkub\u00e1tor, kter\u00fd umo\u017e\u0148uje kontinu\u00e1ln\u00ed sledov\u00e1n\u00ed v\u00fdvoje embry\u00ed. T\u00edm je i omezen jejich stres, proto\u017ee pro kontrolu a hodnocen\u00ed nemusej\u00ed b\u00fdt vyjmuty z\u00a0inkub\u00e1toru. D\u00e1le z\u00edsk\u00e1v\u00e1me o pr\u016fb\u011bhu cel\u00e9ho v\u00fdvoje ka\u017ed\u00e9ho konkr\u00e9tn\u00edho embrya velk\u00e9 mno\u017estv\u00ed dat, a to n\u00e1m pom\u00e1h\u00e1 p\u0159i v\u00fdb\u011bru embrya nejvhodn\u011bj\u0161\u00edho na transfer\/kryokonzervaci. V\u00a0tomto syst\u00e9mu doporu\u010dujeme kultivaci [&hellip;]<\/p>\n","protected":false},"author":9,"featured_media":0,"parent":0,"menu_order":0,"comment_status":"closed","ping_status":"closed","template":"","meta":{"_acf_changed":false,"_et_pb_use_builder":"on","_et_pb_old_content":"Embryoscope+ je prvot\u0159\u00eddn\u00ed inkub\u00e1tor, kter\u00fd umo\u017e\u0148uje kontinu\u00e1ln\u00ed sledov\u00e1n\u00ed v\u00fdvoje embry\u00ed. T\u00edm je i omezen jejich stres, proto\u017ee pro kontrolu a hodnocen\u00ed nemusej\u00ed b\u00fdt vyjmuty z\u00a0inkub\u00e1toru. D\u00e1le z\u00edsk\u00e1v\u00e1me o pr\u016fb\u011bhu cel\u00e9ho v\u00fdvoje ka\u017ed\u00e9ho konkr\u00e9tn\u00edho embrya velk\u00e9 mno\u017estv\u00ed dat, a to n\u00e1m pom\u00e1h\u00e1 p\u0159i v\u00fdb\u011bru embrya nejvhodn\u011bj\u0161\u00edho na transfer\/kryokonzervaci.\r\n\r\nV\u00a0tomto syst\u00e9mu doporu\u010dujeme kultivaci embrya a\u017e do p\u00e1t\u00e9ho dne v\u00fdvoje, kdy by embryo m\u011blo doj\u00edt do st\u00e1dia tzv. blastocysty.\r\n\r\nProdlou\u017een\u00e1 kultivace je kultivace embrya do dne v\u00fdvoje 4.-6. a slou\u017e\u00ed k\u00a0selekci, p\u0159\u00edpadn\u011b hodnocen\u00ed potenci\u00e1lu embry\u00ed. Pokud m\u00e1 doj\u00edt k odb\u011bru bun\u011bk na genetick\u00e9 vy\u0161et\u0159en\u00ed je prodlou\u017een\u00e1 kultivace nezbytn\u00e1.\r\n\r\n<img class=\"wp-image-5424 aligncenter\" src=\"https:\/\/fertilityport.com\/wp-content\/uploads\/2022\/04\/EmbryoScope-300x289.png\" alt=\"\" width=\"361\" height=\"347\" \/>\r\n<h2>Asistovan\u00fd hatching<\/h2>\r\nKa\u017ed\u00e9 embryo je ji\u017e od st\u00e1dia vaj\u00ed\u010dka kryt\u00e9 pru\u017en\u00fdm obalem tzv. zonou pellucidou. B\u011bhem v\u00fdvoje doch\u00e1z\u00ed se zv\u011bt\u0161ov\u00e1n\u00edm objemu embrya k\u00a0jej\u00edmu zten\u010dov\u00e1n\u00ed. Pokud je v\u0161e v\u00a0po\u0159\u00e1dku, doch\u00e1z\u00ed b\u011bhem 5.-6. dne kultivace k\u00a0jej\u00edmu prasknut\u00ed, a to pasivn\u011b p\u016fsoben\u00edm tlaku i aktivn\u00edm p\u016fsoben\u00edm embrya, kter\u00e9 produkuje enzymy, kter\u00e9 tento obal naru\u0161uj\u00ed. Opu\u0161t\u011bn\u00ed Zony pellucidy (hatching) je nezbytn\u00e9, aby do\u0161lo k\u00a0zahn\u00edzd\u011bn\u00ed embrya v\u00a0d\u011blo\u017en\u00ed sliznici. V\u00a0p\u0159\u00edpadech, kdy v\u00fdvoj embrya nen\u00ed ide\u00e1ln\u00ed, nebo je zona pellucida abnorm\u00e1ln\u00ed, p\u0159istupujeme k\u00a0naru\u0161en\u00ed tohoto ochrann\u00e9ho obalu embrya. Embryo pak m\u016f\u017ee snadn\u011bji obal opustit a podporujeme tak jeho zahn\u00edzd\u011bn\u00ed. Naru\u0161en\u00ed obalu prob\u00edh\u00e1 s\u00a0pou\u017eit\u00edm speci\u00e1ln\u00edho laseru, kter\u00fd umo\u017en\u00ed poru\u0161it pouze obal, ani\u017e by negativn\u011b ovlivnil jin\u00e9 \u010d\u00e1sti embrya.\r\n<h2>Embryoglue<\/h2>\r\nP\u0159i implantac\u00edch oplodn\u011bn\u00fdch vaj\u00ed\u010dek pou\u017e\u00edv\u00e1me ov\u011b\u0159en\u00e9 m\u00e9dium EmbryoGlue\u00ae, kter\u00fd prokazateln\u011b zvy\u0161uje po\u010det t\u011bhotenstv\u00ed i po\u010det narozen\u00fdch d\u011bt\u00ed. EmbryoGlue\u00ae je tk\u00e1\u0148ov\u00fdm lepidlem, kter\u00e9 p\u0159\u00edrodn\u00edm zp\u016fsobem napodobuje prost\u0159ed\u00ed v\u00a0d\u011bloze p\u0159i p\u0159irozen\u00e9m uhn\u00edzd\u011bn\u00ed embrya. Jednodu\u0161e \u0159e\u010deno-EmbryoGlue\u00ae pom\u00e1h\u00e1 dobr\u00e9mu p\u0159ichycen\u00ed oplodn\u011bn\u00e9ho vaj\u00ed\u010dka ke st\u011bn\u011b d\u011blohy.\r\nP\u0159i p\u0159irozen\u00e9m t\u011bhotenstv\u00ed se v\u00a0d\u011bloze zvy\u0161uje mno\u017estv\u00ed hyaluronanu, zjednodu\u0161en\u011b \u0159e\u010deno embryo \u201ep\u0159ilep\u00ed\u201c k\u00a0d\u011blo\u017en\u00ed st\u011bn\u011b. Hyaluronan tak\u00e9 zahust\u00ed roztok EmbryoGlue\u00ae, kter\u00fd m\u00e1 pak podobnou konzistenci jako d\u011blo\u017en\u00ed tekutina. To minimalizuje ne\u017e\u00e1douc\u00ed pohyb embrya.\r\n<h2>Echo katetr<\/h2>\r\nTransferov\u00fd katetr s echogenn\u00ed \u0161pi\u010dkou, kter\u00e1 je vid\u011bt pod ultrazvukem a napom\u00e1h\u00e1 spr\u00e1vn\u00e9mu um\u00edst\u011bn\u00ed embrya v\u00a0d\u011bloze.","_et_gb_content_width":"","footnotes":""},"class_list":["post-5423","page","type-page","status-publish","hentry"],"acf":[],"yoast_head":"<!-- This site is optimized with the Yoast SEO plugin v27.3 - https:\/\/yoast.com\/product\/yoast-seo-wordpress\/ -->\n<title>Prodlou\u017een\u00e1 kultivace v syst\u00e9mu EmbryoScope+ - FertilityPort Prague<\/title>\n<meta name=\"robots\" content=\"index, follow, max-snippet:-1, max-image-preview:large, max-video-preview:-1\" \/>\n<link rel=\"canonical\" href=\"https:\/\/fertilityport.com\/cs\/prodlouzena-kultivace-v-systemu-embryoscope\/\" \/>\n<meta property=\"og:locale\" content=\"cs_CZ\" \/>\n<meta property=\"og:type\" content=\"article\" \/>\n<meta property=\"og:title\" content=\"Prodlou\u017een\u00e1 kultivace v syst\u00e9mu EmbryoScope+ - FertilityPort Prague\" \/>\n<meta property=\"og:description\" content=\"Prodlou\u017een\u00e1 kultivace v syst\u00e9mu EmbryoScope+Embryoscope+ je prvot\u0159\u00eddn\u00ed inkub\u00e1tor, kter\u00fd umo\u017e\u0148uje kontinu\u00e1ln\u00ed sledov\u00e1n\u00ed v\u00fdvoje embry\u00ed. T\u00edm je i omezen jejich stres, proto\u017ee pro kontrolu a hodnocen\u00ed nemusej\u00ed b\u00fdt vyjmuty z\u00a0inkub\u00e1toru. D\u00e1le z\u00edsk\u00e1v\u00e1me o pr\u016fb\u011bhu cel\u00e9ho v\u00fdvoje ka\u017ed\u00e9ho konkr\u00e9tn\u00edho embrya velk\u00e9 mno\u017estv\u00ed dat, a to n\u00e1m pom\u00e1h\u00e1 p\u0159i v\u00fdb\u011bru embrya nejvhodn\u011bj\u0161\u00edho na transfer\/kryokonzervaci. V\u00a0tomto syst\u00e9mu doporu\u010dujeme kultivaci [&hellip;]\" \/>\n<meta property=\"og:url\" content=\"https:\/\/fertilityport.com\/cs\/prodlouzena-kultivace-v-systemu-embryoscope\/\" \/>\n<meta property=\"og:site_name\" content=\"FertilityPort Prague\" \/>\n<meta property=\"article:modified_time\" content=\"2022-04-04T08:40:37+00:00\" \/>\n<meta property=\"og:image\" content=\"https:\/\/fertilityport.com\/wp-content\/uploads\/2022\/04\/EmbryoScope-300x289.png\" \/>\n<meta name=\"twitter:card\" content=\"summary_large_image\" \/>\n<meta name=\"twitter:label1\" content=\"Odhadovan\u00e1 doba \u010dten\u00ed\" \/>\n\t<meta name=\"twitter:data1\" content=\"2 minuty\" \/>\n<script type=\"application\/ld+json\" class=\"yoast-schema-graph\">{\"@context\":\"https:\\\/\\\/schema.org\",\"@graph\":[{\"@type\":\"WebPage\",\"@id\":\"https:\\\/\\\/fertilityport.com\\\/cs\\\/prodlouzena-kultivace-v-systemu-embryoscope\\\/\",\"url\":\"https:\\\/\\\/fertilityport.com\\\/cs\\\/prodlouzena-kultivace-v-systemu-embryoscope\\\/\",\"name\":\"Prodlou\u017een\u00e1 kultivace v syst\u00e9mu EmbryoScope+ - FertilityPort Prague\",\"isPartOf\":{\"@id\":\"https:\\\/\\\/fertilityport.com\\\/#website\"},\"primaryImageOfPage\":{\"@id\":\"https:\\\/\\\/fertilityport.com\\\/cs\\\/prodlouzena-kultivace-v-systemu-embryoscope\\\/#primaryimage\"},\"image\":{\"@id\":\"https:\\\/\\\/fertilityport.com\\\/cs\\\/prodlouzena-kultivace-v-systemu-embryoscope\\\/#primaryimage\"},\"thumbnailUrl\":\"https:\\\/\\\/fertilityport.com\\\/wp-content\\\/uploads\\\/2022\\\/04\\\/EmbryoScope-300x289.png\",\"datePublished\":\"2022-04-04T08:00:49+00:00\",\"dateModified\":\"2022-04-04T08:40:37+00:00\",\"breadcrumb\":{\"@id\":\"https:\\\/\\\/fertilityport.com\\\/cs\\\/prodlouzena-kultivace-v-systemu-embryoscope\\\/#breadcrumb\"},\"inLanguage\":\"cs\",\"potentialAction\":[{\"@type\":\"ReadAction\",\"target\":[\"https:\\\/\\\/fertilityport.com\\\/cs\\\/prodlouzena-kultivace-v-systemu-embryoscope\\\/\"]}]},{\"@type\":\"ImageObject\",\"inLanguage\":\"cs\",\"@id\":\"https:\\\/\\\/fertilityport.com\\\/cs\\\/prodlouzena-kultivace-v-systemu-embryoscope\\\/#primaryimage\",\"url\":\"https:\\\/\\\/fertilityport.com\\\/wp-content\\\/uploads\\\/2022\\\/04\\\/EmbryoScope-300x289.png\",\"contentUrl\":\"https:\\\/\\\/fertilityport.com\\\/wp-content\\\/uploads\\\/2022\\\/04\\\/EmbryoScope-300x289.png\"},{\"@type\":\"BreadcrumbList\",\"@id\":\"https:\\\/\\\/fertilityport.com\\\/cs\\\/prodlouzena-kultivace-v-systemu-embryoscope\\\/#breadcrumb\",\"itemListElement\":[{\"@type\":\"ListItem\",\"position\":1,\"name\":\"Home\",\"item\":\"https:\\\/\\\/fertilityport.com\\\/\"},{\"@type\":\"ListItem\",\"position\":2,\"name\":\"Prodlou\u017een\u00e1 kultivace v syst\u00e9mu EmbryoScope+\"}]},{\"@type\":\"WebSite\",\"@id\":\"https:\\\/\\\/fertilityport.com\\\/#website\",\"url\":\"https:\\\/\\\/fertilityport.com\\\/\",\"name\":\"FertilityPort Prague\",\"description\":\"\",\"potentialAction\":[{\"@type\":\"SearchAction\",\"target\":{\"@type\":\"EntryPoint\",\"urlTemplate\":\"https:\\\/\\\/fertilityport.com\\\/?s={search_term_string}\"},\"query-input\":{\"@type\":\"PropertyValueSpecification\",\"valueRequired\":true,\"valueName\":\"search_term_string\"}}],\"inLanguage\":\"cs\"}]}<\/script>\n<!-- \/ Yoast SEO plugin. -->","yoast_head_json":{"title":"Prodlou\u017een\u00e1 kultivace v syst\u00e9mu EmbryoScope+ - FertilityPort Prague","robots":{"index":"index","follow":"follow","max-snippet":"max-snippet:-1","max-image-preview":"max-image-preview:large","max-video-preview":"max-video-preview:-1"},"canonical":"https:\/\/fertilityport.com\/cs\/prodlouzena-kultivace-v-systemu-embryoscope\/","og_locale":"cs_CZ","og_type":"article","og_title":"Prodlou\u017een\u00e1 kultivace v syst\u00e9mu EmbryoScope+ - FertilityPort Prague","og_description":"Prodlou\u017een\u00e1 kultivace v syst\u00e9mu EmbryoScope+Embryoscope+ je prvot\u0159\u00eddn\u00ed inkub\u00e1tor, kter\u00fd umo\u017e\u0148uje kontinu\u00e1ln\u00ed sledov\u00e1n\u00ed v\u00fdvoje embry\u00ed. T\u00edm je i omezen jejich stres, proto\u017ee pro kontrolu a hodnocen\u00ed nemusej\u00ed b\u00fdt vyjmuty z\u00a0inkub\u00e1toru. D\u00e1le z\u00edsk\u00e1v\u00e1me o pr\u016fb\u011bhu cel\u00e9ho v\u00fdvoje ka\u017ed\u00e9ho konkr\u00e9tn\u00edho embrya velk\u00e9 mno\u017estv\u00ed dat, a to n\u00e1m pom\u00e1h\u00e1 p\u0159i v\u00fdb\u011bru embrya nejvhodn\u011bj\u0161\u00edho na transfer\/kryokonzervaci. V\u00a0tomto syst\u00e9mu doporu\u010dujeme kultivaci [&hellip;]","og_url":"https:\/\/fertilityport.com\/cs\/prodlouzena-kultivace-v-systemu-embryoscope\/","og_site_name":"FertilityPort Prague","article_modified_time":"2022-04-04T08:40:37+00:00","og_image":[{"url":"https:\/\/fertilityport.com\/wp-content\/uploads\/2022\/04\/EmbryoScope-300x289.png","type":"","width":"","height":""}],"twitter_card":"summary_large_image","twitter_misc":{"Odhadovan\u00e1 doba \u010dten\u00ed":"2 minuty"},"schema":{"@context":"https:\/\/schema.org","@graph":[{"@type":"WebPage","@id":"https:\/\/fertilityport.com\/cs\/prodlouzena-kultivace-v-systemu-embryoscope\/","url":"https:\/\/fertilityport.com\/cs\/prodlouzena-kultivace-v-systemu-embryoscope\/","name":"Prodlou\u017een\u00e1 kultivace v syst\u00e9mu EmbryoScope+ - FertilityPort Prague","isPartOf":{"@id":"https:\/\/fertilityport.com\/#website"},"primaryImageOfPage":{"@id":"https:\/\/fertilityport.com\/cs\/prodlouzena-kultivace-v-systemu-embryoscope\/#primaryimage"},"image":{"@id":"https:\/\/fertilityport.com\/cs\/prodlouzena-kultivace-v-systemu-embryoscope\/#primaryimage"},"thumbnailUrl":"https:\/\/fertilityport.com\/wp-content\/uploads\/2022\/04\/EmbryoScope-300x289.png","datePublished":"2022-04-04T08:00:49+00:00","dateModified":"2022-04-04T08:40:37+00:00","breadcrumb":{"@id":"https:\/\/fertilityport.com\/cs\/prodlouzena-kultivace-v-systemu-embryoscope\/#breadcrumb"},"inLanguage":"cs","potentialAction":[{"@type":"ReadAction","target":["https:\/\/fertilityport.com\/cs\/prodlouzena-kultivace-v-systemu-embryoscope\/"]}]},{"@type":"ImageObject","inLanguage":"cs","@id":"https:\/\/fertilityport.com\/cs\/prodlouzena-kultivace-v-systemu-embryoscope\/#primaryimage","url":"https:\/\/fertilityport.com\/wp-content\/uploads\/2022\/04\/EmbryoScope-300x289.png","contentUrl":"https:\/\/fertilityport.com\/wp-content\/uploads\/2022\/04\/EmbryoScope-300x289.png"},{"@type":"BreadcrumbList","@id":"https:\/\/fertilityport.com\/cs\/prodlouzena-kultivace-v-systemu-embryoscope\/#breadcrumb","itemListElement":[{"@type":"ListItem","position":1,"name":"Home","item":"https:\/\/fertilityport.com\/"},{"@type":"ListItem","position":2,"name":"Prodlou\u017een\u00e1 kultivace v syst\u00e9mu EmbryoScope+"}]},{"@type":"WebSite","@id":"https:\/\/fertilityport.com\/#website","url":"https:\/\/fertilityport.com\/","name":"FertilityPort Prague","description":"","potentialAction":[{"@type":"SearchAction","target":{"@type":"EntryPoint","urlTemplate":"https:\/\/fertilityport.com\/?s={search_term_string}"},"query-input":{"@type":"PropertyValueSpecification","valueRequired":true,"valueName":"search_term_string"}}],"inLanguage":"cs"}]}},"_links":{"self":[{"href":"https:\/\/fertilityport.com\/cs\/wp-json\/wp\/v2\/pages\/5423","targetHints":{"allow":["GET"]}}],"collection":[{"href":"https:\/\/fertilityport.com\/cs\/wp-json\/wp\/v2\/pages"}],"about":[{"href":"https:\/\/fertilityport.com\/cs\/wp-json\/wp\/v2\/types\/page"}],"author":[{"embeddable":true,"href":"https:\/\/fertilityport.com\/cs\/wp-json\/wp\/v2\/users\/9"}],"replies":[{"embeddable":true,"href":"https:\/\/fertilityport.com\/cs\/wp-json\/wp\/v2\/comments?post=5423"}],"version-history":[{"count":8,"href":"https:\/\/fertilityport.com\/cs\/wp-json\/wp\/v2\/pages\/5423\/revisions"}],"predecessor-version":[{"id":5456,"href":"https:\/\/fertilityport.com\/cs\/wp-json\/wp\/v2\/pages\/5423\/revisions\/5456"}],"wp:attachment":[{"href":"https:\/\/fertilityport.com\/cs\/wp-json\/wp\/v2\/media?parent=5423"}],"curies":[{"name":"wp","href":"https:\/\/api.w.org\/{rel}","templated":true}]}}