{"id":5434,"date":"2022-04-04T10:10:58","date_gmt":"2022-04-04T08:10:58","guid":{"rendered":"https:\/\/fertilityport.com\/?page_id=5434"},"modified":"2022-04-04T10:45:42","modified_gmt":"2022-04-04T08:45:42","slug":"asistovany-hatching","status":"publish","type":"page","link":"https:\/\/fertilityport.com\/cs\/asistovany-hatching\/","title":{"rendered":"Asistovan\u00fd hatching"},"content":{"rendered":"<p>[et_pb_section fb_built=&#8220;1&#8243; _builder_version=&#8220;4.14.4&#8243; background_color=&#8220;#e2e2e2&#8243; background_enable_image=&#8220;off&#8220; custom_padding=&#8220;||0px|||&#8220; locked=&#8220;off&#8220; global_colors_info=&#8220;{}&#8220;][et_pb_row column_structure=&#8220;2_3,1_3&#8243; _builder_version=&#8220;4.14.4&#8243; custom_padding=&#8220;||11px|||&#8220; global_colors_info=&#8220;{}&#8220;][et_pb_column type=&#8220;2_3&#8243; _builder_version=&#8220;4.4.0&#8243; global_colors_info=&#8220;{}&#8220;][et_pb_text admin_label=&#8220;Text&#8220; module_class=&#8220;c_blurb&#8220; _builder_version=&#8220;4.14.4&#8243; global_colors_info=&#8220;{}&#8220;]<\/p>\n<h1>Asistovan\u00fd hatching<\/h1>\n<p>[\/et_pb_text][\/et_pb_column][et_pb_column type=&#8220;1_3&#8243; _builder_version=&#8220;4.4.0&#8243; global_colors_info=&#8220;{}&#8220;][\/et_pb_column][\/et_pb_row][\/et_pb_section][et_pb_section fb_built=&#8220;1&#8243; admin_label=&#8220;section&#8220; _builder_version=&#8220;3.22&#8243; global_colors_info=&#8220;{}&#8220; min_height=&#8220;260.2px&#8220; custom_padding=&#8220;||23px|||&#8220;][et_pb_row admin_label=&#8220;row&#8220; _builder_version=&#8220;3.25&#8243; background_size=&#8220;initial&#8220; background_position=&#8220;top_left&#8220; background_repeat=&#8220;repeat&#8220; global_colors_info=&#8220;{}&#8220; custom_margin=&#8220;-60px|auto||auto||&#8220;][et_pb_column type=&#8220;4_4&#8243; _builder_version=&#8220;3.25&#8243; custom_padding=&#8220;|||&#8220; global_colors_info=&#8220;{}&#8220; custom_padding__hover=&#8220;|||&#8220;][et_pb_text admin_label=&#8220;Text&#8220; _builder_version=&#8220;3.27.4&#8243; background_size=&#8220;initial&#8220; background_position=&#8220;top_left&#8220; background_repeat=&#8220;repeat&#8220; global_colors_info=&#8220;{}&#8220; width=&#8220;81.9%&#8220; custom_padding=&#8220;||0px|0px||&#8220;]<\/p>\n<p style=\"text-align: justify;\">Ka\u017ed\u00e9 embryo je ji\u017e od st\u00e1dia vaj\u00ed\u010dka kryt\u00e9 pru\u017en\u00fdm obalem tzv. zonou pellucidou. B\u011bhem v\u00fdvoje doch\u00e1z\u00ed se zv\u011bt\u0161ov\u00e1n\u00edm objemu embrya k\u00a0jej\u00edmu zten\u010dov\u00e1n\u00ed. Pokud je v\u0161e v\u00a0po\u0159\u00e1dku, doch\u00e1z\u00ed b\u011bhem 5.-6. dne kultivace k\u00a0jej\u00edmu prasknut\u00ed, a to pasivn\u011b p\u016fsoben\u00edm tlaku i aktivn\u00edm p\u016fsoben\u00edm embrya, kter\u00e9 produkuje enzymy, kter\u00e9 tento obal naru\u0161uj\u00ed. Opu\u0161t\u011bn\u00ed Zony pellucidy (hatching) je nezbytn\u00e9, aby do\u0161lo k\u00a0zahn\u00edzd\u011bn\u00ed embrya v\u00a0d\u011blo\u017en\u00ed sliznici. V\u00a0p\u0159\u00edpadech, kdy v\u00fdvoj embrya nen\u00ed ide\u00e1ln\u00ed, nebo je zona pellucida abnorm\u00e1ln\u00ed, p\u0159istupujeme k\u00a0naru\u0161en\u00ed tohoto ochrann\u00e9ho obalu embrya. Embryo pak m\u016f\u017ee snadn\u011bji obal opustit a podporujeme tak jeho zahn\u00edzd\u011bn\u00ed. Naru\u0161en\u00ed obalu prob\u00edh\u00e1 s\u00a0pou\u017eit\u00edm speci\u00e1ln\u00edho laseru, kter\u00fd umo\u017en\u00ed poru\u0161it pouze obal, ani\u017e by negativn\u011b ovlivnil jin\u00e9 \u010d\u00e1sti embrya.<\/p>\n<p>[\/et_pb_text][\/et_pb_column][\/et_pb_row][\/et_pb_section]<\/p>\n","protected":false},"excerpt":{"rendered":"<p>Asistovan\u00fd hatchingKa\u017ed\u00e9 embryo je ji\u017e od st\u00e1dia vaj\u00ed\u010dka kryt\u00e9 pru\u017en\u00fdm obalem tzv. zonou pellucidou. B\u011bhem v\u00fdvoje doch\u00e1z\u00ed se zv\u011bt\u0161ov\u00e1n\u00edm objemu embrya k\u00a0jej\u00edmu zten\u010dov\u00e1n\u00ed. Pokud je v\u0161e v\u00a0po\u0159\u00e1dku, doch\u00e1z\u00ed b\u011bhem 5.-6. dne kultivace k\u00a0jej\u00edmu prasknut\u00ed, a to pasivn\u011b p\u016fsoben\u00edm tlaku i aktivn\u00edm p\u016fsoben\u00edm embrya, kter\u00e9 produkuje enzymy, kter\u00e9 tento obal naru\u0161uj\u00ed. Opu\u0161t\u011bn\u00ed Zony pellucidy (hatching) je [&hellip;]<\/p>\n","protected":false},"author":9,"featured_media":0,"parent":0,"menu_order":0,"comment_status":"closed","ping_status":"closed","template":"","meta":{"_acf_changed":false,"_et_pb_use_builder":"on","_et_pb_old_content":"Ka\u017ed\u00e9 embryo je ji\u017e od st\u00e1dia vaj\u00ed\u010dka kryt\u00e9 pru\u017en\u00fdm obalem tzv. zonou pellucidou. B\u011bhem v\u00fdvoje doch\u00e1z\u00ed se zv\u011bt\u0161ov\u00e1n\u00edm objemu embrya k\u00a0jej\u00edmu zten\u010dov\u00e1n\u00ed. Pokud je v\u0161e v\u00a0po\u0159\u00e1dku, doch\u00e1z\u00ed b\u011bhem 5.-6. dne kultivace k\u00a0jej\u00edmu prasknut\u00ed, a to pasivn\u011b p\u016fsoben\u00edm tlaku i aktivn\u00edm p\u016fsoben\u00edm embrya, kter\u00e9 produkuje enzymy, kter\u00e9 tento obal naru\u0161uj\u00ed. Opu\u0161t\u011bn\u00ed Zony pellucidy (hatching) je nezbytn\u00e9, aby do\u0161lo k\u00a0zahn\u00edzd\u011bn\u00ed embrya v\u00a0d\u011blo\u017en\u00ed sliznici. V\u00a0p\u0159\u00edpadech, kdy v\u00fdvoj embrya nen\u00ed ide\u00e1ln\u00ed, nebo je zona pellucida abnorm\u00e1ln\u00ed, p\u0159istupujeme k\u00a0naru\u0161en\u00ed tohoto ochrann\u00e9ho obalu embrya. Embryo pak m\u016f\u017ee snadn\u011bji obal opustit a podporujeme tak jeho zahn\u00edzd\u011bn\u00ed. Naru\u0161en\u00ed obalu prob\u00edh\u00e1 s\u00a0pou\u017eit\u00edm speci\u00e1ln\u00edho laseru, kter\u00fd umo\u017en\u00ed poru\u0161it pouze obal, ani\u017e by negativn\u011b ovlivnil jin\u00e9 \u010d\u00e1sti embrya.","_et_gb_content_width":"","footnotes":""},"class_list":["post-5434","page","type-page","status-publish","hentry"],"acf":[],"yoast_head":"<!-- This site is optimized with the Yoast SEO plugin v27.5 - https:\/\/yoast.com\/product\/yoast-seo-wordpress\/ -->\n<title>Asistovan\u00fd hatching - FertilityPort Prague<\/title>\n<meta name=\"robots\" content=\"index, follow, max-snippet:-1, max-image-preview:large, max-video-preview:-1\" \/>\n<link rel=\"canonical\" href=\"https:\/\/fertilityport.com\/cs\/asistovany-hatching\/\" \/>\n<meta property=\"og:locale\" content=\"cs_CZ\" \/>\n<meta property=\"og:type\" content=\"article\" \/>\n<meta property=\"og:title\" content=\"Asistovan\u00fd hatching - FertilityPort Prague\" \/>\n<meta property=\"og:description\" content=\"Asistovan\u00fd hatchingKa\u017ed\u00e9 embryo je ji\u017e od st\u00e1dia vaj\u00ed\u010dka kryt\u00e9 pru\u017en\u00fdm obalem tzv. zonou pellucidou. B\u011bhem v\u00fdvoje doch\u00e1z\u00ed se zv\u011bt\u0161ov\u00e1n\u00edm objemu embrya k\u00a0jej\u00edmu zten\u010dov\u00e1n\u00ed. Pokud je v\u0161e v\u00a0po\u0159\u00e1dku, doch\u00e1z\u00ed b\u011bhem 5.-6. dne kultivace k\u00a0jej\u00edmu prasknut\u00ed, a to pasivn\u011b p\u016fsoben\u00edm tlaku i aktivn\u00edm p\u016fsoben\u00edm embrya, kter\u00e9 produkuje enzymy, kter\u00e9 tento obal naru\u0161uj\u00ed. Opu\u0161t\u011bn\u00ed Zony pellucidy (hatching) je [&hellip;]\" \/>\n<meta property=\"og:url\" content=\"https:\/\/fertilityport.com\/cs\/asistovany-hatching\/\" \/>\n<meta property=\"og:site_name\" content=\"FertilityPort Prague\" \/>\n<meta property=\"article:modified_time\" content=\"2022-04-04T08:45:42+00:00\" \/>\n<meta name=\"twitter:card\" content=\"summary_large_image\" \/>\n<meta name=\"twitter:label1\" content=\"Odhadovan\u00e1 doba \u010dten\u00ed\" \/>\n\t<meta name=\"twitter:data1\" content=\"2 minuty\" \/>\n<script type=\"application\/ld+json\" class=\"yoast-schema-graph\">{\"@context\":\"https:\\\/\\\/schema.org\",\"@graph\":[{\"@type\":\"WebPage\",\"@id\":\"https:\\\/\\\/fertilityport.com\\\/cs\\\/asistovany-hatching\\\/\",\"url\":\"https:\\\/\\\/fertilityport.com\\\/cs\\\/asistovany-hatching\\\/\",\"name\":\"Asistovan\u00fd hatching - FertilityPort Prague\",\"isPartOf\":{\"@id\":\"https:\\\/\\\/fertilityport.com\\\/#website\"},\"datePublished\":\"2022-04-04T08:10:58+00:00\",\"dateModified\":\"2022-04-04T08:45:42+00:00\",\"breadcrumb\":{\"@id\":\"https:\\\/\\\/fertilityport.com\\\/cs\\\/asistovany-hatching\\\/#breadcrumb\"},\"inLanguage\":\"cs\",\"potentialAction\":[{\"@type\":\"ReadAction\",\"target\":[\"https:\\\/\\\/fertilityport.com\\\/cs\\\/asistovany-hatching\\\/\"]}]},{\"@type\":\"BreadcrumbList\",\"@id\":\"https:\\\/\\\/fertilityport.com\\\/cs\\\/asistovany-hatching\\\/#breadcrumb\",\"itemListElement\":[{\"@type\":\"ListItem\",\"position\":1,\"name\":\"Home\",\"item\":\"https:\\\/\\\/fertilityport.com\\\/\"},{\"@type\":\"ListItem\",\"position\":2,\"name\":\"Asistovan\u00fd hatching\"}]},{\"@type\":\"WebSite\",\"@id\":\"https:\\\/\\\/fertilityport.com\\\/#website\",\"url\":\"https:\\\/\\\/fertilityport.com\\\/\",\"name\":\"FertilityPort Prague\",\"description\":\"\",\"potentialAction\":[{\"@type\":\"SearchAction\",\"target\":{\"@type\":\"EntryPoint\",\"urlTemplate\":\"https:\\\/\\\/fertilityport.com\\\/?s={search_term_string}\"},\"query-input\":{\"@type\":\"PropertyValueSpecification\",\"valueRequired\":true,\"valueName\":\"search_term_string\"}}],\"inLanguage\":\"cs\"}]}<\/script>\n<!-- \/ Yoast SEO plugin. -->","yoast_head_json":{"title":"Asistovan\u00fd hatching - FertilityPort Prague","robots":{"index":"index","follow":"follow","max-snippet":"max-snippet:-1","max-image-preview":"max-image-preview:large","max-video-preview":"max-video-preview:-1"},"canonical":"https:\/\/fertilityport.com\/cs\/asistovany-hatching\/","og_locale":"cs_CZ","og_type":"article","og_title":"Asistovan\u00fd hatching - FertilityPort Prague","og_description":"Asistovan\u00fd hatchingKa\u017ed\u00e9 embryo je ji\u017e od st\u00e1dia vaj\u00ed\u010dka kryt\u00e9 pru\u017en\u00fdm obalem tzv. zonou pellucidou. B\u011bhem v\u00fdvoje doch\u00e1z\u00ed se zv\u011bt\u0161ov\u00e1n\u00edm objemu embrya k\u00a0jej\u00edmu zten\u010dov\u00e1n\u00ed. Pokud je v\u0161e v\u00a0po\u0159\u00e1dku, doch\u00e1z\u00ed b\u011bhem 5.-6. dne kultivace k\u00a0jej\u00edmu prasknut\u00ed, a to pasivn\u011b p\u016fsoben\u00edm tlaku i aktivn\u00edm p\u016fsoben\u00edm embrya, kter\u00e9 produkuje enzymy, kter\u00e9 tento obal naru\u0161uj\u00ed. Opu\u0161t\u011bn\u00ed Zony pellucidy (hatching) je [&hellip;]","og_url":"https:\/\/fertilityport.com\/cs\/asistovany-hatching\/","og_site_name":"FertilityPort Prague","article_modified_time":"2022-04-04T08:45:42+00:00","twitter_card":"summary_large_image","twitter_misc":{"Odhadovan\u00e1 doba \u010dten\u00ed":"2 minuty"},"schema":{"@context":"https:\/\/schema.org","@graph":[{"@type":"WebPage","@id":"https:\/\/fertilityport.com\/cs\/asistovany-hatching\/","url":"https:\/\/fertilityport.com\/cs\/asistovany-hatching\/","name":"Asistovan\u00fd hatching - FertilityPort Prague","isPartOf":{"@id":"https:\/\/fertilityport.com\/#website"},"datePublished":"2022-04-04T08:10:58+00:00","dateModified":"2022-04-04T08:45:42+00:00","breadcrumb":{"@id":"https:\/\/fertilityport.com\/cs\/asistovany-hatching\/#breadcrumb"},"inLanguage":"cs","potentialAction":[{"@type":"ReadAction","target":["https:\/\/fertilityport.com\/cs\/asistovany-hatching\/"]}]},{"@type":"BreadcrumbList","@id":"https:\/\/fertilityport.com\/cs\/asistovany-hatching\/#breadcrumb","itemListElement":[{"@type":"ListItem","position":1,"name":"Home","item":"https:\/\/fertilityport.com\/"},{"@type":"ListItem","position":2,"name":"Asistovan\u00fd hatching"}]},{"@type":"WebSite","@id":"https:\/\/fertilityport.com\/#website","url":"https:\/\/fertilityport.com\/","name":"FertilityPort Prague","description":"","potentialAction":[{"@type":"SearchAction","target":{"@type":"EntryPoint","urlTemplate":"https:\/\/fertilityport.com\/?s={search_term_string}"},"query-input":{"@type":"PropertyValueSpecification","valueRequired":true,"valueName":"search_term_string"}}],"inLanguage":"cs"}]}},"_links":{"self":[{"href":"https:\/\/fertilityport.com\/cs\/wp-json\/wp\/v2\/pages\/5434","targetHints":{"allow":["GET"]}}],"collection":[{"href":"https:\/\/fertilityport.com\/cs\/wp-json\/wp\/v2\/pages"}],"about":[{"href":"https:\/\/fertilityport.com\/cs\/wp-json\/wp\/v2\/types\/page"}],"author":[{"embeddable":true,"href":"https:\/\/fertilityport.com\/cs\/wp-json\/wp\/v2\/users\/9"}],"replies":[{"embeddable":true,"href":"https:\/\/fertilityport.com\/cs\/wp-json\/wp\/v2\/comments?post=5434"}],"version-history":[{"count":3,"href":"https:\/\/fertilityport.com\/cs\/wp-json\/wp\/v2\/pages\/5434\/revisions"}],"predecessor-version":[{"id":5459,"href":"https:\/\/fertilityport.com\/cs\/wp-json\/wp\/v2\/pages\/5434\/revisions\/5459"}],"wp:attachment":[{"href":"https:\/\/fertilityport.com\/cs\/wp-json\/wp\/v2\/media?parent=5434"}],"curies":[{"name":"wp","href":"https:\/\/api.w.org\/{rel}","templated":true}]}}