{"id":5436,"date":"2022-04-04T10:11:46","date_gmt":"2022-04-04T08:11:46","guid":{"rendered":"https:\/\/fertilityport.com\/?page_id=5436"},"modified":"2022-04-04T10:50:34","modified_gmt":"2022-04-04T08:50:34","slug":"embryoglue","status":"publish","type":"page","link":"https:\/\/fertilityport.com\/cs\/embryoglue\/","title":{"rendered":"Embryoglue"},"content":{"rendered":"<p>[et_pb_section fb_built=&#8220;1&#8243; _builder_version=&#8220;4.14.4&#8243; background_color=&#8220;#e2e2e2&#8243; background_enable_image=&#8220;off&#8220; custom_padding=&#8220;||0px|||&#8220; locked=&#8220;off&#8220; global_colors_info=&#8220;{}&#8220;][et_pb_row column_structure=&#8220;2_3,1_3&#8243; _builder_version=&#8220;4.14.4&#8243; custom_padding=&#8220;||11px|||&#8220; global_colors_info=&#8220;{}&#8220;][et_pb_column type=&#8220;2_3&#8243; _builder_version=&#8220;4.4.0&#8243; global_colors_info=&#8220;{}&#8220;][et_pb_text admin_label=&#8220;Text&#8220; module_class=&#8220;c_blurb&#8220; _builder_version=&#8220;4.14.4&#8243; global_colors_info=&#8220;{}&#8220; custom_padding=&#8220;||0px|||&#8220;]<\/p>\n<h1>Embryoglue<\/h1>\n<p>[\/et_pb_text][\/et_pb_column][et_pb_column type=&#8220;1_3&#8243; _builder_version=&#8220;4.4.0&#8243; global_colors_info=&#8220;{}&#8220;][\/et_pb_column][\/et_pb_row][\/et_pb_section][et_pb_section fb_built=&#8220;1&#8243; admin_label=&#8220;section&#8220; _builder_version=&#8220;3.22&#8243; global_colors_info=&#8220;{}&#8220;][et_pb_row admin_label=&#8220;row&#8220; _builder_version=&#8220;3.25&#8243; background_size=&#8220;initial&#8220; background_position=&#8220;top_left&#8220; background_repeat=&#8220;repeat&#8220; global_colors_info=&#8220;{}&#8220; custom_margin=&#8220;-54px|auto||auto||&#8220; width=&#8220;72.4%&#8220; custom_padding=&#8220;|||0px||&#8220;][et_pb_column type=&#8220;4_4&#8243; _builder_version=&#8220;3.25&#8243; custom_padding=&#8220;|||&#8220; global_colors_info=&#8220;{}&#8220; custom_padding__hover=&#8220;|||&#8220;][et_pb_text admin_label=&#8220;Text&#8220; _builder_version=&#8220;3.27.4&#8243; background_size=&#8220;initial&#8220; background_position=&#8220;top_left&#8220; background_repeat=&#8220;repeat&#8220; global_colors_info=&#8220;{}&#8220; custom_padding=&#8220;|||0px||&#8220; width=&#8220;82%&#8220;]<\/p>\n<p style=\"text-align: justify;\">P\u0159i implantac\u00edch oplodn\u011bn\u00fdch vaj\u00ed\u010dek pou\u017e\u00edv\u00e1me ov\u011b\u0159en\u00e9 m\u00e9dium EmbryoGlue\u00ae, kter\u00fd prokazateln\u011b zvy\u0161uje po\u010det t\u011bhotenstv\u00ed i po\u010det narozen\u00fdch d\u011bt\u00ed. EmbryoGlue\u00ae je tk\u00e1\u0148ov\u00fdm lepidlem, kter\u00e9 p\u0159\u00edrodn\u00edm zp\u016fsobem napodobuje prost\u0159ed\u00ed v\u00a0d\u011bloze p\u0159i p\u0159irozen\u00e9m uhn\u00edzd\u011bn\u00ed embrya. Jednodu\u0161e \u0159e\u010deno-EmbryoGlue\u00ae pom\u00e1h\u00e1 dobr\u00e9mu p\u0159ichycen\u00ed oplodn\u011bn\u00e9ho vaj\u00ed\u010dka ke st\u011bn\u011b d\u011blohy.<br \/>P\u0159i p\u0159irozen\u00e9m t\u011bhotenstv\u00ed se v\u00a0d\u011bloze zvy\u0161uje mno\u017estv\u00ed hyaluronanu, zjednodu\u0161en\u011b \u0159e\u010deno embryo \u201ep\u0159ilep\u00ed\u201c k\u00a0d\u011blo\u017en\u00ed st\u011bn\u011b. Hyaluronan tak\u00e9 zahust\u00ed roztok EmbryoGlue\u00ae, kter\u00fd m\u00e1 pak podobnou konzistenci jako d\u011blo\u017en\u00ed tekutina. To minimalizuje ne\u017e\u00e1douc\u00ed pohyb embrya.<\/p>\n<p>[\/et_pb_text][\/et_pb_column][\/et_pb_row][\/et_pb_section]<\/p>\n","protected":false},"excerpt":{"rendered":"<p>EmbryoglueP\u0159i implantac\u00edch oplodn\u011bn\u00fdch vaj\u00ed\u010dek pou\u017e\u00edv\u00e1me ov\u011b\u0159en\u00e9 m\u00e9dium EmbryoGlue\u00ae, kter\u00fd prokazateln\u011b zvy\u0161uje po\u010det t\u011bhotenstv\u00ed i po\u010det narozen\u00fdch d\u011bt\u00ed. EmbryoGlue\u00ae je tk\u00e1\u0148ov\u00fdm lepidlem, kter\u00e9 p\u0159\u00edrodn\u00edm zp\u016fsobem napodobuje prost\u0159ed\u00ed v\u00a0d\u011bloze p\u0159i p\u0159irozen\u00e9m uhn\u00edzd\u011bn\u00ed embrya. Jednodu\u0161e \u0159e\u010deno-EmbryoGlue\u00ae pom\u00e1h\u00e1 dobr\u00e9mu p\u0159ichycen\u00ed oplodn\u011bn\u00e9ho vaj\u00ed\u010dka ke st\u011bn\u011b d\u011blohy.P\u0159i p\u0159irozen\u00e9m t\u011bhotenstv\u00ed se v\u00a0d\u011bloze zvy\u0161uje mno\u017estv\u00ed hyaluronanu, zjednodu\u0161en\u011b \u0159e\u010deno embryo \u201ep\u0159ilep\u00ed\u201c k\u00a0d\u011blo\u017en\u00ed st\u011bn\u011b. Hyaluronan [&hellip;]<\/p>\n","protected":false},"author":9,"featured_media":0,"parent":0,"menu_order":0,"comment_status":"closed","ping_status":"closed","template":"","meta":{"_acf_changed":false,"_et_pb_use_builder":"on","_et_pb_old_content":"P\u0159i implantac\u00edch oplodn\u011bn\u00fdch vaj\u00ed\u010dek pou\u017e\u00edv\u00e1me ov\u011b\u0159en\u00e9 m\u00e9dium EmbryoGlue\u00ae, kter\u00fd prokazateln\u011b zvy\u0161uje po\u010det t\u011bhotenstv\u00ed i po\u010det narozen\u00fdch d\u011bt\u00ed. EmbryoGlue\u00ae je tk\u00e1\u0148ov\u00fdm lepidlem, kter\u00e9 p\u0159\u00edrodn\u00edm zp\u016fsobem napodobuje prost\u0159ed\u00ed v\u00a0d\u011bloze p\u0159i p\u0159irozen\u00e9m uhn\u00edzd\u011bn\u00ed embrya. Jednodu\u0161e \u0159e\u010deno-EmbryoGlue\u00ae pom\u00e1h\u00e1 dobr\u00e9mu p\u0159ichycen\u00ed oplodn\u011bn\u00e9ho vaj\u00ed\u010dka ke st\u011bn\u011b d\u011blohy.\r\nP\u0159i p\u0159irozen\u00e9m t\u011bhotenstv\u00ed se v\u00a0d\u011bloze zvy\u0161uje mno\u017estv\u00ed hyaluronanu, zjednodu\u0161en\u011b \u0159e\u010deno embryo \u201ep\u0159ilep\u00ed\u201c k\u00a0d\u011blo\u017en\u00ed st\u011bn\u011b. Hyaluronan tak\u00e9 zahust\u00ed roztok EmbryoGlue\u00ae, kter\u00fd m\u00e1 pak podobnou konzistenci jako d\u011blo\u017en\u00ed tekutina. To minimalizuje ne\u017e\u00e1douc\u00ed pohyb embrya.","_et_gb_content_width":"","footnotes":""},"class_list":["post-5436","page","type-page","status-publish","hentry"],"acf":[],"yoast_head":"<!-- This site is optimized with the Yoast SEO plugin v27.5 - https:\/\/yoast.com\/product\/yoast-seo-wordpress\/ -->\n<title>Embryoglue - FertilityPort Prague<\/title>\n<meta name=\"robots\" content=\"index, follow, max-snippet:-1, max-image-preview:large, max-video-preview:-1\" \/>\n<link rel=\"canonical\" href=\"https:\/\/fertilityport.com\/cs\/embryoglue\/\" \/>\n<meta property=\"og:locale\" content=\"cs_CZ\" \/>\n<meta property=\"og:type\" content=\"article\" \/>\n<meta property=\"og:title\" content=\"Embryoglue - FertilityPort Prague\" \/>\n<meta property=\"og:description\" content=\"EmbryoglueP\u0159i implantac\u00edch oplodn\u011bn\u00fdch vaj\u00ed\u010dek pou\u017e\u00edv\u00e1me ov\u011b\u0159en\u00e9 m\u00e9dium EmbryoGlue\u00ae, kter\u00fd prokazateln\u011b zvy\u0161uje po\u010det t\u011bhotenstv\u00ed i po\u010det narozen\u00fdch d\u011bt\u00ed. EmbryoGlue\u00ae je tk\u00e1\u0148ov\u00fdm lepidlem, kter\u00e9 p\u0159\u00edrodn\u00edm zp\u016fsobem napodobuje prost\u0159ed\u00ed v\u00a0d\u011bloze p\u0159i p\u0159irozen\u00e9m uhn\u00edzd\u011bn\u00ed embrya. Jednodu\u0161e \u0159e\u010deno-EmbryoGlue\u00ae pom\u00e1h\u00e1 dobr\u00e9mu p\u0159ichycen\u00ed oplodn\u011bn\u00e9ho vaj\u00ed\u010dka ke st\u011bn\u011b d\u011blohy.P\u0159i p\u0159irozen\u00e9m t\u011bhotenstv\u00ed se v\u00a0d\u011bloze zvy\u0161uje mno\u017estv\u00ed hyaluronanu, zjednodu\u0161en\u011b \u0159e\u010deno embryo \u201ep\u0159ilep\u00ed\u201c k\u00a0d\u011blo\u017en\u00ed st\u011bn\u011b. Hyaluronan [&hellip;]\" \/>\n<meta property=\"og:url\" content=\"https:\/\/fertilityport.com\/cs\/embryoglue\/\" \/>\n<meta property=\"og:site_name\" content=\"FertilityPort Prague\" \/>\n<meta property=\"article:modified_time\" content=\"2022-04-04T08:50:34+00:00\" \/>\n<meta name=\"twitter:card\" content=\"summary_large_image\" \/>\n<meta name=\"twitter:label1\" content=\"Odhadovan\u00e1 doba \u010dten\u00ed\" \/>\n\t<meta name=\"twitter:data1\" content=\"2 minuty\" \/>\n<script type=\"application\/ld+json\" class=\"yoast-schema-graph\">{\"@context\":\"https:\\\/\\\/schema.org\",\"@graph\":[{\"@type\":\"WebPage\",\"@id\":\"https:\\\/\\\/fertilityport.com\\\/cs\\\/embryoglue\\\/\",\"url\":\"https:\\\/\\\/fertilityport.com\\\/cs\\\/embryoglue\\\/\",\"name\":\"Embryoglue - FertilityPort Prague\",\"isPartOf\":{\"@id\":\"https:\\\/\\\/fertilityport.com\\\/#website\"},\"datePublished\":\"2022-04-04T08:11:46+00:00\",\"dateModified\":\"2022-04-04T08:50:34+00:00\",\"breadcrumb\":{\"@id\":\"https:\\\/\\\/fertilityport.com\\\/cs\\\/embryoglue\\\/#breadcrumb\"},\"inLanguage\":\"cs\",\"potentialAction\":[{\"@type\":\"ReadAction\",\"target\":[\"https:\\\/\\\/fertilityport.com\\\/cs\\\/embryoglue\\\/\"]}]},{\"@type\":\"BreadcrumbList\",\"@id\":\"https:\\\/\\\/fertilityport.com\\\/cs\\\/embryoglue\\\/#breadcrumb\",\"itemListElement\":[{\"@type\":\"ListItem\",\"position\":1,\"name\":\"Home\",\"item\":\"https:\\\/\\\/fertilityport.com\\\/\"},{\"@type\":\"ListItem\",\"position\":2,\"name\":\"Embryoglue\"}]},{\"@type\":\"WebSite\",\"@id\":\"https:\\\/\\\/fertilityport.com\\\/#website\",\"url\":\"https:\\\/\\\/fertilityport.com\\\/\",\"name\":\"FertilityPort Prague\",\"description\":\"\",\"potentialAction\":[{\"@type\":\"SearchAction\",\"target\":{\"@type\":\"EntryPoint\",\"urlTemplate\":\"https:\\\/\\\/fertilityport.com\\\/?s={search_term_string}\"},\"query-input\":{\"@type\":\"PropertyValueSpecification\",\"valueRequired\":true,\"valueName\":\"search_term_string\"}}],\"inLanguage\":\"cs\"}]}<\/script>\n<!-- \/ Yoast SEO plugin. -->","yoast_head_json":{"title":"Embryoglue - FertilityPort Prague","robots":{"index":"index","follow":"follow","max-snippet":"max-snippet:-1","max-image-preview":"max-image-preview:large","max-video-preview":"max-video-preview:-1"},"canonical":"https:\/\/fertilityport.com\/cs\/embryoglue\/","og_locale":"cs_CZ","og_type":"article","og_title":"Embryoglue - FertilityPort Prague","og_description":"EmbryoglueP\u0159i implantac\u00edch oplodn\u011bn\u00fdch vaj\u00ed\u010dek pou\u017e\u00edv\u00e1me ov\u011b\u0159en\u00e9 m\u00e9dium EmbryoGlue\u00ae, kter\u00fd prokazateln\u011b zvy\u0161uje po\u010det t\u011bhotenstv\u00ed i po\u010det narozen\u00fdch d\u011bt\u00ed. EmbryoGlue\u00ae je tk\u00e1\u0148ov\u00fdm lepidlem, kter\u00e9 p\u0159\u00edrodn\u00edm zp\u016fsobem napodobuje prost\u0159ed\u00ed v\u00a0d\u011bloze p\u0159i p\u0159irozen\u00e9m uhn\u00edzd\u011bn\u00ed embrya. Jednodu\u0161e \u0159e\u010deno-EmbryoGlue\u00ae pom\u00e1h\u00e1 dobr\u00e9mu p\u0159ichycen\u00ed oplodn\u011bn\u00e9ho vaj\u00ed\u010dka ke st\u011bn\u011b d\u011blohy.P\u0159i p\u0159irozen\u00e9m t\u011bhotenstv\u00ed se v\u00a0d\u011bloze zvy\u0161uje mno\u017estv\u00ed hyaluronanu, zjednodu\u0161en\u011b \u0159e\u010deno embryo \u201ep\u0159ilep\u00ed\u201c k\u00a0d\u011blo\u017en\u00ed st\u011bn\u011b. Hyaluronan [&hellip;]","og_url":"https:\/\/fertilityport.com\/cs\/embryoglue\/","og_site_name":"FertilityPort Prague","article_modified_time":"2022-04-04T08:50:34+00:00","twitter_card":"summary_large_image","twitter_misc":{"Odhadovan\u00e1 doba \u010dten\u00ed":"2 minuty"},"schema":{"@context":"https:\/\/schema.org","@graph":[{"@type":"WebPage","@id":"https:\/\/fertilityport.com\/cs\/embryoglue\/","url":"https:\/\/fertilityport.com\/cs\/embryoglue\/","name":"Embryoglue - FertilityPort Prague","isPartOf":{"@id":"https:\/\/fertilityport.com\/#website"},"datePublished":"2022-04-04T08:11:46+00:00","dateModified":"2022-04-04T08:50:34+00:00","breadcrumb":{"@id":"https:\/\/fertilityport.com\/cs\/embryoglue\/#breadcrumb"},"inLanguage":"cs","potentialAction":[{"@type":"ReadAction","target":["https:\/\/fertilityport.com\/cs\/embryoglue\/"]}]},{"@type":"BreadcrumbList","@id":"https:\/\/fertilityport.com\/cs\/embryoglue\/#breadcrumb","itemListElement":[{"@type":"ListItem","position":1,"name":"Home","item":"https:\/\/fertilityport.com\/"},{"@type":"ListItem","position":2,"name":"Embryoglue"}]},{"@type":"WebSite","@id":"https:\/\/fertilityport.com\/#website","url":"https:\/\/fertilityport.com\/","name":"FertilityPort Prague","description":"","potentialAction":[{"@type":"SearchAction","target":{"@type":"EntryPoint","urlTemplate":"https:\/\/fertilityport.com\/?s={search_term_string}"},"query-input":{"@type":"PropertyValueSpecification","valueRequired":true,"valueName":"search_term_string"}}],"inLanguage":"cs"}]}},"_links":{"self":[{"href":"https:\/\/fertilityport.com\/cs\/wp-json\/wp\/v2\/pages\/5436","targetHints":{"allow":["GET"]}}],"collection":[{"href":"https:\/\/fertilityport.com\/cs\/wp-json\/wp\/v2\/pages"}],"about":[{"href":"https:\/\/fertilityport.com\/cs\/wp-json\/wp\/v2\/types\/page"}],"author":[{"embeddable":true,"href":"https:\/\/fertilityport.com\/cs\/wp-json\/wp\/v2\/users\/9"}],"replies":[{"embeddable":true,"href":"https:\/\/fertilityport.com\/cs\/wp-json\/wp\/v2\/comments?post=5436"}],"version-history":[{"count":3,"href":"https:\/\/fertilityport.com\/cs\/wp-json\/wp\/v2\/pages\/5436\/revisions"}],"predecessor-version":[{"id":5462,"href":"https:\/\/fertilityport.com\/cs\/wp-json\/wp\/v2\/pages\/5436\/revisions\/5462"}],"wp:attachment":[{"href":"https:\/\/fertilityport.com\/cs\/wp-json\/wp\/v2\/media?parent=5436"}],"curies":[{"name":"wp","href":"https:\/\/api.w.org\/{rel}","templated":true}]}}