{"id":5612,"date":"2022-05-05T10:52:20","date_gmt":"2022-05-05T08:52:20","guid":{"rendered":"https:\/\/fertilityport.com\/?page_id=5612"},"modified":"2022-05-26T11:29:41","modified_gmt":"2022-05-26T09:29:41","slug":"neolife-plus","status":"publish","type":"page","link":"https:\/\/fertilityport.com\/cs\/neolife-plus\/","title":{"rendered":"NeoLife+"},"content":{"rendered":"<p><span class=\"TextRun SCXW27999650 BCX0\" lang=\"CS-CZ\" xml:lang=\"CS-CZ\" data-contrast=\"auto\"><span class=\"SpellingError SCXW27999650 BCX0\">NeoLife<\/span><span class=\"NormalTextRun SCXW27999650 BCX0\">+ p\u0159edstavuje b<\/span><span class=\"NormalTextRun SCXW27999650 BCX0\">al\u00ed\u010dek <\/span><\/span><a class=\"Hyperlink SCXW27999650 BCX0\" href=\"https:\/\/fertilityport.com\/cs\/neolife\/\" target=\"_blank\" rel=\"noreferrer noopener\"><span class=\"TextRun SCXW27999650 BCX0\" lang=\"CS-CZ\" xml:lang=\"CS-CZ\" data-contrast=\"auto\"><span class=\"NormalTextRun SCXW27999650 BCX0\">NeoLife<\/span><\/span><\/a><span class=\"TextRun SCXW27999650 BCX0\" lang=\"CS-CZ\" xml:lang=\"CS-CZ\" data-contrast=\"auto\"><span class=\"NormalTextRun SCXW27999650 BCX0\">\u202f<\/span><span class=\"NormalTextRun SCXW27999650 BCX0\">obohacen\u00fd <\/span><span class=\"NormalTextRun SCXW27999650 BCX0\">o <\/span><span class=\"NormalTextRun SCXW27999650 BCX0\">nejmodern\u011bj\u0161\u00ed <\/span><span class=\"NormalTextRun SCXW27999650 BCX0\">laboratorn\u00ed metody, kter\u00e9 objektivn\u011b vedou k\u202flep\u0161\u00edm v\u00fdsledk\u016fm l\u00e9\u010dby, a to v cenov\u011b zv\u00fdhodn\u011bn\u00e9 variant\u011b.<\/span><\/span><span class=\"EOP SCXW27999650 BCX0\" data-ccp-props=\"{&quot;201341983&quot;:2,&quot;335559685&quot;:708,&quot;335559739&quot;:160,&quot;335559740&quot;:312}\">\u00a0<\/span><\/p>\n<p>&nbsp;<\/p>\n<h3>Program NeoLife+ zahrnuje:<\/h3>\n<ul>\n<li data-leveltext=\"\uf0b7\" data-font=\"Symbol\" data-listid=\"1\" data-list-defn-props=\"{&quot;335552541&quot;:1,&quot;335559684&quot;:-2,&quot;335559685&quot;:1440,&quot;335559991&quot;:360,&quot;469769226&quot;:&quot;Symbol&quot;,&quot;469769242&quot;:[8226],&quot;469777803&quot;:&quot;left&quot;,&quot;469777804&quot;:&quot;\uf0b7&quot;,&quot;469777815&quot;:&quot;hybridMultilevel&quot;}\" aria-setsize=\"-1\" data-aria-posinset=\"1\" data-aria-level=\"2\"><span data-contrast=\"auto\">p\u0159\u00edpravu a konzultaci pl\u00e1nu stimulace<\/span><span data-ccp-props=\"{&quot;201341983&quot;:2,&quot;335559739&quot;:160,&quot;335559740&quot;:312}\">\u00a0<\/span><\/li>\n<li data-leveltext=\"\uf0b7\" data-font=\"Symbol\" data-listid=\"1\" data-list-defn-props=\"{&quot;335552541&quot;:1,&quot;335559684&quot;:-2,&quot;335559685&quot;:1440,&quot;335559991&quot;:360,&quot;469769226&quot;:&quot;Symbol&quot;,&quot;469769242&quot;:[8226],&quot;469777803&quot;:&quot;left&quot;,&quot;469777804&quot;:&quot;\uf0b7&quot;,&quot;469777815&quot;:&quot;hybridMultilevel&quot;}\" aria-setsize=\"-1\" data-aria-posinset=\"2\" data-aria-level=\"2\"><span data-contrast=\"auto\">v\u0161echna ultrazvukov\u00e1 vy\u0161et\u0159en\u00ed ve stimulaci<\/span><span data-ccp-props=\"{&quot;201341983&quot;:2,&quot;335559739&quot;:160,&quot;335559740&quot;:312}\">\u00a0<\/span><\/li>\n<li data-leveltext=\"\uf0b7\" data-font=\"Symbol\" data-listid=\"1\" data-list-defn-props=\"{&quot;335552541&quot;:1,&quot;335559684&quot;:-2,&quot;335559685&quot;:1440,&quot;335559991&quot;:360,&quot;469769226&quot;:&quot;Symbol&quot;,&quot;469769242&quot;:[8226],&quot;469777803&quot;:&quot;left&quot;,&quot;469777804&quot;:&quot;\uf0b7&quot;,&quot;469777815&quot;:&quot;hybridMultilevel&quot;}\" aria-setsize=\"-1\" data-aria-posinset=\"2\" data-aria-level=\"2\"><span data-contrast=\"auto\">STD p\u00e1ru dle platn\u00e9 legislativy<\/span><span data-ccp-props=\"{&quot;201341983&quot;:2,&quot;335559739&quot;:160,&quot;335559740&quot;:312}\">\u00a0<\/span><\/li>\n<li data-leveltext=\"\uf0b7\" data-font=\"Symbol\" data-listid=\"1\" data-list-defn-props=\"{&quot;335552541&quot;:1,&quot;335559684&quot;:-2,&quot;335559685&quot;:1440,&quot;335559991&quot;:360,&quot;469769226&quot;:&quot;Symbol&quot;,&quot;469769242&quot;:[8226],&quot;469777803&quot;:&quot;left&quot;,&quot;469777804&quot;:&quot;\uf0b7&quot;,&quot;469777815&quot;:&quot;hybridMultilevel&quot;}\" aria-setsize=\"-1\" data-aria-posinset=\"2\" data-aria-level=\"2\"><span data-contrast=\"auto\">spermiogram (SPG) a p\u0159\u00edprava spermi\u00ed<\/span><span data-ccp-props=\"{&quot;201341983&quot;:2,&quot;335559739&quot;:160,&quot;335559740&quot;:312}\">\u00a0<\/span><\/li>\n<li data-leveltext=\"\uf0b7\" data-font=\"Symbol\" data-listid=\"1\" data-list-defn-props=\"{&quot;335552541&quot;:1,&quot;335559684&quot;:-2,&quot;335559685&quot;:1440,&quot;335559991&quot;:360,&quot;469769226&quot;:&quot;Symbol&quot;,&quot;469769242&quot;:[8226],&quot;469777803&quot;:&quot;left&quot;,&quot;469777804&quot;:&quot;\uf0b7&quot;,&quot;469777815&quot;:&quot;hybridMultilevel&quot;}\" aria-setsize=\"-1\" data-aria-posinset=\"2\" data-aria-level=\"2\"><span data-contrast=\"auto\">pou\u017eit\u00ed preselek\u010dn\u00ed metody v\u00fdb\u011bru spermi\u00ed\u202fk oplozov\u00e1n\u00ed dle embryologa<\/span><span data-ccp-props=\"{&quot;201341983&quot;:2,&quot;335559739&quot;:160,&quot;335559740&quot;:312}\">\u00a0<\/span><\/li>\n<li data-leveltext=\"\uf0b7\" data-font=\"Symbol\" data-listid=\"1\" data-list-defn-props=\"{&quot;335552541&quot;:1,&quot;335559684&quot;:-2,&quot;335559685&quot;:1440,&quot;335559991&quot;:360,&quot;469769226&quot;:&quot;Symbol&quot;,&quot;469769242&quot;:[8226],&quot;469777803&quot;:&quot;left&quot;,&quot;469777804&quot;:&quot;\uf0b7&quot;,&quot;469777815&quot;:&quot;hybridMultilevel&quot;}\" aria-setsize=\"-1\" data-aria-posinset=\"2\" data-aria-level=\"2\"><span data-contrast=\"auto\">vizualizaci d\u011bl\u00edc\u00edho v\u0159et\u00e9nka polariza\u010dn\u00edm mikroskopem\u202fp\u0159i oplozen\u00ed\u202fv\u0161ech\u202fzral\u00fdch vaj\u00ed\u010dek metodou\u202fICSI\u202fpunkce folikulu\/\u016f v celkov\u00e9 anestezii<\/span><span data-ccp-props=\"{&quot;201341983&quot;:2,&quot;335559739&quot;:160,&quot;335559740&quot;:312}\">\u00a0<\/span><\/li>\n<li data-leveltext=\"\uf0b7\" data-font=\"Symbol\" data-listid=\"1\" data-list-defn-props=\"{&quot;335552541&quot;:1,&quot;335559684&quot;:-2,&quot;335559685&quot;:1440,&quot;335559991&quot;:360,&quot;469769226&quot;:&quot;Symbol&quot;,&quot;469769242&quot;:[8226],&quot;469777803&quot;:&quot;left&quot;,&quot;469777804&quot;:&quot;\uf0b7&quot;,&quot;469777815&quot;:&quot;hybridMultilevel&quot;}\" aria-setsize=\"-1\" data-aria-posinset=\"2\" data-aria-level=\"2\"><span data-contrast=\"auto\">oplozen\u00ed\u202fv\u0161ech\u202fzral\u00fdch vaj\u00ed\u010dek metodou\u202fICSI<\/span><span data-ccp-props=\"{&quot;201341983&quot;:2,&quot;335559739&quot;:160,&quot;335559740&quot;:312}\">\u00a0<\/span><\/li>\n<li data-leveltext=\"\uf0b7\" data-font=\"Symbol\" data-listid=\"1\" data-list-defn-props=\"{&quot;335552541&quot;:1,&quot;335559684&quot;:-2,&quot;335559685&quot;:1440,&quot;335559991&quot;:360,&quot;469769226&quot;:&quot;Symbol&quot;,&quot;469769242&quot;:[8226],&quot;469777803&quot;:&quot;left&quot;,&quot;469777804&quot;:&quot;\uf0b7&quot;,&quot;469777815&quot;:&quot;hybridMultilevel&quot;}\" aria-setsize=\"-1\" data-aria-posinset=\"2\" data-aria-level=\"2\"><span data-contrast=\"auto\">prodlou\u017eenou kultivaci v time-lapse syst\u00e9mu\u202fEmbryoscope+<\/span><span data-ccp-props=\"{&quot;201341983&quot;:2,&quot;335559739&quot;:160,&quot;335559740&quot;:312}\">\u00a0<\/span><\/li>\n<li data-leveltext=\"\uf0b7\" data-font=\"Symbol\" data-listid=\"1\" data-list-defn-props=\"{&quot;335552541&quot;:1,&quot;335559684&quot;:-2,&quot;335559685&quot;:1440,&quot;335559991&quot;:360,&quot;469769226&quot;:&quot;Symbol&quot;,&quot;469769242&quot;:[8226],&quot;469777803&quot;:&quot;left&quot;,&quot;469777804&quot;:&quot;\uf0b7&quot;,&quot;469777815&quot;:&quot;hybridMultilevel&quot;}\" aria-setsize=\"-1\" data-aria-posinset=\"2\" data-aria-level=\"2\"><span data-contrast=\"auto\">ECHO katetr k transferu<\/span><span data-ccp-props=\"{&quot;201341983&quot;:2,&quot;335559739&quot;:160,&quot;335559740&quot;:312}\">\u00a0<\/span><\/li>\n<li data-leveltext=\"\uf0b7\" data-font=\"Symbol\" data-listid=\"1\" data-list-defn-props=\"{&quot;335552541&quot;:1,&quot;335559684&quot;:-2,&quot;335559685&quot;:1440,&quot;335559991&quot;:360,&quot;469769226&quot;:&quot;Symbol&quot;,&quot;469769242&quot;:[8226],&quot;469777803&quot;:&quot;left&quot;,&quot;469777804&quot;:&quot;\uf0b7&quot;,&quot;469777815&quot;:&quot;hybridMultilevel&quot;}\" aria-setsize=\"-1\" data-aria-posinset=\"2\" data-aria-level=\"2\"><span data-contrast=\"auto\">Embryotransfer s mediem EmbryoGlue<\/span><span data-ccp-props=\"{&quot;201341983&quot;:2,&quot;335559739&quot;:160,&quot;335559740&quot;:312}\">\u00a0<\/span><\/li>\n<li data-leveltext=\"\uf0b7\" data-font=\"Symbol\" data-listid=\"1\" data-list-defn-props=\"{&quot;335552541&quot;:1,&quot;335559684&quot;:-2,&quot;335559685&quot;:1440,&quot;335559991&quot;:360,&quot;469769226&quot;:&quot;Symbol&quot;,&quot;469769242&quot;:[8226],&quot;469777803&quot;:&quot;left&quot;,&quot;469777804&quot;:&quot;\uf0b7&quot;,&quot;469777815&quot;:&quot;hybridMultilevel&quot;}\" aria-setsize=\"-1\" data-aria-posinset=\"2\" data-aria-level=\"2\"><span data-contrast=\"auto\">asistovan\u00fd hatching\u202flaserem<\/span><span data-ccp-props=\"{&quot;201341983&quot;:2,&quot;335559739&quot;:160,&quot;335559740&quot;:312}\">\u00a0<\/span><\/li>\n<\/ul>\n","protected":false},"excerpt":{"rendered":"<p>NeoLife+ p\u0159edstavuje bal\u00ed\u010dek NeoLife\u202fobohacen\u00fd o nejmodern\u011bj\u0161\u00ed laboratorn\u00ed metody, kter\u00e9 objektivn\u011b vedou k\u202flep\u0161\u00edm v\u00fdsledk\u016fm l\u00e9\u010dby, a to v cenov\u011b zv\u00fdhodn\u011bn\u00e9 variant\u011b.\u00a0 &nbsp; Program NeoLife+ zahrnuje: p\u0159\u00edpravu a konzultaci pl\u00e1nu stimulace\u00a0 v\u0161echna ultrazvukov\u00e1 vy\u0161et\u0159en\u00ed ve stimulaci\u00a0 STD p\u00e1ru dle platn\u00e9 legislativy\u00a0 spermiogram (SPG) a p\u0159\u00edprava spermi\u00ed\u00a0 pou\u017eit\u00ed preselek\u010dn\u00ed metody v\u00fdb\u011bru spermi\u00ed\u202fk oplozov\u00e1n\u00ed dle embryologa\u00a0 vizualizaci d\u011bl\u00edc\u00edho v\u0159et\u00e9nka [&hellip;]<\/p>\n","protected":false},"author":9,"featured_media":0,"parent":0,"menu_order":0,"comment_status":"closed","ping_status":"closed","template":"","meta":{"_acf_changed":false,"_et_pb_use_builder":"","_et_pb_old_content":"","_et_gb_content_width":"","footnotes":""},"class_list":["post-5612","page","type-page","status-publish","hentry"],"acf":[],"yoast_head":"<!-- This site is optimized with the Yoast SEO plugin v27.3 - https:\/\/yoast.com\/product\/yoast-seo-wordpress\/ -->\n<title>NeoLife+ - FertilityPort Prague<\/title>\n<meta name=\"robots\" content=\"index, follow, max-snippet:-1, max-image-preview:large, max-video-preview:-1\" \/>\n<link rel=\"canonical\" href=\"https:\/\/fertilityport.com\/cs\/neolife-plus\/\" \/>\n<meta property=\"og:locale\" content=\"cs_CZ\" \/>\n<meta property=\"og:type\" content=\"article\" \/>\n<meta property=\"og:title\" content=\"NeoLife+ - FertilityPort Prague\" \/>\n<meta property=\"og:description\" content=\"NeoLife+ p\u0159edstavuje bal\u00ed\u010dek NeoLife\u202fobohacen\u00fd o nejmodern\u011bj\u0161\u00ed laboratorn\u00ed metody, kter\u00e9 objektivn\u011b vedou k\u202flep\u0161\u00edm v\u00fdsledk\u016fm l\u00e9\u010dby, a to v cenov\u011b zv\u00fdhodn\u011bn\u00e9 variant\u011b.\u00a0 &nbsp; Program NeoLife+ zahrnuje: p\u0159\u00edpravu a konzultaci pl\u00e1nu stimulace\u00a0 v\u0161echna ultrazvukov\u00e1 vy\u0161et\u0159en\u00ed ve stimulaci\u00a0 STD p\u00e1ru dle platn\u00e9 legislativy\u00a0 spermiogram (SPG) a p\u0159\u00edprava spermi\u00ed\u00a0 pou\u017eit\u00ed preselek\u010dn\u00ed metody v\u00fdb\u011bru spermi\u00ed\u202fk oplozov\u00e1n\u00ed dle embryologa\u00a0 vizualizaci d\u011bl\u00edc\u00edho v\u0159et\u00e9nka [&hellip;]\" \/>\n<meta property=\"og:url\" content=\"https:\/\/fertilityport.com\/cs\/neolife-plus\/\" \/>\n<meta property=\"og:site_name\" content=\"FertilityPort Prague\" \/>\n<meta property=\"article:modified_time\" content=\"2022-05-26T09:29:41+00:00\" \/>\n<meta name=\"twitter:card\" content=\"summary_large_image\" \/>\n<meta name=\"twitter:label1\" content=\"Odhadovan\u00e1 doba \u010dten\u00ed\" \/>\n\t<meta name=\"twitter:data1\" content=\"1 minuta\" \/>\n<script type=\"application\/ld+json\" class=\"yoast-schema-graph\">{\"@context\":\"https:\\\/\\\/schema.org\",\"@graph\":[{\"@type\":\"WebPage\",\"@id\":\"https:\\\/\\\/fertilityport.com\\\/cs\\\/neolife-plus\\\/\",\"url\":\"https:\\\/\\\/fertilityport.com\\\/cs\\\/neolife-plus\\\/\",\"name\":\"NeoLife+ - FertilityPort Prague\",\"isPartOf\":{\"@id\":\"https:\\\/\\\/fertilityport.com\\\/#website\"},\"datePublished\":\"2022-05-05T08:52:20+00:00\",\"dateModified\":\"2022-05-26T09:29:41+00:00\",\"breadcrumb\":{\"@id\":\"https:\\\/\\\/fertilityport.com\\\/cs\\\/neolife-plus\\\/#breadcrumb\"},\"inLanguage\":\"cs\",\"potentialAction\":[{\"@type\":\"ReadAction\",\"target\":[\"https:\\\/\\\/fertilityport.com\\\/cs\\\/neolife-plus\\\/\"]}]},{\"@type\":\"BreadcrumbList\",\"@id\":\"https:\\\/\\\/fertilityport.com\\\/cs\\\/neolife-plus\\\/#breadcrumb\",\"itemListElement\":[{\"@type\":\"ListItem\",\"position\":1,\"name\":\"Home\",\"item\":\"https:\\\/\\\/fertilityport.com\\\/\"},{\"@type\":\"ListItem\",\"position\":2,\"name\":\"NeoLife+\"}]},{\"@type\":\"WebSite\",\"@id\":\"https:\\\/\\\/fertilityport.com\\\/#website\",\"url\":\"https:\\\/\\\/fertilityport.com\\\/\",\"name\":\"FertilityPort Prague\",\"description\":\"\",\"potentialAction\":[{\"@type\":\"SearchAction\",\"target\":{\"@type\":\"EntryPoint\",\"urlTemplate\":\"https:\\\/\\\/fertilityport.com\\\/?s={search_term_string}\"},\"query-input\":{\"@type\":\"PropertyValueSpecification\",\"valueRequired\":true,\"valueName\":\"search_term_string\"}}],\"inLanguage\":\"cs\"}]}<\/script>\n<!-- \/ Yoast SEO plugin. -->","yoast_head_json":{"title":"NeoLife+ - FertilityPort Prague","robots":{"index":"index","follow":"follow","max-snippet":"max-snippet:-1","max-image-preview":"max-image-preview:large","max-video-preview":"max-video-preview:-1"},"canonical":"https:\/\/fertilityport.com\/cs\/neolife-plus\/","og_locale":"cs_CZ","og_type":"article","og_title":"NeoLife+ - FertilityPort Prague","og_description":"NeoLife+ p\u0159edstavuje bal\u00ed\u010dek NeoLife\u202fobohacen\u00fd o nejmodern\u011bj\u0161\u00ed laboratorn\u00ed metody, kter\u00e9 objektivn\u011b vedou k\u202flep\u0161\u00edm v\u00fdsledk\u016fm l\u00e9\u010dby, a to v cenov\u011b zv\u00fdhodn\u011bn\u00e9 variant\u011b.\u00a0 &nbsp; Program NeoLife+ zahrnuje: p\u0159\u00edpravu a konzultaci pl\u00e1nu stimulace\u00a0 v\u0161echna ultrazvukov\u00e1 vy\u0161et\u0159en\u00ed ve stimulaci\u00a0 STD p\u00e1ru dle platn\u00e9 legislativy\u00a0 spermiogram (SPG) a p\u0159\u00edprava spermi\u00ed\u00a0 pou\u017eit\u00ed preselek\u010dn\u00ed metody v\u00fdb\u011bru spermi\u00ed\u202fk oplozov\u00e1n\u00ed dle embryologa\u00a0 vizualizaci d\u011bl\u00edc\u00edho v\u0159et\u00e9nka [&hellip;]","og_url":"https:\/\/fertilityport.com\/cs\/neolife-plus\/","og_site_name":"FertilityPort Prague","article_modified_time":"2022-05-26T09:29:41+00:00","twitter_card":"summary_large_image","twitter_misc":{"Odhadovan\u00e1 doba \u010dten\u00ed":"1 minuta"},"schema":{"@context":"https:\/\/schema.org","@graph":[{"@type":"WebPage","@id":"https:\/\/fertilityport.com\/cs\/neolife-plus\/","url":"https:\/\/fertilityport.com\/cs\/neolife-plus\/","name":"NeoLife+ - FertilityPort Prague","isPartOf":{"@id":"https:\/\/fertilityport.com\/#website"},"datePublished":"2022-05-05T08:52:20+00:00","dateModified":"2022-05-26T09:29:41+00:00","breadcrumb":{"@id":"https:\/\/fertilityport.com\/cs\/neolife-plus\/#breadcrumb"},"inLanguage":"cs","potentialAction":[{"@type":"ReadAction","target":["https:\/\/fertilityport.com\/cs\/neolife-plus\/"]}]},{"@type":"BreadcrumbList","@id":"https:\/\/fertilityport.com\/cs\/neolife-plus\/#breadcrumb","itemListElement":[{"@type":"ListItem","position":1,"name":"Home","item":"https:\/\/fertilityport.com\/"},{"@type":"ListItem","position":2,"name":"NeoLife+"}]},{"@type":"WebSite","@id":"https:\/\/fertilityport.com\/#website","url":"https:\/\/fertilityport.com\/","name":"FertilityPort Prague","description":"","potentialAction":[{"@type":"SearchAction","target":{"@type":"EntryPoint","urlTemplate":"https:\/\/fertilityport.com\/?s={search_term_string}"},"query-input":{"@type":"PropertyValueSpecification","valueRequired":true,"valueName":"search_term_string"}}],"inLanguage":"cs"}]}},"_links":{"self":[{"href":"https:\/\/fertilityport.com\/cs\/wp-json\/wp\/v2\/pages\/5612","targetHints":{"allow":["GET"]}}],"collection":[{"href":"https:\/\/fertilityport.com\/cs\/wp-json\/wp\/v2\/pages"}],"about":[{"href":"https:\/\/fertilityport.com\/cs\/wp-json\/wp\/v2\/types\/page"}],"author":[{"embeddable":true,"href":"https:\/\/fertilityport.com\/cs\/wp-json\/wp\/v2\/users\/9"}],"replies":[{"embeddable":true,"href":"https:\/\/fertilityport.com\/cs\/wp-json\/wp\/v2\/comments?post=5612"}],"version-history":[{"count":9,"href":"https:\/\/fertilityport.com\/cs\/wp-json\/wp\/v2\/pages\/5612\/revisions"}],"predecessor-version":[{"id":5776,"href":"https:\/\/fertilityport.com\/cs\/wp-json\/wp\/v2\/pages\/5612\/revisions\/5776"}],"wp:attachment":[{"href":"https:\/\/fertilityport.com\/cs\/wp-json\/wp\/v2\/media?parent=5612"}],"curies":[{"name":"wp","href":"https:\/\/api.w.org\/{rel}","templated":true}]}}