{"id":5616,"date":"2022-05-05T10:57:30","date_gmt":"2022-05-05T08:57:30","guid":{"rendered":"https:\/\/fertilityport.com\/?page_id=5616"},"modified":"2022-05-26T11:28:51","modified_gmt":"2022-05-26T09:28:51","slug":"gratefullife","status":"publish","type":"page","link":"https:\/\/fertilityport.com\/cs\/gratefullife\/","title":{"rendered":"Grateful Life"},"content":{"rendered":"<p><span class=\"TextRun SCXW97819548 BCX0\" lang=\"CS-CZ\" xml:lang=\"CS-CZ\" data-contrast=\"auto\"><span class=\"NormalTextRun SCXW97819548 BCX0\">P<\/span><span class=\"NormalTextRun SCXW97819548 BCX0\">rogram postup\u016f a metod od po\u010d\u00e1te\u010dn\u00ed konzultace po samotn\u00fd transfer embry\u00ed, kdy jsou vaj\u00ed\u010dka d\u00e1rkyn\u011b oplodn\u011bna spermiemi partnera <\/span><span class=\"NormalTextRun SCXW97819548 BCX0\">p\u0159\u00edjemkyn\u011b<\/span><span class=\"NormalTextRun SCXW97819548 BCX0\"> a po kultivaci embrya transferov\u00e1na do d\u011blohy p\u0159\u00edjemkyn\u011b.\u202f<\/span><\/span><span class=\"EOP SCXW97819548 BCX0\" data-ccp-props=\"{&quot;201341983&quot;:0,&quot;335559685&quot;:720,&quot;335559739&quot;:160,&quot;335559740&quot;:259}\">\u00a0<\/span><\/p>\n<p>&nbsp;<\/p>\n<h3><span data-contrast=\"auto\">Program Grateful Life zahrnuje:\u00a0<\/span><span data-ccp-props=\"{&quot;201341983&quot;:0,&quot;335551550&quot;:6,&quot;335551620&quot;:6,&quot;335559739&quot;:0,&quot;335559740&quot;:240}\">\u00a0<\/span><\/h3>\n<ul>\n<li data-leveltext=\"\uf0b7\" data-font=\"Symbol\" data-listid=\"1\" data-list-defn-props=\"{&quot;335552541&quot;:1,&quot;335559684&quot;:-2,&quot;335559685&quot;:1440,&quot;335559991&quot;:360,&quot;469769226&quot;:&quot;Symbol&quot;,&quot;469769242&quot;:[8226],&quot;469777803&quot;:&quot;left&quot;,&quot;469777804&quot;:&quot;\uf0b7&quot;,&quot;469777815&quot;:&quot;hybridMultilevel&quot;}\" aria-setsize=\"-1\" data-aria-posinset=\"1\" data-aria-level=\"2\"><span data-contrast=\"auto\">p\u0159\u00edpravu a konzultaci pl\u00e1nu l\u00e9\u010dby\u202f<\/span><span data-ccp-props=\"{&quot;201341983&quot;:2,&quot;335559739&quot;:160,&quot;335559740&quot;:312}\">\u00a0<\/span><\/li>\n<li data-leveltext=\"\uf0b7\" data-font=\"Symbol\" data-listid=\"1\" data-list-defn-props=\"{&quot;335552541&quot;:1,&quot;335559684&quot;:-2,&quot;335559685&quot;:1440,&quot;335559991&quot;:360,&quot;469769226&quot;:&quot;Symbol&quot;,&quot;469769242&quot;:[8226],&quot;469777803&quot;:&quot;left&quot;,&quot;469777804&quot;:&quot;\uf0b7&quot;,&quot;469777815&quot;:&quot;hybridMultilevel&quot;}\" aria-setsize=\"-1\" data-aria-posinset=\"2\" data-aria-level=\"2\"><span data-contrast=\"auto\">STD partnera dle platn\u00e9 legislativy\u202f<\/span><span data-ccp-props=\"{&quot;201341983&quot;:2,&quot;335559739&quot;:160,&quot;335559740&quot;:312}\">\u00a0<\/span><\/li>\n<li data-leveltext=\"\uf0b7\" data-font=\"Symbol\" data-listid=\"1\" data-list-defn-props=\"{&quot;335552541&quot;:1,&quot;335559684&quot;:-2,&quot;335559685&quot;:1440,&quot;335559991&quot;:360,&quot;469769226&quot;:&quot;Symbol&quot;,&quot;469769242&quot;:[8226],&quot;469777803&quot;:&quot;left&quot;,&quot;469777804&quot;:&quot;\uf0b7&quot;,&quot;469777815&quot;:&quot;hybridMultilevel&quot;}\" aria-setsize=\"-1\" data-aria-posinset=\"2\" data-aria-level=\"2\"><span data-contrast=\"auto\">spermiogram (SPG) a p\u0159\u00edpravu spermi\u00ed\u202f<\/span><span data-ccp-props=\"{&quot;201341983&quot;:2,&quot;335559739&quot;:160,&quot;335559740&quot;:312}\">\u00a0<\/span><\/li>\n<li data-leveltext=\"\uf0b7\" data-font=\"Symbol\" data-listid=\"1\" data-list-defn-props=\"{&quot;335552541&quot;:1,&quot;335559684&quot;:-2,&quot;335559685&quot;:1440,&quot;335559991&quot;:360,&quot;469769226&quot;:&quot;Symbol&quot;,&quot;469769242&quot;:[8226],&quot;469777803&quot;:&quot;left&quot;,&quot;469777804&quot;:&quot;\uf0b7&quot;,&quot;469777815&quot;:&quot;hybridMultilevel&quot;}\" aria-setsize=\"-1\" data-aria-posinset=\"2\" data-aria-level=\"2\"><span data-contrast=\"auto\">zamra\u017een\u00ed spermi\u00ed partnera za \u00fa\u010delem oplozov\u00e1n\u00ed vaj\u00ed\u010dek d\u00e1rkyn\u011b\u202f<\/span><span data-ccp-props=\"{&quot;201341983&quot;:2,&quot;335559739&quot;:160,&quot;335559740&quot;:312}\">\u00a0<\/span><\/li>\n<li data-leveltext=\"\uf0b7\" data-font=\"Symbol\" data-listid=\"1\" data-list-defn-props=\"{&quot;335552541&quot;:1,&quot;335559684&quot;:-2,&quot;335559685&quot;:1440,&quot;335559991&quot;:360,&quot;469769226&quot;:&quot;Symbol&quot;,&quot;469769242&quot;:[8226],&quot;469777803&quot;:&quot;left&quot;,&quot;469777804&quot;:&quot;\uf0b7&quot;,&quot;469777815&quot;:&quot;hybridMultilevel&quot;}\" aria-setsize=\"-1\" data-aria-posinset=\"2\" data-aria-level=\"2\"><span data-contrast=\"auto\">nezbytn\u00e1 hormon\u00e1ln\u00ed vy\u0161et\u0159en\u00ed p\u0159\u00edjemkyn\u011b\u202f<\/span><span data-ccp-props=\"{&quot;201341983&quot;:2,&quot;335559739&quot;:160,&quot;335559740&quot;:312}\">\u00a0<\/span><\/li>\n<li data-leveltext=\"\uf0b7\" data-font=\"Symbol\" data-listid=\"1\" data-list-defn-props=\"{&quot;335552541&quot;:1,&quot;335559684&quot;:-2,&quot;335559685&quot;:1440,&quot;335559991&quot;:360,&quot;469769226&quot;:&quot;Symbol&quot;,&quot;469769242&quot;:[8226],&quot;469777803&quot;:&quot;left&quot;,&quot;469777804&quot;:&quot;\uf0b7&quot;,&quot;469777815&quot;:&quot;hybridMultilevel&quot;}\" aria-setsize=\"-1\" data-aria-posinset=\"2\" data-aria-level=\"2\"><span data-contrast=\"auto\">vy\u0161et\u0159en\u00ed krevn\u00edch skupin obou partner\u016f\u202f<\/span><span data-ccp-props=\"{&quot;201341983&quot;:2,&quot;335559739&quot;:160,&quot;335559740&quot;:312}\">\u00a0<\/span><\/li>\n<li data-leveltext=\"\uf0b7\" data-font=\"Symbol\" data-listid=\"1\" data-list-defn-props=\"{&quot;335552541&quot;:1,&quot;335559684&quot;:-2,&quot;335559685&quot;:1440,&quot;335559991&quot;:360,&quot;469769226&quot;:&quot;Symbol&quot;,&quot;469769242&quot;:[8226],&quot;469777803&quot;:&quot;left&quot;,&quot;469777804&quot;:&quot;\uf0b7&quot;,&quot;469777815&quot;:&quot;hybridMultilevel&quot;}\" aria-setsize=\"-1\" data-aria-posinset=\"2\" data-aria-level=\"2\"><span data-contrast=\"auto\">ultrazvukov\u00e1 vy\u0161et\u0159en\u00ed p\u0159\u00edjemkyn\u011b v p\u0159\u00edprav\u011b na transfer\u202f<\/span><span data-ccp-props=\"{&quot;201341983&quot;:2,&quot;335559739&quot;:160,&quot;335559740&quot;:312}\">\u00a0<\/span><\/li>\n<li data-leveltext=\"\uf0b7\" data-font=\"Symbol\" data-listid=\"1\" data-list-defn-props=\"{&quot;335552541&quot;:1,&quot;335559684&quot;:-2,&quot;335559685&quot;:1440,&quot;335559991&quot;:360,&quot;469769226&quot;:&quot;Symbol&quot;,&quot;469769242&quot;:[8226],&quot;469777803&quot;:&quot;left&quot;,&quot;469777804&quot;:&quot;\uf0b7&quot;,&quot;469777815&quot;:&quot;hybridMultilevel&quot;}\" aria-setsize=\"-1\" data-aria-posinset=\"2\" data-aria-level=\"2\"><span data-contrast=\"auto\">kompenzaci d\u00e1rkyn\u011b (v\u00fdb\u011br d\u00e1rkyn\u011b dle fenotypu a na \u017e\u00e1dost dle krevn\u00edch skupin p\u0159\u00edjemc\u016f)\u202f<\/span><span data-ccp-props=\"{&quot;201341983&quot;:2,&quot;335559739&quot;:160,&quot;335559740&quot;:312}\">\u00a0<\/span><\/li>\n<li data-leveltext=\"\uf0b7\" data-font=\"Symbol\" data-listid=\"1\" data-list-defn-props=\"{&quot;335552541&quot;:1,&quot;335559684&quot;:-2,&quot;335559685&quot;:1440,&quot;335559991&quot;:360,&quot;469769226&quot;:&quot;Symbol&quot;,&quot;469769242&quot;:[8226],&quot;469777803&quot;:&quot;left&quot;,&quot;469777804&quot;:&quot;\uf0b7&quot;,&quot;469777815&quot;:&quot;hybridMultilevel&quot;}\" aria-setsize=\"-1\" data-aria-posinset=\"2\" data-aria-level=\"2\"><span data-contrast=\"auto\">oplozen\u00ed\u202fv\u0161ech\u202fzral\u00fdch vaj\u00ed\u010dek metodou\u202fICSI\u202f<\/span><span data-ccp-props=\"{&quot;201341983&quot;:2,&quot;335559739&quot;:160,&quot;335559740&quot;:312}\">\u00a0<\/span><\/li>\n<li data-leveltext=\"\uf0b7\" data-font=\"Symbol\" data-listid=\"1\" data-list-defn-props=\"{&quot;335552541&quot;:1,&quot;335559684&quot;:-2,&quot;335559685&quot;:1440,&quot;335559991&quot;:360,&quot;469769226&quot;:&quot;Symbol&quot;,&quot;469769242&quot;:[8226],&quot;469777803&quot;:&quot;left&quot;,&quot;469777804&quot;:&quot;\uf0b7&quot;,&quot;469777815&quot;:&quot;hybridMultilevel&quot;}\" aria-setsize=\"-1\" data-aria-posinset=\"2\" data-aria-level=\"2\"><span data-contrast=\"auto\">prodlou\u017eenou kultivaci\u202f<\/span><span data-ccp-props=\"{&quot;201341983&quot;:2,&quot;335559739&quot;:160,&quot;335559740&quot;:312}\">\u00a0<\/span><\/li>\n<li data-leveltext=\"\uf0b7\" data-font=\"Symbol\" data-listid=\"1\" data-list-defn-props=\"{&quot;335552541&quot;:1,&quot;335559684&quot;:-2,&quot;335559685&quot;:1440,&quot;335559991&quot;:360,&quot;469769226&quot;:&quot;Symbol&quot;,&quot;469769242&quot;:[8226],&quot;469777803&quot;:&quot;left&quot;,&quot;469777804&quot;:&quot;\uf0b7&quot;,&quot;469777815&quot;:&quot;hybridMultilevel&quot;}\" aria-setsize=\"-1\" data-aria-posinset=\"2\" data-aria-level=\"2\"><span data-contrast=\"auto\">zamra\u017een\u00ed kvalitn\u00edch embry\u00ed ve st\u00e1diu blastocyst se skladov\u00e1n\u00edm na 1 rok\u202f<\/span><span data-ccp-props=\"{&quot;201341983&quot;:2,&quot;335559739&quot;:160,&quot;335559740&quot;:312}\">\u00a0<\/span><\/li>\n<li data-leveltext=\"\uf0b7\" data-font=\"Symbol\" data-listid=\"1\" data-list-defn-props=\"{&quot;335552541&quot;:1,&quot;335559684&quot;:-2,&quot;335559685&quot;:1440,&quot;335559991&quot;:360,&quot;469769226&quot;:&quot;Symbol&quot;,&quot;469769242&quot;:[8226],&quot;469777803&quot;:&quot;left&quot;,&quot;469777804&quot;:&quot;\uf0b7&quot;,&quot;469777815&quot;:&quot;hybridMultilevel&quot;}\" aria-setsize=\"-1\" data-aria-posinset=\"2\" data-aria-level=\"2\"><span data-contrast=\"auto\">ECHO katetr p\u0159i embryotransferu\u202f<\/span><span data-ccp-props=\"{&quot;201341983&quot;:2,&quot;335559739&quot;:160,&quot;335559740&quot;:312}\">\u00a0<\/span><\/li>\n<li data-leveltext=\"\uf0b7\" data-font=\"Symbol\" data-listid=\"1\" data-list-defn-props=\"{&quot;335552541&quot;:1,&quot;335559684&quot;:-2,&quot;335559685&quot;:1440,&quot;335559991&quot;:360,&quot;469769226&quot;:&quot;Symbol&quot;,&quot;469769242&quot;:[8226],&quot;469777803&quot;:&quot;left&quot;,&quot;469777804&quot;:&quot;\uf0b7&quot;,&quot;469777815&quot;:&quot;hybridMultilevel&quot;}\" aria-setsize=\"-1\" data-aria-posinset=\"2\" data-aria-level=\"2\"><span data-contrast=\"auto\">Embryotransfer\u202f<\/span><span data-ccp-props=\"{&quot;201341983&quot;:2,&quot;335559739&quot;:160,&quot;335559740&quot;:312}\">\u00a0<\/span><\/li>\n<li data-leveltext=\"\uf0b7\" data-font=\"Symbol\" data-listid=\"1\" data-list-defn-props=\"{&quot;335552541&quot;:1,&quot;335559684&quot;:-2,&quot;335559685&quot;:1440,&quot;335559991&quot;:360,&quot;469769226&quot;:&quot;Symbol&quot;,&quot;469769242&quot;:[8226],&quot;469777803&quot;:&quot;left&quot;,&quot;469777804&quot;:&quot;\uf0b7&quot;,&quot;469777815&quot;:&quot;hybridMultilevel&quot;}\" aria-setsize=\"-1\" data-aria-posinset=\"2\" data-aria-level=\"2\"><span data-contrast=\"auto\">asistovan\u00fd hatching\u202flaserem\u202f<\/span><span data-ccp-props=\"{&quot;201341983&quot;:2,&quot;335559739&quot;:160,&quot;335559740&quot;:312}\">\u00a0<\/span><\/li>\n<li data-leveltext=\"\uf0b7\" data-font=\"Symbol\" data-listid=\"1\" data-list-defn-props=\"{&quot;335552541&quot;:1,&quot;335559684&quot;:-2,&quot;335559685&quot;:1440,&quot;335559991&quot;:360,&quot;469769226&quot;:&quot;Symbol&quot;,&quot;469769242&quot;:[8226],&quot;469777803&quot;:&quot;left&quot;,&quot;469777804&quot;:&quot;\uf0b7&quot;,&quot;469777815&quot;:&quot;hybridMultilevel&quot;}\" aria-setsize=\"-1\" data-aria-posinset=\"2\" data-aria-level=\"2\"><span data-contrast=\"auto\">garanci 2 kvalitn\u00edch blastocyst\u202f<\/span><\/li>\n<\/ul>\n","protected":false},"excerpt":{"rendered":"<p>Program postup\u016f a metod od po\u010d\u00e1te\u010dn\u00ed konzultace po samotn\u00fd transfer embry\u00ed, kdy jsou vaj\u00ed\u010dka d\u00e1rkyn\u011b oplodn\u011bna spermiemi partnera p\u0159\u00edjemkyn\u011b a po kultivaci embrya transferov\u00e1na do d\u011blohy p\u0159\u00edjemkyn\u011b.\u202f\u00a0 &nbsp; Program Grateful Life zahrnuje:\u00a0\u00a0 p\u0159\u00edpravu a konzultaci pl\u00e1nu l\u00e9\u010dby\u202f\u00a0 STD partnera dle platn\u00e9 legislativy\u202f\u00a0 spermiogram (SPG) a p\u0159\u00edpravu spermi\u00ed\u202f\u00a0 zamra\u017een\u00ed spermi\u00ed partnera za \u00fa\u010delem oplozov\u00e1n\u00ed vaj\u00ed\u010dek d\u00e1rkyn\u011b\u202f\u00a0 [&hellip;]<\/p>\n","protected":false},"author":9,"featured_media":0,"parent":0,"menu_order":0,"comment_status":"closed","ping_status":"closed","template":"","meta":{"_acf_changed":false,"_et_pb_use_builder":"","_et_pb_old_content":"","_et_gb_content_width":"","footnotes":""},"class_list":["post-5616","page","type-page","status-publish","hentry"],"acf":[],"yoast_head":"<!-- This site is optimized with the Yoast SEO plugin v27.3 - https:\/\/yoast.com\/product\/yoast-seo-wordpress\/ -->\n<title>Grateful Life - FertilityPort Prague<\/title>\n<meta name=\"robots\" content=\"index, follow, max-snippet:-1, max-image-preview:large, max-video-preview:-1\" \/>\n<link rel=\"canonical\" href=\"https:\/\/fertilityport.com\/cs\/gratefullife\/\" \/>\n<meta property=\"og:locale\" content=\"cs_CZ\" \/>\n<meta property=\"og:type\" content=\"article\" \/>\n<meta property=\"og:title\" content=\"Grateful Life - FertilityPort Prague\" \/>\n<meta property=\"og:description\" content=\"Program postup\u016f a metod od po\u010d\u00e1te\u010dn\u00ed konzultace po samotn\u00fd transfer embry\u00ed, kdy jsou vaj\u00ed\u010dka d\u00e1rkyn\u011b oplodn\u011bna spermiemi partnera p\u0159\u00edjemkyn\u011b a po kultivaci embrya transferov\u00e1na do d\u011blohy p\u0159\u00edjemkyn\u011b.\u202f\u00a0 &nbsp; Program Grateful Life zahrnuje:\u00a0\u00a0 p\u0159\u00edpravu a konzultaci pl\u00e1nu l\u00e9\u010dby\u202f\u00a0 STD partnera dle platn\u00e9 legislativy\u202f\u00a0 spermiogram (SPG) a p\u0159\u00edpravu spermi\u00ed\u202f\u00a0 zamra\u017een\u00ed spermi\u00ed partnera za \u00fa\u010delem oplozov\u00e1n\u00ed vaj\u00ed\u010dek d\u00e1rkyn\u011b\u202f\u00a0 [&hellip;]\" \/>\n<meta property=\"og:url\" content=\"https:\/\/fertilityport.com\/cs\/gratefullife\/\" \/>\n<meta property=\"og:site_name\" content=\"FertilityPort Prague\" \/>\n<meta property=\"article:modified_time\" content=\"2022-05-26T09:28:51+00:00\" \/>\n<meta name=\"twitter:card\" content=\"summary_large_image\" \/>\n<meta name=\"twitter:label1\" content=\"Odhadovan\u00e1 doba \u010dten\u00ed\" \/>\n\t<meta name=\"twitter:data1\" content=\"1 minuta\" \/>\n<script type=\"application\/ld+json\" class=\"yoast-schema-graph\">{\"@context\":\"https:\\\/\\\/schema.org\",\"@graph\":[{\"@type\":\"WebPage\",\"@id\":\"https:\\\/\\\/fertilityport.com\\\/cs\\\/gratefullife\\\/\",\"url\":\"https:\\\/\\\/fertilityport.com\\\/cs\\\/gratefullife\\\/\",\"name\":\"Grateful Life - FertilityPort Prague\",\"isPartOf\":{\"@id\":\"https:\\\/\\\/fertilityport.com\\\/#website\"},\"datePublished\":\"2022-05-05T08:57:30+00:00\",\"dateModified\":\"2022-05-26T09:28:51+00:00\",\"breadcrumb\":{\"@id\":\"https:\\\/\\\/fertilityport.com\\\/cs\\\/gratefullife\\\/#breadcrumb\"},\"inLanguage\":\"cs\",\"potentialAction\":[{\"@type\":\"ReadAction\",\"target\":[\"https:\\\/\\\/fertilityport.com\\\/cs\\\/gratefullife\\\/\"]}]},{\"@type\":\"BreadcrumbList\",\"@id\":\"https:\\\/\\\/fertilityport.com\\\/cs\\\/gratefullife\\\/#breadcrumb\",\"itemListElement\":[{\"@type\":\"ListItem\",\"position\":1,\"name\":\"Home\",\"item\":\"https:\\\/\\\/fertilityport.com\\\/\"},{\"@type\":\"ListItem\",\"position\":2,\"name\":\"Grateful Life\"}]},{\"@type\":\"WebSite\",\"@id\":\"https:\\\/\\\/fertilityport.com\\\/#website\",\"url\":\"https:\\\/\\\/fertilityport.com\\\/\",\"name\":\"FertilityPort Prague\",\"description\":\"\",\"potentialAction\":[{\"@type\":\"SearchAction\",\"target\":{\"@type\":\"EntryPoint\",\"urlTemplate\":\"https:\\\/\\\/fertilityport.com\\\/?s={search_term_string}\"},\"query-input\":{\"@type\":\"PropertyValueSpecification\",\"valueRequired\":true,\"valueName\":\"search_term_string\"}}],\"inLanguage\":\"cs\"}]}<\/script>\n<!-- \/ Yoast SEO plugin. -->","yoast_head_json":{"title":"Grateful Life - FertilityPort Prague","robots":{"index":"index","follow":"follow","max-snippet":"max-snippet:-1","max-image-preview":"max-image-preview:large","max-video-preview":"max-video-preview:-1"},"canonical":"https:\/\/fertilityport.com\/cs\/gratefullife\/","og_locale":"cs_CZ","og_type":"article","og_title":"Grateful Life - FertilityPort Prague","og_description":"Program postup\u016f a metod od po\u010d\u00e1te\u010dn\u00ed konzultace po samotn\u00fd transfer embry\u00ed, kdy jsou vaj\u00ed\u010dka d\u00e1rkyn\u011b oplodn\u011bna spermiemi partnera p\u0159\u00edjemkyn\u011b a po kultivaci embrya transferov\u00e1na do d\u011blohy p\u0159\u00edjemkyn\u011b.\u202f\u00a0 &nbsp; Program Grateful Life zahrnuje:\u00a0\u00a0 p\u0159\u00edpravu a konzultaci pl\u00e1nu l\u00e9\u010dby\u202f\u00a0 STD partnera dle platn\u00e9 legislativy\u202f\u00a0 spermiogram (SPG) a p\u0159\u00edpravu spermi\u00ed\u202f\u00a0 zamra\u017een\u00ed spermi\u00ed partnera za \u00fa\u010delem oplozov\u00e1n\u00ed vaj\u00ed\u010dek d\u00e1rkyn\u011b\u202f\u00a0 [&hellip;]","og_url":"https:\/\/fertilityport.com\/cs\/gratefullife\/","og_site_name":"FertilityPort Prague","article_modified_time":"2022-05-26T09:28:51+00:00","twitter_card":"summary_large_image","twitter_misc":{"Odhadovan\u00e1 doba \u010dten\u00ed":"1 minuta"},"schema":{"@context":"https:\/\/schema.org","@graph":[{"@type":"WebPage","@id":"https:\/\/fertilityport.com\/cs\/gratefullife\/","url":"https:\/\/fertilityport.com\/cs\/gratefullife\/","name":"Grateful Life - FertilityPort Prague","isPartOf":{"@id":"https:\/\/fertilityport.com\/#website"},"datePublished":"2022-05-05T08:57:30+00:00","dateModified":"2022-05-26T09:28:51+00:00","breadcrumb":{"@id":"https:\/\/fertilityport.com\/cs\/gratefullife\/#breadcrumb"},"inLanguage":"cs","potentialAction":[{"@type":"ReadAction","target":["https:\/\/fertilityport.com\/cs\/gratefullife\/"]}]},{"@type":"BreadcrumbList","@id":"https:\/\/fertilityport.com\/cs\/gratefullife\/#breadcrumb","itemListElement":[{"@type":"ListItem","position":1,"name":"Home","item":"https:\/\/fertilityport.com\/"},{"@type":"ListItem","position":2,"name":"Grateful Life"}]},{"@type":"WebSite","@id":"https:\/\/fertilityport.com\/#website","url":"https:\/\/fertilityport.com\/","name":"FertilityPort Prague","description":"","potentialAction":[{"@type":"SearchAction","target":{"@type":"EntryPoint","urlTemplate":"https:\/\/fertilityport.com\/?s={search_term_string}"},"query-input":{"@type":"PropertyValueSpecification","valueRequired":true,"valueName":"search_term_string"}}],"inLanguage":"cs"}]}},"_links":{"self":[{"href":"https:\/\/fertilityport.com\/cs\/wp-json\/wp\/v2\/pages\/5616","targetHints":{"allow":["GET"]}}],"collection":[{"href":"https:\/\/fertilityport.com\/cs\/wp-json\/wp\/v2\/pages"}],"about":[{"href":"https:\/\/fertilityport.com\/cs\/wp-json\/wp\/v2\/types\/page"}],"author":[{"embeddable":true,"href":"https:\/\/fertilityport.com\/cs\/wp-json\/wp\/v2\/users\/9"}],"replies":[{"embeddable":true,"href":"https:\/\/fertilityport.com\/cs\/wp-json\/wp\/v2\/comments?post=5616"}],"version-history":[{"count":6,"href":"https:\/\/fertilityport.com\/cs\/wp-json\/wp\/v2\/pages\/5616\/revisions"}],"predecessor-version":[{"id":5774,"href":"https:\/\/fertilityport.com\/cs\/wp-json\/wp\/v2\/pages\/5616\/revisions\/5774"}],"wp:attachment":[{"href":"https:\/\/fertilityport.com\/cs\/wp-json\/wp\/v2\/media?parent=5616"}],"curies":[{"name":"wp","href":"https:\/\/api.w.org\/{rel}","templated":true}]}}