{"id":5620,"date":"2022-05-05T11:02:03","date_gmt":"2022-05-05T09:02:03","guid":{"rendered":"https:\/\/fertilityport.com\/?page_id=5620"},"modified":"2022-05-25T17:57:05","modified_gmt":"2022-05-25T15:57:05","slug":"grateful-life-plus-plus","status":"publish","type":"page","link":"https:\/\/fertilityport.com\/cs\/grateful-life-plus-plus\/","title":{"rendered":"Grateful Life++\u202f"},"content":{"rendered":"<p><span class=\"TextRun SCXW213631267 BCX0\" lang=\"CS-CZ\" xml:lang=\"CS-CZ\" data-contrast=\"auto\"><span class=\"NormalTextRun SCXW213631267 BCX0\">Obsah bal\u00ed\u010dku j<\/span><span class=\"NormalTextRun SCXW213631267 BCX0\">e<\/span> <span class=\"NormalTextRun SCXW213631267 BCX0\">t<\/span><span class=\"NormalTextRun SCXW213631267 BCX0\">ak shodn\u00fd s\u202fprogramem <\/span><span class=\"SpellingError SCXW213631267 BCX0\">Grateful<\/span> <span class=\"SpellingError SCXW213631267 BCX0\">Life<\/span><span class=\"NormalTextRun SCXW213631267 BCX0\">+.<\/span><\/span><span class=\"EOP SCXW213631267 BCX0\" data-ccp-props=\"{&quot;201341983&quot;:0,&quot;335559739&quot;:160,&quot;335559740&quot;:259}\">\u00a0<\/span><\/p>\n","protected":false},"excerpt":{"rendered":"<p>Obsah bal\u00ed\u010dku je tak shodn\u00fd s\u202fprogramem Grateful Life+.\u00a0<\/p>\n","protected":false},"author":9,"featured_media":0,"parent":0,"menu_order":0,"comment_status":"closed","ping_status":"closed","template":"","meta":{"_acf_changed":false,"_et_pb_use_builder":"","_et_pb_old_content":"","_et_gb_content_width":"","footnotes":""},"class_list":["post-5620","page","type-page","status-publish","hentry"],"acf":[],"yoast_head":"<!-- This site is optimized with the Yoast SEO plugin v27.3 - https:\/\/yoast.com\/product\/yoast-seo-wordpress\/ -->\n<title>Grateful Life++\u202f - FertilityPort Prague<\/title>\n<meta name=\"robots\" content=\"index, follow, max-snippet:-1, max-image-preview:large, max-video-preview:-1\" \/>\n<link rel=\"canonical\" href=\"https:\/\/fertilityport.com\/cs\/grateful-life-plus-plus\/\" \/>\n<meta property=\"og:locale\" content=\"cs_CZ\" \/>\n<meta property=\"og:type\" content=\"article\" \/>\n<meta property=\"og:title\" content=\"Grateful Life++\u202f - FertilityPort Prague\" \/>\n<meta property=\"og:description\" content=\"Obsah bal\u00ed\u010dku je tak shodn\u00fd s\u202fprogramem Grateful Life+.\u00a0\" \/>\n<meta property=\"og:url\" content=\"https:\/\/fertilityport.com\/cs\/grateful-life-plus-plus\/\" \/>\n<meta property=\"og:site_name\" content=\"FertilityPort Prague\" \/>\n<meta property=\"article:modified_time\" content=\"2022-05-25T15:57:05+00:00\" \/>\n<meta name=\"twitter:card\" content=\"summary_large_image\" \/>\n<script type=\"application\/ld+json\" class=\"yoast-schema-graph\">{\"@context\":\"https:\\\/\\\/schema.org\",\"@graph\":[{\"@type\":\"WebPage\",\"@id\":\"https:\\\/\\\/fertilityport.com\\\/cs\\\/grateful-life-plus-plus\\\/\",\"url\":\"https:\\\/\\\/fertilityport.com\\\/cs\\\/grateful-life-plus-plus\\\/\",\"name\":\"Grateful Life++\u202f - FertilityPort Prague\",\"isPartOf\":{\"@id\":\"https:\\\/\\\/fertilityport.com\\\/#website\"},\"datePublished\":\"2022-05-05T09:02:03+00:00\",\"dateModified\":\"2022-05-25T15:57:05+00:00\",\"breadcrumb\":{\"@id\":\"https:\\\/\\\/fertilityport.com\\\/cs\\\/grateful-life-plus-plus\\\/#breadcrumb\"},\"inLanguage\":\"cs\",\"potentialAction\":[{\"@type\":\"ReadAction\",\"target\":[\"https:\\\/\\\/fertilityport.com\\\/cs\\\/grateful-life-plus-plus\\\/\"]}]},{\"@type\":\"BreadcrumbList\",\"@id\":\"https:\\\/\\\/fertilityport.com\\\/cs\\\/grateful-life-plus-plus\\\/#breadcrumb\",\"itemListElement\":[{\"@type\":\"ListItem\",\"position\":1,\"name\":\"Home\",\"item\":\"https:\\\/\\\/fertilityport.com\\\/\"},{\"@type\":\"ListItem\",\"position\":2,\"name\":\"Grateful Life++\u202f\"}]},{\"@type\":\"WebSite\",\"@id\":\"https:\\\/\\\/fertilityport.com\\\/#website\",\"url\":\"https:\\\/\\\/fertilityport.com\\\/\",\"name\":\"FertilityPort Prague\",\"description\":\"\",\"potentialAction\":[{\"@type\":\"SearchAction\",\"target\":{\"@type\":\"EntryPoint\",\"urlTemplate\":\"https:\\\/\\\/fertilityport.com\\\/?s={search_term_string}\"},\"query-input\":{\"@type\":\"PropertyValueSpecification\",\"valueRequired\":true,\"valueName\":\"search_term_string\"}}],\"inLanguage\":\"cs\"}]}<\/script>\n<!-- \/ Yoast SEO plugin. -->","yoast_head_json":{"title":"Grateful Life++\u202f - FertilityPort Prague","robots":{"index":"index","follow":"follow","max-snippet":"max-snippet:-1","max-image-preview":"max-image-preview:large","max-video-preview":"max-video-preview:-1"},"canonical":"https:\/\/fertilityport.com\/cs\/grateful-life-plus-plus\/","og_locale":"cs_CZ","og_type":"article","og_title":"Grateful Life++\u202f - FertilityPort Prague","og_description":"Obsah bal\u00ed\u010dku je tak shodn\u00fd s\u202fprogramem Grateful Life+.\u00a0","og_url":"https:\/\/fertilityport.com\/cs\/grateful-life-plus-plus\/","og_site_name":"FertilityPort Prague","article_modified_time":"2022-05-25T15:57:05+00:00","twitter_card":"summary_large_image","schema":{"@context":"https:\/\/schema.org","@graph":[{"@type":"WebPage","@id":"https:\/\/fertilityport.com\/cs\/grateful-life-plus-plus\/","url":"https:\/\/fertilityport.com\/cs\/grateful-life-plus-plus\/","name":"Grateful Life++\u202f - FertilityPort Prague","isPartOf":{"@id":"https:\/\/fertilityport.com\/#website"},"datePublished":"2022-05-05T09:02:03+00:00","dateModified":"2022-05-25T15:57:05+00:00","breadcrumb":{"@id":"https:\/\/fertilityport.com\/cs\/grateful-life-plus-plus\/#breadcrumb"},"inLanguage":"cs","potentialAction":[{"@type":"ReadAction","target":["https:\/\/fertilityport.com\/cs\/grateful-life-plus-plus\/"]}]},{"@type":"BreadcrumbList","@id":"https:\/\/fertilityport.com\/cs\/grateful-life-plus-plus\/#breadcrumb","itemListElement":[{"@type":"ListItem","position":1,"name":"Home","item":"https:\/\/fertilityport.com\/"},{"@type":"ListItem","position":2,"name":"Grateful Life++\u202f"}]},{"@type":"WebSite","@id":"https:\/\/fertilityport.com\/#website","url":"https:\/\/fertilityport.com\/","name":"FertilityPort Prague","description":"","potentialAction":[{"@type":"SearchAction","target":{"@type":"EntryPoint","urlTemplate":"https:\/\/fertilityport.com\/?s={search_term_string}"},"query-input":{"@type":"PropertyValueSpecification","valueRequired":true,"valueName":"search_term_string"}}],"inLanguage":"cs"}]}},"_links":{"self":[{"href":"https:\/\/fertilityport.com\/cs\/wp-json\/wp\/v2\/pages\/5620","targetHints":{"allow":["GET"]}}],"collection":[{"href":"https:\/\/fertilityport.com\/cs\/wp-json\/wp\/v2\/pages"}],"about":[{"href":"https:\/\/fertilityport.com\/cs\/wp-json\/wp\/v2\/types\/page"}],"author":[{"embeddable":true,"href":"https:\/\/fertilityport.com\/cs\/wp-json\/wp\/v2\/users\/9"}],"replies":[{"embeddable":true,"href":"https:\/\/fertilityport.com\/cs\/wp-json\/wp\/v2\/comments?post=5620"}],"version-history":[{"count":4,"href":"https:\/\/fertilityport.com\/cs\/wp-json\/wp\/v2\/pages\/5620\/revisions"}],"predecessor-version":[{"id":5751,"href":"https:\/\/fertilityport.com\/cs\/wp-json\/wp\/v2\/pages\/5620\/revisions\/5751"}],"wp:attachment":[{"href":"https:\/\/fertilityport.com\/cs\/wp-json\/wp\/v2\/media?parent=5620"}],"curies":[{"name":"wp","href":"https:\/\/api.w.org\/{rel}","templated":true}]}}