{"id":5622,"date":"2022-05-05T11:03:06","date_gmt":"2022-05-05T09:03:06","guid":{"rendered":"https:\/\/fertilityport.com\/?page_id=5622"},"modified":"2022-05-25T17:58:24","modified_gmt":"2022-05-25T15:58:24","slug":"darovane-embryo","status":"publish","type":"page","link":"https:\/\/fertilityport.com\/cs\/darovane-embryo\/","title":{"rendered":"Darovan\u00e9 embryo\u202f"},"content":{"rendered":"<p><span class=\"TextRun SCXW27917487 BCX0\" lang=\"CS-CZ\" xml:lang=\"CS-CZ\" data-contrast=\"auto\"><span class=\"NormalTextRun SCXW27917487 BCX0\">Pokud nen\u00ed jin\u00e9 <\/span><span class=\"NormalTextRun SCXW27917487 BCX0\">mo\u017enosti<\/span><span class=\"NormalTextRun SCXW27917487 BCX0\"> ne\u017e k\u202fl\u00e9\u010db\u011b neplodnosti p\u00e1ru pou\u017e\u00edt darovan<\/span><span class=\"NormalTextRun SCXW27917487 BCX0\">\u00e9ho<\/span><span class=\"NormalTextRun SCXW27917487 BCX0\"> embry<\/span><span class=\"NormalTextRun SCXW27917487 BCX0\">a<\/span><span class=\"NormalTextRun SCXW27917487 BCX0\">, nab\u00edz\u00edme tento bal\u00ed\u010dek<\/span><span class=\"NormalTextRun SCXW27917487 BCX0\">, ve kter\u00e9m V\u00e1m garantujeme transfer vysoce kvalitn\u00edho embrya ve st\u00e1diu blastocysty, jeho\u017e p\u016fvodcem jsou mlad\u00ed d\u00e1rci pln\u011b vy\u0161et\u0159en\u00ed dle nejnov\u011bj\u0161\u00ed legislativy a<\/span><span class=\"NormalTextRun SCXW27917487 BCX0\"> norem St\u00e1tn\u00edho \u00fastavu pro kontrolu l\u00e9\u010div.<\/span><\/span><span class=\"EOP SCXW27917487 BCX0\" data-ccp-props=\"{&quot;201341983&quot;:0,&quot;335559685&quot;:720,&quot;335559739&quot;:160,&quot;335559740&quot;:259}\">\u00a0<\/span><\/p>\n<p>&nbsp;<\/p>\n<h3><span data-contrast=\"auto\">Terapie s\u202fdarovan\u00fdm embryem zahrnuje:\u00a0<\/span><span data-ccp-props=\"{&quot;201341983&quot;:0,&quot;335551550&quot;:6,&quot;335551620&quot;:6,&quot;335559739&quot;:0,&quot;335559740&quot;:240}\">\u00a0<\/span><\/h3>\n<ul>\n<li data-leveltext=\"\uf0b7\" data-font=\"Symbol\" data-listid=\"1\" data-list-defn-props=\"{&quot;335552541&quot;:1,&quot;335559684&quot;:-2,&quot;335559685&quot;:1440,&quot;335559991&quot;:360,&quot;469769226&quot;:&quot;Symbol&quot;,&quot;469769242&quot;:[8226],&quot;469777803&quot;:&quot;left&quot;,&quot;469777804&quot;:&quot;\uf0b7&quot;,&quot;469777815&quot;:&quot;hybridMultilevel&quot;}\" aria-setsize=\"-1\" data-aria-posinset=\"1\" data-aria-level=\"2\"><span data-contrast=\"auto\">p\u0159\u00edpravu a konzultaci pl\u00e1nu l\u00e9\u010dby\u202f<\/span><span data-ccp-props=\"{&quot;201341983&quot;:2,&quot;335559739&quot;:160,&quot;335559740&quot;:312}\">\u00a0<\/span><\/li>\n<li data-leveltext=\"\uf0b7\" data-font=\"Symbol\" data-listid=\"1\" data-list-defn-props=\"{&quot;335552541&quot;:1,&quot;335559684&quot;:-2,&quot;335559685&quot;:1440,&quot;335559991&quot;:360,&quot;469769226&quot;:&quot;Symbol&quot;,&quot;469769242&quot;:[8226],&quot;469777803&quot;:&quot;left&quot;,&quot;469777804&quot;:&quot;\uf0b7&quot;,&quot;469777815&quot;:&quot;hybridMultilevel&quot;}\" aria-setsize=\"-1\" data-aria-posinset=\"2\" data-aria-level=\"2\"><span data-contrast=\"auto\">nezbytn\u00e1 hormon\u00e1ln\u00ed vy\u0161et\u0159en\u00ed p\u0159\u00edjemkyn\u011b\u202f\u202f\u202f<\/span><span data-ccp-props=\"{&quot;201341983&quot;:2,&quot;335559739&quot;:160,&quot;335559740&quot;:312}\">\u00a0<\/span><\/li>\n<li data-leveltext=\"\uf0b7\" data-font=\"Symbol\" data-listid=\"1\" data-list-defn-props=\"{&quot;335552541&quot;:1,&quot;335559684&quot;:-2,&quot;335559685&quot;:1440,&quot;335559991&quot;:360,&quot;469769226&quot;:&quot;Symbol&quot;,&quot;469769242&quot;:[8226],&quot;469777803&quot;:&quot;left&quot;,&quot;469777804&quot;:&quot;\uf0b7&quot;,&quot;469777815&quot;:&quot;hybridMultilevel&quot;}\" aria-setsize=\"-1\" data-aria-posinset=\"2\" data-aria-level=\"2\"><span data-contrast=\"auto\">ultrazvukov\u00e1 vy\u0161et\u0159en\u00ed v p\u0159\u00edprav\u011b na transfer jednoho darovan\u00e9ho embrya z kryobanky (embryo z darovan\u00fdch vaj\u00ed\u010dek a darovan\u00fdch spermi\u00ed ve st\u00e1diu blastocysty, oba d\u00e1rci vy\u0161et\u0159eni dle aktu\u00e1ln\u011b platn\u00e9 legislativy d\u00e1rc\u016f gamet)\u202f\u202f<\/span><span data-ccp-props=\"{&quot;201341983&quot;:2,&quot;335559739&quot;:160,&quot;335559740&quot;:312}\">\u00a0<\/span><\/li>\n<li data-leveltext=\"\uf0b7\" data-font=\"Symbol\" data-listid=\"1\" data-list-defn-props=\"{&quot;335552541&quot;:1,&quot;335559684&quot;:-2,&quot;335559685&quot;:1440,&quot;335559991&quot;:360,&quot;469769226&quot;:&quot;Symbol&quot;,&quot;469769242&quot;:[8226],&quot;469777803&quot;:&quot;left&quot;,&quot;469777804&quot;:&quot;\uf0b7&quot;,&quot;469777815&quot;:&quot;hybridMultilevel&quot;}\" aria-setsize=\"-1\" data-aria-posinset=\"2\" data-aria-level=\"2\"><span data-contrast=\"auto\">ECHO katetr p\u0159i transferu\u202f\u202f<\/span><span data-ccp-props=\"{&quot;201341983&quot;:2,&quot;335559739&quot;:160,&quot;335559740&quot;:312}\">\u00a0<\/span><\/li>\n<li data-leveltext=\"\uf0b7\" data-font=\"Symbol\" data-listid=\"1\" data-list-defn-props=\"{&quot;335552541&quot;:1,&quot;335559684&quot;:-2,&quot;335559685&quot;:1440,&quot;335559991&quot;:360,&quot;469769226&quot;:&quot;Symbol&quot;,&quot;469769242&quot;:[8226],&quot;469777803&quot;:&quot;left&quot;,&quot;469777804&quot;:&quot;\uf0b7&quot;,&quot;469777815&quot;:&quot;hybridMultilevel&quot;}\" aria-setsize=\"-1\" data-aria-posinset=\"2\" data-aria-level=\"2\"><span data-contrast=\"auto\">embryotransfer\u202f\u202f<\/span><span data-ccp-props=\"{&quot;201341983&quot;:2,&quot;335559739&quot;:160,&quot;335559740&quot;:312}\">\u00a0<\/span><\/li>\n<li data-leveltext=\"\uf0b7\" data-font=\"Symbol\" data-listid=\"1\" data-list-defn-props=\"{&quot;335552541&quot;:1,&quot;335559684&quot;:-2,&quot;335559685&quot;:1440,&quot;335559991&quot;:360,&quot;469769226&quot;:&quot;Symbol&quot;,&quot;469769242&quot;:[8226],&quot;469777803&quot;:&quot;left&quot;,&quot;469777804&quot;:&quot;\uf0b7&quot;,&quot;469777815&quot;:&quot;hybridMultilevel&quot;}\" aria-setsize=\"-1\" data-aria-posinset=\"2\" data-aria-level=\"2\"><span data-contrast=\"auto\">asistovan\u00fd hatching laserem<\/span><span data-ccp-props=\"{&quot;201341983&quot;:2,&quot;335559739&quot;:160,&quot;335559740&quot;:312}\">\u00a0<\/span><\/li>\n<\/ul>\n","protected":false},"excerpt":{"rendered":"<p>Pokud nen\u00ed jin\u00e9 mo\u017enosti ne\u017e k\u202fl\u00e9\u010db\u011b neplodnosti p\u00e1ru pou\u017e\u00edt darovan\u00e9ho embrya, nab\u00edz\u00edme tento bal\u00ed\u010dek, ve kter\u00e9m V\u00e1m garantujeme transfer vysoce kvalitn\u00edho embrya ve st\u00e1diu blastocysty, jeho\u017e p\u016fvodcem jsou mlad\u00ed d\u00e1rci pln\u011b vy\u0161et\u0159en\u00ed dle nejnov\u011bj\u0161\u00ed legislativy a norem St\u00e1tn\u00edho \u00fastavu pro kontrolu l\u00e9\u010div.\u00a0 &nbsp; Terapie s\u202fdarovan\u00fdm embryem zahrnuje:\u00a0\u00a0 p\u0159\u00edpravu a konzultaci pl\u00e1nu l\u00e9\u010dby\u202f\u00a0 nezbytn\u00e1 hormon\u00e1ln\u00ed vy\u0161et\u0159en\u00ed [&hellip;]<\/p>\n","protected":false},"author":9,"featured_media":0,"parent":0,"menu_order":0,"comment_status":"closed","ping_status":"closed","template":"","meta":{"_acf_changed":false,"_et_pb_use_builder":"","_et_pb_old_content":"","_et_gb_content_width":"","footnotes":""},"class_list":["post-5622","page","type-page","status-publish","hentry"],"acf":[],"yoast_head":"<!-- This site is optimized with the Yoast SEO plugin v27.4 - https:\/\/yoast.com\/product\/yoast-seo-wordpress\/ -->\n<title>Darovan\u00e9 embryo\u202f - FertilityPort Prague<\/title>\n<meta name=\"robots\" content=\"index, follow, max-snippet:-1, max-image-preview:large, max-video-preview:-1\" \/>\n<link rel=\"canonical\" href=\"https:\/\/fertilityport.com\/cs\/darovane-embryo\/\" \/>\n<meta property=\"og:locale\" content=\"cs_CZ\" \/>\n<meta property=\"og:type\" content=\"article\" \/>\n<meta property=\"og:title\" content=\"Darovan\u00e9 embryo\u202f - FertilityPort Prague\" \/>\n<meta property=\"og:description\" content=\"Pokud nen\u00ed jin\u00e9 mo\u017enosti ne\u017e k\u202fl\u00e9\u010db\u011b neplodnosti p\u00e1ru pou\u017e\u00edt darovan\u00e9ho embrya, nab\u00edz\u00edme tento bal\u00ed\u010dek, ve kter\u00e9m V\u00e1m garantujeme transfer vysoce kvalitn\u00edho embrya ve st\u00e1diu blastocysty, jeho\u017e p\u016fvodcem jsou mlad\u00ed d\u00e1rci pln\u011b vy\u0161et\u0159en\u00ed dle nejnov\u011bj\u0161\u00ed legislativy a norem St\u00e1tn\u00edho \u00fastavu pro kontrolu l\u00e9\u010div.\u00a0 &nbsp; Terapie s\u202fdarovan\u00fdm embryem zahrnuje:\u00a0\u00a0 p\u0159\u00edpravu a konzultaci pl\u00e1nu l\u00e9\u010dby\u202f\u00a0 nezbytn\u00e1 hormon\u00e1ln\u00ed vy\u0161et\u0159en\u00ed [&hellip;]\" \/>\n<meta property=\"og:url\" content=\"https:\/\/fertilityport.com\/cs\/darovane-embryo\/\" \/>\n<meta property=\"og:site_name\" content=\"FertilityPort Prague\" \/>\n<meta property=\"article:modified_time\" content=\"2022-05-25T15:58:24+00:00\" \/>\n<meta name=\"twitter:card\" content=\"summary_large_image\" \/>\n<meta name=\"twitter:label1\" content=\"Odhadovan\u00e1 doba \u010dten\u00ed\" \/>\n\t<meta name=\"twitter:data1\" content=\"1 minuta\" \/>\n<script type=\"application\/ld+json\" class=\"yoast-schema-graph\">{\"@context\":\"https:\\\/\\\/schema.org\",\"@graph\":[{\"@type\":\"WebPage\",\"@id\":\"https:\\\/\\\/fertilityport.com\\\/cs\\\/darovane-embryo\\\/\",\"url\":\"https:\\\/\\\/fertilityport.com\\\/cs\\\/darovane-embryo\\\/\",\"name\":\"Darovan\u00e9 embryo\u202f - FertilityPort Prague\",\"isPartOf\":{\"@id\":\"https:\\\/\\\/fertilityport.com\\\/#website\"},\"datePublished\":\"2022-05-05T09:03:06+00:00\",\"dateModified\":\"2022-05-25T15:58:24+00:00\",\"breadcrumb\":{\"@id\":\"https:\\\/\\\/fertilityport.com\\\/cs\\\/darovane-embryo\\\/#breadcrumb\"},\"inLanguage\":\"cs\",\"potentialAction\":[{\"@type\":\"ReadAction\",\"target\":[\"https:\\\/\\\/fertilityport.com\\\/cs\\\/darovane-embryo\\\/\"]}]},{\"@type\":\"BreadcrumbList\",\"@id\":\"https:\\\/\\\/fertilityport.com\\\/cs\\\/darovane-embryo\\\/#breadcrumb\",\"itemListElement\":[{\"@type\":\"ListItem\",\"position\":1,\"name\":\"Home\",\"item\":\"https:\\\/\\\/fertilityport.com\\\/\"},{\"@type\":\"ListItem\",\"position\":2,\"name\":\"Darovan\u00e9 embryo\u202f\"}]},{\"@type\":\"WebSite\",\"@id\":\"https:\\\/\\\/fertilityport.com\\\/#website\",\"url\":\"https:\\\/\\\/fertilityport.com\\\/\",\"name\":\"FertilityPort Prague\",\"description\":\"\",\"potentialAction\":[{\"@type\":\"SearchAction\",\"target\":{\"@type\":\"EntryPoint\",\"urlTemplate\":\"https:\\\/\\\/fertilityport.com\\\/?s={search_term_string}\"},\"query-input\":{\"@type\":\"PropertyValueSpecification\",\"valueRequired\":true,\"valueName\":\"search_term_string\"}}],\"inLanguage\":\"cs\"}]}<\/script>\n<!-- \/ Yoast SEO plugin. -->","yoast_head_json":{"title":"Darovan\u00e9 embryo\u202f - FertilityPort Prague","robots":{"index":"index","follow":"follow","max-snippet":"max-snippet:-1","max-image-preview":"max-image-preview:large","max-video-preview":"max-video-preview:-1"},"canonical":"https:\/\/fertilityport.com\/cs\/darovane-embryo\/","og_locale":"cs_CZ","og_type":"article","og_title":"Darovan\u00e9 embryo\u202f - FertilityPort Prague","og_description":"Pokud nen\u00ed jin\u00e9 mo\u017enosti ne\u017e k\u202fl\u00e9\u010db\u011b neplodnosti p\u00e1ru pou\u017e\u00edt darovan\u00e9ho embrya, nab\u00edz\u00edme tento bal\u00ed\u010dek, ve kter\u00e9m V\u00e1m garantujeme transfer vysoce kvalitn\u00edho embrya ve st\u00e1diu blastocysty, jeho\u017e p\u016fvodcem jsou mlad\u00ed d\u00e1rci pln\u011b vy\u0161et\u0159en\u00ed dle nejnov\u011bj\u0161\u00ed legislativy a norem St\u00e1tn\u00edho \u00fastavu pro kontrolu l\u00e9\u010div.\u00a0 &nbsp; Terapie s\u202fdarovan\u00fdm embryem zahrnuje:\u00a0\u00a0 p\u0159\u00edpravu a konzultaci pl\u00e1nu l\u00e9\u010dby\u202f\u00a0 nezbytn\u00e1 hormon\u00e1ln\u00ed vy\u0161et\u0159en\u00ed [&hellip;]","og_url":"https:\/\/fertilityport.com\/cs\/darovane-embryo\/","og_site_name":"FertilityPort Prague","article_modified_time":"2022-05-25T15:58:24+00:00","twitter_card":"summary_large_image","twitter_misc":{"Odhadovan\u00e1 doba \u010dten\u00ed":"1 minuta"},"schema":{"@context":"https:\/\/schema.org","@graph":[{"@type":"WebPage","@id":"https:\/\/fertilityport.com\/cs\/darovane-embryo\/","url":"https:\/\/fertilityport.com\/cs\/darovane-embryo\/","name":"Darovan\u00e9 embryo\u202f - FertilityPort Prague","isPartOf":{"@id":"https:\/\/fertilityport.com\/#website"},"datePublished":"2022-05-05T09:03:06+00:00","dateModified":"2022-05-25T15:58:24+00:00","breadcrumb":{"@id":"https:\/\/fertilityport.com\/cs\/darovane-embryo\/#breadcrumb"},"inLanguage":"cs","potentialAction":[{"@type":"ReadAction","target":["https:\/\/fertilityport.com\/cs\/darovane-embryo\/"]}]},{"@type":"BreadcrumbList","@id":"https:\/\/fertilityport.com\/cs\/darovane-embryo\/#breadcrumb","itemListElement":[{"@type":"ListItem","position":1,"name":"Home","item":"https:\/\/fertilityport.com\/"},{"@type":"ListItem","position":2,"name":"Darovan\u00e9 embryo\u202f"}]},{"@type":"WebSite","@id":"https:\/\/fertilityport.com\/#website","url":"https:\/\/fertilityport.com\/","name":"FertilityPort Prague","description":"","potentialAction":[{"@type":"SearchAction","target":{"@type":"EntryPoint","urlTemplate":"https:\/\/fertilityport.com\/?s={search_term_string}"},"query-input":{"@type":"PropertyValueSpecification","valueRequired":true,"valueName":"search_term_string"}}],"inLanguage":"cs"}]}},"_links":{"self":[{"href":"https:\/\/fertilityport.com\/cs\/wp-json\/wp\/v2\/pages\/5622","targetHints":{"allow":["GET"]}}],"collection":[{"href":"https:\/\/fertilityport.com\/cs\/wp-json\/wp\/v2\/pages"}],"about":[{"href":"https:\/\/fertilityport.com\/cs\/wp-json\/wp\/v2\/types\/page"}],"author":[{"embeddable":true,"href":"https:\/\/fertilityport.com\/cs\/wp-json\/wp\/v2\/users\/9"}],"replies":[{"embeddable":true,"href":"https:\/\/fertilityport.com\/cs\/wp-json\/wp\/v2\/comments?post=5622"}],"version-history":[{"count":4,"href":"https:\/\/fertilityport.com\/cs\/wp-json\/wp\/v2\/pages\/5622\/revisions"}],"predecessor-version":[{"id":5752,"href":"https:\/\/fertilityport.com\/cs\/wp-json\/wp\/v2\/pages\/5622\/revisions\/5752"}],"wp:attachment":[{"href":"https:\/\/fertilityport.com\/cs\/wp-json\/wp\/v2\/media?parent=5622"}],"curies":[{"name":"wp","href":"https:\/\/api.w.org\/{rel}","templated":true}]}}