{"id":5624,"date":"2022-05-05T11:05:27","date_gmt":"2022-05-05T09:05:27","guid":{"rendered":"https:\/\/fertilityport.com\/?page_id=5624"},"modified":"2022-05-26T11:26:52","modified_gmt":"2022-05-26T09:26:52","slug":"social-freezing-balicek","status":"publish","type":"page","link":"https:\/\/fertilityport.com\/cs\/social-freezing-balicek\/","title":{"rendered":"Social freezing"},"content":{"rendered":"<p><span class=\"TextRun SCXW156033992 BCX0\" lang=\"CS-CZ\" xml:lang=\"CS-CZ\" data-contrast=\"auto\"><span class=\"SpellingError SCXW156033992 BCX0\">Social<\/span> <span class=\"SpellingError SCXW156033992 BCX0\">freezing<\/span><span class=\"NormalTextRun SCXW156033992 BCX0\">, n\u011bkdy ozna\u010dovan\u00e9 jako fertility <\/span><span class=\"SpellingError SCXW156033992 BCX0\">preservation<\/span><span class=\"NormalTextRun SCXW156033992 BCX0\"> (uchov\u00e1n\u00ed plodnosti), je \u0161anc\u00ed<\/span><span class=\"NormalTextRun SCXW156033992 BCX0\"> pro \u017eeny \u0161irok\u00e9ho spektra,<\/span><span class=\"NormalTextRun SCXW156033992 BCX0\"> jak<\/span><span class=\"NormalTextRun SCXW156033992 BCX0\"> si uchovat svou plodnost a nav\u00fd\u0161it tak \u0161anci na t\u011bhotenstv\u00ed z\u202fvlastn\u00edch vaj\u00ed\u010dek. S\u202fohledem <\/span><span class=\"NormalTextRun SCXW156033992 BCX0\">na realitu dne\u0161n\u00ed doby, kdy je mate\u0159stv\u00ed odkl\u00e1d\u00e1no do vy\u0161\u0161\u00edho v\u011bku<\/span><span class=\"NormalTextRun SCXW156033992 BCX0\">, <\/span><span class=\"NormalTextRun SCXW156033992 BCX0\">tak <\/span><span class=\"NormalTextRun SCXW156033992 BCX0\">m\u016f\u017ee <\/span><span class=\"NormalTextRun SCXW156033992 BCX0\">tato metoda <\/span><span class=\"NormalTextRun SCXW156033992 BCX0\">pomoci p\u0159eklenout <\/span><span class=\"NormalTextRun SCXW156033992 BCX0\">negativn\u00ed vliv <\/span><span class=\"NormalTextRun SCXW156033992 BCX0\">vy\u0161\u0161\u00edho v\u011bku \u017eeny <\/span><span class=\"NormalTextRun SCXW156033992 BCX0\">na schopnost ot\u011bhotn\u011bt<\/span><span class=\"NormalTextRun SCXW156033992 BCX0\">. D\u00e1le <\/span><span class=\"NormalTextRun SCXW156033992 BCX0\">je <\/span><span class=\"SpellingError SCXW156033992 BCX0\">social<\/span> <span class=\"SpellingError SCXW156033992 BCX0\">freezing<\/span><span class=\"NormalTextRun SCXW156033992 BCX0\">\u202f<\/span><span class=\"NormalTextRun SCXW156033992 BCX0\">ur\u010den\u00fd pro pacientky, kter\u00fdm byla zji\u0161t\u011bna sn\u00ed\u017een\u00e1 ovari\u00e1ln\u00ed rezerva a nemaj\u00ed aktu\u00e1ln\u011b partnera, se kter\u00fdm by cht\u011bly ot\u011bhotn\u011bt. <\/span><span class=\"NormalTextRun SCXW156033992 BCX0\">Je takt\u00e9\u017e vhodn\u00e1<\/span><span class=\"NormalTextRun SCXW156033992 BCX0\"> u \u017een p\u0159ed onkologickou \u010di biologickou l\u00e9\u010dbou.<\/span><\/span><span class=\"EOP SCXW156033992 BCX0\" data-ccp-props=\"{&quot;201341983&quot;:0,&quot;335559685&quot;:720,&quot;335559739&quot;:160,&quot;335559740&quot;:259}\">\u00a0<\/span><\/p>\n<p><span data-ccp-props=\"{&quot;201341983&quot;:0,&quot;335551550&quot;:6,&quot;335551620&quot;:6,&quot;335559739&quot;:0,&quot;335559740&quot;:240}\">\u00a0<\/span><\/p>\n<h3><span data-contrast=\"auto\">Program social freezing zahrnuje:\u00a0<\/span><span data-ccp-props=\"{&quot;201341983&quot;:0,&quot;335551550&quot;:6,&quot;335551620&quot;:6,&quot;335559739&quot;:0,&quot;335559740&quot;:240}\">\u00a0<\/span><\/h3>\n<ul>\n<li data-leveltext=\"\uf0b7\" data-font=\"Symbol\" data-listid=\"1\" data-list-defn-props=\"{&quot;335552541&quot;:1,&quot;335559684&quot;:-2,&quot;335559685&quot;:1440,&quot;335559991&quot;:360,&quot;469769226&quot;:&quot;Symbol&quot;,&quot;469769242&quot;:[8226],&quot;469777803&quot;:&quot;left&quot;,&quot;469777804&quot;:&quot;\uf0b7&quot;,&quot;469777815&quot;:&quot;hybridMultilevel&quot;}\" aria-setsize=\"-1\" data-aria-posinset=\"1\" data-aria-level=\"2\"><span data-contrast=\"auto\">p\u0159\u00edpravu a konzultaci pl\u00e1nu stimulace\u202f\u202f<\/span><span data-ccp-props=\"{&quot;201341983&quot;:2,&quot;335559739&quot;:160,&quot;335559740&quot;:312}\">\u00a0<\/span><\/li>\n<li data-leveltext=\"\uf0b7\" data-font=\"Symbol\" data-listid=\"1\" data-list-defn-props=\"{&quot;335552541&quot;:1,&quot;335559684&quot;:-2,&quot;335559685&quot;:1440,&quot;335559991&quot;:360,&quot;469769226&quot;:&quot;Symbol&quot;,&quot;469769242&quot;:[8226],&quot;469777803&quot;:&quot;left&quot;,&quot;469777804&quot;:&quot;\uf0b7&quot;,&quot;469777815&quot;:&quot;hybridMultilevel&quot;}\" aria-setsize=\"-1\" data-aria-posinset=\"2\" data-aria-level=\"2\"><span data-contrast=\"auto\">nezbytn\u00e1 hormon\u00e1ln\u00ed vy\u0161et\u0159en\u00ed v\u010detn\u011b AMH\u202f\u202f<\/span><span data-ccp-props=\"{&quot;201341983&quot;:2,&quot;335559739&quot;:160,&quot;335559740&quot;:312}\">\u00a0<\/span><\/li>\n<li data-leveltext=\"\uf0b7\" data-font=\"Symbol\" data-listid=\"1\" data-list-defn-props=\"{&quot;335552541&quot;:1,&quot;335559684&quot;:-2,&quot;335559685&quot;:1440,&quot;335559991&quot;:360,&quot;469769226&quot;:&quot;Symbol&quot;,&quot;469769242&quot;:[8226],&quot;469777803&quot;:&quot;left&quot;,&quot;469777804&quot;:&quot;\uf0b7&quot;,&quot;469777815&quot;:&quot;hybridMultilevel&quot;}\" aria-setsize=\"-1\" data-aria-posinset=\"3\" data-aria-level=\"2\"><span data-contrast=\"auto\">STD dle platn\u00e9 legislativy\u202f\u202f<\/span><span data-ccp-props=\"{&quot;201341983&quot;:2,&quot;335559739&quot;:160,&quot;335559740&quot;:312}\">\u00a0<\/span><\/li>\n<li data-leveltext=\"\uf0b7\" data-font=\"Symbol\" data-listid=\"1\" data-list-defn-props=\"{&quot;335552541&quot;:1,&quot;335559684&quot;:-2,&quot;335559685&quot;:1440,&quot;335559991&quot;:360,&quot;469769226&quot;:&quot;Symbol&quot;,&quot;469769242&quot;:[8226],&quot;469777803&quot;:&quot;left&quot;,&quot;469777804&quot;:&quot;\uf0b7&quot;,&quot;469777815&quot;:&quot;hybridMultilevel&quot;}\" aria-setsize=\"-1\" data-aria-posinset=\"4\" data-aria-level=\"2\"><span data-contrast=\"auto\">ultrazvukov\u00e1 vy\u0161et\u0159en\u00ed v pr\u016fb\u011bhu stimulace\u202f\u202f<\/span><span data-ccp-props=\"{&quot;201341983&quot;:2,&quot;335559739&quot;:160,&quot;335559740&quot;:312}\">\u00a0<\/span><\/li>\n<li data-leveltext=\"\uf0b7\" data-font=\"Symbol\" data-listid=\"1\" data-list-defn-props=\"{&quot;335552541&quot;:1,&quot;335559684&quot;:-2,&quot;335559685&quot;:1440,&quot;335559991&quot;:360,&quot;469769226&quot;:&quot;Symbol&quot;,&quot;469769242&quot;:[8226],&quot;469777803&quot;:&quot;left&quot;,&quot;469777804&quot;:&quot;\uf0b7&quot;,&quot;469777815&quot;:&quot;hybridMultilevel&quot;}\" aria-setsize=\"-1\" data-aria-posinset=\"5\" data-aria-level=\"2\"><span data-contrast=\"auto\">punkci folikul\u016f v celkov\u00e9 anestezii\u202f\u202f<\/span><span data-ccp-props=\"{&quot;201341983&quot;:2,&quot;335559739&quot;:160,&quot;335559740&quot;:312}\">\u00a0<\/span><\/li>\n<li data-leveltext=\"\uf0b7\" data-font=\"Symbol\" data-listid=\"1\" data-list-defn-props=\"{&quot;335552541&quot;:1,&quot;335559684&quot;:-2,&quot;335559685&quot;:1440,&quot;335559991&quot;:360,&quot;469769226&quot;:&quot;Symbol&quot;,&quot;469769242&quot;:[8226],&quot;469777803&quot;:&quot;left&quot;,&quot;469777804&quot;:&quot;\uf0b7&quot;,&quot;469777815&quot;:&quot;hybridMultilevel&quot;}\" aria-setsize=\"-1\" data-aria-posinset=\"5\" data-aria-level=\"2\"><span data-contrast=\"auto\">zamra\u017een\u00ed v\u0161ech zral\u00fdch vaj\u00ed\u010dek (po 2-3 vaj\u00ed\u010dk\u00e1ch v 1 sl\u00e1mce)\u202f\u202f<\/span><span data-ccp-props=\"{&quot;201341983&quot;:2,&quot;335559739&quot;:160,&quot;335559740&quot;:312}\">\u00a0<\/span><\/li>\n<li data-leveltext=\"\uf0b7\" data-font=\"Symbol\" data-listid=\"1\" data-list-defn-props=\"{&quot;335552541&quot;:1,&quot;335559684&quot;:-2,&quot;335559685&quot;:1440,&quot;335559991&quot;:360,&quot;469769226&quot;:&quot;Symbol&quot;,&quot;469769242&quot;:[8226],&quot;469777803&quot;:&quot;left&quot;,&quot;469777804&quot;:&quot;\uf0b7&quot;,&quot;469777815&quot;:&quot;hybridMultilevel&quot;}\" aria-setsize=\"-1\" data-aria-posinset=\"5\" data-aria-level=\"2\"><span data-contrast=\"auto\">skladov\u00e1n\u00ed na 1 rok\u202f<\/span><span data-ccp-props=\"{&quot;201341983&quot;:2,&quot;335559739&quot;:160,&quot;335559740&quot;:312}\">\u00a0<\/span><\/li>\n<\/ul>\n","protected":false},"excerpt":{"rendered":"<p>Social freezing, n\u011bkdy ozna\u010dovan\u00e9 jako fertility preservation (uchov\u00e1n\u00ed plodnosti), je \u0161anc\u00ed pro \u017eeny \u0161irok\u00e9ho spektra, jak si uchovat svou plodnost a nav\u00fd\u0161it tak \u0161anci na t\u011bhotenstv\u00ed z\u202fvlastn\u00edch vaj\u00ed\u010dek. S\u202fohledem na realitu dne\u0161n\u00ed doby, kdy je mate\u0159stv\u00ed odkl\u00e1d\u00e1no do vy\u0161\u0161\u00edho v\u011bku, tak m\u016f\u017ee tato metoda pomoci p\u0159eklenout negativn\u00ed vliv vy\u0161\u0161\u00edho v\u011bku \u017eeny na schopnost ot\u011bhotn\u011bt. D\u00e1le [&hellip;]<\/p>\n","protected":false},"author":9,"featured_media":0,"parent":0,"menu_order":0,"comment_status":"closed","ping_status":"closed","template":"","meta":{"_acf_changed":false,"_et_pb_use_builder":"","_et_pb_old_content":"","_et_gb_content_width":"","footnotes":""},"class_list":["post-5624","page","type-page","status-publish","hentry"],"acf":[],"yoast_head":"<!-- This site is optimized with the Yoast SEO plugin v27.4 - https:\/\/yoast.com\/product\/yoast-seo-wordpress\/ -->\n<title>Social freezing - FertilityPort Prague<\/title>\n<meta name=\"robots\" content=\"index, follow, max-snippet:-1, max-image-preview:large, max-video-preview:-1\" \/>\n<link rel=\"canonical\" href=\"https:\/\/fertilityport.com\/cs\/social-freezing-balicek\/\" \/>\n<meta property=\"og:locale\" content=\"cs_CZ\" \/>\n<meta property=\"og:type\" content=\"article\" \/>\n<meta property=\"og:title\" content=\"Social freezing - FertilityPort Prague\" \/>\n<meta property=\"og:description\" content=\"Social freezing, n\u011bkdy ozna\u010dovan\u00e9 jako fertility preservation (uchov\u00e1n\u00ed plodnosti), je \u0161anc\u00ed pro \u017eeny \u0161irok\u00e9ho spektra, jak si uchovat svou plodnost a nav\u00fd\u0161it tak \u0161anci na t\u011bhotenstv\u00ed z\u202fvlastn\u00edch vaj\u00ed\u010dek. S\u202fohledem na realitu dne\u0161n\u00ed doby, kdy je mate\u0159stv\u00ed odkl\u00e1d\u00e1no do vy\u0161\u0161\u00edho v\u011bku, tak m\u016f\u017ee tato metoda pomoci p\u0159eklenout negativn\u00ed vliv vy\u0161\u0161\u00edho v\u011bku \u017eeny na schopnost ot\u011bhotn\u011bt. D\u00e1le [&hellip;]\" \/>\n<meta property=\"og:url\" content=\"https:\/\/fertilityport.com\/cs\/social-freezing-balicek\/\" \/>\n<meta property=\"og:site_name\" content=\"FertilityPort Prague\" \/>\n<meta property=\"article:modified_time\" content=\"2022-05-26T09:26:52+00:00\" \/>\n<meta name=\"twitter:card\" content=\"summary_large_image\" \/>\n<meta name=\"twitter:label1\" content=\"Odhadovan\u00e1 doba \u010dten\u00ed\" \/>\n\t<meta name=\"twitter:data1\" content=\"1 minuta\" \/>\n<script type=\"application\/ld+json\" class=\"yoast-schema-graph\">{\"@context\":\"https:\\\/\\\/schema.org\",\"@graph\":[{\"@type\":\"WebPage\",\"@id\":\"https:\\\/\\\/fertilityport.com\\\/cs\\\/social-freezing-balicek\\\/\",\"url\":\"https:\\\/\\\/fertilityport.com\\\/cs\\\/social-freezing-balicek\\\/\",\"name\":\"Social freezing - FertilityPort Prague\",\"isPartOf\":{\"@id\":\"https:\\\/\\\/fertilityport.com\\\/#website\"},\"datePublished\":\"2022-05-05T09:05:27+00:00\",\"dateModified\":\"2022-05-26T09:26:52+00:00\",\"breadcrumb\":{\"@id\":\"https:\\\/\\\/fertilityport.com\\\/cs\\\/social-freezing-balicek\\\/#breadcrumb\"},\"inLanguage\":\"cs\",\"potentialAction\":[{\"@type\":\"ReadAction\",\"target\":[\"https:\\\/\\\/fertilityport.com\\\/cs\\\/social-freezing-balicek\\\/\"]}]},{\"@type\":\"BreadcrumbList\",\"@id\":\"https:\\\/\\\/fertilityport.com\\\/cs\\\/social-freezing-balicek\\\/#breadcrumb\",\"itemListElement\":[{\"@type\":\"ListItem\",\"position\":1,\"name\":\"Home\",\"item\":\"https:\\\/\\\/fertilityport.com\\\/\"},{\"@type\":\"ListItem\",\"position\":2,\"name\":\"Social freezing\"}]},{\"@type\":\"WebSite\",\"@id\":\"https:\\\/\\\/fertilityport.com\\\/#website\",\"url\":\"https:\\\/\\\/fertilityport.com\\\/\",\"name\":\"FertilityPort Prague\",\"description\":\"\",\"potentialAction\":[{\"@type\":\"SearchAction\",\"target\":{\"@type\":\"EntryPoint\",\"urlTemplate\":\"https:\\\/\\\/fertilityport.com\\\/?s={search_term_string}\"},\"query-input\":{\"@type\":\"PropertyValueSpecification\",\"valueRequired\":true,\"valueName\":\"search_term_string\"}}],\"inLanguage\":\"cs\"}]}<\/script>\n<!-- \/ Yoast SEO plugin. -->","yoast_head_json":{"title":"Social freezing - FertilityPort Prague","robots":{"index":"index","follow":"follow","max-snippet":"max-snippet:-1","max-image-preview":"max-image-preview:large","max-video-preview":"max-video-preview:-1"},"canonical":"https:\/\/fertilityport.com\/cs\/social-freezing-balicek\/","og_locale":"cs_CZ","og_type":"article","og_title":"Social freezing - FertilityPort Prague","og_description":"Social freezing, n\u011bkdy ozna\u010dovan\u00e9 jako fertility preservation (uchov\u00e1n\u00ed plodnosti), je \u0161anc\u00ed pro \u017eeny \u0161irok\u00e9ho spektra, jak si uchovat svou plodnost a nav\u00fd\u0161it tak \u0161anci na t\u011bhotenstv\u00ed z\u202fvlastn\u00edch vaj\u00ed\u010dek. S\u202fohledem na realitu dne\u0161n\u00ed doby, kdy je mate\u0159stv\u00ed odkl\u00e1d\u00e1no do vy\u0161\u0161\u00edho v\u011bku, tak m\u016f\u017ee tato metoda pomoci p\u0159eklenout negativn\u00ed vliv vy\u0161\u0161\u00edho v\u011bku \u017eeny na schopnost ot\u011bhotn\u011bt. D\u00e1le [&hellip;]","og_url":"https:\/\/fertilityport.com\/cs\/social-freezing-balicek\/","og_site_name":"FertilityPort Prague","article_modified_time":"2022-05-26T09:26:52+00:00","twitter_card":"summary_large_image","twitter_misc":{"Odhadovan\u00e1 doba \u010dten\u00ed":"1 minuta"},"schema":{"@context":"https:\/\/schema.org","@graph":[{"@type":"WebPage","@id":"https:\/\/fertilityport.com\/cs\/social-freezing-balicek\/","url":"https:\/\/fertilityport.com\/cs\/social-freezing-balicek\/","name":"Social freezing - FertilityPort Prague","isPartOf":{"@id":"https:\/\/fertilityport.com\/#website"},"datePublished":"2022-05-05T09:05:27+00:00","dateModified":"2022-05-26T09:26:52+00:00","breadcrumb":{"@id":"https:\/\/fertilityport.com\/cs\/social-freezing-balicek\/#breadcrumb"},"inLanguage":"cs","potentialAction":[{"@type":"ReadAction","target":["https:\/\/fertilityport.com\/cs\/social-freezing-balicek\/"]}]},{"@type":"BreadcrumbList","@id":"https:\/\/fertilityport.com\/cs\/social-freezing-balicek\/#breadcrumb","itemListElement":[{"@type":"ListItem","position":1,"name":"Home","item":"https:\/\/fertilityport.com\/"},{"@type":"ListItem","position":2,"name":"Social freezing"}]},{"@type":"WebSite","@id":"https:\/\/fertilityport.com\/#website","url":"https:\/\/fertilityport.com\/","name":"FertilityPort Prague","description":"","potentialAction":[{"@type":"SearchAction","target":{"@type":"EntryPoint","urlTemplate":"https:\/\/fertilityport.com\/?s={search_term_string}"},"query-input":{"@type":"PropertyValueSpecification","valueRequired":true,"valueName":"search_term_string"}}],"inLanguage":"cs"}]}},"_links":{"self":[{"href":"https:\/\/fertilityport.com\/cs\/wp-json\/wp\/v2\/pages\/5624","targetHints":{"allow":["GET"]}}],"collection":[{"href":"https:\/\/fertilityport.com\/cs\/wp-json\/wp\/v2\/pages"}],"about":[{"href":"https:\/\/fertilityport.com\/cs\/wp-json\/wp\/v2\/types\/page"}],"author":[{"embeddable":true,"href":"https:\/\/fertilityport.com\/cs\/wp-json\/wp\/v2\/users\/9"}],"replies":[{"embeddable":true,"href":"https:\/\/fertilityport.com\/cs\/wp-json\/wp\/v2\/comments?post=5624"}],"version-history":[{"count":4,"href":"https:\/\/fertilityport.com\/cs\/wp-json\/wp\/v2\/pages\/5624\/revisions"}],"predecessor-version":[{"id":5772,"href":"https:\/\/fertilityport.com\/cs\/wp-json\/wp\/v2\/pages\/5624\/revisions\/5772"}],"wp:attachment":[{"href":"https:\/\/fertilityport.com\/cs\/wp-json\/wp\/v2\/media?parent=5624"}],"curies":[{"name":"wp","href":"https:\/\/api.w.org\/{rel}","templated":true}]}}