{"id":5626,"date":"2022-05-05T11:06:33","date_gmt":"2022-05-05T09:06:33","guid":{"rendered":"https:\/\/fertilityport.com\/?page_id=5626"},"modified":"2022-05-26T11:26:17","modified_gmt":"2022-05-26T09:26:17","slug":"dual-stimulace","status":"publish","type":"page","link":"https:\/\/fertilityport.com\/cs\/dual-stimulace\/","title":{"rendered":"Dual stimulace"},"content":{"rendered":"<p><span class=\"TextRun SCXW58272572 BCX0\" lang=\"CS-CZ\" xml:lang=\"CS-CZ\" data-contrast=\"auto\"><span class=\"SpellingError SCXW58272572 BCX0\">Dual<\/span><span class=\"NormalTextRun SCXW58272572 BCX0\"> stimulace je velmi \u00fasp\u011b\u0161n\u00fdm n\u00e1strojem, jak v\u202findikovan\u00fdch p\u0159\u00edpadech co nejv\u00edce urychlit mo\u017enosti z\u00edsk\u00e1n\u00ed co nejvy\u0161\u0161\u00edho po\u010dtu vaj\u00ed\u010dek<\/span><span class=\"NormalTextRun SCXW58272572 BCX0\"> a n\u00e1sledn\u011b<\/span><span class=\"NormalTextRun SCXW58272572 BCX0\"> embry\u00ed.<\/span> <span class=\"NormalTextRun SCXW58272572 BCX0\">Uplatn\u011bn\u00ed<\/span><span class=\"NormalTextRun SCXW58272572 BCX0\"> najde nap\u0159\u00edklad\u00a0<\/span><span class=\"NormalTextRun SCXW58272572 BCX0\">\u00a0\u00a0\u00a0\u00a0 <\/span><span class=\"NormalTextRun SCXW58272572 BCX0\">u \u017een s\u202fn\u00edzkou ovari\u00e1ln\u00ed rezervou, p\u0159ed zapo\u010det\u00edm onkologick\u00e9 \u010di biologick\u00e9 l\u00e9\u010dby nebo t\u0159eba p\u0159i nutnosti odlo\u017een\u00ed doby t\u011bhotn\u011bn\u00ed na pozd\u011bj\u0161\u00ed v\u011bk.<\/span><span class=\"NormalTextRun SCXW58272572 BCX0\">\u202f<\/span><\/span><span class=\"EOP SCXW58272572 BCX0\" data-ccp-props=\"{&quot;201341983&quot;:0,&quot;335559685&quot;:720,&quot;335559739&quot;:160,&quot;335559740&quot;:259}\">\u00a0<\/span><\/p>\n<p><span data-ccp-props=\"{&quot;201341983&quot;:0,&quot;335551550&quot;:6,&quot;335551620&quot;:6,&quot;335559739&quot;:0,&quot;335559740&quot;:240}\">\u00a0<\/span><\/p>\n<h3><span data-contrast=\"auto\">Program Dual stimulace zahrnuje: <\/span><span data-ccp-props=\"{&quot;201341983&quot;:0,&quot;335551550&quot;:6,&quot;335551620&quot;:6,&quot;335559739&quot;:0,&quot;335559740&quot;:240}\">\u00a0<\/span><\/h3>\n<ul>\n<li data-leveltext=\"\uf0b7\" data-font=\"Symbol\" data-listid=\"1\" data-list-defn-props=\"{&quot;335552541&quot;:1,&quot;335559684&quot;:-2,&quot;335559685&quot;:1440,&quot;335559991&quot;:360,&quot;469769226&quot;:&quot;Symbol&quot;,&quot;469769242&quot;:[8226],&quot;469777803&quot;:&quot;left&quot;,&quot;469777804&quot;:&quot;\uf0b7&quot;,&quot;469777815&quot;:&quot;hybridMultilevel&quot;}\" aria-setsize=\"-1\" data-aria-posinset=\"1\" data-aria-level=\"2\"><span data-contrast=\"auto\">p\u0159\u00edpravu a konzultaci pl\u00e1nu stimulace\u202f<\/span><span data-ccp-props=\"{&quot;201341983&quot;:2,&quot;335559739&quot;:160,&quot;335559740&quot;:312}\">\u00a0<\/span><\/li>\n<li data-leveltext=\"\uf0b7\" data-font=\"Symbol\" data-listid=\"1\" data-list-defn-props=\"{&quot;335552541&quot;:1,&quot;335559684&quot;:-2,&quot;335559685&quot;:1440,&quot;335559991&quot;:360,&quot;469769226&quot;:&quot;Symbol&quot;,&quot;469769242&quot;:[8226],&quot;469777803&quot;:&quot;left&quot;,&quot;469777804&quot;:&quot;\uf0b7&quot;,&quot;469777815&quot;:&quot;hybridMultilevel&quot;}\" aria-setsize=\"-1\" data-aria-posinset=\"1\" data-aria-level=\"2\"><span data-contrast=\"auto\">v\u0161echna ultrazvukov\u00e1 vy\u0161et\u0159en\u00ed ve stimulac\u00edch\u202f<\/span><span data-ccp-props=\"{&quot;201341983&quot;:2,&quot;335559739&quot;:160,&quot;335559740&quot;:312}\">\u00a0<\/span><\/li>\n<li data-leveltext=\"\uf0b7\" data-font=\"Symbol\" data-listid=\"1\" data-list-defn-props=\"{&quot;335552541&quot;:1,&quot;335559684&quot;:-2,&quot;335559685&quot;:1440,&quot;335559991&quot;:360,&quot;469769226&quot;:&quot;Symbol&quot;,&quot;469769242&quot;:[8226],&quot;469777803&quot;:&quot;left&quot;,&quot;469777804&quot;:&quot;\uf0b7&quot;,&quot;469777815&quot;:&quot;hybridMultilevel&quot;}\" aria-setsize=\"-1\" data-aria-posinset=\"1\" data-aria-level=\"2\"><span data-contrast=\"auto\">STD p\u00e1ru dle platn\u00e9 legislativy\u202f<\/span><span data-ccp-props=\"{&quot;201341983&quot;:2,&quot;335559739&quot;:160,&quot;335559740&quot;:312}\">\u00a0<\/span><\/li>\n<li data-leveltext=\"\uf0b7\" data-font=\"Symbol\" data-listid=\"1\" data-list-defn-props=\"{&quot;335552541&quot;:1,&quot;335559684&quot;:-2,&quot;335559685&quot;:1440,&quot;335559991&quot;:360,&quot;469769226&quot;:&quot;Symbol&quot;,&quot;469769242&quot;:[8226],&quot;469777803&quot;:&quot;left&quot;,&quot;469777804&quot;:&quot;\uf0b7&quot;,&quot;469777815&quot;:&quot;hybridMultilevel&quot;}\" aria-setsize=\"-1\" data-aria-posinset=\"1\" data-aria-level=\"2\"><span data-contrast=\"auto\">ob\u011b punkce folikul\u016f v celkov\u00e9 anestezii\u202f<\/span><span data-ccp-props=\"{&quot;201341983&quot;:2,&quot;335559739&quot;:160,&quot;335559740&quot;:312}\">\u00a0<\/span><\/li>\n<li data-leveltext=\"\uf0b7\" data-font=\"Symbol\" data-listid=\"1\" data-list-defn-props=\"{&quot;335552541&quot;:1,&quot;335559684&quot;:-2,&quot;335559685&quot;:1440,&quot;335559991&quot;:360,&quot;469769226&quot;:&quot;Symbol&quot;,&quot;469769242&quot;:[8226],&quot;469777803&quot;:&quot;left&quot;,&quot;469777804&quot;:&quot;\uf0b7&quot;,&quot;469777815&quot;:&quot;hybridMultilevel&quot;}\" aria-setsize=\"-1\" data-aria-posinset=\"1\" data-aria-level=\"2\"><span data-contrast=\"auto\">oplozen\u00ed metodou\u202fICSI\u202fv\u0161ech\u202fzral\u00fdch vaj\u00ed\u010dek<\/span><span data-ccp-props=\"{&quot;201341983&quot;:2,&quot;335559739&quot;:160,&quot;335559740&quot;:312}\">\u00a0<\/span><\/li>\n<li data-leveltext=\"\uf0b7\" data-font=\"Symbol\" data-listid=\"1\" data-list-defn-props=\"{&quot;335552541&quot;:1,&quot;335559684&quot;:-2,&quot;335559685&quot;:1440,&quot;335559991&quot;:360,&quot;469769226&quot;:&quot;Symbol&quot;,&quot;469769242&quot;:[8226],&quot;469777803&quot;:&quot;left&quot;,&quot;469777804&quot;:&quot;\uf0b7&quot;,&quot;469777815&quot;:&quot;hybridMultilevel&quot;}\" aria-setsize=\"-1\" data-aria-posinset=\"1\" data-aria-level=\"2\"><span data-contrast=\"auto\">prodlou\u017eenou kultivaci\u202f<\/span><span data-ccp-props=\"{&quot;201341983&quot;:2,&quot;335559739&quot;:160,&quot;335559740&quot;:312}\">\u00a0<\/span><\/li>\n<li data-leveltext=\"\uf0b7\" data-font=\"Symbol\" data-listid=\"1\" data-list-defn-props=\"{&quot;335552541&quot;:1,&quot;335559684&quot;:-2,&quot;335559685&quot;:1440,&quot;335559991&quot;:360,&quot;469769226&quot;:&quot;Symbol&quot;,&quot;469769242&quot;:[8226],&quot;469777803&quot;:&quot;left&quot;,&quot;469777804&quot;:&quot;\uf0b7&quot;,&quot;469777815&quot;:&quot;hybridMultilevel&quot;}\" aria-setsize=\"-1\" data-aria-posinset=\"1\" data-aria-level=\"2\"><span data-contrast=\"auto\">vitrifikaci kvalitn\u00edch embry\u00ed\u202f<\/span><span data-ccp-props=\"{&quot;201341983&quot;:2,&quot;335559739&quot;:160,&quot;335559740&quot;:312}\">\u00a0<\/span><\/li>\n<li data-leveltext=\"\uf0b7\" data-font=\"Symbol\" data-listid=\"1\" data-list-defn-props=\"{&quot;335552541&quot;:1,&quot;335559684&quot;:-2,&quot;335559685&quot;:1440,&quot;335559991&quot;:360,&quot;469769226&quot;:&quot;Symbol&quot;,&quot;469769242&quot;:[8226],&quot;469777803&quot;:&quot;left&quot;,&quot;469777804&quot;:&quot;\uf0b7&quot;,&quot;469777815&quot;:&quot;hybridMultilevel&quot;}\" aria-setsize=\"-1\" data-aria-posinset=\"1\" data-aria-level=\"2\"><span data-contrast=\"auto\">ECHO katetr\u202f<\/span><span data-ccp-props=\"{&quot;201341983&quot;:2,&quot;335559739&quot;:160,&quot;335559740&quot;:312}\">\u00a0<\/span><\/li>\n<li data-leveltext=\"\uf0b7\" data-font=\"Symbol\" data-listid=\"1\" data-list-defn-props=\"{&quot;335552541&quot;:1,&quot;335559684&quot;:-2,&quot;335559685&quot;:1440,&quot;335559991&quot;:360,&quot;469769226&quot;:&quot;Symbol&quot;,&quot;469769242&quot;:[8226],&quot;469777803&quot;:&quot;left&quot;,&quot;469777804&quot;:&quot;\uf0b7&quot;,&quot;469777815&quot;:&quot;hybridMultilevel&quot;}\" aria-setsize=\"-1\" data-aria-posinset=\"1\" data-aria-level=\"2\"><span data-contrast=\"auto\">jedenkr\u00e1t transfer embrya\u202f<\/span><span data-ccp-props=\"{&quot;201341983&quot;:2,&quot;335559739&quot;:160,&quot;335559740&quot;:312}\">\u00a0<\/span><\/li>\n<li data-leveltext=\"\uf0b7\" data-font=\"Symbol\" data-listid=\"1\" data-list-defn-props=\"{&quot;335552541&quot;:1,&quot;335559684&quot;:-2,&quot;335559685&quot;:1440,&quot;335559991&quot;:360,&quot;469769226&quot;:&quot;Symbol&quot;,&quot;469769242&quot;:[8226],&quot;469777803&quot;:&quot;left&quot;,&quot;469777804&quot;:&quot;\uf0b7&quot;,&quot;469777815&quot;:&quot;hybridMultilevel&quot;}\" aria-setsize=\"-1\" data-aria-posinset=\"1\" data-aria-level=\"2\"><span data-contrast=\"auto\">asistovan\u00fd hatching\u202flaserem<\/span><span data-ccp-props=\"{&quot;201341983&quot;:2,&quot;335559739&quot;:160,&quot;335559740&quot;:312}\">\u00a0<\/span><\/li>\n<\/ul>\n","protected":false},"excerpt":{"rendered":"<p>Dual stimulace je velmi \u00fasp\u011b\u0161n\u00fdm n\u00e1strojem, jak v\u202findikovan\u00fdch p\u0159\u00edpadech co nejv\u00edce urychlit mo\u017enosti z\u00edsk\u00e1n\u00ed co nejvy\u0161\u0161\u00edho po\u010dtu vaj\u00ed\u010dek a n\u00e1sledn\u011b embry\u00ed. Uplatn\u011bn\u00ed najde nap\u0159\u00edklad\u00a0\u00a0\u00a0\u00a0\u00a0 u \u017een s\u202fn\u00edzkou ovari\u00e1ln\u00ed rezervou, p\u0159ed zapo\u010det\u00edm onkologick\u00e9 \u010di biologick\u00e9 l\u00e9\u010dby nebo t\u0159eba p\u0159i nutnosti odlo\u017een\u00ed doby t\u011bhotn\u011bn\u00ed na pozd\u011bj\u0161\u00ed v\u011bk.\u202f\u00a0 \u00a0 Program Dual stimulace zahrnuje: \u00a0 p\u0159\u00edpravu a konzultaci pl\u00e1nu [&hellip;]<\/p>\n","protected":false},"author":9,"featured_media":0,"parent":0,"menu_order":0,"comment_status":"closed","ping_status":"closed","template":"","meta":{"_acf_changed":false,"_et_pb_use_builder":"","_et_pb_old_content":"","_et_gb_content_width":"","footnotes":""},"class_list":["post-5626","page","type-page","status-publish","hentry"],"acf":[],"yoast_head":"<!-- This site is optimized with the Yoast SEO plugin v27.5 - https:\/\/yoast.com\/product\/yoast-seo-wordpress\/ -->\n<title>Dual stimulace - FertilityPort Prague<\/title>\n<meta name=\"robots\" content=\"index, follow, max-snippet:-1, max-image-preview:large, max-video-preview:-1\" \/>\n<link rel=\"canonical\" href=\"https:\/\/fertilityport.com\/cs\/dual-stimulace\/\" \/>\n<meta property=\"og:locale\" content=\"cs_CZ\" \/>\n<meta property=\"og:type\" content=\"article\" \/>\n<meta property=\"og:title\" content=\"Dual stimulace - FertilityPort Prague\" \/>\n<meta property=\"og:description\" content=\"Dual stimulace je velmi \u00fasp\u011b\u0161n\u00fdm n\u00e1strojem, jak v\u202findikovan\u00fdch p\u0159\u00edpadech co nejv\u00edce urychlit mo\u017enosti z\u00edsk\u00e1n\u00ed co nejvy\u0161\u0161\u00edho po\u010dtu vaj\u00ed\u010dek a n\u00e1sledn\u011b embry\u00ed. Uplatn\u011bn\u00ed najde nap\u0159\u00edklad\u00a0\u00a0\u00a0\u00a0\u00a0 u \u017een s\u202fn\u00edzkou ovari\u00e1ln\u00ed rezervou, p\u0159ed zapo\u010det\u00edm onkologick\u00e9 \u010di biologick\u00e9 l\u00e9\u010dby nebo t\u0159eba p\u0159i nutnosti odlo\u017een\u00ed doby t\u011bhotn\u011bn\u00ed na pozd\u011bj\u0161\u00ed v\u011bk.\u202f\u00a0 \u00a0 Program Dual stimulace zahrnuje: \u00a0 p\u0159\u00edpravu a konzultaci pl\u00e1nu [&hellip;]\" \/>\n<meta property=\"og:url\" content=\"https:\/\/fertilityport.com\/cs\/dual-stimulace\/\" \/>\n<meta property=\"og:site_name\" content=\"FertilityPort Prague\" \/>\n<meta property=\"article:modified_time\" content=\"2022-05-26T09:26:17+00:00\" \/>\n<meta name=\"twitter:card\" content=\"summary_large_image\" \/>\n<meta name=\"twitter:label1\" content=\"Odhadovan\u00e1 doba \u010dten\u00ed\" \/>\n\t<meta name=\"twitter:data1\" content=\"1 minuta\" \/>\n<script type=\"application\/ld+json\" class=\"yoast-schema-graph\">{\"@context\":\"https:\\\/\\\/schema.org\",\"@graph\":[{\"@type\":\"WebPage\",\"@id\":\"https:\\\/\\\/fertilityport.com\\\/cs\\\/dual-stimulace\\\/\",\"url\":\"https:\\\/\\\/fertilityport.com\\\/cs\\\/dual-stimulace\\\/\",\"name\":\"Dual stimulace - FertilityPort Prague\",\"isPartOf\":{\"@id\":\"https:\\\/\\\/fertilityport.com\\\/#website\"},\"datePublished\":\"2022-05-05T09:06:33+00:00\",\"dateModified\":\"2022-05-26T09:26:17+00:00\",\"breadcrumb\":{\"@id\":\"https:\\\/\\\/fertilityport.com\\\/cs\\\/dual-stimulace\\\/#breadcrumb\"},\"inLanguage\":\"cs\",\"potentialAction\":[{\"@type\":\"ReadAction\",\"target\":[\"https:\\\/\\\/fertilityport.com\\\/cs\\\/dual-stimulace\\\/\"]}]},{\"@type\":\"BreadcrumbList\",\"@id\":\"https:\\\/\\\/fertilityport.com\\\/cs\\\/dual-stimulace\\\/#breadcrumb\",\"itemListElement\":[{\"@type\":\"ListItem\",\"position\":1,\"name\":\"Home\",\"item\":\"https:\\\/\\\/fertilityport.com\\\/\"},{\"@type\":\"ListItem\",\"position\":2,\"name\":\"Dual stimulace\"}]},{\"@type\":\"WebSite\",\"@id\":\"https:\\\/\\\/fertilityport.com\\\/#website\",\"url\":\"https:\\\/\\\/fertilityport.com\\\/\",\"name\":\"FertilityPort Prague\",\"description\":\"\",\"potentialAction\":[{\"@type\":\"SearchAction\",\"target\":{\"@type\":\"EntryPoint\",\"urlTemplate\":\"https:\\\/\\\/fertilityport.com\\\/?s={search_term_string}\"},\"query-input\":{\"@type\":\"PropertyValueSpecification\",\"valueRequired\":true,\"valueName\":\"search_term_string\"}}],\"inLanguage\":\"cs\"}]}<\/script>\n<!-- \/ Yoast SEO plugin. -->","yoast_head_json":{"title":"Dual stimulace - FertilityPort Prague","robots":{"index":"index","follow":"follow","max-snippet":"max-snippet:-1","max-image-preview":"max-image-preview:large","max-video-preview":"max-video-preview:-1"},"canonical":"https:\/\/fertilityport.com\/cs\/dual-stimulace\/","og_locale":"cs_CZ","og_type":"article","og_title":"Dual stimulace - FertilityPort Prague","og_description":"Dual stimulace je velmi \u00fasp\u011b\u0161n\u00fdm n\u00e1strojem, jak v\u202findikovan\u00fdch p\u0159\u00edpadech co nejv\u00edce urychlit mo\u017enosti z\u00edsk\u00e1n\u00ed co nejvy\u0161\u0161\u00edho po\u010dtu vaj\u00ed\u010dek a n\u00e1sledn\u011b embry\u00ed. Uplatn\u011bn\u00ed najde nap\u0159\u00edklad\u00a0\u00a0\u00a0\u00a0\u00a0 u \u017een s\u202fn\u00edzkou ovari\u00e1ln\u00ed rezervou, p\u0159ed zapo\u010det\u00edm onkologick\u00e9 \u010di biologick\u00e9 l\u00e9\u010dby nebo t\u0159eba p\u0159i nutnosti odlo\u017een\u00ed doby t\u011bhotn\u011bn\u00ed na pozd\u011bj\u0161\u00ed v\u011bk.\u202f\u00a0 \u00a0 Program Dual stimulace zahrnuje: \u00a0 p\u0159\u00edpravu a konzultaci pl\u00e1nu [&hellip;]","og_url":"https:\/\/fertilityport.com\/cs\/dual-stimulace\/","og_site_name":"FertilityPort Prague","article_modified_time":"2022-05-26T09:26:17+00:00","twitter_card":"summary_large_image","twitter_misc":{"Odhadovan\u00e1 doba \u010dten\u00ed":"1 minuta"},"schema":{"@context":"https:\/\/schema.org","@graph":[{"@type":"WebPage","@id":"https:\/\/fertilityport.com\/cs\/dual-stimulace\/","url":"https:\/\/fertilityport.com\/cs\/dual-stimulace\/","name":"Dual stimulace - FertilityPort Prague","isPartOf":{"@id":"https:\/\/fertilityport.com\/#website"},"datePublished":"2022-05-05T09:06:33+00:00","dateModified":"2022-05-26T09:26:17+00:00","breadcrumb":{"@id":"https:\/\/fertilityport.com\/cs\/dual-stimulace\/#breadcrumb"},"inLanguage":"cs","potentialAction":[{"@type":"ReadAction","target":["https:\/\/fertilityport.com\/cs\/dual-stimulace\/"]}]},{"@type":"BreadcrumbList","@id":"https:\/\/fertilityport.com\/cs\/dual-stimulace\/#breadcrumb","itemListElement":[{"@type":"ListItem","position":1,"name":"Home","item":"https:\/\/fertilityport.com\/"},{"@type":"ListItem","position":2,"name":"Dual stimulace"}]},{"@type":"WebSite","@id":"https:\/\/fertilityport.com\/#website","url":"https:\/\/fertilityport.com\/","name":"FertilityPort Prague","description":"","potentialAction":[{"@type":"SearchAction","target":{"@type":"EntryPoint","urlTemplate":"https:\/\/fertilityport.com\/?s={search_term_string}"},"query-input":{"@type":"PropertyValueSpecification","valueRequired":true,"valueName":"search_term_string"}}],"inLanguage":"cs"}]}},"_links":{"self":[{"href":"https:\/\/fertilityport.com\/cs\/wp-json\/wp\/v2\/pages\/5626","targetHints":{"allow":["GET"]}}],"collection":[{"href":"https:\/\/fertilityport.com\/cs\/wp-json\/wp\/v2\/pages"}],"about":[{"href":"https:\/\/fertilityport.com\/cs\/wp-json\/wp\/v2\/types\/page"}],"author":[{"embeddable":true,"href":"https:\/\/fertilityport.com\/cs\/wp-json\/wp\/v2\/users\/9"}],"replies":[{"embeddable":true,"href":"https:\/\/fertilityport.com\/cs\/wp-json\/wp\/v2\/comments?post=5626"}],"version-history":[{"count":6,"href":"https:\/\/fertilityport.com\/cs\/wp-json\/wp\/v2\/pages\/5626\/revisions"}],"predecessor-version":[{"id":5771,"href":"https:\/\/fertilityport.com\/cs\/wp-json\/wp\/v2\/pages\/5626\/revisions\/5771"}],"wp:attachment":[{"href":"https:\/\/fertilityport.com\/cs\/wp-json\/wp\/v2\/media?parent=5626"}],"curies":[{"name":"wp","href":"https:\/\/api.w.org\/{rel}","templated":true}]}}