{"id":5753,"date":"2022-05-25T18:00:40","date_gmt":"2022-05-25T16:00:40","guid":{"rendered":"https:\/\/fertilityport.com\/?page_id=5753"},"modified":"2022-05-25T18:00:40","modified_gmt":"2022-05-25T16:00:40","slug":"embrya-s-garanci","status":"publish","type":"page","link":"https:\/\/fertilityport.com\/cs\/embrya-s-garanci\/","title":{"rendered":"Embrya s garanc\u00ed"},"content":{"rendered":"<p><span data-contrast=\"auto\">Bal\u00ed\u010dek IVF s postupn\u00fdm\u202fvyu\u017eit\u00edm embry\u00ed, kter\u00e1 vznikla z\u202fdarovan\u00fdch vaj\u00ed\u010dek v\u00e1mi odsouhlasen\u00e9 d\u00e1rkyn\u011b v\u202fprogramu Grateful Life nebo Grateful Life+ a pou\u017eit\u00edm v\u00e1mi odsouhlasen\u00e9ho d\u00e1rce spermi\u00ed.<\/span><span data-ccp-props=\"{&quot;201341983&quot;:0,&quot;335559685&quot;:720,&quot;335559739&quot;:160,&quot;335559740&quot;:259}\">\u00a0<\/span><\/p>\n<p><span data-contrast=\"auto\">Pokud mus\u00edte ze zdravotn\u00edch d\u016fvod\u016f k l\u00e9\u010db\u011b neplodnosti pou\u017e\u00edt darovan\u00e9ho embrya, jsou optim\u00e1ln\u00ed cestou tyto bal\u00ed\u010dky (Grateful Life nebo Grateful Life+ s\u202fpou\u017eit\u00edm spermi\u00ed d\u00e1rce). Poskytnutou garanc\u00ed minim\u00e1ln\u011b 2 nebo 3 embry\u00ed (dle zvolen\u00e9ho bal\u00ed\u010dku) zaru\u010dujeme tak\u00e9 dan\u00fd po\u010det transfer\u016f a v\u011bt\u0161\u00ed \u0161anci na ot\u011bhotn\u011bn\u00ed. Garance z\u00e1rove\u0148 p\u0159edstavuje minim\u00e1ln\u00ed po\u010det embry\u00ed, nikoliv maxim\u00e1ln\u00ed \u2013 tedy v\u0161echna vytvo\u0159en\u00e1 embrya ve st\u00e1diu blastocysty jsou jen a jen va\u0161e.<\/span><span data-ccp-props=\"{&quot;201341983&quot;:0,&quot;335559685&quot;:720,&quot;335559739&quot;:160,&quot;335559740&quot;:259}\">\u00a0<\/span><\/p>\n<p><span data-contrast=\"auto\">Terapie zahrnuje v\u0161e popsan\u00e9 u vybran\u00e9ho bal\u00ed\u010dku <a href=\"https:\/\/fertilityport.com\/cs\/gratefullife\/\">Grateful Life<\/a> nebo <a href=\"https:\/\/fertilityport.com\/cs\/grateful-life-plus\/\">Grateful Life+<\/a>.<\/span><span data-ccp-props=\"{&quot;201341983&quot;:0,&quot;335559685&quot;:720,&quot;335559739&quot;:160,&quot;335559740&quot;:259}\">\u00a0<\/span><\/p>\n<p>&nbsp;<\/p>\n","protected":false},"excerpt":{"rendered":"<p>Bal\u00ed\u010dek IVF s postupn\u00fdm\u202fvyu\u017eit\u00edm embry\u00ed, kter\u00e1 vznikla z\u202fdarovan\u00fdch vaj\u00ed\u010dek v\u00e1mi odsouhlasen\u00e9 d\u00e1rkyn\u011b v\u202fprogramu Grateful Life nebo Grateful Life+ a pou\u017eit\u00edm v\u00e1mi odsouhlasen\u00e9ho d\u00e1rce spermi\u00ed.\u00a0 Pokud mus\u00edte ze zdravotn\u00edch d\u016fvod\u016f k l\u00e9\u010db\u011b neplodnosti pou\u017e\u00edt darovan\u00e9ho embrya, jsou optim\u00e1ln\u00ed cestou tyto bal\u00ed\u010dky (Grateful Life nebo Grateful Life+ s\u202fpou\u017eit\u00edm spermi\u00ed d\u00e1rce). Poskytnutou garanc\u00ed minim\u00e1ln\u011b 2 nebo 3 embry\u00ed [&hellip;]<\/p>\n","protected":false},"author":9,"featured_media":0,"parent":0,"menu_order":0,"comment_status":"closed","ping_status":"closed","template":"","meta":{"_acf_changed":false,"_et_pb_use_builder":"","_et_pb_old_content":"","_et_gb_content_width":"","footnotes":""},"class_list":["post-5753","page","type-page","status-publish","hentry"],"acf":[],"yoast_head":"<!-- This site is optimized with the Yoast SEO plugin v27.3 - https:\/\/yoast.com\/product\/yoast-seo-wordpress\/ -->\n<title>Embrya s garanc\u00ed - FertilityPort Prague<\/title>\n<meta name=\"robots\" content=\"index, follow, max-snippet:-1, max-image-preview:large, max-video-preview:-1\" \/>\n<link rel=\"canonical\" href=\"https:\/\/fertilityport.com\/cs\/embrya-s-garanci\/\" \/>\n<meta property=\"og:locale\" content=\"cs_CZ\" \/>\n<meta property=\"og:type\" content=\"article\" \/>\n<meta property=\"og:title\" content=\"Embrya s garanc\u00ed - FertilityPort Prague\" \/>\n<meta property=\"og:description\" content=\"Bal\u00ed\u010dek IVF s postupn\u00fdm\u202fvyu\u017eit\u00edm embry\u00ed, kter\u00e1 vznikla z\u202fdarovan\u00fdch vaj\u00ed\u010dek v\u00e1mi odsouhlasen\u00e9 d\u00e1rkyn\u011b v\u202fprogramu Grateful Life nebo Grateful Life+ a pou\u017eit\u00edm v\u00e1mi odsouhlasen\u00e9ho d\u00e1rce spermi\u00ed.\u00a0 Pokud mus\u00edte ze zdravotn\u00edch d\u016fvod\u016f k l\u00e9\u010db\u011b neplodnosti pou\u017e\u00edt darovan\u00e9ho embrya, jsou optim\u00e1ln\u00ed cestou tyto bal\u00ed\u010dky (Grateful Life nebo Grateful Life+ s\u202fpou\u017eit\u00edm spermi\u00ed d\u00e1rce). Poskytnutou garanc\u00ed minim\u00e1ln\u011b 2 nebo 3 embry\u00ed [&hellip;]\" \/>\n<meta property=\"og:url\" content=\"https:\/\/fertilityport.com\/cs\/embrya-s-garanci\/\" \/>\n<meta property=\"og:site_name\" content=\"FertilityPort Prague\" \/>\n<meta name=\"twitter:card\" content=\"summary_large_image\" \/>\n<meta name=\"twitter:label1\" content=\"Odhadovan\u00e1 doba \u010dten\u00ed\" \/>\n\t<meta name=\"twitter:data1\" content=\"1 minuta\" \/>\n<script type=\"application\/ld+json\" class=\"yoast-schema-graph\">{\"@context\":\"https:\\\/\\\/schema.org\",\"@graph\":[{\"@type\":\"WebPage\",\"@id\":\"https:\\\/\\\/fertilityport.com\\\/cs\\\/embrya-s-garanci\\\/\",\"url\":\"https:\\\/\\\/fertilityport.com\\\/cs\\\/embrya-s-garanci\\\/\",\"name\":\"Embrya s garanc\u00ed - FertilityPort Prague\",\"isPartOf\":{\"@id\":\"https:\\\/\\\/fertilityport.com\\\/#website\"},\"datePublished\":\"2022-05-25T16:00:40+00:00\",\"breadcrumb\":{\"@id\":\"https:\\\/\\\/fertilityport.com\\\/cs\\\/embrya-s-garanci\\\/#breadcrumb\"},\"inLanguage\":\"cs\",\"potentialAction\":[{\"@type\":\"ReadAction\",\"target\":[\"https:\\\/\\\/fertilityport.com\\\/cs\\\/embrya-s-garanci\\\/\"]}]},{\"@type\":\"BreadcrumbList\",\"@id\":\"https:\\\/\\\/fertilityport.com\\\/cs\\\/embrya-s-garanci\\\/#breadcrumb\",\"itemListElement\":[{\"@type\":\"ListItem\",\"position\":1,\"name\":\"Home\",\"item\":\"https:\\\/\\\/fertilityport.com\\\/\"},{\"@type\":\"ListItem\",\"position\":2,\"name\":\"Embrya s garanc\u00ed\"}]},{\"@type\":\"WebSite\",\"@id\":\"https:\\\/\\\/fertilityport.com\\\/#website\",\"url\":\"https:\\\/\\\/fertilityport.com\\\/\",\"name\":\"FertilityPort Prague\",\"description\":\"\",\"potentialAction\":[{\"@type\":\"SearchAction\",\"target\":{\"@type\":\"EntryPoint\",\"urlTemplate\":\"https:\\\/\\\/fertilityport.com\\\/?s={search_term_string}\"},\"query-input\":{\"@type\":\"PropertyValueSpecification\",\"valueRequired\":true,\"valueName\":\"search_term_string\"}}],\"inLanguage\":\"cs\"}]}<\/script>\n<!-- \/ Yoast SEO plugin. -->","yoast_head_json":{"title":"Embrya s garanc\u00ed - FertilityPort Prague","robots":{"index":"index","follow":"follow","max-snippet":"max-snippet:-1","max-image-preview":"max-image-preview:large","max-video-preview":"max-video-preview:-1"},"canonical":"https:\/\/fertilityport.com\/cs\/embrya-s-garanci\/","og_locale":"cs_CZ","og_type":"article","og_title":"Embrya s garanc\u00ed - FertilityPort Prague","og_description":"Bal\u00ed\u010dek IVF s postupn\u00fdm\u202fvyu\u017eit\u00edm embry\u00ed, kter\u00e1 vznikla z\u202fdarovan\u00fdch vaj\u00ed\u010dek v\u00e1mi odsouhlasen\u00e9 d\u00e1rkyn\u011b v\u202fprogramu Grateful Life nebo Grateful Life+ a pou\u017eit\u00edm v\u00e1mi odsouhlasen\u00e9ho d\u00e1rce spermi\u00ed.\u00a0 Pokud mus\u00edte ze zdravotn\u00edch d\u016fvod\u016f k l\u00e9\u010db\u011b neplodnosti pou\u017e\u00edt darovan\u00e9ho embrya, jsou optim\u00e1ln\u00ed cestou tyto bal\u00ed\u010dky (Grateful Life nebo Grateful Life+ s\u202fpou\u017eit\u00edm spermi\u00ed d\u00e1rce). Poskytnutou garanc\u00ed minim\u00e1ln\u011b 2 nebo 3 embry\u00ed [&hellip;]","og_url":"https:\/\/fertilityport.com\/cs\/embrya-s-garanci\/","og_site_name":"FertilityPort Prague","twitter_card":"summary_large_image","twitter_misc":{"Odhadovan\u00e1 doba \u010dten\u00ed":"1 minuta"},"schema":{"@context":"https:\/\/schema.org","@graph":[{"@type":"WebPage","@id":"https:\/\/fertilityport.com\/cs\/embrya-s-garanci\/","url":"https:\/\/fertilityport.com\/cs\/embrya-s-garanci\/","name":"Embrya s garanc\u00ed - FertilityPort Prague","isPartOf":{"@id":"https:\/\/fertilityport.com\/#website"},"datePublished":"2022-05-25T16:00:40+00:00","breadcrumb":{"@id":"https:\/\/fertilityport.com\/cs\/embrya-s-garanci\/#breadcrumb"},"inLanguage":"cs","potentialAction":[{"@type":"ReadAction","target":["https:\/\/fertilityport.com\/cs\/embrya-s-garanci\/"]}]},{"@type":"BreadcrumbList","@id":"https:\/\/fertilityport.com\/cs\/embrya-s-garanci\/#breadcrumb","itemListElement":[{"@type":"ListItem","position":1,"name":"Home","item":"https:\/\/fertilityport.com\/"},{"@type":"ListItem","position":2,"name":"Embrya s garanc\u00ed"}]},{"@type":"WebSite","@id":"https:\/\/fertilityport.com\/#website","url":"https:\/\/fertilityport.com\/","name":"FertilityPort Prague","description":"","potentialAction":[{"@type":"SearchAction","target":{"@type":"EntryPoint","urlTemplate":"https:\/\/fertilityport.com\/?s={search_term_string}"},"query-input":{"@type":"PropertyValueSpecification","valueRequired":true,"valueName":"search_term_string"}}],"inLanguage":"cs"}]}},"_links":{"self":[{"href":"https:\/\/fertilityport.com\/cs\/wp-json\/wp\/v2\/pages\/5753","targetHints":{"allow":["GET"]}}],"collection":[{"href":"https:\/\/fertilityport.com\/cs\/wp-json\/wp\/v2\/pages"}],"about":[{"href":"https:\/\/fertilityport.com\/cs\/wp-json\/wp\/v2\/types\/page"}],"author":[{"embeddable":true,"href":"https:\/\/fertilityport.com\/cs\/wp-json\/wp\/v2\/users\/9"}],"replies":[{"embeddable":true,"href":"https:\/\/fertilityport.com\/cs\/wp-json\/wp\/v2\/comments?post=5753"}],"version-history":[{"count":2,"href":"https:\/\/fertilityport.com\/cs\/wp-json\/wp\/v2\/pages\/5753\/revisions"}],"predecessor-version":[{"id":5770,"href":"https:\/\/fertilityport.com\/cs\/wp-json\/wp\/v2\/pages\/5753\/revisions\/5770"}],"wp:attachment":[{"href":"https:\/\/fertilityport.com\/cs\/wp-json\/wp\/v2\/media?parent=5753"}],"curies":[{"name":"wp","href":"https:\/\/api.w.org\/{rel}","templated":true}]}}