{"id":786,"date":"2020-03-13T18:13:31","date_gmt":"2020-03-13T17:13:31","guid":{"rendered":"https:\/\/fertilityport.vesmirnekure.cz\/?page_id=786"},"modified":"2022-04-14T11:04:02","modified_gmt":"2022-04-14T09:04:02","slug":"o-nas","status":"publish","type":"page","link":"https:\/\/fertilityport.com\/cs\/o-nas\/","title":{"rendered":"O n\u00e1s"},"content":{"rendered":"<p>[et_pb_section fb_built=&#8220;1&#8243; module_class=&#8220;welcome&#8211;page&#8220; _builder_version=&#8220;4.4.1&#8243; background_image=&#8220;https:\/\/fertilityport.com\/wp-content\/uploads\/2020\/03\/aboutus_head.jpg&#8220; global_colors_info=&#8220;{}&#8220;][et_pb_row column_structure=&#8220;2_3,1_3&#8243; _builder_version=&#8220;4.4.0&#8243; global_colors_info=&#8220;{}&#8220;][et_pb_column type=&#8220;2_3&#8243; _builder_version=&#8220;4.4.0&#8243; global_colors_info=&#8220;{}&#8220;][et_pb_text module_class=&#8220;c_blurb&#8220; _builder_version=&#8220;4.4.0&#8243; global_colors_info=&#8220;{}&#8220;]<\/p>\n<h1>O n\u00e1s<\/h1>\n<p>Centrum FertilityPort Prague bylo zalo\u017eeno<br \/>na z\u00e1klad\u011b spojen\u00ed \u0161pi\u010dkov\u00fdch specialist\u016f z oboru<br \/>asistovan\u00e9 reprodukce v jeden skv\u011ble funguj\u00edc\u00ed t\u00fdm odborn\u00edk\u016f.<\/p>\n<p>[\/et_pb_text][\/et_pb_column][et_pb_column type=&#8220;1_3&#8243; _builder_version=&#8220;4.4.0&#8243; global_colors_info=&#8220;{}&#8220;][\/et_pb_column][\/et_pb_row][\/et_pb_section][et_pb_section fb_built=&#8220;1&#8243; _builder_version=&#8220;4.4.0&#8243; global_colors_info=&#8220;{}&#8220;][et_pb_row column_structure=&#8220;2_5,3_5&#8243; _builder_version=&#8220;4.4.0&#8243; global_colors_info=&#8220;{}&#8220;][et_pb_column type=&#8220;2_5&#8243; _builder_version=&#8220;4.4.0&#8243; global_colors_info=&#8220;{}&#8220;][et_pb_image src=&#8220;https:\/\/fertilityport.com\/wp-content\/uploads\/2021\/09\/DSC08474-scaled.jpg&#8220; title_text=&#8220;DSC08474&#8243; _builder_version=&#8220;4.9.10&#8243; global_colors_info=&#8220;{}&#8220;][\/et_pb_image][\/et_pb_column][et_pb_column type=&#8220;3_5&#8243; _builder_version=&#8220;4.4.0&#8243; global_colors_info=&#8220;{}&#8220;][et_pb_text _builder_version=&#8220;4.4.0&#8243; global_colors_info=&#8220;{}&#8220;]<\/p>\n<p>S\u00a0<span>maxim\u00e1ln\u00edm nasazen\u00edm v\u0161ech \u010dlen\u016f na\u0161eho t\u00fdmu se zam\u011b\u0159ujeme na individu\u00e1ln\u00ed \u0159e\u0161en\u00ed va\u0161eho probl\u00e9mu a to citliv\u00fdm a p\u0159\u00e1telsk\u00fdm zp\u016fsobem, aby byl tak minimalizov\u00e1n stres, kter\u00fd m\u016f\u017ee l\u00e9\u010dbu \u010dasto prov\u00e1zet. Hlavn\u00ed my\u0161lenkou k zalo\u017een\u00ed centra bylo vytvo\u0159it p\u0159\u00edjemn\u00e9 pracovi\u0161t\u011b rodinn\u00e9ho charakteru, kde bude ke ka\u017ed\u00e9mu p\u00e1ru p\u0159istupov\u00e1no s p\u00e9\u010d\u00ed, trp\u011blivost\u00ed, empati\u00ed a maxim\u00e1ln\u00edm porozum\u011bn\u00edm. Na\u0161\u00edm p\u0159\u00e1n\u00edm je z\u00edskat si va\u0161i d\u016fv\u011bru a d\u00edky v\u0161em dostupn\u00fdm metod\u00e1m a zku\u0161enostem \u010dlen\u016f cel\u00e9ho t\u00fdmu doc\u00edlit napln\u011bn\u00ed va\u0161eho snu. Spokojenost na\u0161ich klient\u016f je pro n\u00e1s odm\u011bnou a d\u016fkazem, \u017ee to, co d\u011bl\u00e1me, m\u00e1 opravdu smysl.<\/span><\/p>\n<p>[\/et_pb_text][et_pb_code module_class=&#8220;btn-group&#8220; _builder_version=&#8220;4.4.0&#8243; global_colors_info=&#8220;{}&#8220;]<a class=\"btn btn--primary\" href=\"https:\/\/fertilityport.com\/cs\/nasi-lekari\/\">Dokto\u0159i<\/a> <a class=\"btn btn--primary\" href=\"https:\/\/fertilityport.com\/cs\/embryologove\/\">Embryologov\u00e9<\/a> <a class=\"btn btn--primary\" href=\"https:\/\/fertilityport.com\/cs\/sestry\/\">Sestry<\/a> <a class=\"btn btn--primary\" href=\"https:\/\/fertilityport.com\/cs\/koordinatorky\/\">Koordin\u00e1torky<\/a>[\/et_pb_code][\/et_pb_column][\/et_pb_row][\/et_pb_section][et_pb_section fb_built=&#8220;1&#8243; _builder_version=&#8220;4.4.0&#8243; background_color=&#8220;#d4a4a9&#8243; global_colors_info=&#8220;{}&#8220;][et_pb_row column_structure=&#8220;3_5,2_5&#8243; _builder_version=&#8220;4.4.0&#8243; global_colors_info=&#8220;{}&#8220;][et_pb_column type=&#8220;3_5&#8243; _builder_version=&#8220;4.4.0&#8243; global_colors_info=&#8220;{}&#8220;][et_pb_text _builder_version=&#8220;4.4.0&#8243; background_layout=&#8220;dark&#8220; global_colors_info=&#8220;{}&#8220;]<\/p>\n<ul>\n<li>Modern\u00ed centrum s p\u0159\u00edjemnou rodinnou atmosf\u00e9rou<\/li>\n<li>V\u00fdb\u011br nejmodern\u011bj\u0161\u00edho vybaven\u00ed centra a nab\u00eddka metod zvolen\u00fdch na z\u00e1klad\u011b letit\u00fdch zku\u0161enost\u00ed na\u0161ich l\u00e9ka\u0159\u016f a odborn\u00e9ho person\u00e1lu v IVF centrech v \u010cesk\u00e9 republice i v zahrani\u010d\u00ed<\/li>\n<li>Individu\u00e1ln\u00ed empatick\u00fd p\u0159\u00edstup, p\u00e9\u010de a v\u00fdb\u011br terapie zac\u00edlen\u00fd na pozitivn\u00ed v\u00fdsledek<\/li>\n<li>Spojen\u00ed n\u011bkolika specialist\u016f v jeden \u0161pi\u010dkov\u011b funguj\u00edc\u00ed t\u00fdm<\/li>\n<li>Nulov\u00e1 \u010dekac\u00ed lh\u016fta v terapi\u00edch s darovan\u00fdmi vaj\u00ed\u010dky\/spermiemi<\/li>\n<li>Pe\u010dliv\u011b veden\u00e1 a st\u00e1le se roz\u0161i\u0159uj\u00edc\u00ed datab\u00e1ze d\u00e1rky\u0148\/d\u00e1rc\u016f<\/li>\n<li>Vysok\u00e1 \u00fasp\u011b\u0161nost<\/li>\n<li>Zku\u0161enosti i s komplikovan\u00fdmi p\u0159\u00edpady<\/li>\n<li>P\u0159\u00edmo v centru Prahy, av\u0161ak v\u00a0klidn\u00e9m prost\u0159ed\u00ed v\u00a0bl\u00edzkosti \u0159eky,\u00a0 s\u00a0mo\u017enost\u00ed parkov\u00e1n\u00ed a posezen\u00ed v\u00a0 kav\u00e1rn\u011b v\u00a0budov\u011b kliniky<\/li>\n<\/ul>\n<p>[\/et_pb_text][\/et_pb_column][et_pb_column type=&#8220;2_5&#8243; _builder_version=&#8220;4.4.0&#8243; global_colors_info=&#8220;{}&#8220;][et_pb_video src=&#8220;https:\/\/www.youtube.com\/watch?v=mqtOkoPd9bQ&#8220; _builder_version=&#8220;4.4.1&#8243; global_colors_info=&#8220;{}&#8220;][\/et_pb_video][\/et_pb_column][\/et_pb_row][\/et_pb_section]<\/p>\n","protected":false},"excerpt":{"rendered":"<p>O n\u00e1s Centrum FertilityPort Prague bylo zalo\u017eenona z\u00e1klad\u011b spojen\u00ed \u0161pi\u010dkov\u00fdch specialist\u016f z oboruasistovan\u00e9 reprodukce v jeden skv\u011ble funguj\u00edc\u00ed t\u00fdm odborn\u00edk\u016f.S\u00a0maxim\u00e1ln\u00edm nasazen\u00edm v\u0161ech \u010dlen\u016f na\u0161eho t\u00fdmu se zam\u011b\u0159ujeme na individu\u00e1ln\u00ed \u0159e\u0161en\u00ed va\u0161eho probl\u00e9mu a to citliv\u00fdm a p\u0159\u00e1telsk\u00fdm zp\u016fsobem, aby byl tak minimalizov\u00e1n stres, kter\u00fd m\u016f\u017ee l\u00e9\u010dbu \u010dasto prov\u00e1zet. Hlavn\u00ed my\u0161lenkou k zalo\u017een\u00ed centra bylo vytvo\u0159it [&hellip;]<\/p>\n","protected":false},"author":1,"featured_media":0,"parent":0,"menu_order":0,"comment_status":"closed","ping_status":"closed","template":"","meta":{"_acf_changed":false,"_et_pb_use_builder":"on","_et_pb_old_content":"","_et_gb_content_width":"","footnotes":""},"class_list":["post-786","page","type-page","status-publish","hentry"],"acf":[],"yoast_head":"<!-- This site is optimized with the Yoast SEO plugin v27.4 - https:\/\/yoast.com\/product\/yoast-seo-wordpress\/ -->\n<title>O na\u0161em t\u00fdmu | FertilityPort Prague - tady za\u010d\u00edn\u00e1 \u017eivot<\/title>\n<meta name=\"description\" content=\"S\u00a0maxim\u00e1ln\u00edm nasazen\u00edm v\u0161ech \u010dlen\u016f t\u00fdmu se zam\u011b\u0159ujeme na individu\u00e1ln\u00ed \u0159e\u0161en\u00ed va\u0161eho probl\u00e9mu, aby byl tak minimalizov\u00e1n stres, kter\u00fd m\u016f\u017ee l\u00e9\u010dbu prov\u00e1zet.\" \/>\n<meta name=\"robots\" content=\"index, follow, max-snippet:-1, max-image-preview:large, max-video-preview:-1\" \/>\n<link rel=\"canonical\" href=\"https:\/\/fertilityport.com\/about-us\/\" \/>\n<meta property=\"og:locale\" content=\"cs_CZ\" \/>\n<meta property=\"og:type\" content=\"article\" \/>\n<meta property=\"og:title\" content=\"O na\u0161em t\u00fdmu | FertilityPort Prague - tady za\u010d\u00edn\u00e1 \u017eivot\" \/>\n<meta property=\"og:description\" content=\"S\u00a0maxim\u00e1ln\u00edm nasazen\u00edm v\u0161ech \u010dlen\u016f t\u00fdmu se zam\u011b\u0159ujeme na individu\u00e1ln\u00ed \u0159e\u0161en\u00ed va\u0161eho probl\u00e9mu, aby byl tak minimalizov\u00e1n stres, kter\u00fd m\u016f\u017ee l\u00e9\u010dbu prov\u00e1zet.\" \/>\n<meta property=\"og:url\" content=\"https:\/\/fertilityport.com\/about-us\/\" \/>\n<meta property=\"og:site_name\" content=\"FertilityPort Prague\" \/>\n<meta property=\"article:modified_time\" content=\"2022-04-14T09:04:02+00:00\" \/>\n<meta name=\"twitter:card\" content=\"summary_large_image\" \/>\n<meta name=\"twitter:label1\" content=\"Odhadovan\u00e1 doba \u010dten\u00ed\" \/>\n\t<meta name=\"twitter:data1\" content=\"3 minuty\" \/>\n<script type=\"application\/ld+json\" class=\"yoast-schema-graph\">{\"@context\":\"https:\\\/\\\/schema.org\",\"@graph\":[{\"@type\":\"WebPage\",\"@id\":\"https:\\\/\\\/fertilityport.com\\\/about-us\\\/\",\"url\":\"https:\\\/\\\/fertilityport.com\\\/about-us\\\/\",\"name\":\"O na\u0161em t\u00fdmu | FertilityPort Prague - tady za\u010d\u00edn\u00e1 \u017eivot\",\"isPartOf\":{\"@id\":\"https:\\\/\\\/fertilityport.com\\\/#website\"},\"datePublished\":\"2020-03-13T17:13:31+00:00\",\"dateModified\":\"2022-04-14T09:04:02+00:00\",\"description\":\"S\u00a0maxim\u00e1ln\u00edm nasazen\u00edm v\u0161ech \u010dlen\u016f t\u00fdmu se zam\u011b\u0159ujeme na individu\u00e1ln\u00ed \u0159e\u0161en\u00ed va\u0161eho probl\u00e9mu, aby byl tak minimalizov\u00e1n stres, kter\u00fd m\u016f\u017ee l\u00e9\u010dbu prov\u00e1zet.\",\"breadcrumb\":{\"@id\":\"https:\\\/\\\/fertilityport.com\\\/about-us\\\/#breadcrumb\"},\"inLanguage\":\"cs\",\"potentialAction\":[{\"@type\":\"ReadAction\",\"target\":[\"https:\\\/\\\/fertilityport.com\\\/about-us\\\/\"]}]},{\"@type\":\"BreadcrumbList\",\"@id\":\"https:\\\/\\\/fertilityport.com\\\/about-us\\\/#breadcrumb\",\"itemListElement\":[{\"@type\":\"ListItem\",\"position\":1,\"name\":\"Home\",\"item\":\"https:\\\/\\\/fertilityport.com\\\/\"},{\"@type\":\"ListItem\",\"position\":2,\"name\":\"O n\u00e1s\"}]},{\"@type\":\"WebSite\",\"@id\":\"https:\\\/\\\/fertilityport.com\\\/#website\",\"url\":\"https:\\\/\\\/fertilityport.com\\\/\",\"name\":\"FertilityPort Prague\",\"description\":\"\",\"potentialAction\":[{\"@type\":\"SearchAction\",\"target\":{\"@type\":\"EntryPoint\",\"urlTemplate\":\"https:\\\/\\\/fertilityport.com\\\/?s={search_term_string}\"},\"query-input\":{\"@type\":\"PropertyValueSpecification\",\"valueRequired\":true,\"valueName\":\"search_term_string\"}}],\"inLanguage\":\"cs\"}]}<\/script>\n<!-- \/ Yoast SEO plugin. -->","yoast_head_json":{"title":"O na\u0161em t\u00fdmu | FertilityPort Prague - tady za\u010d\u00edn\u00e1 \u017eivot","description":"S\u00a0maxim\u00e1ln\u00edm nasazen\u00edm v\u0161ech \u010dlen\u016f t\u00fdmu se zam\u011b\u0159ujeme na individu\u00e1ln\u00ed \u0159e\u0161en\u00ed va\u0161eho probl\u00e9mu, aby byl tak minimalizov\u00e1n stres, kter\u00fd m\u016f\u017ee l\u00e9\u010dbu prov\u00e1zet.","robots":{"index":"index","follow":"follow","max-snippet":"max-snippet:-1","max-image-preview":"max-image-preview:large","max-video-preview":"max-video-preview:-1"},"canonical":"https:\/\/fertilityport.com\/about-us\/","og_locale":"cs_CZ","og_type":"article","og_title":"O na\u0161em t\u00fdmu | FertilityPort Prague - tady za\u010d\u00edn\u00e1 \u017eivot","og_description":"S\u00a0maxim\u00e1ln\u00edm nasazen\u00edm v\u0161ech \u010dlen\u016f t\u00fdmu se zam\u011b\u0159ujeme na individu\u00e1ln\u00ed \u0159e\u0161en\u00ed va\u0161eho probl\u00e9mu, aby byl tak minimalizov\u00e1n stres, kter\u00fd m\u016f\u017ee l\u00e9\u010dbu prov\u00e1zet.","og_url":"https:\/\/fertilityport.com\/about-us\/","og_site_name":"FertilityPort Prague","article_modified_time":"2022-04-14T09:04:02+00:00","twitter_card":"summary_large_image","twitter_misc":{"Odhadovan\u00e1 doba \u010dten\u00ed":"3 minuty"},"schema":{"@context":"https:\/\/schema.org","@graph":[{"@type":"WebPage","@id":"https:\/\/fertilityport.com\/about-us\/","url":"https:\/\/fertilityport.com\/about-us\/","name":"O na\u0161em t\u00fdmu | FertilityPort Prague - tady za\u010d\u00edn\u00e1 \u017eivot","isPartOf":{"@id":"https:\/\/fertilityport.com\/#website"},"datePublished":"2020-03-13T17:13:31+00:00","dateModified":"2022-04-14T09:04:02+00:00","description":"S\u00a0maxim\u00e1ln\u00edm nasazen\u00edm v\u0161ech \u010dlen\u016f t\u00fdmu se zam\u011b\u0159ujeme na individu\u00e1ln\u00ed \u0159e\u0161en\u00ed va\u0161eho probl\u00e9mu, aby byl tak minimalizov\u00e1n stres, kter\u00fd m\u016f\u017ee l\u00e9\u010dbu prov\u00e1zet.","breadcrumb":{"@id":"https:\/\/fertilityport.com\/about-us\/#breadcrumb"},"inLanguage":"cs","potentialAction":[{"@type":"ReadAction","target":["https:\/\/fertilityport.com\/about-us\/"]}]},{"@type":"BreadcrumbList","@id":"https:\/\/fertilityport.com\/about-us\/#breadcrumb","itemListElement":[{"@type":"ListItem","position":1,"name":"Home","item":"https:\/\/fertilityport.com\/"},{"@type":"ListItem","position":2,"name":"O n\u00e1s"}]},{"@type":"WebSite","@id":"https:\/\/fertilityport.com\/#website","url":"https:\/\/fertilityport.com\/","name":"FertilityPort Prague","description":"","potentialAction":[{"@type":"SearchAction","target":{"@type":"EntryPoint","urlTemplate":"https:\/\/fertilityport.com\/?s={search_term_string}"},"query-input":{"@type":"PropertyValueSpecification","valueRequired":true,"valueName":"search_term_string"}}],"inLanguage":"cs"}]}},"_links":{"self":[{"href":"https:\/\/fertilityport.com\/cs\/wp-json\/wp\/v2\/pages\/786","targetHints":{"allow":["GET"]}}],"collection":[{"href":"https:\/\/fertilityport.com\/cs\/wp-json\/wp\/v2\/pages"}],"about":[{"href":"https:\/\/fertilityport.com\/cs\/wp-json\/wp\/v2\/types\/page"}],"author":[{"embeddable":true,"href":"https:\/\/fertilityport.com\/cs\/wp-json\/wp\/v2\/users\/1"}],"replies":[{"embeddable":true,"href":"https:\/\/fertilityport.com\/cs\/wp-json\/wp\/v2\/comments?post=786"}],"version-history":[{"count":11,"href":"https:\/\/fertilityport.com\/cs\/wp-json\/wp\/v2\/pages\/786\/revisions"}],"predecessor-version":[{"id":5588,"href":"https:\/\/fertilityport.com\/cs\/wp-json\/wp\/v2\/pages\/786\/revisions\/5588"}],"wp:attachment":[{"href":"https:\/\/fertilityport.com\/cs\/wp-json\/wp\/v2\/media?parent=786"}],"curies":[{"name":"wp","href":"https:\/\/api.w.org\/{rel}","templated":true}]}}