{"id":795,"date":"2020-03-14T15:20:44","date_gmt":"2020-03-14T14:20:44","guid":{"rendered":"https:\/\/fertilityport.vesmirnekure.cz\/?page_id=795"},"modified":"2025-06-23T16:39:15","modified_gmt":"2025-06-23T14:39:15","slug":"kontakt","status":"publish","type":"page","link":"https:\/\/fertilityport.com\/cs\/kontakt\/","title":{"rendered":"Kontakt"},"content":{"rendered":"<p>[et_pb_section fb_built=&#8220;1&#8243; _builder_version=&#8220;4.16&#8243; background_image=&#8220;https:\/\/fertilityport.com\/wp-content\/uploads\/2020\/03\/kontakt_head_bg.jpg&#8220; global_colors_info=&#8220;{}&#8220;][et_pb_row column_structure=&#8220;2_3,1_3&#8243; _builder_version=&#8220;4.16&#8243; global_colors_info=&#8220;{}&#8220;][et_pb_column type=&#8220;2_3&#8243; _builder_version=&#8220;4.16&#8243; global_colors_info=&#8220;{}&#8220;][et_pb_text module_class=&#8220;c_blurb&#8220; _builder_version=&#8220;4.27.4&#8243; hover_enabled=&#8220;0&#8243; global_colors_info=&#8220;{}&#8220; sticky_enabled=&#8220;0&#8243;]<\/p>\n<h1>Kontakty<\/h1>\n<p>Jsme tu pro V\u00e1s, napi\u0161te n\u00e1m v p\u0159\u00edpad\u011b jak\u00e9hokoliv dotazu nebo se objednejte na nez\u00e1vaznou osobn\u00ed \u010di online konzultaci zdarma.<\/p>\n<p><strong>Jsme smluvn\u00edm zdravotnick\u00fdm za\u0159\u00edzen\u00edm v\u0161ech zdravotn\u00edch poji\u0161\u0165oven:<\/strong><br \/><span style=\"text-decoration: underline;\">gynekologie:<\/span> 111-VZP, 201-VoZP, 205-\u010cPZP, 207-OZP, 209-ZP \u0160koda, 211-ZPMV, 213-RBP<br \/><span style=\"text-decoration: underline;\">reproduk\u010dn\u00ed medic\u00edna:<\/span> 111-VZP, 201-VoZP, 207-OZP, 209-ZP \u0160koda, 211-ZPMV, 213-RBP<\/p>\n<p>[\/et_pb_text][\/et_pb_column][et_pb_column type=&#8220;1_3&#8243; _builder_version=&#8220;4.16&#8243; global_colors_info=&#8220;{}&#8220;][\/et_pb_column][\/et_pb_row][\/et_pb_section][et_pb_section fb_built=&#8220;1&#8243; _builder_version=&#8220;4.16&#8243; background_color=&#8220;#d4a4a9&#8243; global_colors_info=&#8220;{}&#8220;][et_pb_row column_structure=&#8220;1_3,1_3,1_3&#8243; _builder_version=&#8220;4.16&#8243; global_colors_info=&#8220;{}&#8220;][et_pb_column type=&#8220;1_3&#8243; _builder_version=&#8220;4.16&#8243; global_colors_info=&#8220;{}&#8220;][et_pb_text module_class=&#8220;c_blurb c_blurb&#8211;contact&#8220; _builder_version=&#8220;4.16&#8243; global_colors_info=&#8220;{}&#8220;]<\/p>\n<h2>Kontaktn\u00ed formul\u00e1\u0159<\/h2>\n<p>[\/et_pb_text][et_pb_text _builder_version=&#8220;4.16&#8243; global_colors_info=&#8220;{}&#8220;]<\/p>\n<div class='fluentform ff-default fluentform_wrapper_4 ffs_default_wrap'><form data-form_id=\"4\" id=\"fluentform_4\" class=\"frm-fluent-form fluent_form_4 ff-el-form-top ff_form_instance_4_1 ff-form-loading form_bg ffs_default\" data-form_instance=\"ff_form_instance_4_1\" method=\"POST\" ><fieldset  style=\"border: none!important;margin: 0!important;padding: 0!important;background-color: transparent!important;box-shadow: none!important;outline: none!important; min-inline-size: 100%;\">\n                    <legend class=\"ff_screen_reader_title\" style=\"display: block; margin: 0!important;padding: 0!important;height: 0!important;text-indent: -999999px;width: 0!important;overflow:hidden;\">Contact - CZ<\/legend><input type='hidden' name='__fluent_form_embded_post_id' value='795' \/><input type=\"hidden\" id=\"_fluentform_4_fluentformnonce\" name=\"_fluentform_4_fluentformnonce\" value=\"d43a302844\" \/><input type=\"hidden\" name=\"_wp_http_referer\" value=\"\/cs\/wp-json\/wp\/v2\/pages\/795\" \/><div class='ff-el-group'><div class=\"ff-el-input--label ff-el-is-required asterisk-right\"><label for='ff_4_input_text' id='label_ff_4_input_text' aria-label=\"Jm\u00e9no\">Jm\u00e9no<\/label><\/div><div class='ff-el-input--content'><input type=\"text\" name=\"input_text\" class=\"ff-el-form-control\" placeholder=\"Vlo\u017ete jm\u00e9no\" data-name=\"input_text\" id=\"ff_4_input_text\"  aria-invalid=\"false\" aria-required=true><\/div><\/div><div class='ff-el-group'><div class=\"ff-el-input--label ff-el-is-required asterisk-right\"><label for='ff_4_email' id='label_ff_4_email' aria-label=\"Email\">Email<\/label><\/div><div class='ff-el-input--content'><input type=\"email\" name=\"email\" id=\"ff_4_email\" class=\"ff-el-form-control\" placeholder=\"Vlo\u017ete email\" data-name=\"email\"  aria-invalid=\"false\" aria-required=true><\/div><\/div><div class='ff-el-group'><div class=\"ff-el-input--label ff-el-is-required asterisk-right\"><label for='ff_4_phone' id='label_ff_4_phone' aria-label=\"Telefon\">Telefon<\/label><\/div><div class='ff-el-input--content'><input name=\"phone\" class=\"ff-el-form-control ff-el-phone ff_el_with_extended_validation\" type=\"tel\" data-name=\"phone\" id=\"ff_4_phone\" inputmode=\"tel\"  aria-invalid='false' aria-required=true><\/div><\/div><div class='ff-el-group'><div class=\"ff-el-input--label ff-el-is-required asterisk-right\"><label for='ff_4_description' id='label_ff_4_description' aria-label=\"Zpr\u00e1va\">Zpr\u00e1va<\/label><\/div><div class='ff-el-input--content'><textarea aria-required=\"true\" aria-labelledby=\"label_ff_4_description\" name=\"description\" id=\"ff_4_description\" class=\"ff-el-form-control\" placeholder=\"Vlo\u017ete zpr\u00e1vu\" rows=\"3\" cols=\"2\" data-name=\"description\" ><\/textarea><\/div><\/div><div class='ff-el-group    ff-el-input--content'><div class='ff-el-form-check ff-el-tc'><label aria-label='Terms and Conditions: Souhlas\u00edm se zpracov\u00e1n\u00edm osobn\u00edch \u00fadaj\u016f Contains 1 link. Use tab navigation to review.' class='ff-el-form-check-label ff_tc_label' for=terms-n-condition_78812aaa9de7d6316618bddc573277a2><span class='ff_tc_checkbox'><input type=\"checkbox\" name=\"terms-n-condition\" class=\"ff-el-form-check-input\" data-name=\"terms-n-condition\" id=\"terms-n-condition_78812aaa9de7d6316618bddc573277a2\"  value='on' aria-invalid='false' aria-required=true><\/span> <div class='ff_t_c'><p>Souhlas\u00edm se <span style=\"text-decoration: underline;color: #ffffff\"><a style=\"text-decoration: underline;color: #ffffff\" href=\"https:\/\/fertilityport.com\/cs\/gdpr\/\" target=\"_blank\" rel=\"noopener\">zpracov\u00e1n\u00edm osobn\u00edch \u00fadaj\u016f<\/a><\/span><\/p><\/div><\/label><\/div><\/div><div class='ff-el-group ff-text-left ff_submit_btn_wrapper'><button type=\"submit\" class=\"ff-btn ff-btn-submit ff-btn-md btn btn--secondary ff_btn_no_style\"  aria-label=\"Odeslat\">Odeslat<\/button><\/div><\/fieldset><\/form><div id='fluentform_4_errors' class='ff-errors-in-stack ff_form_instance_4_1 ff-form-loading_errors ff_form_instance_4_1_errors'><\/div><\/div>            <script type=\"text\/javascript\">\n                window.fluent_form_ff_form_instance_4_1 = {\"id\":\"4\",\"settings\":{\"layout\":{\"labelPlacement\":\"top\",\"helpMessagePlacement\":\"with_label\",\"errorMessagePlacement\":\"inline\",\"asteriskPlacement\":\"asterisk-right\"},\"restrictions\":{\"denyEmptySubmission\":{\"enabled\":false}}},\"form_instance\":\"ff_form_instance_4_1\",\"form_id_selector\":\"fluentform_4\",\"rules\":{\"input_text\":{\"required\":{\"value\":true,\"message\":\"Toto pole je povinn\\u00e9.\",\"global\":false,\"global_message\":\"This field is required\"}},\"email\":{\"required\":{\"value\":true,\"message\":\"Toto pole je povinn\\u00e9.\",\"global\":false,\"global_message\":\"This field is required\"},\"email\":{\"value\":true,\"message\":\"This field must contain a valid email\",\"global\":false,\"global_message\":\"This field must contain a valid email\"}},\"phone\":{\"required\":{\"value\":true,\"message\":\"Toto pole je povinn\\u00e9.\",\"global\":false,\"global_message\":\"This field is required\"},\"valid_phone_number\":{\"value\":true,\"message\":\"Phone number is not valid\",\"global\":false,\"global_message\":\"Phone number is not valid\"}},\"description\":{\"required\":{\"value\":true,\"message\":\"Toto pole je povinn\\u00e9.\",\"global\":false,\"global_message\":\"This field is required\"}},\"terms-n-condition\":{\"required\":{\"value\":true,\"message\":\"Toto pole je povinn\\u00e9.\",\"global\":false,\"global_message\":\"This field is required\"}}},\"debounce_time\":300};\n                            <\/script>\n            \n<p>[\/et_pb_text][\/et_pb_column][et_pb_column type=&#8220;1_3&#8243; _builder_version=&#8220;4.16&#8243; global_colors_info=&#8220;{}&#8220;][et_pb_text module_class=&#8220;c_blurb c_blurb&#8211;contact&#8220; _builder_version=&#8220;4.16&#8243; global_colors_info=&#8220;{}&#8220;]<\/p>\n<h2>Kontaktn\u00ed informace<\/h2>\n<p>[\/et_pb_text][et_pb_text module_class=&#8220;contact_info&#8220; _builder_version=&#8220;4.20.4&#8243; text_text_color=&#8220;#ffffff&#8220; global_colors_info=&#8220;{}&#8220;]<\/p>\n<p><strong>FertilityPort Prague s.r.o.<\/strong><br \/>Smr\u010dkova 2485\/4<br \/>180 00 Praha 8<br \/>budova: DOCK 2<\/p>\n<p>I\u010cO: 02872145<br \/>Bankovn\u00ed spojen\u00ed: <strong>1387946320\/2700<\/strong><\/p>\n<p>Spisov\u00e1 zna\u010dka: C 224731 veden\u00e1 u M\u011bstsk\u00e9ho soudu v Praze<\/p>\n<p><strong>Recepce:<\/strong><br \/>Telefon: <a href=\"tel:+420%20274 771 298\u00a0\">+420 274 771 298\u00a0<\/a><br \/>GSM: <a href=\"tel:+420%20725 513 270\">+420 725 513 270<\/a><br \/>E-mail: <a href=\"mailto:info@fertilityport.com\">info@fertilityport.com<\/a><br \/>Web: <a href=\"https:\/\/fertilityport.com\/cs\/\">www.fertilityport.com<\/a><\/p>\n<p><strong>Ordina\u010dn\u00ed doba:<\/strong><br \/>pond\u011bl\u00ed \u2013 p\u00e1tek 8:00- 16:30<br \/>po telefonick\u00e9 domluv\u011b sobota \u2013 ned\u011ble<\/p>\n<p><strong>Kudy k n\u00e1m:<\/strong><br \/>MHD \u2013 stanice metro B \u2013 Palmovka<br \/>budova DOCK 2- vedle restaurace Kolkovna Dock<\/p>\n<p>[\/et_pb_text][\/et_pb_column][et_pb_column type=&#8220;1_3&#8243; _builder_version=&#8220;4.16&#8243; global_colors_info=&#8220;{}&#8220;][et_pb_text module_class=&#8220;c_blurb c_blurb&#8211;contact&#8220; _builder_version=&#8220;4.16&#8243; global_colors_info=&#8220;{}&#8220;]<\/p>\n<h2>Mapa<\/h2>\n<p>[\/et_pb_text][et_pb_code _builder_version=&#8220;4.16&#8243; global_colors_info=&#8220;{}&#8220;]<iframe loading=\"lazy\" style=\"border: 0;\" tabindex=\"0\" src=\"https:\/\/www.google.com\/maps\/embed?pb=!1m14!1m8!1m3!1d10236.10323315044!2d14.4686653!3d50.1045239!3m2!1i1024!2i768!4f13.1!3m3!1m2!1s0x0%3A0xbdc453b40e0ad8e1!2sFertilityPort%20Prague!5e0!3m2!1scs!2scz!4v1583954201119!5m2!1scs!2scz\" width=\"100%\" height=\"450\" frameborder=\"0\" allowfullscreen=\"allowfullscreen\" aria-hidden=\"false\" data-mce-fragment=\"1\"><\/iframe>[\/et_pb_code][\/et_pb_column][\/et_pb_row][\/et_pb_section]<\/p>\n","protected":false},"excerpt":{"rendered":"<p>Kontakty Jsme tu pro V\u00e1s, napi\u0161te n\u00e1m v p\u0159\u00edpad\u011b jak\u00e9hokoliv dotazu nebo se objednejte na nez\u00e1vaznou osobn\u00ed \u010di online konzultaci zdarma. Jsme smluvn\u00edm zdravotnick\u00fdm za\u0159\u00edzen\u00edm v\u0161ech zdravotn\u00edch poji\u0161\u0165oven:gynekologie: 111-VZP, 201-VoZP, 205-\u010cPZP, 207-OZP, 209-ZP \u0160koda, 211-ZPMV, 213-RBPreproduk\u010dn\u00ed medic\u00edna: 111-VZP, 201-VoZP, 207-OZP, 209-ZP \u0160koda, 211-ZPMV, 213-RBPKontaktn\u00ed formul\u00e1\u0159<div class='fluentform ff-default fluentform_wrapper_4 ffs_default_wrap'><form data-form_id=\"4\" id=\"fluentform_4\" class=\"frm-fluent-form fluent_form_4 ff-el-form-top ff_form_instance_4_2 ff-form-loading form_bg ffs_default\" data-form_instance=\"ff_form_instance_4_2\" method=\"POST\" ><fieldset  style=\"border: none!important;margin: 0!important;padding: 0!important;background-color: transparent!important;box-shadow: none!important;outline: none!important; min-inline-size: 100%;\">\n                    <legend class=\"ff_screen_reader_title\" style=\"display: block; margin: 0!important;padding: 0!important;height: 0!important;text-indent: -999999px;width: 0!important;overflow:hidden;\">Contact - CZ<\/legend><input type='hidden' name='__fluent_form_embded_post_id' value='795' \/><input type=\"hidden\" id=\"_fluentform_4_fluentformnonce\" name=\"_fluentform_4_fluentformnonce\" value=\"d43a302844\" \/><input type=\"hidden\" name=\"_wp_http_referer\" value=\"\/cs\/wp-json\/wp\/v2\/pages\/795\" \/><div class='ff-el-group'><div class=\"ff-el-input--label ff-el-is-required asterisk-right\"><label for='ff_4_2_input_text' id='label_ff_4_2_input_text' aria-label=\"Jm\u00e9no\">Jm\u00e9no<\/label><\/div><div class='ff-el-input--content'><input type=\"text\" name=\"input_text\" class=\"ff-el-form-control\" placeholder=\"Vlo\u017ete jm\u00e9no\" data-name=\"input_text\" id=\"ff_4_2_input_text\"  aria-invalid=\"false\" aria-required=true><\/div><\/div><div class='ff-el-group'><div class=\"ff-el-input--label ff-el-is-required asterisk-right\"><label for='ff_4_2_email' id='label_ff_4_2_email' aria-label=\"Email\">Email<\/label><\/div><div class='ff-el-input--content'><input type=\"email\" name=\"email\" id=\"ff_4_2_email\" class=\"ff-el-form-control\" placeholder=\"Vlo\u017ete email\" data-name=\"email\"  aria-invalid=\"false\" aria-required=true><\/div><\/div><div class='ff-el-group'><div class=\"ff-el-input--label ff-el-is-required asterisk-right\"><label for='ff_4_2_phone' id='label_ff_4_2_phone' aria-label=\"Telefon\">Telefon<\/label><\/div><div class='ff-el-input--content'><input name=\"phone\" class=\"ff-el-form-control ff-el-phone ff_el_with_extended_validation\" type=\"tel\" data-name=\"phone\" id=\"ff_4_2_phone\" inputmode=\"tel\"  aria-invalid='false' aria-required=true><\/div><\/div><div class='ff-el-group'><div class=\"ff-el-input--label ff-el-is-required asterisk-right\"><label for='ff_4_2_description' id='label_ff_4_2_description' aria-label=\"Zpr\u00e1va\">Zpr\u00e1va<\/label><\/div><div class='ff-el-input--content'><textarea aria-required=\"true\" aria-labelledby=\"label_ff_4_2_description\" name=\"description\" id=\"ff_4_2_description\" class=\"ff-el-form-control\" placeholder=\"Vlo\u017ete zpr\u00e1vu\" rows=\"3\" cols=\"2\" data-name=\"description\" ><\/textarea><\/div><\/div><div class='ff-el-group    ff-el-input--content'><div class='ff-el-form-check ff-el-tc'><label aria-label='Terms and Conditions: Souhlas\u00edm se zpracov\u00e1n\u00edm osobn\u00edch \u00fadaj\u016f Contains 1 link. Use tab navigation to review.' class='ff-el-form-check-label ff_tc_label' for=terms-n-condition_b58fccc4eb4bdcb7814aecb55bc647db><span class='ff_tc_checkbox'><input type=\"checkbox\" name=\"terms-n-condition\" class=\"ff-el-form-check-input\" data-name=\"terms-n-condition\" id=\"terms-n-condition_b58fccc4eb4bdcb7814aecb55bc647db\"  value='on' aria-invalid='false' aria-required=true><\/span> <div class='ff_t_c'><p>Souhlas\u00edm se <span style=\"text-decoration: underline;color: #ffffff\"><a style=\"text-decoration: underline;color: #ffffff\" href=\"https:\/\/fertilityport.com\/cs\/gdpr\/\" target=\"_blank\" rel=\"noopener\">zpracov\u00e1n\u00edm osobn\u00edch \u00fadaj\u016f<\/a><\/span><\/p><\/div><\/label><\/div><\/div><div class='ff-el-group ff-text-left ff_submit_btn_wrapper'><button type=\"submit\" class=\"ff-btn ff-btn-submit ff-btn-md btn btn--secondary ff_btn_no_style\"  aria-label=\"Odeslat\">Odeslat<\/button><\/div><\/fieldset><\/form><div id='fluentform_4_errors' class='ff-errors-in-stack ff_form_instance_4_2 ff-form-loading_errors ff_form_instance_4_2_errors'><\/div><\/div>            <script type=\"text\/javascript\">\n                window.fluent_form_ff_form_instance_4_2 = {\"id\":\"4\",\"settings\":{\"layout\":{\"labelPlacement\":\"top\",\"helpMessagePlacement\":\"with_label\",\"errorMessagePlacement\":\"inline\",\"asteriskPlacement\":\"asterisk-right\"},\"restrictions\":{\"denyEmptySubmission\":{\"enabled\":false}}},\"form_instance\":\"ff_form_instance_4_2\",\"form_id_selector\":\"fluentform_4\",\"rules\":{\"input_text\":{\"required\":{\"value\":true,\"message\":\"Toto pole je povinn\\u00e9.\",\"global\":false,\"global_message\":\"This field is required\"}},\"email\":{\"required\":{\"value\":true,\"message\":\"Toto pole je povinn\\u00e9.\",\"global\":false,\"global_message\":\"This field is required\"},\"email\":{\"value\":true,\"message\":\"This field must contain a valid email\",\"global\":false,\"global_message\":\"This field must contain a valid email\"}},\"phone\":{\"required\":{\"value\":true,\"message\":\"Toto pole je povinn\\u00e9.\",\"global\":false,\"global_message\":\"This field is required\"},\"valid_phone_number\":{\"value\":true,\"message\":\"Phone number is not valid\",\"global\":false,\"global_message\":\"Phone number is not valid\"}},\"description\":{\"required\":{\"value\":true,\"message\":\"Toto pole je povinn\\u00e9.\",\"global\":false,\"global_message\":\"This field is required\"}},\"terms-n-condition\":{\"required\":{\"value\":true,\"message\":\"Toto pole je povinn\\u00e9.\",\"global\":false,\"global_message\":\"This field is required\"}}},\"debounce_time\":300};\n                            <\/script>\n            Kontaktn\u00ed informaceFertilityPort Prague s.r.o.Smr\u010dkova 2485\/4180 00 Praha 8budova: DOCK 2 [&hellip;]<\/p>\n","protected":false},"author":2,"featured_media":0,"parent":0,"menu_order":0,"comment_status":"closed","ping_status":"closed","template":"","meta":{"_acf_changed":false,"_et_pb_use_builder":"on","_et_pb_old_content":"<!-- wp:html -->\n[et_pb_section fb_built=\"1\" _builder_version=\"4.4.0\" background_image=\"https:\/\/fertilityport.com\/wp-content\/uploads\/2020\/03\/kontakt_head_bg.jpg\"][et_pb_row column_structure=\"2_3,1_3\" _builder_version=\"4.4.0\"][et_pb_column type=\"2_3\" _builder_version=\"4.4.0\"][et_pb_text module_class=\"c_blurb\" _builder_version=\"4.4.0\"]\tAdded: \n<h1>Contact<\/h1>\t \nGet in touch with us,\t \nwe are here for you[\/et_pb_text][\/et_pb_column][et_pb_column type=\"1_3\" _builder_version=\"4.4.0\"][\/et_pb_column][\/et_pb_row][\/et_pb_section][et_pb_section fb_built=\"1\" _builder_version=\"4.4.0\" background_color=\"#d4a4a9\"][et_pb_row column_structure=\"1_3,1_3,1_3\" _builder_version=\"4.4.0\"][et_pb_column type=\"1_3\" _builder_version=\"4.4.0\"][et_pb_text module_class=\"c_blurb c_blurb--contact\" _builder_version=\"4.4.0\"]\t \n<h2>Contact us<\/h2>\t \n[\/et_pb_text][et_pb_text _builder_version=\"4.4.0\"][contact-form-7 id=\"371\" title=\"EN - Contact\"][\/et_pb_text][\/et_pb_column][et_pb_column type=\"1_3\" _builder_version=\"4.4.0\"][et_pb_text module_class=\"c_blurb c_blurb--contact\" _builder_version=\"4.4.0\"]\t \n<h2>Contact information<\/h2>\t \n[\/et_pb_text][et_pb_text module_class=\"contact_info\" _builder_version=\"4.4.0\" text_text_color=\"#ffffff\"]\t \n<strong>FertilityPort Prague s.r.o.<\/strong>\t \nSmr\u010dkova 2485\/4\t \n180 00 Praha 8\t \nbuilding: DOCK 2\t \nI\u010cO: 02872145\t \nBank details: 77667655\/5500\t \n<strong>Reception:<\/strong>\t \nTelephone: <a href=\"tel:00420274771298\">+420 274 771 298<\/a>\t \nGSM: <a href=\"tel:00420725513270\">+420 725 513 270<\/a>\t \nE-mail: <a href=\"mailto:info@fertilityport.com\">info@fertilityport.com<\/a>\t \nWeb: <a href=\"https:\/\/fertilityport.com\/\">www.fertilityport.com<\/a>\t \n<strong>Working hours:<\/strong>\t \nMonday \u2013 Friday 8:00- 16:30\t \nSaturday and Sunday after phone consultation\t \n<strong>How to reach us:<\/strong>\t \nPublic Transport line B \u2013 Metro station Palmovka\t \nBuilding Dock 2 \u2013 next to restaurant Kolkovna Dock\t \n[\/et_pb_text][\/et_pb_column][et_pb_column type=\"1_3\" _builder_version=\"4.4.0\"][et_pb_text module_class=\"c_blurb c_blurb--contact\" _builder_version=\"4.4.0\"]\t \n<h2>Map<\/h2>\t \n[\/et_pb_text][et_pb_code _builder_version=\"4.4.0\" hover_enabled=\"0\"]<iframe style=\"border: 0;\" tabindex=\"0\" src=\"https:\/\/www.google.com\/maps\/embed?pb=!1m14!1m8!1m3!1d10236.10323315044!2d14.4686653!3d50.1045239!3m2!1i1024!2i768!4f13.1!3m3!1m2!1s0x0%3A0xbdc453b40e0ad8e1!2sFertilityPort%20Prague!5e0!3m2!1scs!2scz!4v1583954201119!5m2!1scs!2scz\" width=\"100%\" height=\"450\" frameborder=\"0\" allowfullscreen=\"allowfullscreen\" aria-hidden=\"false\" data-mce-fragment=\"1\"><\/iframe>[\/et_pb_code][\/et_pb_column][\/et_pb_row][\/et_pb_section]\n<!-- \/wp:html -->\n\n<!-- wp:paragraph -->\n<p><\/p>\n<!-- \/wp:paragraph -->","_et_gb_content_width":"","footnotes":""},"class_list":["post-795","page","type-page","status-publish","hentry"],"acf":[],"yoast_head":"<!-- This site is optimized with the Yoast SEO plugin v27.3 - https:\/\/yoast.com\/product\/yoast-seo-wordpress\/ -->\n<title>Kontaktujte n\u00e1s | FertilityPort Prague - tady za\u010d\u00edn\u00e1 \u017eivot<\/title>\n<meta name=\"description\" content=\"Kontaktujte n\u00e1s. Jsme v\u00e1m k dispozici v p\u0159\u00edpad\u011b jak\u00e9hokoliv dotazu. Vypl\u0148te formul\u00e1\u0159, nebo vyu\u017eijte telefonn\u00ed kontakt \u010di email\" \/>\n<meta name=\"robots\" content=\"index, follow, max-snippet:-1, max-image-preview:large, max-video-preview:-1\" \/>\n<link rel=\"canonical\" href=\"https:\/\/fertilityport.com\/contact\/\" \/>\n<meta property=\"og:locale\" content=\"cs_CZ\" \/>\n<meta property=\"og:type\" content=\"article\" \/>\n<meta property=\"og:title\" content=\"Kontaktujte n\u00e1s | FertilityPort Prague - tady za\u010d\u00edn\u00e1 \u017eivot\" \/>\n<meta property=\"og:description\" content=\"Kontaktujte n\u00e1s. Jsme v\u00e1m k dispozici v p\u0159\u00edpad\u011b jak\u00e9hokoliv dotazu. Vypl\u0148te formul\u00e1\u0159, nebo vyu\u017eijte telefonn\u00ed kontakt \u010di email\" \/>\n<meta property=\"og:url\" content=\"https:\/\/fertilityport.com\/contact\/\" \/>\n<meta property=\"og:site_name\" content=\"FertilityPort Prague\" \/>\n<meta property=\"article:modified_time\" content=\"2025-06-23T14:39:15+00:00\" \/>\n<meta name=\"twitter:card\" content=\"summary_large_image\" \/>\n<meta name=\"twitter:label1\" content=\"Odhadovan\u00e1 doba \u010dten\u00ed\" \/>\n\t<meta name=\"twitter:data1\" content=\"1 minuta\" \/>\n<script type=\"application\/ld+json\" class=\"yoast-schema-graph\">{\"@context\":\"https:\\\/\\\/schema.org\",\"@graph\":[{\"@type\":\"WebPage\",\"@id\":\"https:\\\/\\\/fertilityport.com\\\/contact\\\/\",\"url\":\"https:\\\/\\\/fertilityport.com\\\/contact\\\/\",\"name\":\"Kontaktujte n\u00e1s | FertilityPort Prague - tady za\u010d\u00edn\u00e1 \u017eivot\",\"isPartOf\":{\"@id\":\"https:\\\/\\\/fertilityport.com\\\/#website\"},\"datePublished\":\"2020-03-14T14:20:44+00:00\",\"dateModified\":\"2025-06-23T14:39:15+00:00\",\"description\":\"Kontaktujte n\u00e1s. Jsme v\u00e1m k dispozici v p\u0159\u00edpad\u011b jak\u00e9hokoliv dotazu. Vypl\u0148te formul\u00e1\u0159, nebo vyu\u017eijte telefonn\u00ed kontakt \u010di email\",\"breadcrumb\":{\"@id\":\"https:\\\/\\\/fertilityport.com\\\/contact\\\/#breadcrumb\"},\"inLanguage\":\"cs\",\"potentialAction\":[{\"@type\":\"ReadAction\",\"target\":[\"https:\\\/\\\/fertilityport.com\\\/contact\\\/\"]}]},{\"@type\":\"BreadcrumbList\",\"@id\":\"https:\\\/\\\/fertilityport.com\\\/contact\\\/#breadcrumb\",\"itemListElement\":[{\"@type\":\"ListItem\",\"position\":1,\"name\":\"Home\",\"item\":\"https:\\\/\\\/fertilityport.com\\\/\"},{\"@type\":\"ListItem\",\"position\":2,\"name\":\"Kontakt\"}]},{\"@type\":\"WebSite\",\"@id\":\"https:\\\/\\\/fertilityport.com\\\/#website\",\"url\":\"https:\\\/\\\/fertilityport.com\\\/\",\"name\":\"FertilityPort Prague\",\"description\":\"\",\"potentialAction\":[{\"@type\":\"SearchAction\",\"target\":{\"@type\":\"EntryPoint\",\"urlTemplate\":\"https:\\\/\\\/fertilityport.com\\\/?s={search_term_string}\"},\"query-input\":{\"@type\":\"PropertyValueSpecification\",\"valueRequired\":true,\"valueName\":\"search_term_string\"}}],\"inLanguage\":\"cs\"}]}<\/script>\n<!-- \/ Yoast SEO plugin. -->","yoast_head_json":{"title":"Kontaktujte n\u00e1s | FertilityPort Prague - tady za\u010d\u00edn\u00e1 \u017eivot","description":"Kontaktujte n\u00e1s. Jsme v\u00e1m k dispozici v p\u0159\u00edpad\u011b jak\u00e9hokoliv dotazu. Vypl\u0148te formul\u00e1\u0159, nebo vyu\u017eijte telefonn\u00ed kontakt \u010di email","robots":{"index":"index","follow":"follow","max-snippet":"max-snippet:-1","max-image-preview":"max-image-preview:large","max-video-preview":"max-video-preview:-1"},"canonical":"https:\/\/fertilityport.com\/contact\/","og_locale":"cs_CZ","og_type":"article","og_title":"Kontaktujte n\u00e1s | FertilityPort Prague - tady za\u010d\u00edn\u00e1 \u017eivot","og_description":"Kontaktujte n\u00e1s. Jsme v\u00e1m k dispozici v p\u0159\u00edpad\u011b jak\u00e9hokoliv dotazu. Vypl\u0148te formul\u00e1\u0159, nebo vyu\u017eijte telefonn\u00ed kontakt \u010di email","og_url":"https:\/\/fertilityport.com\/contact\/","og_site_name":"FertilityPort Prague","article_modified_time":"2025-06-23T14:39:15+00:00","twitter_card":"summary_large_image","twitter_misc":{"Odhadovan\u00e1 doba \u010dten\u00ed":"1 minuta"},"schema":{"@context":"https:\/\/schema.org","@graph":[{"@type":"WebPage","@id":"https:\/\/fertilityport.com\/contact\/","url":"https:\/\/fertilityport.com\/contact\/","name":"Kontaktujte n\u00e1s | FertilityPort Prague - tady za\u010d\u00edn\u00e1 \u017eivot","isPartOf":{"@id":"https:\/\/fertilityport.com\/#website"},"datePublished":"2020-03-14T14:20:44+00:00","dateModified":"2025-06-23T14:39:15+00:00","description":"Kontaktujte n\u00e1s. Jsme v\u00e1m k dispozici v p\u0159\u00edpad\u011b jak\u00e9hokoliv dotazu. Vypl\u0148te formul\u00e1\u0159, nebo vyu\u017eijte telefonn\u00ed kontakt \u010di email","breadcrumb":{"@id":"https:\/\/fertilityport.com\/contact\/#breadcrumb"},"inLanguage":"cs","potentialAction":[{"@type":"ReadAction","target":["https:\/\/fertilityport.com\/contact\/"]}]},{"@type":"BreadcrumbList","@id":"https:\/\/fertilityport.com\/contact\/#breadcrumb","itemListElement":[{"@type":"ListItem","position":1,"name":"Home","item":"https:\/\/fertilityport.com\/"},{"@type":"ListItem","position":2,"name":"Kontakt"}]},{"@type":"WebSite","@id":"https:\/\/fertilityport.com\/#website","url":"https:\/\/fertilityport.com\/","name":"FertilityPort Prague","description":"","potentialAction":[{"@type":"SearchAction","target":{"@type":"EntryPoint","urlTemplate":"https:\/\/fertilityport.com\/?s={search_term_string}"},"query-input":{"@type":"PropertyValueSpecification","valueRequired":true,"valueName":"search_term_string"}}],"inLanguage":"cs"}]}},"_links":{"self":[{"href":"https:\/\/fertilityport.com\/cs\/wp-json\/wp\/v2\/pages\/795","targetHints":{"allow":["GET"]}}],"collection":[{"href":"https:\/\/fertilityport.com\/cs\/wp-json\/wp\/v2\/pages"}],"about":[{"href":"https:\/\/fertilityport.com\/cs\/wp-json\/wp\/v2\/types\/page"}],"author":[{"embeddable":true,"href":"https:\/\/fertilityport.com\/cs\/wp-json\/wp\/v2\/users\/2"}],"replies":[{"embeddable":true,"href":"https:\/\/fertilityport.com\/cs\/wp-json\/wp\/v2\/comments?post=795"}],"version-history":[{"count":40,"href":"https:\/\/fertilityport.com\/cs\/wp-json\/wp\/v2\/pages\/795\/revisions"}],"predecessor-version":[{"id":7880,"href":"https:\/\/fertilityport.com\/cs\/wp-json\/wp\/v2\/pages\/795\/revisions\/7880"}],"wp:attachment":[{"href":"https:\/\/fertilityport.com\/cs\/wp-json\/wp\/v2\/media?parent=795"}],"curies":[{"name":"wp","href":"https:\/\/api.w.org\/{rel}","templated":true}]}}