{"id":802,"date":"2020-03-14T15:24:13","date_gmt":"2020-03-14T14:24:13","guid":{"rendered":"https:\/\/fertilityport.vesmirnekure.cz\/?page_id=802"},"modified":"2025-04-14T16:50:31","modified_gmt":"2025-04-14T14:50:31","slug":"koordinatorky","status":"publish","type":"page","link":"https:\/\/fertilityport.com\/cs\/koordinatorky\/","title":{"rendered":"Koordin\u00e1torky"},"content":{"rendered":"<p>[et_pb_section fb_built=&#8220;1&#8243; admin_label=&#8220;Section&#8220; _builder_version=&#8220;4.16&#8243; background_color=&#8220;#e2e2e2&#8243; global_colors_info=&#8220;{}&#8220;][et_pb_row _builder_version=&#8220;4.16&#8243; global_colors_info=&#8220;{}&#8220;][et_pb_column type=&#8220;4_4&#8243; _builder_version=&#8220;4.16&#8243; global_colors_info=&#8220;{}&#8220;][et_pb_text module_class=&#8220;c_blurb&#8220; _builder_version=&#8220;4.16&#8243; global_colors_info=&#8220;{}&#8220;]<\/p>\n<h1>Koordin\u00e1torky<\/h1>\n<p>[\/et_pb_text][\/et_pb_column][\/et_pb_row][\/et_pb_section][et_pb_section fb_built=&#8220;1&#8243; module_class=&#8220;aboutus&#8220; _builder_version=&#8220;4.16&#8243; global_colors_info=&#8220;{}&#8220;][et_pb_row column_structure=&#8220;1_4,3_4&#8243; _builder_version=&#8220;4.16&#8243; global_colors_info=&#8220;{}&#8220;][et_pb_column type=&#8220;1_4&#8243; _builder_version=&#8220;4.16&#8243; global_colors_info=&#8220;{}&#8220;][\/et_pb_column][et_pb_column type=&#8220;3_4&#8243; _builder_version=&#8220;4.16&#8243; global_colors_info=&#8220;{}&#8220;][et_pb_text module_class=&#8220;c_blurb&#8220; _builder_version=&#8220;4.16&#8243; global_colors_info=&#8220;{}&#8220;]<\/p>\n<h2>Andrea Alan<\/h2>\n<p>&nbsp;<\/p>\n<p>&nbsp;<\/p>\n<ul><\/ul>\n<h3>Jazykov\u00e9 schopnosti:\u00a0<\/h3>\n<p>angli\u010dtina<\/p>\n<h3><\/h3>\n<p>e-mail: <span style=\"color: #a8838d;\">alan<\/span><a href=\"mailto:bolkova@fertilityport.com\">@fertilityport.com<\/a><br \/>tel.: +420 725 513 267<\/p>\n<p>[\/et_pb_text][\/et_pb_column][\/et_pb_row][et_pb_row column_structure=&#8220;1_4,3_4&#8243; _builder_version=&#8220;4.16&#8243; global_colors_info=&#8220;{}&#8220;][et_pb_column type=&#8220;1_4&#8243; _builder_version=&#8220;4.16&#8243; global_colors_info=&#8220;{}&#8220;][\/et_pb_column][et_pb_column type=&#8220;3_4&#8243; _builder_version=&#8220;4.16&#8243; global_colors_info=&#8220;{}&#8220;][et_pb_text module_class=&#8220;c_blurb&#8220; _builder_version=&#8220;4.16&#8243; global_colors_info=&#8220;{}&#8220;]<\/p>\n<h2>Milica<\/h2>\n<p>&nbsp;<\/p>\n<p>&nbsp;<\/p>\n<ul><\/ul>\n<h3>Jazykov\u00e9 schopnosti:\u00a0<\/h3>\n<p>angli\u010dtina, srb\u0161tina, chorvat\u0161tina<\/p>\n<h3><\/h3>\n<p>e-mail: <span style=\"color: #a8838d;\">vukadinovic<\/span><a href=\"mailto:bolkova@fertilityport.com\">@fertilityport.com<\/a><br \/>tel.: +420 722 945 323<\/p>\n<p>[\/et_pb_text][\/et_pb_column][\/et_pb_row][et_pb_row _builder_version=&#8220;4.16&#8243; global_colors_info=&#8220;{}&#8220;][et_pb_column type=&#8220;4_4&#8243; _builder_version=&#8220;4.16&#8243; global_colors_info=&#8220;{}&#8220;][et_pb_divider color=&#8220;#e2e2e2&#8243; _builder_version=&#8220;4.16&#8243; global_colors_info=&#8220;{}&#8220;][\/et_pb_divider][\/et_pb_column][\/et_pb_row][et_pb_row column_structure=&#8220;1_4,3_4&#8243; _builder_version=&#8220;4.16&#8243; global_colors_info=&#8220;{}&#8220;][et_pb_column type=&#8220;1_4&#8243; _builder_version=&#8220;4.16&#8243; global_colors_info=&#8220;{}&#8220;][\/et_pb_column][et_pb_column type=&#8220;3_4&#8243; _builder_version=&#8220;4.16&#8243; global_colors_info=&#8220;{}&#8220;][et_pb_text module_class=&#8220;c_blurb&#8220; _builder_version=&#8220;4.16&#8243; global_colors_info=&#8220;{}&#8220;]<\/p>\n<h2>Ad\u00e9la<\/h2>\n<p><span style=\"color: #b28994; font-size: 20px;\">Jazykov\u00e9 schopnosti:\u00a0<\/span><\/p>\n<p>angli\u010dtina<\/p>\n<h3><\/h3>\n<p>e-mail: <span style=\"color: #bf9199;\">koudelkova<\/span><a href=\"mailto:provaznikova@fertilityport.com\">@fertilityport.com<\/a><br \/>tel.: +420 725 145 934<\/p>\n<p>[\/et_pb_text][\/et_pb_column][\/et_pb_row][et_pb_row _builder_version=&#8220;4.16&#8243; global_colors_info=&#8220;{}&#8220;][et_pb_column type=&#8220;4_4&#8243; _builder_version=&#8220;4.16&#8243; global_colors_info=&#8220;{}&#8220;][et_pb_divider color=&#8220;#e2e2e2&#8243; _builder_version=&#8220;4.16&#8243; global_colors_info=&#8220;{}&#8220;][\/et_pb_divider][\/et_pb_column][\/et_pb_row][et_pb_row column_structure=&#8220;1_4,3_4&#8243; _builder_version=&#8220;4.16&#8243; global_colors_info=&#8220;{}&#8220;][et_pb_column type=&#8220;1_4&#8243; _builder_version=&#8220;4.16&#8243; global_colors_info=&#8220;{}&#8220;][et_pb_image src=&#8220;https:\/\/fertilityport.com\/wp-content\/uploads\/2020\/03\/ing-pavla-schwarzova.jpg&#8220; _builder_version=&#8220;4.16&#8243; global_colors_info=&#8220;{}&#8220;][\/et_pb_image][\/et_pb_column][et_pb_column type=&#8220;3_4&#8243; _builder_version=&#8220;4.16&#8243; global_colors_info=&#8220;{}&#8220;][et_pb_text module_class=&#8220;c_blurb&#8220; _builder_version=&#8220;4.16&#8243; global_colors_info=&#8220;{}&#8220;]<\/p>\n<h2>Ing. Pavla Schwarzov\u00e1<\/h2>\n<h3 class=\"h3\"><\/h3>\n<h3>Jazykov\u00e9 schopnosti:<\/h3>\n<p>angli\u010dtina<\/p>\n<p>e-mail:<a href=\"mailto:rathausova@fertilityport.com\">\u00a0 fpp@fertilityport.com<\/a><br \/>tel.: +420 725 847 497<\/p>\n<p>[\/et_pb_text][\/et_pb_column][\/et_pb_row][et_pb_row _builder_version=&#8220;4.16&#8243; global_colors_info=&#8220;{}&#8220;][et_pb_column type=&#8220;4_4&#8243; _builder_version=&#8220;4.16&#8243; global_colors_info=&#8220;{}&#8220;][et_pb_divider color=&#8220;#e2e2e2&#8243; _builder_version=&#8220;4.16&#8243; global_colors_info=&#8220;{}&#8220;][\/et_pb_divider][\/et_pb_column][\/et_pb_row][et_pb_row column_structure=&#8220;1_4,3_4&#8243; _builder_version=&#8220;4.16&#8243; global_colors_info=&#8220;{}&#8220;][et_pb_column type=&#8220;1_4&#8243; _builder_version=&#8220;4.16&#8243; global_colors_info=&#8220;{}&#8220;][\/et_pb_column][et_pb_column type=&#8220;3_4&#8243; _builder_version=&#8220;4.16&#8243; global_colors_info=&#8220;{}&#8220;][et_pb_text module_class=&#8220;c_blurb&#8220; _builder_version=&#8220;4.16&#8243; global_colors_info=&#8220;{}&#8220;]<\/p>\n<h2>Kate\u0159ina<\/h2>\n<p>&nbsp;<\/p>\n<p>[\/et_pb_text][\/et_pb_column][\/et_pb_row][et_pb_row _builder_version=&#8220;4.16&#8243; global_colors_info=&#8220;{}&#8220;][et_pb_column type=&#8220;4_4&#8243; _builder_version=&#8220;4.16&#8243; global_colors_info=&#8220;{}&#8220;][et_pb_divider color=&#8220;#e2e2e2&#8243; _builder_version=&#8220;4.16&#8243; global_colors_info=&#8220;{}&#8220;][\/et_pb_divider][\/et_pb_column][\/et_pb_row][et_pb_row column_structure=&#8220;1_4,3_4&#8243; _builder_version=&#8220;4.16&#8243; global_colors_info=&#8220;{}&#8220;][et_pb_column type=&#8220;1_4&#8243; _builder_version=&#8220;4.16&#8243; global_colors_info=&#8220;{}&#8220;][\/et_pb_column][et_pb_column type=&#8220;3_4&#8243; _builder_version=&#8220;4.16&#8243; global_colors_info=&#8220;{}&#8220;][et_pb_text module_class=&#8220;c_blurb&#8220; _builder_version=&#8220;4.16&#8243; global_colors_info=&#8220;{}&#8220;]<\/p>\n<h2>\u0160\u00e1rka<\/h2>\n<p>&nbsp;<\/p>\n<p>[\/et_pb_text][\/et_pb_column][\/et_pb_row][\/et_pb_section]<\/p>\n","protected":false},"excerpt":{"rendered":"<p>Koordin\u00e1torkyAndrea Alan &nbsp; &nbsp; Jazykov\u00e9 schopnosti:\u00a0 angli\u010dtina e-mail: alan@fertilityport.comtel.: +420 725 513 267Milica &nbsp; &nbsp; Jazykov\u00e9 schopnosti:\u00a0 angli\u010dtina, srb\u0161tina, chorvat\u0161tina e-mail: vukadinovic@fertilityport.comtel.: +420 722 945 323Ad\u00e9la Jazykov\u00e9 schopnosti:\u00a0 angli\u010dtina e-mail: koudelkova@fertilityport.comtel.: +420 725 145 934Ing. Pavla Schwarzov\u00e1 Jazykov\u00e9 schopnosti: angli\u010dtina e-mail:\u00a0 fpp@fertilityport.comtel.: +420 725 847 497Kate\u0159ina &nbsp;\u0160\u00e1rka &nbsp;<\/p>\n","protected":false},"author":2,"featured_media":0,"parent":0,"menu_order":0,"comment_status":"closed","ping_status":"closed","template":"","meta":{"_acf_changed":false,"_et_pb_use_builder":"on","_et_pb_old_content":"<p>[et_pb_section fb_built=\"1\" _builder_version=\"4.4.0\" hover_enabled=\"0\" background_color=\"#e2e2e2\"][et_pb_row _builder_version=\"4.4.0\"][et_pb_column type=\"4_4\" _builder_version=\"4.4.0\"][et_pb_text module_class=\"c_blurb\" _builder_version=\"4.4.0\"]<\/p><h1>Coordinators<\/h1><p>[\/et_pb_text][\/et_pb_column][\/et_pb_row][\/et_pb_section][et_pb_section fb_built=\"1\" module_class=\"aboutus\" _builder_version=\"4.4.0\" hover_enabled=\"0\"][et_pb_row column_structure=\"1_4,3_4\" _builder_version=\"4.4.0\"][et_pb_column type=\"1_4\" _builder_version=\"4.4.0\"][et_pb_image src=\"https:\/\/fertilityport.com\/wp-content\/uploads\/2020\/03\/mgr-anna-houdova.jpg\" module_class=\"about_img\" _builder_version=\"4.4.0\"][\/et_pb_image][\/et_pb_column][et_pb_column type=\"3_4\" _builder_version=\"4.4.0\"][et_pb_text module_class=\"c_blurb\" _builder_version=\"4.4.0\"]<\/p><h2>Mgr. Anna Houdov\u00e1 (Bolkov\u00e1)<\/h2><h3 class=\"h3\">Education and specialization:<\/h3><p>Charles University in Prague, Faculty of Arts, major: Italian Studies<\/p><h3>Professional Experience:<\/h3><ul><li>2012 \u2013 2015 Back Office Manager, Bridgestone CZ, Prague<\/li><li>2016 \u2013 2017 IVF Italian coordinator, GENNET, Prague<\/li><\/ul><h3>Language skills:<\/h3><p>Italian, English<\/p><h3>Language certificates:<\/h3><p>PLIDA C1<\/p><p><img class=\"flag\" src=\"https:\/\/fertilityport.com\/wp-content\/uploads\/2020\/03\/gb_flag.jpg\" alt=\"flag EN\" \/>\u00a0 <img class=\"flag\" src=\"https:\/\/fertilityport.com\/wp-content\/uploads\/2020\/03\/it_flag.jpg\" alt=\"flag IT\" \/><\/p><p>e-mail: <a href=\"mailto:bolkova@fertilityport.com\"> bolkova@fertilityport.com<\/a><br \/>tel.: +420 725 513 267[\/et_pb_text][\/et_pb_column][\/et_pb_row][et_pb_row _builder_version=\"4.4.0\"][et_pb_column type=\"4_4\" _builder_version=\"4.4.0\"][et_pb_divider color=\"#e2e2e2\" _builder_version=\"4.4.0\"][\/et_pb_divider][\/et_pb_column][\/et_pb_row][et_pb_row column_structure=\"1_4,3_4\" _builder_version=\"4.4.0\"][et_pb_column type=\"1_4\" _builder_version=\"4.4.0\"][et_pb_image src=\"https:\/\/fertilityport.com\/wp-content\/uploads\/2020\/03\/bc-martina-blechova.jpg\" _builder_version=\"4.4.0\"][\/et_pb_image][\/et_pb_column][et_pb_column type=\"3_4\" _builder_version=\"4.4.0\"][et_pb_text module_class=\"c_blurb\" _builder_version=\"4.4.0\"]<\/p><h2>Bc. Martina Blechov\u00e1 (Provazn\u00edkov\u00e1)<\/h2><h3 class=\"h3\">Education and specialization:<\/h3><ul><li>2017 studied at Masaryk University, Faculty of Economics and Administration, major: Business Economics and Management<\/li><li>University of Hradec Kr\u00e1lov\u00e9, Faculty of Informatics and Management, Major: Economics and Management<\/li><\/ul><h3 class=\"h3\">Professional Experience:<\/h3><ul><li>2013 \u2013 2015 IVF foreign patient coordinator, donor programme coordinator<\/li><li>2016 \u2013 2018 operations manager at Pronatal, s.r.o, Kol\u00edn branch<\/li><\/ul><h3>Language Skills:<\/h3><p>German; English (passive)<\/p><h3>Language Certificates:<\/h3><p>Goethe Zertifikat B2<\/p><p><img class=\"flag\" src=\"https:\/\/fertilityport.com\/wp-content\/uploads\/2020\/03\/gb_flag.jpg\" alt=\"flag EN\" \/>\u00a0<img class=\"flag\" src=\"https:\/\/fertilityport.com\/wp-content\/uploads\/2020\/03\/de_flag.jpg\" alt=\"flag DE\" \/><\/p><p>e-mail: <a href=\"mailto:provaznikova@fertilityport.com\"> provaznikova@fertilityport.com<\/a><br \/>tel.: +420 724 999 290[\/et_pb_text][\/et_pb_column][\/et_pb_row][et_pb_row _builder_version=\"4.4.0\"][et_pb_column type=\"4_4\" _builder_version=\"4.4.0\"][et_pb_divider color=\"#e2e2e2\" _builder_version=\"4.4.0\"][\/et_pb_divider][\/et_pb_column][\/et_pb_row][et_pb_row column_structure=\"1_4,3_4\" _builder_version=\"4.4.0\"][et_pb_column type=\"1_4\" _builder_version=\"4.4.0\"][et_pb_image src=\"https:\/\/fertilityport.com\/wp-content\/uploads\/2020\/03\/ing-pavla-schwarzova.jpg\" _builder_version=\"4.4.0\"][\/et_pb_image][\/et_pb_column][et_pb_column type=\"3_4\" _builder_version=\"4.4.0\"][et_pb_text module_class=\"c_blurb\" _builder_version=\"4.4.0\"]<\/p><h2>Ing. Pavla Schwarzov\u00e1 (Rathausov\u00e1)<\/h2><h3 class=\"h3\">Education and specialization:<\/h3><ul><li>University of Hospitality in Prague, major: Hospitality management, SPA and Tourism<\/li><li>Pedagogical minimum at University of Hospitality in Prague<\/li><li>Psychology for everyday use, Charles University, Faculty of Philosophy, Prague<\/li><\/ul><h3 class=\"h3\">Professional Experience:<\/h3><ul><li><strong>2011 \u2013 2014<\/strong>\u00a0IVF Coordinator for English speaking patients, GENNET, Praha<\/li><li><strong>2014 \u2013 2016<\/strong>\u00a0IVF Coordinator for English and Czech speaking patients, CITY-FERTILITY Gennet, London<\/li><li><strong>2017 \u2013 2018<\/strong>\u00a0IVF Coordinator for English speaking patients, GENNET, Praha<\/li><\/ul><h3>Language skills:<\/h3><p>English, German (passive)<\/p><h3>Language Certificates:<\/h3><p>English language level C1<\/p><p><img class=\"flag\" src=\"https:\/\/fertilityport.com\/wp-content\/uploads\/2020\/03\/gb_flag.jpg\" alt=\"flag EN\" \/><\/p><p>e-mail:<a href=\"mailto:rathausova@fertilityport.com\">rathausova@fertilityport.com<\/a><br \/>tel.: +420 725 847 497[\/et_pb_text][\/et_pb_column][\/et_pb_row][et_pb_row _builder_version=\"4.4.0\"][et_pb_column type=\"4_4\" _builder_version=\"4.4.0\"][et_pb_divider color=\"#e2e2e2\" _builder_version=\"4.4.0\"][\/et_pb_divider][\/et_pb_column][\/et_pb_row][et_pb_row column_structure=\"1_4,3_4\" _builder_version=\"4.4.0\"][et_pb_column type=\"1_4\" _builder_version=\"4.4.0\"][et_pb_image src=\"https:\/\/fertilityport.com\/wp-content\/uploads\/2020\/03\/bc-aneta-serbusova.jpg\" _builder_version=\"4.4.0\"][\/et_pb_image][\/et_pb_column][et_pb_column type=\"3_4\" _builder_version=\"4.4.0\"][et_pb_text module_class=\"c_blurb\" _builder_version=\"4.4.0\"]<\/p><h2>Bc. Aneta Serbusov\u00e1 (K\u0159enkov\u00e1)<\/h2><h3 class=\"h3\">Education and specialization:<\/h3><p>Masaryk University, Brno, Faculty of Arts, Major: Italian Language and Literature<\/p><h3>Professional Experience:<\/h3><ul><li>2009 \u2013 2012 Italian teacher<\/li><li>2013 \u2013 2015 IVF coordinator for Italian and English speaking patients, IVF Cube, Prague<\/li><li>2015 \u2013 2017 IVF coordinator for Italian and English speaking patients, Pronatal, Kol\u00edn<\/li><\/ul><h3>Language Skills:<\/h3><p>Italian, English; Spanish, German (passive)<\/p><h3>Language Certificates:<\/h3><p>CILS B1, B2, C1<\/p><p><img class=\"flag\" src=\"https:\/\/fertilityport.com\/wp-content\/uploads\/2020\/03\/gb_flag.jpg\" alt=\"flag EN\" \/>\u00a0<img class=\"flag\" src=\"https:\/\/fertilityport.com\/wp-content\/uploads\/2020\/03\/it_flag.jpg\" alt=\"flag IT\" \/><\/p><p>e-mail: <a href=\"mailto:Krenkova@fertilityport.com\">krenkova@fertilityport.com<\/a>[\/et_pb_text][\/et_pb_column][\/et_pb_row][et_pb_row _builder_version=\"4.4.0\"][et_pb_column type=\"4_4\" _builder_version=\"4.4.0\"][et_pb_divider color=\"#e2e2e2\" _builder_version=\"4.4.0\"][\/et_pb_divider][\/et_pb_column][\/et_pb_row][et_pb_row column_structure=\"1_4,3_4\" _builder_version=\"4.4.0\"][et_pb_column type=\"1_4\" _builder_version=\"4.4.0\"][et_pb_image src=\"https:\/\/fertilityport.com\/wp-content\/uploads\/2020\/03\/lucie-zerbini.jpg\" _builder_version=\"4.4.0\"][\/et_pb_image][\/et_pb_column][et_pb_column type=\"3_4\" _builder_version=\"4.4.0\"][et_pb_text module_class=\"c_blurb\" _builder_version=\"4.4.0\"]<\/p><h2>Lucie Zerbini<\/h2><h3>Education and specialization:<\/h3><ul><li>Business Academy<\/li><\/ul><h3 class=\"h3\">Professional Experience:<\/h3><ul><li>2014 \u2013 2018 IVF Italian and English coordinator, Prague Fertility Centre, Prague<\/li><\/ul><h3><strong>Language Skills:<\/strong><\/h3><p>Italian, English<\/p><p><img class=\"flag\" src=\"https:\/\/fertilityport.com\/wp-content\/uploads\/2020\/03\/gb_flag.jpg\" alt=\"flag EN\" \/>\u00a0<img class=\"flag\" src=\"https:\/\/fertilityport.com\/wp-content\/uploads\/2020\/03\/it_flag.jpg\" alt=\"flag IT\" \/><\/p><p>e-mail: <a href=\"mailto:Zerbini@fertilityport.com\">zerbini@fertilityport.com<\/a><br \/>+420 601 356 056[\/et_pb_text][\/et_pb_column][\/et_pb_row][\/et_pb_section]<\/p>","_et_gb_content_width":"","footnotes":""},"class_list":["post-802","page","type-page","status-publish","hentry"],"acf":[],"yoast_head":"<!-- This site is optimized with the Yoast SEO plugin v27.4 - https:\/\/yoast.com\/product\/yoast-seo-wordpress\/ -->\n<title>Na\u0161e koordin\u00e1torky | FertilityPort Prague -tady za\u010d\u00edn\u00e1 \u017eivot<\/title>\n<meta name=\"description\" content=\"N\u00e1\u0161 t\u00fdm koordin\u00e1torek se v\u00e1m bude v\u011bnovat a zodpov\u00ed ve\u0161ker\u00e9 va\u0161e dotazy a pochybnosti\" \/>\n<meta name=\"robots\" content=\"index, follow, max-snippet:-1, max-image-preview:large, max-video-preview:-1\" \/>\n<link rel=\"canonical\" href=\"https:\/\/fertilityport.com\/coordinators\/\" \/>\n<meta property=\"og:locale\" content=\"cs_CZ\" \/>\n<meta property=\"og:type\" content=\"article\" \/>\n<meta property=\"og:title\" content=\"Na\u0161e koordin\u00e1torky | FertilityPort Prague -tady za\u010d\u00edn\u00e1 \u017eivot\" \/>\n<meta property=\"og:description\" content=\"N\u00e1\u0161 t\u00fdm koordin\u00e1torek se v\u00e1m bude v\u011bnovat a zodpov\u00ed ve\u0161ker\u00e9 va\u0161e dotazy a pochybnosti\" \/>\n<meta property=\"og:url\" content=\"https:\/\/fertilityport.com\/coordinators\/\" \/>\n<meta property=\"og:site_name\" content=\"FertilityPort Prague\" \/>\n<meta property=\"article:modified_time\" content=\"2025-04-14T14:50:31+00:00\" \/>\n<meta name=\"twitter:card\" content=\"summary_large_image\" \/>\n<meta name=\"twitter:label1\" content=\"Odhadovan\u00e1 doba \u010dten\u00ed\" \/>\n\t<meta name=\"twitter:data1\" content=\"5 minut\" \/>\n<script type=\"application\/ld+json\" class=\"yoast-schema-graph\">{\"@context\":\"https:\\\/\\\/schema.org\",\"@graph\":[{\"@type\":\"WebPage\",\"@id\":\"https:\\\/\\\/fertilityport.com\\\/coordinators\\\/\",\"url\":\"https:\\\/\\\/fertilityport.com\\\/coordinators\\\/\",\"name\":\"Na\u0161e koordin\u00e1torky | FertilityPort Prague -tady za\u010d\u00edn\u00e1 \u017eivot\",\"isPartOf\":{\"@id\":\"https:\\\/\\\/fertilityport.com\\\/#website\"},\"datePublished\":\"2020-03-14T14:24:13+00:00\",\"dateModified\":\"2025-04-14T14:50:31+00:00\",\"description\":\"N\u00e1\u0161 t\u00fdm koordin\u00e1torek se v\u00e1m bude v\u011bnovat a zodpov\u00ed ve\u0161ker\u00e9 va\u0161e dotazy a pochybnosti\",\"breadcrumb\":{\"@id\":\"https:\\\/\\\/fertilityport.com\\\/coordinators\\\/#breadcrumb\"},\"inLanguage\":\"cs\",\"potentialAction\":[{\"@type\":\"ReadAction\",\"target\":[\"https:\\\/\\\/fertilityport.com\\\/coordinators\\\/\"]}]},{\"@type\":\"BreadcrumbList\",\"@id\":\"https:\\\/\\\/fertilityport.com\\\/coordinators\\\/#breadcrumb\",\"itemListElement\":[{\"@type\":\"ListItem\",\"position\":1,\"name\":\"Home\",\"item\":\"https:\\\/\\\/fertilityport.com\\\/\"},{\"@type\":\"ListItem\",\"position\":2,\"name\":\"Koordin\u00e1torky\"}]},{\"@type\":\"WebSite\",\"@id\":\"https:\\\/\\\/fertilityport.com\\\/#website\",\"url\":\"https:\\\/\\\/fertilityport.com\\\/\",\"name\":\"FertilityPort Prague\",\"description\":\"\",\"potentialAction\":[{\"@type\":\"SearchAction\",\"target\":{\"@type\":\"EntryPoint\",\"urlTemplate\":\"https:\\\/\\\/fertilityport.com\\\/?s={search_term_string}\"},\"query-input\":{\"@type\":\"PropertyValueSpecification\",\"valueRequired\":true,\"valueName\":\"search_term_string\"}}],\"inLanguage\":\"cs\"}]}<\/script>\n<!-- \/ Yoast SEO plugin. -->","yoast_head_json":{"title":"Na\u0161e koordin\u00e1torky | FertilityPort Prague -tady za\u010d\u00edn\u00e1 \u017eivot","description":"N\u00e1\u0161 t\u00fdm koordin\u00e1torek se v\u00e1m bude v\u011bnovat a zodpov\u00ed ve\u0161ker\u00e9 va\u0161e dotazy a pochybnosti","robots":{"index":"index","follow":"follow","max-snippet":"max-snippet:-1","max-image-preview":"max-image-preview:large","max-video-preview":"max-video-preview:-1"},"canonical":"https:\/\/fertilityport.com\/coordinators\/","og_locale":"cs_CZ","og_type":"article","og_title":"Na\u0161e koordin\u00e1torky | FertilityPort Prague -tady za\u010d\u00edn\u00e1 \u017eivot","og_description":"N\u00e1\u0161 t\u00fdm koordin\u00e1torek se v\u00e1m bude v\u011bnovat a zodpov\u00ed ve\u0161ker\u00e9 va\u0161e dotazy a pochybnosti","og_url":"https:\/\/fertilityport.com\/coordinators\/","og_site_name":"FertilityPort Prague","article_modified_time":"2025-04-14T14:50:31+00:00","twitter_card":"summary_large_image","twitter_misc":{"Odhadovan\u00e1 doba \u010dten\u00ed":"5 minut"},"schema":{"@context":"https:\/\/schema.org","@graph":[{"@type":"WebPage","@id":"https:\/\/fertilityport.com\/coordinators\/","url":"https:\/\/fertilityport.com\/coordinators\/","name":"Na\u0161e koordin\u00e1torky | FertilityPort Prague -tady za\u010d\u00edn\u00e1 \u017eivot","isPartOf":{"@id":"https:\/\/fertilityport.com\/#website"},"datePublished":"2020-03-14T14:24:13+00:00","dateModified":"2025-04-14T14:50:31+00:00","description":"N\u00e1\u0161 t\u00fdm koordin\u00e1torek se v\u00e1m bude v\u011bnovat a zodpov\u00ed ve\u0161ker\u00e9 va\u0161e dotazy a pochybnosti","breadcrumb":{"@id":"https:\/\/fertilityport.com\/coordinators\/#breadcrumb"},"inLanguage":"cs","potentialAction":[{"@type":"ReadAction","target":["https:\/\/fertilityport.com\/coordinators\/"]}]},{"@type":"BreadcrumbList","@id":"https:\/\/fertilityport.com\/coordinators\/#breadcrumb","itemListElement":[{"@type":"ListItem","position":1,"name":"Home","item":"https:\/\/fertilityport.com\/"},{"@type":"ListItem","position":2,"name":"Koordin\u00e1torky"}]},{"@type":"WebSite","@id":"https:\/\/fertilityport.com\/#website","url":"https:\/\/fertilityport.com\/","name":"FertilityPort Prague","description":"","potentialAction":[{"@type":"SearchAction","target":{"@type":"EntryPoint","urlTemplate":"https:\/\/fertilityport.com\/?s={search_term_string}"},"query-input":{"@type":"PropertyValueSpecification","valueRequired":true,"valueName":"search_term_string"}}],"inLanguage":"cs"}]}},"_links":{"self":[{"href":"https:\/\/fertilityport.com\/cs\/wp-json\/wp\/v2\/pages\/802","targetHints":{"allow":["GET"]}}],"collection":[{"href":"https:\/\/fertilityport.com\/cs\/wp-json\/wp\/v2\/pages"}],"about":[{"href":"https:\/\/fertilityport.com\/cs\/wp-json\/wp\/v2\/types\/page"}],"author":[{"embeddable":true,"href":"https:\/\/fertilityport.com\/cs\/wp-json\/wp\/v2\/users\/2"}],"replies":[{"embeddable":true,"href":"https:\/\/fertilityport.com\/cs\/wp-json\/wp\/v2\/comments?post=802"}],"version-history":[{"count":58,"href":"https:\/\/fertilityport.com\/cs\/wp-json\/wp\/v2\/pages\/802\/revisions"}],"predecessor-version":[{"id":7765,"href":"https:\/\/fertilityport.com\/cs\/wp-json\/wp\/v2\/pages\/802\/revisions\/7765"}],"wp:attachment":[{"href":"https:\/\/fertilityport.com\/cs\/wp-json\/wp\/v2\/media?parent=802"}],"curies":[{"name":"wp","href":"https:\/\/api.w.org\/{rel}","templated":true}]}}