{"id":815,"date":"2020-03-14T15:38:35","date_gmt":"2020-03-14T14:38:35","guid":{"rendered":"https:\/\/fertilityport.vesmirnekure.cz\/?page_id=815"},"modified":"2025-04-13T16:52:04","modified_gmt":"2025-04-13T14:52:04","slug":"embryologove","status":"publish","type":"page","link":"https:\/\/fertilityport.com\/cs\/embryologove\/","title":{"rendered":"Embryologov\u00e9"},"content":{"rendered":"<p>[et_pb_section fb_built=&#8220;1&#8243; _builder_version=&#8220;4.16&#8243; background_color=&#8220;#e2e2e2&#8243; global_colors_info=&#8220;{}&#8220;][et_pb_row _builder_version=&#8220;4.16&#8243; global_colors_info=&#8220;{}&#8220;][et_pb_column type=&#8220;4_4&#8243; _builder_version=&#8220;4.16&#8243; global_colors_info=&#8220;{}&#8220;][et_pb_text module_class=&#8220;c_blurb&#8220; _builder_version=&#8220;4.16&#8243; global_colors_info=&#8220;{}&#8220;]<\/p>\n<h1>Embryologick\u00e1 laborato\u0159<\/h1>\n<p>[\/et_pb_text][\/et_pb_column][\/et_pb_row][\/et_pb_section][et_pb_section fb_built=&#8220;1&#8243; module_class=&#8220;aboutus&#8220; _builder_version=&#8220;4.16&#8243; global_colors_info=&#8220;{}&#8220;][et_pb_row column_structure=&#8220;1_4,3_4&#8243; _builder_version=&#8220;4.16&#8243; global_colors_info=&#8220;{}&#8220;][et_pb_column type=&#8220;1_4&#8243; _builder_version=&#8220;4.16&#8243; global_colors_info=&#8220;{}&#8220;][et_pb_code _builder_version=&#8220;4.20.2&#8243; _module_preset=&#8220;default&#8220; global_colors_info=&#8220;{}&#8220;]<pee><img decoding=\"async\" src=\"https:\/\/fertilityport.com\/wp-content\/uploads\/2023\/03\/IMG_1772111.jpg\"\u00a0\/><\/pee>[\/et_pb_code][\/et_pb_column][et_pb_column type=&#8220;3_4&#8243; _builder_version=&#8220;4.16&#8243; global_colors_info=&#8220;{}&#8220;][et_pb_text module_class=&#8220;c_blurb&#8220; _builder_version=&#8220;4.16&#8243; global_colors_info=&#8220;{}&#8220;]<\/p>\n<h2>Ing. Pavel Koubek, Ph.D., klinick\u00fd embryolog<\/h2>\n<h3 class=\"h3\">Vzd\u011bl\u00e1n\u00ed a specializace:<\/h3>\n<p>Vysok\u00e1 \u0161kola chemicko-technologick\u00e1 v Praze. Obor: Biomedic\u00edna.<br \/>Karlova Univerzita v Praze. Doktorsk\u00e9 studium: V\u00fdvojov\u00e1 biologie.<br \/>Atestace: Klinick\u00fd embryolog.<\/p>\n<h3>Praxe v oboru:<\/h3>\n<ul>\n<li>2002-2009 Odborn\u00fd pracovn\u00edk, \u00dastav molekul\u00e1rn\u00ed genetiky AV \u010cR, Odd\u011blen\u00ed biologie a biochemie fertilizace.<\/li>\n<li>2006-2007 Odborn\u00fd pracovn\u00edk\/embryolog, FN Motol, Centrum reproduk\u010dn\u00ed medic\u00edny a reproduk\u010dn\u00ed genetiky.<\/li>\n<li>2007-2011 Embryolog, PRONATAL Nord.<\/li>\n<li>2011 Embryolog, PRONATAL Sanatorium.<\/li>\n<li>2011-2015 Vedouc\u00ed embryolog, PRONATAL Spa<\/li>\n<li>2015 \u2013 2021 Vedouc\u00ed embryolog ProCrea Swiss IVF Center (p\u016fvodn\u011b Gest)<\/li>\n<\/ul>\n<h3>Jazykov\u00e9 znalosti:<\/h3>\n<p>angli\u010dtina, n\u011bm\u010dina pasivn\u011b<\/p>\n<p>[\/et_pb_text][\/et_pb_column][\/et_pb_row][et_pb_row column_structure=&#8220;1_4,3_4&#8243; _builder_version=&#8220;4.16&#8243; global_colors_info=&#8220;{}&#8220;][et_pb_column type=&#8220;1_4&#8243; _builder_version=&#8220;4.16&#8243; global_colors_info=&#8220;{}&#8220;][et_pb_code _builder_version=&#8220;4.20.2&#8243; _module_preset=&#8220;default&#8220; global_colors_info=&#8220;{}&#8220;]<pee><img decoding=\"async\" src=\"https:\/\/fertilityport.com\/wp-content\/uploads\/2023\/03\/IMG_144711-scaled.jpg\"\u00a0\/><\/pee>[\/et_pb_code][\/et_pb_column][et_pb_column type=&#8220;3_4&#8243; _builder_version=&#8220;4.16&#8243; global_colors_info=&#8220;{}&#8220;][et_pb_text module_class=&#8220;c_blurb&#8220; _builder_version=&#8220;4.16&#8243; global_colors_info=&#8220;{}&#8220;]<\/p>\n<h2>Mgr. Veronika Sedm\u00edkov\u00e1<\/h2>\n<h3 class=\"h3\">Vzd\u011bl\u00e1n\u00ed a specializace:<\/h3>\n<p>Univerzita Karlova v Praze, P\u0159\u00edrodov\u011bdeck\u00e1 fakulta, obor Reproduk\u010dn\u00ed a v\u00fdvojov\u00e1 biologie<\/p>\n<h3>Praxe v oboru:<\/h3>\n<ul>\n<li><span>2020 Odborn\u00fd pracovn\u00edk, \u00dastav \u017eivo\u010di\u0161n\u00e9 fyziologie a genetiky AV \u010cR, Laborato\u0159 biochemie a molekul\u00e1rn\u00ed biologie z\u00e1rode\u010dn\u00fdch bun\u011bk<\/span><\/li>\n<li>2022 <span>FertilityPort Prague s.r.o.<\/span><span><\/span><\/li>\n<\/ul>\n<h3>Jazykov\u00e9 znalosti:<\/h3>\n<p><span>angli\u010dtina, n\u011bm\u010dina pasivn\u011b<\/span><\/p>\n<p>[\/et_pb_text][\/et_pb_column][\/et_pb_row][et_pb_row column_structure=&#8220;1_4,3_4&#8243; _builder_version=&#8220;4.16&#8243; hover_enabled=&#8220;0&#8243; global_colors_info=&#8220;{}&#8220; sticky_enabled=&#8220;0&#8243;][et_pb_column type=&#8220;1_4&#8243; _builder_version=&#8220;4.16&#8243; global_colors_info=&#8220;{}&#8220;][\/et_pb_column][et_pb_column type=&#8220;3_4&#8243; _builder_version=&#8220;4.16&#8243; global_colors_info=&#8220;{}&#8220;][et_pb_text module_class=&#8220;c_blurb&#8220; _builder_version=&#8220;4.16&#8243; global_colors_info=&#8220;{}&#8220;]<\/p>\n<h2>Mgr. Eva \u0160imkov\u00e1<\/h2>\n<h3 class=\"h3\">Vzd\u011bl\u00e1n\u00ed a specializace:<\/h3>\n<p>&nbsp;<\/p>\n<h3>Praxe v oboru:<\/h3>\n<p>&nbsp;<\/p>\n<h3>Jazykov\u00e9 znalosti:<\/h3>\n<p>angli\u010dtina<\/p>\n<p>[\/et_pb_text][\/et_pb_column][\/et_pb_row][et_pb_row _builder_version=&#8220;4.16&#8243; global_colors_info=&#8220;{}&#8220;][et_pb_column type=&#8220;4_4&#8243; _builder_version=&#8220;4.16&#8243; global_colors_info=&#8220;{}&#8220;][et_pb_divider color=&#8220;#e2e2e2&#8243; _builder_version=&#8220;4.16&#8243; global_colors_info=&#8220;{}&#8220;][\/et_pb_divider][\/et_pb_column][\/et_pb_row][et_pb_row column_structure=&#8220;1_4,3_4&#8243; _builder_version=&#8220;4.16&#8243; global_colors_info=&#8220;{}&#8220;][et_pb_column type=&#8220;1_4&#8243; _builder_version=&#8220;4.16&#8243; global_colors_info=&#8220;{}&#8220;][\/et_pb_column][et_pb_column type=&#8220;3_4&#8243; _builder_version=&#8220;4.16&#8243; global_colors_info=&#8220;{}&#8220;][et_pb_text module_class=&#8220;c_blurb&#8220; _builder_version=&#8220;4.16&#8243; global_colors_info=&#8220;{}&#8220;]<\/p>\n<h2>Mgr. Kate\u0159ina Vesel\u00e1<\/h2>\n<h3 class=\"h3\">Vzd\u011bl\u00e1n\u00ed a specializace:<\/h3>\n<p>&nbsp;<\/p>\n<h3>Praxe v oboru:<\/h3>\n<p>&nbsp;<\/p>\n<h3>Jazykov\u00e9 znalosti:<\/h3>\n<p>&nbsp;<\/p>\n<p>[\/et_pb_text][\/et_pb_column][\/et_pb_row][et_pb_row _builder_version=&#8220;4.16&#8243; global_colors_info=&#8220;{}&#8220;][et_pb_column type=&#8220;4_4&#8243; _builder_version=&#8220;4.16&#8243; global_colors_info=&#8220;{}&#8220;][et_pb_divider color=&#8220;#e2e2e2&#8243; _builder_version=&#8220;4.16&#8243; global_colors_info=&#8220;{}&#8220;][\/et_pb_divider][\/et_pb_column][\/et_pb_row][\/et_pb_section]<\/p>\n","protected":false},"excerpt":{"rendered":"<p>Embryologick\u00e1 laborato\u0159Ing. Pavel Koubek, Ph.D., klinick\u00fd embryolog Vzd\u011bl\u00e1n\u00ed a specializace: Vysok\u00e1 \u0161kola chemicko-technologick\u00e1 v Praze. Obor: Biomedic\u00edna.Karlova Univerzita v Praze. Doktorsk\u00e9 studium: V\u00fdvojov\u00e1 biologie.Atestace: Klinick\u00fd embryolog. Praxe v oboru: 2002-2009 Odborn\u00fd pracovn\u00edk, \u00dastav molekul\u00e1rn\u00ed genetiky AV \u010cR, Odd\u011blen\u00ed biologie a biochemie fertilizace. 2006-2007 Odborn\u00fd pracovn\u00edk\/embryolog, FN Motol, Centrum reproduk\u010dn\u00ed medic\u00edny a reproduk\u010dn\u00ed genetiky. 2007-2011 Embryolog, [&hellip;]<\/p>\n","protected":false},"author":2,"featured_media":0,"parent":0,"menu_order":0,"comment_status":"closed","ping_status":"closed","template":"","meta":{"_acf_changed":false,"_et_pb_use_builder":"on","_et_pb_old_content":"<p>[et_pb_section fb_built=\"1\" _builder_version=\"4.4.0\" hover_enabled=\"0\" background_color=\"#e2e2e2\"][et_pb_row _builder_version=\"4.4.0\"][et_pb_column type=\"4_4\" _builder_version=\"4.4.0\"][et_pb_text module_class=\"c_blurb\" _builder_version=\"4.4.0\"]<\/p><h1>Embryologists<\/h1><p>[\/et_pb_text][\/et_pb_column][\/et_pb_row][\/et_pb_section][et_pb_section fb_built=\"1\" module_class=\"aboutus\" _builder_version=\"4.4.0\" hover_enabled=\"0\"][et_pb_row column_structure=\"1_4,3_4\" _builder_version=\"4.4.0\"][et_pb_column type=\"1_4\" _builder_version=\"4.4.0\"][et_pb_image src=\"https:\/\/fertilityport.com\/wp-content\/uploads\/2020\/03\/ing-veronika-famerova.jpg\" module_class=\"about_img\" _builder_version=\"4.4.0\"][\/et_pb_image][\/et_pb_column][et_pb_column type=\"3_4\" _builder_version=\"4.4.0\"][et_pb_text module_class=\"c_blurb\" _builder_version=\"4.4.0\"]<\/p><h2>Ing. Veronika Fam\u011brov\u00e1<\/h2><h3 class=\"h3\">Education and specialization:<\/h3><p>Czech University of Life Sciences in Prague, major: Soil Assessment and Protection<\/p><h3>Professional Experience:<\/h3><ul><li><strong>2010 \u2013 2012<\/strong>\u00a0Institute of Microbiology of the CAS \u2013 Expert worker<\/li><li><strong>2012 \u2013 2016<\/strong>\u00a0Embryologist at Iscare IVF<\/li><li><strong>2017<\/strong>\u00a0Certificate of acquisition of professional qualification to perform a medical occupation<\/li><li><strong>2017<\/strong>\u00a0Head of IVF Laboratory at Iscare IVF<\/li><\/ul><h3>Language skills:<\/h3><p>English<\/p><p>[\/et_pb_text][\/et_pb_column][\/et_pb_row][et_pb_row _builder_version=\"4.4.0\"][et_pb_column _builder_version=\"4.4.0\" type=\"4_4\"][et_pb_divider _builder_version=\"4.4.0\" color=\"#e2e2e2\" hover_enabled=\"0\"][\/et_pb_divider][\/et_pb_column][\/et_pb_row][et_pb_row column_structure=\"1_4,3_4\" _builder_version=\"4.4.0\"][et_pb_column type=\"1_4\" _builder_version=\"4.4.0\"][et_pb_image src=\"https:\/\/fertilityport.com\/wp-content\/uploads\/2020\/03\/mgr-eva-simkova.jpg\" _builder_version=\"4.4.0\"][\/et_pb_image][\/et_pb_column][et_pb_column type=\"3_4\" _builder_version=\"4.4.0\"][et_pb_text module_class=\"c_blurb\" _builder_version=\"4.4.0\"]<\/p><h2>Mgr. Eva \u0160imkov\u00e1<\/h2><h3>Education and specialization:<\/h3><p>Charles University in Prague, Faculty of Science, major: Hydrobiology<\/p><h3>Professional Experience:<\/h3><ul><li>2011 \u2013 2013 Embryologist, Pronatal Sanatorium<\/li><li>2013 \u2013 2015 Embryologist, Iscare IVF\u00a0<\/li><li>2015 \u2013 2016 IVF Laboratory Operations manager at Iscare IVF<\/li><\/ul><h3>Language skills:<\/h3><p>English; German (passive)<\/p><p>[\/et_pb_text][\/et_pb_column][\/et_pb_row][et_pb_row _builder_version=\"4.4.0\"][et_pb_column _builder_version=\"4.4.0\" type=\"4_4\"][et_pb_divider _builder_version=\"4.4.0\" color=\"#e2e2e2\" hover_enabled=\"0\"][\/et_pb_divider][\/et_pb_column][\/et_pb_row][et_pb_row column_structure=\"1_4,3_4\" _builder_version=\"4.4.0\"][et_pb_column type=\"1_4\" _builder_version=\"4.4.0\"][et_pb_image src=\"https:\/\/fertilityport.com\/wp-content\/uploads\/2020\/03\/ing-hana-batkova.jpg\" _builder_version=\"4.4.0\"][\/et_pb_image][\/et_pb_column][et_pb_column type=\"3_4\" _builder_version=\"4.4.0\"][et_pb_text module_class=\"c_blurb\" _builder_version=\"4.4.0\"]<\/p><h2>Ing. Hana Ba\u0165kov\u00e1<\/h2><h3 class=\"h3\">Education and specialization:<\/h3><p>Czech University of Life Sciences in Prague, major: Reproductive biotechnology<\/p><h3>Professional Experience:<\/h3><ul><li>Andrologist at Europe IVF International<\/li><\/ul><h3>Language skills:<\/h3><p>English<\/p><p>[\/et_pb_text][\/et_pb_column][\/et_pb_row][\/et_pb_section]<\/p>","_et_gb_content_width":"","footnotes":""},"class_list":["post-815","page","type-page","status-publish","hentry"],"acf":[],"yoast_head":"<!-- This site is optimized with the Yoast SEO plugin v27.4 - https:\/\/yoast.com\/product\/yoast-seo-wordpress\/ -->\n<title>Embryologick\u00e1 laborato\u0159 | FertilityPort Prague<\/title>\n<meta name=\"description\" content=\"V\u00fdb\u011br nejmodern\u011bj\u0161\u00edho vybaven\u00ed centra a nab\u00eddka metod zvolen\u00fdch na z\u00e1klad\u011b letit\u00fdch zku\u0161enost\u00ed na\u0161ich l\u00e9ka\u0159\u016f a embryolog\u016f\" \/>\n<meta name=\"robots\" content=\"index, follow, max-snippet:-1, max-image-preview:large, max-video-preview:-1\" \/>\n<link rel=\"canonical\" href=\"https:\/\/fertilityport.com\/cs\/embryologove\/\" \/>\n<meta property=\"og:locale\" content=\"cs_CZ\" \/>\n<meta property=\"og:type\" content=\"article\" \/>\n<meta property=\"og:title\" content=\"Embryologick\u00e1 laborato\u0159 | FertilityPort Prague\" \/>\n<meta property=\"og:description\" content=\"V\u00fdb\u011br nejmodern\u011bj\u0161\u00edho vybaven\u00ed centra a nab\u00eddka metod zvolen\u00fdch na z\u00e1klad\u011b letit\u00fdch zku\u0161enost\u00ed na\u0161ich l\u00e9ka\u0159\u016f a embryolog\u016f\" \/>\n<meta property=\"og:url\" content=\"https:\/\/fertilityport.com\/cs\/embryologove\/\" \/>\n<meta property=\"og:site_name\" content=\"FertilityPort Prague\" \/>\n<meta property=\"article:modified_time\" content=\"2025-04-13T14:52:04+00:00\" \/>\n<meta property=\"og:image\" content=\"https:\/\/fertilityport.com\/wp-content\/uploads\/2023\/03\/IMG_1772111.jpg\" \/>\n<meta name=\"twitter:card\" content=\"summary_large_image\" \/>\n<meta name=\"twitter:label1\" content=\"Odhadovan\u00e1 doba \u010dten\u00ed\" \/>\n\t<meta name=\"twitter:data1\" content=\"3 minuty\" \/>\n<script type=\"application\/ld+json\" class=\"yoast-schema-graph\">{\"@context\":\"https:\\\/\\\/schema.org\",\"@graph\":[{\"@type\":\"WebPage\",\"@id\":\"https:\\\/\\\/fertilityport.com\\\/cs\\\/embryologove\\\/\",\"url\":\"https:\\\/\\\/fertilityport.com\\\/cs\\\/embryologove\\\/\",\"name\":\"Embryologick\u00e1 laborato\u0159 | FertilityPort Prague\",\"isPartOf\":{\"@id\":\"https:\\\/\\\/fertilityport.com\\\/#website\"},\"primaryImageOfPage\":{\"@id\":\"https:\\\/\\\/fertilityport.com\\\/cs\\\/embryologove\\\/#primaryimage\"},\"image\":{\"@id\":\"https:\\\/\\\/fertilityport.com\\\/cs\\\/embryologove\\\/#primaryimage\"},\"thumbnailUrl\":\"https:\\\/\\\/fertilityport.com\\\/wp-content\\\/uploads\\\/2023\\\/03\\\/IMG_1772111.jpg\",\"datePublished\":\"2020-03-14T14:38:35+00:00\",\"dateModified\":\"2025-04-13T14:52:04+00:00\",\"description\":\"V\u00fdb\u011br nejmodern\u011bj\u0161\u00edho vybaven\u00ed centra a nab\u00eddka metod zvolen\u00fdch na z\u00e1klad\u011b letit\u00fdch zku\u0161enost\u00ed na\u0161ich l\u00e9ka\u0159\u016f a embryolog\u016f\",\"breadcrumb\":{\"@id\":\"https:\\\/\\\/fertilityport.com\\\/cs\\\/embryologove\\\/#breadcrumb\"},\"inLanguage\":\"cs\",\"potentialAction\":[{\"@type\":\"ReadAction\",\"target\":[\"https:\\\/\\\/fertilityport.com\\\/cs\\\/embryologove\\\/\"]}]},{\"@type\":\"ImageObject\",\"inLanguage\":\"cs\",\"@id\":\"https:\\\/\\\/fertilityport.com\\\/cs\\\/embryologove\\\/#primaryimage\",\"url\":\"https:\\\/\\\/fertilityport.com\\\/wp-content\\\/uploads\\\/2023\\\/03\\\/IMG_1772111.jpg\",\"contentUrl\":\"https:\\\/\\\/fertilityport.com\\\/wp-content\\\/uploads\\\/2023\\\/03\\\/IMG_1772111.jpg\"},{\"@type\":\"BreadcrumbList\",\"@id\":\"https:\\\/\\\/fertilityport.com\\\/cs\\\/embryologove\\\/#breadcrumb\",\"itemListElement\":[{\"@type\":\"ListItem\",\"position\":1,\"name\":\"Home\",\"item\":\"https:\\\/\\\/fertilityport.com\\\/\"},{\"@type\":\"ListItem\",\"position\":2,\"name\":\"Embryologov\u00e9\"}]},{\"@type\":\"WebSite\",\"@id\":\"https:\\\/\\\/fertilityport.com\\\/#website\",\"url\":\"https:\\\/\\\/fertilityport.com\\\/\",\"name\":\"FertilityPort Prague\",\"description\":\"\",\"potentialAction\":[{\"@type\":\"SearchAction\",\"target\":{\"@type\":\"EntryPoint\",\"urlTemplate\":\"https:\\\/\\\/fertilityport.com\\\/?s={search_term_string}\"},\"query-input\":{\"@type\":\"PropertyValueSpecification\",\"valueRequired\":true,\"valueName\":\"search_term_string\"}}],\"inLanguage\":\"cs\"}]}<\/script>\n<!-- \/ Yoast SEO plugin. -->","yoast_head_json":{"title":"Embryologick\u00e1 laborato\u0159 | FertilityPort Prague","description":"V\u00fdb\u011br nejmodern\u011bj\u0161\u00edho vybaven\u00ed centra a nab\u00eddka metod zvolen\u00fdch na z\u00e1klad\u011b letit\u00fdch zku\u0161enost\u00ed na\u0161ich l\u00e9ka\u0159\u016f a embryolog\u016f","robots":{"index":"index","follow":"follow","max-snippet":"max-snippet:-1","max-image-preview":"max-image-preview:large","max-video-preview":"max-video-preview:-1"},"canonical":"https:\/\/fertilityport.com\/cs\/embryologove\/","og_locale":"cs_CZ","og_type":"article","og_title":"Embryologick\u00e1 laborato\u0159 | FertilityPort Prague","og_description":"V\u00fdb\u011br nejmodern\u011bj\u0161\u00edho vybaven\u00ed centra a nab\u00eddka metod zvolen\u00fdch na z\u00e1klad\u011b letit\u00fdch zku\u0161enost\u00ed na\u0161ich l\u00e9ka\u0159\u016f a embryolog\u016f","og_url":"https:\/\/fertilityport.com\/cs\/embryologove\/","og_site_name":"FertilityPort Prague","article_modified_time":"2025-04-13T14:52:04+00:00","og_image":[{"url":"https:\/\/fertilityport.com\/wp-content\/uploads\/2023\/03\/IMG_1772111.jpg","type":"","width":"","height":""}],"twitter_card":"summary_large_image","twitter_misc":{"Odhadovan\u00e1 doba \u010dten\u00ed":"3 minuty"},"schema":{"@context":"https:\/\/schema.org","@graph":[{"@type":"WebPage","@id":"https:\/\/fertilityport.com\/cs\/embryologove\/","url":"https:\/\/fertilityport.com\/cs\/embryologove\/","name":"Embryologick\u00e1 laborato\u0159 | FertilityPort Prague","isPartOf":{"@id":"https:\/\/fertilityport.com\/#website"},"primaryImageOfPage":{"@id":"https:\/\/fertilityport.com\/cs\/embryologove\/#primaryimage"},"image":{"@id":"https:\/\/fertilityport.com\/cs\/embryologove\/#primaryimage"},"thumbnailUrl":"https:\/\/fertilityport.com\/wp-content\/uploads\/2023\/03\/IMG_1772111.jpg","datePublished":"2020-03-14T14:38:35+00:00","dateModified":"2025-04-13T14:52:04+00:00","description":"V\u00fdb\u011br nejmodern\u011bj\u0161\u00edho vybaven\u00ed centra a nab\u00eddka metod zvolen\u00fdch na z\u00e1klad\u011b letit\u00fdch zku\u0161enost\u00ed na\u0161ich l\u00e9ka\u0159\u016f a embryolog\u016f","breadcrumb":{"@id":"https:\/\/fertilityport.com\/cs\/embryologove\/#breadcrumb"},"inLanguage":"cs","potentialAction":[{"@type":"ReadAction","target":["https:\/\/fertilityport.com\/cs\/embryologove\/"]}]},{"@type":"ImageObject","inLanguage":"cs","@id":"https:\/\/fertilityport.com\/cs\/embryologove\/#primaryimage","url":"https:\/\/fertilityport.com\/wp-content\/uploads\/2023\/03\/IMG_1772111.jpg","contentUrl":"https:\/\/fertilityport.com\/wp-content\/uploads\/2023\/03\/IMG_1772111.jpg"},{"@type":"BreadcrumbList","@id":"https:\/\/fertilityport.com\/cs\/embryologove\/#breadcrumb","itemListElement":[{"@type":"ListItem","position":1,"name":"Home","item":"https:\/\/fertilityport.com\/"},{"@type":"ListItem","position":2,"name":"Embryologov\u00e9"}]},{"@type":"WebSite","@id":"https:\/\/fertilityport.com\/#website","url":"https:\/\/fertilityport.com\/","name":"FertilityPort Prague","description":"","potentialAction":[{"@type":"SearchAction","target":{"@type":"EntryPoint","urlTemplate":"https:\/\/fertilityport.com\/?s={search_term_string}"},"query-input":{"@type":"PropertyValueSpecification","valueRequired":true,"valueName":"search_term_string"}}],"inLanguage":"cs"}]}},"_links":{"self":[{"href":"https:\/\/fertilityport.com\/cs\/wp-json\/wp\/v2\/pages\/815","targetHints":{"allow":["GET"]}}],"collection":[{"href":"https:\/\/fertilityport.com\/cs\/wp-json\/wp\/v2\/pages"}],"about":[{"href":"https:\/\/fertilityport.com\/cs\/wp-json\/wp\/v2\/types\/page"}],"author":[{"embeddable":true,"href":"https:\/\/fertilityport.com\/cs\/wp-json\/wp\/v2\/users\/2"}],"replies":[{"embeddable":true,"href":"https:\/\/fertilityport.com\/cs\/wp-json\/wp\/v2\/comments?post=815"}],"version-history":[{"count":16,"href":"https:\/\/fertilityport.com\/cs\/wp-json\/wp\/v2\/pages\/815\/revisions"}],"predecessor-version":[{"id":7752,"href":"https:\/\/fertilityport.com\/cs\/wp-json\/wp\/v2\/pages\/815\/revisions\/7752"}],"wp:attachment":[{"href":"https:\/\/fertilityport.com\/cs\/wp-json\/wp\/v2\/media?parent=815"}],"curies":[{"name":"wp","href":"https:\/\/api.w.org\/{rel}","templated":true}]}}