{"id":821,"date":"2020-03-14T15:43:57","date_gmt":"2020-03-14T14:43:57","guid":{"rendered":"https:\/\/fertilityport.vesmirnekure.cz\/?page_id=821"},"modified":"2022-09-22T09:19:22","modified_gmt":"2022-09-22T07:19:22","slug":"mrazeni-a-uchovavani-vajicek","status":"publish","type":"page","link":"https:\/\/fertilityport.com\/cs\/mrazeni-a-uchovavani-vajicek\/","title":{"rendered":"Mra\u017een\u00ed a uchov\u00e1v\u00e1n\u00ed vaj\u00ed\u010dek"},"content":{"rendered":"<p>[et_pb_section fb_built=&#8220;1&#8243; module_class=&#8220;welcome&#8211;page&#8220; _builder_version=&#8220;4.16&#8243; background_image=&#8220;https:\/\/fertilityport.com\/wp-content\/uploads\/2020\/03\/social_freezing_head-egg.jpg&#8220; global_colors_info=&#8220;{}&#8220;][et_pb_row column_structure=&#8220;2_3,1_3&#8243; _builder_version=&#8220;4.16&#8243; global_colors_info=&#8220;{}&#8220;][et_pb_column type=&#8220;2_3&#8243; _builder_version=&#8220;4.16&#8243; global_colors_info=&#8220;{}&#8220;][et_pb_text module_class=&#8220;c_blurb&#8220; _builder_version=&#8220;4.16&#8243; global_colors_info=&#8220;{}&#8220;]<\/p>\n<h1>Mra\u017een\u00ed a uchov\u00e1v\u00e1n\u00ed vaj\u00ed\u010dek<\/h1>\n<p>Nen\u00ed vhodn\u00e1 situace na zakl\u00e1d\u00e1n\u00ed rodiny?<br \/>Zamrazen\u00ed vaj\u00ed\u010dek v\u00e1m d\u00e1v\u00e1 mo\u017enost,<br \/>jak si zachovat \u0161anci m\u00edt v budoucnu miminko.<\/p>\n<p>[\/et_pb_text][\/et_pb_column][et_pb_column type=&#8220;1_3&#8243; _builder_version=&#8220;4.16&#8243; global_colors_info=&#8220;{}&#8220;][\/et_pb_column][\/et_pb_row][\/et_pb_section][et_pb_section fb_built=&#8220;1&#8243; _builder_version=&#8220;4.16&#8243; global_colors_info=&#8220;{}&#8220;][et_pb_row _builder_version=&#8220;4.16&#8243; global_colors_info=&#8220;{}&#8220;][et_pb_column type=&#8220;4_4&#8243; _builder_version=&#8220;4.16&#8243; global_colors_info=&#8220;{}&#8220;][et_pb_text _builder_version=&#8220;4.16&#8243; global_colors_info=&#8220;{}&#8220;]<\/p>\n<p>V posledn\u00edch letech se v m\u00e9di\u00edch za\u010dalo hovo\u0159it o mo\u017enosti preventivn\u00edho zamra\u017een\u00ed vaj\u00ed\u010dek (tzv. social freezing). Metodu si vol\u00ed \u017eeny, kter\u00e9 nej\u010dast\u011bji ze soci\u00e1ln\u00edch d\u016fvod\u016f cht\u011bj\u00ed odlo\u017eit sv\u00e9 mate\u0159stv\u00ed a zalo\u017een\u00ed rodiny a\u017e po spln\u011bn\u00ed sv\u00fdch \u017eivotn\u00edch sn\u016f, dokon\u010den\u00ed kari\u00e9ry atd. Z medic\u00ednsk\u00e9ho hlediska nen\u00ed tento postupu zcela optim\u00e1ln\u00ed. Zejm\u00e9na po t\u0159ic\u00e1t\u00e9m p\u00e1t\u00e9m roce kles\u00e1 velmi rychle kvalita vaj\u00ed\u010dek. Proces sni\u017eov\u00e1n\u00ed kvality vaj\u00ed\u010dek se ale za\u010d\u00edn\u00e1 projevovat, i kdy\u017e pomaleji, ji\u017e po roce t\u0159ic\u00e1t\u00e9m. Jsou ale tak\u00e9 \u017eivotn\u00ed situace, jako nap\u0159. v\u00e1\u017en\u00e9 zdravotn\u00ed d\u016fvody, \u010di absence partnera, v t\u011bchto p\u0159\u00edpadech je \u017eena nucena mate\u0159stv\u00ed odlo\u017eit. Zde se nab\u00edz\u00ed zv\u00e1\u017eit mo\u017enost zachov\u00e1n\u00ed plodnosti \u2013 stimulace vaje\u010dn\u00edk\u016f, odb\u011br vaj\u00ed\u010dek a jejich n\u00e1sledn\u00e9 zamra\u017een\u00ed pro pou\u017eit\u00ed v budoucnu.<\/p>\n<p>Budeme r\u00e1di, kdy\u017e cel\u00fd tento postup s n\u00e1mi p\u0159ijdete zkonzultovat.<\/p>\n<p>[\/et_pb_text][\/et_pb_column][\/et_pb_row][\/et_pb_section][et_pb_section fb_built=&#8220;1&#8243; _builder_version=&#8220;4.16&#8243; background_image=&#8220;https:\/\/fertilityport.com\/wp-content\/uploads\/2020\/03\/socket.jpg&#8220; global_colors_info=&#8220;{}&#8220;][et_pb_row _builder_version=&#8220;4.16&#8243; global_colors_info=&#8220;{}&#8220;][et_pb_column type=&#8220;4_4&#8243; _builder_version=&#8220;4.16&#8243; global_colors_info=&#8220;{}&#8220;][\/et_pb_column][\/et_pb_row][\/et_pb_section][et_pb_section fb_built=&#8220;1&#8243; _builder_version=&#8220;4.16&#8243; background_color=&#8220;#d4a4a9&#8243; global_colors_info=&#8220;{}&#8220;][et_pb_row column_structure=&#8220;1_4,1_2,1_4&#8243; _builder_version=&#8220;4.16&#8243; global_colors_info=&#8220;{}&#8220;][et_pb_column type=&#8220;1_4&#8243; _builder_version=&#8220;4.16&#8243; global_colors_info=&#8220;{}&#8220;][\/et_pb_column][et_pb_column type=&#8220;1_2&#8243; _builder_version=&#8220;4.16&#8243; global_colors_info=&#8220;{}&#8220;][et_pb_text _builder_version=&#8220;4.17.6&#8243; hover_enabled=&#8220;0&#8243; global_colors_info=&#8220;{}&#8220; sticky_enabled=&#8220;0&#8243;]<\/p>\n<div class='fluentform ff-default fluentform_wrapper_9 ffs_default_wrap'><form data-form_id=\"9\" id=\"fluentform_9\" class=\"frm-fluent-form fluent_form_9 ff-el-form-top ff_form_instance_9_1 ff-form-loading form_bg ffs_default\" data-form_instance=\"ff_form_instance_9_1\" method=\"POST\" ><fieldset  style=\"border: none!important;margin: 0!important;padding: 0!important;background-color: transparent!important;box-shadow: none!important;outline: none!important; min-inline-size: 100%;\">\n                    <legend class=\"ff_screen_reader_title\" style=\"display: block; margin: 0!important;padding: 0!important;height: 0!important;text-indent: -999999px;width: 0!important;overflow:hidden;\">Darov\u00e1n\u00ed \/ zmra\u017een\u00ed - CZ<\/legend><input type='hidden' name='__fluent_form_embded_post_id' value='821' \/><input type=\"hidden\" id=\"_fluentform_9_fluentformnonce\" name=\"_fluentform_9_fluentformnonce\" value=\"6de167bfac\" \/><input type=\"hidden\" name=\"_wp_http_referer\" value=\"\/cs\/wp-json\/wp\/v2\/pages\/821\" \/><div class='ff-el-group'><div class=\"ff-el-input--label ff-el-is-required asterisk-right\"><label for='ff_9_input_text' id='label_ff_9_input_text' aria-label=\"Jm\u00e9no\">Jm\u00e9no<\/label><\/div><div class='ff-el-input--content'><input type=\"text\" name=\"input_text\" class=\"ff-el-form-control\" placeholder=\"Vlo\u017ete jm\u00e9no\" data-name=\"input_text\" id=\"ff_9_input_text\"  aria-invalid=\"false\" aria-required=true><\/div><\/div><div class='ff-el-group'><div class=\"ff-el-input--label ff-el-is-required asterisk-right\"><label for='ff_9_email' id='label_ff_9_email' aria-label=\"Email\">Email<\/label><\/div><div class='ff-el-input--content'><input type=\"email\" name=\"email\" id=\"ff_9_email\" class=\"ff-el-form-control\" placeholder=\"Vlo\u017ete email\" data-name=\"email\"  aria-invalid=\"false\" aria-required=true><\/div><\/div><div class='ff-el-group'><div class=\"ff-el-input--label ff-el-is-required asterisk-right\"><label for='ff_9_phone' id='label_ff_9_phone' aria-label=\"Telephone\">Telephone<\/label><\/div><div class='ff-el-input--content'><input name=\"phone\" class=\"ff-el-form-control ff-el-phone ff_el_with_extended_validation\" type=\"tel\" data-name=\"phone\" id=\"ff_9_phone\" inputmode=\"tel\"  aria-invalid='false' aria-required=true><\/div><\/div><div class='ff-el-group'><div class=\"ff-el-input--label ff-el-is-required asterisk-right\"><label for='ff_9_numeric-field' id='label_ff_9_numeric-field' aria-label=\"V\u011bk\">V\u011bk<\/label><\/div><div class='ff-el-input--content'><input type=\"number\" name=\"numeric-field\" id=\"ff_9_numeric-field\" class=\"ff-el-form-control\" placeholder=\"Zadejte sv\u016fj v\u011bk\" data-name=\"numeric-field\" inputmode=\"numeric\" step=\"any\"  aria-invalid=\"false\" aria-required=true><\/div><\/div><div class='ff-el-group'><div class=\"ff-el-input--label ff-el-is-required asterisk-right\"><label for='ff_9_description' id='label_ff_9_description' aria-label=\"Zpr\u00e1va\">Zpr\u00e1va<\/label><\/div><div class='ff-el-input--content'><textarea aria-required=\"true\" aria-labelledby=\"label_ff_9_description\" name=\"description\" id=\"ff_9_description\" class=\"ff-el-form-control\" placeholder=\"Vlo\u017ete zpr\u00e1vu\" rows=\"3\" cols=\"2\" data-name=\"description\" ><\/textarea><\/div><\/div><div class='ff-el-group    ff-el-input--content'><div class='ff-el-form-check ff-el-tc'><label aria-label='U\u017e jsem u v\u00e1s byl(a)' class='ff-el-form-check-label ff_tc_label' for=terms-n-condition_72c02b5c8d729738576f772a94eafcd9><span class='ff_tc_checkbox'><input type=\"checkbox\" name=\"terms-n-condition\" class=\"ff-el-form-check-input\" data-name=\"terms-n-condition\" id=\"terms-n-condition_72c02b5c8d729738576f772a94eafcd9\"  value='on' aria-invalid='false' aria-required=false><\/span> <div class='ff_t_c'><p>U\u017e jsem u v\u00e1s byl(a)<\/p><\/div><\/label><\/div><\/div><div class='ff-el-group    ff-el-input--content'><div class='ff-el-form-check ff-el-tc'><label aria-label='Terms and Conditions: Souhlas\u00edm se zpracov\u00e1n\u00edm osobn\u00edch \u00fadaj\u016f ve smyslu z\u00e1kona o ochran\u011b osobn\u00edch \u00fadaj\u016f \u010d. 110\/2019 Sb. Contains 1 link. Use tab navigation to review.' class='ff-el-form-check-label ff_tc_label' for=terms-n-condition_1_bb189577f45c0a4230861780b5d4a9e8><span class='ff_tc_checkbox'><input type=\"checkbox\" name=\"terms-n-condition_1\" class=\"ff-el-form-check-input\" data-name=\"terms-n-condition_1\" id=\"terms-n-condition_1_bb189577f45c0a4230861780b5d4a9e8\"  value='on' aria-invalid='false' aria-required=true><\/span> <div class='ff_t_c'><p>Souhlas\u00edm se<span style=\"text-decoration: underline;color: #ffffff\"> <a style=\"color: #ffffff;text-decoration: underline\" href=\"https:\/\/fertilityport.com\/cs\/gdpr\/\">zpracov\u00e1n\u00edm osobn\u00edch \u00fadaj\u016f<\/a> <\/span>ve smyslu z\u00e1kona o ochran\u011b osobn\u00edch \u00fadaj\u016f \u010d. 110\/2019 Sb.<\/p><\/div><\/label><\/div><\/div><div class='ff-el-group ff-text-left ff_submit_btn_wrapper'><button type=\"submit\" class=\"ff-btn ff-btn-submit ff-btn-md btn btn--secondary ff_btn_no_style\"  aria-label=\"Odeslat\">Odeslat<\/button><\/div><\/fieldset><\/form><div id='fluentform_9_errors' class='ff-errors-in-stack ff_form_instance_9_1 ff-form-loading_errors ff_form_instance_9_1_errors'><\/div><\/div>            <script type=\"text\/javascript\">\n                window.fluent_form_ff_form_instance_9_1 = {\"id\":\"9\",\"ajaxUrl\":\"https:\\\/\\\/fertilityport.com\\\/wp-admin\\\/admin-ajax.php\",\"settings\":{\"layout\":{\"labelPlacement\":\"top\",\"helpMessagePlacement\":\"with_label\",\"errorMessagePlacement\":\"inline\",\"asteriskPlacement\":\"asterisk-right\"},\"restrictions\":{\"denyEmptySubmission\":{\"enabled\":false}}},\"form_instance\":\"ff_form_instance_9_1\",\"form_id_selector\":\"fluentform_9\",\"rules\":{\"input_text\":{\"required\":{\"value\":true,\"message\":\"Toto pole je povinn\\u00e9.\",\"global\":false,\"global_message\":\"This field is required\"}},\"email\":{\"required\":{\"value\":true,\"message\":\"Toto pole je povinn\\u00e9.\",\"global\":false,\"global_message\":\"This field is required\"},\"email\":{\"value\":true,\"message\":\"This field must contain a valid email\",\"global\":false,\"global_message\":\"This field must contain a valid email\"}},\"phone\":{\"required\":{\"value\":true,\"message\":\"Toto pole je povinn\\u00e9.\",\"global\":false,\"global_message\":\"This field is required\"},\"valid_phone_number\":{\"value\":true,\"message\":\"Phone number is not valid\",\"global\":false,\"global_message\":\"Phone number is not valid\"}},\"numeric-field\":{\"required\":{\"value\":true,\"message\":\"Toto pole je povinn\\u00e9.\",\"global\":false,\"global_message\":\"This field is required\"},\"numeric\":{\"value\":true,\"message\":\"This field must contain numeric value\",\"global\":false,\"global_message\":\"This field must contain numeric value\"},\"min\":{\"value\":\"\",\"message\":\"Minimum value is \",\"global\":false,\"global_message\":\"Validation fails for minimum value\"},\"max\":{\"value\":\"\",\"message\":\"Maximum value is \",\"global\":false,\"global_message\":\"Validation fails for maximum value\"},\"digits\":{\"value\":\"\",\"message\":\"The number of digits has to be \",\"global\":false,\"global_message\":\"Validation fails for limited digits\"}},\"description\":{\"required\":{\"value\":true,\"message\":\"Toto pole je povinn\\u00e9.\",\"global\":false,\"global_message\":\"This field is required\"}},\"terms-n-condition\":{\"required\":{\"value\":false,\"message\":\"This field is required\",\"global\":false,\"global_message\":\"This field is required\"}},\"terms-n-condition_1\":{\"required\":{\"value\":true,\"message\":\"Toto pole je povinn\\u00e9.\",\"global\":false,\"global_message\":\"This field is required\"}}},\"debounce_time\":300};\n                            <\/script>\n            \n<p>[\/et_pb_text][\/et_pb_column][et_pb_column type=&#8220;1_4&#8243; _builder_version=&#8220;4.16&#8243; global_colors_info=&#8220;{}&#8220;][\/et_pb_column][\/et_pb_row][\/et_pb_section]<\/p>\n","protected":false},"excerpt":{"rendered":"<p>Mra\u017een\u00ed a uchov\u00e1v\u00e1n\u00ed vaj\u00ed\u010dek Nen\u00ed vhodn\u00e1 situace na zakl\u00e1d\u00e1n\u00ed rodiny?Zamrazen\u00ed vaj\u00ed\u010dek v\u00e1m d\u00e1v\u00e1 mo\u017enost,jak si zachovat \u0161anci m\u00edt v budoucnu miminko.V posledn\u00edch letech se v m\u00e9di\u00edch za\u010dalo hovo\u0159it o mo\u017enosti preventivn\u00edho zamra\u017een\u00ed vaj\u00ed\u010dek (tzv. social freezing). Metodu si vol\u00ed \u017eeny, kter\u00e9 nej\u010dast\u011bji ze soci\u00e1ln\u00edch d\u016fvod\u016f cht\u011bj\u00ed odlo\u017eit sv\u00e9 mate\u0159stv\u00ed a zalo\u017een\u00ed rodiny a\u017e po spln\u011bn\u00ed [&hellip;]<\/p>\n","protected":false},"author":2,"featured_media":0,"parent":0,"menu_order":0,"comment_status":"closed","ping_status":"closed","template":"","meta":{"_acf_changed":false,"_et_pb_use_builder":"on","_et_pb_old_content":"<p>[et_pb_section fb_built=\"1\" _builder_version=\"4.4.0\" background_image=\"https:\/\/fertilityport.com\/wp-content\/uploads\/2020\/03\/social_freezing_head-egg.jpg\"][et_pb_row column_structure=\"2_3,1_3\" _builder_version=\"4.4.0\"][et_pb_column type=\"2_3\" _builder_version=\"4.4.0\"][et_pb_text module_class=\"c_blurb\" _builder_version=\"4.4.0\"]<\/p><h1>Freezing and cryopreservation of eggs<\/h1><p>Is your current situation not suitable for starting a family?<br \/>Freezing eggs gives you the opportunity how to maintain<br \/>a chance to have a baby in the future.[\/et_pb_text][\/et_pb_column][et_pb_column type=\"1_3\" _builder_version=\"4.4.0\"][\/et_pb_column][\/et_pb_row][\/et_pb_section][et_pb_section fb_built=\"1\" _builder_version=\"4.4.0\"][et_pb_row _builder_version=\"4.4.0\"][et_pb_column type=\"4_4\" _builder_version=\"4.4.0\"][et_pb_text _builder_version=\"4.4.0\"]Lately the media have begun covering the possibility of preventive freezing of eggs (social freezing) for women, who, most usually due to social reasons, want to postpone their motherhood and start their family after fulfilling their life dreams, professional careers, etc. This procedure is not regarded as optimal by the medical science due to a number of reasons. It must be noted that the woman\u2019s age is the main limiting factor of reaching the ultimate goal, or pregnancy, and no woman should delay her effort of becoming pregnant too much. Especially after reaching the second half of the third decade of her life the egg quality begins to drop rapidly. This can be witnessed, albeit at a slower rate, already when the woman turns thirty. There are, however, such life situations, e.g. serious medical reasons, absence of partner, when the only chance for keeping the chances of future offspring is the stimulation of ovaries, collection and freezing of the woman\u2019s eggs. The same applies to this method as to all the others \u2013 the sooner it is performed the better. If only medical recommendations are to be considered, this procedure should be performed no later than at 25-30 years of age.<\/p><p>Should you want to consult us we will gladly provide information on the whole procedure.[\/et_pb_text][\/et_pb_column][\/et_pb_row][\/et_pb_section][et_pb_section fb_built=\"1\" _builder_version=\"4.4.0\" background_image=\"https:\/\/fertilityport.com\/wp-content\/uploads\/2020\/03\/socket.jpg\"][et_pb_row _builder_version=\"4.4.0\"][et_pb_column _builder_version=\"4.4.0\" type=\"4_4\"][\/et_pb_column][\/et_pb_row][\/et_pb_section][et_pb_section fb_built=\"1\" _builder_version=\"4.4.0\" background_color=\"#d4a4a9\"][et_pb_row column_structure=\"1_4,1_2,1_4\" _builder_version=\"4.4.0\"][et_pb_column type=\"1_4\" _builder_version=\"4.4.0\"][\/et_pb_column][et_pb_column type=\"1_2\" _builder_version=\"4.4.0\"][et_pb_text _builder_version=\"4.4.0\"][contact-form-7 id=\"348\" title=\"EN - Egg freezing\"][\/et_pb_text][\/et_pb_column][et_pb_column type=\"1_4\" _builder_version=\"4.4.0\"][\/et_pb_column][\/et_pb_row][\/et_pb_section]<\/p>","_et_gb_content_width":"","footnotes":""},"class_list":["post-821","page","type-page","status-publish","hentry"],"acf":[],"yoast_head":"<!-- This site is optimized with the Yoast SEO plugin v27.4 - https:\/\/yoast.com\/product\/yoast-seo-wordpress\/ -->\n<title>Mra\u017een\u00ed a uchov\u00e1v\u00e1n\u00ed vaj\u00ed\u010dek| FertilityPort Prague<\/title>\n<meta name=\"description\" content=\"Nen\u00ed vhodn\u00e1 situace na zakl\u00e1d\u00e1n\u00ed rodiny? Zamrazen\u00ed vaj\u00ed\u010dek v\u00e1m d\u00e1v\u00e1 mo\u017enost, jak si zachovat \u0161anci m\u00edt v budoucnu miminko.\" \/>\n<meta name=\"robots\" content=\"index, follow, max-snippet:-1, max-image-preview:large, max-video-preview:-1\" \/>\n<link rel=\"canonical\" href=\"https:\/\/fertilityport.com\/cs\/mrazeni-a-uchovavani-vajicek\/\" \/>\n<meta property=\"og:locale\" content=\"cs_CZ\" \/>\n<meta property=\"og:type\" content=\"article\" \/>\n<meta property=\"og:title\" content=\"Mra\u017een\u00ed a uchov\u00e1v\u00e1n\u00ed vaj\u00ed\u010dek| FertilityPort Prague\" \/>\n<meta property=\"og:description\" content=\"Nen\u00ed vhodn\u00e1 situace na zakl\u00e1d\u00e1n\u00ed rodiny? Zamrazen\u00ed vaj\u00ed\u010dek v\u00e1m d\u00e1v\u00e1 mo\u017enost, jak si zachovat \u0161anci m\u00edt v budoucnu miminko.\" \/>\n<meta property=\"og:url\" content=\"https:\/\/fertilityport.com\/cs\/mrazeni-a-uchovavani-vajicek\/\" \/>\n<meta property=\"og:site_name\" content=\"FertilityPort Prague\" \/>\n<meta property=\"article:modified_time\" content=\"2022-09-22T07:19:22+00:00\" \/>\n<meta name=\"twitter:card\" content=\"summary_large_image\" \/>\n<meta name=\"twitter:label1\" content=\"Odhadovan\u00e1 doba \u010dten\u00ed\" \/>\n\t<meta name=\"twitter:data1\" content=\"2 minuty\" \/>\n<script type=\"application\/ld+json\" class=\"yoast-schema-graph\">{\"@context\":\"https:\\\/\\\/schema.org\",\"@graph\":[{\"@type\":\"WebPage\",\"@id\":\"https:\\\/\\\/fertilityport.com\\\/cs\\\/mrazeni-a-uchovavani-vajicek\\\/\",\"url\":\"https:\\\/\\\/fertilityport.com\\\/cs\\\/mrazeni-a-uchovavani-vajicek\\\/\",\"name\":\"Mra\u017een\u00ed a uchov\u00e1v\u00e1n\u00ed vaj\u00ed\u010dek| FertilityPort Prague\",\"isPartOf\":{\"@id\":\"https:\\\/\\\/fertilityport.com\\\/#website\"},\"datePublished\":\"2020-03-14T14:43:57+00:00\",\"dateModified\":\"2022-09-22T07:19:22+00:00\",\"description\":\"Nen\u00ed vhodn\u00e1 situace na zakl\u00e1d\u00e1n\u00ed rodiny? Zamrazen\u00ed vaj\u00ed\u010dek v\u00e1m d\u00e1v\u00e1 mo\u017enost, jak si zachovat \u0161anci m\u00edt v budoucnu miminko.\",\"breadcrumb\":{\"@id\":\"https:\\\/\\\/fertilityport.com\\\/cs\\\/mrazeni-a-uchovavani-vajicek\\\/#breadcrumb\"},\"inLanguage\":\"cs\",\"potentialAction\":[{\"@type\":\"ReadAction\",\"target\":[\"https:\\\/\\\/fertilityport.com\\\/cs\\\/mrazeni-a-uchovavani-vajicek\\\/\"]}]},{\"@type\":\"BreadcrumbList\",\"@id\":\"https:\\\/\\\/fertilityport.com\\\/cs\\\/mrazeni-a-uchovavani-vajicek\\\/#breadcrumb\",\"itemListElement\":[{\"@type\":\"ListItem\",\"position\":1,\"name\":\"Home\",\"item\":\"https:\\\/\\\/fertilityport.com\\\/\"},{\"@type\":\"ListItem\",\"position\":2,\"name\":\"Mra\u017een\u00ed a uchov\u00e1v\u00e1n\u00ed vaj\u00ed\u010dek\"}]},{\"@type\":\"WebSite\",\"@id\":\"https:\\\/\\\/fertilityport.com\\\/#website\",\"url\":\"https:\\\/\\\/fertilityport.com\\\/\",\"name\":\"FertilityPort Prague\",\"description\":\"\",\"potentialAction\":[{\"@type\":\"SearchAction\",\"target\":{\"@type\":\"EntryPoint\",\"urlTemplate\":\"https:\\\/\\\/fertilityport.com\\\/?s={search_term_string}\"},\"query-input\":{\"@type\":\"PropertyValueSpecification\",\"valueRequired\":true,\"valueName\":\"search_term_string\"}}],\"inLanguage\":\"cs\"}]}<\/script>\n<!-- \/ Yoast SEO plugin. -->","yoast_head_json":{"title":"Mra\u017een\u00ed a uchov\u00e1v\u00e1n\u00ed vaj\u00ed\u010dek| FertilityPort Prague","description":"Nen\u00ed vhodn\u00e1 situace na zakl\u00e1d\u00e1n\u00ed rodiny? Zamrazen\u00ed vaj\u00ed\u010dek v\u00e1m d\u00e1v\u00e1 mo\u017enost, jak si zachovat \u0161anci m\u00edt v budoucnu miminko.","robots":{"index":"index","follow":"follow","max-snippet":"max-snippet:-1","max-image-preview":"max-image-preview:large","max-video-preview":"max-video-preview:-1"},"canonical":"https:\/\/fertilityport.com\/cs\/mrazeni-a-uchovavani-vajicek\/","og_locale":"cs_CZ","og_type":"article","og_title":"Mra\u017een\u00ed a uchov\u00e1v\u00e1n\u00ed vaj\u00ed\u010dek| FertilityPort Prague","og_description":"Nen\u00ed vhodn\u00e1 situace na zakl\u00e1d\u00e1n\u00ed rodiny? Zamrazen\u00ed vaj\u00ed\u010dek v\u00e1m d\u00e1v\u00e1 mo\u017enost, jak si zachovat \u0161anci m\u00edt v budoucnu miminko.","og_url":"https:\/\/fertilityport.com\/cs\/mrazeni-a-uchovavani-vajicek\/","og_site_name":"FertilityPort Prague","article_modified_time":"2022-09-22T07:19:22+00:00","twitter_card":"summary_large_image","twitter_misc":{"Odhadovan\u00e1 doba \u010dten\u00ed":"2 minuty"},"schema":{"@context":"https:\/\/schema.org","@graph":[{"@type":"WebPage","@id":"https:\/\/fertilityport.com\/cs\/mrazeni-a-uchovavani-vajicek\/","url":"https:\/\/fertilityport.com\/cs\/mrazeni-a-uchovavani-vajicek\/","name":"Mra\u017een\u00ed a uchov\u00e1v\u00e1n\u00ed vaj\u00ed\u010dek| FertilityPort Prague","isPartOf":{"@id":"https:\/\/fertilityport.com\/#website"},"datePublished":"2020-03-14T14:43:57+00:00","dateModified":"2022-09-22T07:19:22+00:00","description":"Nen\u00ed vhodn\u00e1 situace na zakl\u00e1d\u00e1n\u00ed rodiny? Zamrazen\u00ed vaj\u00ed\u010dek v\u00e1m d\u00e1v\u00e1 mo\u017enost, jak si zachovat \u0161anci m\u00edt v budoucnu miminko.","breadcrumb":{"@id":"https:\/\/fertilityport.com\/cs\/mrazeni-a-uchovavani-vajicek\/#breadcrumb"},"inLanguage":"cs","potentialAction":[{"@type":"ReadAction","target":["https:\/\/fertilityport.com\/cs\/mrazeni-a-uchovavani-vajicek\/"]}]},{"@type":"BreadcrumbList","@id":"https:\/\/fertilityport.com\/cs\/mrazeni-a-uchovavani-vajicek\/#breadcrumb","itemListElement":[{"@type":"ListItem","position":1,"name":"Home","item":"https:\/\/fertilityport.com\/"},{"@type":"ListItem","position":2,"name":"Mra\u017een\u00ed a uchov\u00e1v\u00e1n\u00ed vaj\u00ed\u010dek"}]},{"@type":"WebSite","@id":"https:\/\/fertilityport.com\/#website","url":"https:\/\/fertilityport.com\/","name":"FertilityPort Prague","description":"","potentialAction":[{"@type":"SearchAction","target":{"@type":"EntryPoint","urlTemplate":"https:\/\/fertilityport.com\/?s={search_term_string}"},"query-input":{"@type":"PropertyValueSpecification","valueRequired":true,"valueName":"search_term_string"}}],"inLanguage":"cs"}]}},"_links":{"self":[{"href":"https:\/\/fertilityport.com\/cs\/wp-json\/wp\/v2\/pages\/821","targetHints":{"allow":["GET"]}}],"collection":[{"href":"https:\/\/fertilityport.com\/cs\/wp-json\/wp\/v2\/pages"}],"about":[{"href":"https:\/\/fertilityport.com\/cs\/wp-json\/wp\/v2\/types\/page"}],"author":[{"embeddable":true,"href":"https:\/\/fertilityport.com\/cs\/wp-json\/wp\/v2\/users\/2"}],"replies":[{"embeddable":true,"href":"https:\/\/fertilityport.com\/cs\/wp-json\/wp\/v2\/comments?post=821"}],"version-history":[{"count":7,"href":"https:\/\/fertilityport.com\/cs\/wp-json\/wp\/v2\/pages\/821\/revisions"}],"predecessor-version":[{"id":5802,"href":"https:\/\/fertilityport.com\/cs\/wp-json\/wp\/v2\/pages\/821\/revisions\/5802"}],"wp:attachment":[{"href":"https:\/\/fertilityport.com\/cs\/wp-json\/wp\/v2\/media?parent=821"}],"curies":[{"name":"wp","href":"https:\/\/api.w.org\/{rel}","templated":true}]}}