{"id":827,"date":"2020-03-14T15:46:01","date_gmt":"2020-03-14T14:46:01","guid":{"rendered":"https:\/\/fertilityport.vesmirnekure.cz\/?page_id=827"},"modified":"2022-09-22T09:19:44","modified_gmt":"2022-09-22T07:19:44","slug":"mrazeni-a-uchovavani-spermii","status":"publish","type":"page","link":"https:\/\/fertilityport.com\/cs\/mrazeni-a-uchovavani-spermii\/","title":{"rendered":"Mra\u017een\u00ed a uchov\u00e1v\u00e1n\u00ed spermi\u00ed"},"content":{"rendered":"<p>[et_pb_section fb_built=&#8220;1&#8243; module_class=&#8220;welcome&#8211;page&#8220; _builder_version=&#8220;4.16&#8243; background_image=&#8220;https:\/\/fertilityport.com\/wp-content\/uploads\/2020\/03\/zamrazeni_spermii_head.jpg&#8220; global_colors_info=&#8220;{}&#8220;][et_pb_row column_structure=&#8220;2_3,1_3&#8243; _builder_version=&#8220;4.16&#8243; global_colors_info=&#8220;{}&#8220;][et_pb_column type=&#8220;2_3&#8243; _builder_version=&#8220;4.16&#8243; global_colors_info=&#8220;{}&#8220;][et_pb_text module_class=&#8220;c_blurb&#8220; _builder_version=&#8220;4.16&#8243; global_colors_info=&#8220;{}&#8220;]<\/p>\n<h1>Mra\u017een\u00ed a uchov\u00e1v\u00e1n\u00ed spermi\u00ed<\/h1>\n<p>Na zalo\u017een\u00ed rodiny nen\u00ed je\u0161t\u011b ten spr\u00e1vn\u00fd moment? Spolehliv\u00fd zp\u016fsob jak zachovat plodnost i v budoucnu je nechat si nyn\u00ed zamrazit sv\u00e9 spermie.<\/p>\n<p>[\/et_pb_text][\/et_pb_column][et_pb_column type=&#8220;1_3&#8243; _builder_version=&#8220;4.16&#8243; global_colors_info=&#8220;{}&#8220;][\/et_pb_column][\/et_pb_row][\/et_pb_section][et_pb_section fb_built=&#8220;1&#8243; _builder_version=&#8220;4.16&#8243; global_colors_info=&#8220;{}&#8220;][et_pb_row _builder_version=&#8220;4.16&#8243; global_colors_info=&#8220;{}&#8220;][et_pb_column type=&#8220;4_4&#8243; _builder_version=&#8220;4.16&#8243; global_colors_info=&#8220;{}&#8220;][et_pb_text _builder_version=&#8220;4.16&#8243; global_colors_info=&#8220;{}&#8220;]<\/p>\n<p>S p\u0159ib\u00fdvaj\u00edc\u00edm v\u011bkem m\u016f\u017ee u mu\u017e\u016f klesat kvalita genetick\u00e9 informace ve spermi\u00edch. Metodu social freezing vyhled\u00e1vaj\u00ed \u010dasto mu\u017ei, kte\u0159\u00ed odkl\u00e1daj\u00ed rodi\u010dovstv\u00ed. Zamra\u017een\u00ed spermi\u00ed je v\u0161ak vhodn\u00e9 tak\u00e9 pro mu\u017ee, kte\u0159\u00ed vykon\u00e1vaj\u00ed rizikov\u00e1 povol\u00e1n\u00ed (nap\u0159. se zv\u00fd\u0161enou koncentrac\u00ed \u0161kodliv\u00fdch l\u00e1tek), kter\u00e1 mohou ovlivnit kvalitu spermi\u00ed, nebo mu\u017ei, kte\u0159\u00ed mus\u00ed podstoupit onkologickou l\u00e9\u010dbu.<\/p>\n<p>Budeme r\u00e1di, kdy\u017e cel\u00fd tento postup s n\u00e1mi p\u0159ijdete zkonzultovat.<\/p>\n<p>[\/et_pb_text][\/et_pb_column][\/et_pb_row][\/et_pb_section][et_pb_section fb_built=&#8220;1&#8243; _builder_version=&#8220;4.16&#8243; background_image=&#8220;https:\/\/fertilityport.com\/wp-content\/uploads\/2020\/03\/socket.jpg&#8220; global_colors_info=&#8220;{}&#8220;][et_pb_row _builder_version=&#8220;4.16&#8243; global_colors_info=&#8220;{}&#8220;][et_pb_column type=&#8220;4_4&#8243; _builder_version=&#8220;4.16&#8243; global_colors_info=&#8220;{}&#8220;][\/et_pb_column][\/et_pb_row][\/et_pb_section][et_pb_section fb_built=&#8220;1&#8243; _builder_version=&#8220;4.16&#8243; background_color=&#8220;#d4a4a9&#8243; global_colors_info=&#8220;{}&#8220;][et_pb_row column_structure=&#8220;1_4,1_2,1_4&#8243; _builder_version=&#8220;4.16&#8243; global_colors_info=&#8220;{}&#8220;][et_pb_column type=&#8220;1_4&#8243; _builder_version=&#8220;4.16&#8243; global_colors_info=&#8220;{}&#8220;][\/et_pb_column][et_pb_column type=&#8220;1_2&#8243; _builder_version=&#8220;4.16&#8243; global_colors_info=&#8220;{}&#8220;][et_pb_text _builder_version=&#8220;4.17.6&#8243; hover_enabled=&#8220;0&#8243; global_colors_info=&#8220;{}&#8220; sticky_enabled=&#8220;0&#8243;]<\/p>\n<div class='fluentform ff-default fluentform_wrapper_9 ffs_default_wrap'><form data-form_id=\"9\" id=\"fluentform_9\" class=\"frm-fluent-form fluent_form_9 ff-el-form-top ff_form_instance_9_1 ff-form-loading form_bg ffs_default\" data-form_instance=\"ff_form_instance_9_1\" method=\"POST\" ><fieldset  style=\"border: none!important;margin: 0!important;padding: 0!important;background-color: transparent!important;box-shadow: none!important;outline: none!important; min-inline-size: 100%;\">\n                    <legend class=\"ff_screen_reader_title\" style=\"display: block; margin: 0!important;padding: 0!important;height: 0!important;text-indent: -999999px;width: 0!important;overflow:hidden;\">Darov\u00e1n\u00ed \/ zmra\u017een\u00ed - CZ<\/legend><input type='hidden' name='__fluent_form_embded_post_id' value='827' \/><input type=\"hidden\" id=\"_fluentform_9_fluentformnonce\" name=\"_fluentform_9_fluentformnonce\" value=\"7b82a0c305\" \/><input type=\"hidden\" name=\"_wp_http_referer\" value=\"\/cs\/wp-json\/wp\/v2\/pages\/827\" \/><div class='ff-el-group'><div class=\"ff-el-input--label ff-el-is-required asterisk-right\"><label for='ff_9_input_text' id='label_ff_9_input_text' aria-label=\"Jm\u00e9no\">Jm\u00e9no<\/label><\/div><div class='ff-el-input--content'><input type=\"text\" name=\"input_text\" class=\"ff-el-form-control\" placeholder=\"Vlo\u017ete jm\u00e9no\" data-name=\"input_text\" id=\"ff_9_input_text\"  aria-invalid=\"false\" aria-required=true><\/div><\/div><div class='ff-el-group'><div class=\"ff-el-input--label ff-el-is-required asterisk-right\"><label for='ff_9_email' id='label_ff_9_email' aria-label=\"Email\">Email<\/label><\/div><div class='ff-el-input--content'><input type=\"email\" name=\"email\" id=\"ff_9_email\" class=\"ff-el-form-control\" placeholder=\"Vlo\u017ete email\" data-name=\"email\"  aria-invalid=\"false\" aria-required=true><\/div><\/div><div class='ff-el-group'><div class=\"ff-el-input--label ff-el-is-required asterisk-right\"><label for='ff_9_phone' id='label_ff_9_phone' aria-label=\"Telephone\">Telephone<\/label><\/div><div class='ff-el-input--content'><input name=\"phone\" class=\"ff-el-form-control ff-el-phone ff_el_with_extended_validation\" type=\"tel\" data-name=\"phone\" id=\"ff_9_phone\" inputmode=\"tel\"  aria-invalid='false' aria-required=true><\/div><\/div><div class='ff-el-group'><div class=\"ff-el-input--label ff-el-is-required asterisk-right\"><label for='ff_9_numeric-field' id='label_ff_9_numeric-field' aria-label=\"V\u011bk\">V\u011bk<\/label><\/div><div class='ff-el-input--content'><input type=\"number\" name=\"numeric-field\" id=\"ff_9_numeric-field\" class=\"ff-el-form-control\" placeholder=\"Zadejte sv\u016fj v\u011bk\" data-name=\"numeric-field\" inputmode=\"numeric\" step=\"any\"  aria-invalid=\"false\" aria-required=true><\/div><\/div><div class='ff-el-group'><div class=\"ff-el-input--label ff-el-is-required asterisk-right\"><label for='ff_9_description' id='label_ff_9_description' aria-label=\"Zpr\u00e1va\">Zpr\u00e1va<\/label><\/div><div class='ff-el-input--content'><textarea aria-required=\"true\" aria-labelledby=\"label_ff_9_description\" name=\"description\" id=\"ff_9_description\" class=\"ff-el-form-control\" placeholder=\"Vlo\u017ete zpr\u00e1vu\" rows=\"3\" cols=\"2\" data-name=\"description\" ><\/textarea><\/div><\/div><div class='ff-el-group    ff-el-input--content'><div class='ff-el-form-check ff-el-tc'><label aria-label='U\u017e jsem u v\u00e1s byl(a)' class='ff-el-form-check-label ff_tc_label' for=terms-n-condition_88544a7152c850eadfccc0c6125f2b41><span class='ff_tc_checkbox'><input type=\"checkbox\" name=\"terms-n-condition\" class=\"ff-el-form-check-input\" data-name=\"terms-n-condition\" id=\"terms-n-condition_88544a7152c850eadfccc0c6125f2b41\"  value='on' aria-invalid='false' aria-required=false><\/span> <div class='ff_t_c'><p>U\u017e jsem u v\u00e1s byl(a)<\/p><\/div><\/label><\/div><\/div><div class='ff-el-group    ff-el-input--content'><div class='ff-el-form-check ff-el-tc'><label aria-label='Terms and Conditions: Souhlas\u00edm se zpracov\u00e1n\u00edm osobn\u00edch \u00fadaj\u016f ve smyslu z\u00e1kona o ochran\u011b osobn\u00edch \u00fadaj\u016f \u010d. 110\/2019 Sb. Contains 1 link. Use tab navigation to review.' class='ff-el-form-check-label ff_tc_label' for=terms-n-condition_1_fb65ba40e172f3c55746c7b486b35ae4><span class='ff_tc_checkbox'><input type=\"checkbox\" name=\"terms-n-condition_1\" class=\"ff-el-form-check-input\" data-name=\"terms-n-condition_1\" id=\"terms-n-condition_1_fb65ba40e172f3c55746c7b486b35ae4\"  value='on' aria-invalid='false' aria-required=true><\/span> <div class='ff_t_c'><p>Souhlas\u00edm se<span style=\"text-decoration: underline;color: #ffffff\"> <a style=\"color: #ffffff;text-decoration: underline\" href=\"https:\/\/fertilityport.com\/cs\/gdpr\/\">zpracov\u00e1n\u00edm osobn\u00edch \u00fadaj\u016f<\/a> <\/span>ve smyslu z\u00e1kona o ochran\u011b osobn\u00edch \u00fadaj\u016f \u010d. 110\/2019 Sb.<\/p><\/div><\/label><\/div><\/div><div class='ff-el-group ff-text-left ff_submit_btn_wrapper'><button type=\"submit\" class=\"ff-btn ff-btn-submit ff-btn-md btn btn--secondary ff_btn_no_style\"  aria-label=\"Odeslat\">Odeslat<\/button><\/div><\/fieldset><\/form><div id='fluentform_9_errors' class='ff-errors-in-stack ff_form_instance_9_1 ff-form-loading_errors ff_form_instance_9_1_errors'><\/div><\/div>            <script type=\"text\/javascript\">\n                window.fluent_form_ff_form_instance_9_1 = {\"id\":\"9\",\"ajaxUrl\":\"https:\\\/\\\/fertilityport.com\\\/wp-admin\\\/admin-ajax.php\",\"settings\":{\"layout\":{\"labelPlacement\":\"top\",\"helpMessagePlacement\":\"with_label\",\"errorMessagePlacement\":\"inline\",\"asteriskPlacement\":\"asterisk-right\"},\"restrictions\":{\"denyEmptySubmission\":{\"enabled\":false}}},\"form_instance\":\"ff_form_instance_9_1\",\"form_id_selector\":\"fluentform_9\",\"rules\":{\"input_text\":{\"required\":{\"value\":true,\"message\":\"Toto pole je povinn\\u00e9.\",\"global\":false,\"global_message\":\"This field is required\"}},\"email\":{\"required\":{\"value\":true,\"message\":\"Toto pole je povinn\\u00e9.\",\"global\":false,\"global_message\":\"This field is required\"},\"email\":{\"value\":true,\"message\":\"This field must contain a valid email\",\"global\":false,\"global_message\":\"This field must contain a valid email\"}},\"phone\":{\"required\":{\"value\":true,\"message\":\"Toto pole je povinn\\u00e9.\",\"global\":false,\"global_message\":\"This field is required\"},\"valid_phone_number\":{\"value\":true,\"message\":\"Phone number is not valid\",\"global\":false,\"global_message\":\"Phone number is not valid\"}},\"numeric-field\":{\"required\":{\"value\":true,\"message\":\"Toto pole je povinn\\u00e9.\",\"global\":false,\"global_message\":\"This field is required\"},\"numeric\":{\"value\":true,\"message\":\"This field must contain numeric value\",\"global\":false,\"global_message\":\"This field must contain numeric value\"},\"min\":{\"value\":\"\",\"message\":\"Minimum value is \",\"global\":false,\"global_message\":\"Validation fails for minimum value\"},\"max\":{\"value\":\"\",\"message\":\"Maximum value is \",\"global\":false,\"global_message\":\"Validation fails for maximum value\"},\"digits\":{\"value\":\"\",\"message\":\"The number of digits has to be \",\"global\":false,\"global_message\":\"Validation fails for limited digits\"}},\"description\":{\"required\":{\"value\":true,\"message\":\"Toto pole je povinn\\u00e9.\",\"global\":false,\"global_message\":\"This field is required\"}},\"terms-n-condition\":{\"required\":{\"value\":false,\"message\":\"This field is required\",\"global\":false,\"global_message\":\"This field is required\"}},\"terms-n-condition_1\":{\"required\":{\"value\":true,\"message\":\"Toto pole je povinn\\u00e9.\",\"global\":false,\"global_message\":\"This field is required\"}}},\"debounce_time\":300};\n                            <\/script>\n            \n<p>[\/et_pb_text][\/et_pb_column][et_pb_column type=&#8220;1_4&#8243; _builder_version=&#8220;4.16&#8243; global_colors_info=&#8220;{}&#8220;][\/et_pb_column][\/et_pb_row][\/et_pb_section]<\/p>\n","protected":false},"excerpt":{"rendered":"<p>Mra\u017een\u00ed a uchov\u00e1v\u00e1n\u00ed spermi\u00ed Na zalo\u017een\u00ed rodiny nen\u00ed je\u0161t\u011b ten spr\u00e1vn\u00fd moment? Spolehliv\u00fd zp\u016fsob jak zachovat plodnost i v budoucnu je nechat si nyn\u00ed zamrazit sv\u00e9 spermie.S p\u0159ib\u00fdvaj\u00edc\u00edm v\u011bkem m\u016f\u017ee u mu\u017e\u016f klesat kvalita genetick\u00e9 informace ve spermi\u00edch. Metodu social freezing vyhled\u00e1vaj\u00ed \u010dasto mu\u017ei, kte\u0159\u00ed odkl\u00e1daj\u00ed rodi\u010dovstv\u00ed. Zamra\u017een\u00ed spermi\u00ed je v\u0161ak vhodn\u00e9 tak\u00e9 pro mu\u017ee, [&hellip;]<\/p>\n","protected":false},"author":2,"featured_media":0,"parent":0,"menu_order":0,"comment_status":"closed","ping_status":"closed","template":"","meta":{"_acf_changed":false,"_et_pb_use_builder":"on","_et_pb_old_content":"<p>[et_pb_section fb_built=\"1\" _builder_version=\"4.4.0\" background_image=\"https:\/\/fertilityport.com\/wp-content\/uploads\/2020\/03\/zamrazeni_spermii_head.jpg\"][et_pb_row column_structure=\"2_3,1_3\" _builder_version=\"4.4.0\"][et_pb_column type=\"2_3\" _builder_version=\"4.4.0\"][et_pb_text module_class=\"c_blurb\" _builder_version=\"4.4.0\"]<\/p><h1>Freezing and cryopreservation of the sperm<\/h1><p>Is this not the right moment to start a family?<br \/>A reliable way to maintain fertility in the future is to freeze your sperm now.[\/et_pb_text][\/et_pb_column][et_pb_column type=\"1_3\" _builder_version=\"4.4.0\"][\/et_pb_column][\/et_pb_row][\/et_pb_section][et_pb_section fb_built=\"1\" _builder_version=\"4.4.0\"][et_pb_row _builder_version=\"4.4.0\"][et_pb_column type=\"4_4\" _builder_version=\"4.4.0\"][et_pb_text _builder_version=\"4.4.0\"]The quality of genetic information contained in sperm may decrease with the age. Often, the Social freezing is sought by men who postpone parenthood. However, the sperm freezing is also suitable for men who perform high-risk occupation (for example with an increased concentration of harmful substances) that may affect sperm quality, or men who have to undergo some treatment that may interfere with the fertility \u2013 vasectomy, chemotherapy or radiation for cancer.<\/p><p>Should you want to consult this we will gladly provide information on the whole procedure.[\/et_pb_text][\/et_pb_column][\/et_pb_row][\/et_pb_section][et_pb_section fb_built=\"1\" _builder_version=\"4.4.0\" background_image=\"https:\/\/fertilityport.com\/wp-content\/uploads\/2020\/03\/socket.jpg\"][et_pb_row _builder_version=\"4.4.0\"][et_pb_column _builder_version=\"4.4.0\" type=\"4_4\"][\/et_pb_column][\/et_pb_row][\/et_pb_section][et_pb_section fb_built=\"1\" _builder_version=\"4.4.0\" background_color=\"#d4a4a9\"][et_pb_row column_structure=\"1_4,1_2,1_4\" _builder_version=\"4.4.0\"][et_pb_column type=\"1_4\" _builder_version=\"4.4.0\"][\/et_pb_column][et_pb_column type=\"1_2\" _builder_version=\"4.4.0\"][et_pb_text _builder_version=\"4.4.0\"][contact-form-7 id=\"355\" title=\"EN - Sperm freezing\"][\/et_pb_text][\/et_pb_column][et_pb_column type=\"1_4\" _builder_version=\"4.4.0\"][\/et_pb_column][\/et_pb_row][\/et_pb_section]<\/p>","_et_gb_content_width":"","footnotes":""},"class_list":["post-827","page","type-page","status-publish","hentry"],"acf":[],"yoast_head":"<!-- This site is optimized with the Yoast SEO plugin v27.4 - https:\/\/yoast.com\/product\/yoast-seo-wordpress\/ -->\n<title>Mra\u017een\u00ed a uchov\u00e1v\u00e1n\u00ed spermi\u00ed | FertilityPort Prague<\/title>\n<meta name=\"description\" content=\"Na zalo\u017een\u00ed rodiny nen\u00ed je\u0161t\u011b ten spr\u00e1vn\u00fd moment? Spolehliv\u00fd zp\u016fsob jak zachovat plodnost i v budoucnu je nechat si nyn\u00ed zamrazit sv\u00e9 spermie.\" \/>\n<meta name=\"robots\" content=\"index, follow, max-snippet:-1, max-image-preview:large, max-video-preview:-1\" \/>\n<link rel=\"canonical\" href=\"https:\/\/fertilityport.com\/freezing-and-cryopreservation-of-the-sperm\/\" \/>\n<meta property=\"og:locale\" content=\"cs_CZ\" \/>\n<meta property=\"og:type\" content=\"article\" \/>\n<meta property=\"og:title\" content=\"Mra\u017een\u00ed a uchov\u00e1v\u00e1n\u00ed spermi\u00ed | FertilityPort Prague\" \/>\n<meta property=\"og:description\" content=\"Na zalo\u017een\u00ed rodiny nen\u00ed je\u0161t\u011b ten spr\u00e1vn\u00fd moment? Spolehliv\u00fd zp\u016fsob jak zachovat plodnost i v budoucnu je nechat si nyn\u00ed zamrazit sv\u00e9 spermie.\" \/>\n<meta property=\"og:url\" content=\"https:\/\/fertilityport.com\/freezing-and-cryopreservation-of-the-sperm\/\" \/>\n<meta property=\"og:site_name\" content=\"FertilityPort Prague\" \/>\n<meta property=\"article:modified_time\" content=\"2022-09-22T07:19:44+00:00\" \/>\n<meta name=\"twitter:card\" content=\"summary_large_image\" \/>\n<meta name=\"twitter:label1\" content=\"Odhadovan\u00e1 doba \u010dten\u00ed\" \/>\n\t<meta name=\"twitter:data1\" content=\"2 minuty\" \/>\n<script type=\"application\/ld+json\" class=\"yoast-schema-graph\">{\"@context\":\"https:\\\/\\\/schema.org\",\"@graph\":[{\"@type\":\"WebPage\",\"@id\":\"https:\\\/\\\/fertilityport.com\\\/freezing-and-cryopreservation-of-the-sperm\\\/\",\"url\":\"https:\\\/\\\/fertilityport.com\\\/freezing-and-cryopreservation-of-the-sperm\\\/\",\"name\":\"Mra\u017een\u00ed a uchov\u00e1v\u00e1n\u00ed spermi\u00ed | FertilityPort Prague\",\"isPartOf\":{\"@id\":\"https:\\\/\\\/fertilityport.com\\\/#website\"},\"datePublished\":\"2020-03-14T14:46:01+00:00\",\"dateModified\":\"2022-09-22T07:19:44+00:00\",\"description\":\"Na zalo\u017een\u00ed rodiny nen\u00ed je\u0161t\u011b ten spr\u00e1vn\u00fd moment? Spolehliv\u00fd zp\u016fsob jak zachovat plodnost i v budoucnu je nechat si nyn\u00ed zamrazit sv\u00e9 spermie.\",\"breadcrumb\":{\"@id\":\"https:\\\/\\\/fertilityport.com\\\/freezing-and-cryopreservation-of-the-sperm\\\/#breadcrumb\"},\"inLanguage\":\"cs\",\"potentialAction\":[{\"@type\":\"ReadAction\",\"target\":[\"https:\\\/\\\/fertilityport.com\\\/freezing-and-cryopreservation-of-the-sperm\\\/\"]}]},{\"@type\":\"BreadcrumbList\",\"@id\":\"https:\\\/\\\/fertilityport.com\\\/freezing-and-cryopreservation-of-the-sperm\\\/#breadcrumb\",\"itemListElement\":[{\"@type\":\"ListItem\",\"position\":1,\"name\":\"Home\",\"item\":\"https:\\\/\\\/fertilityport.com\\\/\"},{\"@type\":\"ListItem\",\"position\":2,\"name\":\"Mra\u017een\u00ed a uchov\u00e1v\u00e1n\u00ed spermi\u00ed\"}]},{\"@type\":\"WebSite\",\"@id\":\"https:\\\/\\\/fertilityport.com\\\/#website\",\"url\":\"https:\\\/\\\/fertilityport.com\\\/\",\"name\":\"FertilityPort Prague\",\"description\":\"\",\"potentialAction\":[{\"@type\":\"SearchAction\",\"target\":{\"@type\":\"EntryPoint\",\"urlTemplate\":\"https:\\\/\\\/fertilityport.com\\\/?s={search_term_string}\"},\"query-input\":{\"@type\":\"PropertyValueSpecification\",\"valueRequired\":true,\"valueName\":\"search_term_string\"}}],\"inLanguage\":\"cs\"}]}<\/script>\n<!-- \/ Yoast SEO plugin. -->","yoast_head_json":{"title":"Mra\u017een\u00ed a uchov\u00e1v\u00e1n\u00ed spermi\u00ed | FertilityPort Prague","description":"Na zalo\u017een\u00ed rodiny nen\u00ed je\u0161t\u011b ten spr\u00e1vn\u00fd moment? Spolehliv\u00fd zp\u016fsob jak zachovat plodnost i v budoucnu je nechat si nyn\u00ed zamrazit sv\u00e9 spermie.","robots":{"index":"index","follow":"follow","max-snippet":"max-snippet:-1","max-image-preview":"max-image-preview:large","max-video-preview":"max-video-preview:-1"},"canonical":"https:\/\/fertilityport.com\/freezing-and-cryopreservation-of-the-sperm\/","og_locale":"cs_CZ","og_type":"article","og_title":"Mra\u017een\u00ed a uchov\u00e1v\u00e1n\u00ed spermi\u00ed | FertilityPort Prague","og_description":"Na zalo\u017een\u00ed rodiny nen\u00ed je\u0161t\u011b ten spr\u00e1vn\u00fd moment? Spolehliv\u00fd zp\u016fsob jak zachovat plodnost i v budoucnu je nechat si nyn\u00ed zamrazit sv\u00e9 spermie.","og_url":"https:\/\/fertilityport.com\/freezing-and-cryopreservation-of-the-sperm\/","og_site_name":"FertilityPort Prague","article_modified_time":"2022-09-22T07:19:44+00:00","twitter_card":"summary_large_image","twitter_misc":{"Odhadovan\u00e1 doba \u010dten\u00ed":"2 minuty"},"schema":{"@context":"https:\/\/schema.org","@graph":[{"@type":"WebPage","@id":"https:\/\/fertilityport.com\/freezing-and-cryopreservation-of-the-sperm\/","url":"https:\/\/fertilityport.com\/freezing-and-cryopreservation-of-the-sperm\/","name":"Mra\u017een\u00ed a uchov\u00e1v\u00e1n\u00ed spermi\u00ed | FertilityPort Prague","isPartOf":{"@id":"https:\/\/fertilityport.com\/#website"},"datePublished":"2020-03-14T14:46:01+00:00","dateModified":"2022-09-22T07:19:44+00:00","description":"Na zalo\u017een\u00ed rodiny nen\u00ed je\u0161t\u011b ten spr\u00e1vn\u00fd moment? Spolehliv\u00fd zp\u016fsob jak zachovat plodnost i v budoucnu je nechat si nyn\u00ed zamrazit sv\u00e9 spermie.","breadcrumb":{"@id":"https:\/\/fertilityport.com\/freezing-and-cryopreservation-of-the-sperm\/#breadcrumb"},"inLanguage":"cs","potentialAction":[{"@type":"ReadAction","target":["https:\/\/fertilityport.com\/freezing-and-cryopreservation-of-the-sperm\/"]}]},{"@type":"BreadcrumbList","@id":"https:\/\/fertilityport.com\/freezing-and-cryopreservation-of-the-sperm\/#breadcrumb","itemListElement":[{"@type":"ListItem","position":1,"name":"Home","item":"https:\/\/fertilityport.com\/"},{"@type":"ListItem","position":2,"name":"Mra\u017een\u00ed a uchov\u00e1v\u00e1n\u00ed spermi\u00ed"}]},{"@type":"WebSite","@id":"https:\/\/fertilityport.com\/#website","url":"https:\/\/fertilityport.com\/","name":"FertilityPort Prague","description":"","potentialAction":[{"@type":"SearchAction","target":{"@type":"EntryPoint","urlTemplate":"https:\/\/fertilityport.com\/?s={search_term_string}"},"query-input":{"@type":"PropertyValueSpecification","valueRequired":true,"valueName":"search_term_string"}}],"inLanguage":"cs"}]}},"_links":{"self":[{"href":"https:\/\/fertilityport.com\/cs\/wp-json\/wp\/v2\/pages\/827","targetHints":{"allow":["GET"]}}],"collection":[{"href":"https:\/\/fertilityport.com\/cs\/wp-json\/wp\/v2\/pages"}],"about":[{"href":"https:\/\/fertilityport.com\/cs\/wp-json\/wp\/v2\/types\/page"}],"author":[{"embeddable":true,"href":"https:\/\/fertilityport.com\/cs\/wp-json\/wp\/v2\/users\/2"}],"replies":[{"embeddable":true,"href":"https:\/\/fertilityport.com\/cs\/wp-json\/wp\/v2\/comments?post=827"}],"version-history":[{"count":7,"href":"https:\/\/fertilityport.com\/cs\/wp-json\/wp\/v2\/pages\/827\/revisions"}],"predecessor-version":[{"id":5803,"href":"https:\/\/fertilityport.com\/cs\/wp-json\/wp\/v2\/pages\/827\/revisions\/5803"}],"wp:attachment":[{"href":"https:\/\/fertilityport.com\/cs\/wp-json\/wp\/v2\/media?parent=827"}],"curies":[{"name":"wp","href":"https:\/\/api.w.org\/{rel}","templated":true}]}}