{"id":843,"date":"2020-03-14T15:52:30","date_gmt":"2020-03-14T14:52:30","guid":{"rendered":"https:\/\/fertilityport.vesmirnekure.cz\/?page_id=843"},"modified":"2020-04-14T20:41:01","modified_gmt":"2020-04-14T18:41:01","slug":"genetika","status":"publish","type":"page","link":"https:\/\/fertilityport.com\/cs\/genetika\/","title":{"rendered":"Genetika"},"content":{"rendered":"<p>[et_pb_section fb_built=&#8220;1&#8243; module_class=&#8220;welcome&#8211;page&#8220; _builder_version=&#8220;4.4.1&#8243; background_image=&#8220;https:\/\/fertilityport.com\/wp-content\/uploads\/2020\/03\/genetika_head.jpg&#8220;][et_pb_row column_structure=&#8220;2_3,1_3&#8243; _builder_version=&#8220;4.4.0&#8243;][et_pb_column type=&#8220;2_3&#8243; _builder_version=&#8220;4.4.0&#8243;][et_pb_text module_class=&#8220;c_blurb&#8220; _builder_version=&#8220;4.4.0&#8243;]<\/p>\n<h1>Genetika<\/h1>\n<p>Zjist\u011bte v\u00edce o genetick\u00fdch diagnostick\u00fdch metod\u00e1ch<\/p>\n<p>[\/et_pb_text][\/et_pb_column][et_pb_column type=&#8220;1_3&#8243; _builder_version=&#8220;4.4.0&#8243;][\/et_pb_column][\/et_pb_row][\/et_pb_section][et_pb_section fb_built=&#8220;1&#8243; _builder_version=&#8220;4.4.0&#8243;][et_pb_row _builder_version=&#8220;4.4.0&#8243;][et_pb_column type=&#8220;4_4&#8243; _builder_version=&#8220;4.4.0&#8243;][et_pb_text module_class=&#8220;c_blurb&#8220; _builder_version=&#8220;4.4.0&#8243;]<\/p>\n<h2>PGT-A (Preimplantation Genetic Testing for Aneuploidy)<\/h2>\n<p>(d\u0159\u00edve PGS: Preimplanta\u010dn\u00ed genetick\u00fd screening) Preimplanta\u010dn\u00ed screening je genetick\u00e9 vy\u0161et\u0159en\u00ed embry\u00ed je\u0161t\u011b p\u0159ed jeho zaveden\u00edm zp\u011bt do d\u011blohy \u017eeny. Vy\u0161et\u0159en\u00ed n\u00e1m umo\u017e\u0148uje vybr\u00e1n\u00ed euploidn\u00edho embrya \u010di embry\u00ed, tedy t\u011bch s norm\u00e1ln\u00edm po\u010dtem chromozom\u016f a bez identifikovateln\u00e9 genetick\u00e9 abnormality, a t\u00edm zv\u00fd\u0161it \u0161anci na ot\u011bhotn\u011bn\u00ed \u010di sn\u00ed\u017eit riziko potratu \u010di porodu d\u00edt\u011bte s chromozom\u00e1ln\u00ed vadou.<\/p>\n<p>[\/et_pb_text][et_pb_code _builder_version=&#8220;4.4.0&#8243;]<a class=\"btn btn--primary\" href=\"https:\/\/fertilityport.com\/cs\/genetika\/vice-informaci\/\">V\u00edce informac\u00ed<\/a>[\/et_pb_code][\/et_pb_column][\/et_pb_row][et_pb_row _builder_version=&#8220;4.4.0&#8243;][et_pb_column type=&#8220;4_4&#8243; _builder_version=&#8220;4.4.0&#8243;][et_pb_text module_class=&#8220;c_blurb&#8220; _builder_version=&#8220;4.4.0&#8243; custom_padding=&#8220;||0px|||&#8220;]<\/p>\n<h2>PGT-M (Preimplantation Genetic Testing for Monogenic\/Single Gene Diseases)<\/h2>\n<p><span style=\"font-size: 16px;\">(d\u0159\u00edve PGD: preimplantation genetic diagnosis) Preimplanta\u010dn\u00ed genetick\u00e1 diagnostika je tedy metoda, kter\u00e1 umo\u017e\u0148uje v\u00fdb\u011br tzv. \u201ezdrav\u00e9ho\u201c embrya bez konkr\u00e9tn\u00ed genetick\u00e9 z\u00e1t\u011b\u017ee. Hlavn\u00ed p\u0159ednost\u00ed takov\u00e9ho postupu je vylou\u010den\u00ed rizika, \u017ee plod ponese sledovanou genetickou z\u00e1t\u011b\u017e. P\u00e1r proto nemus\u00ed \u0159e\u0161it p\u0159\u00edpadn\u00e1 \u00faskal\u00ed spojen\u00e1 s um\u011bl\u00fdm p\u0159eru\u0161en\u00edm t\u011bhotenstv\u00ed. Princip a postup z pohledu p\u00e1ru je obdobn\u00fd metod\u011b PGT-A.<\/span><\/p>\n<p>[\/et_pb_text][et_pb_code _builder_version=&#8220;4.4.0&#8243;]<a class=\"btn btn--primary\" href=\"https:\/\/fertilityport.com\/cs\/genetika\/vice-informaci\/#pgtm\">V\u00edce informac\u00ed<\/a>[\/et_pb_code][\/et_pb_column][\/et_pb_row][\/et_pb_section]<\/p>\n","protected":false},"excerpt":{"rendered":"<p>Genetika Zjist\u011bte v\u00edce o genetick\u00fdch diagnostick\u00fdch metod\u00e1chPGT-A (Preimplantation Genetic Testing for Aneuploidy) (d\u0159\u00edve PGS: Preimplanta\u010dn\u00ed genetick\u00fd screening) Preimplanta\u010dn\u00ed screening je genetick\u00e9 vy\u0161et\u0159en\u00ed embry\u00ed je\u0161t\u011b p\u0159ed jeho zaveden\u00edm zp\u011bt do d\u011blohy \u017eeny. Vy\u0161et\u0159en\u00ed n\u00e1m umo\u017e\u0148uje vybr\u00e1n\u00ed euploidn\u00edho embrya \u010di embry\u00ed, tedy t\u011bch s norm\u00e1ln\u00edm po\u010dtem chromozom\u016f a bez identifikovateln\u00e9 genetick\u00e9 abnormality, a t\u00edm zv\u00fd\u0161it \u0161anci na [&hellip;]<\/p>\n","protected":false},"author":2,"featured_media":0,"parent":0,"menu_order":0,"comment_status":"closed","ping_status":"closed","template":"","meta":{"_acf_changed":false,"_et_pb_use_builder":"on","_et_pb_old_content":"<p>[et_pb_section fb_built=\"1\" _builder_version=\"4.4.0\" background_image=\"https:\/\/fertilityport.com\/wp-content\/uploads\/2020\/03\/genetika_head.jpg\" hover_enabled=\"0\"][et_pb_row column_structure=\"2_3,1_3\" _builder_version=\"4.4.0\"][et_pb_column type=\"2_3\" _builder_version=\"4.4.0\"][et_pb_text module_class=\"c_blurb\" _builder_version=\"4.4.0\" hover_enabled=\"0\"]<\/p><h1>Genetics<\/h1><p>Find out more about genetic diagnostic methods[\/et_pb_text][\/et_pb_column][et_pb_column type=\"1_3\" _builder_version=\"4.4.0\"][\/et_pb_column][\/et_pb_row][\/et_pb_section][et_pb_section fb_built=\"1\" _builder_version=\"4.4.0\"][et_pb_row _builder_version=\"4.4.0\"][et_pb_column _builder_version=\"4.4.0\" type=\"4_4\"][et_pb_text module_class=\"c_blurb\" _builder_version=\"4.4.0\" hover_enabled=\"0\"]<\/p><h2>PGT-A (Preimplantation Genetic Testing for Aneuploidy)<\/h2><p>(earlier known as PGS: Preimplantation Genetic Screening)<br \/>Preimplantation screening is a genetic examination of embryos before their reintroduction into the woman\u2019s uterus. The examination allows us to choose the euploid embryo or embryos, or those with a standard number of chromosomes and without any identified genetic abnormality, and therefore increase the chance of pregnancy or limit the risk of miscarriage or the birth of a child with a chromosome defect.[\/et_pb_text][et_pb_code _builder_version=\"4.4.0\" hover_enabled=\"0\"]<a class=\"btn btn--primary\" href=\"https:\/\/fertilityport.com\/genetics\/read-more\/\">Read more<\/a>[\/et_pb_code][\/et_pb_column][\/et_pb_row][et_pb_row _builder_version=\"4.4.0\"][et_pb_column _builder_version=\"4.4.0\" type=\"4_4\"][et_pb_text module_class=\"c_blurb\" _builder_version=\"4.4.0\" hover_enabled=\"0\"]<\/p><h2>PGT-M (Preimplantation Genetic Testing for Monogenic\/Single Gene Diseases)<\/h2><p>(earlier known as PGD: Preimplantation Genetic Diagnosis)<br \/>Preimplantation genetic diagnostic is therefore a method which enables us to choose a so-called \u201chealthy embryo\u201d without specific genetic impairment. The main advantage of such procedure is the elimination of risk of the foetus carrying monitored genetic impairment. The couple therefore do not have to deal with any potential issues connected with an artificial abortion of the pregnancy. The principle and procedure as seen by the couple is similar to that of the PGT-A method.[\/et_pb_text][et_pb_code _builder_version=\"4.4.0\" hover_enabled=\"0\"]<a class=\"btn btn--primary\" href=\"https:\/\/fertilityport.com\/genetics\/read-more\/#pgtm\">Read more<\/a>[\/et_pb_code][\/et_pb_column][\/et_pb_row][\/et_pb_section]<\/p>","_et_gb_content_width":"","footnotes":""},"class_list":["post-843","page","type-page","status-publish","hentry"],"acf":[],"yoast_head":"<!-- This site is optimized with the Yoast SEO plugin v27.5 - https:\/\/yoast.com\/product\/yoast-seo-wordpress\/ -->\n<title>Genetick\u00e9 diagnostick\u00e9 metody | FertilityPort Prague<\/title>\n<meta name=\"description\" content=\"Genetick\u00e1 vy\u0161et\u0159en\u00ed mohou zv\u00fd\u0161it \u0161anci na ot\u011bhotn\u011bn\u00ed \u010di sn\u00ed\u017eit riziko potratu \u010di porodu d\u00edt\u011bte s chromozom\u00e1ln\u00ed vadou\" \/>\n<meta name=\"robots\" content=\"index, follow, max-snippet:-1, max-image-preview:large, max-video-preview:-1\" \/>\n<link rel=\"canonical\" href=\"https:\/\/fertilityport.com\/genetics\/\" \/>\n<meta property=\"og:locale\" content=\"cs_CZ\" \/>\n<meta property=\"og:type\" content=\"article\" \/>\n<meta property=\"og:title\" content=\"Genetick\u00e9 diagnostick\u00e9 metody | FertilityPort Prague\" \/>\n<meta property=\"og:description\" content=\"Genetick\u00e1 vy\u0161et\u0159en\u00ed mohou zv\u00fd\u0161it \u0161anci na ot\u011bhotn\u011bn\u00ed \u010di sn\u00ed\u017eit riziko potratu \u010di porodu d\u00edt\u011bte s chromozom\u00e1ln\u00ed vadou\" \/>\n<meta property=\"og:url\" content=\"https:\/\/fertilityport.com\/genetics\/\" \/>\n<meta property=\"og:site_name\" content=\"FertilityPort Prague\" \/>\n<meta property=\"article:modified_time\" content=\"2020-04-14T18:41:01+00:00\" \/>\n<meta name=\"twitter:card\" content=\"summary_large_image\" \/>\n<meta name=\"twitter:label1\" content=\"Odhadovan\u00e1 doba \u010dten\u00ed\" \/>\n\t<meta name=\"twitter:data1\" content=\"2 minuty\" \/>\n<script type=\"application\/ld+json\" class=\"yoast-schema-graph\">{\"@context\":\"https:\\\/\\\/schema.org\",\"@graph\":[{\"@type\":\"WebPage\",\"@id\":\"https:\\\/\\\/fertilityport.com\\\/genetics\\\/\",\"url\":\"https:\\\/\\\/fertilityport.com\\\/genetics\\\/\",\"name\":\"Genetick\u00e9 diagnostick\u00e9 metody | FertilityPort Prague\",\"isPartOf\":{\"@id\":\"https:\\\/\\\/fertilityport.com\\\/#website\"},\"datePublished\":\"2020-03-14T14:52:30+00:00\",\"dateModified\":\"2020-04-14T18:41:01+00:00\",\"description\":\"Genetick\u00e1 vy\u0161et\u0159en\u00ed mohou zv\u00fd\u0161it \u0161anci na ot\u011bhotn\u011bn\u00ed \u010di sn\u00ed\u017eit riziko potratu \u010di porodu d\u00edt\u011bte s chromozom\u00e1ln\u00ed vadou\",\"breadcrumb\":{\"@id\":\"https:\\\/\\\/fertilityport.com\\\/genetics\\\/#breadcrumb\"},\"inLanguage\":\"cs\",\"potentialAction\":[{\"@type\":\"ReadAction\",\"target\":[\"https:\\\/\\\/fertilityport.com\\\/genetics\\\/\"]}]},{\"@type\":\"BreadcrumbList\",\"@id\":\"https:\\\/\\\/fertilityport.com\\\/genetics\\\/#breadcrumb\",\"itemListElement\":[{\"@type\":\"ListItem\",\"position\":1,\"name\":\"Home\",\"item\":\"https:\\\/\\\/fertilityport.com\\\/\"},{\"@type\":\"ListItem\",\"position\":2,\"name\":\"Genetika\"}]},{\"@type\":\"WebSite\",\"@id\":\"https:\\\/\\\/fertilityport.com\\\/#website\",\"url\":\"https:\\\/\\\/fertilityport.com\\\/\",\"name\":\"FertilityPort Prague\",\"description\":\"\",\"potentialAction\":[{\"@type\":\"SearchAction\",\"target\":{\"@type\":\"EntryPoint\",\"urlTemplate\":\"https:\\\/\\\/fertilityport.com\\\/?s={search_term_string}\"},\"query-input\":{\"@type\":\"PropertyValueSpecification\",\"valueRequired\":true,\"valueName\":\"search_term_string\"}}],\"inLanguage\":\"cs\"}]}<\/script>\n<!-- \/ Yoast SEO plugin. -->","yoast_head_json":{"title":"Genetick\u00e9 diagnostick\u00e9 metody | FertilityPort Prague","description":"Genetick\u00e1 vy\u0161et\u0159en\u00ed mohou zv\u00fd\u0161it \u0161anci na ot\u011bhotn\u011bn\u00ed \u010di sn\u00ed\u017eit riziko potratu \u010di porodu d\u00edt\u011bte s chromozom\u00e1ln\u00ed vadou","robots":{"index":"index","follow":"follow","max-snippet":"max-snippet:-1","max-image-preview":"max-image-preview:large","max-video-preview":"max-video-preview:-1"},"canonical":"https:\/\/fertilityport.com\/genetics\/","og_locale":"cs_CZ","og_type":"article","og_title":"Genetick\u00e9 diagnostick\u00e9 metody | FertilityPort Prague","og_description":"Genetick\u00e1 vy\u0161et\u0159en\u00ed mohou zv\u00fd\u0161it \u0161anci na ot\u011bhotn\u011bn\u00ed \u010di sn\u00ed\u017eit riziko potratu \u010di porodu d\u00edt\u011bte s chromozom\u00e1ln\u00ed vadou","og_url":"https:\/\/fertilityport.com\/genetics\/","og_site_name":"FertilityPort Prague","article_modified_time":"2020-04-14T18:41:01+00:00","twitter_card":"summary_large_image","twitter_misc":{"Odhadovan\u00e1 doba \u010dten\u00ed":"2 minuty"},"schema":{"@context":"https:\/\/schema.org","@graph":[{"@type":"WebPage","@id":"https:\/\/fertilityport.com\/genetics\/","url":"https:\/\/fertilityport.com\/genetics\/","name":"Genetick\u00e9 diagnostick\u00e9 metody | FertilityPort Prague","isPartOf":{"@id":"https:\/\/fertilityport.com\/#website"},"datePublished":"2020-03-14T14:52:30+00:00","dateModified":"2020-04-14T18:41:01+00:00","description":"Genetick\u00e1 vy\u0161et\u0159en\u00ed mohou zv\u00fd\u0161it \u0161anci na ot\u011bhotn\u011bn\u00ed \u010di sn\u00ed\u017eit riziko potratu \u010di porodu d\u00edt\u011bte s chromozom\u00e1ln\u00ed vadou","breadcrumb":{"@id":"https:\/\/fertilityport.com\/genetics\/#breadcrumb"},"inLanguage":"cs","potentialAction":[{"@type":"ReadAction","target":["https:\/\/fertilityport.com\/genetics\/"]}]},{"@type":"BreadcrumbList","@id":"https:\/\/fertilityport.com\/genetics\/#breadcrumb","itemListElement":[{"@type":"ListItem","position":1,"name":"Home","item":"https:\/\/fertilityport.com\/"},{"@type":"ListItem","position":2,"name":"Genetika"}]},{"@type":"WebSite","@id":"https:\/\/fertilityport.com\/#website","url":"https:\/\/fertilityport.com\/","name":"FertilityPort Prague","description":"","potentialAction":[{"@type":"SearchAction","target":{"@type":"EntryPoint","urlTemplate":"https:\/\/fertilityport.com\/?s={search_term_string}"},"query-input":{"@type":"PropertyValueSpecification","valueRequired":true,"valueName":"search_term_string"}}],"inLanguage":"cs"}]}},"_links":{"self":[{"href":"https:\/\/fertilityport.com\/cs\/wp-json\/wp\/v2\/pages\/843","targetHints":{"allow":["GET"]}}],"collection":[{"href":"https:\/\/fertilityport.com\/cs\/wp-json\/wp\/v2\/pages"}],"about":[{"href":"https:\/\/fertilityport.com\/cs\/wp-json\/wp\/v2\/types\/page"}],"author":[{"embeddable":true,"href":"https:\/\/fertilityport.com\/cs\/wp-json\/wp\/v2\/users\/2"}],"replies":[{"embeddable":true,"href":"https:\/\/fertilityport.com\/cs\/wp-json\/wp\/v2\/comments?post=843"}],"version-history":[{"count":7,"href":"https:\/\/fertilityport.com\/cs\/wp-json\/wp\/v2\/pages\/843\/revisions"}],"predecessor-version":[{"id":1950,"href":"https:\/\/fertilityport.com\/cs\/wp-json\/wp\/v2\/pages\/843\/revisions\/1950"}],"wp:attachment":[{"href":"https:\/\/fertilityport.com\/cs\/wp-json\/wp\/v2\/media?parent=843"}],"curies":[{"name":"wp","href":"https:\/\/api.w.org\/{rel}","templated":true}]}}