{"id":860,"date":"2020-03-14T16:36:17","date_gmt":"2020-03-14T15:36:17","guid":{"rendered":"https:\/\/fertilityport.vesmirnekure.cz\/?page_id=860"},"modified":"2022-04-13T13:26:38","modified_gmt":"2022-04-13T11:26:38","slug":"chci-miminko","status":"publish","type":"page","link":"https:\/\/fertilityport.com\/cs\/chci-miminko\/","title":{"rendered":"Chci miminko"},"content":{"rendered":"<p>[et_pb_section fb_built=&#8220;1&#8243; module_class=&#8220;welcome&#8211;page&#8220; _builder_version=&#8220;4.4.1&#8243; background_image=&#8220;https:\/\/fertilityport.com\/wp-content\/uploads\/2020\/03\/child_fertility_head.jpg&#8220; custom_padding=&#8220;||90px|||&#8220; global_colors_info=&#8220;{}&#8220;][et_pb_row column_structure=&#8220;3_5,2_5&#8243; _builder_version=&#8220;4.4.0&#8243; custom_margin=&#8220;|auto||219px||&#8220; global_colors_info=&#8220;{}&#8220;][et_pb_column type=&#8220;3_5&#8243; _builder_version=&#8220;4.4.0&#8243; global_colors_info=&#8220;{}&#8220;][et_pb_text module_class=&#8220;c_blurb&#8220; _builder_version=&#8220;4.6.1&#8243; global_colors_info=&#8220;{}&#8220;]<\/p>\n<h1>Chci miminko<\/h1>\n<p>Objednejte se na konzutaci k jednomu z na\u0161ich specialist\u016f.<br \/> Spole\u010dn\u011b se pokus\u00edme nal\u00e9zt p\u0159\u00ed\u010dinu va\u0161ich pot\u00ed\u017e\u00ed<br \/> s ot\u011bhotn\u011bn\u00edm a vybereme vhodnou a efektivn\u00ed l\u00e9\u010dbu.<\/p>\n<p><span style=\"font-weight: 400;\">St\u00e1le si nejste jist\u00ed? <\/span><a href=\"https:\/\/fertilityport.com\/cs\/proc-u-nas\/\"><span style=\"font-weight: 400;\">Pod\u00edvejte se<\/span><\/a><span style=\"font-weight: 400;\">, pro\u010d ostatn\u00ed p\u00e1ry d\u00e1vaj\u00ed p\u0159ednost na\u0161\u00ed klinice.<\/span><\/p>\n<p>[\/et_pb_text][\/et_pb_column][et_pb_column type=&#8220;2_5&#8243; _builder_version=&#8220;4.4.0&#8243; global_colors_info=&#8220;{}&#8220;][\/et_pb_column][\/et_pb_row][\/et_pb_section][et_pb_section fb_built=&#8220;1&#8243; module_class=&#8220;section&#8211;pushtop&#8220; _builder_version=&#8220;4.4.0&#8243; custom_padding=&#8220;0px||29px|||&#8220; global_colors_info=&#8220;{}&#8220;][et_pb_row column_structure=&#8220;1_5,1_5,1_5,1_5,1_5&#8243; use_custom_gutter=&#8220;on&#8220; gutter_width=&#8220;2&#8243; make_equal=&#8220;on&#8220; _builder_version=&#8220;4.4.1&#8243; custom_padding=&#8220;||0px||false|false&#8220; global_colors_info=&#8220;{}&#8220;][et_pb_column type=&#8220;1_5&#8243; _builder_version=&#8220;4.4.0&#8243; global_colors_info=&#8220;{}&#8220;][et_pb_blurb title=&#8220;P\u0158\u00cd\u010cINY NEPLODNOSTI&#8220; url=&#8220;https:\/\/fertilityport.com\/cs\/nejcastejsi-priciny-neplodnosti\/&#8220; image=&#8220;https:\/\/fertilityport.com\/wp-content\/uploads\/2020\/03\/sperm.svg&#8220; module_class=&#8220;blurb&#8211;up blurb&#8211;up&#8211;small&#8220; _builder_version=&#8220;4.13.0&#8243; header_level=&#8220;h2&#8243; text_orientation=&#8220;center&#8220; animation=&#8220;off&#8220; global_colors_info=&#8220;{}&#8220;]Zaj\u00edmaj\u00ed v\u00e1s nej\u010dast\u011bj\u0161\u00ed p\u0159\u00ed\u010diny neplodnosti?<br \/>\n[\/et_pb_blurb][\/et_pb_column][et_pb_column type=&#8220;1_5&#8243; _builder_version=&#8220;4.4.0&#8243; global_colors_info=&#8220;{}&#8220;][et_pb_blurb title=&#8220;L\u00c9\u010cBA NEPLODNOSTI&#8220; url=&#8220;https:\/\/fertilityport.com\/cs\/lecba-neplodnosti\/&#8220; image=&#8220;https:\/\/fertilityport.com\/wp-content\/uploads\/2020\/03\/ultrasound_inside.svg&#8220; module_class=&#8220;blurb&#8211;up blurb&#8211;up&#8211;small&#8220; _builder_version=&#8220;4.13.0&#8243; header_level=&#8220;h2&#8243; text_orientation=&#8220;center&#8220; animation=&#8220;off&#8220; global_colors_info=&#8220;{}&#8220;]Metody l\u00e9\u010dby neplodnosti a zachov\u00e1n\u00ed plodnosti<br \/>\n[\/et_pb_blurb][\/et_pb_column][et_pb_column type=&#8220;1_5&#8243; _builder_version=&#8220;4.4.0&#8243; global_colors_info=&#8220;{}&#8220;][et_pb_blurb title=&#8220;GENETIKA&#8220; url=&#8220;https:\/\/fertilityport.com\/cs\/genetika\/&#8220; image=&#8220;https:\/\/fertilityport.com\/wp-content\/uploads\/2020\/03\/lab.svg&#8220; module_class=&#8220;blurb&#8211;up blurb&#8211;up&#8211;small&#8220; _builder_version=&#8220;4.13.0&#8243; header_level=&#8220;h2&#8243; text_orientation=&#8220;center&#8220; animation=&#8220;off&#8220; global_colors_info=&#8220;{}&#8220;]Zjist\u011bte v\u00edce o genetick\u00fdch diagnostick\u00fdch metod\u00e1ch<br \/>\n[\/et_pb_blurb][\/et_pb_column][et_pb_column type=&#8220;1_5&#8243; _builder_version=&#8220;4.4.0&#8243; global_colors_info=&#8220;{}&#8220;][et_pb_blurb title=&#8220;V\u00ddHODN\u00c9 BAL\u00cd\u010cKY&#8220; url=&#8220;https:\/\/fertilityport.com\/cs\/vyhodne-balicky\/&#8220; image=&#8220;https:\/\/fertilityport.com\/wp-content\/uploads\/2020\/03\/ultrasound_white.svg&#8220; module_class=&#8220;blurb&#8211;up blurb&#8211;up&#8211;small&#8220; _builder_version=&#8220;4.14.4&#8243; header_level=&#8220;h2&#8243; text_orientation=&#8220;center&#8220; animation=&#8220;off&#8220; global_colors_info=&#8220;{}&#8220;]<\/p>\n<p>Vyu\u017eijte nejlep\u0161\u00ed a nejv\u00fdhodn\u011bj\u0161\u00ed ceny na\u0161ich slu\u017eeb<\/p>\n<p>[\/et_pb_blurb][\/et_pb_column][et_pb_column type=&#8220;1_5&#8243; _builder_version=&#8220;4.4.0&#8243; global_colors_info=&#8220;{}&#8220;][et_pb_blurb title=&#8220;P\u0158\u00cdB\u011aHY&#8220; url=&#8220;https:\/\/fertilityport.com\/cs\/pribehy\/&#8220; image=&#8220;https:\/\/fertilityport.com\/wp-content\/uploads\/2020\/03\/grandparents.svg&#8220; module_class=&#8220;blurb&#8211;up blurb&#8211;up&#8211;small&#8220; _builder_version=&#8220;4.13.0&#8243; header_level=&#8220;h2&#8243; text_orientation=&#8220;center&#8220; animation=&#8220;off&#8220; global_colors_info=&#8220;{}&#8220;]P\u0159e\u010dt\u011bte si p\u0159\u00edb\u011bhy na\u0161ich<br \/>\nspokojen\u00fdch pacientek<br \/>\n[\/et_pb_blurb][\/et_pb_column][\/et_pb_row][\/et_pb_section]<\/p>\n","protected":false},"excerpt":{"rendered":"<p>Chci miminko Objednejte se na konzutaci k jednomu z na\u0161ich specialist\u016f. Spole\u010dn\u011b se pokus\u00edme nal\u00e9zt p\u0159\u00ed\u010dinu va\u0161ich pot\u00ed\u017e\u00ed s ot\u011bhotn\u011bn\u00edm a vybereme vhodnou a efektivn\u00ed l\u00e9\u010dbu. St\u00e1le si nejste jist\u00ed? Pod\u00edvejte se, pro\u010d ostatn\u00ed p\u00e1ry d\u00e1vaj\u00ed p\u0159ednost na\u0161\u00ed klinice.Zaj\u00edmaj\u00ed v\u00e1s nej\u010dast\u011bj\u0161\u00ed p\u0159\u00ed\u010diny neplodnosti? Metody l\u00e9\u010dby neplodnosti a zachov\u00e1n\u00ed plodnosti Zjist\u011bte v\u00edce o genetick\u00fdch diagnostick\u00fdch metod\u00e1ch [&hellip;]<\/p>\n","protected":false},"author":2,"featured_media":0,"parent":0,"menu_order":0,"comment_status":"closed","ping_status":"closed","template":"","meta":{"_acf_changed":false,"_et_pb_use_builder":"on","_et_pb_old_content":"<p>[et_pb_section fb_built=\"1\" module_class=\"welcome--page\" _builder_version=\"4.4.0\" background_image=\"https:\/\/fertilityport.com\/wp-content\/uploads\/2020\/03\/child_fertility_head.jpg\" custom_padding=\"||90px|||\"][et_pb_row column_structure=\"3_5,2_5\" _builder_version=\"4.4.0\"][et_pb_column type=\"3_5\" _builder_version=\"4.4.0\"][et_pb_text module_class=\"c_blurb\" _builder_version=\"4.4.0\"]<\/p><h1>I want a baby<\/h1><p>Book a consultation with one of our specialists.<br \/>Together, we will try to find out the cause of your problems<br \/>with getting pregnant\u00a0and choose suitable and effective treatment.[\/et_pb_text][\/et_pb_column][et_pb_column type=\"2_5\" _builder_version=\"4.4.0\"][\/et_pb_column][\/et_pb_row][\/et_pb_section][et_pb_section fb_built=\"1\" module_class=\"section--pushtop\" _builder_version=\"4.4.0\" custom_padding=\"0px||29px|||\"][et_pb_row column_structure=\"1_4,1_4,1_4,1_4\" make_equal=\"on\" _builder_version=\"4.4.0\" custom_padding=\"||0px||false|false\"][et_pb_column type=\"1_4\" _builder_version=\"4.4.0\"][et_pb_blurb title=\"MOST COMMON CAUSES OF INFERTILITY\" url=\"https:\/\/fertilityport.com\/most-common-causes\/\" image=\"https:\/\/fertilityport.com\/wp-content\/uploads\/2020\/03\/sperm.svg\" module_class=\"blurb--up\" _builder_version=\"4.4.0\" header_level=\"h2\" text_orientation=\"center\" animation=\"off\"]What are the most common causes<br \/>of infertility?[\/et_pb_blurb][\/et_pb_column][et_pb_column type=\"1_4\" _builder_version=\"4.4.0\"][et_pb_blurb title=\"GENETICS\" url=\"https:\/\/fertilityport.com\/genetics\/\" image=\"https:\/\/fertilityport.com\/wp-content\/uploads\/2020\/03\/ultrasound_inside.svg\" module_class=\"blurb--up\" _builder_version=\"4.4.0\" header_level=\"h2\" text_orientation=\"center\" animation=\"off\"]Find out more<br \/>about genetic<br \/>diagnostic methods[\/et_pb_blurb][\/et_pb_column][et_pb_column type=\"1_4\" _builder_version=\"4.4.0\"][et_pb_blurb title=\"INFERTILITY TREATMENT\" url=\"https:\/\/fertilityport.com\/infertility-treatment\/\" image=\"https:\/\/fertilityport.com\/wp-content\/uploads\/2020\/03\/lab.svg\" module_class=\"blurb--up\" _builder_version=\"4.4.0\" header_level=\"h2\" text_orientation=\"center\" animation=\"off\"]Methods of<br \/>infertility treatment,<br \/>fertility preservation[\/et_pb_blurb][\/et_pb_column][et_pb_column type=\"1_4\" _builder_version=\"4.4.0\"][et_pb_blurb title=\"TESTIMONIALS\" url=\"https:\/\/fertilityport.com\/testimonials\/\" image=\"https:\/\/fertilityport.com\/wp-content\/uploads\/2020\/03\/grandparents.svg\" module_class=\"blurb--up\" _builder_version=\"4.4.0\" header_level=\"h2\" text_orientation=\"center\" animation=\"off\"]Read our patient<br \/>success stories[\/et_pb_blurb][\/et_pb_column][\/et_pb_row][\/et_pb_section]<\/p>","_et_gb_content_width":"","footnotes":""},"class_list":["post-860","page","type-page","status-publish","hentry"],"acf":[],"yoast_head":"<!-- This site is optimized with the Yoast SEO plugin v27.3 - https:\/\/yoast.com\/product\/yoast-seo-wordpress\/ -->\n<title>Chcete miminko a neda\u0159\u00ed se? | FertilityPort Prague<\/title>\n<meta name=\"description\" content=\"Spole\u010dn\u011b se pokus\u00edme nal\u00e9zt p\u0159\u00ed\u010dinu va\u0161ich pot\u00ed\u017e\u00ed s ot\u011bhotn\u011bn\u00edm a vybereme vhodnou a efektivn\u00ed l\u00e9\u010dbu.\" \/>\n<meta name=\"robots\" content=\"index, follow, max-snippet:-1, max-image-preview:large, max-video-preview:-1\" \/>\n<link rel=\"canonical\" href=\"https:\/\/fertilityport.com\/cs\/chci-miminko\/\" \/>\n<meta property=\"og:locale\" content=\"cs_CZ\" \/>\n<meta property=\"og:type\" content=\"article\" \/>\n<meta property=\"og:title\" content=\"Chcete miminko a neda\u0159\u00ed se? | FertilityPort Prague\" \/>\n<meta property=\"og:description\" content=\"Spole\u010dn\u011b se pokus\u00edme nal\u00e9zt p\u0159\u00ed\u010dinu va\u0161ich pot\u00ed\u017e\u00ed s ot\u011bhotn\u011bn\u00edm a vybereme vhodnou a efektivn\u00ed l\u00e9\u010dbu.\" \/>\n<meta property=\"og:url\" content=\"https:\/\/fertilityport.com\/cs\/chci-miminko\/\" \/>\n<meta property=\"og:site_name\" content=\"FertilityPort Prague\" \/>\n<meta property=\"article:modified_time\" content=\"2022-04-13T11:26:38+00:00\" \/>\n<meta name=\"twitter:card\" content=\"summary_large_image\" \/>\n<meta name=\"twitter:label1\" content=\"Odhadovan\u00e1 doba \u010dten\u00ed\" \/>\n\t<meta name=\"twitter:data1\" content=\"3 minuty\" \/>\n<script type=\"application\/ld+json\" class=\"yoast-schema-graph\">{\"@context\":\"https:\\\/\\\/schema.org\",\"@graph\":[{\"@type\":\"WebPage\",\"@id\":\"https:\\\/\\\/fertilityport.com\\\/cs\\\/chci-miminko\\\/\",\"url\":\"https:\\\/\\\/fertilityport.com\\\/cs\\\/chci-miminko\\\/\",\"name\":\"Chcete miminko a neda\u0159\u00ed se? | FertilityPort Prague\",\"isPartOf\":{\"@id\":\"https:\\\/\\\/fertilityport.com\\\/#website\"},\"datePublished\":\"2020-03-14T15:36:17+00:00\",\"dateModified\":\"2022-04-13T11:26:38+00:00\",\"description\":\"Spole\u010dn\u011b se pokus\u00edme nal\u00e9zt p\u0159\u00ed\u010dinu va\u0161ich pot\u00ed\u017e\u00ed s ot\u011bhotn\u011bn\u00edm a vybereme vhodnou a efektivn\u00ed l\u00e9\u010dbu.\",\"breadcrumb\":{\"@id\":\"https:\\\/\\\/fertilityport.com\\\/cs\\\/chci-miminko\\\/#breadcrumb\"},\"inLanguage\":\"cs\",\"potentialAction\":[{\"@type\":\"ReadAction\",\"target\":[\"https:\\\/\\\/fertilityport.com\\\/cs\\\/chci-miminko\\\/\"]}]},{\"@type\":\"BreadcrumbList\",\"@id\":\"https:\\\/\\\/fertilityport.com\\\/cs\\\/chci-miminko\\\/#breadcrumb\",\"itemListElement\":[{\"@type\":\"ListItem\",\"position\":1,\"name\":\"Home\",\"item\":\"https:\\\/\\\/fertilityport.com\\\/\"},{\"@type\":\"ListItem\",\"position\":2,\"name\":\"Chci miminko\"}]},{\"@type\":\"WebSite\",\"@id\":\"https:\\\/\\\/fertilityport.com\\\/#website\",\"url\":\"https:\\\/\\\/fertilityport.com\\\/\",\"name\":\"FertilityPort Prague\",\"description\":\"\",\"potentialAction\":[{\"@type\":\"SearchAction\",\"target\":{\"@type\":\"EntryPoint\",\"urlTemplate\":\"https:\\\/\\\/fertilityport.com\\\/?s={search_term_string}\"},\"query-input\":{\"@type\":\"PropertyValueSpecification\",\"valueRequired\":true,\"valueName\":\"search_term_string\"}}],\"inLanguage\":\"cs\"}]}<\/script>\n<!-- \/ Yoast SEO plugin. -->","yoast_head_json":{"title":"Chcete miminko a neda\u0159\u00ed se? | FertilityPort Prague","description":"Spole\u010dn\u011b se pokus\u00edme nal\u00e9zt p\u0159\u00ed\u010dinu va\u0161ich pot\u00ed\u017e\u00ed s ot\u011bhotn\u011bn\u00edm a vybereme vhodnou a efektivn\u00ed l\u00e9\u010dbu.","robots":{"index":"index","follow":"follow","max-snippet":"max-snippet:-1","max-image-preview":"max-image-preview:large","max-video-preview":"max-video-preview:-1"},"canonical":"https:\/\/fertilityport.com\/cs\/chci-miminko\/","og_locale":"cs_CZ","og_type":"article","og_title":"Chcete miminko a neda\u0159\u00ed se? | FertilityPort Prague","og_description":"Spole\u010dn\u011b se pokus\u00edme nal\u00e9zt p\u0159\u00ed\u010dinu va\u0161ich pot\u00ed\u017e\u00ed s ot\u011bhotn\u011bn\u00edm a vybereme vhodnou a efektivn\u00ed l\u00e9\u010dbu.","og_url":"https:\/\/fertilityport.com\/cs\/chci-miminko\/","og_site_name":"FertilityPort Prague","article_modified_time":"2022-04-13T11:26:38+00:00","twitter_card":"summary_large_image","twitter_misc":{"Odhadovan\u00e1 doba \u010dten\u00ed":"3 minuty"},"schema":{"@context":"https:\/\/schema.org","@graph":[{"@type":"WebPage","@id":"https:\/\/fertilityport.com\/cs\/chci-miminko\/","url":"https:\/\/fertilityport.com\/cs\/chci-miminko\/","name":"Chcete miminko a neda\u0159\u00ed se? | FertilityPort Prague","isPartOf":{"@id":"https:\/\/fertilityport.com\/#website"},"datePublished":"2020-03-14T15:36:17+00:00","dateModified":"2022-04-13T11:26:38+00:00","description":"Spole\u010dn\u011b se pokus\u00edme nal\u00e9zt p\u0159\u00ed\u010dinu va\u0161ich pot\u00ed\u017e\u00ed s ot\u011bhotn\u011bn\u00edm a vybereme vhodnou a efektivn\u00ed l\u00e9\u010dbu.","breadcrumb":{"@id":"https:\/\/fertilityport.com\/cs\/chci-miminko\/#breadcrumb"},"inLanguage":"cs","potentialAction":[{"@type":"ReadAction","target":["https:\/\/fertilityport.com\/cs\/chci-miminko\/"]}]},{"@type":"BreadcrumbList","@id":"https:\/\/fertilityport.com\/cs\/chci-miminko\/#breadcrumb","itemListElement":[{"@type":"ListItem","position":1,"name":"Home","item":"https:\/\/fertilityport.com\/"},{"@type":"ListItem","position":2,"name":"Chci miminko"}]},{"@type":"WebSite","@id":"https:\/\/fertilityport.com\/#website","url":"https:\/\/fertilityport.com\/","name":"FertilityPort Prague","description":"","potentialAction":[{"@type":"SearchAction","target":{"@type":"EntryPoint","urlTemplate":"https:\/\/fertilityport.com\/?s={search_term_string}"},"query-input":{"@type":"PropertyValueSpecification","valueRequired":true,"valueName":"search_term_string"}}],"inLanguage":"cs"}]}},"_links":{"self":[{"href":"https:\/\/fertilityport.com\/cs\/wp-json\/wp\/v2\/pages\/860","targetHints":{"allow":["GET"]}}],"collection":[{"href":"https:\/\/fertilityport.com\/cs\/wp-json\/wp\/v2\/pages"}],"about":[{"href":"https:\/\/fertilityport.com\/cs\/wp-json\/wp\/v2\/types\/page"}],"author":[{"embeddable":true,"href":"https:\/\/fertilityport.com\/cs\/wp-json\/wp\/v2\/users\/2"}],"replies":[{"embeddable":true,"href":"https:\/\/fertilityport.com\/cs\/wp-json\/wp\/v2\/comments?post=860"}],"version-history":[{"count":20,"href":"https:\/\/fertilityport.com\/cs\/wp-json\/wp\/v2\/pages\/860\/revisions"}],"predecessor-version":[{"id":5578,"href":"https:\/\/fertilityport.com\/cs\/wp-json\/wp\/v2\/pages\/860\/revisions\/5578"}],"wp:attachment":[{"href":"https:\/\/fertilityport.com\/cs\/wp-json\/wp\/v2\/media?parent=860"}],"curies":[{"name":"wp","href":"https:\/\/api.w.org\/{rel}","templated":true}]}}