{"id":866,"date":"2020-03-14T16:39:41","date_gmt":"2020-03-14T15:39:41","guid":{"rendered":"https:\/\/fertilityport.vesmirnekure.cz\/?page_id=866"},"modified":"2023-03-08T12:36:07","modified_gmt":"2023-03-08T11:36:07","slug":"chci-darovat","status":"publish","type":"page","link":"https:\/\/fertilityport.com\/cs\/chci-darovat\/","title":{"rendered":"Chci darovat"},"content":{"rendered":"<p>[et_pb_section fb_built=&#8220;1&#8243; module_class=&#8220;welcome&#8211;page&#8220; _builder_version=&#8220;4.16&#8243; background_image=&#8220;https:\/\/fertilityport.com\/wp-content\/uploads\/2020\/03\/donate_head.jpg&#8220; custom_padding=&#8220;||90px|||&#8220; global_colors_info=&#8220;{}&#8220;][et_pb_row column_structure=&#8220;3_5,2_5&#8243; _builder_version=&#8220;4.16&#8243; global_colors_info=&#8220;{}&#8220;][et_pb_column type=&#8220;3_5&#8243; _builder_version=&#8220;4.16&#8243; global_colors_info=&#8220;{}&#8220;][et_pb_text module_class=&#8220;c_blurb&#8220; _builder_version=&#8220;4.16&#8243; global_colors_info=&#8220;{}&#8220;]<\/p>\n<h1>Chci darovat<\/h1>\n<p><span style=\"font-size: 16px;\">Objednejte se k n\u00e1m a my v\u00e1m v\u0161e vysv\u011btl\u00edme a cel\u00fdm procesem v\u00e1s r\u00e1di provedeme. Pou\u017eit\u00ed darovan\u00fdch bun\u011bk je pro n\u011bkter\u00e9 p\u00e1ry jedinou \u0161anc\u00ed na zalo\u017een\u00ed rodiny<\/span><\/p>\n<p>[\/et_pb_text][\/et_pb_column][et_pb_column type=&#8220;2_5&#8243; _builder_version=&#8220;4.16&#8243; global_colors_info=&#8220;{}&#8220;][\/et_pb_column][\/et_pb_row][et_pb_row column_structure=&#8220;3_5,2_5&#8243; _builder_version=&#8220;4.16&#8243; global_colors_info=&#8220;{}&#8220;][et_pb_column type=&#8220;3_5&#8243; _builder_version=&#8220;4.16&#8243; global_colors_info=&#8220;{}&#8220;][et_pb_text module_class=&#8220;c_blurb&#8220; _builder_version=&#8220;4.16&#8243; global_colors_info=&#8220;{}&#8220;]<\/p>\n<h1>Kontaktujte n\u00e1s +420 725 405 646<\/h1>\n<p>&nbsp;<\/p>\n<p>[\/et_pb_text][\/et_pb_column][et_pb_column type=&#8220;2_5&#8243; _builder_version=&#8220;4.16&#8243; global_colors_info=&#8220;{}&#8220;][\/et_pb_column][\/et_pb_row][\/et_pb_section][et_pb_section fb_built=&#8220;1&#8243; module_class=&#8220;section&#8211;pushtop&#8220; _builder_version=&#8220;4.16&#8243; custom_margin=&#8220;-56px|||||&#8220; custom_padding=&#8220;0px||29px|||&#8220; global_colors_info=&#8220;{}&#8220;][et_pb_row column_structure=&#8220;1_4,1_4,1_4,1_4&#8243; make_equal=&#8220;on&#8220; _builder_version=&#8220;4.16&#8243; custom_padding=&#8220;||0px||false|false&#8220; global_colors_info=&#8220;{}&#8220;][et_pb_column type=&#8220;1_4&#8243; _builder_version=&#8220;4.16&#8243; global_colors_info=&#8220;{}&#8220;][et_pb_blurb title=&#8220;DAROVAT VAJ\u00cd\u010cKA&#8220; url=&#8220;https:\/\/fertilityport.com\/cs\/darcovstvi-vajicek\/&#8220; image=&#8220;https:\/\/fertilityport.com\/wp-content\/uploads\/2020\/03\/woman_white.svg&#8220; module_class=&#8220;blurb&#8211;up&#8220; _builder_version=&#8220;4.16&#8243; header_level=&#8220;h2&#8243; text_orientation=&#8220;center&#8220; animation=&#8220;off&#8220; global_colors_info=&#8220;{}&#8220;]<\/p>\n<p>Chci pomoci a darovat sv\u00e1 vaj\u00ed\u010dka<\/p>\n<p>[\/et_pb_blurb][\/et_pb_column][et_pb_column type=&#8220;1_4&#8243; _builder_version=&#8220;4.16&#8243; global_colors_info=&#8220;{}&#8220;][et_pb_blurb title=&#8220;DAROVAT SPERMIE&#8220; url=&#8220;https:\/\/fertilityport.com\/cs\/darcovstvi-spermii\/&#8220; image=&#8220;https:\/\/fertilityport.com\/wp-content\/uploads\/2020\/03\/man.svg&#8220; module_class=&#8220;blurb&#8211;up&#8220; _builder_version=&#8220;4.16&#8243; header_level=&#8220;h2&#8243; text_orientation=&#8220;center&#8220; animation=&#8220;off&#8220; global_colors_info=&#8220;{}&#8220;]<\/p>\n<p>Chci pomoci a darovat sv\u00e9 spermie<\/p>\n<p>[\/et_pb_blurb][\/et_pb_column][et_pb_column type=&#8220;1_4&#8243; _builder_version=&#8220;4.16&#8243; global_colors_info=&#8220;{}&#8220;][et_pb_blurb title=&#8220;FAQ&#8220; url=&#8220;https:\/\/fertilityport.com\/cs\/darcovstvi-vajicek\/#faq&#8220; image=&#8220;https:\/\/fertilityport.com\/wp-content\/uploads\/2020\/03\/sperm.svg&#8220; module_class=&#8220;blurb&#8211;up&#8220; _builder_version=&#8220;4.16&#8243; header_level=&#8220;h2&#8243; text_orientation=&#8220;center&#8220; animation=&#8220;off&#8220; global_colors_info=&#8220;{}&#8220;]<\/p>\n<p>\u010casto kladen\u00e9 dotazy k d\u00e1rcovstv\u00ed vaj\u00ed\u010dek<\/p>\n<p>[\/et_pb_blurb][\/et_pb_column][et_pb_column type=&#8220;1_4&#8243; _builder_version=&#8220;4.16&#8243; global_colors_info=&#8220;{}&#8220;][\/et_pb_column][\/et_pb_row][\/et_pb_section]<\/p>\n","protected":false},"excerpt":{"rendered":"<p>Chci darovat Objednejte se k n\u00e1m a my v\u00e1m v\u0161e vysv\u011btl\u00edme a cel\u00fdm procesem v\u00e1s r\u00e1di provedeme. Pou\u017eit\u00ed darovan\u00fdch bun\u011bk je pro n\u011bkter\u00e9 p\u00e1ry jedinou \u0161anc\u00ed na zalo\u017een\u00ed rodinyKontaktujte n\u00e1s +420 725 405 646 &nbsp;Chci pomoci a darovat sv\u00e1 vaj\u00ed\u010dkaChci pomoci a darovat sv\u00e9 spermie\u010casto kladen\u00e9 dotazy k d\u00e1rcovstv\u00ed vaj\u00ed\u010dek<\/p>\n","protected":false},"author":2,"featured_media":0,"parent":0,"menu_order":0,"comment_status":"closed","ping_status":"closed","template":"","meta":{"_acf_changed":false,"_et_pb_use_builder":"on","_et_pb_old_content":"<p>[et_pb_section fb_built=\"1\" module_class=\"welcome--page\" _builder_version=\"4.4.0\" background_image=\"https:\/\/fertilityport.com\/wp-content\/uploads\/2020\/03\/donate_head.jpg\" custom_padding=\"||90px|||\"][et_pb_row column_structure=\"3_5,2_5\" _builder_version=\"4.4.0\"][et_pb_column type=\"3_5\" _builder_version=\"4.4.0\"][et_pb_text module_class=\"c_blurb\" _builder_version=\"4.4.0\"]<\/p><h1>I want to donate<\/h1><p>Make your appointment and we\u2019ll explain to you everything you need to know about the donation. We will be happy to assist you throughout the process. Often, ss a donor you will become the only hope fot infertile couples to start a family.<\/p><p>[\/et_pb_text][\/et_pb_column][et_pb_column type=\"2_5\" _builder_version=\"4.4.0\"][\/et_pb_column][\/et_pb_row][\/et_pb_section][et_pb_section fb_built=\"1\" module_class=\"section--pushtop\" _builder_version=\"4.4.0\" custom_padding=\"0px||29px|||\"][et_pb_row column_structure=\"1_4,1_4,1_4,1_4\" make_equal=\"on\" _builder_version=\"4.4.0\" custom_padding=\"||0px||false|false\"][et_pb_column type=\"1_4\" _builder_version=\"4.4.0\"][et_pb_blurb title=\"BECOMING AN EGG DONOR\" url=\"https:\/\/fertilityport.com\/egg-donation\/\" image=\"https:\/\/fertilityport.com\/wp-content\/uploads\/2020\/03\/woman_white.svg\" module_class=\"blurb--up\" _builder_version=\"4.4.0\" header_level=\"h2\" text_orientation=\"center\" animation=\"off\"]I want to help and donate my eggs[\/et_pb_blurb][\/et_pb_column][et_pb_column type=\"1_4\" _builder_version=\"4.4.0\"][et_pb_blurb title=\"BECOMING A SPERM DONOR\" url=\"https:\/\/fertilityport.com\/sperm-donation\/\" image=\"https:\/\/fertilityport.com\/wp-content\/uploads\/2020\/03\/man.svg\" module_class=\"blurb--up\" _builder_version=\"4.4.0\" header_level=\"h2\" text_orientation=\"center\" animation=\"off\"]I want to help and donate my sperm[\/et_pb_blurb][\/et_pb_column][et_pb_column type=\"1_4\" _builder_version=\"4.4.0\"][et_pb_blurb title=\"FAQ\" url=\"https:\/\/fertilityport.com\/egg-donation\/#faq\" image=\"https:\/\/fertilityport.com\/wp-content\/uploads\/2020\/03\/sperm.svg\" module_class=\"blurb--up\" _builder_version=\"4.4.0\" header_level=\"h2\" text_orientation=\"center\" animation=\"off\" hover_enabled=\"0\"]Egg Donation FAQ[\/et_pb_blurb][\/et_pb_column][et_pb_column type=\"1_4\" _builder_version=\"4.4.0\"][\/et_pb_column][\/et_pb_row][\/et_pb_section]<\/p>","_et_gb_content_width":"","footnotes":""},"class_list":["post-866","page","type-page","status-publish","hentry"],"acf":[],"yoast_head":"<!-- This site is optimized with the Yoast SEO plugin v27.5 - https:\/\/yoast.com\/product\/yoast-seo-wordpress\/ -->\n<title>Sta\u0148te se d\u00e1rcem\/d\u00e1rkyn\u00ed | FertilityPort Prague<\/title>\n<meta name=\"description\" content=\"Objednejte se k n\u00e1m a my v\u00e1m v\u0161e vysv\u011btl\u00edme. Pou\u017eit\u00ed darovan\u00fdch bun\u011bk je pro n\u011bkter\u00e9 p\u00e1ry jedinou \u0161anc\u00ed na zalo\u017een\u00ed rodiny\" \/>\n<meta name=\"robots\" content=\"index, follow, max-snippet:-1, max-image-preview:large, max-video-preview:-1\" \/>\n<link rel=\"canonical\" href=\"https:\/\/fertilityport.com\/cs\/chci-darovat\/\" \/>\n<meta property=\"og:locale\" content=\"cs_CZ\" \/>\n<meta property=\"og:type\" content=\"article\" \/>\n<meta property=\"og:title\" content=\"Sta\u0148te se d\u00e1rcem\/d\u00e1rkyn\u00ed | FertilityPort Prague\" \/>\n<meta property=\"og:description\" content=\"Objednejte se k n\u00e1m a my v\u00e1m v\u0161e vysv\u011btl\u00edme. Pou\u017eit\u00ed darovan\u00fdch bun\u011bk je pro n\u011bkter\u00e9 p\u00e1ry jedinou \u0161anc\u00ed na zalo\u017een\u00ed rodiny\" \/>\n<meta property=\"og:url\" content=\"https:\/\/fertilityport.com\/cs\/chci-darovat\/\" \/>\n<meta property=\"og:site_name\" content=\"FertilityPort Prague\" \/>\n<meta property=\"article:modified_time\" content=\"2023-03-08T11:36:07+00:00\" \/>\n<meta name=\"twitter:card\" content=\"summary_large_image\" \/>\n<meta name=\"twitter:label1\" content=\"Odhadovan\u00e1 doba \u010dten\u00ed\" \/>\n\t<meta name=\"twitter:data1\" content=\"2 minuty\" \/>\n<script type=\"application\/ld+json\" class=\"yoast-schema-graph\">{\"@context\":\"https:\\\/\\\/schema.org\",\"@graph\":[{\"@type\":\"WebPage\",\"@id\":\"https:\\\/\\\/fertilityport.com\\\/cs\\\/chci-darovat\\\/\",\"url\":\"https:\\\/\\\/fertilityport.com\\\/cs\\\/chci-darovat\\\/\",\"name\":\"Sta\u0148te se d\u00e1rcem\\\/d\u00e1rkyn\u00ed | FertilityPort Prague\",\"isPartOf\":{\"@id\":\"https:\\\/\\\/fertilityport.com\\\/#website\"},\"datePublished\":\"2020-03-14T15:39:41+00:00\",\"dateModified\":\"2023-03-08T11:36:07+00:00\",\"description\":\"Objednejte se k n\u00e1m a my v\u00e1m v\u0161e vysv\u011btl\u00edme. Pou\u017eit\u00ed darovan\u00fdch bun\u011bk je pro n\u011bkter\u00e9 p\u00e1ry jedinou \u0161anc\u00ed na zalo\u017een\u00ed rodiny\",\"breadcrumb\":{\"@id\":\"https:\\\/\\\/fertilityport.com\\\/cs\\\/chci-darovat\\\/#breadcrumb\"},\"inLanguage\":\"cs\",\"potentialAction\":[{\"@type\":\"ReadAction\",\"target\":[\"https:\\\/\\\/fertilityport.com\\\/cs\\\/chci-darovat\\\/\"]}]},{\"@type\":\"BreadcrumbList\",\"@id\":\"https:\\\/\\\/fertilityport.com\\\/cs\\\/chci-darovat\\\/#breadcrumb\",\"itemListElement\":[{\"@type\":\"ListItem\",\"position\":1,\"name\":\"Home\",\"item\":\"https:\\\/\\\/fertilityport.com\\\/\"},{\"@type\":\"ListItem\",\"position\":2,\"name\":\"Chci darovat\"}]},{\"@type\":\"WebSite\",\"@id\":\"https:\\\/\\\/fertilityport.com\\\/#website\",\"url\":\"https:\\\/\\\/fertilityport.com\\\/\",\"name\":\"FertilityPort Prague\",\"description\":\"\",\"potentialAction\":[{\"@type\":\"SearchAction\",\"target\":{\"@type\":\"EntryPoint\",\"urlTemplate\":\"https:\\\/\\\/fertilityport.com\\\/?s={search_term_string}\"},\"query-input\":{\"@type\":\"PropertyValueSpecification\",\"valueRequired\":true,\"valueName\":\"search_term_string\"}}],\"inLanguage\":\"cs\"}]}<\/script>\n<!-- \/ Yoast SEO plugin. -->","yoast_head_json":{"title":"Sta\u0148te se d\u00e1rcem\/d\u00e1rkyn\u00ed | FertilityPort Prague","description":"Objednejte se k n\u00e1m a my v\u00e1m v\u0161e vysv\u011btl\u00edme. Pou\u017eit\u00ed darovan\u00fdch bun\u011bk je pro n\u011bkter\u00e9 p\u00e1ry jedinou \u0161anc\u00ed na zalo\u017een\u00ed rodiny","robots":{"index":"index","follow":"follow","max-snippet":"max-snippet:-1","max-image-preview":"max-image-preview:large","max-video-preview":"max-video-preview:-1"},"canonical":"https:\/\/fertilityport.com\/cs\/chci-darovat\/","og_locale":"cs_CZ","og_type":"article","og_title":"Sta\u0148te se d\u00e1rcem\/d\u00e1rkyn\u00ed | FertilityPort Prague","og_description":"Objednejte se k n\u00e1m a my v\u00e1m v\u0161e vysv\u011btl\u00edme. Pou\u017eit\u00ed darovan\u00fdch bun\u011bk je pro n\u011bkter\u00e9 p\u00e1ry jedinou \u0161anc\u00ed na zalo\u017een\u00ed rodiny","og_url":"https:\/\/fertilityport.com\/cs\/chci-darovat\/","og_site_name":"FertilityPort Prague","article_modified_time":"2023-03-08T11:36:07+00:00","twitter_card":"summary_large_image","twitter_misc":{"Odhadovan\u00e1 doba \u010dten\u00ed":"2 minuty"},"schema":{"@context":"https:\/\/schema.org","@graph":[{"@type":"WebPage","@id":"https:\/\/fertilityport.com\/cs\/chci-darovat\/","url":"https:\/\/fertilityport.com\/cs\/chci-darovat\/","name":"Sta\u0148te se d\u00e1rcem\/d\u00e1rkyn\u00ed | FertilityPort Prague","isPartOf":{"@id":"https:\/\/fertilityport.com\/#website"},"datePublished":"2020-03-14T15:39:41+00:00","dateModified":"2023-03-08T11:36:07+00:00","description":"Objednejte se k n\u00e1m a my v\u00e1m v\u0161e vysv\u011btl\u00edme. Pou\u017eit\u00ed darovan\u00fdch bun\u011bk je pro n\u011bkter\u00e9 p\u00e1ry jedinou \u0161anc\u00ed na zalo\u017een\u00ed rodiny","breadcrumb":{"@id":"https:\/\/fertilityport.com\/cs\/chci-darovat\/#breadcrumb"},"inLanguage":"cs","potentialAction":[{"@type":"ReadAction","target":["https:\/\/fertilityport.com\/cs\/chci-darovat\/"]}]},{"@type":"BreadcrumbList","@id":"https:\/\/fertilityport.com\/cs\/chci-darovat\/#breadcrumb","itemListElement":[{"@type":"ListItem","position":1,"name":"Home","item":"https:\/\/fertilityport.com\/"},{"@type":"ListItem","position":2,"name":"Chci darovat"}]},{"@type":"WebSite","@id":"https:\/\/fertilityport.com\/#website","url":"https:\/\/fertilityport.com\/","name":"FertilityPort Prague","description":"","potentialAction":[{"@type":"SearchAction","target":{"@type":"EntryPoint","urlTemplate":"https:\/\/fertilityport.com\/?s={search_term_string}"},"query-input":{"@type":"PropertyValueSpecification","valueRequired":true,"valueName":"search_term_string"}}],"inLanguage":"cs"}]}},"_links":{"self":[{"href":"https:\/\/fertilityport.com\/cs\/wp-json\/wp\/v2\/pages\/866","targetHints":{"allow":["GET"]}}],"collection":[{"href":"https:\/\/fertilityport.com\/cs\/wp-json\/wp\/v2\/pages"}],"about":[{"href":"https:\/\/fertilityport.com\/cs\/wp-json\/wp\/v2\/types\/page"}],"author":[{"embeddable":true,"href":"https:\/\/fertilityport.com\/cs\/wp-json\/wp\/v2\/users\/2"}],"replies":[{"embeddable":true,"href":"https:\/\/fertilityport.com\/cs\/wp-json\/wp\/v2\/comments?post=866"}],"version-history":[{"count":14,"href":"https:\/\/fertilityport.com\/cs\/wp-json\/wp\/v2\/pages\/866\/revisions"}],"predecessor-version":[{"id":7101,"href":"https:\/\/fertilityport.com\/cs\/wp-json\/wp\/v2\/pages\/866\/revisions\/7101"}],"wp:attachment":[{"href":"https:\/\/fertilityport.com\/cs\/wp-json\/wp\/v2\/media?parent=866"}],"curies":[{"name":"wp","href":"https:\/\/api.w.org\/{rel}","templated":true}]}}