{"id":873,"date":"2020-03-14T16:43:27","date_gmt":"2020-03-14T15:43:27","guid":{"rendered":"https:\/\/fertilityport.vesmirnekure.cz\/?page_id=873"},"modified":"2026-01-27T02:36:31","modified_gmt":"2026-01-27T01:36:31","slug":"lecba-neplodnosti","status":"publish","type":"page","link":"https:\/\/fertilityport.com\/cs\/lecba-neplodnosti\/","title":{"rendered":"L\u00e9\u010dba neplodnosti"},"content":{"rendered":"<p>[et_pb_section fb_built=&#8220;1&#8243; module_class=&#8220;welcome&#8211;page&#8220; _builder_version=&#8220;4.27.5&#8243; background_image=&#8220;https:\/\/fertilityport.com\/wp-content\/uploads\/2026\/01\/HEADER_NEW.png&#8220; custom_padding=&#8220;128px||128px||false|false&#8220; hover_enabled=&#8220;0&#8243; global_colors_info=&#8220;{}&#8220; custom_padding_last_edited=&#8220;on|phone&#8220; sticky_enabled=&#8220;0&#8243; custom_padding_phone=&#8220;50px||50px||false|false&#8220; custom_padding_tablet=&#8220;128px||128px||false|false&#8220;][et_pb_row column_structure=&#8220;2_3,1_3&#8243; _builder_version=&#8220;4.16&#8243; global_colors_info=&#8220;{}&#8220;][et_pb_column type=&#8220;2_3&#8243; _builder_version=&#8220;4.16&#8243; global_colors_info=&#8220;{}&#8220;][et_pb_text module_class=&#8220;c_blurb&#8220; _builder_version=&#8220;4.16&#8243; global_colors_info=&#8220;{}&#8220;]<\/p>\n<h1>L\u00e9\u010dba neplodnosti a vy\u0161et\u0159en\u00ed<\/h1>\n<p>Jak\u00e1 vy\u0161et\u0159en\u00ed v\u00e1s \u010dekaj\u00ed p\u0159i prvn\u00ed n\u00e1v\u0161t\u011bv\u011b? P\u0159e\u010dt\u011bte si v\u00edce o jednotliv\u00fdch terapi\u00edch<\/p>\n<p>[\/et_pb_text][\/et_pb_column][et_pb_column type=&#8220;1_3&#8243; _builder_version=&#8220;4.16&#8243; global_colors_info=&#8220;{}&#8220;][\/et_pb_column][\/et_pb_row][\/et_pb_section][et_pb_section fb_built=&#8220;1&#8243; _builder_version=&#8220;4.16&#8243; global_colors_info=&#8220;{}&#8220;][et_pb_row column_structure=&#8220;1_2,1_2&#8243; _builder_version=&#8220;4.16&#8243; global_colors_info=&#8220;{}&#8220;][et_pb_column type=&#8220;1_2&#8243; _builder_version=&#8220;4.16&#8243; global_colors_info=&#8220;{}&#8220;][et_pb_text module_class=&#8220;c_blurb&#8220; _builder_version=&#8220;4.16&#8243; global_colors_info=&#8220;{}&#8220;]<\/p>\n<h2>\u017dena<\/h2>\n<p><strong>Komplexn\u00ed gynekologick\u00e9 vy\u0161et\u0159en\u00ed<\/strong> v\u010detn\u011b gynekologick\u00e9ho ultrazvuku se zam\u011b\u0159en\u00edm na aktu\u00e1ln\u00ed z\u00e1sobu folikul\u016f (vaj\u00ed\u010dek) vzhledem k v\u011bku pacientky, stav d\u011blohy a na celkov\u00e9 podm\u00ednky pro \u00fasp\u011b\u0161n\u00e9 ot\u011bhotn\u011bn\u00ed.<\/p>\n<p><strong>Laboratorn\u00ed vy\u0161et\u0159en\u00ed<\/strong>, kter\u00e9 pom\u00e1h\u00e1 stanovit aktu\u00e1ln\u00ed z\u00e1sobu vaj\u00ed\u010dek a celkov\u00fd stav organismu s ohledem na o\u010dek\u00e1van\u00e9 miminko a t\u011bhotenstv\u00ed.<\/p>\n<p>[\/et_pb_text][\/et_pb_column][et_pb_column type=&#8220;1_2&#8243; _builder_version=&#8220;4.16&#8243; global_colors_info=&#8220;{}&#8220;][et_pb_text module_class=&#8220;c_blurb&#8220; _builder_version=&#8220;4.16&#8243; global_colors_info=&#8220;{}&#8220;]<\/p>\n<h2>Mu\u017e<\/h2>\n<p><strong>Spermiogram<\/strong> \u2013 stanoven\u00ed aktu\u00e1ln\u00ed kvality ejakul\u00e1tu a t\u00edm zji\u0161t\u011bn\u00ed, zda Va\u0161e \u0161ance na \u00fasp\u011b\u0161n\u00e9 po\u010det\u00ed jsou optim\u00e1ln\u00ed nebo sn\u00ed\u017een\u00e9.<\/p>\n<p><strong><\/strong><\/p>\n<p>[\/et_pb_text][\/et_pb_column][\/et_pb_row][\/et_pb_section][et_pb_section fb_built=&#8220;1&#8243; _builder_version=&#8220;4.16&#8243; background_color=&#8220;#f7f7f7&#8243; global_colors_info=&#8220;{}&#8220;][et_pb_row _builder_version=&#8220;4.16&#8243; global_colors_info=&#8220;{}&#8220;][et_pb_column type=&#8220;4_4&#8243; _builder_version=&#8220;4.16&#8243; global_colors_info=&#8220;{}&#8220;][et_pb_text module_class=&#8220;c_blurb&#8220; _builder_version=&#8220;4.16&#8243; global_colors_info=&#8220;{}&#8220;]<\/p>\n<h2>IUI \u2013 Intrauterinn\u00ed Inseminace<\/h2>\n<p><span style=\"font-size: 16px;\">Jedna z historicky nejstar\u0161\u00edch metod, spo\u010d\u00edv\u00e1 v kontroln\u00ed ultrazvukov\u00e9 folikulometrii (zm\u011b\u0159en\u00ed velikosti folikulu nebo folikul\u016f) a pot\u00e9 pl\u00e1nov\u00e1n\u00ed v\u00fdkonu \u2013 vlastn\u00ed inseminace. P\u0159ed v\u00fdkonem si aplikujete injekci kter\u00e1 m\u00e1 za \u00fakol spr\u00e1vn\u00e9 na\u010dasov\u00e1n\u00ed dozr\u00e1n\u00ed vaj\u00ed\u010dka a jeho uvoln\u011bn\u00ed z folikulu (ovulace). Vaj\u00ed\u010dko pot\u00e9 cestuje p\u0159es vejcovod , kde se setk\u00e1 se spermiemi, kter\u00e9 aplikujeme po zpracov\u00e1n\u00ed v laborato\u0159i do d\u011blohy. T\u00edm p\u00e1dem maj\u00ed spermie krat\u0161\u00ed cestu k vaj\u00ed\u010dku.<\/span><\/p>\n<p>Podm\u00ednkou pl\u00e1nov\u00e1n\u00ed t\u00e9to metody je potvrzen\u00fd r\u016fst folikulu (ovula\u010dn\u00ed cyklus) a norm\u00e1ln\u00ed spermiogram.<\/p>\n<p>[\/et_pb_text][et_pb_code _builder_version=&#8220;4.16&#8243; global_colors_info=&#8220;{}&#8220;]<a class=\"btn btn--primary\" href=\"https:\/\/fertilityport.com\/cs\/lecba-neplodnosti\/prubeh\/\">V\u00edce informac\u00ed<\/a>[\/et_pb_code][\/et_pb_column][\/et_pb_row][et_pb_row _builder_version=&#8220;4.16&#8243; global_colors_info=&#8220;{}&#8220;][et_pb_column type=&#8220;4_4&#8243; _builder_version=&#8220;4.16&#8243; global_colors_info=&#8220;{}&#8220;][et_pb_text module_class=&#8220;c_blurb&#8220; _builder_version=&#8220;4.16&#8243; global_colors_info=&#8220;{}&#8220;]<\/p>\n<h2>IVF\/ICSI vlastn\u00ed vaj\u00ed\u010dka a spermie p\u00e1ru<\/h2>\n<p>Metoda, kdy si \u017eena pravideln\u011b aplikuje injekce s hormony, kter\u00e9 by m\u011bly zajistit dozr\u00e1v\u00e1n\u00ed v\u011bt\u0161\u00edho po\u010dtu vaj\u00ed\u010dek v jednom menstrua\u010dn\u00edm cyklu. \u017dena chod\u00ed na ultrazvukov\u00e1 vy\u0161et\u0159en\u00ed, kde se r\u016fst folikul\u016f kontroluje a po posledn\u00edm ultrazvuku se pl\u00e1nuje odb\u011br vaj\u00ed\u010dek, v\u011bt\u0161inou v celkov\u00e9 nark\u00f3ze (pro v\u00e1\u0161 komfort a bezpe\u010dnost).<\/p>\n<p>Cel\u00fd postup absolvujete v jednom menstrua\u010dn\u00edm cyklu \u2013 injekce si p\u00edch\u00e1te denn\u011b po dobu cca 8-12 dn\u00ed, transfer embrya se pl\u00e1nuje 3-5 dn\u00ed po odb\u011bru va\u0161ich vaj\u00ed\u010dek.<\/p>\n<p>Oplodn\u011bn\u00ed vaj\u00ed\u010dek prob\u00edh\u00e1 metodou IVF \u010di ICSI. P\u0159i metod\u011b IVF jsou ponech\u00e1na vaj\u00ed\u010dka i spermie na misce a \u010dek\u00e1 se na z\u00e1zrak splynut\u00ed do druh\u00e9ho dne. Metodou ICSI se o\u010di\u0161t\u011bn\u00e9, zkontrolovan\u00e9, zral\u00e9 vaj\u00ed\u010dko oplodn\u00ed pod mikroskopem jednou vybranou kvalitn\u00ed spermi\u00ed, kter\u00e1 je zavedena p\u0159\u00edmo do vaj\u00ed\u010dka mikromanipula\u010dn\u00ed technikou. Tato metoda m\u00e1 ve srovn\u00e1n\u00ed s IVF v\u011bt\u0161\u00ed \u00fasp\u011b\u0161nost.<\/p>\n<p>[\/et_pb_text][et_pb_code _builder_version=&#8220;4.16&#8243; global_colors_info=&#8220;{}&#8220;]<a class=\"btn btn--primary\" href=\"https:\/\/fertilityport.com\/cs\/lecba-neplodnosti\/prubeh\/#tab2\">V\u00edce informac\u00ed<\/a>[\/et_pb_code][\/et_pb_column][\/et_pb_row][et_pb_row _builder_version=&#8220;4.16&#8243; global_colors_info=&#8220;{}&#8220;][et_pb_column type=&#8220;4_4&#8243; _builder_version=&#8220;4.16&#8243; global_colors_info=&#8220;{}&#8220;][et_pb_text module_class=&#8220;c_blurb&#8220; _builder_version=&#8220;4.16&#8243; global_colors_info=&#8220;{}&#8220;]<\/p>\n<h2>IVF\/ICSI darovan\u00e1 vaj\u00ed\u010dka a vlastn\u00ed spermie p\u00e1ru<\/h2>\n<p>Pokud m\u00e1 \u017eena v\u00fdrazn\u011b sn\u00ed\u017een\u00fd po\u010det nebo kvalitu vaj\u00ed\u010dek je pot\u0159eba z\u00edskat vaj\u00ed\u010dka od d\u00e1rkyn\u011b, kterou je zdrav\u00e1 mlad\u00e1 \u017eena s optim\u00e1ln\u00ed plodnost\u00ed. Cel\u00fd postup spo\u010d\u00edv\u00e1 ve slad\u011bn\u00ed Va\u0161eho menstrua\u010dn\u00edho cyklu s cyklem d\u00e1rkyn\u011b. D\u00e1rkyn\u011b stimuluje, po ur\u010dit\u00e9 dob\u011b odeb\u00edr\u00e1me jej\u00ed vaj\u00ed\u010dka. Vy se p\u0159ipravujete na zaveden\u00ed embry\u00ed vznikl\u00fdch z vaj\u00ed\u010dek d\u00e1rkyn\u011b a spermi\u00ed va\u0161eho partnera nebo man\u017eela.<\/p>\n<p>Oplodn\u011bn\u00ed vaj\u00ed\u010dek prob\u00edh\u00e1 metodou ICSI. Jsou pou\u017eita vaj\u00ed\u010dka od d\u00e1rkyn\u011b.<\/p>\n<p>[\/et_pb_text][et_pb_code _builder_version=&#8220;4.16&#8243; global_colors_info=&#8220;{}&#8220;]<a class=\"btn btn--primary\" href=\"https:\/\/fertilityport.com\/cs\/lecba-neplodnosti\/prubeh\/#tab3\">V\u00edce informac\u00ed<\/a>[\/et_pb_code][\/et_pb_column][\/et_pb_row][et_pb_row _builder_version=&#8220;4.16&#8243; global_colors_info=&#8220;{}&#8220;][et_pb_column type=&#8220;4_4&#8243; _builder_version=&#8220;4.16&#8243; global_colors_info=&#8220;{}&#8220;][et_pb_text module_class=&#8220;c_blurb&#8220; _builder_version=&#8220;4.16&#8243; global_colors_info=&#8220;{}&#8220;]<\/p>\n<h2>IVF\/ICSI darovan\u00e1 vaj\u00ed\u010dka a darovan\u00e9 spermie<\/h2>\n<p>V p\u0159\u00edpad\u011b \u017ee ani jeden z p\u00e1ru nem\u00e1 optim\u00e1ln\u00ed kvalitu z\u00e1rode\u010dn\u00fdch bun\u011bk je pot\u0159eba z\u00edskat od d\u00e1rkyn\u011b vaj\u00ed\u010dka a od d\u00e1rce spermie. D\u00e1rkyn\u011b stimuluje, po ur\u010dit\u00e9 dob\u011b odeb\u00edr\u00e1me jej\u00ed vaj\u00ed\u010dka. Vy se p\u0159ipravujete na zaveden\u00ed embry\u00ed vznikl\u00fdch z vaj\u00ed\u010dek d\u00e1rkyn\u011b a spermi\u00ed d\u00e1rce, kter\u00fdm je zdrav\u00fd mlad\u00fd mu\u017e s excelentn\u00ed kvalitou spermiogramu. Vaj\u00ed\u010dka jsou v\u017edy \u010derstv\u00e1 a spermie v naprost\u00e9 v\u011bt\u0161in\u011b zamra\u017een\u00e9.<\/p>\n<p>Oplodn\u011bn\u00ed vaj\u00ed\u010dek prob\u00edh\u00e1 metodou ICSI. Jsou pou\u017eity spermie i vaj\u00ed\u010dka od d\u00e1rc\u016f.<\/p>\n<p>[\/et_pb_text][et_pb_code _builder_version=&#8220;4.16&#8243; global_colors_info=&#8220;{}&#8220;]<a class=\"btn btn--primary\" href=\"https:\/\/fertilityport.com\/cs\/lecba-neplodnosti\/prubeh\/#tab4\">V\u00edce informac\u00ed<\/a>[\/et_pb_code][\/et_pb_column][\/et_pb_row][et_pb_row _builder_version=&#8220;4.16&#8243; global_colors_info=&#8220;{}&#8220;][et_pb_column type=&#8220;4_4&#8243; _builder_version=&#8220;4.16&#8243; global_colors_info=&#8220;{}&#8220;][et_pb_text module_class=&#8220;c_blurb&#8220; _builder_version=&#8220;4.16&#8243; global_colors_info=&#8220;{}&#8220;]<\/p>\n<h2>Darovan\u00e1 zamra\u017een\u00e1 embrya<\/h2>\n<p><span style=\"font-size: 16px;\">V p\u0159\u00edpad\u011b \u017ee ani jeden z p\u00e1ru nem\u00e1 optim\u00e1ln\u00ed kvalitu z\u00e1rode\u010dn\u00fdch bun\u011bk je mo\u017en\u00e9 pl\u00e1novat po p\u0159\u00edprav\u011b Va\u0161\u00ed d\u011blo\u017en\u00ed sliznice zaveden\u00ed embry\u00ed. Tato jsou zamra\u017een\u00e1 a transfer prob\u00edh\u00e1 po rozmra\u017een\u00ed. V\u00fdhodou tohoto postupu je jednodu\u0161\u0161\u00ed p\u0159\u00edprava cel\u00e9ho procesu a \u017e\u00e1dn\u00e1 \u010dekac\u00ed doba.<\/span><\/p>\n<p>[\/et_pb_text][\/et_pb_column][\/et_pb_row][\/et_pb_section]<\/p>\n","protected":false},"excerpt":{"rendered":"<p>L\u00e9\u010dba neplodnosti a vy\u0161et\u0159en\u00ed Jak\u00e1 vy\u0161et\u0159en\u00ed v\u00e1s \u010dekaj\u00ed p\u0159i prvn\u00ed n\u00e1v\u0161t\u011bv\u011b? P\u0159e\u010dt\u011bte si v\u00edce o jednotliv\u00fdch terapi\u00edch\u017dena Komplexn\u00ed gynekologick\u00e9 vy\u0161et\u0159en\u00ed v\u010detn\u011b gynekologick\u00e9ho ultrazvuku se zam\u011b\u0159en\u00edm na aktu\u00e1ln\u00ed z\u00e1sobu folikul\u016f (vaj\u00ed\u010dek) vzhledem k v\u011bku pacientky, stav d\u011blohy a na celkov\u00e9 podm\u00ednky pro \u00fasp\u011b\u0161n\u00e9 ot\u011bhotn\u011bn\u00ed. Laboratorn\u00ed vy\u0161et\u0159en\u00ed, kter\u00e9 pom\u00e1h\u00e1 stanovit aktu\u00e1ln\u00ed z\u00e1sobu vaj\u00ed\u010dek a celkov\u00fd stav organismu [&hellip;]<\/p>\n","protected":false},"author":2,"featured_media":0,"parent":0,"menu_order":0,"comment_status":"closed","ping_status":"closed","template":"","meta":{"_acf_changed":false,"_et_pb_use_builder":"on","_et_pb_old_content":"<p>[et_pb_section fb_built=\"1\" _builder_version=\"4.4.0\" background_image=\"https:\/\/fertilityport.com\/wp-content\/uploads\/2020\/03\/lecba_neplodnosti_head.jpg\"][et_pb_row column_structure=\"2_3,1_3\" _builder_version=\"4.4.0\"][et_pb_column type=\"2_3\" _builder_version=\"4.4.0\"][et_pb_text module_class=\"c_blurb\" _builder_version=\"4.4.0\"]<\/p><h1>Infertility treatment and examinations<\/h1><p>What examinations to expect during the first visit? Read more about methods of infertility treatment[\/et_pb_text][\/et_pb_column][et_pb_column type=\"1_3\" _builder_version=\"4.4.0\"][\/et_pb_column][\/et_pb_row][\/et_pb_section][et_pb_section fb_built=\"1\" _builder_version=\"4.4.0\"][et_pb_row column_structure=\"1_2,1_2\" _builder_version=\"4.4.0\"][et_pb_column type=\"1_2\" _builder_version=\"4.4.0\"][et_pb_text module_class=\"c_blurb\" _builder_version=\"4.4.0\"]<\/p><h2>I am a woman<\/h2><p><strong>Complex gynaecological examination<\/strong> including gynaecological sonography focused on current follicle (egg) supply with regard to the patient\u2019s age, the current state of the uterus and the overall conditions needed for successful pregnancy.<\/p><p><strong>Laboratory examination<\/strong> which helps specify the current egg supply and the overall condition of the body with regard to the expected baby and pregnancy.<\/p><p>[\/et_pb_text][\/et_pb_column][et_pb_column type=\"1_2\" _builder_version=\"4.4.0\"][et_pb_text module_class=\"c_blurb\" _builder_version=\"4.4.0\"]<\/p><h2>I am a woman<\/h2><p><strong>Spermiogram<\/strong> \u2013 this test determines the current quality of the ejaculate and therefore ascertains whether your chances of a successful conception are optimal or lower.<\/p><p><strong>DNA testing of sperm fragmentation<\/strong> \u2013 this test assesses the \u201clevel of readiness\u201d of the sperm to successfully impregnate an egg. It also gives us the percentage of damaged sperm which are not able to impregnate the egg.<\/p><p>[\/et_pb_text][\/et_pb_column][\/et_pb_row][\/et_pb_section][et_pb_section fb_built=\"1\" _builder_version=\"4.4.0\" background_color=\"#f7f7f7\"][et_pb_row _builder_version=\"4.4.0\"][et_pb_column type=\"4_4\" _builder_version=\"4.4.0\"][et_pb_text module_class=\"c_blurb\" _builder_version=\"4.4.0\"]<\/p><h2>IUI \u2013 Intrauterine Insemination<\/h2><p>This method is one of the oldest and it involves a sonographical folliculometry check (measurement of the size of the follicle\/s) and then planning the treatment \u2013 the insemination itself. Before the treatment you give yourself an injection which in turn ensures the correct timing of the maturing of the egg and its releasing from the follicle (ovulation). The egg then goes through the Fallopian tube, where it meets the sperm which are applied after laboratory processing into the uterus. This makes sure that the sperm\u2019s way to the egg is shorter.<\/p><p>The planning of this method cannot be performed unless follicle growth (ovulation cycle) and a standard spermiogram are confirmed.[\/et_pb_text][et_pb_code _builder_version=\"4.4.0\"]<a class=\"btn btn--primary\" href=\"https:\/\/fertilityport.com\/infertility-treatment\/how-it-works\/\">Read more<\/a>[\/et_pb_code][\/et_pb_column][\/et_pb_row][et_pb_row _builder_version=\"4.4.0\"][et_pb_column type=\"4_4\" _builder_version=\"4.4.0\"][et_pb_text module_class=\"c_blurb\" _builder_version=\"4.4.0\"]<\/p><h2>IVF\/ICSI with the couple\u2019s own eggs and sperm<\/h2><p>When using this method the woman gives herself regular hormone injections which should ensure maturing of a larger number of eggs in one menstrual cycle. The woman attends sonography examinations which check the follicle growth and after the last sonography examination the egg collection is planned, usually in general anaesthesia (for your own comfort and safety).<\/p><p>You complete the whole procedure within one menstrual cycle \u2013 you give yourself the injections for about 8-12 days, the embryo transfer is planned for a date 3-5 days after the collection of your eggs.<\/p><p>Fertilisation of the eggs is done by the IVF or ICSI method. When using IVF both the sperm and the eggs are left on the dish and then they are left to the miracle of their merging until the next day. The ICSI method involves a cleaned, checked, mature egg, which is fertilised under the microscope with one selected quality sperm. This sperm is introduced directly into the egg using micromanipulation. This method has proven to be more successful in comparison to IVF.[\/et_pb_text][et_pb_code _builder_version=\"4.4.0\" hover_enabled=\"0\"]<a class=\"btn btn--primary\" href=\"https:\/\/fertilityport.com\/infertility-treatment\/how-it-works\/#tab2\">Read more<\/a>[\/et_pb_code][\/et_pb_column][\/et_pb_row][et_pb_row _builder_version=\"4.4.0\"][et_pb_column type=\"4_4\" _builder_version=\"4.4.0\"][et_pb_text module_class=\"c_blurb\" _builder_version=\"4.4.0\"]<\/p><h2>IVF\/ICSI with donated eggs and the couple\u2019s own sperm<\/h2><p>If the woman\u2019s number or quality of sperm is significantly lower, it is necessary to obtain an egg from a donor, namely a healthy young woman of optimum fertility. The whole procedure consists of harmonizing your menstrual cycle with that of the donor. The donor stimulates and after a certain time her eggs are collected. In the meantime you are preparing yourself for the introduction of the embryos created from the donor\u2019s eggs and your partner\u2019s or husband\u2019s sperm.<\/p><p>The fertilisation is performed using ICSI. The donor\u2019s eggs are used.[\/et_pb_text][et_pb_code _builder_version=\"4.4.0\" hover_enabled=\"0\"]<a class=\"btn btn--primary\" href=\"https:\/\/fertilityport.com\/infertility-treatment\/how-it-works\/#tab3\">Read more<\/a>[\/et_pb_code][\/et_pb_column][\/et_pb_row][et_pb_row _builder_version=\"4.4.0\"][et_pb_column type=\"4_4\" _builder_version=\"4.4.0\"][et_pb_text module_class=\"c_blurb\" _builder_version=\"4.4.0\"]<\/p><h2>IVF\/ICSI with donated eggs and sperm<\/h2><p>In case neither of the two partners in the couple has optimum quality oocytes and spermatocytes it is necessary to obtain eggs from one donor and sperm from another. The female donor stimulates and after a certain time her eggs are collected. In the meantime you are preparing yourself for the introduction of the embryos created from the female donor\u2019s eggs and the male donor\u2019s sperm. The male donor is a healthy young man with an excellent quality spermiogram. The eggs are always fresh and the sperm is most cases frozen.<\/p><p>The fertilisation is performed using ICSI. The female donor\u2019s eggs and male donor\u2019s sperm are used.[\/et_pb_text][et_pb_code _builder_version=\"4.4.0\" hover_enabled=\"0\"]<a class=\"btn btn--primary\" href=\"https:\/\/fertilityport.com\/infertility-treatment\/how-it-works\/#tab4\">Read more<\/a>[\/et_pb_code][\/et_pb_column][\/et_pb_row][et_pb_row _builder_version=\"4.4.0\"][et_pb_column type=\"4_4\" _builder_version=\"4.4.0\"][et_pb_text module_class=\"c_blurb\" _builder_version=\"4.4.0\"]<\/p><h2>Donated frozen embryos<\/h2><p>In case neither of the partners in the couple has optimum quality oocytes and spermatocytes it is possible to plan the introduction of embryos onto your endometrium after it has been prepared for it. The advantage of this procedure is its simpler preparation and zero waiting time.[\/et_pb_text][\/et_pb_column][\/et_pb_row][\/et_pb_section]<\/p>","_et_gb_content_width":"","footnotes":""},"class_list":["post-873","page","type-page","status-publish","hentry"],"acf":[],"yoast_head":"<!-- This site is optimized with the Yoast SEO plugin v27.4 - https:\/\/yoast.com\/product\/yoast-seo-wordpress\/ -->\n<title>L\u00e9\u010dba neplodnosti | FertilityPort Prague -tady za\u010d\u00edn\u00e1 \u017eivot<\/title>\n<meta name=\"description\" content=\"Jak\u00e1 vy\u0161et\u0159en\u00ed v\u00e1s \u010dekaj\u00ed p\u0159i prvn\u00ed n\u00e1v\u0161t\u011bv\u011b? P\u0159e\u010dt\u011bte si o pr\u016fb\u011bhu jednotliv\u00fdch typ\u016f terapi\u00ed\" \/>\n<meta name=\"robots\" content=\"index, follow, max-snippet:-1, max-image-preview:large, max-video-preview:-1\" \/>\n<link rel=\"canonical\" href=\"https:\/\/fertilityport.com\/cs\/lecba-neplodnosti\/\" \/>\n<meta property=\"og:locale\" content=\"cs_CZ\" \/>\n<meta property=\"og:type\" content=\"article\" \/>\n<meta property=\"og:title\" content=\"L\u00e9\u010dba neplodnosti | FertilityPort Prague -tady za\u010d\u00edn\u00e1 \u017eivot\" \/>\n<meta property=\"og:description\" content=\"Jak\u00e1 vy\u0161et\u0159en\u00ed v\u00e1s \u010dekaj\u00ed p\u0159i prvn\u00ed n\u00e1v\u0161t\u011bv\u011b? P\u0159e\u010dt\u011bte si o pr\u016fb\u011bhu jednotliv\u00fdch typ\u016f terapi\u00ed\" \/>\n<meta property=\"og:url\" content=\"https:\/\/fertilityport.com\/cs\/lecba-neplodnosti\/\" \/>\n<meta property=\"og:site_name\" content=\"FertilityPort Prague\" \/>\n<meta property=\"article:modified_time\" content=\"2026-01-27T01:36:31+00:00\" \/>\n<meta name=\"twitter:card\" content=\"summary_large_image\" \/>\n<meta name=\"twitter:label1\" content=\"Odhadovan\u00e1 doba \u010dten\u00ed\" \/>\n\t<meta name=\"twitter:data1\" content=\"3 minuty\" \/>\n<script type=\"application\/ld+json\" class=\"yoast-schema-graph\">{\"@context\":\"https:\\\/\\\/schema.org\",\"@graph\":[{\"@type\":\"WebPage\",\"@id\":\"https:\\\/\\\/fertilityport.com\\\/cs\\\/lecba-neplodnosti\\\/\",\"url\":\"https:\\\/\\\/fertilityport.com\\\/cs\\\/lecba-neplodnosti\\\/\",\"name\":\"L\u00e9\u010dba neplodnosti | FertilityPort Prague -tady za\u010d\u00edn\u00e1 \u017eivot\",\"isPartOf\":{\"@id\":\"https:\\\/\\\/fertilityport.com\\\/#website\"},\"datePublished\":\"2020-03-14T15:43:27+00:00\",\"dateModified\":\"2026-01-27T01:36:31+00:00\",\"description\":\"Jak\u00e1 vy\u0161et\u0159en\u00ed v\u00e1s \u010dekaj\u00ed p\u0159i prvn\u00ed n\u00e1v\u0161t\u011bv\u011b? P\u0159e\u010dt\u011bte si o pr\u016fb\u011bhu jednotliv\u00fdch typ\u016f terapi\u00ed\",\"breadcrumb\":{\"@id\":\"https:\\\/\\\/fertilityport.com\\\/cs\\\/lecba-neplodnosti\\\/#breadcrumb\"},\"inLanguage\":\"cs\",\"potentialAction\":[{\"@type\":\"ReadAction\",\"target\":[\"https:\\\/\\\/fertilityport.com\\\/cs\\\/lecba-neplodnosti\\\/\"]}]},{\"@type\":\"BreadcrumbList\",\"@id\":\"https:\\\/\\\/fertilityport.com\\\/cs\\\/lecba-neplodnosti\\\/#breadcrumb\",\"itemListElement\":[{\"@type\":\"ListItem\",\"position\":1,\"name\":\"Home\",\"item\":\"https:\\\/\\\/fertilityport.com\\\/\"},{\"@type\":\"ListItem\",\"position\":2,\"name\":\"L\u00e9\u010dba neplodnosti\"}]},{\"@type\":\"WebSite\",\"@id\":\"https:\\\/\\\/fertilityport.com\\\/#website\",\"url\":\"https:\\\/\\\/fertilityport.com\\\/\",\"name\":\"FertilityPort Prague\",\"description\":\"\",\"potentialAction\":[{\"@type\":\"SearchAction\",\"target\":{\"@type\":\"EntryPoint\",\"urlTemplate\":\"https:\\\/\\\/fertilityport.com\\\/?s={search_term_string}\"},\"query-input\":{\"@type\":\"PropertyValueSpecification\",\"valueRequired\":true,\"valueName\":\"search_term_string\"}}],\"inLanguage\":\"cs\"}]}<\/script>\n<!-- \/ Yoast SEO plugin. -->","yoast_head_json":{"title":"L\u00e9\u010dba neplodnosti | FertilityPort Prague -tady za\u010d\u00edn\u00e1 \u017eivot","description":"Jak\u00e1 vy\u0161et\u0159en\u00ed v\u00e1s \u010dekaj\u00ed p\u0159i prvn\u00ed n\u00e1v\u0161t\u011bv\u011b? P\u0159e\u010dt\u011bte si o pr\u016fb\u011bhu jednotliv\u00fdch typ\u016f terapi\u00ed","robots":{"index":"index","follow":"follow","max-snippet":"max-snippet:-1","max-image-preview":"max-image-preview:large","max-video-preview":"max-video-preview:-1"},"canonical":"https:\/\/fertilityport.com\/cs\/lecba-neplodnosti\/","og_locale":"cs_CZ","og_type":"article","og_title":"L\u00e9\u010dba neplodnosti | FertilityPort Prague -tady za\u010d\u00edn\u00e1 \u017eivot","og_description":"Jak\u00e1 vy\u0161et\u0159en\u00ed v\u00e1s \u010dekaj\u00ed p\u0159i prvn\u00ed n\u00e1v\u0161t\u011bv\u011b? P\u0159e\u010dt\u011bte si o pr\u016fb\u011bhu jednotliv\u00fdch typ\u016f terapi\u00ed","og_url":"https:\/\/fertilityport.com\/cs\/lecba-neplodnosti\/","og_site_name":"FertilityPort Prague","article_modified_time":"2026-01-27T01:36:31+00:00","twitter_card":"summary_large_image","twitter_misc":{"Odhadovan\u00e1 doba \u010dten\u00ed":"3 minuty"},"schema":{"@context":"https:\/\/schema.org","@graph":[{"@type":"WebPage","@id":"https:\/\/fertilityport.com\/cs\/lecba-neplodnosti\/","url":"https:\/\/fertilityport.com\/cs\/lecba-neplodnosti\/","name":"L\u00e9\u010dba neplodnosti | FertilityPort Prague -tady za\u010d\u00edn\u00e1 \u017eivot","isPartOf":{"@id":"https:\/\/fertilityport.com\/#website"},"datePublished":"2020-03-14T15:43:27+00:00","dateModified":"2026-01-27T01:36:31+00:00","description":"Jak\u00e1 vy\u0161et\u0159en\u00ed v\u00e1s \u010dekaj\u00ed p\u0159i prvn\u00ed n\u00e1v\u0161t\u011bv\u011b? P\u0159e\u010dt\u011bte si o pr\u016fb\u011bhu jednotliv\u00fdch typ\u016f terapi\u00ed","breadcrumb":{"@id":"https:\/\/fertilityport.com\/cs\/lecba-neplodnosti\/#breadcrumb"},"inLanguage":"cs","potentialAction":[{"@type":"ReadAction","target":["https:\/\/fertilityport.com\/cs\/lecba-neplodnosti\/"]}]},{"@type":"BreadcrumbList","@id":"https:\/\/fertilityport.com\/cs\/lecba-neplodnosti\/#breadcrumb","itemListElement":[{"@type":"ListItem","position":1,"name":"Home","item":"https:\/\/fertilityport.com\/"},{"@type":"ListItem","position":2,"name":"L\u00e9\u010dba neplodnosti"}]},{"@type":"WebSite","@id":"https:\/\/fertilityport.com\/#website","url":"https:\/\/fertilityport.com\/","name":"FertilityPort Prague","description":"","potentialAction":[{"@type":"SearchAction","target":{"@type":"EntryPoint","urlTemplate":"https:\/\/fertilityport.com\/?s={search_term_string}"},"query-input":{"@type":"PropertyValueSpecification","valueRequired":true,"valueName":"search_term_string"}}],"inLanguage":"cs"}]}},"_links":{"self":[{"href":"https:\/\/fertilityport.com\/cs\/wp-json\/wp\/v2\/pages\/873","targetHints":{"allow":["GET"]}}],"collection":[{"href":"https:\/\/fertilityport.com\/cs\/wp-json\/wp\/v2\/pages"}],"about":[{"href":"https:\/\/fertilityport.com\/cs\/wp-json\/wp\/v2\/types\/page"}],"author":[{"embeddable":true,"href":"https:\/\/fertilityport.com\/cs\/wp-json\/wp\/v2\/users\/2"}],"replies":[{"embeddable":true,"href":"https:\/\/fertilityport.com\/cs\/wp-json\/wp\/v2\/comments?post=873"}],"version-history":[{"count":11,"href":"https:\/\/fertilityport.com\/cs\/wp-json\/wp\/v2\/pages\/873\/revisions"}],"predecessor-version":[{"id":7923,"href":"https:\/\/fertilityport.com\/cs\/wp-json\/wp\/v2\/pages\/873\/revisions\/7923"}],"wp:attachment":[{"href":"https:\/\/fertilityport.com\/cs\/wp-json\/wp\/v2\/media?parent=873"}],"curies":[{"name":"wp","href":"https:\/\/api.w.org\/{rel}","templated":true}]}}