{"id":885,"date":"2020-03-14T16:53:21","date_gmt":"2020-03-14T15:53:21","guid":{"rendered":"https:\/\/fertilityport.vesmirnekure.cz\/?page_id=885"},"modified":"2022-05-10T08:46:09","modified_gmt":"2022-05-10T06:46:09","slug":"technologie-a-metody","status":"publish","type":"page","link":"https:\/\/fertilityport.com\/cs\/technologie-a-metody\/","title":{"rendered":"Technologie a metody"},"content":{"rendered":"<p>[et_pb_section fb_built=&#8220;1&#8243; _builder_version=&#8220;4.14.4&#8243; background_color=&#8220;#e2e2e2&#8243; background_enable_image=&#8220;off&#8220; global_colors_info=&#8220;{}&#8220;][et_pb_row column_structure=&#8220;2_3,1_3&#8243; _builder_version=&#8220;4.14.4&#8243; global_colors_info=&#8220;{}&#8220;][et_pb_column type=&#8220;2_3&#8243; _builder_version=&#8220;4.4.0&#8243; global_colors_info=&#8220;{}&#8220;][et_pb_text admin_label=&#8220;Text&#8220; module_class=&#8220;c_blurb&#8220; _builder_version=&#8220;4.14.4&#8243; global_colors_info=&#8220;{}&#8220;]<\/p>\n<h1>TECHNOLOGIE A METODY<\/h1>\n<p>K terapii p\u0159istupujeme pe\u010dliv\u011b a individu\u00e1ln\u011b a sna\u017e\u00edme se zvolit ty nejlep\u0161\u00ed metody, kter\u00e9 jsou nejvhodn\u011bj\u0161\u00ed cestou k vytou\u017een\u00e9mu v\u00fdsledku.<\/p>\n<p>[\/et_pb_text][et_pb_blurb admin_label=&#8220;Blurb&#8220; _builder_version=&#8220;4.14.4&#8243; _module_preset=&#8220;default&#8220; background_color=&#8220;#d5a4a9&#8243; z_index=&#8220;0&#8243; background_layout=&#8220;dark&#8220; width=&#8220;100%&#8220; custom_margin=&#8220;0px||0px||true|false&#8220; custom_padding=&#8220;3px||0px||false|false&#8220; border_radii=&#8220;on|6px|6px|6px|6px&#8220; box_shadow_style=&#8220;preset1&#8243; locked=&#8220;off&#8220; global_colors_info=&#8220;{}&#8220;]<\/p>\n<p>&nbsp;<\/p>\n<h3 style=\"text-align: center;\"><strong>Nov\u011b u n\u00e1s je\u0161t\u011b \u00fasp\u011b\u0161n\u011bji oplozen\u00ed oocyt\u016f \u201eve spr\u00e1vn\u00fd \u010das na spr\u00e1vn\u00e9m m\u00edst\u011b\u201c!<\/strong><\/h3>\n<p>&nbsp;<\/p>\n<p>[\/et_pb_blurb][\/et_pb_column][et_pb_column type=&#8220;1_3&#8243; _builder_version=&#8220;4.4.0&#8243; global_colors_info=&#8220;{}&#8220;][\/et_pb_column][\/et_pb_row][\/et_pb_section][et_pb_section fb_built=&#8220;1&#8243; module_class=&#8220;section&#8211;pushtop&#8220; _builder_version=&#8220;4.4.0&#8243; custom_padding=&#8220;0px||29px|||&#8220; locked=&#8220;off&#8220; global_colors_info=&#8220;{}&#8220;][et_pb_row column_structure=&#8220;1_6,1_6,1_6,1_6,1_6,1_6&#8243; use_custom_gutter=&#8220;on&#8220; gutter_width=&#8220;2&#8243; make_equal=&#8220;on&#8220; _builder_version=&#8220;4.14.4&#8243; custom_padding=&#8220;||0px||false|false&#8220; global_colors_info=&#8220;{}&#8220;][et_pb_column type=&#8220;1_6&#8243; _builder_version=&#8220;4.4.0&#8243; global_colors_info=&#8220;{}&#8220;][et_pb_blurb title=&#8220;Metody v\u00fdb\u011bru spermi\u00ed&#8220; url=&#8220;https:\/\/fertilityport.com\/cs\/metody-vyberu-spermii\/&#8220; image=&#8220;https:\/\/fertilityport.com\/wp-content\/uploads\/2020\/03\/sperm.svg&#8220; module_class=&#8220;blurb&#8211;up blurb&#8211;up&#8211;small&#8220; _builder_version=&#8220;4.14.4&#8243; header_level=&#8220;h2&#8243; text_orientation=&#8220;center&#8220; animation=&#8220;off&#8220; global_colors_info=&#8220;{}&#8220;][\/et_pb_blurb][\/et_pb_column][et_pb_column type=&#8220;1_6&#8243; _builder_version=&#8220;4.4.0&#8243; global_colors_info=&#8220;{}&#8220;][et_pb_blurb title=&#8220;Pokro\u010dil\u00e9 metody oplozen\u00ed oocyt\u016f&#8220; url=&#8220;https:\/\/fertilityport.com\/cs\/metoda-oplozeni-oocytu-ve-spravny-cas-na-spravnem-miste\/&#8220; image=&#8220;https:\/\/fertilityport.com\/wp-content\/uploads\/2020\/03\/ultrasound_inside.svg&#8220; module_class=&#8220;blurb&#8211;up blurb&#8211;up&#8211;small&#8220; _builder_version=&#8220;4.14.4&#8243; header_level=&#8220;h2&#8243; text_orientation=&#8220;center&#8220; animation=&#8220;off&#8220; global_colors_info=&#8220;{}&#8220;][\/et_pb_blurb][\/et_pb_column][et_pb_column type=&#8220;1_6&#8243; _builder_version=&#8220;4.4.0&#8243; global_colors_info=&#8220;{}&#8220;][et_pb_blurb title=&#8220;Prodlou\u017een\u00e1 kultivace v syst\u00e9mu Embryo Scope+&#8220; url=&#8220;https:\/\/fertilityport.com\/cs\/prodlouzena-kultivace-v-systemu-embryoscope\/&#8220; image=&#8220;https:\/\/fertilityport.com\/wp-content\/uploads\/2020\/03\/lab.svg&#8220; module_class=&#8220;blurb&#8211;up blurb&#8211;up&#8211;small&#8220; _builder_version=&#8220;4.14.4&#8243; header_level=&#8220;h2&#8243; text_orientation=&#8220;center&#8220; animation=&#8220;off&#8220; global_colors_info=&#8220;{}&#8220;][\/et_pb_blurb][\/et_pb_column][et_pb_column type=&#8220;1_6&#8243; _builder_version=&#8220;4.4.0&#8243; global_colors_info=&#8220;{}&#8220;][et_pb_blurb title=&#8220; Asistovan\u00fd hatching&#8220; url=&#8220;https:\/\/fertilityport.com\/cs\/asistovany-hatching\/&#8220; image=&#8220;https:\/\/fertilityport.com\/wp-content\/uploads\/2020\/03\/ultrasound_white.svg&#8220; module_class=&#8220;blurb&#8211;up blurb&#8211;up&#8211;small&#8220; _builder_version=&#8220;4.14.4&#8243; header_level=&#8220;h2&#8243; text_orientation=&#8220;center&#8220; animation=&#8220;off&#8220; global_colors_info=&#8220;{}&#8220;][\/et_pb_blurb][\/et_pb_column][et_pb_column type=&#8220;1_6&#8243; _builder_version=&#8220;4.4.0&#8243; global_colors_info=&#8220;{}&#8220;][et_pb_blurb title=&#8220;Embryoglue&#8220; url=&#8220;https:\/\/fertilityport.com\/cs\/embryoglue\/&#8220; image=&#8220;https:\/\/fertilityport.com\/wp-content\/uploads\/2020\/03\/grandparents.svg&#8220; module_class=&#8220;blurb&#8211;up blurb&#8211;up&#8211;small&#8220; _builder_version=&#8220;4.14.4&#8243; header_level=&#8220;h2&#8243; text_orientation=&#8220;center&#8220; animation=&#8220;off&#8220; locked=&#8220;off&#8220; global_colors_info=&#8220;{}&#8220;][\/et_pb_blurb][\/et_pb_column][et_pb_column type=&#8220;1_6&#8243; _builder_version=&#8220;4.14.4&#8243; _module_preset=&#8220;default&#8220; global_colors_info=&#8220;{}&#8220;][et_pb_blurb title=&#8220;Echo katetr&#8220; url=&#8220;https:\/\/fertilityport.com\/cs\/echo-katetr\/&#8220; image=&#8220;https:\/\/fertilityport.com\/wp-content\/uploads\/2020\/03\/sperm.svg&#8220; module_class=&#8220;blurb&#8211;up blurb&#8211;up&#8211;small&#8220; _builder_version=&#8220;4.14.4&#8243; header_level=&#8220;h2&#8243; text_orientation=&#8220;center&#8220; animation=&#8220;off&#8220; global_colors_info=&#8220;{}&#8220;][\/et_pb_blurb][\/et_pb_column][\/et_pb_row][\/et_pb_section]<\/p>\n","protected":false},"excerpt":{"rendered":"<p>TECHNOLOGIE A METODY K terapii p\u0159istupujeme pe\u010dliv\u011b a individu\u00e1ln\u011b a sna\u017e\u00edme se zvolit ty nejlep\u0161\u00ed metody, kter\u00e9 jsou nejvhodn\u011bj\u0161\u00ed cestou k vytou\u017een\u00e9mu v\u00fdsledku.&nbsp; Nov\u011b u n\u00e1s je\u0161t\u011b \u00fasp\u011b\u0161n\u011bji oplozen\u00ed oocyt\u016f \u201eve spr\u00e1vn\u00fd \u010das na spr\u00e1vn\u00e9m m\u00edst\u011b\u201c! &nbsp;<\/p>\n","protected":false},"author":2,"featured_media":0,"parent":0,"menu_order":0,"comment_status":"closed","ping_status":"closed","template":"","meta":{"_acf_changed":false,"_et_pb_use_builder":"on","_et_pb_old_content":"<p>[et_pb_section fb_built=\"1\" _builder_version=\"4.4.0\" hover_enabled=\"0\" background_enable_image=\"off\" background_color=\"#e2e2e2\"][et_pb_row column_structure=\"2_3,1_3\" _builder_version=\"4.4.0\"][et_pb_column type=\"2_3\" _builder_version=\"4.4.0\"][et_pb_text module_class=\"c_blurb\" _builder_version=\"4.4.0\" hover_enabled=\"0\"]<\/p><h1>Methods and techniques<\/h1><p>We accept your wishes, approach the treatment with care and always want to choose only methods absolutely essential to the further outcome you seek.[\/et_pb_text][\/et_pb_column][et_pb_column type=\"1_3\" _builder_version=\"4.4.0\"][\/et_pb_column][\/et_pb_row][\/et_pb_section][et_pb_section fb_built=\"1\" _builder_version=\"4.4.0\"][et_pb_row _builder_version=\"4.4.0\" column_structure=\"1_2,1_2\"][et_pb_column _builder_version=\"4.4.0\" type=\"1_2\"][et_pb_text module_class=\"textv textv--rose\" _builder_version=\"4.4.0\" animation_style=\"slide\" animation_direction=\"bottom\" animation_intensity_slide=\"10%\" hover_enabled=\"0\"]<\/p><h2>Embryoscope Plus<\/h2><p>If you want to have the best cultivation conditions for your embryos, choose the cultivation in the\u00a0<strong>EmbryoScope +<\/strong>.<\/p><p>For the successful development of embryos in the laboratory, the stability of the conditions is of the most importance. With the development of new technologies, the old system of cultivation of embryos is replaced by cultivation in so-called time-lapse systems that closely monitor and record the development of embryos without the need to be removed from the ideal cultivation conditions of the incubator.<\/p><p>Our clinic is one of the first in the Czech Republic which have a new EmbryoScope + incubator, which has up to twice its capacity if compared to other time-lapse systems. So we are able to provide the best cultivation conditions for the embryos of all our patients. In addition, EmbryoScope + is designed for separate cultivation \u2013 each single-bar coded culture dish contains embryos of one couple and is isolated from another embryos so that when manipulating with one dish, embryo cultivation of other patients in the system is not impaired. In addition, a detailed record of embryo development allows our embryologists enough time and information to select the embryo with the highest development potential.<\/p><p>https:\/\/www.youtube.com\/watch?v=DJGLLYRaizg<\/p><p>[\/et_pb_text][\/et_pb_column][et_pb_column _builder_version=\"4.4.0\" type=\"1_2\"][et_pb_text module_class=\"textv textv--rose\" _builder_version=\"4.4.0\" animation_style=\"slide\" animation_direction=\"bottom\" animation_intensity_slide=\"10%\" hover_enabled=\"0\"]<\/p><h2>Embryoglue<\/h2><p>EmbryoGlue has the basic composition of a rich blastocyst culture medium and contains a high concentration of hyaluronan and recombinant human albumin. It is uniquely developed to mimic the conditions in the female uterus in order to help embryos implant after transfer.<\/p><p>Simply put \u2013 EmbryoGlue helps to glue the fertilized egg to the uterine wall. EmbryoGlue demonstrably increases chances of getting pregnant.<\/p><p>[\/et_pb_text][\/et_pb_column][\/et_pb_row][et_pb_row _builder_version=\"4.4.0\"][et_pb_column _builder_version=\"4.4.0\" type=\"4_4\"][et_pb_text module_class=\"textv textv--grey\" _builder_version=\"4.4.0\" animation_style=\"slide\" animation_direction=\"bottom\" animation_intensity_slide=\"10%\" hover_enabled=\"0\"]<\/p><h2>Selection methods of the \u201cbest sperm\u201d<\/h2><h3>a)\u00a0 PICSI (preselected intracytoplasmatic sperm injection)<\/h3><p>The so-called pre-selection method involves putting the sperm on a surface similar to the surface of the egg. They are observed and those with the greatest \u201cadherence to this surface\u201d are selected for fertilisation. Their fertilisation potential is considered to be the best.<\/p><h3>b) MACS test<\/h3><p>Selection of live sperm with undamaged DNA using magnetic nanoparticles. This method ensures that the damaged sperm is not used for fertilising the egg\/s.<\/p><p>Sperm with damaged DNA may be capable of fertilising the egg but the embryo development may not be quite optimal.\u00a0 The sperm DNA damage is not visible. It cannot be determined by the shape or properties of the sperm in the microscope even when high magnification is used.<\/p><p>However, the MACS method can discover sperm which contain such damaged DNA. What is more, it can select these sperm and separate them from the rest. We then use only the sperm with undamaged DNA for the fertilisation, or in other words sperm with a significantly higher chance of fertilising the egg, starting the embryotic development and the whole course of the pregnancy.<\/p><h3>c) Fertile Microfluidic Sperm Sorting Chip<\/h3><p>Chemical-free (does not require any previous processing of sperm sample or use of devices that increase oxidative stress in sperm) method of sorting sperm using a disposable chip.<\/p><p>The method is based on the principle of natural sperm selection in a passage through micro-barriers imitating natural environment of female reproductive system. Selected sperm cells have better morphology, genetic quality and more than double viability and motility than unsorted sperm.\u00a0<\/p><p>The sperm sample is pipetted into the inlet where the present sperm must actively migrate in the outlet against the movement of the fluid as well as through the above-mentioned micro-barriers. Sperm cells are sorted by separating healthy motile sperm in the outlet from poor-quality sperm captured in the duct.<\/p><p>[\/et_pb_text][\/et_pb_column][\/et_pb_row][\/et_pb_section]<\/p>","_et_gb_content_width":"","footnotes":""},"class_list":["post-885","page","type-page","status-publish","hentry"],"acf":[],"yoast_head":"<!-- This site is optimized with the Yoast SEO plugin v27.4 - https:\/\/yoast.com\/product\/yoast-seo-wordpress\/ -->\n<title>Technologie a metody u n\u00e1s pou\u017e\u00edvan\u00e9 | FertilityPort Prague<\/title>\n<meta name=\"description\" content=\"K terapii p\u0159istupujeme pe\u010dliv\u011b a individu\u00e1ln\u011b a sna\u017e\u00edme se zvolit jen nezbytn\u011b nutn\u00e9 metody, kter\u00e9 by mohly napomoci k vytou\u017een\u00e9mu v\u00fdsledku.\" \/>\n<meta name=\"robots\" content=\"index, follow, max-snippet:-1, max-image-preview:large, max-video-preview:-1\" \/>\n<link rel=\"canonical\" href=\"https:\/\/fertilityport.com\/methods-and-techniques\/\" \/>\n<meta property=\"og:locale\" content=\"cs_CZ\" \/>\n<meta property=\"og:type\" content=\"article\" \/>\n<meta property=\"og:title\" content=\"Technologie a metody u n\u00e1s pou\u017e\u00edvan\u00e9 | FertilityPort Prague\" \/>\n<meta property=\"og:description\" content=\"K terapii p\u0159istupujeme pe\u010dliv\u011b a individu\u00e1ln\u011b a sna\u017e\u00edme se zvolit jen nezbytn\u011b nutn\u00e9 metody, kter\u00e9 by mohly napomoci k vytou\u017een\u00e9mu v\u00fdsledku.\" \/>\n<meta property=\"og:url\" content=\"https:\/\/fertilityport.com\/methods-and-techniques\/\" \/>\n<meta property=\"og:site_name\" content=\"FertilityPort Prague\" \/>\n<meta property=\"article:modified_time\" content=\"2022-05-10T06:46:09+00:00\" \/>\n<meta name=\"twitter:card\" content=\"summary_large_image\" \/>\n<meta name=\"twitter:label1\" content=\"Odhadovan\u00e1 doba \u010dten\u00ed\" \/>\n\t<meta name=\"twitter:data1\" content=\"3 minuty\" \/>\n<script type=\"application\/ld+json\" class=\"yoast-schema-graph\">{\"@context\":\"https:\\\/\\\/schema.org\",\"@graph\":[{\"@type\":\"WebPage\",\"@id\":\"https:\\\/\\\/fertilityport.com\\\/methods-and-techniques\\\/\",\"url\":\"https:\\\/\\\/fertilityport.com\\\/methods-and-techniques\\\/\",\"name\":\"Technologie a metody u n\u00e1s pou\u017e\u00edvan\u00e9 | FertilityPort Prague\",\"isPartOf\":{\"@id\":\"https:\\\/\\\/fertilityport.com\\\/#website\"},\"datePublished\":\"2020-03-14T15:53:21+00:00\",\"dateModified\":\"2022-05-10T06:46:09+00:00\",\"description\":\"K terapii p\u0159istupujeme pe\u010dliv\u011b a individu\u00e1ln\u011b a sna\u017e\u00edme se zvolit jen nezbytn\u011b nutn\u00e9 metody, kter\u00e9 by mohly napomoci k vytou\u017een\u00e9mu v\u00fdsledku.\",\"breadcrumb\":{\"@id\":\"https:\\\/\\\/fertilityport.com\\\/methods-and-techniques\\\/#breadcrumb\"},\"inLanguage\":\"cs\",\"potentialAction\":[{\"@type\":\"ReadAction\",\"target\":[\"https:\\\/\\\/fertilityport.com\\\/methods-and-techniques\\\/\"]}]},{\"@type\":\"BreadcrumbList\",\"@id\":\"https:\\\/\\\/fertilityport.com\\\/methods-and-techniques\\\/#breadcrumb\",\"itemListElement\":[{\"@type\":\"ListItem\",\"position\":1,\"name\":\"Home\",\"item\":\"https:\\\/\\\/fertilityport.com\\\/\"},{\"@type\":\"ListItem\",\"position\":2,\"name\":\"Technologie a metody\"}]},{\"@type\":\"WebSite\",\"@id\":\"https:\\\/\\\/fertilityport.com\\\/#website\",\"url\":\"https:\\\/\\\/fertilityport.com\\\/\",\"name\":\"FertilityPort Prague\",\"description\":\"\",\"potentialAction\":[{\"@type\":\"SearchAction\",\"target\":{\"@type\":\"EntryPoint\",\"urlTemplate\":\"https:\\\/\\\/fertilityport.com\\\/?s={search_term_string}\"},\"query-input\":{\"@type\":\"PropertyValueSpecification\",\"valueRequired\":true,\"valueName\":\"search_term_string\"}}],\"inLanguage\":\"cs\"}]}<\/script>\n<!-- \/ Yoast SEO plugin. -->","yoast_head_json":{"title":"Technologie a metody u n\u00e1s pou\u017e\u00edvan\u00e9 | FertilityPort Prague","description":"K terapii p\u0159istupujeme pe\u010dliv\u011b a individu\u00e1ln\u011b a sna\u017e\u00edme se zvolit jen nezbytn\u011b nutn\u00e9 metody, kter\u00e9 by mohly napomoci k vytou\u017een\u00e9mu v\u00fdsledku.","robots":{"index":"index","follow":"follow","max-snippet":"max-snippet:-1","max-image-preview":"max-image-preview:large","max-video-preview":"max-video-preview:-1"},"canonical":"https:\/\/fertilityport.com\/methods-and-techniques\/","og_locale":"cs_CZ","og_type":"article","og_title":"Technologie a metody u n\u00e1s pou\u017e\u00edvan\u00e9 | FertilityPort Prague","og_description":"K terapii p\u0159istupujeme pe\u010dliv\u011b a individu\u00e1ln\u011b a sna\u017e\u00edme se zvolit jen nezbytn\u011b nutn\u00e9 metody, kter\u00e9 by mohly napomoci k vytou\u017een\u00e9mu v\u00fdsledku.","og_url":"https:\/\/fertilityport.com\/methods-and-techniques\/","og_site_name":"FertilityPort Prague","article_modified_time":"2022-05-10T06:46:09+00:00","twitter_card":"summary_large_image","twitter_misc":{"Odhadovan\u00e1 doba \u010dten\u00ed":"3 minuty"},"schema":{"@context":"https:\/\/schema.org","@graph":[{"@type":"WebPage","@id":"https:\/\/fertilityport.com\/methods-and-techniques\/","url":"https:\/\/fertilityport.com\/methods-and-techniques\/","name":"Technologie a metody u n\u00e1s pou\u017e\u00edvan\u00e9 | FertilityPort Prague","isPartOf":{"@id":"https:\/\/fertilityport.com\/#website"},"datePublished":"2020-03-14T15:53:21+00:00","dateModified":"2022-05-10T06:46:09+00:00","description":"K terapii p\u0159istupujeme pe\u010dliv\u011b a individu\u00e1ln\u011b a sna\u017e\u00edme se zvolit jen nezbytn\u011b nutn\u00e9 metody, kter\u00e9 by mohly napomoci k vytou\u017een\u00e9mu v\u00fdsledku.","breadcrumb":{"@id":"https:\/\/fertilityport.com\/methods-and-techniques\/#breadcrumb"},"inLanguage":"cs","potentialAction":[{"@type":"ReadAction","target":["https:\/\/fertilityport.com\/methods-and-techniques\/"]}]},{"@type":"BreadcrumbList","@id":"https:\/\/fertilityport.com\/methods-and-techniques\/#breadcrumb","itemListElement":[{"@type":"ListItem","position":1,"name":"Home","item":"https:\/\/fertilityport.com\/"},{"@type":"ListItem","position":2,"name":"Technologie a metody"}]},{"@type":"WebSite","@id":"https:\/\/fertilityport.com\/#website","url":"https:\/\/fertilityport.com\/","name":"FertilityPort Prague","description":"","potentialAction":[{"@type":"SearchAction","target":{"@type":"EntryPoint","urlTemplate":"https:\/\/fertilityport.com\/?s={search_term_string}"},"query-input":{"@type":"PropertyValueSpecification","valueRequired":true,"valueName":"search_term_string"}}],"inLanguage":"cs"}]}},"_links":{"self":[{"href":"https:\/\/fertilityport.com\/cs\/wp-json\/wp\/v2\/pages\/885","targetHints":{"allow":["GET"]}}],"collection":[{"href":"https:\/\/fertilityport.com\/cs\/wp-json\/wp\/v2\/pages"}],"about":[{"href":"https:\/\/fertilityport.com\/cs\/wp-json\/wp\/v2\/types\/page"}],"author":[{"embeddable":true,"href":"https:\/\/fertilityport.com\/cs\/wp-json\/wp\/v2\/users\/2"}],"replies":[{"embeddable":true,"href":"https:\/\/fertilityport.com\/cs\/wp-json\/wp\/v2\/comments?post=885"}],"version-history":[{"count":53,"href":"https:\/\/fertilityport.com\/cs\/wp-json\/wp\/v2\/pages\/885\/revisions"}],"predecessor-version":[{"id":5667,"href":"https:\/\/fertilityport.com\/cs\/wp-json\/wp\/v2\/pages\/885\/revisions\/5667"}],"wp:attachment":[{"href":"https:\/\/fertilityport.com\/cs\/wp-json\/wp\/v2\/media?parent=885"}],"curies":[{"name":"wp","href":"https:\/\/api.w.org\/{rel}","templated":true}]}}