{"id":891,"date":"2020-03-14T16:58:28","date_gmt":"2020-03-14T15:58:28","guid":{"rendered":"https:\/\/fertilityport.vesmirnekure.cz\/?page_id=891"},"modified":"2025-09-13T20:01:23","modified_gmt":"2025-09-13T18:01:23","slug":"nejcastejsi-priciny-neplodnosti","status":"publish","type":"page","link":"https:\/\/fertilityport.com\/cs\/nejcastejsi-priciny-neplodnosti\/","title":{"rendered":"Nej\u010dast\u011bj\u0161\u00ed p\u0159\u00ed\u010diny neplodnosti"},"content":{"rendered":"<p>[et_pb_section fb_built=&#8220;1&#8243; module_class=&#8220;welcome&#8211;page&#8220; _builder_version=&#8220;4.16&#8243; background_image=&#8220;https:\/\/fertilityport.com\/wp-content\/uploads\/2020\/03\/priciny_head_OK.jpg&#8220; global_colors_info=&#8220;{}&#8220;][et_pb_row column_structure=&#8220;2_3,1_3&#8243; _builder_version=&#8220;4.16&#8243; global_colors_info=&#8220;{}&#8220;][et_pb_column type=&#8220;2_3&#8243; _builder_version=&#8220;4.16&#8243; global_colors_info=&#8220;{}&#8220;][et_pb_text module_class=&#8220;c_blurb&#8220; _builder_version=&#8220;4.16&#8243; global_colors_info=&#8220;{}&#8220;]<\/p>\n<h1>Jak\u00e9 jsou nej\u010dast\u011bj\u0161\u00ed p\u0159\u00ed\u010diny neplodnosti?<\/h1>\n<p>Asi ve 40% p\u0159\u00edpad\u016f je p\u0159\u00ed\u010dina na stran\u011b \u017eeny. U \u017een se jedn\u00e1 nej\u010dast\u011bji o n\u00edzkou, \u010di naopak velmi vysokou z\u00e1sobu vaj\u00ed\u010dek, nedozr\u00e1v\u00e1n\u00ed vaj\u00ed\u010dek (tzv.anovulace) \u010di nepr\u016fchodnost vejcovod\u016f. Stejn\u00fd pod\u00edl \u2013 tedy 40% \u2013 p\u0159edstavuje p\u0159\u00ed\u010dina na stran\u011b mu\u017ee. 20% p\u0159\u00ed\u010din neplodnosti je kombinac\u00ed obou faktor\u016f \u2013 mu\u017esk\u00e9ho i \u017eensk\u00e9ho.<\/p>\n<p>[\/et_pb_text][et_pb_code _builder_version=&#8220;4.16&#8243; global_colors_info=&#8220;{}&#8220;]<a class=\"btn btn--primary\" href=\"https:\/\/fertilityport.com\/cs\/casto-kladene-dotazy\/\">\u010casto kladen\u00e9 dotazy<\/a>[\/et_pb_code][\/et_pb_column][et_pb_column type=&#8220;1_3&#8243; _builder_version=&#8220;4.16&#8243; global_colors_info=&#8220;{}&#8220;][\/et_pb_column][\/et_pb_row][\/et_pb_section][et_pb_section fb_built=&#8220;1&#8243; _builder_version=&#8220;4.16&#8243; global_colors_info=&#8220;{}&#8220;][et_pb_row column_structure=&#8220;1_2,1_2&#8243; _builder_version=&#8220;4.16&#8243; global_colors_info=&#8220;{}&#8220;][et_pb_column type=&#8220;1_2&#8243; _builder_version=&#8220;4.16&#8243; global_colors_info=&#8220;{}&#8220;][et_pb_text module_class=&#8220;c_blurb c_blurb&#8211;causes&#8220; _builder_version=&#8220;4.16&#8243; global_colors_info=&#8220;{}&#8220;]<\/p>\n<h2>P\u0159\u00ed\u010dina na stran\u011b mu\u017ee<br \/>(tzv. andrologick\u00fd faktor)<\/h2>\n<p>jedn\u00e1 se o p\u0159\u00edpady, kdy je kvalita spermi\u00ed n\u00edzk\u00e1 nebo jejich po\u010det neodpov\u00edd\u00e1 nutn\u00e9 kvantit\u011b pro fyziologick\u00e9 ot\u011bhotn\u011bn\u00ed.<\/p>\n<p>Do t\u00e9to skupiny pat\u0159\u00ed tak\u00e9 tzv. skryt\u00fd andrologick\u00fd faktor, jedn\u00e1 se o pacienty s norm\u00e1ln\u00edm v\u00fdsledkem spermiogramu \u2013 tzn. spermie vypadaj\u00ed a chovaj\u00ed se pod mikroskopem zcela norm\u00e1ln\u011b, nicm\u00e9n\u011b jejich kvalita \u201epod povrchem\u201c je \u0161patn\u00e1. Tato p\u0159\u00ed\u010dina vy\u017eaduje podrobn\u00e9 vy\u0161et\u0159en\u00ed pacienta ve spolupr\u00e1ci s urologem nebo sexuologem.<\/p>\n<p>[\/et_pb_text][et_pb_text module_class=&#8220;c_blurb c_blurb&#8211;causes&#8220; _builder_version=&#8220;4.16&#8243; global_colors_info=&#8220;{}&#8220;]<\/p>\n<h2>Ovari\u00e1ln\u00ed (vaje\u010dn\u00edkov\u00e1) p\u0159\u00ed\u010dina<\/h2>\n<p>v\u011bk \u017eeny je hlavn\u00edm faktorem pravd\u011bpodobnosti p\u0159irozen\u00e9ho ot\u011bhotn\u011bn\u00ed, tak i \u00fasp\u011bchu l\u00e9\u010dby pomoc\u00ed l\u00e9\u010dby mimot\u011bln\u00edm oplodn\u011bn\u00edm. Se zvy\u0161uj\u00edc\u00edm se v\u011bkem \u017eeny kles\u00e1 z\u00e1soba vaj\u00ed\u010dek i z\u00e1rove\u0148 pom\u011brn\u011b v\u00fdznamn\u011b kles\u00e1 jejich genetick\u00e1 kvalita \u2013 roste riziko tzv. aneuploidie. Je prok\u00e1z\u00e1no, \u017ee toto je hlavn\u00edm d\u016fvodem, pro\u010d u \u017een po 33.-35. roce v\u011bku doch\u00e1z\u00ed k prudk\u00e9mu poklesu plodnosti. Nekles\u00e1 tedy jen po\u010det vaj\u00ed\u010dek, ale i jejich kvalita. Mezi dal\u0161\u00ed ovari\u00e1ln\u00ed p\u0159\u00ed\u010diny m\u016f\u017eeme za\u0159adit poruchy ovulace spojen\u00e9 nap\u0159. se syndromem polycystick\u00fdch ovari\u00ed, autoimunitn\u00edmi onemocn\u011bn\u00edmi, vysokou hladinou prolaktinu, poruchy funkce \u0161t\u00edtn\u00e9 \u017el\u00e1zy a p\u0159\u00ed\u010diny zp\u016fsoben\u00e9 negativn\u00edm vlivem zevn\u00edho prost\u0159ed\u00ed nebo genetick\u00fdmi faktory, kter\u00e9 mohou b\u00fdt p\u0159\u00ed\u010dinou a\u017e celkov\u00e9ho selh\u00e1n\u00ed funkc\u00ed vaje\u010dn\u00edk\u016f.<\/p>\n<p>[\/et_pb_text][et_pb_text module_class=&#8220;c_blurb c_blurb&#8211;causes&#8220; _builder_version=&#8220;4.16&#8243; global_colors_info=&#8220;{}&#8220;]<\/p>\n<h2>Tub\u00e1rn\u00ed p\u0159\u00ed\u010dina<\/h2>\n<p>(respektive dnes p\u0159esn\u011bji Tuboperitone\u00e1ln\u00ed p\u0159\u00ed\u010dina) \u2013 nepr\u016fchodnost vejcovod\u016f \u2013 ve form\u011b jednostrann\u00e9 (tzv. relativn\u00ed tub\u00e1rn\u00ed faktor) nebo oboustrann\u00e9 (tzv. absolutn\u00ed tub\u00e1rn\u00ed faktor); nej\u010dast\u011bj\u0161\u00ed p\u0159\u00ed\u010dinou jsou poz\u00e1n\u011btliv\u00e9 zm\u011bny. D\u00e1le m\u016f\u017eou b\u00fdt po\u0161kozeny dal\u0161\u00ed vlastnosti vejcovodu \u2013 jeho motilita, peristaltika, sekre\u010dn\u00ed aktivita, vz\u00e1cn\u011b se mohou vyskytovat vrozen\u00e9 vady vejcovod\u016f.<\/p>\n<p>[\/et_pb_text][et_pb_text module_class=&#8220;c_blurb c_blurb&#8211;causes&#8220; _builder_version=&#8220;4.16&#8243; global_colors_info=&#8220;{}&#8220;]<\/p>\n<h2>Uterinn\u00ed (d\u011blo\u017en\u00ed) p\u0159\u00ed\u010dina<\/h2>\n<p>vrozen\u00e9 v\u00fdvojov\u00e9 vady vnit\u0159n\u00edho genit\u00e1lu, myomy \u2013 zejm\u00e9na ty, kter\u00e9 deformuj\u00ed dutinu d\u011blo\u017en\u00ed nebo p\u0159\u00edmo do dutiny d\u011blo\u017en\u00ed zasahuj\u00ed, sr\u016fsty uvnit\u0159 dutiny d\u011blo\u017en\u00ed, kter\u00e9 nej\u010dast\u011bji vznikaj\u00ed jako n\u00e1sledek rozs\u00e1hl\u00e9ho z\u00e1n\u011btu dutiny d\u011blo\u017en\u00ed nebo opakovan\u00fdch opera\u010dn\u00edch v\u00fdkonu v dutin\u011b d\u011blo\u017en\u00ed.<br \/>Cervik\u00e1ln\u00ed p\u0159\u00ed\u010dina (respektive p\u0159\u00ed\u010dina v hrdle d\u011blo\u017en\u00edm) \u2013 jedn\u00e1 se zejm\u00e9na o situace, kdy prost\u0159ed\u00ed cervik\u00e1ln\u00edho kan\u00e1lu (tzn. vstupu do d\u011blohy) je neprostupn\u00e9 pro spermie nebo se v tomto prost\u0159ed\u00ed produkuje abnorm\u00e1ln\u011b vysok\u00fd po\u010det protil\u00e1tek proti spermi\u00edm.<\/p>\n<p>[\/et_pb_text][\/et_pb_column][et_pb_column type=&#8220;1_2&#8243; _builder_version=&#8220;4.16&#8243; global_colors_info=&#8220;{}&#8220;][et_pb_text module_class=&#8220;c_blurb c_blurb&#8211;causes&#8220; _builder_version=&#8220;4.16&#8243; global_colors_info=&#8220;{}&#8220;]<\/p>\n<h2>Neplodnost p\u0159i Endometri\u00f3ze<\/h2>\n<p>kdy p\u0159\u00edtomnost lo\u017eiska nebo lo\u017eisek endometri\u00f3zy (tk\u00e1n\u011b podobn\u00e9 d\u011blo\u017en\u00ed sliznici) vyvol\u00e1v\u00e1 chronick\u00e9 z\u00e1n\u011btliv\u00e9 zm\u011bny a p\u0159\u00edmo negativn\u011b p\u016fsob\u00ed na procesy oplodn\u011bn\u00ed \u2013 ni\u017e\u0161\u00ed je kvalita vaj\u00ed\u010dek, pohyblivost spermi\u00ed, kvalita sliznice.<\/p>\n<p>[\/et_pb_text][et_pb_text module_class=&#8220;c_blurb c_blurb&#8211;causes&#8220; _builder_version=&#8220;4.16&#8243; global_colors_info=&#8220;{}&#8220;]<\/p>\n<h2>Imunologicky podm\u00edn\u011bn\u00e1 neplodnost<\/h2>\n<p>porucha zp\u016fsoben\u00e1 produkc\u00ed protil\u00e1tek nebo zv\u00fd\u0161enou aktivitou imunoaktivn\u00edch bun\u011bk proti spermi\u00edm, vaj\u00ed\u010dk\u016fm nebo embry\u00edm. Tyto stavy br\u00e1n\u00ed jednak vlastn\u00edmu oplodn\u011bn\u00ed, uhn\u00edzd\u011bn\u00ed, ale i spr\u00e1vn\u00e9mu v\u00fdvoji embrya.<\/p>\n<p>[\/et_pb_text][et_pb_text module_class=&#8220;c_blurb c_blurb&#8211;causes&#8220; _builder_version=&#8220;4.16&#8243; global_colors_info=&#8220;{}&#8220;]<\/p>\n<h2>Idiopatick\u00e1 (nevysv\u011btliteln\u00e1) p\u0159\u00ed\u010dina neplodnosti<\/h2>\n<p>kdy nen\u00ed zji\u0161t\u011bna v\u0161emi dostupn\u00fdmi vy\u0161et\u0159ovac\u00edmi metodami p\u0159\u00ed\u010dina (po vylou\u010den\u00ed skryt\u00e9ho mu\u017esk\u00e9ho faktoru a imunologicky podm\u00edn\u011bn\u00e9 neplodnosti), tento typ neplodnosti p\u0159edstavuje asi 10% v\u0161ech mo\u017en\u00fdch p\u0159\u00ed\u010din.<\/p>\n<p>[\/et_pb_text][et_pb_text module_class=&#8220;c_blurb c_blurb&#8211;causes&#8220; _builder_version=&#8220;4.16&#8243; global_colors_info=&#8220;{}&#8220;]<\/p>\n<h2>Reproduk\u010dn\u00ed v\u011bk<\/h2>\n<p>Reproduk\u010dn\u00ed v\u011bk (nejen matky, ale i otce) pat\u0159\u00ed mezi z\u00e1sadn\u00ed faktory, kter\u00e9 by p\u00e1ry m\u011bly zohlednit p\u0159i pl\u00e1nov\u00e1n\u00ed rodiny.<\/p>\n<p>[\/et_pb_text][\/et_pb_column][\/et_pb_row][\/et_pb_section]<\/p>\n","protected":false},"excerpt":{"rendered":"<p>Jak\u00e9 jsou nej\u010dast\u011bj\u0161\u00ed p\u0159\u00ed\u010diny neplodnosti? Asi ve 40% p\u0159\u00edpad\u016f je p\u0159\u00ed\u010dina na stran\u011b \u017eeny. U \u017een se jedn\u00e1 nej\u010dast\u011bji o n\u00edzkou, \u010di naopak velmi vysokou z\u00e1sobu vaj\u00ed\u010dek, nedozr\u00e1v\u00e1n\u00ed vaj\u00ed\u010dek (tzv.anovulace) \u010di nepr\u016fchodnost vejcovod\u016f. Stejn\u00fd pod\u00edl \u2013 tedy 40% \u2013 p\u0159edstavuje p\u0159\u00ed\u010dina na stran\u011b mu\u017ee. 20% p\u0159\u00ed\u010din neplodnosti je kombinac\u00ed obou faktor\u016f \u2013 mu\u017esk\u00e9ho i \u017eensk\u00e9ho.P\u0159\u00ed\u010dina [&hellip;]<\/p>\n","protected":false},"author":2,"featured_media":0,"parent":0,"menu_order":0,"comment_status":"closed","ping_status":"closed","template":"","meta":{"_acf_changed":false,"_et_pb_use_builder":"on","_et_pb_old_content":"<p>[et_pb_section fb_built=\"1\" _builder_version=\"4.4.0\" background_image=\"https:\/\/fertilityport.com\/wp-content\/uploads\/2020\/03\/priciny_head_OK.jpg\"][et_pb_row column_structure=\"2_3,1_3\" _builder_version=\"4.4.0\"][et_pb_column type=\"2_3\" _builder_version=\"4.4.0\"][et_pb_text module_class=\"c_blurb\" _builder_version=\"4.4.0\"]<\/p><h1>What are the most common causes of infertility?<\/h1><p>In approx. 40% of the cases the cause is in the female partner. It is most commonly a low or very high supply of eggs, eggs\u2019 failure to mature (anovulation) or ovarian obstruction. The same ratio \u2013 40% \u2013 is constituted by the causes in the male partner. 20% of the infertility causes are a combination of both factors \u2013 male and female.[\/et_pb_text][et_pb_code _builder_version=\"4.4.0\"]<a class=\"btn btn--primary\" href=\"https:\/\/fertilityport.com\/frequently-asked-questions\/\">FAQ<\/a>[\/et_pb_code][\/et_pb_column][et_pb_column type=\"1_3\" _builder_version=\"4.4.0\"][\/et_pb_column][\/et_pb_row][\/et_pb_section][et_pb_section fb_built=\"1\" _builder_version=\"4.4.0\"][et_pb_row column_structure=\"1_2,1_2\" _builder_version=\"4.4.0\"][et_pb_column type=\"1_2\" _builder_version=\"4.4.0\"][et_pb_video src=\"https:\/\/www.youtube.com\/watch?v=h_aMSWPMfHI\" _builder_version=\"4.4.0\" custom_margin=\"||48px||false|false\"][\/et_pb_video][et_pb_text module_class=\"c_blurb c_blurb--causes\" _builder_version=\"4.4.0\"]<\/p><h2>Cause in the male partner (andrological factor)<\/h2><p>sperm quality is too low or their number does not correspond to the quantity needed to conceive physiologically.<br \/>This group also includes the so-called hidden andralogical factor. This factor affects patients with a standard sperm test result \u2013 meaning that the sperm look normal and exhibit normal behaviour in the microscope, but their quality \u201cunder the surface\u201d is bad. This cause requires a detailed examination of the patient while consulting a urologist or sexologist.[\/et_pb_text][et_pb_text module_class=\"c_blurb c_blurb--causes\" _builder_version=\"4.4.0\"]<\/p><h2>Ovarian cause<\/h2><p>the female partner\u2019s age is the main factor influencing both the probability of natural pregnancy and the success of the treatment using IVF fertilisation. As the age of the female partner increases her egg supply decreases. This includes a substantial drop in their genetic quality \u2013 and an increasing risk of aneuploidy. It has been proven that this is the main reason why we see a rapid decrease of fertility in women when they reach the age of 33-35. It is not only the number of eggs which is decreasing but also their quality. Other ovarian causes include ovulation disorders connected e.g. with PCOS, autoimmune diseases, high levels of prolactin, irregularities in the function of the thyroid gland and the causes induced by the negative influence of the environment, or by genetic factors, which can be the cause of a result as serious as a total ovarian failure.[\/et_pb_text][et_pb_text module_class=\"c_blurb c_blurb--causes\" _builder_version=\"4.4.0\"]<\/p><h2>Tubar cause<\/h2><p>(or rather more accurately named today the Tubo-peritoneal cause) \u2013 ovarian obstruction \u2013 in its unilateral (relative tubo-peritoneal factor) or bilateral (absolute tubo-peritoneal factor); post-inflammatory changes are the most common cause. Other properties of the Fallopian tube may be damaged as well \u2013 its motility, peristaltic, secretion, or the rarely seen congenital Fallopian tube abnormalities.[\/et_pb_text][et_pb_text module_class=\"c_blurb c_blurb--causes\" _builder_version=\"4.4.0\"]<\/p><h2>Uterine (womb) cause<\/h2><p>congenital development abnormalities of the internal genitalia, myoma \u2013 especially those that deform the uterine cavity or protrude directly into the uterine cavity, fibroids inside the uterine cavity, which most commonly appear as a result of an extensive inflammation of the uterine cavity or repeated operations within the uterine cavity.[\/et_pb_text][\/et_pb_column][et_pb_column type=\"1_2\" _builder_version=\"4.4.0\"][et_pb_text module_class=\"c_blurb c_blurb--causes\" _builder_version=\"4.4.0\"]<\/p><h2>Infertility due to Endometriosis<\/h2><p>when the presence of a single case or multiple cases of endometriosis (tissue similar to uterine mucous membrane) induces chronical inflammatory changes and has a direct negative influence on the fertilisation processes \u2013 the egg quality is lower, as is sperm mobility and the quality of the mucous membrane.[\/et_pb_text][et_pb_text module_class=\"c_blurb c_blurb--causes\" _builder_version=\"4.4.0\"]<\/p><h2>Immunologically determined infertility<\/h2><p>a malfunction induced by the production of antibodies or the increased activity of the immunoactive cells against sperm, eggs or embryos. These states prevent the fertilisation itself, which is also true for hatching as well as the correct development of the embryo.[\/et_pb_text][et_pb_text module_class=\"c_blurb c_blurb--causes\" _builder_version=\"4.4.0\"]<\/p><h2>Idiopathic (unexplained) cause of infertility<\/h2><p>when the cause cannot be determined by any examination method available (after excluding the hidden andralogical factor and immunologically determined infertility), this type of infertility constitutes about 10% out of all possible causes.[\/et_pb_text][et_pb_text module_class=\"c_blurb c_blurb--causes\" _builder_version=\"4.4.0\"]<\/p><h2>Reproduction age<\/h2><p>(of not just the mother, but also the father) is one of the significant factors which the couples should take into consideration when planning their families.[\/et_pb_text][\/et_pb_column][\/et_pb_row][\/et_pb_section]<\/p>","_et_gb_content_width":"","footnotes":""},"class_list":["post-891","page","type-page","status-publish","hentry"],"acf":[],"yoast_head":"<!-- This site is optimized with the Yoast SEO plugin v27.5 - https:\/\/yoast.com\/product\/yoast-seo-wordpress\/ -->\n<title>Nej\u010dast\u011bj\u0161\u00ed p\u0159\u00ed\u010diny neplodnosti | FertilityPort Prague<\/title>\n<meta name=\"description\" content=\"Zjsit\u011bte v\u00edce o nej\u010dast\u011bj\u0161\u00edch p\u0159\u00ed\u010din\u00e1ch neplodnosti na stran\u011b mu\u017e\u016f i \u017een.\" \/>\n<meta name=\"robots\" content=\"index, follow, max-snippet:-1, max-image-preview:large, max-video-preview:-1\" \/>\n<link rel=\"canonical\" href=\"https:\/\/fertilityport.com\/cs\/nejcastejsi-priciny-neplodnosti\/\" \/>\n<meta property=\"og:locale\" content=\"cs_CZ\" \/>\n<meta property=\"og:type\" content=\"article\" \/>\n<meta property=\"og:title\" content=\"Nej\u010dast\u011bj\u0161\u00ed p\u0159\u00ed\u010diny neplodnosti | FertilityPort Prague\" \/>\n<meta property=\"og:description\" content=\"Zjsit\u011bte v\u00edce o nej\u010dast\u011bj\u0161\u00edch p\u0159\u00ed\u010din\u00e1ch neplodnosti na stran\u011b mu\u017e\u016f i \u017een.\" \/>\n<meta property=\"og:url\" content=\"https:\/\/fertilityport.com\/cs\/nejcastejsi-priciny-neplodnosti\/\" \/>\n<meta property=\"og:site_name\" content=\"FertilityPort Prague\" \/>\n<meta property=\"article:modified_time\" content=\"2025-09-13T18:01:23+00:00\" \/>\n<meta name=\"twitter:card\" content=\"summary_large_image\" \/>\n<meta name=\"twitter:label1\" content=\"Odhadovan\u00e1 doba \u010dten\u00ed\" \/>\n\t<meta name=\"twitter:data1\" content=\"5 minut\" \/>\n<script type=\"application\/ld+json\" class=\"yoast-schema-graph\">{\"@context\":\"https:\\\/\\\/schema.org\",\"@graph\":[{\"@type\":\"WebPage\",\"@id\":\"https:\\\/\\\/fertilityport.com\\\/cs\\\/nejcastejsi-priciny-neplodnosti\\\/\",\"url\":\"https:\\\/\\\/fertilityport.com\\\/cs\\\/nejcastejsi-priciny-neplodnosti\\\/\",\"name\":\"Nej\u010dast\u011bj\u0161\u00ed p\u0159\u00ed\u010diny neplodnosti | FertilityPort Prague\",\"isPartOf\":{\"@id\":\"https:\\\/\\\/fertilityport.com\\\/#website\"},\"datePublished\":\"2020-03-14T15:58:28+00:00\",\"dateModified\":\"2025-09-13T18:01:23+00:00\",\"description\":\"Zjsit\u011bte v\u00edce o nej\u010dast\u011bj\u0161\u00edch p\u0159\u00ed\u010din\u00e1ch neplodnosti na stran\u011b mu\u017e\u016f i \u017een.\",\"breadcrumb\":{\"@id\":\"https:\\\/\\\/fertilityport.com\\\/cs\\\/nejcastejsi-priciny-neplodnosti\\\/#breadcrumb\"},\"inLanguage\":\"cs\",\"potentialAction\":[{\"@type\":\"ReadAction\",\"target\":[\"https:\\\/\\\/fertilityport.com\\\/cs\\\/nejcastejsi-priciny-neplodnosti\\\/\"]}]},{\"@type\":\"BreadcrumbList\",\"@id\":\"https:\\\/\\\/fertilityport.com\\\/cs\\\/nejcastejsi-priciny-neplodnosti\\\/#breadcrumb\",\"itemListElement\":[{\"@type\":\"ListItem\",\"position\":1,\"name\":\"Home\",\"item\":\"https:\\\/\\\/fertilityport.com\\\/\"},{\"@type\":\"ListItem\",\"position\":2,\"name\":\"Nej\u010dast\u011bj\u0161\u00ed p\u0159\u00ed\u010diny neplodnosti\"}]},{\"@type\":\"WebSite\",\"@id\":\"https:\\\/\\\/fertilityport.com\\\/#website\",\"url\":\"https:\\\/\\\/fertilityport.com\\\/\",\"name\":\"FertilityPort Prague\",\"description\":\"\",\"potentialAction\":[{\"@type\":\"SearchAction\",\"target\":{\"@type\":\"EntryPoint\",\"urlTemplate\":\"https:\\\/\\\/fertilityport.com\\\/?s={search_term_string}\"},\"query-input\":{\"@type\":\"PropertyValueSpecification\",\"valueRequired\":true,\"valueName\":\"search_term_string\"}}],\"inLanguage\":\"cs\"}]}<\/script>\n<!-- \/ Yoast SEO plugin. -->","yoast_head_json":{"title":"Nej\u010dast\u011bj\u0161\u00ed p\u0159\u00ed\u010diny neplodnosti | FertilityPort Prague","description":"Zjsit\u011bte v\u00edce o nej\u010dast\u011bj\u0161\u00edch p\u0159\u00ed\u010din\u00e1ch neplodnosti na stran\u011b mu\u017e\u016f i \u017een.","robots":{"index":"index","follow":"follow","max-snippet":"max-snippet:-1","max-image-preview":"max-image-preview:large","max-video-preview":"max-video-preview:-1"},"canonical":"https:\/\/fertilityport.com\/cs\/nejcastejsi-priciny-neplodnosti\/","og_locale":"cs_CZ","og_type":"article","og_title":"Nej\u010dast\u011bj\u0161\u00ed p\u0159\u00ed\u010diny neplodnosti | FertilityPort Prague","og_description":"Zjsit\u011bte v\u00edce o nej\u010dast\u011bj\u0161\u00edch p\u0159\u00ed\u010din\u00e1ch neplodnosti na stran\u011b mu\u017e\u016f i \u017een.","og_url":"https:\/\/fertilityport.com\/cs\/nejcastejsi-priciny-neplodnosti\/","og_site_name":"FertilityPort Prague","article_modified_time":"2025-09-13T18:01:23+00:00","twitter_card":"summary_large_image","twitter_misc":{"Odhadovan\u00e1 doba \u010dten\u00ed":"5 minut"},"schema":{"@context":"https:\/\/schema.org","@graph":[{"@type":"WebPage","@id":"https:\/\/fertilityport.com\/cs\/nejcastejsi-priciny-neplodnosti\/","url":"https:\/\/fertilityport.com\/cs\/nejcastejsi-priciny-neplodnosti\/","name":"Nej\u010dast\u011bj\u0161\u00ed p\u0159\u00ed\u010diny neplodnosti | FertilityPort Prague","isPartOf":{"@id":"https:\/\/fertilityport.com\/#website"},"datePublished":"2020-03-14T15:58:28+00:00","dateModified":"2025-09-13T18:01:23+00:00","description":"Zjsit\u011bte v\u00edce o nej\u010dast\u011bj\u0161\u00edch p\u0159\u00ed\u010din\u00e1ch neplodnosti na stran\u011b mu\u017e\u016f i \u017een.","breadcrumb":{"@id":"https:\/\/fertilityport.com\/cs\/nejcastejsi-priciny-neplodnosti\/#breadcrumb"},"inLanguage":"cs","potentialAction":[{"@type":"ReadAction","target":["https:\/\/fertilityport.com\/cs\/nejcastejsi-priciny-neplodnosti\/"]}]},{"@type":"BreadcrumbList","@id":"https:\/\/fertilityport.com\/cs\/nejcastejsi-priciny-neplodnosti\/#breadcrumb","itemListElement":[{"@type":"ListItem","position":1,"name":"Home","item":"https:\/\/fertilityport.com\/"},{"@type":"ListItem","position":2,"name":"Nej\u010dast\u011bj\u0161\u00ed p\u0159\u00ed\u010diny neplodnosti"}]},{"@type":"WebSite","@id":"https:\/\/fertilityport.com\/#website","url":"https:\/\/fertilityport.com\/","name":"FertilityPort Prague","description":"","potentialAction":[{"@type":"SearchAction","target":{"@type":"EntryPoint","urlTemplate":"https:\/\/fertilityport.com\/?s={search_term_string}"},"query-input":{"@type":"PropertyValueSpecification","valueRequired":true,"valueName":"search_term_string"}}],"inLanguage":"cs"}]}},"_links":{"self":[{"href":"https:\/\/fertilityport.com\/cs\/wp-json\/wp\/v2\/pages\/891","targetHints":{"allow":["GET"]}}],"collection":[{"href":"https:\/\/fertilityport.com\/cs\/wp-json\/wp\/v2\/pages"}],"about":[{"href":"https:\/\/fertilityport.com\/cs\/wp-json\/wp\/v2\/types\/page"}],"author":[{"embeddable":true,"href":"https:\/\/fertilityport.com\/cs\/wp-json\/wp\/v2\/users\/2"}],"replies":[{"embeddable":true,"href":"https:\/\/fertilityport.com\/cs\/wp-json\/wp\/v2\/comments?post=891"}],"version-history":[{"count":9,"href":"https:\/\/fertilityport.com\/cs\/wp-json\/wp\/v2\/pages\/891\/revisions"}],"predecessor-version":[{"id":7885,"href":"https:\/\/fertilityport.com\/cs\/wp-json\/wp\/v2\/pages\/891\/revisions\/7885"}],"wp:attachment":[{"href":"https:\/\/fertilityport.com\/cs\/wp-json\/wp\/v2\/media?parent=891"}],"curies":[{"name":"wp","href":"https:\/\/api.w.org\/{rel}","templated":true}]}}