{"id":904,"date":"2020-03-14T17:14:00","date_gmt":"2020-03-14T16:14:00","guid":{"rendered":"https:\/\/fertilityport.vesmirnekure.cz\/?page_id=904"},"modified":"2021-05-13T09:36:17","modified_gmt":"2021-05-13T07:36:17","slug":"novinky","status":"publish","type":"page","link":"https:\/\/fertilityport.com\/cs\/novinky\/","title":{"rendered":"Novinky"},"content":{"rendered":"<p>[et_pb_section fb_built=&#8220;1&#8243; module_class=&#8220;welcome&#8211;page&#8220; _builder_version=&#8220;4.4.1&#8243; background_image=&#8220;https:\/\/fertilityport.com\/wp-content\/uploads\/2020\/03\/co_je_noveho_head.jpg&#8220;][et_pb_row column_structure=&#8220;2_3,1_3&#8243; _builder_version=&#8220;4.4.0&#8243;][et_pb_column type=&#8220;2_3&#8243; _builder_version=&#8220;4.4.0&#8243;][et_pb_text module_class=&#8220;c_blurb&#8220; _builder_version=&#8220;4.4.0&#8243;]<\/p>\n<h1>Blog<\/h1>\n<p>Sna\u017e\u00edme se neust\u00e1le vzd\u011bl\u00e1vat a zkou\u0161et nov\u00e9 metody, kter\u00e9 by mohly napomoci je\u0161t\u011b lep\u0161\u00edm v\u00fdsledk\u016fm. Na\u0161i l\u00e9ka\u0159i se \u00fa\u010dastn\u00ed gynekologick\u00fdch kongres\u016f jak u n\u00e1s, tak v zahrani\u010d\u00ed. Publikujeme, odpov\u00edd\u00e1me v online chatech a aktivn\u011b se zapojujeme do osv\u011bty t\u00fdkaj\u00edc\u00ed se t\u00e9matu neplodnosti. Jsme tu pro v\u00e1s.<\/p>\n<p>[\/et_pb_text][\/et_pb_column][et_pb_column type=&#8220;1_3&#8243; _builder_version=&#8220;4.4.0&#8243;][\/et_pb_column][\/et_pb_row][\/et_pb_section][et_pb_section fb_built=&#8220;1&#8243; _builder_version=&#8220;4.4.0&#8243;][et_pb_row module_class=&#8220;cblog&#8220; _builder_version=&#8220;4.4.0&#8243;][et_pb_column type=&#8220;4_4&#8243; _builder_version=&#8220;4.4.0&#8243;][et_pb_blog fullwidth=&#8220;off&#8220; show_more=&#8220;on&#8220; show_author=&#8220;off&#8220; show_date=&#8220;off&#8220; show_categories=&#8220;off&#8220; _builder_version=&#8220;4.4.0&#8243;][\/et_pb_blog][\/et_pb_column][\/et_pb_row][\/et_pb_section]<\/p>\n","protected":false},"excerpt":{"rendered":"<p>Blog Sna\u017e\u00edme se neust\u00e1le vzd\u011bl\u00e1vat a zkou\u0161et nov\u00e9 metody, kter\u00e9 by mohly napomoci je\u0161t\u011b lep\u0161\u00edm v\u00fdsledk\u016fm. Na\u0161i l\u00e9ka\u0159i se \u00fa\u010dastn\u00ed gynekologick\u00fdch kongres\u016f jak u n\u00e1s, tak v zahrani\u010d\u00ed. Publikujeme, odpov\u00edd\u00e1me v online chatech a aktivn\u011b se zapojujeme do osv\u011bty t\u00fdkaj\u00edc\u00ed se t\u00e9matu neplodnosti. Jsme tu pro v\u00e1s.<\/p>\n","protected":false},"author":2,"featured_media":0,"parent":0,"menu_order":0,"comment_status":"closed","ping_status":"closed","template":"","meta":{"_acf_changed":false,"_et_pb_use_builder":"on","_et_pb_old_content":"<p>[et_pb_section fb_built=\"1\" _builder_version=\"4.4.0\" background_image=\"https:\/\/fertilityport.com\/wp-content\/uploads\/2020\/03\/co_je_noveho_head.jpg\"][et_pb_row column_structure=\"2_3,1_3\" _builder_version=\"4.4.0\"][et_pb_column type=\"2_3\" _builder_version=\"4.4.0\"][et_pb_text module_class=\"c_blurb\" _builder_version=\"4.4.0\"]<\/p><h1>News<\/h1><p>We are constantly trying to educate ourselves and try new methods that could help to even better results. Our doctors participate at gynecological congresses both in the Czech Republic and abroad. We publish, respond in online chats and actively engage in infertility awareness. We are here for you.[\/et_pb_text][\/et_pb_column][et_pb_column type=\"1_3\" _builder_version=\"4.4.0\"][\/et_pb_column][\/et_pb_row][\/et_pb_section][et_pb_section fb_built=\"1\" _builder_version=\"4.4.0\"][et_pb_row module_class=\"cblog\" _builder_version=\"4.4.0\"][et_pb_column type=\"4_4\" _builder_version=\"4.4.0\"][et_pb_blog fullwidth=\"off\" show_more=\"on\" show_author=\"off\" show_date=\"off\" show_categories=\"off\" _builder_version=\"4.4.0\"][\/et_pb_blog][\/et_pb_column][\/et_pb_row][\/et_pb_section]<\/p>","_et_gb_content_width":"","footnotes":""},"class_list":["post-904","page","type-page","status-publish","hentry"],"acf":[],"yoast_head":"<!-- This site is optimized with the Yoast SEO plugin v27.4 - https:\/\/yoast.com\/product\/yoast-seo-wordpress\/ -->\n<title>Novinky | FertilityPort Prague - tady za\u010d\u00edn\u00e1 \u017eivot<\/title>\n<meta name=\"description\" content=\"Novinky, aktuality, publikace, rozhovory. Aktu\u00e1ln\u00ed t\u00e9mata t\u00fdkaj\u00edc\u00ed se osv\u011bty t\u00e9matu neplodnosti.\" \/>\n<meta name=\"robots\" content=\"index, follow, max-snippet:-1, max-image-preview:large, max-video-preview:-1\" \/>\n<link rel=\"canonical\" href=\"https:\/\/fertilityport.com\/news\/\" \/>\n<meta property=\"og:locale\" content=\"cs_CZ\" \/>\n<meta property=\"og:type\" content=\"article\" \/>\n<meta property=\"og:title\" content=\"Novinky | FertilityPort Prague - tady za\u010d\u00edn\u00e1 \u017eivot\" \/>\n<meta property=\"og:description\" content=\"Novinky, aktuality, publikace, rozhovory. Aktu\u00e1ln\u00ed t\u00e9mata t\u00fdkaj\u00edc\u00ed se osv\u011bty t\u00e9matu neplodnosti.\" \/>\n<meta property=\"og:url\" content=\"https:\/\/fertilityport.com\/news\/\" \/>\n<meta property=\"og:site_name\" content=\"FertilityPort Prague\" \/>\n<meta property=\"article:modified_time\" content=\"2021-05-13T07:36:17+00:00\" \/>\n<meta name=\"twitter:card\" content=\"summary_large_image\" \/>\n<meta name=\"twitter:label1\" content=\"Odhadovan\u00e1 doba \u010dten\u00ed\" \/>\n\t<meta name=\"twitter:data1\" content=\"1 minuta\" \/>\n<script type=\"application\/ld+json\" class=\"yoast-schema-graph\">{\"@context\":\"https:\\\/\\\/schema.org\",\"@graph\":[{\"@type\":\"WebPage\",\"@id\":\"https:\\\/\\\/fertilityport.com\\\/news\\\/\",\"url\":\"https:\\\/\\\/fertilityport.com\\\/news\\\/\",\"name\":\"Novinky | FertilityPort Prague - tady za\u010d\u00edn\u00e1 \u017eivot\",\"isPartOf\":{\"@id\":\"https:\\\/\\\/fertilityport.com\\\/#website\"},\"datePublished\":\"2020-03-14T16:14:00+00:00\",\"dateModified\":\"2021-05-13T07:36:17+00:00\",\"description\":\"Novinky, aktuality, publikace, rozhovory. Aktu\u00e1ln\u00ed t\u00e9mata t\u00fdkaj\u00edc\u00ed se osv\u011bty t\u00e9matu neplodnosti.\",\"breadcrumb\":{\"@id\":\"https:\\\/\\\/fertilityport.com\\\/news\\\/#breadcrumb\"},\"inLanguage\":\"cs\",\"potentialAction\":[{\"@type\":\"ReadAction\",\"target\":[\"https:\\\/\\\/fertilityport.com\\\/news\\\/\"]}]},{\"@type\":\"BreadcrumbList\",\"@id\":\"https:\\\/\\\/fertilityport.com\\\/news\\\/#breadcrumb\",\"itemListElement\":[{\"@type\":\"ListItem\",\"position\":1,\"name\":\"Home\",\"item\":\"https:\\\/\\\/fertilityport.com\\\/\"},{\"@type\":\"ListItem\",\"position\":2,\"name\":\"Novinky\"}]},{\"@type\":\"WebSite\",\"@id\":\"https:\\\/\\\/fertilityport.com\\\/#website\",\"url\":\"https:\\\/\\\/fertilityport.com\\\/\",\"name\":\"FertilityPort Prague\",\"description\":\"\",\"potentialAction\":[{\"@type\":\"SearchAction\",\"target\":{\"@type\":\"EntryPoint\",\"urlTemplate\":\"https:\\\/\\\/fertilityport.com\\\/?s={search_term_string}\"},\"query-input\":{\"@type\":\"PropertyValueSpecification\",\"valueRequired\":true,\"valueName\":\"search_term_string\"}}],\"inLanguage\":\"cs\"}]}<\/script>\n<!-- \/ Yoast SEO plugin. -->","yoast_head_json":{"title":"Novinky | FertilityPort Prague - tady za\u010d\u00edn\u00e1 \u017eivot","description":"Novinky, aktuality, publikace, rozhovory. Aktu\u00e1ln\u00ed t\u00e9mata t\u00fdkaj\u00edc\u00ed se osv\u011bty t\u00e9matu neplodnosti.","robots":{"index":"index","follow":"follow","max-snippet":"max-snippet:-1","max-image-preview":"max-image-preview:large","max-video-preview":"max-video-preview:-1"},"canonical":"https:\/\/fertilityport.com\/news\/","og_locale":"cs_CZ","og_type":"article","og_title":"Novinky | FertilityPort Prague - tady za\u010d\u00edn\u00e1 \u017eivot","og_description":"Novinky, aktuality, publikace, rozhovory. Aktu\u00e1ln\u00ed t\u00e9mata t\u00fdkaj\u00edc\u00ed se osv\u011bty t\u00e9matu neplodnosti.","og_url":"https:\/\/fertilityport.com\/news\/","og_site_name":"FertilityPort Prague","article_modified_time":"2021-05-13T07:36:17+00:00","twitter_card":"summary_large_image","twitter_misc":{"Odhadovan\u00e1 doba \u010dten\u00ed":"1 minuta"},"schema":{"@context":"https:\/\/schema.org","@graph":[{"@type":"WebPage","@id":"https:\/\/fertilityport.com\/news\/","url":"https:\/\/fertilityport.com\/news\/","name":"Novinky | FertilityPort Prague - tady za\u010d\u00edn\u00e1 \u017eivot","isPartOf":{"@id":"https:\/\/fertilityport.com\/#website"},"datePublished":"2020-03-14T16:14:00+00:00","dateModified":"2021-05-13T07:36:17+00:00","description":"Novinky, aktuality, publikace, rozhovory. Aktu\u00e1ln\u00ed t\u00e9mata t\u00fdkaj\u00edc\u00ed se osv\u011bty t\u00e9matu neplodnosti.","breadcrumb":{"@id":"https:\/\/fertilityport.com\/news\/#breadcrumb"},"inLanguage":"cs","potentialAction":[{"@type":"ReadAction","target":["https:\/\/fertilityport.com\/news\/"]}]},{"@type":"BreadcrumbList","@id":"https:\/\/fertilityport.com\/news\/#breadcrumb","itemListElement":[{"@type":"ListItem","position":1,"name":"Home","item":"https:\/\/fertilityport.com\/"},{"@type":"ListItem","position":2,"name":"Novinky"}]},{"@type":"WebSite","@id":"https:\/\/fertilityport.com\/#website","url":"https:\/\/fertilityport.com\/","name":"FertilityPort Prague","description":"","potentialAction":[{"@type":"SearchAction","target":{"@type":"EntryPoint","urlTemplate":"https:\/\/fertilityport.com\/?s={search_term_string}"},"query-input":{"@type":"PropertyValueSpecification","valueRequired":true,"valueName":"search_term_string"}}],"inLanguage":"cs"}]}},"_links":{"self":[{"href":"https:\/\/fertilityport.com\/cs\/wp-json\/wp\/v2\/pages\/904","targetHints":{"allow":["GET"]}}],"collection":[{"href":"https:\/\/fertilityport.com\/cs\/wp-json\/wp\/v2\/pages"}],"about":[{"href":"https:\/\/fertilityport.com\/cs\/wp-json\/wp\/v2\/types\/page"}],"author":[{"embeddable":true,"href":"https:\/\/fertilityport.com\/cs\/wp-json\/wp\/v2\/users\/2"}],"replies":[{"embeddable":true,"href":"https:\/\/fertilityport.com\/cs\/wp-json\/wp\/v2\/comments?post=904"}],"version-history":[{"count":9,"href":"https:\/\/fertilityport.com\/cs\/wp-json\/wp\/v2\/pages\/904\/revisions"}],"predecessor-version":[{"id":3952,"href":"https:\/\/fertilityport.com\/cs\/wp-json\/wp\/v2\/pages\/904\/revisions\/3952"}],"wp:attachment":[{"href":"https:\/\/fertilityport.com\/cs\/wp-json\/wp\/v2\/media?parent=904"}],"curies":[{"name":"wp","href":"https:\/\/api.w.org\/{rel}","templated":true}]}}