{"id":917,"date":"2020-03-14T17:20:33","date_gmt":"2020-03-14T16:20:33","guid":{"rendered":"https:\/\/fertilityport.vesmirnekure.cz\/?page_id=917"},"modified":"2025-04-13T16:41:21","modified_gmt":"2025-04-13T14:41:21","slug":"nasi-lekari","status":"publish","type":"page","link":"https:\/\/fertilityport.com\/cs\/nasi-lekari\/","title":{"rendered":"Na\u0161i l\u00e9ka\u0159i"},"content":{"rendered":"<p>[et_pb_section fb_built=&#8220;1&#8243; _builder_version=&#8220;4.16&#8243; background_color=&#8220;#e2e2e2&#8243; global_colors_info=&#8220;{}&#8220;][et_pb_row _builder_version=&#8220;4.16&#8243; global_colors_info=&#8220;{}&#8220;][et_pb_column type=&#8220;4_4&#8243; _builder_version=&#8220;4.16&#8243; global_colors_info=&#8220;{}&#8220;][et_pb_text module_class=&#8220;c_blurb&#8220; _builder_version=&#8220;4.16&#8243; global_colors_info=&#8220;{}&#8220;]<\/p>\n<h1>Na\u0161i l\u00e9ka\u0159i<\/h1>\n<p>[\/et_pb_text][\/et_pb_column][\/et_pb_row][\/et_pb_section][et_pb_section fb_built=&#8220;1&#8243; module_class=&#8220;aboutus&#8220; _builder_version=&#8220;4.16&#8243; custom_padding=&#8220;||4px|||&#8220; global_colors_info=&#8220;{}&#8220;][et_pb_row column_structure=&#8220;1_4,3_4&#8243; _builder_version=&#8220;4.16&#8243; global_colors_info=&#8220;{}&#8220;][et_pb_column type=&#8220;1_4&#8243; _builder_version=&#8220;4.16&#8243; global_colors_info=&#8220;{}&#8220;][et_pb_image src=&#8220;https:\/\/fertilityport.com\/wp-content\/uploads\/2021\/09\/DSC08273-scaled-e1632993657791.jpg&#8220; alt=&#8220;MUDr. Lubo\u0161 Vl\u010dek&#8220; title_text=&#8220;MUDr. Lubo\u0161 Vl\u010dek&#8220; module_class=&#8220;about_img&#8220; _builder_version=&#8220;4.16&#8243; global_colors_info=&#8220;{}&#8220;][\/et_pb_image][\/et_pb_column][et_pb_column type=&#8220;3_4&#8243; _builder_version=&#8220;4.16&#8243; global_colors_info=&#8220;{}&#8220;][et_pb_text module_class=&#8220;c_blurb&#8220; _builder_version=&#8220;4.16&#8243; global_colors_info=&#8220;{}&#8220;]<\/p>\n<h2>MUDr. Lubo\u0161 Vl\u010dek<\/h2>\n<h3><\/h3>\n<p style=\"text-align: justify;\">Pan doktor Lubo\u0161 Vl\u010dek p\u016fsob\u00ed \u00a0v pozici prim\u00e1\u0159e na\u0161\u00ed kliniky od roku 2021. Sv\u00e9 odborn\u00e9 znalosti sb\u00edral\u00a0 po ukon\u010den\u00ed 1. LF UK v Praze na v\u00fdznamn\u00fdch pracovi\u0161t\u00edch nejen v \u010cesk\u00e9 Republice, ale i v zahrani\u010d\u00ed, to zejm\u00e9na v N\u011bmecku. P\u016fsobil\u00a0 v GPK Pardubick\u00e9 krajsk\u00e9 nemocnice, Heindrich-Braun Klinikum Zwickau, \u00dastavu pro matku a d\u00edt\u011b, GPK Nemocnice Nymburk a v pra\u017esk\u00e9m Gynemu. Atestaci v oboru reproduk\u010dn\u00ed medic\u00edny z\u00edskal ji\u017e v roce 2019 s neust\u00e1le se vzd\u011bl\u00e1v\u00e1 a sleduje nejnov\u011bj\u0161\u00ed trendy v oboru, abychom pod jeho taktovkou mohli poskytovat na\u0161im pacient\u016fm tu nejlep\u0161\u00ed p\u00e9\u010di. Profese l\u00e9ka\u0159e ho velmi napl\u0148uje a za sv\u00e9 rozhodnut\u00ed pom\u00e1hat \u017een\u00e1m v oblasti reproduk\u010dn\u00edho zdrav\u00ed je skute\u010dn\u011b r\u00e1d.\u00a0 Krom\u011b sv\u00e9 kari\u00e9ry se pan doktor v\u011bnuje rodin\u011b, p\u0159\u00e1tel\u016fm a volno\u010dasov\u00fdm aktivit\u00e1m, mezi kter\u00e9 pat\u0159\u00ed p\u0159edev\u0161\u00edm cyklistika a plav\u00e1n\u00ed. Sv\u00fdm empatick\u00fdm p\u0159\u00edstupem a odborn\u00fdmi znalostmi se v\u00fdrazn\u011b pod\u00edl\u00ed na vysok\u00e9 kvalit\u011b poskytovan\u00e9 p\u00e9\u010de ve FertilityPort Prague.<\/p>\n<p style=\"text-align: justify;\"><span style=\"color: #b28994; font-size: 20px;\"><\/span><\/p>\n<p style=\"text-align: justify;\"><span style=\"color: #b28994; font-size: 20px;\">\u010clenstv\u00ed v odborn\u00fdch spole\u010dnostech:<\/span><\/p>\n<h3><\/h3>\n<ul>\n<li>\u010cesk\u00e1 l\u00e9ka\u0159sk\u00e1 komora<\/li>\n<li>Sdru\u017een\u00ed nemocni\u010dn\u00edch gynekolog\u016f<\/li>\n<li>Sdru\u017een\u00ed soukrom\u00fdch gynekolog\u016f<\/li>\n<li>\u010cesk\u00e1 l\u00e9ka\u0159sk\u00e1 spole\u010dnost Jana Evangelisty Purkyn\u011b<\/li>\n<li>\u010cesk\u00e1 gynekologicko-porodnick\u00e1 spole\u010dnost \u2013 sekce Asistovan\u00e1 reprodukce<\/li>\n<li>European society of Human Reproduction and Embryology<\/li>\n<\/ul>\n<p>[\/et_pb_text][\/et_pb_column][\/et_pb_row][et_pb_row column_structure=&#8220;1_4,3_4&#8243; _builder_version=&#8220;4.16&#8243; global_colors_info=&#8220;{}&#8220;][et_pb_column type=&#8220;1_4&#8243; _builder_version=&#8220;4.16&#8243; global_colors_info=&#8220;{}&#8220;][et_pb_image src=&#8220;https:\/\/fertilityport.com\/wp-content\/uploads\/2021\/11\/petra-polaskova.png&#8220; title_text=&#8220;petra-polaskova&#8220; _builder_version=&#8220;4.16&#8243; global_colors_info=&#8220;{}&#8220;][\/et_pb_image][\/et_pb_column][et_pb_column type=&#8220;3_4&#8243; _builder_version=&#8220;4.16&#8243; global_colors_info=&#8220;{}&#8220;][et_pb_text module_class=&#8220;c_blurb&#8220; _builder_version=&#8220;4.16&#8243; global_colors_info=&#8220;{}&#8220;]<\/p>\n<h2>MUDr. Petra Pol\u00e1\u0161kov\u00e1<\/h2>\n<h3><\/h3>\n<p style=\"text-align: justify;\">Pan\u00ed doktorka Petra Pol\u00e1\u0161kov\u00e1 se pohybuje na poli reproduk\u010dn\u00ed medic\u00edny ji\u017e od roku 2009. Po ukon\u010den\u00ed studia 1.LF UK v Praze z\u00edsk\u00e1vala cenn\u00e9 zku\u0161enosti v renomovan\u00fdch instituc\u00edch jako GPK VFN, Europe IVF a Next Clinic\/Gest. Jej\u00edm posl\u00e1n\u00edm je pom\u00e1hat p\u00e1r\u016fm v jejich snaze o zalo\u017een\u00ed a roz\u0161\u00ed\u0159en\u00ed rodiny, co\u017e je pro ni zdrojem velk\u00e9 radosti a uspokojen\u00ed. Ve sv\u00e9m osobn\u00edm \u017eivot\u011b se pan\u00ed doktorka t\u011b\u0161\u00ed z harmonie mezi prac\u00ed a rodinn\u00fdm \u017eivotem. V\u00e1\u017e\u00ed si sv\u00fdch p\u0159\u00e1tel a zejm\u00e9na sv\u00e9 rodiny. Je miluj\u00edc\u00ed maminkou t\u0159ech d\u011bt\u00ed. Mezi jej\u00ed z\u00e1jmy pat\u0159\u00ed saunov\u00e1n\u00ed, kter\u00e9 uzn\u00e1v\u00e1 jako prost\u0159edek k relaxaci a regeneraci, a turistika, je\u017e ji spojuje\u00a0 \u00a0 s p\u0159\u00edrodou a aktivn\u00edm zp\u016fsobem \u017eivota.\u00a0 \u00a0 \u00a0 \u00a0 \u00a0 \u00a0\u00a0<\/p>\n<p><span style=\"color: #b28994; font-size: 20px;\"><\/span><\/p>\n<p><span style=\"color: #b28994; font-size: 20px;\"><\/span><\/p>\n<p><span style=\"color: #b28994; font-size: 20px;\">\u010clenstv\u00ed v odborn\u00fdch spole\u010dnostech<\/span><\/p>\n<p><span style=\"color: #b28994; font-size: 20px;\"><\/span><\/p>\n<ul>\n<li>\u010cesk\u00e1 l\u00e9ka\u0159sk\u00e1 komora<\/li>\n<li>\u010cesk\u00e1 gynekologicko-porodnick\u00e1 spole\u010dnost \u2013 sekce Asistovan\u00e1 reprodukce<\/li>\n<\/ul>\n<p>[\/et_pb_text][\/et_pb_column][\/et_pb_row][et_pb_row column_structure=&#8220;1_4,3_4&#8243; _builder_version=&#8220;4.16&#8243; global_colors_info=&#8220;{}&#8220;][et_pb_column type=&#8220;1_4&#8243; _builder_version=&#8220;4.16&#8243; global_colors_info=&#8220;{}&#8220;][et_pb_image src=&#8220;https:\/\/fertilityport.com\/wp-content\/uploads\/2022\/04\/3.png&#8220; title_text=&#8220;3&#8243; _builder_version=&#8220;4.16&#8243; global_colors_info=&#8220;{}&#8220;][\/et_pb_image][\/et_pb_column][et_pb_column type=&#8220;3_4&#8243; _builder_version=&#8220;4.16&#8243; global_colors_info=&#8220;{}&#8220;][et_pb_text module_class=&#8220;c_blurb&#8220; _builder_version=&#8220;4.16&#8243; global_colors_info=&#8220;{}&#8220;]<\/p>\n<h2>MUDr. Kate\u0159ina Kyselov\u00e1<\/h2>\n<h3>Vzd\u011bl\u00e1n\u00ed a specializace:<\/h3>\n<ul>\n<li><strong>1995<\/strong> promoce na L\u00e9ka\u0159sk\u00e9 fakult\u011b UP v Olomouci<\/li>\n<li><strong>1998<\/strong> atestace I.stupn\u011b v oboru gynekologie a porodnictv\u00ed<\/li>\n<li><strong>2001<\/strong> atestace v oboru l\u00e9ka\u0159sk\u00e1 genetika<\/li>\n<\/ul>\n<h3>Postgradu\u00e1ln\u00ed vzd\u011bl\u00e1v\u00e1n\u00ed, kurzy a \u0161kolen\u00ed<\/h3>\n<ul>\n<li><strong>2003<\/strong> Kurz ve fet\u00e1ln\u00ed echokardiografii Praha Motol<\/li>\n<li><strong>2009<\/strong> Theoretical course \u201eUltrasound examination at 11 \u2013 14 weeks The Fetal Medicine Foundation (London), Dept. of Med. Genet. and Fetal Med. (Olomouc)(prof. K. Nicolaides, prof. J. \u0160antav\u00fd)<\/li>\n<\/ul>\n<h3>Licence a certifik\u00e1ty<\/h3>\n<ul>\n<li><strong>2001<\/strong> Licence pro v\u00fdkon samostatn\u00e9 praxe v oboru gynekologie a porodnictv\u00ed<\/li>\n<li><strong>2001<\/strong> Licence pro v\u00fdkon samostatn\u00e9 praxe v oboru l\u00e9ka\u0159sk\u00e1 genetika<\/li>\n<li><strong>2007<\/strong> specializovan\u00e1 zp\u016fsobilost l\u00e9ka\u0159e v oboru l\u00e9ka\u0159sk\u00e1 genetika<\/li>\n<li><strong>2009<\/strong>\u00a0specializovan\u00e1 zp\u016fsobilost l\u00e9ka\u0159e v oboru gynekologie a porodnictv\u00ed<\/li>\n<li><strong>2011<\/strong> Licence pro v\u00fdkon funkce vedouc\u00ed l\u00e9ka\u0159e a prim\u00e1\u0159e v oboru l\u00e9ka\u0159sk\u00e1 genetika<\/li>\n<li><strong>2003<\/strong> Certifik\u00e1t pro screeningovou fet\u00e1ln\u00ed echokardiografii<\/li>\n<li><strong>2009<\/strong> Certifikace u Fetal Medicine Foundation (Lond\u00fdn) pro Screening v 11. \u2013 14. t\u00fddnu gravidity, m\u011b\u0159en\u00ed nuch\u00e1ln\u00ed translucence (NT)<\/li>\n<\/ul>\n<h3>Praxe<\/h3>\n<ul>\n<li><strong>1995\u20131998<\/strong> l\u00e9ka\u0159 gynekologicko-porodn\u00edho odd\u011blen\u00ed Nemonice Fr\u00fddek-M\u00edstek<\/li>\n<li><strong>1997\u20132008<\/strong> l\u00e9ka\u0159 ambulance l\u00e9ka\u0159sk\u00e9 genetiky Poliklinika M\u00edstek s.r.o, Fr\u00fddek-M\u00edstek<\/li>\n<li><strong>1998\u20132000<\/strong> l\u00e9ka\u0159 Centra asistovan\u00e9 reprodukce, MUDr. Konstantin \u010caplygin, Fr\u00fddek-M\u00edstek<\/li>\n<li><strong>1998\u20131999<\/strong> l\u00e9ka\u0159 nest\u00e1tn\u00edho zdravotnick\u00e9ho za\u0159\u00edzen\u00ed GYN-PREN s.r.o.<\/li>\n<li><strong>1999\u20132005<\/strong> z\u00e1stupce vedouc\u00edho l\u00e9ka\u0159e nest\u00e1tn\u00edho zdravotnick\u00e9ho za\u0159\u00edzen\u00ed GYN-PREN s.r.o.<\/li>\n<li><strong style=\"font-size: 16px;\">od 2005 <\/strong>\u2013<span style=\"font-size: 16px;\"> dosud l\u00e9ka\u0159 nest\u00e1tn\u00edho zdravotnick\u00e9ho za\u0159\u00edzen\u00ed GYN-PREN s.r.o.<\/span><\/li>\n<li><strong>2007\u20132014<\/strong> l\u00e9ka\u0159 ambulance klinick\u00e9 genetiky Nemocnice Nov\u00fd Ji\u010d\u00edn, a.s.<\/li>\n<li><strong>2008\u20132014<\/strong> odborn\u00fd garant pro obor l\u00e9ka\u0159sk\u00e1 genetika Chemila, s.r.o.<\/li>\n<li><strong>od 2009 <\/strong>\u2013 dosud odborn\u00fd garant pro obor l\u00e9ka\u0159sk\u00e1 genetika GYN-PREN s.r.o.<\/li>\n<li><strong>2011\u20132014<\/strong> odborn\u00fd garant pro obor l\u00e9ka\u0159sk\u00e1 genetika Laborato\u0159e Agel, a.s.<\/li>\n<li><strong>od 2014 <\/strong>\u2013 dosud vedouc\u00ed l\u00e9ka\u0159 Centra l\u00e9ka\u0159sk\u00e9 genetiky, SPADIA LAB, a.s.<\/li>\n<li><strong>od 2018 <\/strong>\u2013 extern\u00ed l\u00e9ka\u0159 Fertility Port<\/li>\n<\/ul>\n<h3>\u010clenstv\u00ed v odborn\u00fdch spole\u010dnostech<\/h3>\n<ul>\n<li>\u010cesk\u00e1 l\u00e9ka\u0159sk\u00e1 spole\u010dnost JEP<\/li>\n<li>Spole\u010dnost l\u00e9ka\u0159sk\u00e9 genetiky<\/li>\n<li>ASHG (The American Society of Human Genetics)<\/li>\n<li>\u010cesk\u00e1 gynekologick\u00e1 a porodnick\u00e1 spole\u010dnost<\/li>\n<li>Sekce fet\u00e1ln\u00ed medic\u00edny \u010cGPS<\/li>\n<li>Sekce ultrazvukov\u00e9 diagnostiky \u010cGPS<\/li>\n<\/ul>\n<p>[\/et_pb_text][\/et_pb_column][\/et_pb_row][\/et_pb_section]<\/p>\n","protected":false},"excerpt":{"rendered":"<p>Na\u0161i l\u00e9ka\u0159i MUDr. Lubo\u0161 Vl\u010dek Pan doktor Lubo\u0161 Vl\u010dek p\u016fsob\u00ed \u00a0v pozici prim\u00e1\u0159e na\u0161\u00ed kliniky od roku 2021. Sv\u00e9 odborn\u00e9 znalosti sb\u00edral\u00a0 po ukon\u010den\u00ed 1. LF UK v Praze na v\u00fdznamn\u00fdch pracovi\u0161t\u00edch nejen v \u010cesk\u00e9 Republice, ale i v zahrani\u010d\u00ed, to zejm\u00e9na v N\u011bmecku. P\u016fsobil\u00a0 v GPK Pardubick\u00e9 krajsk\u00e9 nemocnice, Heindrich-Braun Klinikum Zwickau, \u00dastavu pro [&hellip;]<\/p>\n","protected":false},"author":2,"featured_media":0,"parent":0,"menu_order":0,"comment_status":"closed","ping_status":"closed","template":"","meta":{"_acf_changed":false,"_et_pb_use_builder":"on","_et_pb_old_content":"<p>[et_pb_section fb_built=\"1\" _builder_version=\"4.4.0\" background_color=\"#e2e2e2\"][et_pb_row _builder_version=\"4.4.0\"][et_pb_column type=\"4_4\" _builder_version=\"4.4.0\"][et_pb_text module_class=\"c_blurb\" _builder_version=\"4.4.0\"]<\/p><h1>Our doctors<\/h1><p>[\/et_pb_text][\/et_pb_column][\/et_pb_row][\/et_pb_section][et_pb_section fb_built=\"1\" module_class=\"aboutus\" _builder_version=\"4.4.0\"][et_pb_row column_structure=\"1_4,3_4\" _builder_version=\"4.4.0\"][et_pb_column type=\"1_4\" _builder_version=\"4.4.0\"][et_pb_image src=\"https:\/\/fertilityport.com\/wp-content\/uploads\/2020\/03\/mudr-stepan-budka.jpg\" module_class=\"about_img\" _builder_version=\"4.4.0\"][\/et_pb_image][\/et_pb_column][et_pb_column type=\"3_4\" _builder_version=\"4.4.0\"][et_pb_text module_class=\"c_blurb\" _builder_version=\"4.4.0\"]<\/p><h2>MUDr. \u0160t\u011bp\u00e1n Budka<\/h2><h3>Education and specialization:<\/h3><ul><li><strong>1997<\/strong>\u00a0Secondary Nursing School, Dube\u010dsk\u00e1 900, Praha 10<\/li><li><strong>2003<\/strong>\u00a0Charles University Prague, 3rd Faculty of Medicine \u2013 General Medical Practice<\/li><li><strong>2009<\/strong>\u00a0Received specialised qualification in Gynaecology and Obstetrics<\/li><li><strong>2017<\/strong>\u00a0Received specialised qualification in Reproductive Medicine<\/li><li>Czech Medical Chamber licence for performance as Senior Doctor and Head Doctor in the area of Gynaecology and Obstetrics and for Assisted reproduction<\/li><\/ul><h3 class=\"h3\">Professional Experience:<\/h3><ul><li><strong>2003 \u2013 2007<\/strong>\u00a0Gynaecological and Obstetrical Clinic of the 3rd Faculty of Medicine at Charles University and the Kr\u00e1lovsk\u00e9 Vinohrady University Hospital in Prague<\/li><li><strong>2007 \u2013 present<\/strong>\u00a0Gynaecological and Obstetrical Department of the Thomayer Hospital in Prague<\/li><li><strong>2009 \u2013 2012<\/strong>\u00a0Gynaecological and Obstetrical Department of the City Hospital in Neratovice \u2013 Deputy Senior Doctor<\/li><li><strong>2012 \u2013 2015<\/strong>\u00a0IVF CUBE, Prague<\/li><li><strong>2015 \u2013 2018<\/strong>\u00a0PRONATAL, Praha, Head Doctor \u2013 Kol\u00edn branch<\/li><li><strong>od 2018<\/strong>\u00a0Fertility Port, Prague<\/li><\/ul><h3 class=\"h3\">Member of:<\/h3><ul><li>Czech Medical Chamber<\/li><li>Czech Medical Association of Jan Evangelista Purkyn\u011b<\/li><li>Czech Gynaecological and Obstetrical Association \u2013 Assisted Reproduction section<\/li><li>SNGP<\/li><li>ESHRE<\/li><li>SSK HardTask Rangers<\/li><li>LEX<\/li><\/ul><p>[\/et_pb_text][\/et_pb_column][\/et_pb_row][et_pb_row _builder_version=\"4.4.0\"][et_pb_column _builder_version=\"4.4.0\" type=\"4_4\"][et_pb_divider _builder_version=\"4.4.0\" color=\"#e2e2e2\" hover_enabled=\"0\"][\/et_pb_divider][\/et_pb_column][\/et_pb_row][et_pb_row column_structure=\"1_4,3_4\" _builder_version=\"4.4.0\"][et_pb_column type=\"1_4\" _builder_version=\"4.4.0\"][et_pb_image src=\"https:\/\/fertilityport.com\/wp-content\/uploads\/2020\/03\/mudr-jan-smrcina.jpg\" _builder_version=\"4.4.0\"][\/et_pb_image][\/et_pb_column][et_pb_column type=\"3_4\" _builder_version=\"4.4.0\"][et_pb_text module_class=\"c_blurb\" _builder_version=\"4.4.0\"]<\/p><h2>MUDr. Jan Smr\u010dina<\/h2><h3>Education and specialization:<\/h3><ul><li><strong>2008<\/strong>\u00a0Graduated from the Faculty of Medicine at Charles University in Prague.<\/li><li><strong>2015<\/strong>\u00a0Speciality in gynaecology and obstetrics.<\/li><\/ul><h3 class=\"h3\">Professional Experience:<\/h3><ul><li><strong>2009 \u2013 2015<\/strong>\u00a0Gynaecologist-obstetrician at the Thomayer Hospital in Prague<\/li><li><strong>2014 \u2013 2017<\/strong>\u00a0IVF CUBE Prague<\/li><li><strong>from 2017<\/strong>\u00a0FertilityPort, Prague<\/li><\/ul><p>[\/et_pb_text][\/et_pb_column][\/et_pb_row][et_pb_row _builder_version=\"4.4.0\"][et_pb_column _builder_version=\"4.4.0\" type=\"4_4\"][et_pb_divider _builder_version=\"4.4.0\" color=\"#e2e2e2\" hover_enabled=\"0\"][\/et_pb_divider][\/et_pb_column][\/et_pb_row][et_pb_row column_structure=\"1_4,3_4\" _builder_version=\"4.4.0\"][et_pb_column type=\"1_4\" _builder_version=\"4.4.0\"][et_pb_image src=\"https:\/\/fertilityport.com\/wp-content\/uploads\/2020\/03\/mudr-katerina-kyselova.jpg\" _builder_version=\"4.4.0\"][\/et_pb_image][\/et_pb_column][et_pb_column type=\"3_4\" _builder_version=\"4.4.0\"][et_pb_text module_class=\"c_blurb\" _builder_version=\"4.4.0\"]<\/p><h2>MUDr. Kate\u0159ina Kyselov\u00e1<\/h2><h3>Education and specialization:<\/h3><ul><li><strong>1995<\/strong>\u00a0graduation at Faculty of Medicine and Dentistry of Palacky University in Olomouc<\/li><li><strong>1998<\/strong>\u00a0attestation of first grade in gynaecological and obstetrical speciality<\/li><li><strong>2001<\/strong>\u00a0attestation of medical genetics speciality<\/li><\/ul><h3>Post-gradual education, courses and trainings<\/h3><ul><li><strong>2003<\/strong>\u00a0Course at foetal echocardiography at Motol Prague<\/li><li><strong>2009<\/strong>\u00a0Theoretical course \u201eUltrasound examination at 11 \u2013 14 weeks The Foetal Medicine Foundation (London), Dept. of Med. Genet. and Foetal Med. in Olomouc (prof. K. Nicolaides, prof. J. \u0160antav\u00fd)<\/li><\/ul><h3>Licenses and certifications<\/h3><ul><li><strong>2001<\/strong>\u00a0Licensed for intervention of independent practise in gynaecological and obstetrical speciality<\/li><li><strong>2001<\/strong>\u00a0Licensed for intervention of independent practise in medical genetics speciality<\/li><li><strong>2007<\/strong>\u00a0specialized ability of physician in medical genetics speciality<\/li><li><strong>2009<\/strong>\u00a0specializovan\u00e1 zp\u016fsobilost l\u00e9ka\u0159e v oboru gynekologie a porodnictv\u00ed<\/li><li><strong>2011<\/strong>\u00a0Licensed for position of head and senior physician in medical genetics speciality<\/li><li><strong>2003<\/strong>\u00a0Certified for screening foetal echocardiography<\/li><li><strong>2009<\/strong>\u00a0Certified for ultrasound screening at 11 \u2013 14 weeks of pregnancy at Foetal Medical Foundation (London), nuchal translucency evaluation (NT)<\/li><\/ul><h3>Praxe<\/h3><ul><li><strong>1995 \u2013 1998<\/strong>\u00a0physician of gynaecological and obstetrical department at Hospital Fr\u00fddek-M\u00edstek<\/li><li><strong>1997 \u2013 2008<\/strong>\u00a0physician of medical genetics ambulance at health centre Poliklinika M\u00edstek s.r.o<\/li><li><strong>1998 \u2013 2000<\/strong>\u00a0physician at Centre of Assisted Reproduction Fr\u00fddek-M\u00edstek, Dr. Konstantin \u010caplygin<\/li><li><strong>1998 \u2013 1999<\/strong>\u00a0physician of private medical institution GYN-PREN s.r.o<\/li><li><strong>1999 \u2013 2005<\/strong>\u00a0proxy of head physician at private medical institution GYN-PREN s.r.o<\/li><li><strong>From\u00a02005 \u2013<\/strong>\u00a0physician of private medical institution GYN-PREN s.r.o<\/li><li><strong>2007 \u2013 2014<\/strong>\u00a0physician od medical genetics ambulance at Hospital Nov\u00fd Ji\u010d\u00edn, a.s.<\/li><li><strong>2008 \u2013 2014<\/strong>\u00a0expert referee for medical genetics speciality Chemila s.r.o.<\/li><li><strong>From\u00a02009 \u2013<\/strong>\u00a0expert referee for medical genetics speciality GYN-PREN s.r.o<\/li><li><strong>2011 \u2013 2014<\/strong>\u00a0expert referee for medical genetics speciality Laboratories Agel, a.s.<\/li><li><strong>From 2014 \u2013<\/strong>\u00a0head physician at Centre of medical genetics Fr\u00fddek-M\u00edstek, SPADIA LAB, a.s.<\/li><li><strong>From\u00a02018 \u2013<\/strong>\u00a0external physician at Centre of assisted reproduction FertilityPort Prague<\/li><\/ul><h3>Membership at expert companies<\/h3><ul><li>Czech Medical Company JEP<\/li><li>Company of Medical Genetics<\/li><li>ASHG (The American Society of Human Genetics)<\/li><li>Czech Gynaecological and Obstetrical Company<\/li><li>Division of Foetal Medicine \u010cGPS<\/li><li>Division of Ultrasound Diagnostics \u010cGPS<\/li><\/ul><p>[\/et_pb_text][\/et_pb_column][\/et_pb_row][\/et_pb_section]<\/p>","_et_gb_content_width":"","footnotes":""},"class_list":["post-917","page","type-page","status-publish","hentry"],"acf":[],"yoast_head":"<!-- This site is optimized with the Yoast SEO plugin v27.3 - https:\/\/yoast.com\/product\/yoast-seo-wordpress\/ -->\n<title>Na\u0161i l\u00e9ka\u0159i | FertilityPort Prague - tady za\u010d\u00edn\u00e1 \u017eivot<\/title>\n<meta name=\"description\" content=\"Na\u0161i l\u00e9ka\u0159i se \u00fa\u010dastn\u00ed mnoha gynekologick\u00fdch kongres\u016f jak u n\u00e1s, tak v zahrani\u010d\u00ed a aktivn\u011b se zapojuj\u00ed do osv\u011bty t\u00fdkaj\u00edc\u00ed se t\u00e9matu neplodnosti.\" \/>\n<meta name=\"robots\" content=\"index, follow, max-snippet:-1, max-image-preview:large, max-video-preview:-1\" \/>\n<link rel=\"canonical\" href=\"https:\/\/fertilityport.com\/our-doctors\/\" \/>\n<meta property=\"og:locale\" content=\"cs_CZ\" \/>\n<meta property=\"og:type\" content=\"article\" \/>\n<meta property=\"og:title\" content=\"Na\u0161i l\u00e9ka\u0159i | FertilityPort Prague - tady za\u010d\u00edn\u00e1 \u017eivot\" \/>\n<meta property=\"og:description\" content=\"Na\u0161i l\u00e9ka\u0159i se \u00fa\u010dastn\u00ed mnoha gynekologick\u00fdch kongres\u016f jak u n\u00e1s, tak v zahrani\u010d\u00ed a aktivn\u011b se zapojuj\u00ed do osv\u011bty t\u00fdkaj\u00edc\u00ed se t\u00e9matu neplodnosti.\" \/>\n<meta property=\"og:url\" content=\"https:\/\/fertilityport.com\/our-doctors\/\" \/>\n<meta property=\"og:site_name\" content=\"FertilityPort Prague\" \/>\n<meta property=\"article:modified_time\" content=\"2025-04-13T14:41:21+00:00\" \/>\n<meta name=\"twitter:card\" content=\"summary_large_image\" \/>\n<meta name=\"twitter:label1\" content=\"Odhadovan\u00e1 doba \u010dten\u00ed\" \/>\n\t<meta name=\"twitter:data1\" content=\"5 minut\" \/>\n<script type=\"application\/ld+json\" class=\"yoast-schema-graph\">{\"@context\":\"https:\\\/\\\/schema.org\",\"@graph\":[{\"@type\":\"WebPage\",\"@id\":\"https:\\\/\\\/fertilityport.com\\\/our-doctors\\\/\",\"url\":\"https:\\\/\\\/fertilityport.com\\\/our-doctors\\\/\",\"name\":\"Na\u0161i l\u00e9ka\u0159i | FertilityPort Prague - tady za\u010d\u00edn\u00e1 \u017eivot\",\"isPartOf\":{\"@id\":\"https:\\\/\\\/fertilityport.com\\\/#website\"},\"datePublished\":\"2020-03-14T16:20:33+00:00\",\"dateModified\":\"2025-04-13T14:41:21+00:00\",\"description\":\"Na\u0161i l\u00e9ka\u0159i se \u00fa\u010dastn\u00ed mnoha gynekologick\u00fdch kongres\u016f jak u n\u00e1s, tak v zahrani\u010d\u00ed a aktivn\u011b se zapojuj\u00ed do osv\u011bty t\u00fdkaj\u00edc\u00ed se t\u00e9matu neplodnosti.\",\"breadcrumb\":{\"@id\":\"https:\\\/\\\/fertilityport.com\\\/our-doctors\\\/#breadcrumb\"},\"inLanguage\":\"cs\",\"potentialAction\":[{\"@type\":\"ReadAction\",\"target\":[\"https:\\\/\\\/fertilityport.com\\\/our-doctors\\\/\"]}]},{\"@type\":\"BreadcrumbList\",\"@id\":\"https:\\\/\\\/fertilityport.com\\\/our-doctors\\\/#breadcrumb\",\"itemListElement\":[{\"@type\":\"ListItem\",\"position\":1,\"name\":\"Home\",\"item\":\"https:\\\/\\\/fertilityport.com\\\/\"},{\"@type\":\"ListItem\",\"position\":2,\"name\":\"Na\u0161i l\u00e9ka\u0159i\"}]},{\"@type\":\"WebSite\",\"@id\":\"https:\\\/\\\/fertilityport.com\\\/#website\",\"url\":\"https:\\\/\\\/fertilityport.com\\\/\",\"name\":\"FertilityPort Prague\",\"description\":\"\",\"potentialAction\":[{\"@type\":\"SearchAction\",\"target\":{\"@type\":\"EntryPoint\",\"urlTemplate\":\"https:\\\/\\\/fertilityport.com\\\/?s={search_term_string}\"},\"query-input\":{\"@type\":\"PropertyValueSpecification\",\"valueRequired\":true,\"valueName\":\"search_term_string\"}}],\"inLanguage\":\"cs\"}]}<\/script>\n<!-- \/ Yoast SEO plugin. -->","yoast_head_json":{"title":"Na\u0161i l\u00e9ka\u0159i | FertilityPort Prague - tady za\u010d\u00edn\u00e1 \u017eivot","description":"Na\u0161i l\u00e9ka\u0159i se \u00fa\u010dastn\u00ed mnoha gynekologick\u00fdch kongres\u016f jak u n\u00e1s, tak v zahrani\u010d\u00ed a aktivn\u011b se zapojuj\u00ed do osv\u011bty t\u00fdkaj\u00edc\u00ed se t\u00e9matu neplodnosti.","robots":{"index":"index","follow":"follow","max-snippet":"max-snippet:-1","max-image-preview":"max-image-preview:large","max-video-preview":"max-video-preview:-1"},"canonical":"https:\/\/fertilityport.com\/our-doctors\/","og_locale":"cs_CZ","og_type":"article","og_title":"Na\u0161i l\u00e9ka\u0159i | FertilityPort Prague - tady za\u010d\u00edn\u00e1 \u017eivot","og_description":"Na\u0161i l\u00e9ka\u0159i se \u00fa\u010dastn\u00ed mnoha gynekologick\u00fdch kongres\u016f jak u n\u00e1s, tak v zahrani\u010d\u00ed a aktivn\u011b se zapojuj\u00ed do osv\u011bty t\u00fdkaj\u00edc\u00ed se t\u00e9matu neplodnosti.","og_url":"https:\/\/fertilityport.com\/our-doctors\/","og_site_name":"FertilityPort Prague","article_modified_time":"2025-04-13T14:41:21+00:00","twitter_card":"summary_large_image","twitter_misc":{"Odhadovan\u00e1 doba \u010dten\u00ed":"5 minut"},"schema":{"@context":"https:\/\/schema.org","@graph":[{"@type":"WebPage","@id":"https:\/\/fertilityport.com\/our-doctors\/","url":"https:\/\/fertilityport.com\/our-doctors\/","name":"Na\u0161i l\u00e9ka\u0159i | FertilityPort Prague - tady za\u010d\u00edn\u00e1 \u017eivot","isPartOf":{"@id":"https:\/\/fertilityport.com\/#website"},"datePublished":"2020-03-14T16:20:33+00:00","dateModified":"2025-04-13T14:41:21+00:00","description":"Na\u0161i l\u00e9ka\u0159i se \u00fa\u010dastn\u00ed mnoha gynekologick\u00fdch kongres\u016f jak u n\u00e1s, tak v zahrani\u010d\u00ed a aktivn\u011b se zapojuj\u00ed do osv\u011bty t\u00fdkaj\u00edc\u00ed se t\u00e9matu neplodnosti.","breadcrumb":{"@id":"https:\/\/fertilityport.com\/our-doctors\/#breadcrumb"},"inLanguage":"cs","potentialAction":[{"@type":"ReadAction","target":["https:\/\/fertilityport.com\/our-doctors\/"]}]},{"@type":"BreadcrumbList","@id":"https:\/\/fertilityport.com\/our-doctors\/#breadcrumb","itemListElement":[{"@type":"ListItem","position":1,"name":"Home","item":"https:\/\/fertilityport.com\/"},{"@type":"ListItem","position":2,"name":"Na\u0161i l\u00e9ka\u0159i"}]},{"@type":"WebSite","@id":"https:\/\/fertilityport.com\/#website","url":"https:\/\/fertilityport.com\/","name":"FertilityPort Prague","description":"","potentialAction":[{"@type":"SearchAction","target":{"@type":"EntryPoint","urlTemplate":"https:\/\/fertilityport.com\/?s={search_term_string}"},"query-input":{"@type":"PropertyValueSpecification","valueRequired":true,"valueName":"search_term_string"}}],"inLanguage":"cs"}]}},"_links":{"self":[{"href":"https:\/\/fertilityport.com\/cs\/wp-json\/wp\/v2\/pages\/917","targetHints":{"allow":["GET"]}}],"collection":[{"href":"https:\/\/fertilityport.com\/cs\/wp-json\/wp\/v2\/pages"}],"about":[{"href":"https:\/\/fertilityport.com\/cs\/wp-json\/wp\/v2\/types\/page"}],"author":[{"embeddable":true,"href":"https:\/\/fertilityport.com\/cs\/wp-json\/wp\/v2\/users\/2"}],"replies":[{"embeddable":true,"href":"https:\/\/fertilityport.com\/cs\/wp-json\/wp\/v2\/comments?post=917"}],"version-history":[{"count":17,"href":"https:\/\/fertilityport.com\/cs\/wp-json\/wp\/v2\/pages\/917\/revisions"}],"predecessor-version":[{"id":7750,"href":"https:\/\/fertilityport.com\/cs\/wp-json\/wp\/v2\/pages\/917\/revisions\/7750"}],"wp:attachment":[{"href":"https:\/\/fertilityport.com\/cs\/wp-json\/wp\/v2\/media?parent=917"}],"curies":[{"name":"wp","href":"https:\/\/api.w.org\/{rel}","templated":true}]}}