{"id":923,"date":"2020-03-14T17:28:48","date_gmt":"2020-03-14T16:28:48","guid":{"rendered":"https:\/\/fertilityport.vesmirnekure.cz\/?page_id=923"},"modified":"2020-04-14T21:21:06","modified_gmt":"2020-04-14T19:21:06","slug":"social-freezing","status":"publish","type":"page","link":"https:\/\/fertilityport.com\/cs\/social-freezing\/","title":{"rendered":"Social freezing"},"content":{"rendered":"<p>[et_pb_section fb_built=&#8220;1&#8243; module_class=&#8220;welcome&#8211;page&#8220; _builder_version=&#8220;4.4.1&#8243; background_image=&#8220;https:\/\/fertilityport.com\/wp-content\/uploads\/2020\/03\/social_freezing_head.jpg&#8220; background_position=&#8220;center_left&#8220; custom_padding=&#8220;||90px|||&#8220;][et_pb_row column_structure=&#8220;1_2,1_2&#8243; _builder_version=&#8220;4.4.0&#8243;][et_pb_column type=&#8220;1_2&#8243; _builder_version=&#8220;4.4.0&#8243;][et_pb_text module_class=&#8220;c_blurb&#8220; _builder_version=&#8220;4.4.0&#8243;]<\/p>\n<h1>Social Freezing<\/h1>\n<p>Sou\u010dasn\u00fdm socioekonomick\u00fdm trendem je odsouv\u00e1n\u00ed rodi\u010dovstv\u00ed do pozd\u011bj\u0161\u00edho v\u011bku. Kvalita a po\u010det vaj\u00ed\u010dek\/spermi\u00ed v\u0161ak s v\u011bkem postupn\u011b kles\u00e1.<\/p>\n<p>P\u0159e\u010dt\u011bte si o mo\u017enostech zachov\u00e1n\u00ed plodnosti pro mu\u017ee i \u017eeny \u2013 tzv. Social freezing.<\/p>\n<p>[\/et_pb_text][\/et_pb_column][et_pb_column type=&#8220;1_2&#8243; _builder_version=&#8220;4.4.0&#8243;][\/et_pb_column][\/et_pb_row][\/et_pb_section][et_pb_section fb_built=&#8220;1&#8243; module_class=&#8220;section&#8211;pushtop&#8220; _builder_version=&#8220;4.4.0&#8243; custom_padding=&#8220;0px||29px|||&#8220;][et_pb_row column_structure=&#8220;1_3,1_3,1_3&#8243; make_equal=&#8220;on&#8220; _builder_version=&#8220;4.4.0&#8243; custom_padding=&#8220;||0px||false|false&#8220;][et_pb_column type=&#8220;1_3&#8243; _builder_version=&#8220;4.4.0&#8243;][et_pb_blurb title=&#8220;MRA\u017dEN\u00cd VAJ\u00cd\u010cEK&#8220; url=&#8220;https:\/\/fertilityport.com\/cs\/mrazeni-a-uchovavani-vajicek\/&#8220; image=&#8220;https:\/\/fertilityport.com\/wp-content\/uploads\/2020\/03\/sperm.svg&#8220; module_class=&#8220;blurb&#8211;up&#8220; _builder_version=&#8220;4.4.0&#8243; header_level=&#8220;h2&#8243; text_orientation=&#8220;center&#8220; animation=&#8220;off&#8220;]<\/p>\n<p>Chci zamrazit a uchovat sv\u00e1 vaj\u00ed\u010dka<\/p>\n<p>[\/et_pb_blurb][\/et_pb_column][et_pb_column type=&#8220;1_3&#8243; _builder_version=&#8220;4.4.0&#8243;][et_pb_blurb title=&#8220;MRA\u017dEN\u00cd SPERMI\u00cd&#8220; url=&#8220;https:\/\/fertilityport.com\/cs\/mrazeni-a-uchovavani-spermii\/&#8220; image=&#8220;https:\/\/fertilityport.com\/wp-content\/uploads\/2020\/03\/sperm.svg&#8220; module_class=&#8220;blurb&#8211;up&#8220; _builder_version=&#8220;4.4.0&#8243; header_level=&#8220;h2&#8243; text_orientation=&#8220;center&#8220; animation=&#8220;off&#8220;]<\/p>\n<p>Chci zamrazit a uchovat sv\u00e9 spermie<\/p>\n<p>[\/et_pb_blurb][\/et_pb_column][et_pb_column type=&#8220;1_3&#8243; _builder_version=&#8220;4.4.0&#8243;][\/et_pb_column][\/et_pb_row][\/et_pb_section]<\/p>\n","protected":false},"excerpt":{"rendered":"<p>Social Freezing Sou\u010dasn\u00fdm socioekonomick\u00fdm trendem je odsouv\u00e1n\u00ed rodi\u010dovstv\u00ed do pozd\u011bj\u0161\u00edho v\u011bku. Kvalita a po\u010det vaj\u00ed\u010dek\/spermi\u00ed v\u0161ak s v\u011bkem postupn\u011b kles\u00e1. P\u0159e\u010dt\u011bte si o mo\u017enostech zachov\u00e1n\u00ed plodnosti pro mu\u017ee i \u017eeny \u2013 tzv. Social freezing.Chci zamrazit a uchovat sv\u00e1 vaj\u00ed\u010dkaChci zamrazit a uchovat sv\u00e9 spermie<\/p>\n","protected":false},"author":2,"featured_media":0,"parent":0,"menu_order":0,"comment_status":"closed","ping_status":"closed","template":"","meta":{"_acf_changed":false,"_et_pb_use_builder":"on","_et_pb_old_content":"<p>[et_pb_section fb_built=\"1\" module_class=\"welcome--page\" _builder_version=\"4.4.0\" background_image=\"https:\/\/fertilityport.com\/wp-content\/uploads\/2020\/03\/social_freezing_head.jpg\" custom_padding=\"||90px|||\" hover_enabled=\"0\" background_position=\"center_left\"][et_pb_row column_structure=\"3_5,2_5\" _builder_version=\"4.4.0\"][et_pb_column type=\"3_5\" _builder_version=\"4.4.0\"][et_pb_text module_class=\"c_blurb\" _builder_version=\"4.4.0\" hover_enabled=\"0\"]<\/p><h1>Social Freezing<\/h1><p>The current socio-economic trend is a postponing the first child to a later age. However, the quality and number of the eggs \/ sperm gradually decreases with age.<\/p><p>Read about the possibilities of preserving fertility for men and women \u2013 so-called Social freezing.[\/et_pb_text][\/et_pb_column][et_pb_column type=\"2_5\" _builder_version=\"4.4.0\"][\/et_pb_column][\/et_pb_row][\/et_pb_section][et_pb_section fb_built=\"1\" module_class=\"section--pushtop\" _builder_version=\"4.4.0\" custom_padding=\"0px||29px|||\"][et_pb_row column_structure=\"1_4,1_4,1_4,1_4\" make_equal=\"on\" _builder_version=\"4.4.0\" custom_padding=\"||0px||false|false\"][et_pb_column type=\"1_4\" _builder_version=\"4.4.0\"][et_pb_blurb title=\"EGGS FREEZING\" url=\"https:\/\/fertilityport.com\/freezing-and-cryopreservation-of-eggs\/\" image=\"https:\/\/fertilityport.com\/wp-content\/uploads\/2020\/03\/sperm.svg\" module_class=\"blurb--up\" _builder_version=\"4.4.0\" header_level=\"h2\" text_orientation=\"center\" animation=\"off\" hover_enabled=\"0\"] I want to freeze and preserve my eggs[\/et_pb_blurb][\/et_pb_column][et_pb_column type=\"1_4\" _builder_version=\"4.4.0\"][et_pb_blurb title=\"SPERM FREEZING\" url=\"https:\/\/fertilityport.com\/freezing-and-cryopreservation-of-the-sperm\/\" image=\"https:\/\/fertilityport.com\/wp-content\/uploads\/2020\/03\/sperm.svg\" module_class=\"blurb--up\" _builder_version=\"4.4.0\" header_level=\"h2\" text_orientation=\"center\" animation=\"off\" hover_enabled=\"0\"]I want to freeze and preserve my sperm[\/et_pb_blurb][\/et_pb_column][et_pb_column type=\"1_4\" _builder_version=\"4.4.0\"][\/et_pb_column][et_pb_column type=\"1_4\" _builder_version=\"4.4.0\"][\/et_pb_column][\/et_pb_row][\/et_pb_section]<\/p>","_et_gb_content_width":"","footnotes":""},"class_list":["post-923","page","type-page","status-publish","hentry"],"acf":[],"yoast_head":"<!-- This site is optimized with the Yoast SEO plugin v27.4 - https:\/\/yoast.com\/product\/yoast-seo-wordpress\/ -->\n<title>O zachov\u00e1n\u00ed plodnosti | FertilityPort Prague<\/title>\n<meta name=\"description\" content=\"Kvalita a po\u010det vaj\u00ed\u010dek\/spermi\u00ed s v\u011bkem postupn\u011b kles\u00e1. P\u0159e\u010dt\u011bte si o mo\u017enostech zachov\u00e1n\u00ed plodnosti pro mu\u017ee i \u017eeny \u2013 tzv. Social freezing.\" \/>\n<meta name=\"robots\" content=\"index, follow, max-snippet:-1, max-image-preview:large, max-video-preview:-1\" \/>\n<link rel=\"canonical\" href=\"https:\/\/fertilityport.com\/social-freezing\/\" \/>\n<meta property=\"og:locale\" content=\"cs_CZ\" \/>\n<meta property=\"og:type\" content=\"article\" \/>\n<meta property=\"og:title\" content=\"O zachov\u00e1n\u00ed plodnosti | FertilityPort Prague\" \/>\n<meta property=\"og:description\" content=\"Kvalita a po\u010det vaj\u00ed\u010dek\/spermi\u00ed s v\u011bkem postupn\u011b kles\u00e1. P\u0159e\u010dt\u011bte si o mo\u017enostech zachov\u00e1n\u00ed plodnosti pro mu\u017ee i \u017eeny \u2013 tzv. Social freezing.\" \/>\n<meta property=\"og:url\" content=\"https:\/\/fertilityport.com\/social-freezing\/\" \/>\n<meta property=\"og:site_name\" content=\"FertilityPort Prague\" \/>\n<meta property=\"article:modified_time\" content=\"2020-04-14T19:21:06+00:00\" \/>\n<meta name=\"twitter:card\" content=\"summary_large_image\" \/>\n<meta name=\"twitter:label1\" content=\"Odhadovan\u00e1 doba \u010dten\u00ed\" \/>\n\t<meta name=\"twitter:data1\" content=\"1 minuta\" \/>\n<script type=\"application\/ld+json\" class=\"yoast-schema-graph\">{\"@context\":\"https:\\\/\\\/schema.org\",\"@graph\":[{\"@type\":\"WebPage\",\"@id\":\"https:\\\/\\\/fertilityport.com\\\/social-freezing\\\/\",\"url\":\"https:\\\/\\\/fertilityport.com\\\/social-freezing\\\/\",\"name\":\"O zachov\u00e1n\u00ed plodnosti | FertilityPort Prague\",\"isPartOf\":{\"@id\":\"https:\\\/\\\/fertilityport.com\\\/#website\"},\"datePublished\":\"2020-03-14T16:28:48+00:00\",\"dateModified\":\"2020-04-14T19:21:06+00:00\",\"description\":\"Kvalita a po\u010det vaj\u00ed\u010dek\\\/spermi\u00ed s v\u011bkem postupn\u011b kles\u00e1. P\u0159e\u010dt\u011bte si o mo\u017enostech zachov\u00e1n\u00ed plodnosti pro mu\u017ee i \u017eeny \u2013 tzv. Social freezing.\",\"breadcrumb\":{\"@id\":\"https:\\\/\\\/fertilityport.com\\\/social-freezing\\\/#breadcrumb\"},\"inLanguage\":\"cs\",\"potentialAction\":[{\"@type\":\"ReadAction\",\"target\":[\"https:\\\/\\\/fertilityport.com\\\/social-freezing\\\/\"]}]},{\"@type\":\"BreadcrumbList\",\"@id\":\"https:\\\/\\\/fertilityport.com\\\/social-freezing\\\/#breadcrumb\",\"itemListElement\":[{\"@type\":\"ListItem\",\"position\":1,\"name\":\"Home\",\"item\":\"https:\\\/\\\/fertilityport.com\\\/\"},{\"@type\":\"ListItem\",\"position\":2,\"name\":\"Social freezing\"}]},{\"@type\":\"WebSite\",\"@id\":\"https:\\\/\\\/fertilityport.com\\\/#website\",\"url\":\"https:\\\/\\\/fertilityport.com\\\/\",\"name\":\"FertilityPort Prague\",\"description\":\"\",\"potentialAction\":[{\"@type\":\"SearchAction\",\"target\":{\"@type\":\"EntryPoint\",\"urlTemplate\":\"https:\\\/\\\/fertilityport.com\\\/?s={search_term_string}\"},\"query-input\":{\"@type\":\"PropertyValueSpecification\",\"valueRequired\":true,\"valueName\":\"search_term_string\"}}],\"inLanguage\":\"cs\"}]}<\/script>\n<!-- \/ Yoast SEO plugin. -->","yoast_head_json":{"title":"O zachov\u00e1n\u00ed plodnosti | FertilityPort Prague","description":"Kvalita a po\u010det vaj\u00ed\u010dek\/spermi\u00ed s v\u011bkem postupn\u011b kles\u00e1. P\u0159e\u010dt\u011bte si o mo\u017enostech zachov\u00e1n\u00ed plodnosti pro mu\u017ee i \u017eeny \u2013 tzv. Social freezing.","robots":{"index":"index","follow":"follow","max-snippet":"max-snippet:-1","max-image-preview":"max-image-preview:large","max-video-preview":"max-video-preview:-1"},"canonical":"https:\/\/fertilityport.com\/social-freezing\/","og_locale":"cs_CZ","og_type":"article","og_title":"O zachov\u00e1n\u00ed plodnosti | FertilityPort Prague","og_description":"Kvalita a po\u010det vaj\u00ed\u010dek\/spermi\u00ed s v\u011bkem postupn\u011b kles\u00e1. P\u0159e\u010dt\u011bte si o mo\u017enostech zachov\u00e1n\u00ed plodnosti pro mu\u017ee i \u017eeny \u2013 tzv. Social freezing.","og_url":"https:\/\/fertilityport.com\/social-freezing\/","og_site_name":"FertilityPort Prague","article_modified_time":"2020-04-14T19:21:06+00:00","twitter_card":"summary_large_image","twitter_misc":{"Odhadovan\u00e1 doba \u010dten\u00ed":"1 minuta"},"schema":{"@context":"https:\/\/schema.org","@graph":[{"@type":"WebPage","@id":"https:\/\/fertilityport.com\/social-freezing\/","url":"https:\/\/fertilityport.com\/social-freezing\/","name":"O zachov\u00e1n\u00ed plodnosti | FertilityPort Prague","isPartOf":{"@id":"https:\/\/fertilityport.com\/#website"},"datePublished":"2020-03-14T16:28:48+00:00","dateModified":"2020-04-14T19:21:06+00:00","description":"Kvalita a po\u010det vaj\u00ed\u010dek\/spermi\u00ed s v\u011bkem postupn\u011b kles\u00e1. P\u0159e\u010dt\u011bte si o mo\u017enostech zachov\u00e1n\u00ed plodnosti pro mu\u017ee i \u017eeny \u2013 tzv. Social freezing.","breadcrumb":{"@id":"https:\/\/fertilityport.com\/social-freezing\/#breadcrumb"},"inLanguage":"cs","potentialAction":[{"@type":"ReadAction","target":["https:\/\/fertilityport.com\/social-freezing\/"]}]},{"@type":"BreadcrumbList","@id":"https:\/\/fertilityport.com\/social-freezing\/#breadcrumb","itemListElement":[{"@type":"ListItem","position":1,"name":"Home","item":"https:\/\/fertilityport.com\/"},{"@type":"ListItem","position":2,"name":"Social freezing"}]},{"@type":"WebSite","@id":"https:\/\/fertilityport.com\/#website","url":"https:\/\/fertilityport.com\/","name":"FertilityPort Prague","description":"","potentialAction":[{"@type":"SearchAction","target":{"@type":"EntryPoint","urlTemplate":"https:\/\/fertilityport.com\/?s={search_term_string}"},"query-input":{"@type":"PropertyValueSpecification","valueRequired":true,"valueName":"search_term_string"}}],"inLanguage":"cs"}]}},"_links":{"self":[{"href":"https:\/\/fertilityport.com\/cs\/wp-json\/wp\/v2\/pages\/923","targetHints":{"allow":["GET"]}}],"collection":[{"href":"https:\/\/fertilityport.com\/cs\/wp-json\/wp\/v2\/pages"}],"about":[{"href":"https:\/\/fertilityport.com\/cs\/wp-json\/wp\/v2\/types\/page"}],"author":[{"embeddable":true,"href":"https:\/\/fertilityport.com\/cs\/wp-json\/wp\/v2\/users\/2"}],"replies":[{"embeddable":true,"href":"https:\/\/fertilityport.com\/cs\/wp-json\/wp\/v2\/comments?post=923"}],"version-history":[{"count":8,"href":"https:\/\/fertilityport.com\/cs\/wp-json\/wp\/v2\/pages\/923\/revisions"}],"predecessor-version":[{"id":1960,"href":"https:\/\/fertilityport.com\/cs\/wp-json\/wp\/v2\/pages\/923\/revisions\/1960"}],"wp:attachment":[{"href":"https:\/\/fertilityport.com\/cs\/wp-json\/wp\/v2\/media?parent=923"}],"curies":[{"name":"wp","href":"https:\/\/api.w.org\/{rel}","templated":true}]}}