{"id":929,"date":"2020-03-14T17:31:51","date_gmt":"2020-03-14T16:31:51","guid":{"rendered":"https:\/\/fertilityport.vesmirnekure.cz\/?page_id=929"},"modified":"2022-05-09T10:48:58","modified_gmt":"2022-05-09T08:48:58","slug":"darcovstvi-spermii","status":"publish","type":"page","link":"https:\/\/fertilityport.com\/cs\/darcovstvi-spermii\/","title":{"rendered":"D\u00e1rcovstv\u00ed spermi\u00ed"},"content":{"rendered":"<p>[et_pb_section fb_built=&#8220;1&#8243; module_class=&#8220;welcome&#8211;page&#8220; _builder_version=&#8220;4.4.1&#8243; background_image=&#8220;https:\/\/fertilityport.com\/wp-content\/uploads\/2020\/03\/chci_darovat_head_ok.jpg&#8220; global_colors_info=&#8220;{}&#8220;][et_pb_row column_structure=&#8220;2_3,1_3&#8243; _builder_version=&#8220;4.4.0&#8243; global_colors_info=&#8220;{}&#8220;][et_pb_column type=&#8220;2_3&#8243; _builder_version=&#8220;4.4.0&#8243; global_colors_info=&#8220;{}&#8220;][et_pb_text module_class=&#8220;c_blurb&#8220; _builder_version=&#8220;4.4.0&#8243; global_colors_info=&#8220;{}&#8220;]<\/p>\n<h1>D\u00e1rcovstv\u00ed spermi\u00ed<\/h1>\n<p>N\u011bkdy je k oplodn\u011bn\u00ed vaj\u00ed\u010dek nutn\u00e9 pou\u017e\u00edt spermie od anonymn\u00edho d\u00e1rce \u2013 sta\u0148te se j\u00edm i vy.<br \/>Darujte a spl\u0148te tak p\u00e1r\u016fm sen o kompletn\u00ed rodin\u011b.<br \/>Darov\u00e1n\u00ed spermi\u00ed je dobrovoln\u00e9, anonymn\u00ed a bezplatn\u00e9. D\u00e1rce, p\u0159\u00edjemce i budouc\u00ed d\u00edt\u011b z\u016fst\u00e1vaj\u00ed v \u00fapln\u00e9 anonymit\u011b.<\/p>\n<p>[\/et_pb_text][\/et_pb_column][et_pb_column type=&#8220;1_3&#8243; _builder_version=&#8220;4.4.0&#8243; global_colors_info=&#8220;{}&#8220;][\/et_pb_column][\/et_pb_row][\/et_pb_section][et_pb_section fb_built=&#8220;1&#8243; _builder_version=&#8220;4.4.0&#8243; global_colors_info=&#8220;{}&#8220;][et_pb_row _builder_version=&#8220;4.4.0&#8243; global_colors_info=&#8220;{}&#8220;][et_pb_column type=&#8220;4_4&#8243; _builder_version=&#8220;4.4.0&#8243; global_colors_info=&#8220;{}&#8220;][et_pb_text _builder_version=&#8220;4.4.0&#8243; global_colors_info=&#8220;{}&#8220;]<\/p>\n<h2>Co mus\u00edte jako budouc\u00ed d\u00e1rce spl\u0148ovat?<\/h2>\n<ul>\n<li>D\u00e1rce by m\u011bl b\u00fdt zdrav\u00fd plodn\u00fd mu\u017e ve v\u011bku 18 \u2013 40 let<\/li>\n<li>Spermiogram v norm\u011b<\/li>\n<li>Negativn\u00ed vy\u0161et\u0159en\u00ed na pohlavn\u011b p\u0159enosn\u00e9 nemoci<\/li>\n<li>Genetick\u00e9 vy\u0161et\u0159en\u00ed s n\u00e1slednou konzultac\u00ed u klinick\u00e9ho genetika<\/li>\n<li>Spermie zamraz\u00edme pomoc\u00ed metody kryokonzervace a po uplynut\u00ed 180 dn\u00ed znovu provedeme vy\u0161et\u0159en\u00ed pohlavn\u011b p\u0159enosn\u00fdch nemoc\u00ed. Pokud bude v\u00fdsledek negativn\u00ed, d\u00e1rce bude za\u0159azen a kontaktov\u00e1n k odb\u011bru.<\/li>\n<\/ul>\n<p>[\/et_pb_text][et_pb_text _builder_version=&#8220;4.4.0&#8243; global_colors_info=&#8220;{}&#8220;]<\/p>\n<h2>Co v\u00e1m darov\u00e1n\u00ed p\u0159inese:<\/h2>\n<ul>\n<li>napln\u011bn\u00ed pot\u0159eby pomoci druh\u00fdm<\/li>\n<li>kompletn\u00ed vy\u0161et\u0159en\u00ed plodnosti a zdravotn\u00edho stavu v\u010detn\u011b genetick\u00e9ho vy\u0161et\u0159en\u00ed. Tato vy\u0161et\u0159en\u00ed mohou b\u00fdt v budoucnu p\u0159\u00ednosem pro v\u00e1s i va\u0161e d\u011bti<\/li>\n<li>finan\u010dn\u00ed kompenzace<\/li>\n<\/ul>\n<p>[\/et_pb_text][\/et_pb_column][\/et_pb_row][\/et_pb_section][et_pb_section fb_built=&#8220;1&#8243; _builder_version=&#8220;4.4.0&#8243; background_image=&#8220;https:\/\/fertilityport.com\/wp-content\/uploads\/2020\/03\/socket.jpg&#8220; global_colors_info=&#8220;{}&#8220;][et_pb_row _builder_version=&#8220;4.4.0&#8243; global_colors_info=&#8220;{}&#8220;][et_pb_column type=&#8220;4_4&#8243; _builder_version=&#8220;4.4.0&#8243; global_colors_info=&#8220;{}&#8220;][\/et_pb_column][\/et_pb_row][\/et_pb_section][et_pb_section fb_built=&#8220;1&#8243; _builder_version=&#8220;4.4.0&#8243; background_color=&#8220;#d4a4a9&#8243; global_colors_info=&#8220;{}&#8220;][et_pb_row column_structure=&#8220;1_4,1_2,1_4&#8243; _builder_version=&#8220;4.4.0&#8243; global_colors_info=&#8220;{}&#8220;][et_pb_column type=&#8220;1_4&#8243; _builder_version=&#8220;4.4.0&#8243; global_colors_info=&#8220;{}&#8220;][\/et_pb_column][et_pb_column type=&#8220;1_2&#8243; _builder_version=&#8220;4.4.0&#8243; global_colors_info=&#8220;{}&#8220;][et_pb_text _builder_version=&#8220;4.14.4&#8243; hover_enabled=&#8220;0&#8243; global_colors_info=&#8220;{}&#8220; sticky_enabled=&#8220;0&#8243;]<div class='fluentform ff-default fluentform_wrapper_9 ffs_default_wrap'><form data-form_id=\"9\" id=\"fluentform_9\" class=\"frm-fluent-form fluent_form_9 ff-el-form-top ff_form_instance_9_1 ff-form-loading form_bg ffs_default\" data-form_instance=\"ff_form_instance_9_1\" method=\"POST\" ><fieldset  style=\"border: none!important;margin: 0!important;padding: 0!important;background-color: transparent!important;box-shadow: none!important;outline: none!important; min-inline-size: 100%;\">\n                    <legend class=\"ff_screen_reader_title\" style=\"display: block; margin: 0!important;padding: 0!important;height: 0!important;text-indent: -999999px;width: 0!important;overflow:hidden;\">Darov\u00e1n\u00ed \/ zmra\u017een\u00ed - CZ<\/legend><input type='hidden' name='__fluent_form_embded_post_id' value='929' \/><input type=\"hidden\" id=\"_fluentform_9_fluentformnonce\" name=\"_fluentform_9_fluentformnonce\" value=\"d43a302844\" \/><input type=\"hidden\" name=\"_wp_http_referer\" value=\"\/cs\/wp-json\/wp\/v2\/pages\/929\" \/><div class='ff-el-group'><div class=\"ff-el-input--label ff-el-is-required asterisk-right\"><label for='ff_9_input_text' id='label_ff_9_input_text' aria-label=\"Jm\u00e9no\">Jm\u00e9no<\/label><\/div><div class='ff-el-input--content'><input type=\"text\" name=\"input_text\" class=\"ff-el-form-control\" placeholder=\"Vlo\u017ete jm\u00e9no\" data-name=\"input_text\" id=\"ff_9_input_text\"  aria-invalid=\"false\" aria-required=true><\/div><\/div><div class='ff-el-group'><div class=\"ff-el-input--label ff-el-is-required asterisk-right\"><label for='ff_9_email' id='label_ff_9_email' aria-label=\"Email\">Email<\/label><\/div><div class='ff-el-input--content'><input type=\"email\" name=\"email\" id=\"ff_9_email\" class=\"ff-el-form-control\" placeholder=\"Vlo\u017ete email\" data-name=\"email\"  aria-invalid=\"false\" aria-required=true><\/div><\/div><div class='ff-el-group'><div class=\"ff-el-input--label ff-el-is-required asterisk-right\"><label for='ff_9_phone' id='label_ff_9_phone' aria-label=\"Telephone\">Telephone<\/label><\/div><div class='ff-el-input--content'><input name=\"phone\" class=\"ff-el-form-control ff-el-phone ff_el_with_extended_validation\" type=\"tel\" data-name=\"phone\" id=\"ff_9_phone\" inputmode=\"tel\"  aria-invalid='false' aria-required=true><\/div><\/div><div class='ff-el-group'><div class=\"ff-el-input--label ff-el-is-required asterisk-right\"><label for='ff_9_numeric-field' id='label_ff_9_numeric-field' aria-label=\"V\u011bk\">V\u011bk<\/label><\/div><div class='ff-el-input--content'><input type=\"number\" name=\"numeric-field\" id=\"ff_9_numeric-field\" class=\"ff-el-form-control\" placeholder=\"Zadejte sv\u016fj v\u011bk\" data-name=\"numeric-field\" inputmode=\"numeric\" step=\"any\"  aria-invalid=\"false\" aria-required=true><\/div><\/div><div class='ff-el-group'><div class=\"ff-el-input--label ff-el-is-required asterisk-right\"><label for='ff_9_description' id='label_ff_9_description' aria-label=\"Zpr\u00e1va\">Zpr\u00e1va<\/label><\/div><div class='ff-el-input--content'><textarea aria-required=\"true\" aria-labelledby=\"label_ff_9_description\" name=\"description\" id=\"ff_9_description\" class=\"ff-el-form-control\" placeholder=\"Vlo\u017ete zpr\u00e1vu\" rows=\"3\" cols=\"2\" data-name=\"description\" ><\/textarea><\/div><\/div><div class='ff-el-group    ff-el-input--content'><div class='ff-el-form-check ff-el-tc'><label aria-label='U\u017e jsem u v\u00e1s byl(a)' class='ff-el-form-check-label ff_tc_label' for=terms-n-condition_b50d588f6b794a26bbc55ce152c15207><span class='ff_tc_checkbox'><input type=\"checkbox\" name=\"terms-n-condition\" class=\"ff-el-form-check-input\" data-name=\"terms-n-condition\" id=\"terms-n-condition_b50d588f6b794a26bbc55ce152c15207\"  value='on' aria-invalid='false' aria-required=false><\/span> <div class='ff_t_c'><p>U\u017e jsem u v\u00e1s byl(a)<\/p><\/div><\/label><\/div><\/div><div class='ff-el-group    ff-el-input--content'><div class='ff-el-form-check ff-el-tc'><label aria-label='Terms and Conditions: Souhlas\u00edm se zpracov\u00e1n\u00edm osobn\u00edch \u00fadaj\u016f ve smyslu z\u00e1kona o ochran\u011b osobn\u00edch \u00fadaj\u016f \u010d. 110\/2019 Sb. Contains 1 link. Use tab navigation to review.' class='ff-el-form-check-label ff_tc_label' for=terms-n-condition_1_357bf8f6714d9a8183ce8a0af0629719><span class='ff_tc_checkbox'><input type=\"checkbox\" name=\"terms-n-condition_1\" class=\"ff-el-form-check-input\" data-name=\"terms-n-condition_1\" id=\"terms-n-condition_1_357bf8f6714d9a8183ce8a0af0629719\"  value='on' aria-invalid='false' aria-required=true><\/span> <div class='ff_t_c'><p>Souhlas\u00edm se<span style=\"text-decoration: underline;color: #ffffff\"> <a style=\"color: #ffffff;text-decoration: underline\" href=\"https:\/\/fertilityport.com\/cs\/gdpr\/\">zpracov\u00e1n\u00edm osobn\u00edch \u00fadaj\u016f<\/a> <\/span>ve smyslu z\u00e1kona o ochran\u011b osobn\u00edch \u00fadaj\u016f \u010d. 110\/2019 Sb.<\/p><\/div><\/label><\/div><\/div><div class='ff-el-group ff-text-left ff_submit_btn_wrapper'><button type=\"submit\" class=\"ff-btn ff-btn-submit ff-btn-md btn btn--secondary ff_btn_no_style\"  aria-label=\"Odeslat\">Odeslat<\/button><\/div><\/fieldset><\/form><div id='fluentform_9_errors' class='ff-errors-in-stack ff_form_instance_9_1 ff-form-loading_errors ff_form_instance_9_1_errors'><\/div><\/div>            <script type=\"text\/javascript\">\n                window.fluent_form_ff_form_instance_9_1 = {\"id\":\"9\",\"settings\":{\"layout\":{\"labelPlacement\":\"top\",\"helpMessagePlacement\":\"with_label\",\"errorMessagePlacement\":\"inline\",\"asteriskPlacement\":\"asterisk-right\"},\"restrictions\":{\"denyEmptySubmission\":{\"enabled\":false}}},\"form_instance\":\"ff_form_instance_9_1\",\"form_id_selector\":\"fluentform_9\",\"rules\":{\"input_text\":{\"required\":{\"value\":true,\"message\":\"Toto pole je povinn\\u00e9.\",\"global\":false,\"global_message\":\"This field is required\"}},\"email\":{\"required\":{\"value\":true,\"message\":\"Toto pole je povinn\\u00e9.\",\"global\":false,\"global_message\":\"This field is required\"},\"email\":{\"value\":true,\"message\":\"This field must contain a valid email\",\"global\":false,\"global_message\":\"This field must contain a valid email\"}},\"phone\":{\"required\":{\"value\":true,\"message\":\"Toto pole je povinn\\u00e9.\",\"global\":false,\"global_message\":\"This field is required\"},\"valid_phone_number\":{\"value\":true,\"message\":\"Phone number is not valid\",\"global\":false,\"global_message\":\"Phone number is not valid\"}},\"numeric-field\":{\"required\":{\"value\":true,\"message\":\"Toto pole je povinn\\u00e9.\",\"global\":false,\"global_message\":\"This field is required\"},\"numeric\":{\"value\":true,\"message\":\"This field must contain numeric value\",\"global\":false,\"global_message\":\"This field must contain numeric value\"},\"min\":{\"value\":\"\",\"message\":\"Minimum value is \",\"global\":false,\"global_message\":\"Validation fails for minimum value\"},\"max\":{\"value\":\"\",\"message\":\"Maximum value is \",\"global\":false,\"global_message\":\"Validation fails for maximum value\"},\"digits\":{\"value\":\"\",\"message\":\"The number of digits has to be \",\"global\":false,\"global_message\":\"Validation fails for limited digits\"}},\"description\":{\"required\":{\"value\":true,\"message\":\"Toto pole je povinn\\u00e9.\",\"global\":false,\"global_message\":\"This field is required\"}},\"terms-n-condition\":{\"required\":{\"value\":false,\"message\":\"This field is required\",\"global\":false,\"global_message\":\"This field is required\"}},\"terms-n-condition_1\":{\"required\":{\"value\":true,\"message\":\"Toto pole je povinn\\u00e9.\",\"global\":false,\"global_message\":\"This field is required\"}}},\"debounce_time\":300};\n                            <\/script>\n            [\/et_pb_text][\/et_pb_column][et_pb_column type=&#8220;1_4&#8243; _builder_version=&#8220;4.4.0&#8243; global_colors_info=&#8220;{}&#8220;][\/et_pb_column][\/et_pb_row][\/et_pb_section]<\/p>\n","protected":false},"excerpt":{"rendered":"<p>D\u00e1rcovstv\u00ed spermi\u00ed N\u011bkdy je k oplodn\u011bn\u00ed vaj\u00ed\u010dek nutn\u00e9 pou\u017e\u00edt spermie od anonymn\u00edho d\u00e1rce \u2013 sta\u0148te se j\u00edm i vy.Darujte a spl\u0148te tak p\u00e1r\u016fm sen o kompletn\u00ed rodin\u011b.Darov\u00e1n\u00ed spermi\u00ed je dobrovoln\u00e9, anonymn\u00ed a bezplatn\u00e9. D\u00e1rce, p\u0159\u00edjemce i budouc\u00ed d\u00edt\u011b z\u016fst\u00e1vaj\u00ed v \u00fapln\u00e9 anonymit\u011b.Co mus\u00edte jako budouc\u00ed d\u00e1rce spl\u0148ovat? D\u00e1rce by m\u011bl b\u00fdt zdrav\u00fd plodn\u00fd mu\u017e ve [&hellip;]<\/p>\n","protected":false},"author":2,"featured_media":0,"parent":0,"menu_order":0,"comment_status":"closed","ping_status":"closed","template":"","meta":{"_acf_changed":false,"_et_pb_use_builder":"on","_et_pb_old_content":"","_et_gb_content_width":"","footnotes":""},"class_list":["post-929","page","type-page","status-publish","hentry"],"acf":[],"yoast_head":"<!-- This site is optimized with the Yoast SEO plugin v27.3 - https:\/\/yoast.com\/product\/yoast-seo-wordpress\/ -->\n<title>Sta\u0148te se d\u00e1rcem spermi\u00ed | FertilityPort Prague - tady za\u010d\u00edn\u00e1 \u017eivot<\/title>\n<meta name=\"description\" content=\"N\u011bkdy je k oplodn\u011bn\u00ed vaj\u00ed\u010dek nutn\u00e9 pou\u017e\u00edt spermie od anonymn\u00edho d\u00e1rce. Darujte spermie a spl\u0148te tak p\u00e1r\u016fm sen o kompletn\u00ed rodin\u011b.\" \/>\n<meta name=\"robots\" content=\"index, follow, max-snippet:-1, max-image-preview:large, max-video-preview:-1\" \/>\n<link rel=\"canonical\" href=\"https:\/\/fertilityport.com\/cs\/darcovstvi-spermii\/\" \/>\n<meta property=\"og:locale\" content=\"cs_CZ\" \/>\n<meta property=\"og:type\" content=\"article\" \/>\n<meta property=\"og:title\" content=\"Sta\u0148te se d\u00e1rcem spermi\u00ed | FertilityPort Prague - tady za\u010d\u00edn\u00e1 \u017eivot\" \/>\n<meta property=\"og:description\" content=\"N\u011bkdy je k oplodn\u011bn\u00ed vaj\u00ed\u010dek nutn\u00e9 pou\u017e\u00edt spermie od anonymn\u00edho d\u00e1rce. Darujte spermie a spl\u0148te tak p\u00e1r\u016fm sen o kompletn\u00ed rodin\u011b.\" \/>\n<meta property=\"og:url\" content=\"https:\/\/fertilityport.com\/cs\/darcovstvi-spermii\/\" \/>\n<meta property=\"og:site_name\" content=\"FertilityPort Prague\" \/>\n<meta property=\"article:modified_time\" content=\"2022-05-09T08:48:58+00:00\" \/>\n<meta name=\"twitter:card\" content=\"summary_large_image\" \/>\n<meta name=\"twitter:label1\" content=\"Odhadovan\u00e1 doba \u010dten\u00ed\" \/>\n\t<meta name=\"twitter:data1\" content=\"2 minuty\" \/>\n<script type=\"application\/ld+json\" class=\"yoast-schema-graph\">{\"@context\":\"https:\\\/\\\/schema.org\",\"@graph\":[{\"@type\":\"WebPage\",\"@id\":\"https:\\\/\\\/fertilityport.com\\\/cs\\\/darcovstvi-spermii\\\/\",\"url\":\"https:\\\/\\\/fertilityport.com\\\/cs\\\/darcovstvi-spermii\\\/\",\"name\":\"Sta\u0148te se d\u00e1rcem spermi\u00ed | FertilityPort Prague - tady za\u010d\u00edn\u00e1 \u017eivot\",\"isPartOf\":{\"@id\":\"https:\\\/\\\/fertilityport.com\\\/#website\"},\"datePublished\":\"2020-03-14T16:31:51+00:00\",\"dateModified\":\"2022-05-09T08:48:58+00:00\",\"description\":\"N\u011bkdy je k oplodn\u011bn\u00ed vaj\u00ed\u010dek nutn\u00e9 pou\u017e\u00edt spermie od anonymn\u00edho d\u00e1rce. Darujte spermie a spl\u0148te tak p\u00e1r\u016fm sen o kompletn\u00ed rodin\u011b.\",\"breadcrumb\":{\"@id\":\"https:\\\/\\\/fertilityport.com\\\/cs\\\/darcovstvi-spermii\\\/#breadcrumb\"},\"inLanguage\":\"cs\",\"potentialAction\":[{\"@type\":\"ReadAction\",\"target\":[\"https:\\\/\\\/fertilityport.com\\\/cs\\\/darcovstvi-spermii\\\/\"]}]},{\"@type\":\"BreadcrumbList\",\"@id\":\"https:\\\/\\\/fertilityport.com\\\/cs\\\/darcovstvi-spermii\\\/#breadcrumb\",\"itemListElement\":[{\"@type\":\"ListItem\",\"position\":1,\"name\":\"Home\",\"item\":\"https:\\\/\\\/fertilityport.com\\\/\"},{\"@type\":\"ListItem\",\"position\":2,\"name\":\"D\u00e1rcovstv\u00ed spermi\u00ed\"}]},{\"@type\":\"WebSite\",\"@id\":\"https:\\\/\\\/fertilityport.com\\\/#website\",\"url\":\"https:\\\/\\\/fertilityport.com\\\/\",\"name\":\"FertilityPort Prague\",\"description\":\"\",\"potentialAction\":[{\"@type\":\"SearchAction\",\"target\":{\"@type\":\"EntryPoint\",\"urlTemplate\":\"https:\\\/\\\/fertilityport.com\\\/?s={search_term_string}\"},\"query-input\":{\"@type\":\"PropertyValueSpecification\",\"valueRequired\":true,\"valueName\":\"search_term_string\"}}],\"inLanguage\":\"cs\"}]}<\/script>\n<!-- \/ Yoast SEO plugin. -->","yoast_head_json":{"title":"Sta\u0148te se d\u00e1rcem spermi\u00ed | FertilityPort Prague - tady za\u010d\u00edn\u00e1 \u017eivot","description":"N\u011bkdy je k oplodn\u011bn\u00ed vaj\u00ed\u010dek nutn\u00e9 pou\u017e\u00edt spermie od anonymn\u00edho d\u00e1rce. Darujte spermie a spl\u0148te tak p\u00e1r\u016fm sen o kompletn\u00ed rodin\u011b.","robots":{"index":"index","follow":"follow","max-snippet":"max-snippet:-1","max-image-preview":"max-image-preview:large","max-video-preview":"max-video-preview:-1"},"canonical":"https:\/\/fertilityport.com\/cs\/darcovstvi-spermii\/","og_locale":"cs_CZ","og_type":"article","og_title":"Sta\u0148te se d\u00e1rcem spermi\u00ed | FertilityPort Prague - tady za\u010d\u00edn\u00e1 \u017eivot","og_description":"N\u011bkdy je k oplodn\u011bn\u00ed vaj\u00ed\u010dek nutn\u00e9 pou\u017e\u00edt spermie od anonymn\u00edho d\u00e1rce. Darujte spermie a spl\u0148te tak p\u00e1r\u016fm sen o kompletn\u00ed rodin\u011b.","og_url":"https:\/\/fertilityport.com\/cs\/darcovstvi-spermii\/","og_site_name":"FertilityPort Prague","article_modified_time":"2022-05-09T08:48:58+00:00","twitter_card":"summary_large_image","twitter_misc":{"Odhadovan\u00e1 doba \u010dten\u00ed":"2 minuty"},"schema":{"@context":"https:\/\/schema.org","@graph":[{"@type":"WebPage","@id":"https:\/\/fertilityport.com\/cs\/darcovstvi-spermii\/","url":"https:\/\/fertilityport.com\/cs\/darcovstvi-spermii\/","name":"Sta\u0148te se d\u00e1rcem spermi\u00ed | FertilityPort Prague - tady za\u010d\u00edn\u00e1 \u017eivot","isPartOf":{"@id":"https:\/\/fertilityport.com\/#website"},"datePublished":"2020-03-14T16:31:51+00:00","dateModified":"2022-05-09T08:48:58+00:00","description":"N\u011bkdy je k oplodn\u011bn\u00ed vaj\u00ed\u010dek nutn\u00e9 pou\u017e\u00edt spermie od anonymn\u00edho d\u00e1rce. Darujte spermie a spl\u0148te tak p\u00e1r\u016fm sen o kompletn\u00ed rodin\u011b.","breadcrumb":{"@id":"https:\/\/fertilityport.com\/cs\/darcovstvi-spermii\/#breadcrumb"},"inLanguage":"cs","potentialAction":[{"@type":"ReadAction","target":["https:\/\/fertilityport.com\/cs\/darcovstvi-spermii\/"]}]},{"@type":"BreadcrumbList","@id":"https:\/\/fertilityport.com\/cs\/darcovstvi-spermii\/#breadcrumb","itemListElement":[{"@type":"ListItem","position":1,"name":"Home","item":"https:\/\/fertilityport.com\/"},{"@type":"ListItem","position":2,"name":"D\u00e1rcovstv\u00ed spermi\u00ed"}]},{"@type":"WebSite","@id":"https:\/\/fertilityport.com\/#website","url":"https:\/\/fertilityport.com\/","name":"FertilityPort Prague","description":"","potentialAction":[{"@type":"SearchAction","target":{"@type":"EntryPoint","urlTemplate":"https:\/\/fertilityport.com\/?s={search_term_string}"},"query-input":{"@type":"PropertyValueSpecification","valueRequired":true,"valueName":"search_term_string"}}],"inLanguage":"cs"}]}},"_links":{"self":[{"href":"https:\/\/fertilityport.com\/cs\/wp-json\/wp\/v2\/pages\/929","targetHints":{"allow":["GET"]}}],"collection":[{"href":"https:\/\/fertilityport.com\/cs\/wp-json\/wp\/v2\/pages"}],"about":[{"href":"https:\/\/fertilityport.com\/cs\/wp-json\/wp\/v2\/types\/page"}],"author":[{"embeddable":true,"href":"https:\/\/fertilityport.com\/cs\/wp-json\/wp\/v2\/users\/2"}],"replies":[{"embeddable":true,"href":"https:\/\/fertilityport.com\/cs\/wp-json\/wp\/v2\/comments?post=929"}],"version-history":[{"count":8,"href":"https:\/\/fertilityport.com\/cs\/wp-json\/wp\/v2\/pages\/929\/revisions"}],"predecessor-version":[{"id":5659,"href":"https:\/\/fertilityport.com\/cs\/wp-json\/wp\/v2\/pages\/929\/revisions\/5659"}],"wp:attachment":[{"href":"https:\/\/fertilityport.com\/cs\/wp-json\/wp\/v2\/media?parent=929"}],"curies":[{"name":"wp","href":"https:\/\/api.w.org\/{rel}","templated":true}]}}