{"id":1011,"date":"2020-03-14T18:58:15","date_gmt":"2020-03-14T17:58:15","guid":{"rendered":"https:\/\/fertilityport.vesmirnekure.cz\/?page_id=1011"},"modified":"2021-07-25T19:01:09","modified_gmt":"2021-07-25T17:01:09","slug":"kinderwunsch","status":"publish","type":"page","link":"https:\/\/fertilityport.com\/de\/kinderwunsch\/","title":{"rendered":"Kinderwunsch"},"content":{"rendered":"\n[et_pb_section fb_built=&#8220;1&#8243; module_class=&#8220;welcome&#8211;page&#8220; _builder_version=&#8220;4.4.1&#8243; background_image=&#8220;https:\/\/fertilityport.com\/wp-content\/uploads\/2020\/03\/child_fertility_head.jpg&#8220; custom_padding=&#8220;||90px|||&#8220;][et_pb_row column_structure=&#8220;3_5,2_5&#8243; _builder_version=&#8220;4.4.0&#8243;][et_pb_column type=&#8220;3_5&#8243; _builder_version=&#8220;4.4.0&#8243;][et_pb_text module_class=&#8220;c_blurb&#8220; _builder_version=&#8220;4.9.4&#8243;]<h1>Kinderwunsch<\/h1>\n<p>Bestellen Sie ein Erstgespr\u00e4ch bei einem von unseren IVF Spezialisten. Gemeinsam versuchen wir, die Ursache der Unfruchtbarkeit zu finden und eine individuelle und effektive Behandlung f\u00fcr Sie zu w\u00e4hlen. <strong><a href=\"https:\/\/fertilityport.com\/de\/kontakt\/\">Kontakt <\/a><\/strong><\/p>[\/et_pb_text][\/et_pb_column][et_pb_column type=&#8220;2_5&#8243; _builder_version=&#8220;4.4.0&#8243;][\/et_pb_column][\/et_pb_row][\/et_pb_section][et_pb_section fb_built=&#8220;1&#8243; module_class=&#8220;section&#8211;pushtop&#8220; _builder_version=&#8220;4.4.0&#8243; custom_padding=&#8220;0px||29px|||&#8220;][et_pb_row column_structure=&#8220;1_5,1_5,1_5,1_5,1_5&#8243; use_custom_gutter=&#8220;on&#8220; gutter_width=&#8220;2&#8243; make_equal=&#8220;on&#8220; _builder_version=&#8220;4.4.1&#8243; custom_padding=&#8220;||0px||false|false&#8220;][et_pb_column type=&#8220;1_5&#8243; _builder_version=&#8220;4.4.0&#8243;][et_pb_blurb title=&#8220;Ursachen der Infertilit\u00e4t&#8220; url=&#8220;https:\/\/fertilityport.com\/de\/die-haeufigsten-ursachen-der-unfruchtbarkeit\/&#8220; image=&#8220;https:\/\/fertilityport.com\/wp-content\/uploads\/2020\/03\/sperm.svg&#8220; module_class=&#8220;blurb&#8211;up blurb&#8211;up&#8211;small&#8220; _builder_version=&#8220;4.9.4&#8243; header_level=&#8220;h2&#8243; text_orientation=&#8220;center&#8220; animation=&#8220;off&#8220;]<p>Die h\u00e4ufigsten Ursachen der Unfruchtbarkeit<\/p>[\/et_pb_blurb][\/et_pb_column][et_pb_column type=&#8220;1_5&#8243; _builder_version=&#8220;4.4.0&#8243;][et_pb_blurb title=&#8220;K\u00fcnstliche Befruchtung&#8220; url=&#8220;https:\/\/fertilityport.com\/de\/unfruchtbarkeitsbehandlung\/&#8220; image=&#8220;https:\/\/fertilityport.com\/wp-content\/uploads\/2020\/03\/ultrasound_inside.svg&#8220; module_class=&#8220;blurb&#8211;up blurb&#8211;up&#8211;small&#8220; _builder_version=&#8220;4.9.4&#8243; header_level=&#8220;h2&#8243; text_orientation=&#8220;center&#8220; animation=&#8220;off&#8220;]<p>IVF\/ICSI\/Eizellspende Behandlungen<\/p>[\/et_pb_blurb][\/et_pb_column][et_pb_column type=&#8220;1_5&#8243; _builder_version=&#8220;4.4.0&#8243;][et_pb_blurb title=&#8220;Genetische&#8220; url=&#8220;https:\/\/fertilityport.com\/de\/genetik\/&#8220; image=&#8220;https:\/\/fertilityport.com\/wp-content\/uploads\/2020\/03\/lab.svg&#8220; module_class=&#8220;blurb&#8211;up blurb&#8211;up&#8211;small&#8220; _builder_version=&#8220;4.9.4&#8243; header_level=&#8220;h2&#8243; text_orientation=&#8220;center&#8220; animation=&#8220;off&#8220;]<p>Untersuchung vor der Implantation<\/p>[\/et_pb_blurb][\/et_pb_column][et_pb_column type=&#8220;1_5&#8243; _builder_version=&#8220;4.4.0&#8243;][et_pb_blurb title=&#8220;IVF Methoden und Techniken&#8220; url=&#8220;https:\/\/fertilityport.com\/de\/methoden-und-techniken\/&#8220; image=&#8220;https:\/\/fertilityport.com\/wp-content\/uploads\/2020\/03\/ultrasound_white.svg&#8220; module_class=&#8220;blurb&#8211;up blurb&#8211;up&#8211;small&#8220; _builder_version=&#8220;4.9.4&#8243; header_level=&#8220;h2&#8243; text_orientation=&#8220;center&#8220; animation=&#8220;off&#8220;]<p>Innovativste Methoden der assistierten Reproduktion<\/p>[\/et_pb_blurb][\/et_pb_column][et_pb_column type=&#8220;1_5&#8243; _builder_version=&#8220;4.4.0&#8243;][et_pb_blurb title=&#8220;Erfahrungen&#8220; url=&#8220;https:\/\/fertilityport.com\/de\/geschichten\/&#8220; image=&#8220;https:\/\/fertilityport.com\/wp-content\/uploads\/2020\/03\/grandparents.svg&#8220; module_class=&#8220;blurb&#8211;up blurb&#8211;up&#8211;small&#8220; _builder_version=&#8220;4.9.4&#8243; header_level=&#8220;h2&#8243; text_orientation=&#8220;center&#8220; animation=&#8220;off&#8220;]<p>Erfahrungsberichte unserer zufriedenen Kinderwunschpaaren<\/p>[\/et_pb_blurb][\/et_pb_column][\/et_pb_row][\/et_pb_section]\n","protected":false},"excerpt":{"rendered":"<p>Kinderwunsch Bestellen Sie ein Erstgespr\u00e4ch bei einem von unseren IVF Spezialisten. Gemeinsam versuchen wir, die Ursache der Unfruchtbarkeit zu finden und eine individuelle und effektive Behandlung f\u00fcr Sie zu w\u00e4hlen. Kontakt Die h\u00e4ufigsten Ursachen der UnfruchtbarkeitIVF\/ICSI\/Eizellspende BehandlungenUntersuchung vor der ImplantationInnovativste Methoden der assistierten ReproduktionErfahrungsberichte unserer zufriedenen Kinderwunschpaaren<\/p>\n","protected":false},"author":2,"featured_media":0,"parent":0,"menu_order":0,"comment_status":"closed","ping_status":"closed","template":"","meta":{"_acf_changed":false,"_et_pb_use_builder":"on","_et_pb_old_content":"<p>[et_pb_section fb_built=\"1\" module_class=\"welcome--page\" _builder_version=\"4.4.0\" background_image=\"https:\/\/fertilityport.com\/wp-content\/uploads\/2020\/03\/child_fertility_head.jpg\" custom_padding=\"||90px|||\"][et_pb_row column_structure=\"3_5,2_5\" _builder_version=\"4.4.0\"][et_pb_column type=\"3_5\" _builder_version=\"4.4.0\"][et_pb_text module_class=\"c_blurb\" _builder_version=\"4.4.0\"]<\/p><h1>I want a baby<\/h1><p>Book a consultation with one of our specialists.<br \/>Together, we will try to find out the cause of your problems<br \/>with getting pregnant\u00a0and choose suitable and effective treatment.[\/et_pb_text][\/et_pb_column][et_pb_column type=\"2_5\" _builder_version=\"4.4.0\"][\/et_pb_column][\/et_pb_row][\/et_pb_section][et_pb_section fb_built=\"1\" module_class=\"section--pushtop\" _builder_version=\"4.4.0\" custom_padding=\"0px||29px|||\"][et_pb_row column_structure=\"1_4,1_4,1_4,1_4\" make_equal=\"on\" _builder_version=\"4.4.0\" custom_padding=\"||0px||false|false\"][et_pb_column type=\"1_4\" _builder_version=\"4.4.0\"][et_pb_blurb title=\"MOST COMMON CAUSES OF INFERTILITY\" url=\"https:\/\/fertilityport.com\/most-common-causes\/\" image=\"https:\/\/fertilityport.com\/wp-content\/uploads\/2020\/03\/sperm.svg\" module_class=\"blurb--up\" _builder_version=\"4.4.0\" header_level=\"h2\" text_orientation=\"center\" animation=\"off\"]What are the most common causes<br \/>of infertility?[\/et_pb_blurb][\/et_pb_column][et_pb_column type=\"1_4\" _builder_version=\"4.4.0\"][et_pb_blurb title=\"GENETICS\" url=\"https:\/\/fertilityport.com\/genetics\/\" image=\"https:\/\/fertilityport.com\/wp-content\/uploads\/2020\/03\/ultrasound_inside.svg\" module_class=\"blurb--up\" _builder_version=\"4.4.0\" header_level=\"h2\" text_orientation=\"center\" animation=\"off\"]Find out more<br \/>about genetic<br \/>diagnostic methods[\/et_pb_blurb][\/et_pb_column][et_pb_column type=\"1_4\" _builder_version=\"4.4.0\"][et_pb_blurb title=\"INFERTILITY TREATMENT\" url=\"https:\/\/fertilityport.com\/infertility-treatment\/\" image=\"https:\/\/fertilityport.com\/wp-content\/uploads\/2020\/03\/lab.svg\" module_class=\"blurb--up\" _builder_version=\"4.4.0\" header_level=\"h2\" text_orientation=\"center\" animation=\"off\"]Methods of<br \/>infertility treatment,<br \/>fertility preservation[\/et_pb_blurb][\/et_pb_column][et_pb_column type=\"1_4\" _builder_version=\"4.4.0\"][et_pb_blurb title=\"TESTIMONIALS\" url=\"https:\/\/fertilityport.com\/testimonials\/\" image=\"https:\/\/fertilityport.com\/wp-content\/uploads\/2020\/03\/grandparents.svg\" module_class=\"blurb--up\" _builder_version=\"4.4.0\" header_level=\"h2\" text_orientation=\"center\" animation=\"off\"]Read our patient<br \/>success stories[\/et_pb_blurb][\/et_pb_column][\/et_pb_row][\/et_pb_section]<\/p>","_et_gb_content_width":"","footnotes":""},"class_list":["post-1011","page","type-page","status-publish","hentry"],"acf":[],"yoast_head":"<!-- This site is optimized with the Yoast SEO plugin v27.2 - https:\/\/yoast.com\/product\/yoast-seo-wordpress\/ -->\n<title>Kinderswunsch | FertilityPort Prague<\/title>\n<meta name=\"description\" content=\"Gemeinsam werden wir versuchen, die Ursache Ihrer Unfruchtbarkeit zu finden und die geeignete und wirksame Behandlung auszuw\u00e4hlen.\" \/>\n<meta name=\"robots\" content=\"index, follow, max-snippet:-1, max-image-preview:large, max-video-preview:-1\" \/>\n<link rel=\"canonical\" href=\"https:\/\/fertilityport.com\/de\/kinderwunsch\/\" \/>\n<meta property=\"og:locale\" content=\"de_DE\" \/>\n<meta property=\"og:type\" content=\"article\" \/>\n<meta property=\"og:title\" content=\"Kinderswunsch | FertilityPort Prague\" \/>\n<meta property=\"og:description\" content=\"Gemeinsam werden wir versuchen, die Ursache Ihrer Unfruchtbarkeit zu finden und die geeignete und wirksame Behandlung auszuw\u00e4hlen.\" \/>\n<meta property=\"og:url\" content=\"https:\/\/fertilityport.com\/de\/kinderwunsch\/\" \/>\n<meta property=\"og:site_name\" content=\"FertilityPort Prague\" \/>\n<meta property=\"article:modified_time\" content=\"2021-07-25T17:01:09+00:00\" \/>\n<meta name=\"twitter:card\" content=\"summary_large_image\" \/>\n<meta name=\"twitter:label1\" content=\"Gesch\u00e4tzte Lesezeit\" \/>\n\t<meta name=\"twitter:data1\" content=\"1\u00a0Minute\" \/>\n<script type=\"application\/ld+json\" class=\"yoast-schema-graph\">{\"@context\":\"https:\/\/schema.org\",\"@graph\":[{\"@type\":\"WebPage\",\"@id\":\"https:\/\/fertilityport.com\/de\/kinderwunsch\/\",\"url\":\"https:\/\/fertilityport.com\/de\/kinderwunsch\/\",\"name\":\"Kinderswunsch | FertilityPort Prague\",\"isPartOf\":{\"@id\":\"https:\/\/fertilityport.com\/#website\"},\"datePublished\":\"2020-03-14T17:58:15+00:00\",\"dateModified\":\"2021-07-25T17:01:09+00:00\",\"description\":\"Gemeinsam werden wir versuchen, die Ursache Ihrer Unfruchtbarkeit zu finden und die geeignete und wirksame Behandlung auszuw\u00e4hlen.\",\"breadcrumb\":{\"@id\":\"https:\/\/fertilityport.com\/de\/kinderwunsch\/#breadcrumb\"},\"inLanguage\":\"de\",\"potentialAction\":[{\"@type\":\"ReadAction\",\"target\":[\"https:\/\/fertilityport.com\/de\/kinderwunsch\/\"]}]},{\"@type\":\"BreadcrumbList\",\"@id\":\"https:\/\/fertilityport.com\/de\/kinderwunsch\/#breadcrumb\",\"itemListElement\":[{\"@type\":\"ListItem\",\"position\":1,\"name\":\"Home\",\"item\":\"https:\/\/fertilityport.com\/de\/\"},{\"@type\":\"ListItem\",\"position\":2,\"name\":\"Kinderwunsch\"}]},{\"@type\":\"WebSite\",\"@id\":\"https:\/\/fertilityport.com\/#website\",\"url\":\"https:\/\/fertilityport.com\/\",\"name\":\"FertilityPort Prague\",\"description\":\"\",\"potentialAction\":[{\"@type\":\"SearchAction\",\"target\":{\"@type\":\"EntryPoint\",\"urlTemplate\":\"https:\/\/fertilityport.com\/?s={search_term_string}\"},\"query-input\":{\"@type\":\"PropertyValueSpecification\",\"valueRequired\":true,\"valueName\":\"search_term_string\"}}],\"inLanguage\":\"de\"}]}<\/script>\n<!-- \/ Yoast SEO plugin. -->","yoast_head_json":{"title":"Kinderswunsch | FertilityPort Prague","description":"Gemeinsam werden wir versuchen, die Ursache Ihrer Unfruchtbarkeit zu finden und die geeignete und wirksame Behandlung auszuw\u00e4hlen.","robots":{"index":"index","follow":"follow","max-snippet":"max-snippet:-1","max-image-preview":"max-image-preview:large","max-video-preview":"max-video-preview:-1"},"canonical":"https:\/\/fertilityport.com\/de\/kinderwunsch\/","og_locale":"de_DE","og_type":"article","og_title":"Kinderswunsch | FertilityPort Prague","og_description":"Gemeinsam werden wir versuchen, die Ursache Ihrer Unfruchtbarkeit zu finden und die geeignete und wirksame Behandlung auszuw\u00e4hlen.","og_url":"https:\/\/fertilityport.com\/de\/kinderwunsch\/","og_site_name":"FertilityPort Prague","article_modified_time":"2021-07-25T17:01:09+00:00","twitter_card":"summary_large_image","twitter_misc":{"Gesch\u00e4tzte Lesezeit":"1\u00a0Minute"},"schema":{"@context":"https:\/\/schema.org","@graph":[{"@type":"WebPage","@id":"https:\/\/fertilityport.com\/de\/kinderwunsch\/","url":"https:\/\/fertilityport.com\/de\/kinderwunsch\/","name":"Kinderswunsch | FertilityPort Prague","isPartOf":{"@id":"https:\/\/fertilityport.com\/#website"},"datePublished":"2020-03-14T17:58:15+00:00","dateModified":"2021-07-25T17:01:09+00:00","description":"Gemeinsam werden wir versuchen, die Ursache Ihrer Unfruchtbarkeit zu finden und die geeignete und wirksame Behandlung auszuw\u00e4hlen.","breadcrumb":{"@id":"https:\/\/fertilityport.com\/de\/kinderwunsch\/#breadcrumb"},"inLanguage":"de","potentialAction":[{"@type":"ReadAction","target":["https:\/\/fertilityport.com\/de\/kinderwunsch\/"]}]},{"@type":"BreadcrumbList","@id":"https:\/\/fertilityport.com\/de\/kinderwunsch\/#breadcrumb","itemListElement":[{"@type":"ListItem","position":1,"name":"Home","item":"https:\/\/fertilityport.com\/de\/"},{"@type":"ListItem","position":2,"name":"Kinderwunsch"}]},{"@type":"WebSite","@id":"https:\/\/fertilityport.com\/#website","url":"https:\/\/fertilityport.com\/","name":"FertilityPort Prague","description":"","potentialAction":[{"@type":"SearchAction","target":{"@type":"EntryPoint","urlTemplate":"https:\/\/fertilityport.com\/?s={search_term_string}"},"query-input":{"@type":"PropertyValueSpecification","valueRequired":true,"valueName":"search_term_string"}}],"inLanguage":"de"}]}},"_links":{"self":[{"href":"https:\/\/fertilityport.com\/de\/wp-json\/wp\/v2\/pages\/1011","targetHints":{"allow":["GET"]}}],"collection":[{"href":"https:\/\/fertilityport.com\/de\/wp-json\/wp\/v2\/pages"}],"about":[{"href":"https:\/\/fertilityport.com\/de\/wp-json\/wp\/v2\/types\/page"}],"author":[{"embeddable":true,"href":"https:\/\/fertilityport.com\/de\/wp-json\/wp\/v2\/users\/2"}],"replies":[{"embeddable":true,"href":"https:\/\/fertilityport.com\/de\/wp-json\/wp\/v2\/comments?post=1011"}],"version-history":[{"count":13,"href":"https:\/\/fertilityport.com\/de\/wp-json\/wp\/v2\/pages\/1011\/revisions"}],"predecessor-version":[{"id":4569,"href":"https:\/\/fertilityport.com\/de\/wp-json\/wp\/v2\/pages\/1011\/revisions\/4569"}],"wp:attachment":[{"href":"https:\/\/fertilityport.com\/de\/wp-json\/wp\/v2\/media?parent=1011"}],"curies":[{"name":"wp","href":"https:\/\/api.w.org\/{rel}","templated":true}]}}