{"id":1017,"date":"2020-03-14T19:01:53","date_gmt":"2020-03-14T18:01:53","guid":{"rendered":"https:\/\/fertilityport.vesmirnekure.cz\/?page_id=1017"},"modified":"2020-04-20T13:27:08","modified_gmt":"2020-04-20T11:27:08","slug":"spenden","status":"publish","type":"page","link":"https:\/\/fertilityport.com\/de\/spenden\/","title":{"rendered":"Spenden"},"content":{"rendered":"<p>[et_pb_section fb_built=&#8220;1&#8243; module_class=&#8220;welcome&#8211;page&#8220; _builder_version=&#8220;4.4.1&#8243; background_image=&#8220;https:\/\/fertilityport.com\/wp-content\/uploads\/2020\/03\/donate_head.jpg&#8220; custom_padding=&#8220;||90px|||&#8220;][et_pb_row column_structure=&#8220;3_5,2_5&#8243; _builder_version=&#8220;4.4.0&#8243;][et_pb_column type=&#8220;3_5&#8243; _builder_version=&#8220;4.4.0&#8243;][et_pb_text module_class=&#8220;c_blurb&#8220; _builder_version=&#8220;4.4.1&#8243; custom_padding=&#8220;||0px|||&#8220;]<\/p>\n<h1>Ich m\u00f6chte spenden<\/h1>\n<p>Bestellen Sie sich zu uns. Wir werden Ihnen gerne den ganzen Prozess f\u00fchren.<\/p>\n<p>[\/et_pb_text][\/et_pb_column][et_pb_column type=&#8220;2_5&#8243; _builder_version=&#8220;4.4.0&#8243;][\/et_pb_column][\/et_pb_row][\/et_pb_section][et_pb_section fb_built=&#8220;1&#8243; module_class=&#8220;section&#8211;pushtop&#8220; _builder_version=&#8220;4.4.0&#8243; custom_padding=&#8220;0px||29px|||&#8220;][et_pb_row column_structure=&#8220;1_4,1_4,1_4,1_4&#8243; make_equal=&#8220;on&#8220; _builder_version=&#8220;4.4.0&#8243; custom_padding=&#8220;||0px||false|false&#8220;][et_pb_column type=&#8220;1_4&#8243; _builder_version=&#8220;4.4.0&#8243;][et_pb_blurb title=&#8220;EIZELLSPENDE&#8220; url=&#8220;https:\/\/fertilityport.com\/de\/eizellen-spenden\/&#8220; image=&#8220;https:\/\/fertilityport.com\/wp-content\/uploads\/2020\/03\/woman_white.svg&#8220; module_class=&#8220;blurb&#8211;up&#8220; _builder_version=&#8220;4.4.1&#8243; header_level=&#8220;h2&#8243; text_orientation=&#8220;center&#8220; animation=&#8220;off&#8220;]<\/p>\n<p>ich m\u00f6chte helfen und die Eizelle spenden<\/p>\n<p>[\/et_pb_blurb][\/et_pb_column][et_pb_column type=&#8220;1_4&#8243; _builder_version=&#8220;4.4.0&#8243;][et_pb_blurb title=&#8220;SAMENSPENDE&#8220; url=&#8220;https:\/\/fertilityport.com\/de\/samenspende\/&#8220; image=&#8220;https:\/\/fertilityport.com\/wp-content\/uploads\/2020\/03\/man.svg&#8220; module_class=&#8220;blurb&#8211;up&#8220; _builder_version=&#8220;4.4.1&#8243; header_level=&#8220;h2&#8243; text_orientation=&#8220;center&#8220; animation=&#8220;off&#8220;]<\/p>\n<p>ich m\u00f6chte helfen und das Sperma spenden<\/p>\n<p>[\/et_pb_blurb][\/et_pb_column][et_pb_column type=&#8220;1_4&#8243; _builder_version=&#8220;4.4.0&#8243;][et_pb_blurb title=&#8220;FAQ&#8220; url=&#8220;https:\/\/fertilityport.com\/de\/eizellen-spenden\/#faq&#8220; image=&#8220;https:\/\/fertilityport.com\/wp-content\/uploads\/2020\/03\/sperm.svg&#8220; module_class=&#8220;blurb&#8211;up&#8220; _builder_version=&#8220;4.4.1&#8243; header_level=&#8220;h2&#8243; text_orientation=&#8220;center&#8220; animation=&#8220;off&#8220;]<\/p>\n<p>H\u00e4ufig gestellte Fragen zur Eizellspende<\/p>\n<p>[\/et_pb_blurb][\/et_pb_column][et_pb_column type=&#8220;1_4&#8243; _builder_version=&#8220;4.4.0&#8243;][\/et_pb_column][\/et_pb_row][\/et_pb_section]<\/p>\n","protected":false},"excerpt":{"rendered":"<p>Ich m\u00f6chte spenden Bestellen Sie sich zu uns. Wir werden Ihnen gerne den ganzen Prozess f\u00fchren.ich m\u00f6chte helfen und die Eizelle spendenich m\u00f6chte helfen und das Sperma spendenH\u00e4ufig gestellte Fragen zur Eizellspende<\/p>\n","protected":false},"author":2,"featured_media":0,"parent":0,"menu_order":0,"comment_status":"closed","ping_status":"closed","template":"","meta":{"_acf_changed":false,"_et_pb_use_builder":"on","_et_pb_old_content":"<p>[et_pb_section fb_built=\"1\" module_class=\"welcome--page\" _builder_version=\"4.4.0\" background_image=\"https:\/\/fertilityport.com\/wp-content\/uploads\/2020\/03\/donate_head.jpg\" custom_padding=\"||90px|||\"][et_pb_row column_structure=\"3_5,2_5\" _builder_version=\"4.4.0\"][et_pb_column type=\"3_5\" _builder_version=\"4.4.0\"][et_pb_text module_class=\"c_blurb\" _builder_version=\"4.4.0\"]<\/p><h1>I want to donate<\/h1><p>Make your appointment and we\u2019ll explain to you everything you need to know about the donation. We will be happy to assist you throughout the process. Often, ss a donor you will become the only hope fot infertile couples to start a family.<\/p><p>[\/et_pb_text][\/et_pb_column][et_pb_column type=\"2_5\" _builder_version=\"4.4.0\"][\/et_pb_column][\/et_pb_row][\/et_pb_section][et_pb_section fb_built=\"1\" module_class=\"section--pushtop\" _builder_version=\"4.4.0\" custom_padding=\"0px||29px|||\"][et_pb_row column_structure=\"1_4,1_4,1_4,1_4\" make_equal=\"on\" _builder_version=\"4.4.0\" custom_padding=\"||0px||false|false\"][et_pb_column type=\"1_4\" _builder_version=\"4.4.0\"][et_pb_blurb title=\"BECOMING AN EGG DONOR\" url=\"https:\/\/fertilityport.com\/egg-donation\/\" image=\"https:\/\/fertilityport.com\/wp-content\/uploads\/2020\/03\/woman_white.svg\" module_class=\"blurb--up\" _builder_version=\"4.4.0\" header_level=\"h2\" text_orientation=\"center\" animation=\"off\"]I want to help and donate my eggs[\/et_pb_blurb][\/et_pb_column][et_pb_column type=\"1_4\" _builder_version=\"4.4.0\"][et_pb_blurb title=\"BECOMING A SPERM DONOR\" url=\"https:\/\/fertilityport.com\/sperm-donation\/\" image=\"https:\/\/fertilityport.com\/wp-content\/uploads\/2020\/03\/man.svg\" module_class=\"blurb--up\" _builder_version=\"4.4.0\" header_level=\"h2\" text_orientation=\"center\" animation=\"off\"]I want to help and donate my sperm[\/et_pb_blurb][\/et_pb_column][et_pb_column type=\"1_4\" _builder_version=\"4.4.0\"][et_pb_blurb title=\"FAQ\" url=\"https:\/\/fertilityport.com\/egg-donation\/#faq\" image=\"https:\/\/fertilityport.com\/wp-content\/uploads\/2020\/03\/sperm.svg\" module_class=\"blurb--up\" _builder_version=\"4.4.0\" header_level=\"h2\" text_orientation=\"center\" animation=\"off\" hover_enabled=\"0\"]Egg Donation FAQ[\/et_pb_blurb][\/et_pb_column][et_pb_column type=\"1_4\" _builder_version=\"4.4.0\"][\/et_pb_column][\/et_pb_row][\/et_pb_section]<\/p>","_et_gb_content_width":"","footnotes":""},"class_list":["post-1017","page","type-page","status-publish","hentry"],"acf":[],"yoast_head":"<!-- This site is optimized with the Yoast SEO plugin v27.3 - https:\/\/yoast.com\/product\/yoast-seo-wordpress\/ -->\n<title>Ich m\u00f6chte spenden | FertilityPort Prague<\/title>\n<meta name=\"description\" content=\"F\u00fcr einige Paare kann die Verwendung von gespendeten Zellen manchmal die einzige Chance sein, eine Familie zu gr\u00fcnden.\" \/>\n<meta name=\"robots\" content=\"index, follow, max-snippet:-1, max-image-preview:large, max-video-preview:-1\" \/>\n<link rel=\"canonical\" href=\"https:\/\/fertilityport.com\/i-want-to-donate\/\" \/>\n<meta property=\"og:locale\" content=\"de_DE\" \/>\n<meta property=\"og:type\" content=\"article\" \/>\n<meta property=\"og:title\" content=\"Ich m\u00f6chte spenden | FertilityPort Prague\" \/>\n<meta property=\"og:description\" content=\"F\u00fcr einige Paare kann die Verwendung von gespendeten Zellen manchmal die einzige Chance sein, eine Familie zu gr\u00fcnden.\" \/>\n<meta property=\"og:url\" content=\"https:\/\/fertilityport.com\/i-want-to-donate\/\" \/>\n<meta property=\"og:site_name\" content=\"FertilityPort Prague\" \/>\n<meta property=\"article:modified_time\" content=\"2020-04-20T11:27:08+00:00\" \/>\n<meta name=\"twitter:card\" content=\"summary_large_image\" \/>\n<meta name=\"twitter:label1\" content=\"Gesch\u00e4tzte Lesezeit\" \/>\n\t<meta name=\"twitter:data1\" content=\"1\u00a0Minute\" \/>\n<script type=\"application\/ld+json\" class=\"yoast-schema-graph\">{\"@context\":\"https:\\\/\\\/schema.org\",\"@graph\":[{\"@type\":\"WebPage\",\"@id\":\"https:\\\/\\\/fertilityport.com\\\/i-want-to-donate\\\/\",\"url\":\"https:\\\/\\\/fertilityport.com\\\/i-want-to-donate\\\/\",\"name\":\"Ich m\u00f6chte spenden | FertilityPort Prague\",\"isPartOf\":{\"@id\":\"https:\\\/\\\/fertilityport.com\\\/#website\"},\"datePublished\":\"2020-03-14T18:01:53+00:00\",\"dateModified\":\"2020-04-20T11:27:08+00:00\",\"description\":\"F\u00fcr einige Paare kann die Verwendung von gespendeten Zellen manchmal die einzige Chance sein, eine Familie zu gr\u00fcnden.\",\"breadcrumb\":{\"@id\":\"https:\\\/\\\/fertilityport.com\\\/i-want-to-donate\\\/#breadcrumb\"},\"inLanguage\":\"de\",\"potentialAction\":[{\"@type\":\"ReadAction\",\"target\":[\"https:\\\/\\\/fertilityport.com\\\/i-want-to-donate\\\/\"]}]},{\"@type\":\"BreadcrumbList\",\"@id\":\"https:\\\/\\\/fertilityport.com\\\/i-want-to-donate\\\/#breadcrumb\",\"itemListElement\":[{\"@type\":\"ListItem\",\"position\":1,\"name\":\"Home\",\"item\":\"https:\\\/\\\/fertilityport.com\\\/de\\\/\"},{\"@type\":\"ListItem\",\"position\":2,\"name\":\"Spenden\"}]},{\"@type\":\"WebSite\",\"@id\":\"https:\\\/\\\/fertilityport.com\\\/#website\",\"url\":\"https:\\\/\\\/fertilityport.com\\\/\",\"name\":\"FertilityPort Prague\",\"description\":\"\",\"potentialAction\":[{\"@type\":\"SearchAction\",\"target\":{\"@type\":\"EntryPoint\",\"urlTemplate\":\"https:\\\/\\\/fertilityport.com\\\/?s={search_term_string}\"},\"query-input\":{\"@type\":\"PropertyValueSpecification\",\"valueRequired\":true,\"valueName\":\"search_term_string\"}}],\"inLanguage\":\"de\"}]}<\/script>\n<!-- \/ Yoast SEO plugin. -->","yoast_head_json":{"title":"Ich m\u00f6chte spenden | FertilityPort Prague","description":"F\u00fcr einige Paare kann die Verwendung von gespendeten Zellen manchmal die einzige Chance sein, eine Familie zu gr\u00fcnden.","robots":{"index":"index","follow":"follow","max-snippet":"max-snippet:-1","max-image-preview":"max-image-preview:large","max-video-preview":"max-video-preview:-1"},"canonical":"https:\/\/fertilityport.com\/i-want-to-donate\/","og_locale":"de_DE","og_type":"article","og_title":"Ich m\u00f6chte spenden | FertilityPort Prague","og_description":"F\u00fcr einige Paare kann die Verwendung von gespendeten Zellen manchmal die einzige Chance sein, eine Familie zu gr\u00fcnden.","og_url":"https:\/\/fertilityport.com\/i-want-to-donate\/","og_site_name":"FertilityPort Prague","article_modified_time":"2020-04-20T11:27:08+00:00","twitter_card":"summary_large_image","twitter_misc":{"Gesch\u00e4tzte Lesezeit":"1\u00a0Minute"},"schema":{"@context":"https:\/\/schema.org","@graph":[{"@type":"WebPage","@id":"https:\/\/fertilityport.com\/i-want-to-donate\/","url":"https:\/\/fertilityport.com\/i-want-to-donate\/","name":"Ich m\u00f6chte spenden | FertilityPort Prague","isPartOf":{"@id":"https:\/\/fertilityport.com\/#website"},"datePublished":"2020-03-14T18:01:53+00:00","dateModified":"2020-04-20T11:27:08+00:00","description":"F\u00fcr einige Paare kann die Verwendung von gespendeten Zellen manchmal die einzige Chance sein, eine Familie zu gr\u00fcnden.","breadcrumb":{"@id":"https:\/\/fertilityport.com\/i-want-to-donate\/#breadcrumb"},"inLanguage":"de","potentialAction":[{"@type":"ReadAction","target":["https:\/\/fertilityport.com\/i-want-to-donate\/"]}]},{"@type":"BreadcrumbList","@id":"https:\/\/fertilityport.com\/i-want-to-donate\/#breadcrumb","itemListElement":[{"@type":"ListItem","position":1,"name":"Home","item":"https:\/\/fertilityport.com\/de\/"},{"@type":"ListItem","position":2,"name":"Spenden"}]},{"@type":"WebSite","@id":"https:\/\/fertilityport.com\/#website","url":"https:\/\/fertilityport.com\/","name":"FertilityPort Prague","description":"","potentialAction":[{"@type":"SearchAction","target":{"@type":"EntryPoint","urlTemplate":"https:\/\/fertilityport.com\/?s={search_term_string}"},"query-input":{"@type":"PropertyValueSpecification","valueRequired":true,"valueName":"search_term_string"}}],"inLanguage":"de"}]}},"_links":{"self":[{"href":"https:\/\/fertilityport.com\/de\/wp-json\/wp\/v2\/pages\/1017","targetHints":{"allow":["GET"]}}],"collection":[{"href":"https:\/\/fertilityport.com\/de\/wp-json\/wp\/v2\/pages"}],"about":[{"href":"https:\/\/fertilityport.com\/de\/wp-json\/wp\/v2\/types\/page"}],"author":[{"embeddable":true,"href":"https:\/\/fertilityport.com\/de\/wp-json\/wp\/v2\/users\/2"}],"replies":[{"embeddable":true,"href":"https:\/\/fertilityport.com\/de\/wp-json\/wp\/v2\/comments?post=1017"}],"version-history":[{"count":10,"href":"https:\/\/fertilityport.com\/de\/wp-json\/wp\/v2\/pages\/1017\/revisions"}],"predecessor-version":[{"id":2007,"href":"https:\/\/fertilityport.com\/de\/wp-json\/wp\/v2\/pages\/1017\/revisions\/2007"}],"wp:attachment":[{"href":"https:\/\/fertilityport.com\/de\/wp-json\/wp\/v2\/media?parent=1017"}],"curies":[{"name":"wp","href":"https:\/\/api.w.org\/{rel}","templated":true}]}}