{"id":1024,"date":"2020-03-14T19:04:30","date_gmt":"2020-03-14T18:04:30","guid":{"rendered":"https:\/\/fertilityport.vesmirnekure.cz\/?page_id=1024"},"modified":"2021-07-25T19:13:32","modified_gmt":"2021-07-25T17:13:32","slug":"unfruchtbarkeit-untersuchungs-und-behandlungsmoglichkeiten","status":"publish","type":"page","link":"https:\/\/fertilityport.com\/de\/unfruchtbarkeit-untersuchungs-und-behandlungsmoglichkeiten\/","title":{"rendered":"Unfruchtbarkeitsbehandlung"},"content":{"rendered":"<p>[et_pb_section fb_built=&#8220;1&#8243; module_class=&#8220;welcome&#8211;page&#8220; _builder_version=&#8220;4.4.1&#8243; background_image=&#8220;https:\/\/fertilityport.com\/wp-content\/uploads\/2020\/03\/lecba_neplodnosti_head.jpg&#8220;][et_pb_row column_structure=&#8220;2_3,1_3&#8243; _builder_version=&#8220;4.4.0&#8243;][et_pb_column type=&#8220;2_3&#8243; _builder_version=&#8220;4.4.0&#8243;][et_pb_text module_class=&#8220;c_blurb&#8220; _builder_version=&#8220;4.9.10&#8243; hover_enabled=&#8220;0&#8243; sticky_enabled=&#8220;0&#8243;]<\/p>\n<h1>Unfruchtbarkeit, Untersuchungs &#8211; und Behandlungsm\u00f6glichkeiten<\/h1>\n<p>Welche Untersuchungen muss man vor dem ersten Besuch erwarten? Erfahren Sie mehr \u00fcber die Behandlungsm\u00f6glichkeiten der Reproduktionsmedizin.<\/p>\n<p>[\/et_pb_text][\/et_pb_column][et_pb_column type=&#8220;1_3&#8243; _builder_version=&#8220;4.4.0&#8243;][\/et_pb_column][\/et_pb_row][\/et_pb_section][et_pb_section fb_built=&#8220;1&#8243; _builder_version=&#8220;4.4.0&#8243;][et_pb_row column_structure=&#8220;1_2,1_2&#8243; _builder_version=&#8220;4.4.0&#8243;][et_pb_column type=&#8220;1_2&#8243; _builder_version=&#8220;4.4.0&#8243;][et_pb_text module_class=&#8220;c_blurb&#8220; _builder_version=&#8220;4.9.4&#8243;]<\/p>\n<h2>Unfruchtbarkeit bei Frauen<\/h2>\n<p><strong>Komplexe, gyn\u00e4kologische Untersuchung<\/strong> inkl. Ultraschallkontrolle der Geb\u00e4rmutter und Eierst\u00f6cke, um die aktuelle Anzahl der Eizellen auf Grund des Alters festzustellen. Das Ultraschallbild kann Hinweise auf M\u00f6glichkeiten der Erfolgschancen vermitteln.<\/p>\n<p><strong>Laboruntersuchungen<\/strong> hilfen, die aktuelle Anzahl der Eizellen und den Gesamtzustand des K\u00f6rpers im Hinblick auf das zuk\u00fcnftige Kind und die Schwangerschaft zu bestimmen.<\/p>\n<p>[\/et_pb_text][\/et_pb_column][et_pb_column type=&#8220;1_2&#8243; _builder_version=&#8220;4.4.0&#8243;][et_pb_text module_class=&#8220;c_blurb&#8220; _builder_version=&#8220;4.9.4&#8243;]<\/p>\n<h2>Unfruchtbarkeit bei M\u00e4nnern<\/h2>\n<p><strong>Das Spermiogramm<\/strong> ist eine mikroskopische Untersuchung der Spermienqualit\u00e4t, bei der Anzahl, Beweglichkeit, Morphologie und Anteil lebendiger Spermien beurteilt werden. Die Untersuchung kann Ihnen helfen, Ihre Chancen auf eine Schwangerschaft zu bestimmen.<\/p>\n<p><strong><\/strong><\/p>\n<p>[\/et_pb_text][\/et_pb_column][\/et_pb_row][\/et_pb_section][et_pb_section fb_built=&#8220;1&#8243; _builder_version=&#8220;4.4.0&#8243; background_color=&#8220;#f7f7f7&#8243;][et_pb_row _builder_version=&#8220;4.4.0&#8243;][et_pb_column type=&#8220;4_4&#8243; _builder_version=&#8220;4.4.0&#8243;][et_pb_text module_class=&#8220;c_blurb&#8220; _builder_version=&#8220;4.9.4&#8243;]<\/p>\n<h2>IUI \u2013 Intrauterine Insemination<\/h2>\n<p>Eine der historisch \u00e4ltesten Methoden besteht in der Regel von der Follikelmetrie (Messung der Gr\u00f6\u00dfe des Follikels oder der Follikel) und der anschlie\u00dfenden Planung des Eingriffs &#8211; der Insemination selbst. Vor dem Eingriff injizieren Sie sich selbst eine Injektion, die wiederum den richtigen Zeitpunkt f\u00fcr die Reifung der Eizelle und ihre Freisetzung aus dem Follikel (Ovulation) sicherstellt. Die Eizelle wandert dann durch den Eileiter, wo es auf Spermien trifft, die wir nach der Verarbeitung im Labor in die Geb\u00e4rmutter applizieren. Dadurch haben Spermien einen k\u00fcrzeren Weg zur Eizelle.<\/p>\n<p>Voraussetzung f\u00fcr die Planung der Methode IUI, um den Erfolg zu steigern, ist ein best\u00e4tigtes Follikelwachstum (Ovulationszyklus) und ein normales Spermiogramm.<\/p>\n<p>[\/et_pb_text][et_pb_code _builder_version=&#8220;4.4.1&#8243;]<a class=\"btn btn--primary\" href=\"https:\/\/fertilityport.com\/de\/unfruchtbarkeitsbehandlung\/mehr-unfruchtbarkeitsbehandlung\/\">Mehr<\/a>[\/et_pb_code][\/et_pb_column][\/et_pb_row][et_pb_row _builder_version=&#8220;4.4.0&#8243;][et_pb_column type=&#8220;4_4&#8243; _builder_version=&#8220;4.4.0&#8243;][et_pb_text module_class=&#8220;c_blurb&#8220; _builder_version=&#8220;4.9.4&#8243;]<\/p>\n<h2>IVF\/ICSI mit eigenen Eizellen und Spermien<\/h2>\n<p>In vitro Fertilisierung, also IVF oder auch k\u00fcnstliche Befruchtung genannt, ist die Vereinigung von Eizellen und Samenzelle im Labor, also au\u00dferhalb des K\u00f6rpers. Im Vorfeld der IVF unterziehen sich die Frauen einer Hormonbehandlung. Auf diese Weise k\u00f6nnen mehrere Eizellen gleichzeitig gewonnen werden und die Chance auf eine erfolgreiche Befruchtung steigt. Erfolgt eine Befruchtung und entwickelt sich die befruchtete Zelle weiter, so wird der entstandene Embryo mit einem speziellen Katheter in die Geb\u00e4rmutter der Frau eingef\u00fchrt. Nistet er sich dort ein, dann ist die Frau schwanger und darf sich auf das lang ersehnte Wunschkind freuen.<\/p>\n<p>&nbsp;<\/p>\n<p>[\/et_pb_text][et_pb_code _builder_version=&#8220;4.4.1&#8243;]<a class=\"btn btn--primary\" href=\"https:\/\/fertilityport.com\/de\/unfruchtbarkeitsbehandlung\/mehr-unfruchtbarkeitsbehandlung\/#tab2\">Mehr<\/a>[\/et_pb_code][\/et_pb_column][\/et_pb_row][et_pb_row _builder_version=&#8220;4.4.0&#8243;][et_pb_column type=&#8220;4_4&#8243; _builder_version=&#8220;4.4.0&#8243;][et_pb_text module_class=&#8220;c_blurb&#8220; _builder_version=&#8220;4.9.4&#8243;]<\/p>\n<h2>IVF\/ICSI mit Eizellspende<\/h2>\n<p>Mit Hilfe der Eizellspende k\u00f6nnen Frauen schwanger werden, die ihre eigenen Eizellen aus verschiedenen Gr\u00fcnden nicht verwenden k\u00f6nnen. Die Eizellen der Spenderin werden mit dem Sperma des Partners oder teillweise mit Spendersamen befruchtet. Ein Paar Tage sp\u00e4ter werden ausgew\u00e4hlte Embryonen in die Geb\u00e4rmutter der Patientin \u00fcbertragen. So erm\u00f6glicht die Eizellspende das Wunder des Lebens bei Frauen, die sonst keine Kinder bekommen k\u00f6nnten. Dank der Verwendung gespendeter Eizellen ist die IVF Behandlung allgemein sehr erfolgreich und erm\u00f6glicht es, das Wunschbaby selbst zu geb\u00e4ren, Die Erfolgsquoten bewegen sich in unserer Kinderwunschklinik FertilityPort Prague zwischen 55 % und 75 %.<\/p>\n<p>[\/et_pb_text][et_pb_code _builder_version=&#8220;4.4.1&#8243;]<a class=\"btn btn--primary\" href=\"https:\/\/fertilityport.com\/de\/unfruchtbarkeitsbehandlung\/mehr-unfruchtbarkeitsbehandlung\/#tab3\">Mehr<\/a>[\/et_pb_code][\/et_pb_column][\/et_pb_row][et_pb_row _builder_version=&#8220;4.4.0&#8243;][et_pb_column type=&#8220;4_4&#8243; _builder_version=&#8220;4.4.0&#8243;][et_pb_text module_class=&#8220;c_blurb&#8220; _builder_version=&#8220;4.9.4&#8243;]<\/p>\n<h2>IVF\/ICSI mit gespendeten Eizellen und gespendeten Samen<\/h2>\n<p>K\u00fcnstliche Befruchtung mit gespendeten Eizellen und gespendeten Samen heisst auch Embryonenspende. Von einer Embryonenspende (oder Embryonenadoption) wird gesprochen, wenn in die Geb\u00e4rmutter der Frau ein gespendetes Embryo \u00fcbertragen wird. Paare ziehen sie in Erw\u00e4gung, wenn beide Partner unfruchtbar sind, die Frau jedoch eine Schwangerschaft austragen kann. Das Embryo stammt dann von einer gespendete Eizelle, welche mit dem Ziel einer Embryonenspende mit <a href=\"https:\/\/www.familienplanung.de\/service\/lexikon\/spendersamen\/\" target=\"_blank\" rel=\"noopener\">Spendersamen<\/a> befruchtet wird.<\/p>\n<p>[\/et_pb_text][et_pb_code _builder_version=&#8220;4.4.1&#8243;]<a class=\"btn btn--primary\" href=\"https:\/\/fertilityport.com\/de\/unfruchtbarkeitsbehandlung\/mehr-unfruchtbarkeitsbehandlung\/#tab4\">Mehr<\/a>[\/et_pb_code][\/et_pb_column][\/et_pb_row][et_pb_row _builder_version=&#8220;4.4.0&#8243;][et_pb_column type=&#8220;4_4&#8243; _builder_version=&#8220;4.4.0&#8243;][et_pb_text module_class=&#8220;c_blurb&#8220; _builder_version=&#8220;4.9.4&#8243;]<\/p>\n<h2>Gespendete und eingefrorene Embryonen<\/h2>\n<p>Von einer Embryonenspende (oder Embryonenadoption) wird gesprochen, wenn in die Geb\u00e4rmutter der Frau ein gespendetes Embryo \u00fcbertragen wird. Paare ziehen sie in Erw\u00e4gung, wenn beide Partner unfruchtbar sind, die Frau jedoch eine Schwangerschaft austragen kann. Das Embryo stammt dann von einer gespendete Eizelle, welche mit dem Ziel einer Embryonenspende mit <a href=\"https:\/\/www.familienplanung.de\/service\/lexikon\/spendersamen\/\" target=\"_blank\" rel=\"noopener\">Spendersamen<\/a> befruchtet wird. Vorteil von den eingefrorenen gespendeten Embryonen ist ein einfacherer Vorbereitungsprozess und keine Wartezeiten.<\/p>\n<p>Die k\u00fcnstliche Befruchtung mit eingefrorenen gespendeten Embryonen geh\u00f6rt zu den erfolgsreichsten Behandlungsm\u00f6glichkeiten der Reproduktionsmedizin.<\/p>\n<p>[\/et_pb_text][\/et_pb_column][\/et_pb_row][\/et_pb_section]<\/p>\n","protected":false},"excerpt":{"rendered":"<p>Unfruchtbarkeit, Untersuchungs &#8211; und Behandlungsm\u00f6glichkeiten Welche Untersuchungen muss man vor dem ersten Besuch erwarten? Erfahren Sie mehr \u00fcber die Behandlungsm\u00f6glichkeiten der Reproduktionsmedizin.Unfruchtbarkeit bei Frauen Komplexe, gyn\u00e4kologische Untersuchung inkl. Ultraschallkontrolle der Geb\u00e4rmutter und Eierst\u00f6cke, um die aktuelle Anzahl der Eizellen auf Grund des Alters festzustellen. Das Ultraschallbild kann Hinweise auf M\u00f6glichkeiten der Erfolgschancen vermitteln. Laboruntersuchungen hilfen, [&hellip;]<\/p>\n","protected":false},"author":2,"featured_media":0,"parent":0,"menu_order":0,"comment_status":"closed","ping_status":"closed","template":"","meta":{"_acf_changed":false,"_et_pb_use_builder":"on","_et_pb_old_content":"<p>[et_pb_section fb_built=\"1\" _builder_version=\"4.4.0\" background_image=\"https:\/\/fertilityport.com\/wp-content\/uploads\/2020\/03\/lecba_neplodnosti_head.jpg\"][et_pb_row column_structure=\"2_3,1_3\" _builder_version=\"4.4.0\"][et_pb_column type=\"2_3\" _builder_version=\"4.4.0\"][et_pb_text module_class=\"c_blurb\" _builder_version=\"4.4.0\"]<\/p><h1>Infertility treatment and examinations<\/h1><p>What examinations to expect during the first visit? Read more about methods of infertility treatment[\/et_pb_text][\/et_pb_column][et_pb_column type=\"1_3\" _builder_version=\"4.4.0\"][\/et_pb_column][\/et_pb_row][\/et_pb_section][et_pb_section fb_built=\"1\" _builder_version=\"4.4.0\"][et_pb_row column_structure=\"1_2,1_2\" _builder_version=\"4.4.0\"][et_pb_column type=\"1_2\" _builder_version=\"4.4.0\"][et_pb_text module_class=\"c_blurb\" _builder_version=\"4.4.0\"]<\/p><h2>I am a woman<\/h2><p><strong>Complex gynaecological examination<\/strong> including gynaecological sonography focused on current follicle (egg) supply with regard to the patient\u2019s age, the current state of the uterus and the overall conditions needed for successful pregnancy.<\/p><p><strong>Laboratory examination<\/strong> which helps specify the current egg supply and the overall condition of the body with regard to the expected baby and pregnancy.<\/p><p>[\/et_pb_text][\/et_pb_column][et_pb_column type=\"1_2\" _builder_version=\"4.4.0\"][et_pb_text module_class=\"c_blurb\" _builder_version=\"4.4.0\"]<\/p><h2>I am a woman<\/h2><p><strong>Spermiogram<\/strong> \u2013 this test determines the current quality of the ejaculate and therefore ascertains whether your chances of a successful conception are optimal or lower.<\/p><p><strong>DNA testing of sperm fragmentation<\/strong> \u2013 this test assesses the \u201clevel of readiness\u201d of the sperm to successfully impregnate an egg. It also gives us the percentage of damaged sperm which are not able to impregnate the egg.<\/p><p>[\/et_pb_text][\/et_pb_column][\/et_pb_row][\/et_pb_section][et_pb_section fb_built=\"1\" _builder_version=\"4.4.0\" background_color=\"#f7f7f7\"][et_pb_row _builder_version=\"4.4.0\"][et_pb_column type=\"4_4\" _builder_version=\"4.4.0\"][et_pb_text module_class=\"c_blurb\" _builder_version=\"4.4.0\"]<\/p><h2>IUI \u2013 Intrauterine Insemination<\/h2><p>This method is one of the oldest and it involves a sonographical folliculometry check (measurement of the size of the follicle\/s) and then planning the treatment \u2013 the insemination itself. Before the treatment you give yourself an injection which in turn ensures the correct timing of the maturing of the egg and its releasing from the follicle (ovulation). The egg then goes through the Fallopian tube, where it meets the sperm which are applied after laboratory processing into the uterus. This makes sure that the sperm\u2019s way to the egg is shorter.<\/p><p>The planning of this method cannot be performed unless follicle growth (ovulation cycle) and a standard spermiogram are confirmed.[\/et_pb_text][et_pb_code _builder_version=\"4.4.0\"]<a class=\"btn btn--primary\" href=\"https:\/\/fertilityport.com\/infertility-treatment\/how-it-works\/\">Read more<\/a>[\/et_pb_code][\/et_pb_column][\/et_pb_row][et_pb_row _builder_version=\"4.4.0\"][et_pb_column type=\"4_4\" _builder_version=\"4.4.0\"][et_pb_text module_class=\"c_blurb\" _builder_version=\"4.4.0\"]<\/p><h2>IVF\/ICSI with the couple\u2019s own eggs and sperm<\/h2><p>When using this method the woman gives herself regular hormone injections which should ensure maturing of a larger number of eggs in one menstrual cycle. The woman attends sonography examinations which check the follicle growth and after the last sonography examination the egg collection is planned, usually in general anaesthesia (for your own comfort and safety).<\/p><p>You complete the whole procedure within one menstrual cycle \u2013 you give yourself the injections for about 8-12 days, the embryo transfer is planned for a date 3-5 days after the collection of your eggs.<\/p><p>Fertilisation of the eggs is done by the IVF or ICSI method. When using IVF both the sperm and the eggs are left on the dish and then they are left to the miracle of their merging until the next day. The ICSI method involves a cleaned, checked, mature egg, which is fertilised under the microscope with one selected quality sperm. This sperm is introduced directly into the egg using micromanipulation. This method has proven to be more successful in comparison to IVF.[\/et_pb_text][et_pb_code _builder_version=\"4.4.0\" hover_enabled=\"0\"]<a class=\"btn btn--primary\" href=\"https:\/\/fertilityport.com\/infertility-treatment\/how-it-works\/#tab2\">Read more<\/a>[\/et_pb_code][\/et_pb_column][\/et_pb_row][et_pb_row _builder_version=\"4.4.0\"][et_pb_column type=\"4_4\" _builder_version=\"4.4.0\"][et_pb_text module_class=\"c_blurb\" _builder_version=\"4.4.0\"]<\/p><h2>IVF\/ICSI with donated eggs and the couple\u2019s own sperm<\/h2><p>If the woman\u2019s number or quality of sperm is significantly lower, it is necessary to obtain an egg from a donor, namely a healthy young woman of optimum fertility. The whole procedure consists of harmonizing your menstrual cycle with that of the donor. The donor stimulates and after a certain time her eggs are collected. In the meantime you are preparing yourself for the introduction of the embryos created from the donor\u2019s eggs and your partner\u2019s or husband\u2019s sperm.<\/p><p>The fertilisation is performed using ICSI. The donor\u2019s eggs are used.[\/et_pb_text][et_pb_code _builder_version=\"4.4.0\" hover_enabled=\"0\"]<a class=\"btn btn--primary\" href=\"https:\/\/fertilityport.com\/infertility-treatment\/how-it-works\/#tab3\">Read more<\/a>[\/et_pb_code][\/et_pb_column][\/et_pb_row][et_pb_row _builder_version=\"4.4.0\"][et_pb_column type=\"4_4\" _builder_version=\"4.4.0\"][et_pb_text module_class=\"c_blurb\" _builder_version=\"4.4.0\"]<\/p><h2>IVF\/ICSI with donated eggs and sperm<\/h2><p>In case neither of the two partners in the couple has optimum quality oocytes and spermatocytes it is necessary to obtain eggs from one donor and sperm from another. The female donor stimulates and after a certain time her eggs are collected. In the meantime you are preparing yourself for the introduction of the embryos created from the female donor\u2019s eggs and the male donor\u2019s sperm. The male donor is a healthy young man with an excellent quality spermiogram. The eggs are always fresh and the sperm is most cases frozen.<\/p><p>The fertilisation is performed using ICSI. The female donor\u2019s eggs and male donor\u2019s sperm are used.[\/et_pb_text][et_pb_code _builder_version=\"4.4.0\" hover_enabled=\"0\"]<a class=\"btn btn--primary\" href=\"https:\/\/fertilityport.com\/infertility-treatment\/how-it-works\/#tab4\">Read more<\/a>[\/et_pb_code][\/et_pb_column][\/et_pb_row][et_pb_row _builder_version=\"4.4.0\"][et_pb_column type=\"4_4\" _builder_version=\"4.4.0\"][et_pb_text module_class=\"c_blurb\" _builder_version=\"4.4.0\"]<\/p><h2>Donated frozen embryos<\/h2><p>In case neither of the partners in the couple has optimum quality oocytes and spermatocytes it is possible to plan the introduction of embryos onto your endometrium after it has been prepared for it. The advantage of this procedure is its simpler preparation and zero waiting time.[\/et_pb_text][\/et_pb_column][\/et_pb_row][\/et_pb_section]<\/p>","_et_gb_content_width":"","footnotes":""},"class_list":["post-1024","page","type-page","status-publish","hentry"],"acf":[],"yoast_head":"<!-- This site is optimized with the Yoast SEO plugin v27.2 - https:\/\/yoast.com\/product\/yoast-seo-wordpress\/ -->\n<title>Unfruchtbarkeitsbehandlung | FertilityPort Prague - Hier beginnt das Leben<\/title>\n<meta name=\"description\" content=\"Welche Untersuchungen k\u00f6nnen Sie bei Ihrem ersten Besuch erwarten? Lesen Sie mehr \u00fcber den Verlauf der Therapie.\" \/>\n<meta name=\"robots\" content=\"index, follow, max-snippet:-1, max-image-preview:large, max-video-preview:-1\" \/>\n<link rel=\"canonical\" href=\"https:\/\/fertilityport.com\/infertility-treatment\/\" \/>\n<meta property=\"og:locale\" content=\"de_DE\" \/>\n<meta property=\"og:type\" content=\"article\" \/>\n<meta property=\"og:title\" content=\"Unfruchtbarkeitsbehandlung | FertilityPort Prague - Hier beginnt das Leben\" \/>\n<meta property=\"og:description\" content=\"Welche Untersuchungen k\u00f6nnen Sie bei Ihrem ersten Besuch erwarten? Lesen Sie mehr \u00fcber den Verlauf der Therapie.\" \/>\n<meta property=\"og:url\" content=\"https:\/\/fertilityport.com\/infertility-treatment\/\" \/>\n<meta property=\"og:site_name\" content=\"FertilityPort Prague\" \/>\n<meta property=\"article:modified_time\" content=\"2021-07-25T17:13:32+00:00\" \/>\n<meta name=\"twitter:card\" content=\"summary_large_image\" \/>\n<meta name=\"twitter:label1\" content=\"Gesch\u00e4tzte Lesezeit\" \/>\n\t<meta name=\"twitter:data1\" content=\"3\u00a0Minuten\" \/>\n<script type=\"application\/ld+json\" class=\"yoast-schema-graph\">{\"@context\":\"https:\/\/schema.org\",\"@graph\":[{\"@type\":\"WebPage\",\"@id\":\"https:\/\/fertilityport.com\/infertility-treatment\/\",\"url\":\"https:\/\/fertilityport.com\/infertility-treatment\/\",\"name\":\"Unfruchtbarkeitsbehandlung | FertilityPort Prague - Hier beginnt das Leben\",\"isPartOf\":{\"@id\":\"https:\/\/fertilityport.com\/#website\"},\"datePublished\":\"2020-03-14T18:04:30+00:00\",\"dateModified\":\"2021-07-25T17:13:32+00:00\",\"description\":\"Welche Untersuchungen k\u00f6nnen Sie bei Ihrem ersten Besuch erwarten? Lesen Sie mehr \u00fcber den Verlauf der Therapie.\",\"breadcrumb\":{\"@id\":\"https:\/\/fertilityport.com\/infertility-treatment\/#breadcrumb\"},\"inLanguage\":\"de\",\"potentialAction\":[{\"@type\":\"ReadAction\",\"target\":[\"https:\/\/fertilityport.com\/infertility-treatment\/\"]}]},{\"@type\":\"BreadcrumbList\",\"@id\":\"https:\/\/fertilityport.com\/infertility-treatment\/#breadcrumb\",\"itemListElement\":[{\"@type\":\"ListItem\",\"position\":1,\"name\":\"Home\",\"item\":\"https:\/\/fertilityport.com\/de\/\"},{\"@type\":\"ListItem\",\"position\":2,\"name\":\"Unfruchtbarkeitsbehandlung\"}]},{\"@type\":\"WebSite\",\"@id\":\"https:\/\/fertilityport.com\/#website\",\"url\":\"https:\/\/fertilityport.com\/\",\"name\":\"FertilityPort Prague\",\"description\":\"\",\"potentialAction\":[{\"@type\":\"SearchAction\",\"target\":{\"@type\":\"EntryPoint\",\"urlTemplate\":\"https:\/\/fertilityport.com\/?s={search_term_string}\"},\"query-input\":{\"@type\":\"PropertyValueSpecification\",\"valueRequired\":true,\"valueName\":\"search_term_string\"}}],\"inLanguage\":\"de\"}]}<\/script>\n<!-- \/ Yoast SEO plugin. -->","yoast_head_json":{"title":"Unfruchtbarkeitsbehandlung | FertilityPort Prague - Hier beginnt das Leben","description":"Welche Untersuchungen k\u00f6nnen Sie bei Ihrem ersten Besuch erwarten? Lesen Sie mehr \u00fcber den Verlauf der Therapie.","robots":{"index":"index","follow":"follow","max-snippet":"max-snippet:-1","max-image-preview":"max-image-preview:large","max-video-preview":"max-video-preview:-1"},"canonical":"https:\/\/fertilityport.com\/infertility-treatment\/","og_locale":"de_DE","og_type":"article","og_title":"Unfruchtbarkeitsbehandlung | FertilityPort Prague - Hier beginnt das Leben","og_description":"Welche Untersuchungen k\u00f6nnen Sie bei Ihrem ersten Besuch erwarten? Lesen Sie mehr \u00fcber den Verlauf der Therapie.","og_url":"https:\/\/fertilityport.com\/infertility-treatment\/","og_site_name":"FertilityPort Prague","article_modified_time":"2021-07-25T17:13:32+00:00","twitter_card":"summary_large_image","twitter_misc":{"Gesch\u00e4tzte Lesezeit":"3\u00a0Minuten"},"schema":{"@context":"https:\/\/schema.org","@graph":[{"@type":"WebPage","@id":"https:\/\/fertilityport.com\/infertility-treatment\/","url":"https:\/\/fertilityport.com\/infertility-treatment\/","name":"Unfruchtbarkeitsbehandlung | FertilityPort Prague - Hier beginnt das Leben","isPartOf":{"@id":"https:\/\/fertilityport.com\/#website"},"datePublished":"2020-03-14T18:04:30+00:00","dateModified":"2021-07-25T17:13:32+00:00","description":"Welche Untersuchungen k\u00f6nnen Sie bei Ihrem ersten Besuch erwarten? Lesen Sie mehr \u00fcber den Verlauf der Therapie.","breadcrumb":{"@id":"https:\/\/fertilityport.com\/infertility-treatment\/#breadcrumb"},"inLanguage":"de","potentialAction":[{"@type":"ReadAction","target":["https:\/\/fertilityport.com\/infertility-treatment\/"]}]},{"@type":"BreadcrumbList","@id":"https:\/\/fertilityport.com\/infertility-treatment\/#breadcrumb","itemListElement":[{"@type":"ListItem","position":1,"name":"Home","item":"https:\/\/fertilityport.com\/de\/"},{"@type":"ListItem","position":2,"name":"Unfruchtbarkeitsbehandlung"}]},{"@type":"WebSite","@id":"https:\/\/fertilityport.com\/#website","url":"https:\/\/fertilityport.com\/","name":"FertilityPort Prague","description":"","potentialAction":[{"@type":"SearchAction","target":{"@type":"EntryPoint","urlTemplate":"https:\/\/fertilityport.com\/?s={search_term_string}"},"query-input":{"@type":"PropertyValueSpecification","valueRequired":true,"valueName":"search_term_string"}}],"inLanguage":"de"}]}},"_links":{"self":[{"href":"https:\/\/fertilityport.com\/de\/wp-json\/wp\/v2\/pages\/1024","targetHints":{"allow":["GET"]}}],"collection":[{"href":"https:\/\/fertilityport.com\/de\/wp-json\/wp\/v2\/pages"}],"about":[{"href":"https:\/\/fertilityport.com\/de\/wp-json\/wp\/v2\/types\/page"}],"author":[{"embeddable":true,"href":"https:\/\/fertilityport.com\/de\/wp-json\/wp\/v2\/users\/2"}],"replies":[{"embeddable":true,"href":"https:\/\/fertilityport.com\/de\/wp-json\/wp\/v2\/comments?post=1024"}],"version-history":[{"count":15,"href":"https:\/\/fertilityport.com\/de\/wp-json\/wp\/v2\/pages\/1024\/revisions"}],"predecessor-version":[{"id":4581,"href":"https:\/\/fertilityport.com\/de\/wp-json\/wp\/v2\/pages\/1024\/revisions\/4581"}],"wp:attachment":[{"href":"https:\/\/fertilityport.com\/de\/wp-json\/wp\/v2\/media?parent=1024"}],"curies":[{"name":"wp","href":"https:\/\/api.w.org\/{rel}","templated":true}]}}