{"id":1040,"date":"2020-03-14T19:14:33","date_gmt":"2020-03-14T18:14:33","guid":{"rendered":"https:\/\/fertilityport.vesmirnekure.cz\/?page_id=1040"},"modified":"2021-07-09T11:18:33","modified_gmt":"2021-07-09T09:18:33","slug":"methoden-und-techniken","status":"publish","type":"page","link":"https:\/\/fertilityport.com\/de\/methoden-und-techniken\/","title":{"rendered":"Methoden und techniken"},"content":{"rendered":"<p>[et_pb_section fb_built=&#8220;1&#8243; _builder_version=&#8220;4.4.0&#8243; background_color=&#8220;#e2e2e2&#8243; background_enable_image=&#8220;off&#8220;][et_pb_row column_structure=&#8220;2_3,1_3&#8243; _builder_version=&#8220;4.4.0&#8243;][et_pb_column type=&#8220;2_3&#8243; _builder_version=&#8220;4.4.0&#8243;][et_pb_text module_class=&#8220;c_blurb&#8220; _builder_version=&#8220;4.9.4&#8243;]<\/p>\n<h1>Methoden und Techniken<\/h1>\n<p>Wir gehen die Therapie sorgf\u00e4ltig und individuell an und benutzen die notwendigen IVF Methoden, die Ihrem Kinderwunsch beitragen und Ihre Erfolgschacen zur Schwangerschaft erh\u00f6hen k\u00f6nnen.<\/p>\n<p>[\/et_pb_text][\/et_pb_column][et_pb_column type=&#8220;1_3&#8243; _builder_version=&#8220;4.4.0&#8243;][\/et_pb_column][\/et_pb_row][\/et_pb_section][et_pb_section fb_built=&#8220;1&#8243; _builder_version=&#8220;4.4.0&#8243;][et_pb_row column_structure=&#8220;1_2,1_2&#8243; _builder_version=&#8220;4.4.0&#8243;][et_pb_column type=&#8220;1_2&#8243; _builder_version=&#8220;4.4.0&#8243;][et_pb_text module_class=&#8220;textv textv&#8211;rose&#8220; _builder_version=&#8220;4.9.4&#8243; animation_direction=&#8220;bottom&#8220;]<\/p>\n<h2>EmbryoScope +<\/h2>\n<p>Wenn Sie die besten Kultivierungsbedingungen f\u00fcr Ihre Embryonen haben m\u00f6chten, w\u00e4hlen Sie die Kultivierung im <strong>EmbryoScope +<\/strong>.<\/p>\n<p>F\u00fcr die erfolgreiche Entwicklung von Embryonen im Labor bis zum Blastozystenstadium ist die Stabilit\u00e4t der Bedingungen von gr\u00f6\u00dfter Bedeutung. Mit der Entwicklung neuer Technologien im Bereich IVF wird das alte System zur Kultivierung von Embryonen durch das Kultivieren im s.g. Time-Lapse-Monitoring ersetzt, das die Entwicklung von Embryonen (meistens bis zum Blastozysten) genau \u00fcberwacht und aufzeichnet, ohne dass die idealen Kultivierungsbedingungen des Inkubators entzogen werden m\u00fcssen.<\/p>\n<p>Unsere Kinderwunschklinik ist eine der ersten in Tschechien, die \u00fcber einen neuen <strong>EmbryoScope +<\/strong> verf\u00fcgt, dessen Kapazit\u00e4t im Vergleich zu den anderen Ger\u00e4ten des Time-Lapse-Monitorings bis zu doppelt so hoch ist. So sind wir in der Lage, die besten Kultivierungsbedingungen f\u00fcr die Embryonen aller unserer Patienten bereitzustellen. Dar\u00fcber hinaus ist <strong>EmbryoScope +<\/strong> f\u00fcr die getrennte Kultivierung ausgelegt. Jede Kulturschale mit einem einzigen Strichcode enth\u00e4lt Embryonen nur eines Kinderwunschpaares und ist von anderen Embryonen isoliert, so dass bei der Manipulation mit einer Schale die Embryonenkultivierung anderer Patienten im System nicht beeintr\u00e4chtigt wird. Dar\u00fcber hinaus haben unsere Embryologen aufgrund einer detaillierten Aufzeichnung der Embryoentwicklung gen\u00fcgend Zeit und Informationen, um den Embryo mit dem h\u00f6chsten Entwicklungs-und Einnistungschancen auszuw\u00e4hlen.<\/p>\n<p>&nbsp;<\/p>\n<p><iframe loading=\"lazy\" title=\"EmbryoScope Patient Information\" width=\"1080\" height=\"608\" src=\"https:\/\/www.youtube.com\/embed\/DJGLLYRaizg?feature=oembed\" frameborder=\"0\" allow=\"accelerometer; autoplay; encrypted-media; gyroscope; picture-in-picture\" allowfullscreen><\/iframe><\/p>\n<p>[\/et_pb_text][\/et_pb_column][et_pb_column type=&#8220;1_2&#8243; _builder_version=&#8220;4.4.0&#8243;][et_pb_text module_class=&#8220;textv textv&#8211;rose&#8220; _builder_version=&#8220;4.9.4&#8243; animation_direction=&#8220;bottom&#8220;]<\/p>\n<h2>Embryoglue<\/h2>\n<p>Beim Embryotransfer von befruchteten Eizellen verwenden wir ein spezielles Medium, s.g. <strong>EmbryoGlue\u00ae<\/strong>, welches nachweislich die Erfolgschancen der Einnistung, somit auch die Schwangerschaften und die Anzahl der Geburten erh\u00f6ht. EmbryoGlue ist ein Gewebekleber, der die Geb\u00e4rmutterumgebung w\u00e4hrend der nat\u00fcrlichen Einnistung des Blastozystes auf nat\u00fcrliche Weise nachahmt. Einfach ausgedr\u00fcckt &#8211; <strong>EmbryoGlue\u00ae<\/strong> hilft dabei, das befruchtete Eizelle gut an der Geb\u00e4rmutterwand zu befestigen. In der nat\u00fcrlichen Schwangerschaft steigt die Konzentration von Hyaluronan in der Geb\u00e4rmutter. F\u00fcr die assistierte Reproduktion ist es ratsam, diesen Stoff \u00b4\u00b4k\u00fcnstlich\u00b4\u00b4 beim Embryotransfer beizustellen. Hyaluronan verdickt auch die <strong>EmbryoGlue\u00ae<\/strong>-L\u00f6sung, die dann eine \u00e4hnliche Konsistenz wie die Uterusfl\u00fcssigkeit aufweist. Dies minimiert unerw\u00fcnschte Embryonenbewegungen in der Geb\u00e4rmutter.<\/p>\n<p>[\/et_pb_text][\/et_pb_column][\/et_pb_row][et_pb_row _builder_version=&#8220;4.4.0&#8243;][et_pb_column type=&#8220;4_4&#8243; _builder_version=&#8220;4.4.0&#8243;][et_pb_text module_class=&#8220;textv textv&#8211;grey&#8220; _builder_version=&#8220;4.9.4&#8243; animation_direction=&#8220;bottom&#8220;]<\/p>\n<h2>IVF Methoden zur Auswahl von besten Spermien<\/h2>\n<h3>a)\u00a0 PICSI (preselected intracytoplasmatic sperm injection)<\/h3>\n<p>Diese sog. Vorselektion ist eine modifizierte Befruchtungsmethode. Durch den Hyaluronan-Bindungstest werden Samen zuerst selektiert, bevor sie zur k\u00fcnstlichen Befruchtung verwendet werden, d. h. nur reife Samenzellen werden f\u00fcr die k\u00fcnstliche Befruchtung verwendet. Dadurch werden die Befruchtungsraten erh\u00f6ht.<\/p>\n<h3>b) MACS test<\/h3>\n<p>Auswahl der lebendigen Samenzellen mit unbesch\u00e4digter DNA durch magnetischen Nanoteilen. Dadurch wird sichergestellt, dass besch\u00e4digte Spermien zur k\u00fcnstlichen Befruchtung der Eizellen nicht benutzt werden.<\/p>\n<p>Spermien mit besch\u00e4digten DNA k\u00f6nnen zwar die Eizelle befruchten, dennoch die Entwicklung des Embryos kann nicht optimal verlaufen. Vom Aussehen ist die Besch\u00e4digung DNA bei Spermien nicht sichtbar. Auch unter dem Mikroskop bei mehrfachen Vergr\u00f6\u00dferung kann mann es vom Aussehen oder von den Eigenschaften der Spermien nicht feststellen.<\/p>\n<p>Dennoch MACS Methode kann Spermien, die besch\u00e4digte DNA beinhalten, entdecken. Dazu kann auch diese Spermien aussuchen und sie von den anderen trennen.<\/p>\n<p>Zur ICSI Befruchtung benutzen wir nach Aussortierung nur die Samenzellen mit intakter (nicht fragmentierter) DNA, d.h. Spermien, die deutlich h\u00f6here Chancen auf erfolgreiche Befruchtung der Eizellen und auf Entwicklung des Embryos und eigentlich auf der ganzen Schwangerschaft haben. <\/p>\n<h3>c) Microfluidic Sperm Sorting<\/h3>\n<p>Der FERTILE\u00ae Microfluidic Sperm Sorting Chip ist eine sehr schonende und Chemikalienfreie Methode der Spermiensortierung mit einem Einwegchip und erfordert keine vorherige Verarbeitung der Samenprobe oder Verwendung von Ger\u00e4ten,<\/p>\n<p>Die Spermienprobe wird in den Einlass pipettiert, wo die vorhandenen Spermien im Auslass aktiv gegen die Bewegung der Fl\u00fcssigkeit sowie durch die oben genannten Mikrobarrieren wandern m\u00fcssen. Ausgew\u00e4hlte Spermien haben eine bessere Morphologie, genetische Qualit\u00e4t und mehr als doppelte Lebensf\u00e4higkeit und Beweglichkeit als unsortierte Spermien.<\/p>\n<p>Die Verwendung der durch Microfludic Chips sortierten Samanezellen steigert nachweislich die Erfolgschancen. <\/p>\n<p>[\/et_pb_text][\/et_pb_column][\/et_pb_row][\/et_pb_section]<\/p>\n","protected":false},"excerpt":{"rendered":"<p>Methoden und Techniken Wir gehen die Therapie sorgf\u00e4ltig und individuell an und benutzen die notwendigen IVF Methoden, die Ihrem Kinderwunsch beitragen und Ihre Erfolgschacen zur Schwangerschaft erh\u00f6hen k\u00f6nnen.EmbryoScope + Wenn Sie die besten Kultivierungsbedingungen f\u00fcr Ihre Embryonen haben m\u00f6chten, w\u00e4hlen Sie die Kultivierung im EmbryoScope +. F\u00fcr die erfolgreiche Entwicklung von Embryonen im Labor bis [&hellip;]<\/p>\n","protected":false},"author":2,"featured_media":0,"parent":0,"menu_order":0,"comment_status":"closed","ping_status":"closed","template":"","meta":{"_acf_changed":false,"_et_pb_use_builder":"on","_et_pb_old_content":"<p>[et_pb_section fb_built=\"1\" _builder_version=\"4.4.0\" hover_enabled=\"0\" background_enable_image=\"off\" background_color=\"#e2e2e2\"][et_pb_row column_structure=\"2_3,1_3\" _builder_version=\"4.4.0\"][et_pb_column type=\"2_3\" _builder_version=\"4.4.0\"][et_pb_text module_class=\"c_blurb\" _builder_version=\"4.4.0\" hover_enabled=\"0\"]<\/p><h1>Methods and techniques<\/h1><p>We accept your wishes, approach the treatment with care and always want to choose only methods absolutely essential to the further outcome you seek.[\/et_pb_text][\/et_pb_column][et_pb_column type=\"1_3\" _builder_version=\"4.4.0\"][\/et_pb_column][\/et_pb_row][\/et_pb_section][et_pb_section fb_built=\"1\" _builder_version=\"4.4.0\"][et_pb_row _builder_version=\"4.4.0\" column_structure=\"1_2,1_2\"][et_pb_column _builder_version=\"4.4.0\" type=\"1_2\"][et_pb_text module_class=\"textv textv--rose\" _builder_version=\"4.4.0\" animation_style=\"slide\" animation_direction=\"bottom\" animation_intensity_slide=\"10%\" hover_enabled=\"0\"]<\/p><h2>Embryoscope Plus<\/h2><p>If you want to have the best cultivation conditions for your embryos, choose the cultivation in the\u00a0<strong>EmbryoScope +<\/strong>.<\/p><p>For the successful development of embryos in the laboratory, the stability of the conditions is of the most importance. With the development of new technologies, the old system of cultivation of embryos is replaced by cultivation in so-called time-lapse systems that closely monitor and record the development of embryos without the need to be removed from the ideal cultivation conditions of the incubator.<\/p><p>Our clinic is one of the first in the Czech Republic which have a new EmbryoScope + incubator, which has up to twice its capacity if compared to other time-lapse systems. So we are able to provide the best cultivation conditions for the embryos of all our patients. In addition, EmbryoScope + is designed for separate cultivation \u2013 each single-bar coded culture dish contains embryos of one couple and is isolated from another embryos so that when manipulating with one dish, embryo cultivation of other patients in the system is not impaired. In addition, a detailed record of embryo development allows our embryologists enough time and information to select the embryo with the highest development potential.<\/p><p>https:\/\/www.youtube.com\/watch?v=DJGLLYRaizg<\/p><p>[\/et_pb_text][\/et_pb_column][et_pb_column _builder_version=\"4.4.0\" type=\"1_2\"][et_pb_text module_class=\"textv textv--rose\" _builder_version=\"4.4.0\" animation_style=\"slide\" animation_direction=\"bottom\" animation_intensity_slide=\"10%\" hover_enabled=\"0\"]<\/p><h2>Embryoglue<\/h2><p>EmbryoGlue has the basic composition of a rich blastocyst culture medium and contains a high concentration of hyaluronan and recombinant human albumin. It is uniquely developed to mimic the conditions in the female uterus in order to help embryos implant after transfer.<\/p><p>Simply put \u2013 EmbryoGlue helps to glue the fertilized egg to the uterine wall. EmbryoGlue demonstrably increases chances of getting pregnant.<\/p><p>[\/et_pb_text][\/et_pb_column][\/et_pb_row][et_pb_row _builder_version=\"4.4.0\"][et_pb_column _builder_version=\"4.4.0\" type=\"4_4\"][et_pb_text module_class=\"textv textv--grey\" _builder_version=\"4.4.0\" animation_style=\"slide\" animation_direction=\"bottom\" animation_intensity_slide=\"10%\" hover_enabled=\"0\"]<\/p><h2>Selection methods of the \u201cbest sperm\u201d<\/h2><h3>a)\u00a0 PICSI (preselected intracytoplasmatic sperm injection)<\/h3><p>The so-called pre-selection method involves putting the sperm on a surface similar to the surface of the egg. They are observed and those with the greatest \u201cadherence to this surface\u201d are selected for fertilisation. Their fertilisation potential is considered to be the best.<\/p><h3>b) MACS test<\/h3><p>Selection of live sperm with undamaged DNA using magnetic nanoparticles. This method ensures that the damaged sperm is not used for fertilising the egg\/s.<\/p><p>Sperm with damaged DNA may be capable of fertilising the egg but the embryo development may not be quite optimal.\u00a0 The sperm DNA damage is not visible. It cannot be determined by the shape or properties of the sperm in the microscope even when high magnification is used.<\/p><p>However, the MACS method can discover sperm which contain such damaged DNA. What is more, it can select these sperm and separate them from the rest. We then use only the sperm with undamaged DNA for the fertilisation, or in other words sperm with a significantly higher chance of fertilising the egg, starting the embryotic development and the whole course of the pregnancy.<\/p><h3>c) Fertile Microfluidic Sperm Sorting Chip<\/h3><p>Chemical-free (does not require any previous processing of sperm sample or use of devices that increase oxidative stress in sperm) method of sorting sperm using a disposable chip.<\/p><p>The method is based on the principle of natural sperm selection in a passage through micro-barriers imitating natural environment of female reproductive system. Selected sperm cells have better morphology, genetic quality and more than double viability and motility than unsorted sperm.\u00a0<\/p><p>The sperm sample is pipetted into the inlet where the present sperm must actively migrate in the outlet against the movement of the fluid as well as through the above-mentioned micro-barriers. Sperm cells are sorted by separating healthy motile sperm in the outlet from poor-quality sperm captured in the duct.<\/p><p>[\/et_pb_text][\/et_pb_column][\/et_pb_row][\/et_pb_section]<\/p>","_et_gb_content_width":"","footnotes":""},"class_list":["post-1040","page","type-page","status-publish","hentry"],"acf":[],"yoast_head":"<!-- This site is optimized with the Yoast SEO plugin v27.2 - https:\/\/yoast.com\/product\/yoast-seo-wordpress\/ -->\n<title>Methoden und techniken | FertilityPort Prague<\/title>\n<meta name=\"description\" content=\"Wir gehen jede Therapie sorgf\u00e4ltig und individuell an und versuchen, nur die notwendigen Methoden auszuw\u00e4hlen, um das gew\u00fcnschte Ergebnis zu erzielen.\" \/>\n<meta name=\"robots\" content=\"index, follow, max-snippet:-1, max-image-preview:large, max-video-preview:-1\" \/>\n<link rel=\"canonical\" href=\"https:\/\/fertilityport.com\/methods-and-techniques\/\" \/>\n<meta property=\"og:locale\" content=\"de_DE\" \/>\n<meta property=\"og:type\" content=\"article\" \/>\n<meta property=\"og:title\" content=\"Methoden und techniken | FertilityPort Prague\" \/>\n<meta property=\"og:description\" content=\"Wir gehen jede Therapie sorgf\u00e4ltig und individuell an und versuchen, nur die notwendigen Methoden auszuw\u00e4hlen, um das gew\u00fcnschte Ergebnis zu erzielen.\" \/>\n<meta property=\"og:url\" content=\"https:\/\/fertilityport.com\/methods-and-techniques\/\" \/>\n<meta property=\"og:site_name\" content=\"FertilityPort Prague\" \/>\n<meta property=\"article:modified_time\" content=\"2021-07-09T09:18:33+00:00\" \/>\n<meta name=\"twitter:card\" content=\"summary_large_image\" \/>\n<meta name=\"twitter:label1\" content=\"Gesch\u00e4tzte Lesezeit\" \/>\n\t<meta name=\"twitter:data1\" content=\"4\u00a0Minuten\" \/>\n<script type=\"application\/ld+json\" class=\"yoast-schema-graph\">{\"@context\":\"https:\/\/schema.org\",\"@graph\":[{\"@type\":\"WebPage\",\"@id\":\"https:\/\/fertilityport.com\/methods-and-techniques\/\",\"url\":\"https:\/\/fertilityport.com\/methods-and-techniques\/\",\"name\":\"Methoden und techniken | FertilityPort Prague\",\"isPartOf\":{\"@id\":\"https:\/\/fertilityport.com\/#website\"},\"datePublished\":\"2020-03-14T18:14:33+00:00\",\"dateModified\":\"2021-07-09T09:18:33+00:00\",\"description\":\"Wir gehen jede Therapie sorgf\u00e4ltig und individuell an und versuchen, nur die notwendigen Methoden auszuw\u00e4hlen, um das gew\u00fcnschte Ergebnis zu erzielen.\",\"breadcrumb\":{\"@id\":\"https:\/\/fertilityport.com\/methods-and-techniques\/#breadcrumb\"},\"inLanguage\":\"de\",\"potentialAction\":[{\"@type\":\"ReadAction\",\"target\":[\"https:\/\/fertilityport.com\/methods-and-techniques\/\"]}]},{\"@type\":\"BreadcrumbList\",\"@id\":\"https:\/\/fertilityport.com\/methods-and-techniques\/#breadcrumb\",\"itemListElement\":[{\"@type\":\"ListItem\",\"position\":1,\"name\":\"Home\",\"item\":\"https:\/\/fertilityport.com\/de\/\"},{\"@type\":\"ListItem\",\"position\":2,\"name\":\"Methoden und techniken\"}]},{\"@type\":\"WebSite\",\"@id\":\"https:\/\/fertilityport.com\/#website\",\"url\":\"https:\/\/fertilityport.com\/\",\"name\":\"FertilityPort Prague\",\"description\":\"\",\"potentialAction\":[{\"@type\":\"SearchAction\",\"target\":{\"@type\":\"EntryPoint\",\"urlTemplate\":\"https:\/\/fertilityport.com\/?s={search_term_string}\"},\"query-input\":{\"@type\":\"PropertyValueSpecification\",\"valueRequired\":true,\"valueName\":\"search_term_string\"}}],\"inLanguage\":\"de\"}]}<\/script>\n<!-- \/ Yoast SEO plugin. -->","yoast_head_json":{"title":"Methoden und techniken | FertilityPort Prague","description":"Wir gehen jede Therapie sorgf\u00e4ltig und individuell an und versuchen, nur die notwendigen Methoden auszuw\u00e4hlen, um das gew\u00fcnschte Ergebnis zu erzielen.","robots":{"index":"index","follow":"follow","max-snippet":"max-snippet:-1","max-image-preview":"max-image-preview:large","max-video-preview":"max-video-preview:-1"},"canonical":"https:\/\/fertilityport.com\/methods-and-techniques\/","og_locale":"de_DE","og_type":"article","og_title":"Methoden und techniken | FertilityPort Prague","og_description":"Wir gehen jede Therapie sorgf\u00e4ltig und individuell an und versuchen, nur die notwendigen Methoden auszuw\u00e4hlen, um das gew\u00fcnschte Ergebnis zu erzielen.","og_url":"https:\/\/fertilityport.com\/methods-and-techniques\/","og_site_name":"FertilityPort Prague","article_modified_time":"2021-07-09T09:18:33+00:00","twitter_card":"summary_large_image","twitter_misc":{"Gesch\u00e4tzte Lesezeit":"4\u00a0Minuten"},"schema":{"@context":"https:\/\/schema.org","@graph":[{"@type":"WebPage","@id":"https:\/\/fertilityport.com\/methods-and-techniques\/","url":"https:\/\/fertilityport.com\/methods-and-techniques\/","name":"Methoden und techniken | FertilityPort Prague","isPartOf":{"@id":"https:\/\/fertilityport.com\/#website"},"datePublished":"2020-03-14T18:14:33+00:00","dateModified":"2021-07-09T09:18:33+00:00","description":"Wir gehen jede Therapie sorgf\u00e4ltig und individuell an und versuchen, nur die notwendigen Methoden auszuw\u00e4hlen, um das gew\u00fcnschte Ergebnis zu erzielen.","breadcrumb":{"@id":"https:\/\/fertilityport.com\/methods-and-techniques\/#breadcrumb"},"inLanguage":"de","potentialAction":[{"@type":"ReadAction","target":["https:\/\/fertilityport.com\/methods-and-techniques\/"]}]},{"@type":"BreadcrumbList","@id":"https:\/\/fertilityport.com\/methods-and-techniques\/#breadcrumb","itemListElement":[{"@type":"ListItem","position":1,"name":"Home","item":"https:\/\/fertilityport.com\/de\/"},{"@type":"ListItem","position":2,"name":"Methoden und techniken"}]},{"@type":"WebSite","@id":"https:\/\/fertilityport.com\/#website","url":"https:\/\/fertilityport.com\/","name":"FertilityPort Prague","description":"","potentialAction":[{"@type":"SearchAction","target":{"@type":"EntryPoint","urlTemplate":"https:\/\/fertilityport.com\/?s={search_term_string}"},"query-input":{"@type":"PropertyValueSpecification","valueRequired":true,"valueName":"search_term_string"}}],"inLanguage":"de"}]}},"_links":{"self":[{"href":"https:\/\/fertilityport.com\/de\/wp-json\/wp\/v2\/pages\/1040","targetHints":{"allow":["GET"]}}],"collection":[{"href":"https:\/\/fertilityport.com\/de\/wp-json\/wp\/v2\/pages"}],"about":[{"href":"https:\/\/fertilityport.com\/de\/wp-json\/wp\/v2\/types\/page"}],"author":[{"embeddable":true,"href":"https:\/\/fertilityport.com\/de\/wp-json\/wp\/v2\/users\/2"}],"replies":[{"embeddable":true,"href":"https:\/\/fertilityport.com\/de\/wp-json\/wp\/v2\/comments?post=1040"}],"version-history":[{"count":8,"href":"https:\/\/fertilityport.com\/de\/wp-json\/wp\/v2\/pages\/1040\/revisions"}],"predecessor-version":[{"id":4511,"href":"https:\/\/fertilityport.com\/de\/wp-json\/wp\/v2\/pages\/1040\/revisions\/4511"}],"wp:attachment":[{"href":"https:\/\/fertilityport.com\/de\/wp-json\/wp\/v2\/media?parent=1040"}],"curies":[{"name":"wp","href":"https:\/\/api.w.org\/{rel}","templated":true}]}}