{"id":1078,"date":"2020-03-14T19:25:43","date_gmt":"2020-03-14T18:25:43","guid":{"rendered":"https:\/\/fertilityport.vesmirnekure.cz\/?page_id=1078"},"modified":"2021-07-27T11:12:39","modified_gmt":"2021-07-27T09:12:39","slug":"die-haeufigsten-ursachen-der-unfruchtbarkeit","status":"publish","type":"page","link":"https:\/\/fertilityport.com\/de\/die-haeufigsten-ursachen-der-unfruchtbarkeit\/","title":{"rendered":"Ursachen der Unfruchtbarkeit"},"content":{"rendered":"<p>[et_pb_section fb_built=&#8220;1&#8243; _builder_version=&#8220;4.4.0&#8243; background_image=&#8220;https:\/\/fertilityport.com\/wp-content\/uploads\/2020\/03\/priciny_head_OK.jpg&#8220;][et_pb_row column_structure=&#8220;2_3,1_3&#8243; _builder_version=&#8220;4.4.0&#8243;][et_pb_column type=&#8220;2_3&#8243; _builder_version=&#8220;4.4.0&#8243;][et_pb_text module_class=&#8220;c_blurb&#8220; _builder_version=&#8220;4.9.4&#8243;]<\/p>\n<h1>Die h\u00e4ufigsten Ursachen der Unfruchtbarkeit<\/h1>\n<p>Bei den 40 % allen F\u00e4llen liegt die Ursache bei Frauen. Es handelt sich am meistens um zu niedrigen oder umgekehrt um zu hohen Vorrat der Eizellen, nicht ausreichend gereiften Eizellen (Anovulation) oder die Eileiter sind nicht durchg\u00e4ngig. Gleicher Anteil \u2013 40 % &#8211; liegt die Ursache bei den M\u00e4nnern. 20 % bilden die F\u00e4lle, in denen sich um eine Kombination von beiden Faktoren \u2013 Frauen und M\u00e4nnern handelt.<\/p>\n<p>[\/et_pb_text][et_pb_code _builder_version=&#8220;4.4.1&#8243;]<a class=\"btn btn--primary\" href=\"https:\/\/fertilityport.com\/de\/haeufig-gestellte-fragen\/\">FAQ<\/a>[\/et_pb_code][\/et_pb_column][et_pb_column type=&#8220;1_3&#8243; _builder_version=&#8220;4.4.0&#8243;][\/et_pb_column][\/et_pb_row][\/et_pb_section][et_pb_section fb_built=&#8220;1&#8243; _builder_version=&#8220;4.4.0&#8243;][et_pb_row column_structure=&#8220;1_2,1_2&#8243; _builder_version=&#8220;4.4.0&#8243;][et_pb_column type=&#8220;1_2&#8243; _builder_version=&#8220;4.4.0&#8243;][et_pb_video src=&#8220;https:\/\/www.youtube.com\/watch?v=cdXjpqZ5XQc&#038;feature=emb_title&#8220; _builder_version=&#8220;4.4.0&#8243; custom_margin=&#8220;||48px||false|false&#8220;][\/et_pb_video][et_pb_text module_class=&#8220;c_blurb c_blurb&#8211;causes&#8220; _builder_version=&#8220;4.9.4&#8243;]<\/p>\n<h2>M\u00e4nnliche Unfruchtbarkeit<br \/>(sog. Andrologischer Faktor)<\/h2>\n<p>es handelt sich um die F\u00e4lle, bei denen die Qualit\u00e4t der Spermien sehr niedrig ist oder wenn ihre Anzahl der notwendigen Quantit\u00e4t nicht entspricht, die f\u00fcr Befruchtung notwendig ist.<\/p>\n<p>Zu dieser Gruppe geh\u00f6rt auch ein versteckter andrologischer Faktor. Es handelt sich dabei um Patienten mit normalen Spermiogrammergebniss. Diese Spermien sehen und verhalten sich unter dem Mikroskop ganz normal, jedoch ihre Qualit\u00e4t ist sehr schlecht. Diese Ursache verlangt ausf\u00fchrliche Untersuchung mit der Zusammenarbeit zwischen Urologen und Sexuologen.<\/p>\n<p>[\/et_pb_text][et_pb_text module_class=&#8220;c_blurb c_blurb&#8211;causes&#8220; _builder_version=&#8220;4.9.4&#8243;]<\/p>\n<h2>Ovariale (Eierst\u00f6cke) Ursachen<\/h2>\n<p>das Alter der Frau ist der Hauptfaktor f\u00fcr die Wahrscheinlichkeit der nat\u00fcrlichen Befruchtung und auch f\u00fcr erfolgreiche Behandlungen, die zur Befruchtung au\u00dferhalb des K\u00f6rpers f\u00fchren sollten. Mit steigendem Alter sinkt der Vorrat der Eizellen und gleichzeitig sinkt deutlich ihre genetische Qualit\u00e4t \u2013 steigt das Risiko sog. Aneuploidie. Es ist nachgewiesen, dass diese Faktoren zu den wichtigsten Gr\u00fcnden der schnell sinkenden Unfruchtbarkeit bei Frauen im Alter von 33. bis 35. Jahren sind. Nicht nur die Anzahl der Eizellen sinkt, sondern auch ihre Qualit\u00e4t. Zu anderen ovarialen Gr\u00fcnden k\u00f6nnen wir auch die Ovulationsst\u00f6rungen, z. B. Polyzystische Ovarien, Autoimmun krankheiten, hohen Prolaktin Spiegel, Schilddr\u00fcsenst\u00f6rungen und weitere durch den negativen Umwelteinfluss verursachte Krankheiten oder genetische Faktoren eingliedern, die die Ursache f\u00fcr das Versagen der Eierst\u00f6cke sein k\u00f6nnen.<\/p>\n<p>[\/et_pb_text][et_pb_text module_class=&#8220;c_blurb c_blurb&#8211;causes&#8220; _builder_version=&#8220;4.9.4&#8243;]<\/p>\n<h2>Tubare Ursache<\/h2>\n<p>(bzw. genau gesagt Tuboperitoneale Ursache, Strukturver\u00e4nderung) \u2013 keine Eileiterdurchg\u00e4ngigkeit \u2013 in einseitiger Form (sog. relativer Tubare Faktor) oder beidseitige Form (sog. absolute Tubare -Faktor) sind die h\u00e4ufigsten Ursachen der Ver\u00e4nderungen nach der Entz\u00fcndung. Sie k\u00f6nnen auch Eigenschaften der Eileiter besch\u00e4digen \u2013 Motilit\u00e4t, Peristaltik, Sekretaktivit\u00e4t, selten treten noch eingeborene Eileiterdefekte auf.<\/p>\n<p>[\/et_pb_text][et_pb_text module_class=&#8220;c_blurb c_blurb&#8211;causes&#8220; _builder_version=&#8220;4.9.4&#8243;]<\/p>\n<h2>Uterine (Geb\u00e4rmutter) Ursache<\/h2>\n<p>eingeborene Entwicklungsdefekte im inneren Bereich der Genitalien, Myomen \u2013 vor allem die, die in der Geb\u00e4rmutterh\u00f6hle entstehen, Verwachsungen in der Geb\u00e4rmutterh\u00f6hle, die h\u00e4ufig nach der ausgedehnten Entz\u00fcndung die Geb\u00e4rmutterh\u00f6hle deformieren oder in die Geb\u00e4rmutter eingreifen oder nach den wiederholten operativen Eingriffen in der Geb\u00e4rmutter.<\/p>\n<p>[\/et_pb_text][\/et_pb_column][et_pb_column type=&#8220;1_2&#8243; _builder_version=&#8220;4.4.0&#8243;][et_pb_text module_class=&#8220;c_blurb c_blurb&#8211;causes&#8220; _builder_version=&#8220;4.9.4&#8243;]<\/p>\n<h2>Zervixfaktor Ursache<\/h2>\n<p>(bzw. im Geb\u00e4rmutterhals) es handelt sich um Situationen, wenn die Umgebung der Zervikalen Kanal (d.h. Geb\u00e4rmuttermund) nicht Durchg\u00e4ngig f\u00fcr Spermien ist oder sich in dieser Umgebung abnormale Menge der Spermiengegenstoffe bildet.<\/p>\n<p>[\/et_pb_text][et_pb_text module_class=&#8220;c_blurb c_blurb&#8211;causes&#8220; _builder_version=&#8220;4.9.4&#8243;]<\/p>\n<h2>Unfruchtbarkeit bei Endometriose<\/h2>\n<p>Anwesenheit der Endometriose Ablagerung oder (\u00e4hnliche Gewebe wie Geb\u00e4rmutterschleimhaut) veranlasst chronische Entz\u00fcndungen und direkt negativ wirkt an Befruchtungsprozesse \u2013 niedrigere Qualit\u00e4t der Eizellen, Beweglichkeit der Spermien, Schleimhautqualit\u00e4t<\/p>\n<p>[\/et_pb_text][et_pb_text module_class=&#8220;c_blurb c_blurb&#8211;causes&#8220; _builder_version=&#8220;4.9.4&#8243;]<\/p>\n<h2>Immunologisch bedingte Sterilit\u00e4t<\/h2>\n<p>ein durch Gegenstoffe entstehender Defekt oder erh\u00f6hte Aktivit\u00e4t der immunaktiven Zellen gegen Spermien, Eizellen oder Embryonen. Dieser Zustand verhindert eigene Befruchtung, Einnistung oder auch optimale Entwicklung der Embryonen.<\/p>\n<p>[\/et_pb_text][et_pb_text module_class=&#8220;c_blurb c_blurb&#8211;causes&#8220; _builder_version=&#8220;4.9.4&#8243;]<\/p>\n<h2>Idiopathische (unerkl\u00e4rbare) Ursache der Unfruchtbarkeit<\/h2>\n<p>mit allen zug\u00e4nglichen Methoden unerkl\u00e4rbare Ursache (nachdem der versteckte M\u00e4nnerfaktor und immunologisch bedingte Unfruchtbarkeit ausgeschlossen werden). Dieser Typ der Unfruchtbarkeit stellt ungef\u00e4hr 10 % von allen m\u00f6glichen Ursachen dar.<\/p>\n<p>[\/et_pb_text][et_pb_text module_class=&#8220;c_blurb c_blurb&#8211;causes&#8220; _builder_version=&#8220;4.9.4&#8243;]<\/p>\n<h2>Reproduktionsalter<\/h2>\n<p>(nicht nur bei der Mutter aber auch beim Vater) geh\u00f6rt zu den entscheidenden Faktoren, die die Paare bei Familienplanung ber\u00fccksichtigen sollten.<\/p>\n<p>[\/et_pb_text][\/et_pb_column][\/et_pb_row][\/et_pb_section]<\/p>\n","protected":false},"excerpt":{"rendered":"<p>Die h\u00e4ufigsten Ursachen der Unfruchtbarkeit Bei den 40 % allen F\u00e4llen liegt die Ursache bei Frauen. Es handelt sich am meistens um zu niedrigen oder umgekehrt um zu hohen Vorrat der Eizellen, nicht ausreichend gereiften Eizellen (Anovulation) oder die Eileiter sind nicht durchg\u00e4ngig. Gleicher Anteil \u2013 40 % &#8211; liegt die Ursache bei den M\u00e4nnern. [&hellip;]<\/p>\n","protected":false},"author":2,"featured_media":0,"parent":0,"menu_order":0,"comment_status":"closed","ping_status":"closed","template":"","meta":{"_acf_changed":false,"_et_pb_use_builder":"on","_et_pb_old_content":"<p>[et_pb_section fb_built=\"1\" _builder_version=\"4.4.0\" background_image=\"https:\/\/fertilityport.com\/wp-content\/uploads\/2020\/03\/priciny_head_OK.jpg\"][et_pb_row column_structure=\"2_3,1_3\" _builder_version=\"4.4.0\"][et_pb_column type=\"2_3\" _builder_version=\"4.4.0\"][et_pb_text module_class=\"c_blurb\" _builder_version=\"4.4.0\"]<\/p><h1>What are the most common causes of infertility?<\/h1><p>In approx. 40% of the cases the cause is in the female partner. It is most commonly a low or very high supply of eggs, eggs\u2019 failure to mature (anovulation) or ovarian obstruction. The same ratio \u2013 40% \u2013 is constituted by the causes in the male partner. 20% of the infertility causes are a combination of both factors \u2013 male and female.[\/et_pb_text][et_pb_code _builder_version=\"4.4.0\"]<a class=\"btn btn--primary\" href=\"https:\/\/fertilityport.com\/frequently-asked-questions\/\">FAQ<\/a>[\/et_pb_code][\/et_pb_column][et_pb_column type=\"1_3\" _builder_version=\"4.4.0\"][\/et_pb_column][\/et_pb_row][\/et_pb_section][et_pb_section fb_built=\"1\" _builder_version=\"4.4.0\"][et_pb_row column_structure=\"1_2,1_2\" _builder_version=\"4.4.0\"][et_pb_column type=\"1_2\" _builder_version=\"4.4.0\"][et_pb_video src=\"https:\/\/www.youtube.com\/watch?v=h_aMSWPMfHI\" _builder_version=\"4.4.0\" custom_margin=\"||48px||false|false\"][\/et_pb_video][et_pb_text module_class=\"c_blurb c_blurb--causes\" _builder_version=\"4.4.0\"]<\/p><h2>Cause in the male partner (andrological factor)<\/h2><p>sperm quality is too low or their number does not correspond to the quantity needed to conceive physiologically.<br \/>This group also includes the so-called hidden andralogical factor. This factor affects patients with a standard sperm test result \u2013 meaning that the sperm look normal and exhibit normal behaviour in the microscope, but their quality \u201cunder the surface\u201d is bad. This cause requires a detailed examination of the patient while consulting a urologist or sexologist.[\/et_pb_text][et_pb_text module_class=\"c_blurb c_blurb--causes\" _builder_version=\"4.4.0\"]<\/p><h2>Ovarian cause<\/h2><p>the female partner\u2019s age is the main factor influencing both the probability of natural pregnancy and the success of the treatment using IVF fertilisation. As the age of the female partner increases her egg supply decreases. This includes a substantial drop in their genetic quality \u2013 and an increasing risk of aneuploidy. It has been proven that this is the main reason why we see a rapid decrease of fertility in women when they reach the age of 33-35. It is not only the number of eggs which is decreasing but also their quality. Other ovarian causes include ovulation disorders connected e.g. with PCOS, autoimmune diseases, high levels of prolactin, irregularities in the function of the thyroid gland and the causes induced by the negative influence of the environment, or by genetic factors, which can be the cause of a result as serious as a total ovarian failure.[\/et_pb_text][et_pb_text module_class=\"c_blurb c_blurb--causes\" _builder_version=\"4.4.0\"]<\/p><h2>Tubar cause<\/h2><p>(or rather more accurately named today the Tubo-peritoneal cause) \u2013 ovarian obstruction \u2013 in its unilateral (relative tubo-peritoneal factor) or bilateral (absolute tubo-peritoneal factor); post-inflammatory changes are the most common cause. Other properties of the Fallopian tube may be damaged as well \u2013 its motility, peristaltic, secretion, or the rarely seen congenital Fallopian tube abnormalities.[\/et_pb_text][et_pb_text module_class=\"c_blurb c_blurb--causes\" _builder_version=\"4.4.0\"]<\/p><h2>Uterine (womb) cause<\/h2><p>congenital development abnormalities of the internal genitalia, myoma \u2013 especially those that deform the uterine cavity or protrude directly into the uterine cavity, fibroids inside the uterine cavity, which most commonly appear as a result of an extensive inflammation of the uterine cavity or repeated operations within the uterine cavity.[\/et_pb_text][\/et_pb_column][et_pb_column type=\"1_2\" _builder_version=\"4.4.0\"][et_pb_text module_class=\"c_blurb c_blurb--causes\" _builder_version=\"4.4.0\"]<\/p><h2>Infertility due to Endometriosis<\/h2><p>when the presence of a single case or multiple cases of endometriosis (tissue similar to uterine mucous membrane) induces chronical inflammatory changes and has a direct negative influence on the fertilisation processes \u2013 the egg quality is lower, as is sperm mobility and the quality of the mucous membrane.[\/et_pb_text][et_pb_text module_class=\"c_blurb c_blurb--causes\" _builder_version=\"4.4.0\"]<\/p><h2>Immunologically determined infertility<\/h2><p>a malfunction induced by the production of antibodies or the increased activity of the immunoactive cells against sperm, eggs or embryos. These states prevent the fertilisation itself, which is also true for hatching as well as the correct development of the embryo.[\/et_pb_text][et_pb_text module_class=\"c_blurb c_blurb--causes\" _builder_version=\"4.4.0\"]<\/p><h2>Idiopathic (unexplained) cause of infertility<\/h2><p>when the cause cannot be determined by any examination method available (after excluding the hidden andralogical factor and immunologically determined infertility), this type of infertility constitutes about 10% out of all possible causes.[\/et_pb_text][et_pb_text module_class=\"c_blurb c_blurb--causes\" _builder_version=\"4.4.0\"]<\/p><h2>Reproduction age<\/h2><p>(of not just the mother, but also the father) is one of the significant factors which the couples should take into consideration when planning their families.[\/et_pb_text][\/et_pb_column][\/et_pb_row][\/et_pb_section]<\/p>","_et_gb_content_width":"","footnotes":""},"class_list":["post-1078","page","type-page","status-publish","hentry"],"acf":[],"yoast_head":"<!-- This site is optimized with the Yoast SEO plugin v27.5 - https:\/\/yoast.com\/product\/yoast-seo-wordpress\/ -->\n<title>Ursachen der Unfruchtbarkeit | FertilityPort Prague<\/title>\n<meta name=\"description\" content=\"Erfahren Sie mehr \u00fcber die h\u00e4ufigsten Ursachen f\u00fcr m\u00e4nnliche und Unfruchtbarkeit bei Frauen\" \/>\n<meta name=\"robots\" content=\"index, follow, max-snippet:-1, max-image-preview:large, max-video-preview:-1\" \/>\n<link rel=\"canonical\" href=\"https:\/\/fertilityport.com\/most-common-causes\/\" \/>\n<meta property=\"og:locale\" content=\"de_DE\" \/>\n<meta property=\"og:type\" content=\"article\" \/>\n<meta property=\"og:title\" content=\"Ursachen der Unfruchtbarkeit | FertilityPort Prague\" \/>\n<meta property=\"og:description\" content=\"Erfahren Sie mehr \u00fcber die h\u00e4ufigsten Ursachen f\u00fcr m\u00e4nnliche und Unfruchtbarkeit bei Frauen\" \/>\n<meta property=\"og:url\" content=\"https:\/\/fertilityport.com\/most-common-causes\/\" \/>\n<meta property=\"og:site_name\" content=\"FertilityPort Prague\" \/>\n<meta property=\"article:modified_time\" content=\"2021-07-27T09:12:39+00:00\" \/>\n<meta name=\"twitter:card\" content=\"summary_large_image\" \/>\n<meta name=\"twitter:label1\" content=\"Gesch\u00e4tzte Lesezeit\" \/>\n\t<meta name=\"twitter:data1\" content=\"4\u00a0Minuten\" \/>\n<script type=\"application\/ld+json\" class=\"yoast-schema-graph\">{\"@context\":\"https:\\\/\\\/schema.org\",\"@graph\":[{\"@type\":\"WebPage\",\"@id\":\"https:\\\/\\\/fertilityport.com\\\/most-common-causes\\\/\",\"url\":\"https:\\\/\\\/fertilityport.com\\\/most-common-causes\\\/\",\"name\":\"Ursachen der Unfruchtbarkeit | FertilityPort Prague\",\"isPartOf\":{\"@id\":\"https:\\\/\\\/fertilityport.com\\\/#website\"},\"datePublished\":\"2020-03-14T18:25:43+00:00\",\"dateModified\":\"2021-07-27T09:12:39+00:00\",\"description\":\"Erfahren Sie mehr \u00fcber die h\u00e4ufigsten Ursachen f\u00fcr m\u00e4nnliche und Unfruchtbarkeit bei Frauen\",\"breadcrumb\":{\"@id\":\"https:\\\/\\\/fertilityport.com\\\/most-common-causes\\\/#breadcrumb\"},\"inLanguage\":\"de\",\"potentialAction\":[{\"@type\":\"ReadAction\",\"target\":[\"https:\\\/\\\/fertilityport.com\\\/most-common-causes\\\/\"]}]},{\"@type\":\"BreadcrumbList\",\"@id\":\"https:\\\/\\\/fertilityport.com\\\/most-common-causes\\\/#breadcrumb\",\"itemListElement\":[{\"@type\":\"ListItem\",\"position\":1,\"name\":\"Home\",\"item\":\"https:\\\/\\\/fertilityport.com\\\/de\\\/\"},{\"@type\":\"ListItem\",\"position\":2,\"name\":\"Ursachen der Unfruchtbarkeit\"}]},{\"@type\":\"WebSite\",\"@id\":\"https:\\\/\\\/fertilityport.com\\\/#website\",\"url\":\"https:\\\/\\\/fertilityport.com\\\/\",\"name\":\"FertilityPort Prague\",\"description\":\"\",\"potentialAction\":[{\"@type\":\"SearchAction\",\"target\":{\"@type\":\"EntryPoint\",\"urlTemplate\":\"https:\\\/\\\/fertilityport.com\\\/?s={search_term_string}\"},\"query-input\":{\"@type\":\"PropertyValueSpecification\",\"valueRequired\":true,\"valueName\":\"search_term_string\"}}],\"inLanguage\":\"de\"}]}<\/script>\n<!-- \/ Yoast SEO plugin. -->","yoast_head_json":{"title":"Ursachen der Unfruchtbarkeit | FertilityPort Prague","description":"Erfahren Sie mehr \u00fcber die h\u00e4ufigsten Ursachen f\u00fcr m\u00e4nnliche und Unfruchtbarkeit bei Frauen","robots":{"index":"index","follow":"follow","max-snippet":"max-snippet:-1","max-image-preview":"max-image-preview:large","max-video-preview":"max-video-preview:-1"},"canonical":"https:\/\/fertilityport.com\/most-common-causes\/","og_locale":"de_DE","og_type":"article","og_title":"Ursachen der Unfruchtbarkeit | FertilityPort Prague","og_description":"Erfahren Sie mehr \u00fcber die h\u00e4ufigsten Ursachen f\u00fcr m\u00e4nnliche und Unfruchtbarkeit bei Frauen","og_url":"https:\/\/fertilityport.com\/most-common-causes\/","og_site_name":"FertilityPort Prague","article_modified_time":"2021-07-27T09:12:39+00:00","twitter_card":"summary_large_image","twitter_misc":{"Gesch\u00e4tzte Lesezeit":"4\u00a0Minuten"},"schema":{"@context":"https:\/\/schema.org","@graph":[{"@type":"WebPage","@id":"https:\/\/fertilityport.com\/most-common-causes\/","url":"https:\/\/fertilityport.com\/most-common-causes\/","name":"Ursachen der Unfruchtbarkeit | FertilityPort Prague","isPartOf":{"@id":"https:\/\/fertilityport.com\/#website"},"datePublished":"2020-03-14T18:25:43+00:00","dateModified":"2021-07-27T09:12:39+00:00","description":"Erfahren Sie mehr \u00fcber die h\u00e4ufigsten Ursachen f\u00fcr m\u00e4nnliche und Unfruchtbarkeit bei Frauen","breadcrumb":{"@id":"https:\/\/fertilityport.com\/most-common-causes\/#breadcrumb"},"inLanguage":"de","potentialAction":[{"@type":"ReadAction","target":["https:\/\/fertilityport.com\/most-common-causes\/"]}]},{"@type":"BreadcrumbList","@id":"https:\/\/fertilityport.com\/most-common-causes\/#breadcrumb","itemListElement":[{"@type":"ListItem","position":1,"name":"Home","item":"https:\/\/fertilityport.com\/de\/"},{"@type":"ListItem","position":2,"name":"Ursachen der Unfruchtbarkeit"}]},{"@type":"WebSite","@id":"https:\/\/fertilityport.com\/#website","url":"https:\/\/fertilityport.com\/","name":"FertilityPort Prague","description":"","potentialAction":[{"@type":"SearchAction","target":{"@type":"EntryPoint","urlTemplate":"https:\/\/fertilityport.com\/?s={search_term_string}"},"query-input":{"@type":"PropertyValueSpecification","valueRequired":true,"valueName":"search_term_string"}}],"inLanguage":"de"}]}},"_links":{"self":[{"href":"https:\/\/fertilityport.com\/de\/wp-json\/wp\/v2\/pages\/1078","targetHints":{"allow":["GET"]}}],"collection":[{"href":"https:\/\/fertilityport.com\/de\/wp-json\/wp\/v2\/pages"}],"about":[{"href":"https:\/\/fertilityport.com\/de\/wp-json\/wp\/v2\/types\/page"}],"author":[{"embeddable":true,"href":"https:\/\/fertilityport.com\/de\/wp-json\/wp\/v2\/users\/2"}],"replies":[{"embeddable":true,"href":"https:\/\/fertilityport.com\/de\/wp-json\/wp\/v2\/comments?post=1078"}],"version-history":[{"count":14,"href":"https:\/\/fertilityport.com\/de\/wp-json\/wp\/v2\/pages\/1078\/revisions"}],"predecessor-version":[{"id":4587,"href":"https:\/\/fertilityport.com\/de\/wp-json\/wp\/v2\/pages\/1078\/revisions\/4587"}],"wp:attachment":[{"href":"https:\/\/fertilityport.com\/de\/wp-json\/wp\/v2\/media?parent=1078"}],"curies":[{"name":"wp","href":"https:\/\/api.w.org\/{rel}","templated":true}]}}