{"id":1087,"date":"2020-03-14T19:29:50","date_gmt":"2020-03-14T18:29:50","guid":{"rendered":"https:\/\/fertilityport.vesmirnekure.cz\/?page_id=1087"},"modified":"2021-07-25T19:08:39","modified_gmt":"2021-07-25T17:08:39","slug":"ivf-blog","status":"publish","type":"page","link":"https:\/\/fertilityport.com\/de\/ivf-blog\/","title":{"rendered":"IVF Blog"},"content":{"rendered":"\n[et_pb_section fb_built=&#8220;1&#8243; module_class=&#8220;welcome&#8211;page&#8220; _builder_version=&#8220;4.4.1&#8243; background_image=&#8220;https:\/\/fertilityport.com\/wp-content\/uploads\/2020\/03\/co_je_noveho_head.jpg&#8220;][et_pb_row column_structure=&#8220;2_3,1_3&#8243; _builder_version=&#8220;4.4.0&#8243;][et_pb_column type=&#8220;2_3&#8243; _builder_version=&#8220;4.4.0&#8243;][et_pb_text module_class=&#8220;c_blurb&#8220; _builder_version=&#8220;4.4.0&#8243;]<h1>Blog<\/h1>\n<p>Wir bilden uns st\u00e4ndig weiter, neue Methoden zu entwickeln und auszuprobieren, die zu noch besseren Ergebnissen f\u00fchren k\u00f6nnen. Unsere \u00c4rzte nehmen an gyn\u00e4kologischen Kongressen im In und Ausland teil. Wir ver\u00f6ffentlichen, antworten in Online-Chats und setzen uns aktiv f\u00fcr das Bewusstsein f\u00fcr Unfruchtbarkeit ein. Wir sind f\u00fcr Ihnen da.<\/p>[\/et_pb_text][\/et_pb_column][et_pb_column type=&#8220;1_3&#8243; _builder_version=&#8220;4.4.0&#8243;][\/et_pb_column][\/et_pb_row][\/et_pb_section][et_pb_section fb_built=&#8220;1&#8243; _builder_version=&#8220;4.4.0&#8243;][et_pb_row module_class=&#8220;cblog&#8220; _builder_version=&#8220;4.4.0&#8243;][et_pb_column type=&#8220;4_4&#8243; _builder_version=&#8220;4.4.0&#8243;][et_pb_blog fullwidth=&#8220;off&#8220; show_more=&#8220;on&#8220; show_author=&#8220;off&#8220; show_date=&#8220;off&#8220; show_categories=&#8220;off&#8220; _builder_version=&#8220;4.4.0&#8243;][\/et_pb_blog][\/et_pb_column][\/et_pb_row][\/et_pb_section]\n","protected":false},"excerpt":{"rendered":"<p>Blog Wir bilden uns st\u00e4ndig weiter, neue Methoden zu entwickeln und auszuprobieren, die zu noch besseren Ergebnissen f\u00fchren k\u00f6nnen. Unsere \u00c4rzte nehmen an gyn\u00e4kologischen Kongressen im In und Ausland teil. Wir ver\u00f6ffentlichen, antworten in Online-Chats und setzen uns aktiv f\u00fcr das Bewusstsein f\u00fcr Unfruchtbarkeit ein. Wir sind f\u00fcr Ihnen da.<\/p>\n","protected":false},"author":2,"featured_media":0,"parent":0,"menu_order":0,"comment_status":"closed","ping_status":"closed","template":"","meta":{"_acf_changed":false,"_et_pb_use_builder":"on","_et_pb_old_content":"<p>[et_pb_section fb_built=\"1\" _builder_version=\"4.4.0\" background_image=\"https:\/\/fertilityport.com\/wp-content\/uploads\/2020\/03\/co_je_noveho_head.jpg\"][et_pb_row column_structure=\"2_3,1_3\" _builder_version=\"4.4.0\"][et_pb_column type=\"2_3\" _builder_version=\"4.4.0\"][et_pb_text module_class=\"c_blurb\" _builder_version=\"4.4.0\"]<\/p><h1>News<\/h1><p>We are constantly trying to educate ourselves and try new methods that could help to even better results. Our doctors participate at gynecological congresses both in the Czech Republic and abroad. We publish, respond in online chats and actively engage in infertility awareness. We are here for you.[\/et_pb_text][\/et_pb_column][et_pb_column type=\"1_3\" _builder_version=\"4.4.0\"][\/et_pb_column][\/et_pb_row][\/et_pb_section][et_pb_section fb_built=\"1\" _builder_version=\"4.4.0\"][et_pb_row module_class=\"cblog\" _builder_version=\"4.4.0\"][et_pb_column type=\"4_4\" _builder_version=\"4.4.0\"][et_pb_blog fullwidth=\"off\" show_more=\"on\" show_author=\"off\" show_date=\"off\" show_categories=\"off\" _builder_version=\"4.4.0\"][\/et_pb_blog][\/et_pb_column][\/et_pb_row][\/et_pb_section]<\/p>","_et_gb_content_width":"","footnotes":""},"class_list":["post-1087","page","type-page","status-publish","hentry"],"acf":[],"yoast_head":"<!-- This site is optimized with the Yoast SEO plugin v27.5 - https:\/\/yoast.com\/product\/yoast-seo-wordpress\/ -->\n<title>Was ist neu? | FertilityPort Prague<\/title>\n<meta name=\"description\" content=\"Nachrichten, Updates, Ver\u00f6ffentlichungen, Interviews. Aktuelle Themen im Zusammenhang mit der Aufkl\u00e4rung \u00fcber Unfruchtbarkeit.\" \/>\n<meta name=\"robots\" content=\"index, follow, max-snippet:-1, max-image-preview:large, max-video-preview:-1\" \/>\n<link rel=\"canonical\" href=\"https:\/\/fertilityport.com\/news\/\" \/>\n<meta property=\"og:locale\" content=\"de_DE\" \/>\n<meta property=\"og:type\" content=\"article\" \/>\n<meta property=\"og:title\" content=\"Was ist neu? | FertilityPort Prague\" \/>\n<meta property=\"og:description\" content=\"Nachrichten, Updates, Ver\u00f6ffentlichungen, Interviews. Aktuelle Themen im Zusammenhang mit der Aufkl\u00e4rung \u00fcber Unfruchtbarkeit.\" \/>\n<meta property=\"og:url\" content=\"https:\/\/fertilityport.com\/news\/\" \/>\n<meta property=\"og:site_name\" content=\"FertilityPort Prague\" \/>\n<meta property=\"article:modified_time\" content=\"2021-07-25T17:08:39+00:00\" \/>\n<meta name=\"twitter:card\" content=\"summary_large_image\" \/>\n<meta name=\"twitter:label1\" content=\"Gesch\u00e4tzte Lesezeit\" \/>\n\t<meta name=\"twitter:data1\" content=\"1\u00a0Minute\" \/>\n<script type=\"application\/ld+json\" class=\"yoast-schema-graph\">{\"@context\":\"https:\\\/\\\/schema.org\",\"@graph\":[{\"@type\":\"WebPage\",\"@id\":\"https:\\\/\\\/fertilityport.com\\\/news\\\/\",\"url\":\"https:\\\/\\\/fertilityport.com\\\/news\\\/\",\"name\":\"Was ist neu? | FertilityPort Prague\",\"isPartOf\":{\"@id\":\"https:\\\/\\\/fertilityport.com\\\/#website\"},\"datePublished\":\"2020-03-14T18:29:50+00:00\",\"dateModified\":\"2021-07-25T17:08:39+00:00\",\"description\":\"Nachrichten, Updates, Ver\u00f6ffentlichungen, Interviews. Aktuelle Themen im Zusammenhang mit der Aufkl\u00e4rung \u00fcber Unfruchtbarkeit.\",\"breadcrumb\":{\"@id\":\"https:\\\/\\\/fertilityport.com\\\/news\\\/#breadcrumb\"},\"inLanguage\":\"de\",\"potentialAction\":[{\"@type\":\"ReadAction\",\"target\":[\"https:\\\/\\\/fertilityport.com\\\/news\\\/\"]}]},{\"@type\":\"BreadcrumbList\",\"@id\":\"https:\\\/\\\/fertilityport.com\\\/news\\\/#breadcrumb\",\"itemListElement\":[{\"@type\":\"ListItem\",\"position\":1,\"name\":\"Home\",\"item\":\"https:\\\/\\\/fertilityport.com\\\/de\\\/\"},{\"@type\":\"ListItem\",\"position\":2,\"name\":\"IVF Blog\"}]},{\"@type\":\"WebSite\",\"@id\":\"https:\\\/\\\/fertilityport.com\\\/#website\",\"url\":\"https:\\\/\\\/fertilityport.com\\\/\",\"name\":\"FertilityPort Prague\",\"description\":\"\",\"potentialAction\":[{\"@type\":\"SearchAction\",\"target\":{\"@type\":\"EntryPoint\",\"urlTemplate\":\"https:\\\/\\\/fertilityport.com\\\/?s={search_term_string}\"},\"query-input\":{\"@type\":\"PropertyValueSpecification\",\"valueRequired\":true,\"valueName\":\"search_term_string\"}}],\"inLanguage\":\"de\"}]}<\/script>\n<!-- \/ Yoast SEO plugin. -->","yoast_head_json":{"title":"Was ist neu? | FertilityPort Prague","description":"Nachrichten, Updates, Ver\u00f6ffentlichungen, Interviews. Aktuelle Themen im Zusammenhang mit der Aufkl\u00e4rung \u00fcber Unfruchtbarkeit.","robots":{"index":"index","follow":"follow","max-snippet":"max-snippet:-1","max-image-preview":"max-image-preview:large","max-video-preview":"max-video-preview:-1"},"canonical":"https:\/\/fertilityport.com\/news\/","og_locale":"de_DE","og_type":"article","og_title":"Was ist neu? | FertilityPort Prague","og_description":"Nachrichten, Updates, Ver\u00f6ffentlichungen, Interviews. Aktuelle Themen im Zusammenhang mit der Aufkl\u00e4rung \u00fcber Unfruchtbarkeit.","og_url":"https:\/\/fertilityport.com\/news\/","og_site_name":"FertilityPort Prague","article_modified_time":"2021-07-25T17:08:39+00:00","twitter_card":"summary_large_image","twitter_misc":{"Gesch\u00e4tzte Lesezeit":"1\u00a0Minute"},"schema":{"@context":"https:\/\/schema.org","@graph":[{"@type":"WebPage","@id":"https:\/\/fertilityport.com\/news\/","url":"https:\/\/fertilityport.com\/news\/","name":"Was ist neu? | FertilityPort Prague","isPartOf":{"@id":"https:\/\/fertilityport.com\/#website"},"datePublished":"2020-03-14T18:29:50+00:00","dateModified":"2021-07-25T17:08:39+00:00","description":"Nachrichten, Updates, Ver\u00f6ffentlichungen, Interviews. Aktuelle Themen im Zusammenhang mit der Aufkl\u00e4rung \u00fcber Unfruchtbarkeit.","breadcrumb":{"@id":"https:\/\/fertilityport.com\/news\/#breadcrumb"},"inLanguage":"de","potentialAction":[{"@type":"ReadAction","target":["https:\/\/fertilityport.com\/news\/"]}]},{"@type":"BreadcrumbList","@id":"https:\/\/fertilityport.com\/news\/#breadcrumb","itemListElement":[{"@type":"ListItem","position":1,"name":"Home","item":"https:\/\/fertilityport.com\/de\/"},{"@type":"ListItem","position":2,"name":"IVF Blog"}]},{"@type":"WebSite","@id":"https:\/\/fertilityport.com\/#website","url":"https:\/\/fertilityport.com\/","name":"FertilityPort Prague","description":"","potentialAction":[{"@type":"SearchAction","target":{"@type":"EntryPoint","urlTemplate":"https:\/\/fertilityport.com\/?s={search_term_string}"},"query-input":{"@type":"PropertyValueSpecification","valueRequired":true,"valueName":"search_term_string"}}],"inLanguage":"de"}]}},"_links":{"self":[{"href":"https:\/\/fertilityport.com\/de\/wp-json\/wp\/v2\/pages\/1087","targetHints":{"allow":["GET"]}}],"collection":[{"href":"https:\/\/fertilityport.com\/de\/wp-json\/wp\/v2\/pages"}],"about":[{"href":"https:\/\/fertilityport.com\/de\/wp-json\/wp\/v2\/types\/page"}],"author":[{"embeddable":true,"href":"https:\/\/fertilityport.com\/de\/wp-json\/wp\/v2\/users\/2"}],"replies":[{"embeddable":true,"href":"https:\/\/fertilityport.com\/de\/wp-json\/wp\/v2\/comments?post=1087"}],"version-history":[{"count":7,"href":"https:\/\/fertilityport.com\/de\/wp-json\/wp\/v2\/pages\/1087\/revisions"}],"predecessor-version":[{"id":4577,"href":"https:\/\/fertilityport.com\/de\/wp-json\/wp\/v2\/pages\/1087\/revisions\/4577"}],"wp:attachment":[{"href":"https:\/\/fertilityport.com\/de\/wp-json\/wp\/v2\/media?parent=1087"}],"curies":[{"name":"wp","href":"https:\/\/api.w.org\/{rel}","templated":true}]}}