{"id":1095,"date":"2020-03-14T19:31:41","date_gmt":"2020-03-14T18:31:41","guid":{"rendered":"https:\/\/fertilityport.vesmirnekure.cz\/?page_id=1095"},"modified":"2023-10-06T14:47:32","modified_gmt":"2023-10-06T12:47:32","slug":"krankenschwestern","status":"publish","type":"page","link":"https:\/\/fertilityport.com\/de\/krankenschwestern\/","title":{"rendered":"Krankenschwestern"},"content":{"rendered":"<p>[et_pb_section fb_built=&#8220;1&#8243; _builder_version=&#8220;4.16&#8243; background_color=&#8220;#e2e2e2&#8243; global_colors_info=&#8220;{}&#8220;][et_pb_row _builder_version=&#8220;4.16&#8243; global_colors_info=&#8220;{}&#8220;][et_pb_column type=&#8220;4_4&#8243; _builder_version=&#8220;4.16&#8243; global_colors_info=&#8220;{}&#8220;][et_pb_text module_class=&#8220;c_blurb&#8220; _builder_version=&#8220;4.16&#8243; global_colors_info=&#8220;{}&#8220;]<\/p>\n<h1>Krankenschwestern<\/h1>\n<p>[\/et_pb_text][\/et_pb_column][\/et_pb_row][\/et_pb_section][et_pb_section fb_built=&#8220;1&#8243; module_class=&#8220;aboutus&#8220; _builder_version=&#8220;4.16&#8243; global_colors_info=&#8220;{}&#8220;][et_pb_row column_structure=&#8220;1_4,3_4&#8243; _builder_version=&#8220;4.16&#8243; global_colors_info=&#8220;{}&#8220;][et_pb_column type=&#8220;1_4&#8243; _builder_version=&#8220;4.16&#8243; global_colors_info=&#8220;{}&#8220;][et_pb_image src=&#8220;https:\/\/fertilityport.com\/wp-content\/uploads\/2020\/03\/bc-dana-plhalova.jpeg&#8220; _builder_version=&#8220;4.16&#8243; global_colors_info=&#8220;{}&#8220;][\/et_pb_image][\/et_pb_column][et_pb_column type=&#8220;3_4&#8243; _builder_version=&#8220;4.16&#8243; global_colors_info=&#8220;{}&#8220;][et_pb_text module_class=&#8220;c_blurb&#8220; _builder_version=&#8220;4.16&#8243; global_colors_info=&#8220;{}&#8220;]<\/p>\n<h2>Bc. Dana Plhalov\u00e1<\/h2>\n<h3 class=\"h3\">Ausbildung und Spezialisierung:<\/h3>\n<p>Tom\u00e1\u0161 Ba\u0165a-Universit\u00e4t, Zl\u00edn, Fakult\u00e4t f\u00fcr Humanwissenschaften, Fach Assistentin in der Geburtshilfe<\/p>\n<ul>\n<li><strong>2009 \u2013 2010<\/strong> Geburtshilfe-Assistentin, Regionalkrankenhaus Tom\u00e1\u0161 Ba\u0165a, Zl\u00edn<\/li>\n<li><strong>2013 \u2013 2014<\/strong> Pflegerin Home Instead, Dublin, Irland<\/li>\n<li><strong>2014 \u2013 2015<\/strong>\u00a0IVF Cube<\/li>\n<li><strong>2015 \u2013 2017<\/strong>\u00a0Europe IVF<\/li>\n<\/ul>\n<h3>Sprachkenntnisse:<\/h3>\n<p>Englisch, Deutsch<\/p>\n<h3>Sprachzertifikate:<\/h3>\n<p>FCE B2, Englisch<\/p>\n<p>[\/et_pb_text][\/et_pb_column][\/et_pb_row][et_pb_row _builder_version=&#8220;4.16&#8243; global_colors_info=&#8220;{}&#8220;][et_pb_column type=&#8220;4_4&#8243; _builder_version=&#8220;4.16&#8243; global_colors_info=&#8220;{}&#8220;][et_pb_divider color=&#8220;#e2e2e2&#8243; _builder_version=&#8220;4.16&#8243; global_colors_info=&#8220;{}&#8220;][\/et_pb_divider][\/et_pb_column][\/et_pb_row][\/et_pb_section][et_pb_section fb_built=&#8220;1&#8243; _builder_version=&#8220;4.16&#8243; background_color=&#8220;#e2e2e2&#8243; global_colors_info=&#8220;{}&#8220;][et_pb_row _builder_version=&#8220;4.16&#8243; global_colors_info=&#8220;{}&#8220;][et_pb_column type=&#8220;4_4&#8243; _builder_version=&#8220;4.16&#8243; global_colors_info=&#8220;{}&#8220;][et_pb_text module_class=&#8220;c_blurb&#8220; _builder_version=&#8220;4.16&#8243; global_colors_info=&#8220;{}&#8220;]<\/p>\n<h1>Empfangsdame<\/h1>\n<p>[\/et_pb_text][\/et_pb_column][\/et_pb_row][\/et_pb_section][et_pb_section fb_built=&#8220;1&#8243; module_class=&#8220;aboutus&#8220; _builder_version=&#8220;4.16&#8243; global_colors_info=&#8220;{}&#8220;][\/et_pb_section]<\/p>\n","protected":false},"excerpt":{"rendered":"<p>KrankenschwesternBc. Dana Plhalov\u00e1 Ausbildung und Spezialisierung: Tom\u00e1\u0161 Ba\u0165a-Universit\u00e4t, Zl\u00edn, Fakult\u00e4t f\u00fcr Humanwissenschaften, Fach Assistentin in der Geburtshilfe 2009 \u2013 2010 Geburtshilfe-Assistentin, Regionalkrankenhaus Tom\u00e1\u0161 Ba\u0165a, Zl\u00edn 2013 \u2013 2014 Pflegerin Home Instead, Dublin, Irland 2014 \u2013 2015\u00a0IVF Cube 2015 \u2013 2017\u00a0Europe IVF Sprachkenntnisse: Englisch, Deutsch Sprachzertifikate: FCE B2, EnglischEmpfangsdame<\/p>\n","protected":false},"author":2,"featured_media":0,"parent":0,"menu_order":0,"comment_status":"closed","ping_status":"closed","template":"","meta":{"_acf_changed":false,"_et_pb_use_builder":"on","_et_pb_old_content":"[et_pb_section fb_built=\"1\" _builder_version=\"4.4.0\" hover_enabled=\"0\" background_color=\"#e2e2e2\"][et_pb_row _builder_version=\"4.4.0\"][et_pb_column type=\"4_4\" _builder_version=\"4.4.0\"][et_pb_text module_class=\"c_blurb\" _builder_version=\"4.4.0\"]\n<h1>Nurses<\/h1>\n[\/et_pb_text][\/et_pb_column][\/et_pb_row][\/et_pb_section][et_pb_section fb_built=\"1\" module_class=\"aboutus\" _builder_version=\"4.4.0\" hover_enabled=\"0\"][et_pb_row column_structure=\"1_4,3_4\" _builder_version=\"4.4.0\"][et_pb_column type=\"1_4\" _builder_version=\"4.4.0\"][et_pb_image src=\"https:\/\/fertilityport.com\/wp-content\/uploads\/2020\/03\/bc-petra-budkova.jpg\" module_class=\"about_img\" _builder_version=\"4.4.0\"][\/et_pb_image][\/et_pb_column][et_pb_column type=\"3_4\" _builder_version=\"4.4.0\"][et_pb_text module_class=\"c_blurb\" _builder_version=\"4.4.0\"]\n<h2>Bc. Petra Budkov\u00e1<\/h2>\n<h3>Education and specialization:<\/h3>\n<ul>\n \t<li><strong>1993<\/strong>&nbsp;Secondary Nursing School Bene\u0161ov \u2013 Nurse<\/li>\n \t<li><strong>1995<\/strong>&nbsp;Secondary Nursing School Praha \u2013 Midwife<\/li>\n \t<li><strong>2004<\/strong>&nbsp;Speciality \u2013 Midwife \u2013 Nursing practice in pathological states in Gynaecology and Obstetrics<\/li>\n \t<li><strong>2009<\/strong>&nbsp;Charles University in Prague, 3rd Faculty of Medicine \u2013 Health Sciences<\/li>\n<\/ul>\n<h3 class=\"h3\">Professional Experience:<\/h3>\n<ul>\n \t<li><strong>1993 \u2013 2017&nbsp;<\/strong>Gynaecological and Obstetrical Clinic of the 3rd Faculty of Medicine at Charles University and the Kr\u00e1lovsk\u00e9 Vinohrady University Hospital in Prague<\/li>\n<\/ul>\n<h3>Member of:<\/h3>\nCzech Association of Nurses\n\n[\/et_pb_text][\/et_pb_column][\/et_pb_row][et_pb_row _builder_version=\"4.4.0\"][et_pb_column _builder_version=\"4.4.0\" type=\"4_4\"][et_pb_divider _builder_version=\"4.4.0\" color=\"#e2e2e2\" hover_enabled=\"0\"][\/et_pb_divider][\/et_pb_column][\/et_pb_row][et_pb_row column_structure=\"1_4,3_4\" _builder_version=\"4.4.0\"][et_pb_column type=\"1_4\" _builder_version=\"4.4.0\"][et_pb_image src=\"https:\/\/fertilityport.com\/wp-content\/uploads\/2020\/03\/bc-dana-plhalova.jpeg\" _builder_version=\"4.4.0\"][\/et_pb_image][\/et_pb_column][et_pb_column type=\"3_4\" _builder_version=\"4.4.0\"][et_pb_text module_class=\"c_blurb\" _builder_version=\"4.4.0\"]\n<h2>Bc. Dana Plhalov\u00e1<\/h2>\n<h3 class=\"h3\">Education and specialization:<\/h3>\nTomas Bata University in Zl\u00edn, Faculty of Humanities, major: Midwife\n<h3 class=\"h3\">Professional Experience:<\/h3>\n<ul>\n \t<li><strong>2009 \u2013 2010<\/strong>&nbsp;Midwife, Tomas Bata Regional Hospital, Zl\u00edn<\/li>\n \t<li><strong>2013 \u2013 2014<\/strong>&nbsp;Nurse at Home Instead, Dublin, Ireland<\/li>\n \t<li><strong>2014 \u2013 2015<\/strong>&nbsp;IVF Cube<\/li>\n \t<li><strong>2015 \u2013 2017<\/strong>&nbsp;Europe IVF<\/li>\n<\/ul>\n<h3>Language Skills:<\/h3>\nEnglish, German\n<h3>Language Certificates:<\/h3>\nFCE B2\n\n[\/et_pb_text][\/et_pb_column][\/et_pb_row][et_pb_row _builder_version=\"4.4.0\"][et_pb_column _builder_version=\"4.4.0\" type=\"4_4\"][et_pb_divider _builder_version=\"4.4.0\" color=\"#e2e2e2\" hover_enabled=\"0\"][\/et_pb_divider][\/et_pb_column][\/et_pb_row][et_pb_row column_structure=\"1_4,3_4\" _builder_version=\"4.4.0\"][et_pb_column type=\"1_4\" _builder_version=\"4.4.0\"][et_pb_image src=\"https:\/\/fertilityport.com\/wp-content\/uploads\/2020\/03\/lenka-slavikova-dis.jpg\" _builder_version=\"4.4.0\"][\/et_pb_image][\/et_pb_column][et_pb_column type=\"3_4\" _builder_version=\"4.4.0\"][et_pb_text module_class=\"c_blurb\" _builder_version=\"4.4.0\"]\n<h2>Lenka Slav\u00edkov\u00e1, DiS<\/h2>\n<h3>Education and specialization:<\/h3>\n<ul>\n \t<li><strong>1994 \u2013 1998<\/strong>&nbsp;Secondary nursing school Praha 8 \u2013 n<\/li>\n \t<li><strong>1998 \u2013 2001<\/strong>&nbsp;Nursing college Praha 5 \u2013 midwife<\/li>\n<\/ul>\n<h3 class=\"h3\">Professional Experience:<\/h3>\n<ul>\n \t<li><strong>2001- 2015<\/strong>&nbsp;Gynaecological and Obstetrical Clinic of the 3rd Faculty of Medicine at Charles University and the Kr\u00e1lovsk\u00e9 Vinohrady University Hospital in Prague<\/li>\n \t<li><strong>2015 \u2013 2018<\/strong>&nbsp;Pronatal Kol\u00edn<\/li>\n \t<li><strong>2018<\/strong>&nbsp;FertilityPort Prague<\/li>\n<\/ul>\n<h3>Language Skills:<\/h3>\nEnglish\n\n[\/et_pb_text][\/et_pb_column][\/et_pb_row][\/et_pb_section]","_et_gb_content_width":"","footnotes":""},"class_list":["post-1095","page","type-page","status-publish","hentry"],"acf":[],"yoast_head":"<!-- This site is optimized with the Yoast SEO plugin v27.4 - https:\/\/yoast.com\/product\/yoast-seo-wordpress\/ -->\n<title>Unsere Krankenschwestern | FertilityPort Prague<\/title>\n<meta name=\"description\" content=\"Unsere Krankenschwestern \/ Geburtshelferinnen haben langj\u00e4hrige Erfahrung in der IVF\" \/>\n<meta name=\"robots\" content=\"index, follow, max-snippet:-1, max-image-preview:large, max-video-preview:-1\" \/>\n<link rel=\"canonical\" href=\"https:\/\/fertilityport.com\/nurses\/\" \/>\n<meta property=\"og:locale\" content=\"de_DE\" \/>\n<meta property=\"og:type\" content=\"article\" \/>\n<meta property=\"og:title\" content=\"Unsere Krankenschwestern | FertilityPort Prague\" \/>\n<meta property=\"og:description\" content=\"Unsere Krankenschwestern \/ Geburtshelferinnen haben langj\u00e4hrige Erfahrung in der IVF\" \/>\n<meta property=\"og:url\" content=\"https:\/\/fertilityport.com\/nurses\/\" \/>\n<meta property=\"og:site_name\" content=\"FertilityPort Prague\" \/>\n<meta property=\"article:modified_time\" content=\"2023-10-06T12:47:32+00:00\" \/>\n<meta name=\"twitter:card\" content=\"summary_large_image\" \/>\n<meta name=\"twitter:label1\" content=\"Gesch\u00e4tzte Lesezeit\" \/>\n\t<meta name=\"twitter:data1\" content=\"2\u00a0Minuten\" \/>\n<script type=\"application\/ld+json\" class=\"yoast-schema-graph\">{\"@context\":\"https:\\\/\\\/schema.org\",\"@graph\":[{\"@type\":\"WebPage\",\"@id\":\"https:\\\/\\\/fertilityport.com\\\/nurses\\\/\",\"url\":\"https:\\\/\\\/fertilityport.com\\\/nurses\\\/\",\"name\":\"Unsere Krankenschwestern | FertilityPort Prague\",\"isPartOf\":{\"@id\":\"https:\\\/\\\/fertilityport.com\\\/#website\"},\"datePublished\":\"2020-03-14T18:31:41+00:00\",\"dateModified\":\"2023-10-06T12:47:32+00:00\",\"description\":\"Unsere Krankenschwestern \\\/ Geburtshelferinnen haben langj\u00e4hrige Erfahrung in der IVF\",\"breadcrumb\":{\"@id\":\"https:\\\/\\\/fertilityport.com\\\/nurses\\\/#breadcrumb\"},\"inLanguage\":\"de\",\"potentialAction\":[{\"@type\":\"ReadAction\",\"target\":[\"https:\\\/\\\/fertilityport.com\\\/nurses\\\/\"]}]},{\"@type\":\"BreadcrumbList\",\"@id\":\"https:\\\/\\\/fertilityport.com\\\/nurses\\\/#breadcrumb\",\"itemListElement\":[{\"@type\":\"ListItem\",\"position\":1,\"name\":\"Home\",\"item\":\"https:\\\/\\\/fertilityport.com\\\/de\\\/\"},{\"@type\":\"ListItem\",\"position\":2,\"name\":\"Krankenschwestern\"}]},{\"@type\":\"WebSite\",\"@id\":\"https:\\\/\\\/fertilityport.com\\\/#website\",\"url\":\"https:\\\/\\\/fertilityport.com\\\/\",\"name\":\"FertilityPort Prague\",\"description\":\"\",\"potentialAction\":[{\"@type\":\"SearchAction\",\"target\":{\"@type\":\"EntryPoint\",\"urlTemplate\":\"https:\\\/\\\/fertilityport.com\\\/?s={search_term_string}\"},\"query-input\":{\"@type\":\"PropertyValueSpecification\",\"valueRequired\":true,\"valueName\":\"search_term_string\"}}],\"inLanguage\":\"de\"}]}<\/script>\n<!-- \/ Yoast SEO plugin. -->","yoast_head_json":{"title":"Unsere Krankenschwestern | FertilityPort Prague","description":"Unsere Krankenschwestern \/ Geburtshelferinnen haben langj\u00e4hrige Erfahrung in der IVF","robots":{"index":"index","follow":"follow","max-snippet":"max-snippet:-1","max-image-preview":"max-image-preview:large","max-video-preview":"max-video-preview:-1"},"canonical":"https:\/\/fertilityport.com\/nurses\/","og_locale":"de_DE","og_type":"article","og_title":"Unsere Krankenschwestern | FertilityPort Prague","og_description":"Unsere Krankenschwestern \/ Geburtshelferinnen haben langj\u00e4hrige Erfahrung in der IVF","og_url":"https:\/\/fertilityport.com\/nurses\/","og_site_name":"FertilityPort Prague","article_modified_time":"2023-10-06T12:47:32+00:00","twitter_card":"summary_large_image","twitter_misc":{"Gesch\u00e4tzte Lesezeit":"2\u00a0Minuten"},"schema":{"@context":"https:\/\/schema.org","@graph":[{"@type":"WebPage","@id":"https:\/\/fertilityport.com\/nurses\/","url":"https:\/\/fertilityport.com\/nurses\/","name":"Unsere Krankenschwestern | FertilityPort Prague","isPartOf":{"@id":"https:\/\/fertilityport.com\/#website"},"datePublished":"2020-03-14T18:31:41+00:00","dateModified":"2023-10-06T12:47:32+00:00","description":"Unsere Krankenschwestern \/ Geburtshelferinnen haben langj\u00e4hrige Erfahrung in der IVF","breadcrumb":{"@id":"https:\/\/fertilityport.com\/nurses\/#breadcrumb"},"inLanguage":"de","potentialAction":[{"@type":"ReadAction","target":["https:\/\/fertilityport.com\/nurses\/"]}]},{"@type":"BreadcrumbList","@id":"https:\/\/fertilityport.com\/nurses\/#breadcrumb","itemListElement":[{"@type":"ListItem","position":1,"name":"Home","item":"https:\/\/fertilityport.com\/de\/"},{"@type":"ListItem","position":2,"name":"Krankenschwestern"}]},{"@type":"WebSite","@id":"https:\/\/fertilityport.com\/#website","url":"https:\/\/fertilityport.com\/","name":"FertilityPort Prague","description":"","potentialAction":[{"@type":"SearchAction","target":{"@type":"EntryPoint","urlTemplate":"https:\/\/fertilityport.com\/?s={search_term_string}"},"query-input":{"@type":"PropertyValueSpecification","valueRequired":true,"valueName":"search_term_string"}}],"inLanguage":"de"}]}},"_links":{"self":[{"href":"https:\/\/fertilityport.com\/de\/wp-json\/wp\/v2\/pages\/1095","targetHints":{"allow":["GET"]}}],"collection":[{"href":"https:\/\/fertilityport.com\/de\/wp-json\/wp\/v2\/pages"}],"about":[{"href":"https:\/\/fertilityport.com\/de\/wp-json\/wp\/v2\/types\/page"}],"author":[{"embeddable":true,"href":"https:\/\/fertilityport.com\/de\/wp-json\/wp\/v2\/users\/2"}],"replies":[{"embeddable":true,"href":"https:\/\/fertilityport.com\/de\/wp-json\/wp\/v2\/comments?post=1095"}],"version-history":[{"count":14,"href":"https:\/\/fertilityport.com\/de\/wp-json\/wp\/v2\/pages\/1095\/revisions"}],"predecessor-version":[{"id":7559,"href":"https:\/\/fertilityport.com\/de\/wp-json\/wp\/v2\/pages\/1095\/revisions\/7559"}],"wp:attachment":[{"href":"https:\/\/fertilityport.com\/de\/wp-json\/wp\/v2\/media?parent=1095"}],"curies":[{"name":"wp","href":"https:\/\/api.w.org\/{rel}","templated":true}]}}