{"id":1109,"date":"2020-03-14T19:39:50","date_gmt":"2020-03-14T18:39:50","guid":{"rendered":"https:\/\/fertilityport.vesmirnekure.cz\/?page_id=1109"},"modified":"2025-04-14T13:41:46","modified_gmt":"2025-04-14T11:41:46","slug":"unsere-artzte","status":"publish","type":"page","link":"https:\/\/fertilityport.com\/de\/unsere-artzte\/","title":{"rendered":"Unsere \u00c4rtzte"},"content":{"rendered":"<p>[et_pb_section fb_built=&#8220;1&#8243; _builder_version=&#8220;4.16&#8243; background_color=&#8220;#e2e2e2&#8243; global_colors_info=&#8220;{}&#8220;][et_pb_row _builder_version=&#8220;4.16&#8243; global_colors_info=&#8220;{}&#8220;][et_pb_column type=&#8220;4_4&#8243; _builder_version=&#8220;4.16&#8243; global_colors_info=&#8220;{}&#8220;][et_pb_text module_class=&#8220;c_blurb&#8220; _builder_version=&#8220;4.16&#8243; global_colors_info=&#8220;{}&#8220;]<\/p>\n<h1>Unsere \u00c4rtzte<\/h1>\n<p>[\/et_pb_text][\/et_pb_column][\/et_pb_row][\/et_pb_section][et_pb_section fb_built=&#8220;1&#8243; module_class=&#8220;aboutus&#8220; _builder_version=&#8220;4.16&#8243; custom_padding=&#8220;||0px|||&#8220; global_colors_info=&#8220;{}&#8220;][et_pb_row column_structure=&#8220;1_4,3_4&#8243; _builder_version=&#8220;4.16&#8243; global_colors_info=&#8220;{}&#8220;][et_pb_column type=&#8220;1_4&#8243; _builder_version=&#8220;4.16&#8243; global_colors_info=&#8220;{}&#8220;][et_pb_image src=&#8220;https:\/\/fertilityport.com\/wp-content\/uploads\/2021\/09\/DSC08273-scaled-e1632993657791.jpg&#8220; alt=&#8220;MUDr. Lubo\u0161 Vl\u010dek&#8220; title_text=&#8220;MUDr. Lubo\u0161 Vl\u010dek&#8220; module_class=&#8220;about_img&#8220; _builder_version=&#8220;4.16&#8243; global_colors_info=&#8220;{}&#8220;][\/et_pb_image][\/et_pb_column][et_pb_column type=&#8220;3_4&#8243; _builder_version=&#8220;4.16&#8243; global_colors_info=&#8220;{}&#8220;][et_pb_text module_class=&#8220;c_blurb&#8220; _builder_version=&#8220;4.16&#8243; global_colors_info=&#8220;{}&#8220;]<\/p>\n<h2>MUDr. Lubo\u0161 Vl\u010dek<\/h2>\n<p style=\"text-align: justify;\">Dr. Lubo\u0161 Vl\u010dek ist seit 2021 Leiter unserer Klinik. Nach seinem Abschluss an der Ersten Medizinischen Fakult\u00e4t der Karls-Universit\u00e4t in Prag sammelte er sein Fachwissen an bedeutenden Arbeitspl\u00e4tzen nicht nur in der Tschechischen Republik, sondern auch im Ausland, insbesondere in Deutschland. Er arbeitete in der\u00a0 <strong>Klinik f\u00fcr Gyn\u00e4kologie und Geburtshilfe<\/strong> des Bezirkskrankenhauses Pardubice, am Heinrich-Braun Klinikum Zwickau, am Institut f\u00fcr Mutter und Kind, in der\u00a0 Klinik f\u00fcr Gyn\u00e4kologie und Geburtshilfe Nymburk und im Gynem in Prag. Er erhielt 2019 seine Zertifizierung in Reproduktionsmedizin und bildet sich st\u00e4ndig weiter und verfolgt die neuesten Trends auf diesem Gebiet, damit wir unter seiner Anleitung unseren Patienten die beste Betreuung bieten k\u00f6nnen. Der Beruf des Arztes erf\u00fcllt ihn sehr und er ist wirklich gl\u00fccklich mit seiner Entscheidung, Frauen im Bereich der reproduktiven Gesundheit zu helfen.\u00a0 Neben seiner Karriere widmet sich der Arzt seiner Familie, seinen Freunden und seinen Freizeitaktivit\u00e4ten, zu denen vor allem Radfahren und Schwimmen z\u00e4hlen. Mit seiner einf\u00fchlsamen Art und seinem Fachwissen tr\u00e4gt er ma\u00dfgeblich zur hohen Qualit\u00e4t der Betreuung im FertilityPort Prag bei.<\/p>\n<p>&nbsp;<\/p>\n<h3>Mitgliedschaft in Fachgesellschaften:<\/h3>\n<ul>\n<li>Tschechische \u00c4rztekammer<\/li>\n<li>Gesellschaft der Krankenhausgyn\u00e4kologen<\/li>\n<li>Gesellschaft der privaten Gyn\u00e4kologen<\/li>\n<li>Tschechische Medizinische Gesellschaft von Jan Evangelista Purkyn\u011b<\/li>\n<li>Tschechische Gesellschaft f\u00fcr Gyn\u00e4kologie und Geburtshilfe &#8211; Abteilung f\u00fcr assistierte Reproduktion<\/li>\n<li>Europ\u00e4ische Gesellschaft f\u00fcr Humanreproduktion und Embryologie (ESHRE)<\/li>\n<\/ul>\n<p>[\/et_pb_text][\/et_pb_column][\/et_pb_row][et_pb_row column_structure=&#8220;1_4,3_4&#8243; _builder_version=&#8220;4.16&#8243; global_colors_info=&#8220;{}&#8220;][et_pb_column type=&#8220;1_4&#8243; _builder_version=&#8220;4.16&#8243; global_colors_info=&#8220;{}&#8220;][et_pb_image src=&#8220;https:\/\/fertilityport.com\/wp-content\/uploads\/2021\/11\/petra-polaskova.png&#8220; title_text=&#8220;petra-polaskova&#8220; _builder_version=&#8220;4.16&#8243; global_colors_info=&#8220;{}&#8220;][\/et_pb_image][\/et_pb_column][et_pb_column type=&#8220;3_4&#8243; _builder_version=&#8220;4.16&#8243; global_colors_info=&#8220;{}&#8220;][et_pb_text module_class=&#8220;c_blurb&#8220; _builder_version=&#8220;4.16&#8243; global_colors_info=&#8220;{}&#8220;]<\/p>\n<h2>MUDr. Petra Pol\u00e1\u0161kov\u00e1<\/h2>\n<p style=\"text-align: justify;\">Dr. Petra Pol\u00e1\u0161kov\u00e1 arbeitet seit 2009 auf dem Gebiet der Reproduktionsmedizin. Nach ihrem Abschluss an der Ersten Medizinischen Fakult\u00e4t der Karls-Universit\u00e4t in Prag sammelte sie wertvolle Erfahrungen in renommierten Institutionen wie <strong>Klinik f\u00fcr Gyn\u00e4kologie und Geburtshilfe<\/strong> VFN, Europe IVF und Next Clinic\/Gest. Ihre Mission besteht darin, Paaren bei der Gr\u00fcndung und Erweiterung ihrer Familien zu helfen, was f\u00fcr sie eine Quelle gro\u00dfer Freude und Zufriedenheit ist. Privat genie\u00dft die \u00c4rztin die Harmonie zwischen Beruf und Familie. Sie sch\u00e4tzt ihre Freunde und besonders ihre Familie. Sie ist eine liebevolle Mutter von drei Kindern. Zu ihren Interessen z\u00e4hlen das Saunieren, das sie als Mittel zur Entspannung und Regeneration ansieht, und das Wandern, das sie mit der Natur und einem aktiven Lebensstil verbindet.<\/p>\n<p style=\"text-align: justify;\">\n<p style=\"text-align: justify;\">\n<p><span style=\"color: #b28994; font-size: 20px;\">Mitgliedschaft in Fachgesellschaften<\/span><\/p>\n<ul>\n<li>Tschechische \u00c4rztekammer<\/li>\n<li>Tschechische Gesellschaft f\u00fcr Gyn\u00e4kologie und Geburtshilfe \u2013 Abteilung f\u00fcr assistierte Reproduktion<\/li>\n<\/ul>\n<p>[\/et_pb_text][\/et_pb_column][\/et_pb_row][et_pb_row column_structure=&#8220;1_4,3_4&#8243; _builder_version=&#8220;4.16&#8243; global_colors_info=&#8220;{}&#8220;][et_pb_column type=&#8220;1_4&#8243; _builder_version=&#8220;4.16&#8243; global_colors_info=&#8220;{}&#8220;][et_pb_image src=&#8220;https:\/\/fertilityport.com\/wp-content\/uploads\/2022\/04\/3.png&#8220; title_text=&#8220;3&#8243; _builder_version=&#8220;4.16&#8243; global_colors_info=&#8220;{}&#8220;][\/et_pb_image][\/et_pb_column][et_pb_column type=&#8220;3_4&#8243; _builder_version=&#8220;4.16&#8243; global_colors_info=&#8220;{}&#8220;][et_pb_text module_class=&#8220;c_blurb&#8220; _builder_version=&#8220;4.16&#8243; global_colors_info=&#8220;{}&#8220;]<\/p>\n<h2>MUDr. Kate\u0159ina Kyselov\u00e1<\/h2>\n<h3>Ausbildung:<\/h3>\n<ul>\n<li><strong>1995<\/strong> Abschluss an der Fakult\u00e4t f\u00fcr Medizin und Zahnmedizin der Palacky-Universit\u00e4t in Olomouc<\/li>\n<li><strong>1998<\/strong> Zertifikat des ersten Grades in gyn\u00e4kologischen und geburtshilflichen Fachgebieten<\/li>\n<li><strong>2001<\/strong> Zertifikat der medizinischen Genetik Spezialit\u00e4t<\/li>\n<\/ul>\n<h3>Postgraduale Ausbildung, Kurse und Schulungen<\/h3>\n<ul>\n<li><strong>2003<\/strong> Kurs in fetaler Echokardiographie bei Motol Prag<\/li>\n<li><strong>2009<\/strong> Theoretischer Kurs \u201eUltraschalluntersuchung nach 11 \u2013 14 Wochen The Fetal Medicine Foundation (London) Abteilung f\u00fcr med. Genet. und Fetal Med. in Olm\u00fctz (Prof. K. Nicolaides, Prof. J. \u0160antav\u00fd)<\/li>\n<\/ul>\n<h3>Lizenzen und Zertifizierungen<\/h3>\n<ul>\n<li><strong>2001<\/strong> Lizenze in der Gyn\u00e4kologie und Geburtshilfe<\/li>\n<li><strong>2001<\/strong> Lizenze in der medizinischen Genetik<\/li>\n<li><strong>2007<\/strong> Facharzt f\u00fcr medizinische Genetik<\/li>\n<li><strong>2009<\/strong> Zertifizierung zum Screening der fetalen Echokardiographie<\/li>\n<li><strong>2011<\/strong> Zulassung als Chefarzt und Oberarzt in der Fachrichtung Medizinische Genetik<\/li>\n<li><strong>2003<\/strong> Zertifizierung zum Screening der fetalen Echokardiographie<\/li>\n<li><strong>2009<\/strong> Zertifizierung f\u00fcr Ultraschall-Screening in der 11. bis 14. Schwangerschaftswoche bei der Fetal Medical Foundation (London), Nackentransparenz- Messung(NT)<\/li>\n<\/ul>\n<h3>Erfahrungen<\/h3>\n<ul>\n<li><strong>1995\u20131998<\/strong> \u00c4rztin der Abteilung f\u00fcr Gyn\u00e4kologie und Geburtshilfe im Krankenhaus Fr\u00fddek-M\u00edstek<\/li>\n<li><strong>1997\u20132008<\/strong> Arzt der medizinischen Genetik Ambulanz im Gesundheitszentrum Poliklinika M\u00edstek s.r.o.<\/li>\n<li><strong>1998\u20132000<\/strong> Arzt am Zentrum f\u00fcr assistierte Reproduktion Fr\u00fddek-M\u00edstek, Dr. Konstantin \u010caplygin<\/li>\n<li><strong>1998\u20131999<\/strong> Arzt der privaten medizinischen Einrichtung GYN-PREN s.r.o.<\/li>\n<li><strong>1999\u20132005<\/strong> Prokurist an der privaten medizinischen Einrichtung GYN-PREN s.r.o.<\/li>\n<li><strong>Ab 2005<\/strong> \u2013 Arzt der privaten medizinischen Einrichtung GYN-PREN s.r.o.<\/li>\n<li><strong>2007\u20132014<\/strong> Arzt des Rettungswagens f\u00fcr medizinische Genetik im Krankenhaus Nov\u00fd Ji\u010d\u00edn, a.s.<\/li>\n<li><strong>2008\u20132014<\/strong> Fachreferent f\u00fcr medizinische Genetik Spezialit\u00e4t Chemila s.r.o.<\/li>\n<li><strong>Ab 2009<\/strong> \u2013 Fachreferent f\u00fcr medizinische Genetik \u2013 GYN-PREN s.r.o.<\/li>\n<li><strong>2011\u20132014<\/strong> Fachreferent f\u00fcr medizinische Genetik Laboratories Agel, a.s.<\/li>\n<li><strong>Ab 2014<\/strong> \u2013 Chefarzt am Zentrum f\u00fcr medizinische Genetik Fr\u00fddek-M\u00edstek, SPADIA LAB, a.s.<\/li>\n<li><strong>Ab 2018<\/strong> \u2013 externer Arzt im Zentrum f\u00fcr assistierte Reproduktion FertilityPort Prag<\/li>\n<\/ul>\n<h3>Mitgliedschaft in Fachgesellschaften<\/h3>\n<ul>\n<li>Tschechische medizinische Gesellschaft JEP<\/li>\n<li>Gesellschaft f\u00fcr Medizinische Genetik<\/li>\n<li>ASHG (Amerikanische Gesellschaft f\u00fcr Humangenetik)<\/li>\n<li>Tschechische Gesellschaft f\u00fcr Gyn\u00e4kologie und Geburtshilfe<\/li>\n<li>Sektion f\u00fcr fetale Medizin CGPS<\/li>\n<li>Sektion Ultraschalldiagnostik des CGPS<\/li>\n<\/ul>\n<p>[\/et_pb_text][\/et_pb_column][\/et_pb_row][\/et_pb_section]<\/p>\n","protected":false},"excerpt":{"rendered":"<p>Unsere \u00c4rtzteMUDr. Lubo\u0161 Vl\u010dek Dr. Lubo\u0161 Vl\u010dek ist seit 2021 Leiter unserer Klinik. Nach seinem Abschluss an der Ersten Medizinischen Fakult\u00e4t der Karls-Universit\u00e4t in Prag sammelte er sein Fachwissen an bedeutenden Arbeitspl\u00e4tzen nicht nur in der Tschechischen Republik, sondern auch im Ausland, insbesondere in Deutschland. Er arbeitete in der\u00a0 Klinik f\u00fcr Gyn\u00e4kologie und Geburtshilfe des [&hellip;]<\/p>\n","protected":false},"author":2,"featured_media":0,"parent":0,"menu_order":0,"comment_status":"closed","ping_status":"closed","template":"","meta":{"_acf_changed":false,"_et_pb_use_builder":"on","_et_pb_old_content":"<p>[et_pb_section fb_built=\"1\" _builder_version=\"4.4.0\" background_color=\"#e2e2e2\"][et_pb_row _builder_version=\"4.4.0\"][et_pb_column type=\"4_4\" _builder_version=\"4.4.0\"][et_pb_text module_class=\"c_blurb\" _builder_version=\"4.4.0\"]<\/p><h1>Our doctors<\/h1><p>[\/et_pb_text][\/et_pb_column][\/et_pb_row][\/et_pb_section][et_pb_section fb_built=\"1\" module_class=\"aboutus\" _builder_version=\"4.4.0\"][et_pb_row column_structure=\"1_4,3_4\" _builder_version=\"4.4.0\"][et_pb_column type=\"1_4\" _builder_version=\"4.4.0\"][et_pb_image src=\"https:\/\/fertilityport.com\/wp-content\/uploads\/2020\/03\/mudr-stepan-budka.jpg\" module_class=\"about_img\" _builder_version=\"4.4.0\"][\/et_pb_image][\/et_pb_column][et_pb_column type=\"3_4\" _builder_version=\"4.4.0\"][et_pb_text module_class=\"c_blurb\" _builder_version=\"4.4.0\"]<\/p><h2>MUDr. \u0160t\u011bp\u00e1n Budka<\/h2><h3>Education and specialization:<\/h3><ul><li><strong>1997<\/strong>\u00a0Secondary Nursing School, Dube\u010dsk\u00e1 900, Praha 10<\/li><li><strong>2003<\/strong>\u00a0Charles University Prague, 3rd Faculty of Medicine \u2013 General Medical Practice<\/li><li><strong>2009<\/strong>\u00a0Received specialised qualification in Gynaecology and Obstetrics<\/li><li><strong>2017<\/strong>\u00a0Received specialised qualification in Reproductive Medicine<\/li><li>Czech Medical Chamber licence for performance as Senior Doctor and Head Doctor in the area of Gynaecology and Obstetrics and for Assisted reproduction<\/li><\/ul><h3 class=\"h3\">Professional Experience:<\/h3><ul><li><strong>2003 \u2013 2007<\/strong>\u00a0Gynaecological and Obstetrical Clinic of the 3rd Faculty of Medicine at Charles University and the Kr\u00e1lovsk\u00e9 Vinohrady University Hospital in Prague<\/li><li><strong>2007 \u2013 present<\/strong>\u00a0Gynaecological and Obstetrical Department of the Thomayer Hospital in Prague<\/li><li><strong>2009 \u2013 2012<\/strong>\u00a0Gynaecological and Obstetrical Department of the City Hospital in Neratovice \u2013 Deputy Senior Doctor<\/li><li><strong>2012 \u2013 2015<\/strong>\u00a0IVF CUBE, Prague<\/li><li><strong>2015 \u2013 2018<\/strong>\u00a0PRONATAL, Praha, Head Doctor \u2013 Kol\u00edn branch<\/li><li><strong>od 2018<\/strong>\u00a0Fertility Port, Prague<\/li><\/ul><h3 class=\"h3\">Member of:<\/h3><ul><li>Czech Medical Chamber<\/li><li>Czech Medical Association of Jan Evangelista Purkyn\u011b<\/li><li>Czech Gynaecological and Obstetrical Association \u2013 Assisted Reproduction section<\/li><li>SNGP<\/li><li>ESHRE<\/li><li>SSK HardTask Rangers<\/li><li>LEX<\/li><\/ul><p>[\/et_pb_text][\/et_pb_column][\/et_pb_row][et_pb_row _builder_version=\"4.4.0\"][et_pb_column _builder_version=\"4.4.0\" type=\"4_4\"][et_pb_divider _builder_version=\"4.4.0\" color=\"#e2e2e2\" hover_enabled=\"0\"][\/et_pb_divider][\/et_pb_column][\/et_pb_row][et_pb_row column_structure=\"1_4,3_4\" _builder_version=\"4.4.0\"][et_pb_column type=\"1_4\" _builder_version=\"4.4.0\"][et_pb_image src=\"https:\/\/fertilityport.com\/wp-content\/uploads\/2020\/03\/mudr-jan-smrcina.jpg\" _builder_version=\"4.4.0\"][\/et_pb_image][\/et_pb_column][et_pb_column type=\"3_4\" _builder_version=\"4.4.0\"][et_pb_text module_class=\"c_blurb\" _builder_version=\"4.4.0\"]<\/p><h2>MUDr. Jan Smr\u010dina<\/h2><h3>Education and specialization:<\/h3><ul><li><strong>2008<\/strong>\u00a0Graduated from the Faculty of Medicine at Charles University in Prague.<\/li><li><strong>2015<\/strong>\u00a0Speciality in gynaecology and obstetrics.<\/li><\/ul><h3 class=\"h3\">Professional Experience:<\/h3><ul><li><strong>2009 \u2013 2015<\/strong>\u00a0Gynaecologist-obstetrician at the Thomayer Hospital in Prague<\/li><li><strong>2014 \u2013 2017<\/strong>\u00a0IVF CUBE Prague<\/li><li><strong>from 2017<\/strong>\u00a0FertilityPort, Prague<\/li><\/ul><p>[\/et_pb_text][\/et_pb_column][\/et_pb_row][et_pb_row _builder_version=\"4.4.0\"][et_pb_column _builder_version=\"4.4.0\" type=\"4_4\"][et_pb_divider _builder_version=\"4.4.0\" color=\"#e2e2e2\" hover_enabled=\"0\"][\/et_pb_divider][\/et_pb_column][\/et_pb_row][et_pb_row column_structure=\"1_4,3_4\" _builder_version=\"4.4.0\"][et_pb_column type=\"1_4\" _builder_version=\"4.4.0\"][et_pb_image src=\"https:\/\/fertilityport.com\/wp-content\/uploads\/2020\/03\/mudr-katerina-kyselova.jpg\" _builder_version=\"4.4.0\"][\/et_pb_image][\/et_pb_column][et_pb_column type=\"3_4\" _builder_version=\"4.4.0\"][et_pb_text module_class=\"c_blurb\" _builder_version=\"4.4.0\"]<\/p><h2>MUDr. Kate\u0159ina Kyselov\u00e1<\/h2><h3>Education and specialization:<\/h3><ul><li><strong>1995<\/strong>\u00a0graduation at Faculty of Medicine and Dentistry of Palacky University in Olomouc<\/li><li><strong>1998<\/strong>\u00a0attestation of first grade in gynaecological and obstetrical speciality<\/li><li><strong>2001<\/strong>\u00a0attestation of medical genetics speciality<\/li><\/ul><h3>Post-gradual education, courses and trainings<\/h3><ul><li><strong>2003<\/strong>\u00a0Course at foetal echocardiography at Motol Prague<\/li><li><strong>2009<\/strong>\u00a0Theoretical course \u201eUltrasound examination at 11 \u2013 14 weeks The Foetal Medicine Foundation (London), Dept. of Med. Genet. and Foetal Med. in Olomouc (prof. K. Nicolaides, prof. J. \u0160antav\u00fd)<\/li><\/ul><h3>Licenses and certifications<\/h3><ul><li><strong>2001<\/strong>\u00a0Licensed for intervention of independent practise in gynaecological and obstetrical speciality<\/li><li><strong>2001<\/strong>\u00a0Licensed for intervention of independent practise in medical genetics speciality<\/li><li><strong>2007<\/strong>\u00a0specialized ability of physician in medical genetics speciality<\/li><li><strong>2009<\/strong>\u00a0specializovan\u00e1 zp\u016fsobilost l\u00e9ka\u0159e v oboru gynekologie a porodnictv\u00ed<\/li><li><strong>2011<\/strong>\u00a0Licensed for position of head and senior physician in medical genetics speciality<\/li><li><strong>2003<\/strong>\u00a0Certified for screening foetal echocardiography<\/li><li><strong>2009<\/strong>\u00a0Certified for ultrasound screening at 11 \u2013 14 weeks of pregnancy at Foetal Medical Foundation (London), nuchal translucency evaluation (NT)<\/li><\/ul><h3>Praxe<\/h3><ul><li><strong>1995 \u2013 1998<\/strong>\u00a0physician of gynaecological and obstetrical department at Hospital Fr\u00fddek-M\u00edstek<\/li><li><strong>1997 \u2013 2008<\/strong>\u00a0physician of medical genetics ambulance at health centre Poliklinika M\u00edstek s.r.o<\/li><li><strong>1998 \u2013 2000<\/strong>\u00a0physician at Centre of Assisted Reproduction Fr\u00fddek-M\u00edstek, Dr. Konstantin \u010caplygin<\/li><li><strong>1998 \u2013 1999<\/strong>\u00a0physician of private medical institution GYN-PREN s.r.o<\/li><li><strong>1999 \u2013 2005<\/strong>\u00a0proxy of head physician at private medical institution GYN-PREN s.r.o<\/li><li><strong>From\u00a02005 \u2013<\/strong>\u00a0physician of private medical institution GYN-PREN s.r.o<\/li><li><strong>2007 \u2013 2014<\/strong>\u00a0physician od medical genetics ambulance at Hospital Nov\u00fd Ji\u010d\u00edn, a.s.<\/li><li><strong>2008 \u2013 2014<\/strong>\u00a0expert referee for medical genetics speciality Chemila s.r.o.<\/li><li><strong>From\u00a02009 \u2013<\/strong>\u00a0expert referee for medical genetics speciality GYN-PREN s.r.o<\/li><li><strong>2011 \u2013 2014<\/strong>\u00a0expert referee for medical genetics speciality Laboratories Agel, a.s.<\/li><li><strong>From 2014 \u2013<\/strong>\u00a0head physician at Centre of medical genetics Fr\u00fddek-M\u00edstek, SPADIA LAB, a.s.<\/li><li><strong>From\u00a02018 \u2013<\/strong>\u00a0external physician at Centre of assisted reproduction FertilityPort Prague<\/li><\/ul><h3>Membership at expert companies<\/h3><ul><li>Czech Medical Company JEP<\/li><li>Company of Medical Genetics<\/li><li>ASHG (The American Society of Human Genetics)<\/li><li>Czech Gynaecological and Obstetrical Company<\/li><li>Division of Foetal Medicine \u010cGPS<\/li><li>Division of Ultrasound Diagnostics \u010cGPS<\/li><\/ul><p>[\/et_pb_text][\/et_pb_column][\/et_pb_row][\/et_pb_section]<\/p>","_et_gb_content_width":"","footnotes":""},"class_list":["post-1109","page","type-page","status-publish","hentry"],"acf":[],"yoast_head":"<!-- This site is optimized with the Yoast SEO plugin v27.3 - https:\/\/yoast.com\/product\/yoast-seo-wordpress\/ -->\n<title>Unsere \u00c4rtzte | FertilityPort Prague<\/title>\n<meta name=\"description\" content=\"Unsere \u00c4rzte nehmen an vielen gyn\u00e4kologischen Kongressen im In- und Ausland teil und sind aktiv an der Aufkl\u00e4rung \u00fcber Unfruchtbarkeit beteiligt.\" \/>\n<meta name=\"robots\" content=\"index, follow, max-snippet:-1, max-image-preview:large, max-video-preview:-1\" \/>\n<link rel=\"canonical\" href=\"https:\/\/fertilityport.com\/our-doctors\/\" \/>\n<meta property=\"og:locale\" content=\"de_DE\" \/>\n<meta property=\"og:type\" content=\"article\" \/>\n<meta property=\"og:title\" content=\"Unsere \u00c4rtzte | FertilityPort Prague\" \/>\n<meta property=\"og:description\" content=\"Unsere \u00c4rzte nehmen an vielen gyn\u00e4kologischen Kongressen im In- und Ausland teil und sind aktiv an der Aufkl\u00e4rung \u00fcber Unfruchtbarkeit beteiligt.\" \/>\n<meta property=\"og:url\" content=\"https:\/\/fertilityport.com\/our-doctors\/\" \/>\n<meta property=\"og:site_name\" content=\"FertilityPort Prague\" \/>\n<meta property=\"article:modified_time\" content=\"2025-04-14T11:41:46+00:00\" \/>\n<meta name=\"twitter:card\" content=\"summary_large_image\" \/>\n<meta name=\"twitter:label1\" content=\"Gesch\u00e4tzte Lesezeit\" \/>\n\t<meta name=\"twitter:data1\" content=\"5\u00a0Minuten\" \/>\n<script type=\"application\/ld+json\" class=\"yoast-schema-graph\">{\"@context\":\"https:\\\/\\\/schema.org\",\"@graph\":[{\"@type\":\"WebPage\",\"@id\":\"https:\\\/\\\/fertilityport.com\\\/our-doctors\\\/\",\"url\":\"https:\\\/\\\/fertilityport.com\\\/our-doctors\\\/\",\"name\":\"Unsere \u00c4rtzte | FertilityPort Prague\",\"isPartOf\":{\"@id\":\"https:\\\/\\\/fertilityport.com\\\/#website\"},\"datePublished\":\"2020-03-14T18:39:50+00:00\",\"dateModified\":\"2025-04-14T11:41:46+00:00\",\"description\":\"Unsere \u00c4rzte nehmen an vielen gyn\u00e4kologischen Kongressen im In- und Ausland teil und sind aktiv an der Aufkl\u00e4rung \u00fcber Unfruchtbarkeit beteiligt.\",\"breadcrumb\":{\"@id\":\"https:\\\/\\\/fertilityport.com\\\/our-doctors\\\/#breadcrumb\"},\"inLanguage\":\"de\",\"potentialAction\":[{\"@type\":\"ReadAction\",\"target\":[\"https:\\\/\\\/fertilityport.com\\\/our-doctors\\\/\"]}]},{\"@type\":\"BreadcrumbList\",\"@id\":\"https:\\\/\\\/fertilityport.com\\\/our-doctors\\\/#breadcrumb\",\"itemListElement\":[{\"@type\":\"ListItem\",\"position\":1,\"name\":\"Home\",\"item\":\"https:\\\/\\\/fertilityport.com\\\/de\\\/\"},{\"@type\":\"ListItem\",\"position\":2,\"name\":\"Unsere \u00c4rtzte\"}]},{\"@type\":\"WebSite\",\"@id\":\"https:\\\/\\\/fertilityport.com\\\/#website\",\"url\":\"https:\\\/\\\/fertilityport.com\\\/\",\"name\":\"FertilityPort Prague\",\"description\":\"\",\"potentialAction\":[{\"@type\":\"SearchAction\",\"target\":{\"@type\":\"EntryPoint\",\"urlTemplate\":\"https:\\\/\\\/fertilityport.com\\\/?s={search_term_string}\"},\"query-input\":{\"@type\":\"PropertyValueSpecification\",\"valueRequired\":true,\"valueName\":\"search_term_string\"}}],\"inLanguage\":\"de\"}]}<\/script>\n<!-- \/ Yoast SEO plugin. -->","yoast_head_json":{"title":"Unsere \u00c4rtzte | FertilityPort Prague","description":"Unsere \u00c4rzte nehmen an vielen gyn\u00e4kologischen Kongressen im In- und Ausland teil und sind aktiv an der Aufkl\u00e4rung \u00fcber Unfruchtbarkeit beteiligt.","robots":{"index":"index","follow":"follow","max-snippet":"max-snippet:-1","max-image-preview":"max-image-preview:large","max-video-preview":"max-video-preview:-1"},"canonical":"https:\/\/fertilityport.com\/our-doctors\/","og_locale":"de_DE","og_type":"article","og_title":"Unsere \u00c4rtzte | FertilityPort Prague","og_description":"Unsere \u00c4rzte nehmen an vielen gyn\u00e4kologischen Kongressen im In- und Ausland teil und sind aktiv an der Aufkl\u00e4rung \u00fcber Unfruchtbarkeit beteiligt.","og_url":"https:\/\/fertilityport.com\/our-doctors\/","og_site_name":"FertilityPort Prague","article_modified_time":"2025-04-14T11:41:46+00:00","twitter_card":"summary_large_image","twitter_misc":{"Gesch\u00e4tzte Lesezeit":"5\u00a0Minuten"},"schema":{"@context":"https:\/\/schema.org","@graph":[{"@type":"WebPage","@id":"https:\/\/fertilityport.com\/our-doctors\/","url":"https:\/\/fertilityport.com\/our-doctors\/","name":"Unsere \u00c4rtzte | FertilityPort Prague","isPartOf":{"@id":"https:\/\/fertilityport.com\/#website"},"datePublished":"2020-03-14T18:39:50+00:00","dateModified":"2025-04-14T11:41:46+00:00","description":"Unsere \u00c4rzte nehmen an vielen gyn\u00e4kologischen Kongressen im In- und Ausland teil und sind aktiv an der Aufkl\u00e4rung \u00fcber Unfruchtbarkeit beteiligt.","breadcrumb":{"@id":"https:\/\/fertilityport.com\/our-doctors\/#breadcrumb"},"inLanguage":"de","potentialAction":[{"@type":"ReadAction","target":["https:\/\/fertilityport.com\/our-doctors\/"]}]},{"@type":"BreadcrumbList","@id":"https:\/\/fertilityport.com\/our-doctors\/#breadcrumb","itemListElement":[{"@type":"ListItem","position":1,"name":"Home","item":"https:\/\/fertilityport.com\/de\/"},{"@type":"ListItem","position":2,"name":"Unsere \u00c4rtzte"}]},{"@type":"WebSite","@id":"https:\/\/fertilityport.com\/#website","url":"https:\/\/fertilityport.com\/","name":"FertilityPort Prague","description":"","potentialAction":[{"@type":"SearchAction","target":{"@type":"EntryPoint","urlTemplate":"https:\/\/fertilityport.com\/?s={search_term_string}"},"query-input":{"@type":"PropertyValueSpecification","valueRequired":true,"valueName":"search_term_string"}}],"inLanguage":"de"}]}},"_links":{"self":[{"href":"https:\/\/fertilityport.com\/de\/wp-json\/wp\/v2\/pages\/1109","targetHints":{"allow":["GET"]}}],"collection":[{"href":"https:\/\/fertilityport.com\/de\/wp-json\/wp\/v2\/pages"}],"about":[{"href":"https:\/\/fertilityport.com\/de\/wp-json\/wp\/v2\/types\/page"}],"author":[{"embeddable":true,"href":"https:\/\/fertilityport.com\/de\/wp-json\/wp\/v2\/users\/2"}],"replies":[{"embeddable":true,"href":"https:\/\/fertilityport.com\/de\/wp-json\/wp\/v2\/comments?post=1109"}],"version-history":[{"count":16,"href":"https:\/\/fertilityport.com\/de\/wp-json\/wp\/v2\/pages\/1109\/revisions"}],"predecessor-version":[{"id":7758,"href":"https:\/\/fertilityport.com\/de\/wp-json\/wp\/v2\/pages\/1109\/revisions\/7758"}],"wp:attachment":[{"href":"https:\/\/fertilityport.com\/de\/wp-json\/wp\/v2\/media?parent=1109"}],"curies":[{"name":"wp","href":"https:\/\/api.w.org\/{rel}","templated":true}]}}