{"id":944,"date":"2020-03-14T18:16:25","date_gmt":"2020-03-14T17:16:25","guid":{"rendered":"https:\/\/fertilityport.vesmirnekure.cz\/?page_id=944"},"modified":"2021-10-11T12:21:11","modified_gmt":"2021-10-11T10:21:11","slug":"uber-fertilityport","status":"publish","type":"page","link":"https:\/\/fertilityport.com\/de\/uber-fertilityport\/","title":{"rendered":"\u00dcber FertilityPort"},"content":{"rendered":"<p>[et_pb_section fb_built=&#8220;1&#8243; module_class=&#8220;welcome&#8211;page&#8220; _builder_version=&#8220;4.4.1&#8243; background_image=&#8220;https:\/\/fertilityport.com\/wp-content\/uploads\/2020\/03\/aboutus_head.jpg&#8220;][et_pb_row column_structure=&#8220;2_3,1_3&#8243; _builder_version=&#8220;4.4.0&#8243;][et_pb_column type=&#8220;2_3&#8243; _builder_version=&#8220;4.4.0&#8243;][et_pb_text module_class=&#8220;c_blurb&#8220; _builder_version=&#8220;4.9.4&#8243;]<\/p>\n<h1>\u00dcber Uns<\/h1>\n<p>Unser Team von Top Spezialisten im Bereich der Reproduktionsmedizin ist auf die individuelle Betreuung von Paaren mit unerf\u00fclltem Kinderwunsch spezialisiert. Und mit all unserer Fachkompetenz und langj\u00e4hrigen Erfahrung m\u00f6chten wir Sie auf Ihrem Kinderwunschweg im famili\u00e4ren Ambiente begleiten, und es so nat\u00fcrlich wie m\u00f6glich, ohne Wartezeiten und mit maximaler Erfolg.[\/et_pb_text][\/et_pb_column][et_pb_column type=&#8220;1_3&#8243; _builder_version=&#8220;4.4.0&#8243;][\/et_pb_column][\/et_pb_row][\/et_pb_section][et_pb_section fb_built=&#8220;1&#8243; _builder_version=&#8220;4.4.0&#8243;][et_pb_row column_structure=&#8220;2_5,3_5&#8243; _builder_version=&#8220;4.4.0&#8243;][et_pb_column type=&#8220;2_5&#8243; _builder_version=&#8220;4.4.0&#8243;][et_pb_image src=&#8220;https:\/\/fertilityport.com\/wp-content\/uploads\/2021\/09\/DSC08474-scaled.jpg&#8220; _builder_version=&#8220;4.9.10&#8243; hover_enabled=&#8220;0&#8243; title_text=&#8220;DSC08474&#8243; sticky_enabled=&#8220;0&#8243;][\/et_pb_image][\/et_pb_column][et_pb_column type=&#8220;3_5&#8243; _builder_version=&#8220;4.4.0&#8243;][et_pb_text _builder_version=&#8220;4.9.4&#8243;]<strong>IHRE OPTIMALE BEHANDLUNG<\/strong><\/p>\n<p>Wir gehen mit Ihnen den Weg vom Kinderwunsch zum Wunschkind!<br \/>\nUnser Kinderwunschzentrum ist auf die individuelle Betreuung von Paaren mit unerf\u00fclltem Kinderwunsch spezialisiert. Dem Team von Top Spezialisten im Bereich der Reproduktionsmedizin stehen auch Spezialisten aus dem Bereich der Urologie und der Genetik zur Seite. Wir bieten Ihnen s\u00e4mtliche Verfahren der modernen Reproduktionsmedizin zur Diagnostik und Behandlung an. Und mit all unserer Fachkompetenz und langj\u00e4hrigen Erfahrung m\u00f6chten wir Sie auf Ihrem Kinderwunschweg im famili\u00e4ren Ambiente begleiten.<\/p>\n<p>Unser Wunsch ist es, Ihr Vertrauen zu gewinnen und Ihren Kinderwunsch in Erf\u00fcllung zu bringen. Ihre Zufriedenheit ist beste Belohnung f\u00fcr uns und ein Beweis daf\u00fcr, dass alles, was wir machen, wirklich Sinn hat.<\/p>\n<p>J\u00e4hrlich erblicken tausende Babys nach einer Kinderwunschbehandlung das Licht der Welt. Das w\u00fcnschen wir auch Ihnen. Deshalb m\u00f6chten wir Sie auf Ihrem Weg zum Wunschkind begleiten \u2013 kompetent und einf\u00fchlsam. Und das so nat\u00fcrlich wie m\u00f6glich, in pers\u00f6nlicher und stressfreier Atmosph\u00e4re.<br \/>\nIn unserem Kinderwunschzentrum stehen Ihnen deshalb nicht nur die modernsten medizinischen Behandlungsm\u00f6glichkeiten und ein H\u00f6chstma\u00df an Erfahrung und Kompetenz zur Verf\u00fcgung. Wir legen auch viel Wert darauf, dass Sie einen Ansprechpartner haben, der Sie vom Erstgespr\u00e4ch bis zur Therapie pers\u00f6nlich betreut. Denn wir sind uns sicher, dass nicht nur modernste Medizin allein f\u00fcr den Erfolg entscheidend ist, sondern vor allem eine einf\u00fchlsame und individuelle Behandlung. Wir sind f\u00fcr Sie da![\/et_pb_text][et_pb_code module_class=&#8220;btn-group&#8220; _builder_version=&#8220;4.9.4&#8243;]<a class=\"btn btn--primary\" href=\"https:\/\/fertilityport.com\/de\/unsere-artzte\/\">Unsere IVF \u00c4rzte<\/a> <a class=\"btn btn--primary\" href=\"https:\/\/fertilityport.com\/de\/embryologen\/\">Unsere IVF Embryologen<\/a> <a class=\"btn btn--primary\" href=\"https:\/\/fertilityport.com\/de\/krankenschwestern\/\">Unsere IVF Krankenschwestern<\/a> <a class=\"btn btn--primary\" href=\"https:\/\/fertilityport.com\/de\/koordinatoren\/\">Unsere IVF Koordinatorinnen<\/a>[\/et_pb_code][\/et_pb_column][\/et_pb_row][\/et_pb_section][et_pb_section fb_built=&#8220;1&#8243; _builder_version=&#8220;4.4.0&#8243; background_color=&#8220;#d4a4a9&#8243;][et_pb_row column_structure=&#8220;3_5,2_5&#8243; _builder_version=&#8220;4.4.0&#8243;][et_pb_column type=&#8220;3_5&#8243; _builder_version=&#8220;4.4.0&#8243;][et_pb_text _builder_version=&#8220;4.9.4&#8243; background_layout=&#8220;dark&#8220;]<strong>WAS SIE VON UNS ERWARTEN K\u00d6NNTEN<\/strong><\/p>\n<ul>\n<li>f\u00fchrende Kinderwunschklinik in Prag<\/li>\n<li>IVF Spezialisten mit mehr als 20 Jahren Erfahrung<\/li>\n<li>K\u00fcnstliche Befruchtung im famili\u00e4ren Ambiente<\/li>\n<li>gegenwertige und individuelle Therapiekonzept<\/li>\n<li>hohe Kompetenz und pers\u00f6nliche Betreuung<\/li>\n<li>hohe Erfolgschancen<\/li>\n<li>keine Wartezeit f\u00fcr Eizell-oder Embryonenspende<\/li>\n<li>Mitten im Zentrum von Prag, aber in einer ruhigen Umgebung in der N\u00e4he des Flusses, mit der M\u00f6glichkeit gut zu parken und in einem Caf\u00e9 im Klinikgeb\u00e4ude zu sitzen<\/li>\n<\/ul>\n<p>[\/et_pb_text][\/et_pb_column][et_pb_column type=&#8220;2_5&#8243; _builder_version=&#8220;4.4.0&#8243;][et_pb_video src=&#8220;https:\/\/www.youtube.com\/watch?v=b7cSkotWw5E&#8220; _builder_version=&#8220;4.4.1&#8243;][\/et_pb_video][\/et_pb_column][\/et_pb_row][\/et_pb_section]<\/p>\n","protected":false},"excerpt":{"rendered":"<p>\u00dcber Uns Unser Team von Top Spezialisten im Bereich der Reproduktionsmedizin ist auf die individuelle Betreuung von Paaren mit unerf\u00fclltem Kinderwunsch spezialisiert. Und mit all unserer Fachkompetenz und langj\u00e4hrigen Erfahrung m\u00f6chten wir Sie auf Ihrem Kinderwunschweg im famili\u00e4ren Ambiente begleiten, und es so nat\u00fcrlich wie m\u00f6glich, ohne Wartezeiten und mit maximaler Erfolg.IHRE OPTIMALE BEHANDLUNG Wir [&hellip;]<\/p>\n","protected":false},"author":2,"featured_media":0,"parent":0,"menu_order":0,"comment_status":"closed","ping_status":"closed","template":"","meta":{"_acf_changed":false,"_et_pb_use_builder":"on","_et_pb_old_content":"[et_pb_section fb_built=\"1\" module_class=\"welcome--page\" _builder_version=\"4.4.1\" background_image=\"https:\/\/fertilityport.com\/wp-content\/uploads\/2020\/03\/aboutus_head.jpg\"][et_pb_row column_structure=\"2_3,1_3\" _builder_version=\"4.4.0\"][et_pb_column type=\"2_3\" _builder_version=\"4.4.0\"][et_pb_text module_class=\"c_blurb\" _builder_version=\"4.9.4\" hover_enabled=\"0\" sticky_enabled=\"0\"]\n<h1>\u00dcber Uns<\/h1>\nUnser Team von Top Spezialisten im Bereich der Reproduktionsmedizin ist auf die individuelle Betreuung von Paaren mit unerf\u00fclltem Kinderwunsch spezialisiert. Und mit all unserer Fachkompetenz und langj\u00e4hrigen Erfahrung m\u00f6chten wir Sie auf Ihrem Kinderwunschweg im famili\u00e4ren Ambiente begleiten, und es so nat\u00fcrlich wie m\u00f6glich, ohne Wartezeiten und mit maximaler Erfolg.\n\n[\/et_pb_text][\/et_pb_column][et_pb_column type=\"1_3\" _builder_version=\"4.4.0\"][\/et_pb_column][\/et_pb_row][\/et_pb_section][et_pb_section fb_built=\"1\" _builder_version=\"4.4.0\"][et_pb_row column_structure=\"2_5,3_5\" _builder_version=\"4.4.0\"][et_pb_column type=\"2_5\" _builder_version=\"4.4.0\"][et_pb_image src=\"https:\/\/fertilityport.com\/wp-content\/uploads\/2020\/03\/aboutus-team.jpg\" _builder_version=\"4.4.0\"][\/et_pb_image][\/et_pb_column][et_pb_column type=\"3_5\" _builder_version=\"4.4.0\"][et_pb_text _builder_version=\"4.9.4\" hover_enabled=\"0\" sticky_enabled=\"0\"]\n\n<strong>IHRE OPTIMALE BEHANDLUNG<\/strong>\n\nWir gehen mit Ihnen den Weg vom Kinderwunsch zum Wunschkind!\nUnser Kinderwunschzentrum ist auf die individuelle Betreuung von Paaren mit unerf\u00fclltem Kinderwunsch spezialisiert. Dem Team von Top Spezialisten im Bereich der Reproduktionsmedizin stehen auch Spezialisten aus dem Bereich der Urologie und der Genetik zur Seite. Wir bieten Ihnen s\u00e4mtliche Verfahren der modernen Reproduktionsmedizin zur Diagnostik und Behandlung an. Und mit all unserer Fachkompetenz und langj\u00e4hrigen Erfahrung m\u00f6chten wir Sie auf Ihrem Kinderwunschweg im famili\u00e4ren Ambiente begleiten.\n\nUnser Wunsch ist es, Ihr Vertrauen zu gewinnen und Ihren Kinderwunsch in Erf\u00fcllung zu bringen. Ihre Zufriedenheit ist beste Belohnung f\u00fcr uns und ein Beweis daf\u00fcr, dass alles, was wir machen, wirklich Sinn hat.\n\nJ\u00e4hrlich erblicken tausende Babys nach einer Kinderwunschbehandlung das Licht der Welt. Das w\u00fcnschen wir auch Ihnen. Deshalb m\u00f6chten wir Sie auf Ihrem Weg zum Wunschkind begleiten \u2013 kompetent und einf\u00fchlsam. Und das so nat\u00fcrlich wie m\u00f6glich, in pers\u00f6nlicher und stressfreier Atmosph\u00e4re.\nIn unserem Kinderwunschzentrum stehen Ihnen deshalb nicht nur die modernsten medizinischen Behandlungsm\u00f6glichkeiten und ein H\u00f6chstma\u00df an Erfahrung und Kompetenz zur Verf\u00fcgung. Wir legen auch viel Wert darauf, dass Sie einen Ansprechpartner haben, der Sie vom Erstgespr\u00e4ch bis zur Therapie pers\u00f6nlich betreut. Denn wir sind uns sicher, dass nicht nur modernste Medizin allein f\u00fcr den Erfolg entscheidend ist, sondern vor allem eine einf\u00fchlsame und individuelle Behandlung. Wir sind f\u00fcr Sie da!\n\n[\/et_pb_text][et_pb_code module_class=\"btn-group\" _builder_version=\"4.9.4\" hover_enabled=\"0\" sticky_enabled=\"0\"]<a class=\"btn btn--primary\" href=\"https:\/\/fertilityport.com\/de\/unsere-artzte\/\">Unsere IVF \u00c4rzte<\/a> <a class=\"btn btn--primary\" href=\"https:\/\/fertilityport.com\/de\/embryologen\/\">Unsere IVF Embryologen<\/a> <a class=\"btn btn--primary\" href=\"https:\/\/fertilityport.com\/de\/krankenschwestern\/\">Unsere IVF Krankenschwestern<\/a> <a class=\"btn btn--primary\" href=\"https:\/\/fertilityport.com\/de\/koordinatoren\/\">Unsere IVF Koordinatorinnen<\/a>[\/et_pb_code][\/et_pb_column][\/et_pb_row][\/et_pb_section][et_pb_section fb_built=\"1\" _builder_version=\"4.4.0\" background_color=\"#d4a4a9\"][et_pb_row column_structure=\"3_5,2_5\" _builder_version=\"4.4.0\"][et_pb_column type=\"3_5\" _builder_version=\"4.4.0\"][et_pb_text _builder_version=\"4.9.4\" background_layout=\"dark\" hover_enabled=\"0\" sticky_enabled=\"0\"]\n\n<strong>WAS SIE VON UNS ERWARTEN K\u00d6NNTEN<\/strong>\n<ul>\n \t<li>f\u00fchrende Kinderwunschklinik in Prag<\/li>\n \t<li>IVF Spezialisten mit mehr als 20 Jahren Erfahrung<\/li>\n \t<li>K\u00fcnstliche Befruchtung im famili\u00e4ren Ambiente<\/li>\n \t<li>gegenwertige und individuelle Therapiekonzept<\/li>\n \t<li>hohe Kompetenz und pers\u00f6nliche Betreuung<\/li>\n \t<li>hohe Erfolgschancen<\/li>\n \t<li>keine Wartezeit f\u00fcr Eizell-oder Embryonenspende<\/li>\n \t<li>Mitten im Zentrum von Prag, aber in einer ruhigen Umgebung in der N\u00e4he des Flusses, mit der M\u00f6glichkeit gut zu parken und in einem Caf\u00e9 im Klinikgeb\u00e4ude zu sitzen<\/li>\n<\/ul>\n[\/et_pb_text][\/et_pb_column][et_pb_column type=\"2_5\" _builder_version=\"4.4.0\"][et_pb_video src=\"https:\/\/www.youtube.com\/watch?v=b7cSkotWw5E\" _builder_version=\"4.4.1\"][\/et_pb_video][\/et_pb_column][\/et_pb_row][\/et_pb_section]","_et_gb_content_width":"","footnotes":""},"class_list":["post-944","page","type-page","status-publish","hentry"],"acf":[],"yoast_head":"<!-- This site is optimized with the Yoast SEO plugin v27.2 - https:\/\/yoast.com\/product\/yoast-seo-wordpress\/ -->\n<title>Unser Team | FertilityPort Prague<\/title>\n<meta name=\"description\" content=\"Die Klinik Fertility Port Prague stellt eine Verbindung der Top-Spezialisten im Gebiet Reproduktionsmedizin\" \/>\n<meta name=\"robots\" content=\"index, follow, max-snippet:-1, max-image-preview:large, max-video-preview:-1\" \/>\n<link rel=\"canonical\" href=\"https:\/\/fertilityport.com\/de\/uber-fertilityport\/\" \/>\n<meta property=\"og:locale\" content=\"de_DE\" \/>\n<meta property=\"og:type\" content=\"article\" \/>\n<meta property=\"og:title\" content=\"Unser Team | FertilityPort Prague\" \/>\n<meta property=\"og:description\" content=\"Die Klinik Fertility Port Prague stellt eine Verbindung der Top-Spezialisten im Gebiet Reproduktionsmedizin\" \/>\n<meta property=\"og:url\" content=\"https:\/\/fertilityport.com\/de\/uber-fertilityport\/\" \/>\n<meta property=\"og:site_name\" content=\"FertilityPort Prague\" \/>\n<meta property=\"article:modified_time\" content=\"2021-10-11T10:21:11+00:00\" \/>\n<meta name=\"twitter:card\" content=\"summary_large_image\" \/>\n<meta name=\"twitter:label1\" content=\"Gesch\u00e4tzte Lesezeit\" \/>\n\t<meta name=\"twitter:data1\" content=\"2\u00a0Minuten\" \/>\n<script type=\"application\/ld+json\" class=\"yoast-schema-graph\">{\"@context\":\"https:\/\/schema.org\",\"@graph\":[{\"@type\":\"WebPage\",\"@id\":\"https:\/\/fertilityport.com\/de\/uber-fertilityport\/\",\"url\":\"https:\/\/fertilityport.com\/de\/uber-fertilityport\/\",\"name\":\"Unser Team | FertilityPort Prague\",\"isPartOf\":{\"@id\":\"https:\/\/fertilityport.com\/#website\"},\"datePublished\":\"2020-03-14T17:16:25+00:00\",\"dateModified\":\"2021-10-11T10:21:11+00:00\",\"description\":\"Die Klinik Fertility Port Prague stellt eine Verbindung der Top-Spezialisten im Gebiet Reproduktionsmedizin\",\"breadcrumb\":{\"@id\":\"https:\/\/fertilityport.com\/de\/uber-fertilityport\/#breadcrumb\"},\"inLanguage\":\"de\",\"potentialAction\":[{\"@type\":\"ReadAction\",\"target\":[\"https:\/\/fertilityport.com\/de\/uber-fertilityport\/\"]}]},{\"@type\":\"BreadcrumbList\",\"@id\":\"https:\/\/fertilityport.com\/de\/uber-fertilityport\/#breadcrumb\",\"itemListElement\":[{\"@type\":\"ListItem\",\"position\":1,\"name\":\"Home\",\"item\":\"https:\/\/fertilityport.com\/de\/\"},{\"@type\":\"ListItem\",\"position\":2,\"name\":\"\u00dcber FertilityPort\"}]},{\"@type\":\"WebSite\",\"@id\":\"https:\/\/fertilityport.com\/#website\",\"url\":\"https:\/\/fertilityport.com\/\",\"name\":\"FertilityPort Prague\",\"description\":\"\",\"potentialAction\":[{\"@type\":\"SearchAction\",\"target\":{\"@type\":\"EntryPoint\",\"urlTemplate\":\"https:\/\/fertilityport.com\/?s={search_term_string}\"},\"query-input\":{\"@type\":\"PropertyValueSpecification\",\"valueRequired\":true,\"valueName\":\"search_term_string\"}}],\"inLanguage\":\"de\"}]}<\/script>\n<!-- \/ Yoast SEO plugin. -->","yoast_head_json":{"title":"Unser Team | FertilityPort Prague","description":"Die Klinik Fertility Port Prague stellt eine Verbindung der Top-Spezialisten im Gebiet Reproduktionsmedizin","robots":{"index":"index","follow":"follow","max-snippet":"max-snippet:-1","max-image-preview":"max-image-preview:large","max-video-preview":"max-video-preview:-1"},"canonical":"https:\/\/fertilityport.com\/de\/uber-fertilityport\/","og_locale":"de_DE","og_type":"article","og_title":"Unser Team | FertilityPort Prague","og_description":"Die Klinik Fertility Port Prague stellt eine Verbindung der Top-Spezialisten im Gebiet Reproduktionsmedizin","og_url":"https:\/\/fertilityport.com\/de\/uber-fertilityport\/","og_site_name":"FertilityPort Prague","article_modified_time":"2021-10-11T10:21:11+00:00","twitter_card":"summary_large_image","twitter_misc":{"Gesch\u00e4tzte Lesezeit":"2\u00a0Minuten"},"schema":{"@context":"https:\/\/schema.org","@graph":[{"@type":"WebPage","@id":"https:\/\/fertilityport.com\/de\/uber-fertilityport\/","url":"https:\/\/fertilityport.com\/de\/uber-fertilityport\/","name":"Unser Team | FertilityPort Prague","isPartOf":{"@id":"https:\/\/fertilityport.com\/#website"},"datePublished":"2020-03-14T17:16:25+00:00","dateModified":"2021-10-11T10:21:11+00:00","description":"Die Klinik Fertility Port Prague stellt eine Verbindung der Top-Spezialisten im Gebiet Reproduktionsmedizin","breadcrumb":{"@id":"https:\/\/fertilityport.com\/de\/uber-fertilityport\/#breadcrumb"},"inLanguage":"de","potentialAction":[{"@type":"ReadAction","target":["https:\/\/fertilityport.com\/de\/uber-fertilityport\/"]}]},{"@type":"BreadcrumbList","@id":"https:\/\/fertilityport.com\/de\/uber-fertilityport\/#breadcrumb","itemListElement":[{"@type":"ListItem","position":1,"name":"Home","item":"https:\/\/fertilityport.com\/de\/"},{"@type":"ListItem","position":2,"name":"\u00dcber FertilityPort"}]},{"@type":"WebSite","@id":"https:\/\/fertilityport.com\/#website","url":"https:\/\/fertilityport.com\/","name":"FertilityPort Prague","description":"","potentialAction":[{"@type":"SearchAction","target":{"@type":"EntryPoint","urlTemplate":"https:\/\/fertilityport.com\/?s={search_term_string}"},"query-input":{"@type":"PropertyValueSpecification","valueRequired":true,"valueName":"search_term_string"}}],"inLanguage":"de"}]}},"_links":{"self":[{"href":"https:\/\/fertilityport.com\/de\/wp-json\/wp\/v2\/pages\/944","targetHints":{"allow":["GET"]}}],"collection":[{"href":"https:\/\/fertilityport.com\/de\/wp-json\/wp\/v2\/pages"}],"about":[{"href":"https:\/\/fertilityport.com\/de\/wp-json\/wp\/v2\/types\/page"}],"author":[{"embeddable":true,"href":"https:\/\/fertilityport.com\/de\/wp-json\/wp\/v2\/users\/2"}],"replies":[{"embeddable":true,"href":"https:\/\/fertilityport.com\/de\/wp-json\/wp\/v2\/comments?post=944"}],"version-history":[{"count":16,"href":"https:\/\/fertilityport.com\/de\/wp-json\/wp\/v2\/pages\/944\/revisions"}],"predecessor-version":[{"id":4856,"href":"https:\/\/fertilityport.com\/de\/wp-json\/wp\/v2\/pages\/944\/revisions\/4856"}],"wp:attachment":[{"href":"https:\/\/fertilityport.com\/de\/wp-json\/wp\/v2\/media?parent=944"}],"curies":[{"name":"wp","href":"https:\/\/api.w.org\/{rel}","templated":true}]}}