{"id":950,"date":"2020-03-14T18:19:05","date_gmt":"2020-03-14T17:19:05","guid":{"rendered":"https:\/\/fertilityport.vesmirnekure.cz\/?page_id=950"},"modified":"2022-05-09T10:31:29","modified_gmt":"2022-05-09T08:31:29","slug":"kontakt","status":"publish","type":"page","link":"https:\/\/fertilityport.com\/de\/kontakt\/","title":{"rendered":"Kontakt"},"content":{"rendered":"<p>[et_pb_section fb_built=&#8220;1&#8243; module_class=&#8220;welcome&#8211;page welcome&#8211;page&#8211;contact&#8220; _builder_version=&#8220;4.4.1&#8243; background_image=&#8220;https:\/\/fertilityport.com\/wp-content\/uploads\/2020\/03\/kontakt_head_bg.jpg&#8220; global_colors_info=&#8220;{}&#8220;][et_pb_row column_structure=&#8220;2_3,1_3&#8243; _builder_version=&#8220;4.4.0&#8243; global_colors_info=&#8220;{}&#8220;][et_pb_column type=&#8220;2_3&#8243; _builder_version=&#8220;4.4.0&#8243; global_colors_info=&#8220;{}&#8220;][et_pb_text module_class=&#8220;c_blurb&#8220; _builder_version=&#8220;4.4.0&#8243; global_colors_info=&#8220;{}&#8220;]<\/p>\n<h1>Kontakt<\/h1>\n<p>Wir sind f\u00fcr Sie da, schreiben<\/p>\n<p>Sie uns im Falle einer Anfrage<\/p>\n<p>[\/et_pb_text][\/et_pb_column][et_pb_column type=&#8220;1_3&#8243; _builder_version=&#8220;4.4.0&#8243; global_colors_info=&#8220;{}&#8220;][\/et_pb_column][\/et_pb_row][\/et_pb_section][et_pb_section fb_built=&#8220;1&#8243; _builder_version=&#8220;4.4.0&#8243; background_color=&#8220;#d4a4a9&#8243; global_colors_info=&#8220;{}&#8220;][et_pb_row column_structure=&#8220;1_3,1_3,1_3&#8243; _builder_version=&#8220;4.4.0&#8243; global_colors_info=&#8220;{}&#8220;][et_pb_column type=&#8220;1_3&#8243; _builder_version=&#8220;4.4.0&#8243; global_colors_info=&#8220;{}&#8220;][et_pb_text module_class=&#8220;c_blurb c_blurb&#8211;contact&#8220; _builder_version=&#8220;4.4.0&#8243; global_colors_info=&#8220;{}&#8220;]<\/p>\n<h2>Schreiben Sie uns<\/h2>\n<p>[\/et_pb_text][et_pb_text _builder_version=&#8220;4.14.4&#8243; hover_enabled=&#8220;0&#8243; global_colors_info=&#8220;{}&#8220; sticky_enabled=&#8220;0&#8243;]<div class='fluentform ff-default fluentform_wrapper_5 ffs_default_wrap'><form data-form_id=\"5\" id=\"fluentform_5\" class=\"frm-fluent-form fluent_form_5 ff-el-form-top ff_form_instance_5_1 ff-form-loading form_bg ffs_default\" data-form_instance=\"ff_form_instance_5_1\" method=\"POST\" ><fieldset  style=\"border: none!important;margin: 0!important;padding: 0!important;background-color: transparent!important;box-shadow: none!important;outline: none!important; min-inline-size: 100%;\">\n                    <legend class=\"ff_screen_reader_title\" style=\"display: block; margin: 0!important;padding: 0!important;height: 0!important;text-indent: -999999px;width: 0!important;overflow:hidden;\">Contact - DE<\/legend><input type='hidden' name='__fluent_form_embded_post_id' value='950' \/><input type=\"hidden\" id=\"_fluentform_5_fluentformnonce\" name=\"_fluentform_5_fluentformnonce\" value=\"db7c166f64\" \/><input type=\"hidden\" name=\"_wp_http_referer\" value=\"\/de\/wp-json\/wp\/v2\/pages\/950\" \/><div class='ff-el-group'><div class=\"ff-el-input--label ff-el-is-required asterisk-right\"><label for='ff_5_input_text' id='label_ff_5_input_text' aria-label=\"Name und Nachname\">Name und Nachname<\/label><\/div><div class='ff-el-input--content'><input type=\"text\" name=\"input_text\" class=\"ff-el-form-control\" placeholder=\"Name eingeben\" data-name=\"input_text\" id=\"ff_5_input_text\"  aria-invalid=\"false\" aria-required=true><\/div><\/div><div class='ff-el-group'><div class=\"ff-el-input--label ff-el-is-required asterisk-right\"><label for='ff_5_email' id='label_ff_5_email' aria-label=\"Email\">Email<\/label><\/div><div class='ff-el-input--content'><input type=\"email\" name=\"email\" id=\"ff_5_email\" class=\"ff-el-form-control\" placeholder=\"Geben Sie Ihre E-Mail Adresse ein\" data-name=\"email\"  aria-invalid=\"false\" aria-required=true><\/div><\/div><div class='ff-el-group'><div class=\"ff-el-input--label ff-el-is-required asterisk-right\"><label for='ff_5_phone' id='label_ff_5_phone' aria-label=\"Tel.\">Tel.<\/label><\/div><div class='ff-el-input--content'><input name=\"phone\" class=\"ff-el-form-control ff-el-phone ff_el_with_extended_validation\" type=\"tel\" data-name=\"phone\" id=\"ff_5_phone\" inputmode=\"tel\"  aria-invalid='false' aria-required=true><\/div><\/div><div class='ff-el-group'><div class=\"ff-el-input--label ff-el-is-required asterisk-right\"><label for='ff_5_description' id='label_ff_5_description' aria-label=\"Frage\">Frage<\/label><\/div><div class='ff-el-input--content'><textarea aria-required=\"true\" aria-labelledby=\"label_ff_5_description\" name=\"description\" id=\"ff_5_description\" class=\"ff-el-form-control\" placeholder=\"Ihre Nachricht eingeben\" rows=\"3\" cols=\"2\" data-name=\"description\" ><\/textarea><\/div><\/div><div class='ff-el-group    ff-el-input--content'><div class='ff-el-form-check ff-el-tc'><label aria-label='Ich stimme den Betriebsbedingungen zu' class='ff-el-form-check-label ff_tc_label' for=terms-n-condition_268911403d77fdd6085b818d1a1a022b><span class='ff_tc_checkbox'><input type=\"checkbox\" name=\"terms-n-condition\" class=\"ff-el-form-check-input\" data-name=\"terms-n-condition\" id=\"terms-n-condition_268911403d77fdd6085b818d1a1a022b\"  value='on' aria-invalid='false' aria-required=true><\/span> <div class='ff_t_c'><p>Ich stimme den Betriebsbedingungen zu<\/p><\/div><\/label><\/div><\/div><div class='ff-el-group ff-text-left ff_submit_btn_wrapper'><button type=\"submit\" class=\"ff-btn ff-btn-submit ff-btn-md btn btn--secondary ff_btn_no_style\"  aria-label=\"Senden\">Senden<\/button><\/div><\/fieldset><\/form><div id='fluentform_5_errors' class='ff-errors-in-stack ff_form_instance_5_1 ff-form-loading_errors ff_form_instance_5_1_errors'><\/div><\/div>            <script type=\"text\/javascript\">\n                window.fluent_form_ff_form_instance_5_1 = {\"id\":\"5\",\"settings\":{\"layout\":{\"labelPlacement\":\"top\",\"helpMessagePlacement\":\"with_label\",\"errorMessagePlacement\":\"inline\",\"asteriskPlacement\":\"asterisk-right\"},\"restrictions\":{\"denyEmptySubmission\":{\"enabled\":false}}},\"form_instance\":\"ff_form_instance_5_1\",\"form_id_selector\":\"fluentform_5\",\"rules\":{\"input_text\":{\"required\":{\"value\":true,\"message\":\"Das Feld ist obligatorisch.\"}},\"email\":{\"required\":{\"value\":true,\"message\":\"Das Feld ist obligatorisch.\"},\"email\":{\"value\":true,\"message\":\"This field must contain a valid email\"}},\"phone\":{\"required\":{\"value\":true,\"message\":\"Das Feld ist obligatorisch.\"},\"valid_phone_number\":{\"value\":true,\"message\":\"Phone number is not valid\"}},\"description\":{\"required\":{\"value\":true,\"message\":\"Das Feld ist obligatorisch.\"}},\"terms-n-condition\":{\"required\":{\"value\":true,\"message\":\"Das Feld ist obligatorisch.\"}}},\"debounce_time\":300};\n                            <\/script>\n            [\/et_pb_text][\/et_pb_column][et_pb_column type=&#8220;1_3&#8243; _builder_version=&#8220;4.4.0&#8243; global_colors_info=&#8220;{}&#8220;][et_pb_text module_class=&#8220;c_blurb c_blurb&#8211;contact&#8220; _builder_version=&#8220;4.4.0&#8243; global_colors_info=&#8220;{}&#8220;]<\/p>\n<h2>Kontaktdaten<\/h2>\n<p>[\/et_pb_text][et_pb_text module_class=&#8220;contact_info&#8220; _builder_version=&#8220;4.6.1&#8243; text_text_color=&#8220;#ffffff&#8220; global_colors_info=&#8220;{}&#8220;]<\/p>\n<p><strong>FertilityPort Prague s.r.o.<\/strong><br \/>Smr\u010dkova\u00a02485\/4<br \/>180 00 Praha 8<\/p>\n<p>Geb\u00e4ude: DOCK 2<\/p>\n<p>Firmen ID: 02872145<br \/>Bankverbindung: <b><span>1387954478\/2700<\/span><\/b><\/p>\n<p>Aktenzeichen: C 224731 beim Amtsgericht in Prag<\/p>\n<p><strong>Rezeption:<\/strong><br \/>Telephone:\u00a0<a href=\"tel:00420274771298\">+420 274 771 298<\/a><br \/>GSM:\u00a0<a href=\"tel:00420725513270\">+420 725 513 270<\/a><br \/>E-mail:\u00a0<a href=\"mailto:info@fertilityport.com\">info@fertilityport.com<\/a><br \/>Web:\u00a0<a href=\"https:\/\/fertilityport.com\/de\/\">www.fertilityport.com<\/a><\/p>\n<p><strong>\u00d6ffnungszeiten:<\/strong><br \/>Montag \u2013 Freitag 8:00- 16:30<br \/>nach telefonischer Vereinbarung Samstag \u2013 Sonntag<\/p>\n<p><strong>Wie man uns erreicht:<\/strong><br \/>Metro B \u2013 Palmovka<br \/>Dock 2 \u2013 neben dem Kolkovna Dock<\/p>\n<p>[\/et_pb_text][\/et_pb_column][et_pb_column type=&#8220;1_3&#8243; _builder_version=&#8220;4.4.0&#8243; global_colors_info=&#8220;{}&#8220;][et_pb_text module_class=&#8220;c_blurb c_blurb&#8211;contact&#8220; _builder_version=&#8220;4.4.0&#8243; global_colors_info=&#8220;{}&#8220;]<\/p>\n<h2>Mappe<\/h2>\n<p>[\/et_pb_text][et_pb_code _builder_version=&#8220;4.4.0&#8243; global_colors_info=&#8220;{}&#8220;]<iframe loading=\"lazy\" style=\"border: 0;\" tabindex=\"0\" src=\"https:\/\/www.google.com\/maps\/embed?pb=!1m14!1m8!1m3!1d10236.10323315044!2d14.4686653!3d50.1045239!3m2!1i1024!2i768!4f13.1!3m3!1m2!1s0x0%3A0xbdc453b40e0ad8e1!2sFertilityPort%20Prague!5e0!3m2!1scs!2scz!4v1583954201119!5m2!1scs!2scz\" width=\"100%\" height=\"450\" frameborder=\"0\" allowfullscreen=\"allowfullscreen\" aria-hidden=\"false\" data-mce-fragment=\"1\"><\/iframe>[\/et_pb_code][\/et_pb_column][\/et_pb_row][\/et_pb_section]<\/p>\n","protected":false},"excerpt":{"rendered":"<p>Kontakt Wir sind f\u00fcr Sie da, schreiben Sie uns im Falle einer AnfrageSchreiben Sie uns<div class='fluentform ff-default fluentform_wrapper_5 ffs_default_wrap'><form data-form_id=\"5\" id=\"fluentform_5\" class=\"frm-fluent-form fluent_form_5 ff-el-form-top ff_form_instance_5_2 ff-form-loading form_bg ffs_default\" data-form_instance=\"ff_form_instance_5_2\" method=\"POST\" ><fieldset  style=\"border: none!important;margin: 0!important;padding: 0!important;background-color: transparent!important;box-shadow: none!important;outline: none!important; min-inline-size: 100%;\">\n                    <legend class=\"ff_screen_reader_title\" style=\"display: block; margin: 0!important;padding: 0!important;height: 0!important;text-indent: -999999px;width: 0!important;overflow:hidden;\">Contact - DE<\/legend><input type='hidden' name='__fluent_form_embded_post_id' value='950' \/><input type=\"hidden\" id=\"_fluentform_5_fluentformnonce\" name=\"_fluentform_5_fluentformnonce\" value=\"db7c166f64\" \/><input type=\"hidden\" name=\"_wp_http_referer\" value=\"\/de\/wp-json\/wp\/v2\/pages\/950\" \/><div class='ff-el-group'><div class=\"ff-el-input--label ff-el-is-required asterisk-right\"><label for='ff_5_2_input_text' id='label_ff_5_2_input_text' aria-label=\"Name und Nachname\">Name und Nachname<\/label><\/div><div class='ff-el-input--content'><input type=\"text\" name=\"input_text\" class=\"ff-el-form-control\" placeholder=\"Name eingeben\" data-name=\"input_text\" id=\"ff_5_2_input_text\"  aria-invalid=\"false\" aria-required=true><\/div><\/div><div class='ff-el-group'><div class=\"ff-el-input--label ff-el-is-required asterisk-right\"><label for='ff_5_2_email' id='label_ff_5_2_email' aria-label=\"Email\">Email<\/label><\/div><div class='ff-el-input--content'><input type=\"email\" name=\"email\" id=\"ff_5_2_email\" class=\"ff-el-form-control\" placeholder=\"Geben Sie Ihre E-Mail Adresse ein\" data-name=\"email\"  aria-invalid=\"false\" aria-required=true><\/div><\/div><div class='ff-el-group'><div class=\"ff-el-input--label ff-el-is-required asterisk-right\"><label for='ff_5_2_phone' id='label_ff_5_2_phone' aria-label=\"Tel.\">Tel.<\/label><\/div><div class='ff-el-input--content'><input name=\"phone\" class=\"ff-el-form-control ff-el-phone ff_el_with_extended_validation\" type=\"tel\" data-name=\"phone\" id=\"ff_5_2_phone\" inputmode=\"tel\"  aria-invalid='false' aria-required=true><\/div><\/div><div class='ff-el-group'><div class=\"ff-el-input--label ff-el-is-required asterisk-right\"><label for='ff_5_2_description' id='label_ff_5_2_description' aria-label=\"Frage\">Frage<\/label><\/div><div class='ff-el-input--content'><textarea aria-required=\"true\" aria-labelledby=\"label_ff_5_2_description\" name=\"description\" id=\"ff_5_2_description\" class=\"ff-el-form-control\" placeholder=\"Ihre Nachricht eingeben\" rows=\"3\" cols=\"2\" data-name=\"description\" ><\/textarea><\/div><\/div><div class='ff-el-group    ff-el-input--content'><div class='ff-el-form-check ff-el-tc'><label aria-label='Ich stimme den Betriebsbedingungen zu' class='ff-el-form-check-label ff_tc_label' for=terms-n-condition_4664ea40011f87f38616f1afa02b20f1><span class='ff_tc_checkbox'><input type=\"checkbox\" name=\"terms-n-condition\" class=\"ff-el-form-check-input\" data-name=\"terms-n-condition\" id=\"terms-n-condition_4664ea40011f87f38616f1afa02b20f1\"  value='on' aria-invalid='false' aria-required=true><\/span> <div class='ff_t_c'><p>Ich stimme den Betriebsbedingungen zu<\/p><\/div><\/label><\/div><\/div><div class='ff-el-group ff-text-left ff_submit_btn_wrapper'><button type=\"submit\" class=\"ff-btn ff-btn-submit ff-btn-md btn btn--secondary ff_btn_no_style\"  aria-label=\"Senden\">Senden<\/button><\/div><\/fieldset><\/form><div id='fluentform_5_errors' class='ff-errors-in-stack ff_form_instance_5_2 ff-form-loading_errors ff_form_instance_5_2_errors'><\/div><\/div>            <script type=\"text\/javascript\">\n                window.fluent_form_ff_form_instance_5_2 = {\"id\":\"5\",\"settings\":{\"layout\":{\"labelPlacement\":\"top\",\"helpMessagePlacement\":\"with_label\",\"errorMessagePlacement\":\"inline\",\"asteriskPlacement\":\"asterisk-right\"},\"restrictions\":{\"denyEmptySubmission\":{\"enabled\":false}}},\"form_instance\":\"ff_form_instance_5_2\",\"form_id_selector\":\"fluentform_5\",\"rules\":{\"input_text\":{\"required\":{\"value\":true,\"message\":\"Das Feld ist obligatorisch.\"}},\"email\":{\"required\":{\"value\":true,\"message\":\"Das Feld ist obligatorisch.\"},\"email\":{\"value\":true,\"message\":\"This field must contain a valid email\"}},\"phone\":{\"required\":{\"value\":true,\"message\":\"Das Feld ist obligatorisch.\"},\"valid_phone_number\":{\"value\":true,\"message\":\"Phone number is not valid\"}},\"description\":{\"required\":{\"value\":true,\"message\":\"Das Feld ist obligatorisch.\"}},\"terms-n-condition\":{\"required\":{\"value\":true,\"message\":\"Das Feld ist obligatorisch.\"}}},\"debounce_time\":300};\n                            <\/script>\n            KontaktdatenFertilityPort Prague s.r.o.Smr\u010dkova\u00a02485\/4180 00 Praha 8 Geb\u00e4ude: DOCK 2 Firmen ID: 02872145Bankverbindung: 1387954478\/2700 Aktenzeichen: C 224731 beim Amtsgericht in Prag Rezeption:Telephone:\u00a0+420 274 771 298GSM:\u00a0+420 725 513 270E-mail:\u00a0info@fertilityport.comWeb:\u00a0www.fertilityport.com \u00d6ffnungszeiten:Montag \u2013 Freitag 8:00- 16:30nach telefonischer Vereinbarung Samstag \u2013 Sonntag Wie man uns [&hellip;]<\/p>\n","protected":false},"author":2,"featured_media":0,"parent":0,"menu_order":0,"comment_status":"closed","ping_status":"closed","template":"","meta":{"_acf_changed":false,"_et_pb_use_builder":"on","_et_pb_old_content":"<p>[et_pb_section fb_built=\"1\" _builder_version=\"4.4.0\" background_image=\"https:\/\/fertilityport.com\/wp-content\/uploads\/2020\/03\/kontakt_head_bg.jpg\"][et_pb_row column_structure=\"2_3,1_3\" _builder_version=\"4.4.0\"][et_pb_column type=\"2_3\" _builder_version=\"4.4.0\"][et_pb_text module_class=\"c_blurb\" _builder_version=\"4.4.0\"]<\/p><h1>Contact<\/h1><p>Get in touch with us,<br \/>we are here for you[\/et_pb_text][\/et_pb_column][et_pb_column type=\"1_3\" _builder_version=\"4.4.0\"][\/et_pb_column][\/et_pb_row][\/et_pb_section][et_pb_section fb_built=\"1\" _builder_version=\"4.4.0\" background_color=\"#d4a4a9\"][et_pb_row column_structure=\"1_3,1_3,1_3\" _builder_version=\"4.4.0\"][et_pb_column type=\"1_3\" _builder_version=\"4.4.0\"][et_pb_text module_class=\"c_blurb c_blurb--contact\" _builder_version=\"4.4.0\"]<\/p><h2>Contact us<\/h2><p>[\/et_pb_text][et_pb_text _builder_version=\"4.4.0\"][contact-form-7 id=\"371\" title=\"EN - Contact\"][\/et_pb_text][\/et_pb_column][et_pb_column type=\"1_3\" _builder_version=\"4.4.0\"][et_pb_text module_class=\"c_blurb c_blurb--contact\" _builder_version=\"4.4.0\"]<\/p><h2>Contact information<\/h2><p>[\/et_pb_text][et_pb_text module_class=\"contact_info\" _builder_version=\"4.4.0\" text_text_color=\"#ffffff\"]<\/p><p><strong>FertilityPort Prague s.r.o.<\/strong><br \/>Smr\u010dkova\u00a02485\/4<br \/>180 00 Praha 8<\/p><p>building: DOCK 2<\/p><p>I\u010cO: 02872145<br \/>Bank details: 77667655\/5500<\/p><p><strong>Reception:<\/strong><br \/>Telephone:\u00a0<a href=\"tel:00420274771298\">+420 274 771 298<\/a><br \/>GSM:\u00a0<a href=\"tel:00420725513270\">+420 725 513 270<\/a><br \/>E-mail:\u00a0<a href=\"mailto:info@fertilityport.com\">info@fertilityport.com<\/a><br \/>Web:\u00a0<a href=\"https:\/\/fertilityport.com\/\">www.fertilityport.com<\/a><\/p><p><strong>Working hours:<\/strong><br \/>Monday \u2013 Friday\u00a08:00- 16:30<br \/>Saturday and Sunday after phone consultation<\/p><p><strong>How to reach us:<\/strong><br \/>Public Transport line B \u2013 Metro station Palmovka<br \/>Building Dock 2 \u2013 next to restaurant Kolkovna Dock<\/p><p>[\/et_pb_text][\/et_pb_column][et_pb_column type=\"1_3\" _builder_version=\"4.4.0\"][et_pb_text module_class=\"c_blurb c_blurb--contact\" _builder_version=\"4.4.0\"]<\/p><h2>Map<\/h2><p>[\/et_pb_text][et_pb_code _builder_version=\"4.4.0\" hover_enabled=\"0\"]<iframe style=\"border: 0;\" tabindex=\"0\" src=\"https:\/\/www.google.com\/maps\/embed?pb=!1m14!1m8!1m3!1d10236.10323315044!2d14.4686653!3d50.1045239!3m2!1i1024!2i768!4f13.1!3m3!1m2!1s0x0%3A0xbdc453b40e0ad8e1!2sFertilityPort%20Prague!5e0!3m2!1scs!2scz!4v1583954201119!5m2!1scs!2scz\" width=\"100%\" height=\"450\" frameborder=\"0\" allowfullscreen=\"allowfullscreen\" aria-hidden=\"false\" data-mce-fragment=\"1\"><\/iframe>[\/et_pb_code][\/et_pb_column][\/et_pb_row][\/et_pb_section]<\/p>","_et_gb_content_width":"","footnotes":""},"class_list":["post-950","page","type-page","status-publish","hentry"],"acf":[],"yoast_head":"<!-- This site is optimized with the Yoast SEO plugin v27.2 - https:\/\/yoast.com\/product\/yoast-seo-wordpress\/ -->\n<title>Kontaktdaten | FertilityPort Prague<\/title>\n<meta name=\"description\" content=\"Wir stehen Ihnen gerne zur Verf\u00fcgung. Sie k\u00f6nnen unser Formular ausf\u00fcllen oder den Tel.kontakt oder die E-Mail-Adresse verwenden\" \/>\n<meta name=\"robots\" content=\"index, follow, max-snippet:-1, max-image-preview:large, max-video-preview:-1\" \/>\n<link rel=\"canonical\" href=\"https:\/\/fertilityport.com\/de\/kontakt\/\" \/>\n<meta property=\"og:locale\" content=\"de_DE\" \/>\n<meta property=\"og:type\" content=\"article\" \/>\n<meta property=\"og:title\" content=\"Kontaktdaten | FertilityPort Prague\" \/>\n<meta property=\"og:description\" content=\"Wir stehen Ihnen gerne zur Verf\u00fcgung. Sie k\u00f6nnen unser Formular ausf\u00fcllen oder den Tel.kontakt oder die E-Mail-Adresse verwenden\" \/>\n<meta property=\"og:url\" content=\"https:\/\/fertilityport.com\/de\/kontakt\/\" \/>\n<meta property=\"og:site_name\" content=\"FertilityPort Prague\" \/>\n<meta property=\"article:modified_time\" content=\"2022-05-09T08:31:29+00:00\" \/>\n<meta name=\"twitter:card\" content=\"summary_large_image\" \/>\n<meta name=\"twitter:label1\" content=\"Gesch\u00e4tzte Lesezeit\" \/>\n\t<meta name=\"twitter:data1\" content=\"2\u00a0Minuten\" \/>\n<script type=\"application\/ld+json\" class=\"yoast-schema-graph\">{\"@context\":\"https:\/\/schema.org\",\"@graph\":[{\"@type\":\"WebPage\",\"@id\":\"https:\/\/fertilityport.com\/de\/kontakt\/\",\"url\":\"https:\/\/fertilityport.com\/de\/kontakt\/\",\"name\":\"Kontaktdaten | FertilityPort Prague\",\"isPartOf\":{\"@id\":\"https:\/\/fertilityport.com\/#website\"},\"datePublished\":\"2020-03-14T17:19:05+00:00\",\"dateModified\":\"2022-05-09T08:31:29+00:00\",\"description\":\"Wir stehen Ihnen gerne zur Verf\u00fcgung. Sie k\u00f6nnen unser Formular ausf\u00fcllen oder den Tel.kontakt oder die E-Mail-Adresse verwenden\",\"breadcrumb\":{\"@id\":\"https:\/\/fertilityport.com\/de\/kontakt\/#breadcrumb\"},\"inLanguage\":\"de\",\"potentialAction\":[{\"@type\":\"ReadAction\",\"target\":[\"https:\/\/fertilityport.com\/de\/kontakt\/\"]}]},{\"@type\":\"BreadcrumbList\",\"@id\":\"https:\/\/fertilityport.com\/de\/kontakt\/#breadcrumb\",\"itemListElement\":[{\"@type\":\"ListItem\",\"position\":1,\"name\":\"Home\",\"item\":\"https:\/\/fertilityport.com\/de\/\"},{\"@type\":\"ListItem\",\"position\":2,\"name\":\"Kontakt\"}]},{\"@type\":\"WebSite\",\"@id\":\"https:\/\/fertilityport.com\/#website\",\"url\":\"https:\/\/fertilityport.com\/\",\"name\":\"FertilityPort Prague\",\"description\":\"\",\"potentialAction\":[{\"@type\":\"SearchAction\",\"target\":{\"@type\":\"EntryPoint\",\"urlTemplate\":\"https:\/\/fertilityport.com\/?s={search_term_string}\"},\"query-input\":{\"@type\":\"PropertyValueSpecification\",\"valueRequired\":true,\"valueName\":\"search_term_string\"}}],\"inLanguage\":\"de\"}]}<\/script>\n<!-- \/ Yoast SEO plugin. -->","yoast_head_json":{"title":"Kontaktdaten | FertilityPort Prague","description":"Wir stehen Ihnen gerne zur Verf\u00fcgung. Sie k\u00f6nnen unser Formular ausf\u00fcllen oder den Tel.kontakt oder die E-Mail-Adresse verwenden","robots":{"index":"index","follow":"follow","max-snippet":"max-snippet:-1","max-image-preview":"max-image-preview:large","max-video-preview":"max-video-preview:-1"},"canonical":"https:\/\/fertilityport.com\/de\/kontakt\/","og_locale":"de_DE","og_type":"article","og_title":"Kontaktdaten | FertilityPort Prague","og_description":"Wir stehen Ihnen gerne zur Verf\u00fcgung. Sie k\u00f6nnen unser Formular ausf\u00fcllen oder den Tel.kontakt oder die E-Mail-Adresse verwenden","og_url":"https:\/\/fertilityport.com\/de\/kontakt\/","og_site_name":"FertilityPort Prague","article_modified_time":"2022-05-09T08:31:29+00:00","twitter_card":"summary_large_image","twitter_misc":{"Gesch\u00e4tzte Lesezeit":"2\u00a0Minuten"},"schema":{"@context":"https:\/\/schema.org","@graph":[{"@type":"WebPage","@id":"https:\/\/fertilityport.com\/de\/kontakt\/","url":"https:\/\/fertilityport.com\/de\/kontakt\/","name":"Kontaktdaten | FertilityPort Prague","isPartOf":{"@id":"https:\/\/fertilityport.com\/#website"},"datePublished":"2020-03-14T17:19:05+00:00","dateModified":"2022-05-09T08:31:29+00:00","description":"Wir stehen Ihnen gerne zur Verf\u00fcgung. Sie k\u00f6nnen unser Formular ausf\u00fcllen oder den Tel.kontakt oder die E-Mail-Adresse verwenden","breadcrumb":{"@id":"https:\/\/fertilityport.com\/de\/kontakt\/#breadcrumb"},"inLanguage":"de","potentialAction":[{"@type":"ReadAction","target":["https:\/\/fertilityport.com\/de\/kontakt\/"]}]},{"@type":"BreadcrumbList","@id":"https:\/\/fertilityport.com\/de\/kontakt\/#breadcrumb","itemListElement":[{"@type":"ListItem","position":1,"name":"Home","item":"https:\/\/fertilityport.com\/de\/"},{"@type":"ListItem","position":2,"name":"Kontakt"}]},{"@type":"WebSite","@id":"https:\/\/fertilityport.com\/#website","url":"https:\/\/fertilityport.com\/","name":"FertilityPort Prague","description":"","potentialAction":[{"@type":"SearchAction","target":{"@type":"EntryPoint","urlTemplate":"https:\/\/fertilityport.com\/?s={search_term_string}"},"query-input":{"@type":"PropertyValueSpecification","valueRequired":true,"valueName":"search_term_string"}}],"inLanguage":"de"}]}},"_links":{"self":[{"href":"https:\/\/fertilityport.com\/de\/wp-json\/wp\/v2\/pages\/950","targetHints":{"allow":["GET"]}}],"collection":[{"href":"https:\/\/fertilityport.com\/de\/wp-json\/wp\/v2\/pages"}],"about":[{"href":"https:\/\/fertilityport.com\/de\/wp-json\/wp\/v2\/types\/page"}],"author":[{"embeddable":true,"href":"https:\/\/fertilityport.com\/de\/wp-json\/wp\/v2\/users\/2"}],"replies":[{"embeddable":true,"href":"https:\/\/fertilityport.com\/de\/wp-json\/wp\/v2\/comments?post=950"}],"version-history":[{"count":12,"href":"https:\/\/fertilityport.com\/de\/wp-json\/wp\/v2\/pages\/950\/revisions"}],"predecessor-version":[{"id":5653,"href":"https:\/\/fertilityport.com\/de\/wp-json\/wp\/v2\/pages\/950\/revisions\/5653"}],"wp:attachment":[{"href":"https:\/\/fertilityport.com\/de\/wp-json\/wp\/v2\/media?parent=950"}],"curies":[{"name":"wp","href":"https:\/\/api.w.org\/{rel}","templated":true}]}}