{"id":962,"date":"2020-03-14T18:29:22","date_gmt":"2020-03-14T17:29:22","guid":{"rendered":"https:\/\/fertilityport.vesmirnekure.cz\/?page_id=962"},"modified":"2022-05-09T10:51:50","modified_gmt":"2022-05-09T08:51:50","slug":"eizellen-spenden","status":"publish","type":"page","link":"https:\/\/fertilityport.com\/de\/eizellen-spenden\/","title":{"rendered":"Eizellenspende"},"content":{"rendered":"<p>[et_pb_section fb_built=&#8220;1&#8243; module_class=&#8220;welcome&#8211;page&#8220; _builder_version=&#8220;4.4.1&#8243; background_image=&#8220;https:\/\/fertilityport.com\/wp-content\/uploads\/2020\/03\/chci_darovat_head_zena.jpg&#8220; global_colors_info=&#8220;{}&#8220;][et_pb_row column_structure=&#8220;2_3,1_3&#8243; _builder_version=&#8220;4.4.0&#8243; global_colors_info=&#8220;{}&#8220;][et_pb_column type=&#8220;2_3&#8243; _builder_version=&#8220;4.4.0&#8243; global_colors_info=&#8220;{}&#8220;][et_pb_text module_class=&#8220;c_blurb&#8220; _builder_version=&#8220;4.4.0&#8243; global_colors_info=&#8220;{}&#8220;]<\/p>\n<h1>Eizellenspende<\/h1>\n<p>Als Eizellenspenderin sind sie h\u00e4ufig die aller letzte Hoffnung f\u00fcr eine Familiengr\u00fcndung. Sie schenken dem Paar ein Traum von einer Familie.<\/p>\n<p>In der Zeit vor und w\u00e4hrend der Stimulation steht Ihnen unsere Koordinatorin zur Verf\u00fcgung, mit der Sie jeder Zeit in Kontakt treten k\u00f6nnen, falls Ihnen irgendetwas unklar w\u00e4re.<\/p>\n<p>Das Eizellenspenden ist freiwillig, anonym und kostenlos. Die Spenderin und Empf\u00e4ngerin und auch das k\u00fcnftiges Kind bleibt ganz anonym.<\/p>\n<p>Kompensation des Einnahmenverlustes wird Ihnen einmalig am Tag der Eizellenannahme ausgezahlt.<\/p>\n<p>[\/et_pb_text][\/et_pb_column][et_pb_column type=&#8220;1_3&#8243; _builder_version=&#8220;4.4.0&#8243; global_colors_info=&#8220;{}&#8220;][\/et_pb_column][\/et_pb_row][\/et_pb_section][et_pb_section fb_built=&#8220;1&#8243; _builder_version=&#8220;4.4.0&#8243; global_colors_info=&#8220;{}&#8220;][et_pb_row column_structure=&#8220;3_5,2_5&#8243; _builder_version=&#8220;4.4.0&#8243; global_colors_info=&#8220;{}&#8220;][et_pb_column type=&#8220;3_5&#8243; _builder_version=&#8220;4.4.0&#8243; global_colors_info=&#8220;{}&#8220;][et_pb_text _builder_version=&#8220;4.4.0&#8243; global_colors_info=&#8220;{}&#8220;]<\/p>\n<h2>Kriterien bei der Auswahl der Spenderin:<\/h2>\n<ul>\n<li>Alter zwischen 18 und 35 Jahren<\/li>\n<li>Guter physischer und psychischer Zustand<\/li>\n<li>Wir erwarten ausgezeichnete Eizellen und einen normalen gyn\u00e4kologischen Befund<\/li>\n<li>Um die \u00dcbertragung genetisch abh\u00e4ngiger Krankheiten vorzubeugen, m\u00fcssen sie unseren Bedingungen erf\u00fcllen.<\/li>\n<li>Sie m\u00fcssen strenge Bedingungen erf\u00fcllen, damit es nicht zur \u00dcbertragung der genetisch abh\u00e4ngigen Krankheiten k\u00e4me<\/li>\n<\/ul>\n<p>[\/et_pb_text][et_pb_text _builder_version=&#8220;4.4.0&#8243; global_colors_info=&#8220;{}&#8220;]<\/p>\n<h2>Ihre Vorteile des Spendens:<\/h2>\n<ul>\n<li>Sie Helfen anderen in ihrer letzten Hoffnung<\/li>\n<li>Komplette medizinische Untersuchung der Fruchtbarkeit und s\u00e4mtliche genetische Untersuchung, die auch in der Zukunft Ihnen und Ihren Kindern helfen k\u00f6nnen.<\/li>\n<li>Falls die Eizellen\u00fcbertragung aus irgendwelchem Grund f\u00fcr Sie ein Risiko bedeuten sollte, w\u00fcrden wir es Ihnen nicht empfehlen.<\/li>\n<\/ul>\n<p>[\/et_pb_text][et_pb_text _builder_version=&#8220;4.4.0&#8243; global_colors_info=&#8220;{}&#8220;]<\/p>\n<h2>Weitere Schritte, falls Sie sich entscheiden, Spenderin zu werden:<\/h2>\n<ul>\n<li>Online Formular ausf\u00fcllen, danach werden Sie von unserer Koordinatorin kontaktiert. Sie wird mit Ihnen ein passender Termin f\u00fcr das Erstgespr\u00e4ch vereinbaren.<\/li>\n<li>Beim Erstgespr\u00e4ch mit dem Arzt erhalten Sie s\u00e4mtliche Infomationen \u00fcber die Infertilit\u00e4tsbehandlung, selbstverst\u00e4ndlich erhalten Sie auch Informationen \u00fcber m\u00f6gliche Risiken. Danach werden Sie gyn\u00e4kologisch untersucht, incl. Ultraschalluntersuchung, Blutabnahme f\u00fcr die Laborteste.<\/li>\n<li>Danach folgt die genetische Untersuchung, eine wichtige Phase, bei dem ein Genetiker entscheidet, ob Sie die Eizelle spenden k\u00f6nnen und ob dadurch kein Risiko f\u00fcr Sie als Spenderin und f\u00fcr Empf\u00e4ngerin entstehen k\u00f6nnte<\/li>\n<li>Nach Erhalt der Resultate, falls keine Hindernisse festgestellt werden, werden Sie zur Zyklusplanung f\u00fcr eine Synchronisierung eingeladen. Bei der Planung erhalten Sie weitere Informationen von Ihrem Arzt und seiner Assistentin.<\/li>\n<\/ul>\n<p>[\/et_pb_text][\/et_pb_column][et_pb_column type=&#8220;2_5&#8243; _builder_version=&#8220;4.4.0&#8243; global_colors_info=&#8220;{}&#8220;][et_pb_video src=&#8220;https:\/\/www.youtube.com\/watch?v=XCRVr2hHryQ&#038;feature=emb_title&#8220; _builder_version=&#8220;4.4.0&#8243; global_colors_info=&#8220;{}&#8220;][\/et_pb_video][et_pb_video src=&#8220;https:\/\/www.youtube.com\/watch?v=4J8MP7raxUc&#038;ab_channel=FertilityPortPrague&#8220; _builder_version=&#8220;4.9.2&#8243; global_colors_info=&#8220;{}&#8220;][\/et_pb_video][\/et_pb_column][\/et_pb_row][et_pb_row module_id=&#8220;faq&#8220; _builder_version=&#8220;4.4.0&#8243; global_colors_info=&#8220;{}&#8220;][et_pb_column type=&#8220;4_4&#8243; _builder_version=&#8220;4.4.0&#8243; global_colors_info=&#8220;{}&#8220;][et_pb_text _builder_version=&#8220;4.4.0&#8243; global_colors_info=&#8220;{}&#8220;]<\/p>\n<h2>Eizellen spenden<\/h2>\n<ul>\n<li>Die Spritzen sind schmerzfrei und zu ihrer Applikation ist es nicht notwendig, eine Klinik zu besuchen.<\/li>\n<li>Nach dem Gesundheitscheck k\u00f6nnen sie ihre Eizellen wiederholt nach bestimmten Zeitabst\u00e4nden spenden.<\/li>\n<li>Laut der zug\u00e4nglichen Informationen hat auch eine wiederholte Spende keinen Einfluss auf Ihre eigene Fruchtbarkeit.<\/li>\n<li>W\u00e4hrend der Stimulation werden Sie keine hormonelle Antikonzeption anwenden k\u00f6nnen, deswegen wird Ihnen empfohlen andere Formen der Verh\u00fctung anzuwenden (Kondom)<\/li>\n<li>Einzige Risiko bei hormonellen Stimulation ist \u00fcberm\u00e4\u00dfige Reaktion bei den Eierst\u00f6cken, sog. Hyperstimulationssyndrom, der aber keinen Einfluss auf Ihre Fruchtbarkeit und geplante Schwangerschaft hat. Wir bem\u00fchen uns immer, das Hyperstimulationssyndrom zu vermeiden und deswegen tritt es nicht h\u00e4ufig vor. Falls es bei Ihnen festgestellt sein sollte, werden wir Ihnen die Spende nicht weiterempfehlen.<\/li>\n<li>Hormonspirale bedeutet kein Hindernis zur Spende<\/li>\n<li>Nach der Eizellenabnahme tritt eine normale Menstruation, dass der Menstruationszyklus ist bei den meisten Frauen nicht beeinflusst<\/li>\n<li>Am Tag der Kontrolle und Abnahme erhalten Sie f\u00fcr Ihren Arbeitgeber eine Bescheinigung \u00fcber ihren Arztbesuch<\/li>\n<\/ul>\n<p>[\/et_pb_text][\/et_pb_column][\/et_pb_row][\/et_pb_section][et_pb_section fb_built=&#8220;1&#8243; _builder_version=&#8220;4.4.0&#8243; background_image=&#8220;https:\/\/fertilityport.com\/wp-content\/uploads\/2020\/03\/socket.jpg&#8220; global_colors_info=&#8220;{}&#8220;][et_pb_row _builder_version=&#8220;4.4.0&#8243; global_colors_info=&#8220;{}&#8220;][et_pb_column type=&#8220;4_4&#8243; _builder_version=&#8220;4.4.0&#8243; global_colors_info=&#8220;{}&#8220;][\/et_pb_column][\/et_pb_row][\/et_pb_section][et_pb_section fb_built=&#8220;1&#8243; _builder_version=&#8220;4.4.0&#8243; background_color=&#8220;#d4a4a9&#8243; global_colors_info=&#8220;{}&#8220;][et_pb_row column_structure=&#8220;1_4,1_2,1_4&#8243; _builder_version=&#8220;4.4.0&#8243; global_colors_info=&#8220;{}&#8220;][et_pb_column type=&#8220;1_4&#8243; _builder_version=&#8220;4.4.0&#8243; global_colors_info=&#8220;{}&#8220;][\/et_pb_column][et_pb_column type=&#8220;1_2&#8243; _builder_version=&#8220;4.4.0&#8243; global_colors_info=&#8220;{}&#8220;][et_pb_text _builder_version=&#8220;4.14.4&#8243; hover_enabled=&#8220;0&#8243; global_colors_info=&#8220;{}&#8220; sticky_enabled=&#8220;0&#8243;]<div class='fluentform ff-default fluentform_wrapper_10 ffs_default_wrap'><form data-form_id=\"10\" id=\"fluentform_10\" class=\"frm-fluent-form fluent_form_10 ff-el-form-top ff_form_instance_10_1 ff-form-loading form_bg ffs_default\" data-form_instance=\"ff_form_instance_10_1\" method=\"POST\" ><fieldset  style=\"border: none!important;margin: 0!important;padding: 0!important;background-color: transparent!important;box-shadow: none!important;outline: none!important; min-inline-size: 100%;\">\n                    <legend class=\"ff_screen_reader_title\" style=\"display: block; margin: 0!important;padding: 0!important;height: 0!important;text-indent: -999999px;width: 0!important;overflow:hidden;\">Darov\u00e1n\u00ed \/ zmra\u017een\u00ed - DE<\/legend><input type='hidden' name='__fluent_form_embded_post_id' value='962' \/><input type=\"hidden\" id=\"_fluentform_10_fluentformnonce\" name=\"_fluentform_10_fluentformnonce\" value=\"7b82a0c305\" \/><input type=\"hidden\" name=\"_wp_http_referer\" value=\"\/de\/wp-json\/wp\/v2\/pages\/962\" \/><div class='ff-el-group'><div class=\"ff-el-input--label ff-el-is-required asterisk-right\"><label for='ff_10_input_text' id='label_ff_10_input_text' aria-label=\"Name und Nachname\">Name und Nachname<\/label><\/div><div class='ff-el-input--content'><input type=\"text\" name=\"input_text\" class=\"ff-el-form-control\" placeholder=\"Name eingeben\" data-name=\"input_text\" id=\"ff_10_input_text\"  aria-invalid=\"false\" aria-required=true><\/div><\/div><div class='ff-el-group'><div class=\"ff-el-input--label ff-el-is-required asterisk-right\"><label for='ff_10_email' id='label_ff_10_email' aria-label=\"Email\">Email<\/label><\/div><div class='ff-el-input--content'><input type=\"email\" name=\"email\" id=\"ff_10_email\" class=\"ff-el-form-control\" placeholder=\"Geben Sie Ihre E-Mail Adresse ein\" data-name=\"email\"  aria-invalid=\"false\" aria-required=true><\/div><\/div><div class='ff-el-group'><div class=\"ff-el-input--label ff-el-is-required asterisk-right\"><label for='ff_10_phone' id='label_ff_10_phone' aria-label=\"Tel.\">Tel.<\/label><\/div><div class='ff-el-input--content'><input name=\"phone\" class=\"ff-el-form-control ff-el-phone ff_el_with_extended_validation\" type=\"tel\" data-name=\"phone\" id=\"ff_10_phone\" inputmode=\"tel\"  aria-invalid='false' aria-required=true><\/div><\/div><div class='ff-el-group'><div class=\"ff-el-input--label ff-el-is-required asterisk-right\"><label for='ff_10_numeric-field' id='label_ff_10_numeric-field' aria-label=\"Alter\">Alter<\/label><\/div><div class='ff-el-input--content'><input type=\"number\" name=\"numeric-field\" id=\"ff_10_numeric-field\" class=\"ff-el-form-control\" placeholder=\"Gebe Dein Alter ein\" data-name=\"numeric-field\" inputmode=\"numeric\" step=\"any\"  aria-invalid=\"false\" aria-required=true><\/div><\/div><div class='ff-el-group'><div class=\"ff-el-input--label ff-el-is-required asterisk-right\"><label for='ff_10_description' id='label_ff_10_description' aria-label=\"Frage\">Frage<\/label><\/div><div class='ff-el-input--content'><textarea aria-required=\"true\" aria-labelledby=\"label_ff_10_description\" name=\"description\" id=\"ff_10_description\" class=\"ff-el-form-control\" placeholder=\"Ihre Nachricht eingeben\" rows=\"3\" cols=\"2\" data-name=\"description\" ><\/textarea><\/div><\/div><div class='ff-el-group    ff-el-input--content'><div class='ff-el-form-check ff-el-tc'><label aria-label='Ich stimme den Betriebsbedingungen zu' class='ff-el-form-check-label ff_tc_label' for=terms-n-condition_54e976e18c1f3e753204d3788fc86715><span class='ff_tc_checkbox'><input type=\"checkbox\" name=\"terms-n-condition\" class=\"ff-el-form-check-input\" data-name=\"terms-n-condition\" id=\"terms-n-condition_54e976e18c1f3e753204d3788fc86715\"  value='on' aria-invalid='false' aria-required=true><\/span> <div class='ff_t_c'><p>Ich stimme den Betriebsbedingungen zu<\/p><\/div><\/label><\/div><\/div><div class='ff-el-group ff-text-left ff_submit_btn_wrapper'><button type=\"submit\" class=\"ff-btn ff-btn-submit ff-btn-md btn btn--secondary ff_btn_no_style\"  aria-label=\"Senden\">Senden<\/button><\/div><\/fieldset><\/form><div id='fluentform_10_errors' class='ff-errors-in-stack ff_form_instance_10_1 ff-form-loading_errors ff_form_instance_10_1_errors'><\/div><\/div>            <script type=\"text\/javascript\">\n                window.fluent_form_ff_form_instance_10_1 = {\"id\":\"10\",\"ajaxUrl\":\"https:\\\/\\\/fertilityport.com\\\/wp-admin\\\/admin-ajax.php\",\"settings\":{\"layout\":{\"labelPlacement\":\"top\",\"helpMessagePlacement\":\"with_label\",\"errorMessagePlacement\":\"inline\",\"asteriskPlacement\":\"asterisk-right\"},\"restrictions\":{\"denyEmptySubmission\":{\"enabled\":false}}},\"form_instance\":\"ff_form_instance_10_1\",\"form_id_selector\":\"fluentform_10\",\"rules\":{\"input_text\":{\"required\":{\"value\":true,\"message\":\"Das Feld ist obligatorisch.\"}},\"email\":{\"required\":{\"value\":true,\"message\":\"Das Feld ist obligatorisch.\"},\"email\":{\"value\":true,\"message\":\"This field must contain a valid email\"}},\"phone\":{\"required\":{\"value\":true,\"message\":\"Das Feld ist obligatorisch.\"},\"valid_phone_number\":{\"value\":true,\"message\":\"Phone number is not valid\"}},\"numeric-field\":{\"required\":{\"value\":true,\"message\":\"Das Feld ist obligatorisch.\"},\"numeric\":{\"value\":true,\"message\":\"This field must contain numeric value\"},\"min\":{\"value\":\"\",\"message\":\"Minimum value is \"},\"max\":{\"value\":\"\",\"message\":\"Maximum value is \"},\"digits\":{\"value\":\"\",\"message\":\"The number of digits has to be \"}},\"description\":{\"required\":{\"value\":true,\"message\":\"Das Feld ist obligatorisch.\"}},\"terms-n-condition\":{\"required\":{\"value\":true,\"message\":\"Das Feld ist obligatorisch.\"}}},\"debounce_time\":300};\n                            <\/script>\n            [\/et_pb_text][\/et_pb_column][et_pb_column type=&#8220;1_4&#8243; _builder_version=&#8220;4.4.0&#8243; global_colors_info=&#8220;{}&#8220;][\/et_pb_column][\/et_pb_row][\/et_pb_section]<\/p>\n","protected":false},"excerpt":{"rendered":"<p>Eizellenspende Als Eizellenspenderin sind sie h\u00e4ufig die aller letzte Hoffnung f\u00fcr eine Familiengr\u00fcndung. Sie schenken dem Paar ein Traum von einer Familie. In der Zeit vor und w\u00e4hrend der Stimulation steht Ihnen unsere Koordinatorin zur Verf\u00fcgung, mit der Sie jeder Zeit in Kontakt treten k\u00f6nnen, falls Ihnen irgendetwas unklar w\u00e4re. Das Eizellenspenden ist freiwillig, anonym [&hellip;]<\/p>\n","protected":false},"author":2,"featured_media":0,"parent":0,"menu_order":0,"comment_status":"closed","ping_status":"closed","template":"","meta":{"_acf_changed":false,"_et_pb_use_builder":"on","_et_pb_old_content":"<p>[et_pb_section fb_built=\"1\" _builder_version=\"4.4.0\" background_image=\"https:\/\/fertilityport.com\/wp-content\/uploads\/2020\/03\/chci_darovat_head_zena.jpg\"][et_pb_row column_structure=\"2_3,1_3\" _builder_version=\"4.4.0\"][et_pb_column type=\"2_3\" _builder_version=\"4.4.0\"][et_pb_text module_class=\"c_blurb\" _builder_version=\"4.4.0\"]<\/p><h1>Egg donation<\/h1><p>Often, as an egg donor you will become the only hope for infertile couples to start a family. Donate your eggs and fulfil the many couple\u2019s dream to have a complete family.<br \/>Before, during and after the stimulation our coordinator will be at your disposal. You can contact her any time regarding any questions you might have in connection with the stimulation.<br \/>Egg donation is voluntary, anonymous and free of charge. The donor, the recipient and the future child remain in total anonymity.<br \/>You will be compensated for the income lost in connection with the donation as a lump sum on the day of the collection of eggs.[\/et_pb_text][\/et_pb_column][et_pb_column type=\"1_3\" _builder_version=\"4.4.0\"][\/et_pb_column][\/et_pb_row][\/et_pb_section][et_pb_section fb_built=\"1\" _builder_version=\"4.4.0\"][et_pb_row column_structure=\"3_5,2_5\" _builder_version=\"4.4.0\"][et_pb_column type=\"3_5\" _builder_version=\"4.4.0\"][et_pb_text _builder_version=\"4.4.0\"]<\/p><h2>Conditions you have to meet as a future donor:<\/h2><ul><li>18 to 35 years of age<\/li><li>good psychological and physical condition<\/li><li>we expect an excellent supply of eggs and a nominal gynaecological report<\/li><li>you have to fulfil relatively strict requirements with regard to potential transmission of genetically dependent diseases<\/li><\/ul><p>[\/et_pb_text][et_pb_text _builder_version=\"4.4.0\"]<\/p><h2>What will the donation bring to you:<\/h2><ul><li>you will fulfil your need to help others<\/li><li>a full examination of your fertility and state of health, which may be of benefit to both you and your children<\/li><li>should the donation pose any kind of risk to you, we will not recommend it\u00a0<\/li><\/ul><p>[\/et_pb_text][et_pb_text _builder_version=\"4.4.0\"]<\/p><h2>How to proceed if you want to become a donor:<\/h2><ul><li>fill in the on-line form and our coordinator will contact you and give you the preliminary consultation date and time which will suit you<\/li><li>during the preliminary consultation you will undergo an interview with a doctor who will provide instruction and advice on the complete process of egg donation including information about potential risks, you will undergo a complete gynaecological examination including sonography and you will have a blood sample taken for laboratory examination<\/li><li>you undergo genetic examination \u2013 this is a very important phase because the geneticist issues an opinion on whether you are capable of donating eggs and the donation poses any health risks for you or the recipient<\/li><li>upon the reception of the results showing no obstacle to the donation you will be given an appointment to plan your cycle with the stimulation, during which the doctor and nurse will explain everything in detail to you<\/li><\/ul><p>[\/et_pb_text][\/et_pb_column][et_pb_column type=\"2_5\" _builder_version=\"4.4.0\"][et_pb_video src=\"https:\/\/www.youtube.com\/watch?v=Ad5zRaWdhrs\" _builder_version=\"4.4.0\"][\/et_pb_video][\/et_pb_column][\/et_pb_row][et_pb_row _builder_version=\"4.4.0\" hover_enabled=\"0\" module_id=\"faq\"][et_pb_column type=\"4_4\" _builder_version=\"4.4.0\"][et_pb_text _builder_version=\"4.4.0\"]<\/p><h2>Frequently asked questions<\/h2><ul><li>The injections are painless and they may be administered outside the clinic.<\/li><li>After an assessment of your state of health you may donate repeatedly, however with certain intervals necessary for convalescence.<\/li><li>Based on available information there is no impairment done to your fertility due to collection of eggs, even if repeated.<\/li><li>During the actual stimulation you will not use hormonal contraception and so other forms of contraception is recommended \u2013 a condom.<\/li><li>Hormonal stimulation poses a risk of an excessive reaction of the ovaries, the so-called hyperstimulation syndrome, which, however, has no influence on your fertility and planned pregnancy in the future. We try to prevent the hyperstimulation syndrome and it does not appear frequently. Should you be diagnosed with a higher risk of hyperstimulation syndrome we will not recommend the donation cycle to you.<\/li><li>Intrauterine devices (IUDs) do not present any obstruction to the donation.<\/li><li>After the collection the menstruation often comes in the usual time and manner, the menstrual cycle is not \u201cdistorted\u201d in the majority of women.<\/li><li>We may provide you with a certificate of medical appointment on the day of the examination at our clinic and on the day of the collection of the eggs.<\/li><\/ul><p>[\/et_pb_text][\/et_pb_column][\/et_pb_row][\/et_pb_section][et_pb_section fb_built=\"1\" _builder_version=\"4.4.0\" background_image=\"https:\/\/fertilityport.com\/wp-content\/uploads\/2020\/03\/socket.jpg\"][et_pb_row _builder_version=\"4.4.0\"][et_pb_column type=\"4_4\" _builder_version=\"4.4.0\"][\/et_pb_column][\/et_pb_row][\/et_pb_section][et_pb_section fb_built=\"1\" _builder_version=\"4.4.0\" background_color=\"#d4a4a9\"][et_pb_row column_structure=\"1_4,1_2,1_4\" _builder_version=\"4.4.0\"][et_pb_column type=\"1_4\" _builder_version=\"4.4.0\"][\/et_pb_column][et_pb_column type=\"1_2\" _builder_version=\"4.4.0\"][et_pb_text _builder_version=\"4.4.0\"]<\/p><p>[contact-form-7 id=\"16\" title=\"EN - Egg donation\"]<\/p><p>[\/et_pb_text][\/et_pb_column][et_pb_column type=\"1_4\" _builder_version=\"4.4.0\"][\/et_pb_column][\/et_pb_row][\/et_pb_section]<\/p>","_et_gb_content_width":"","footnotes":""},"class_list":["post-962","page","type-page","status-publish","hentry"],"acf":[],"yoast_head":"<!-- This site is optimized with the Yoast SEO plugin v27.4 - https:\/\/yoast.com\/product\/yoast-seo-wordpress\/ -->\n<title>Eizellenspende | FertilityPort Prague<\/title>\n<meta name=\"description\" content=\"Als Spenderin sind Sie oft die einzige Hoffnung, eine Familie f\u00fcr unfruchtbare Paare zu gr\u00fcnden.\" \/>\n<meta name=\"robots\" content=\"index, follow, max-snippet:-1, max-image-preview:large, max-video-preview:-1\" \/>\n<link rel=\"canonical\" href=\"https:\/\/fertilityport.com\/egg-donation\/\" \/>\n<meta property=\"og:locale\" content=\"de_DE\" \/>\n<meta property=\"og:type\" content=\"article\" \/>\n<meta property=\"og:title\" content=\"Eizellenspende | FertilityPort Prague\" \/>\n<meta property=\"og:description\" content=\"Als Spenderin sind Sie oft die einzige Hoffnung, eine Familie f\u00fcr unfruchtbare Paare zu gr\u00fcnden.\" \/>\n<meta property=\"og:url\" content=\"https:\/\/fertilityport.com\/egg-donation\/\" \/>\n<meta property=\"og:site_name\" content=\"FertilityPort Prague\" \/>\n<meta property=\"article:modified_time\" content=\"2022-05-09T08:51:50+00:00\" \/>\n<meta name=\"twitter:card\" content=\"summary_large_image\" \/>\n<meta name=\"twitter:label1\" content=\"Gesch\u00e4tzte Lesezeit\" \/>\n\t<meta name=\"twitter:data1\" content=\"4\u00a0Minuten\" \/>\n<script type=\"application\/ld+json\" class=\"yoast-schema-graph\">{\"@context\":\"https:\\\/\\\/schema.org\",\"@graph\":[{\"@type\":\"WebPage\",\"@id\":\"https:\\\/\\\/fertilityport.com\\\/egg-donation\\\/\",\"url\":\"https:\\\/\\\/fertilityport.com\\\/egg-donation\\\/\",\"name\":\"Eizellenspende | FertilityPort Prague\",\"isPartOf\":{\"@id\":\"https:\\\/\\\/fertilityport.com\\\/#website\"},\"datePublished\":\"2020-03-14T17:29:22+00:00\",\"dateModified\":\"2022-05-09T08:51:50+00:00\",\"description\":\"Als Spenderin sind Sie oft die einzige Hoffnung, eine Familie f\u00fcr unfruchtbare Paare zu gr\u00fcnden.\",\"breadcrumb\":{\"@id\":\"https:\\\/\\\/fertilityport.com\\\/egg-donation\\\/#breadcrumb\"},\"inLanguage\":\"de\",\"potentialAction\":[{\"@type\":\"ReadAction\",\"target\":[\"https:\\\/\\\/fertilityport.com\\\/egg-donation\\\/\"]}]},{\"@type\":\"BreadcrumbList\",\"@id\":\"https:\\\/\\\/fertilityport.com\\\/egg-donation\\\/#breadcrumb\",\"itemListElement\":[{\"@type\":\"ListItem\",\"position\":1,\"name\":\"Home\",\"item\":\"https:\\\/\\\/fertilityport.com\\\/de\\\/\"},{\"@type\":\"ListItem\",\"position\":2,\"name\":\"Eizellenspende\"}]},{\"@type\":\"WebSite\",\"@id\":\"https:\\\/\\\/fertilityport.com\\\/#website\",\"url\":\"https:\\\/\\\/fertilityport.com\\\/\",\"name\":\"FertilityPort Prague\",\"description\":\"\",\"potentialAction\":[{\"@type\":\"SearchAction\",\"target\":{\"@type\":\"EntryPoint\",\"urlTemplate\":\"https:\\\/\\\/fertilityport.com\\\/?s={search_term_string}\"},\"query-input\":{\"@type\":\"PropertyValueSpecification\",\"valueRequired\":true,\"valueName\":\"search_term_string\"}}],\"inLanguage\":\"de\"}]}<\/script>\n<!-- \/ Yoast SEO plugin. -->","yoast_head_json":{"title":"Eizellenspende | FertilityPort Prague","description":"Als Spenderin sind Sie oft die einzige Hoffnung, eine Familie f\u00fcr unfruchtbare Paare zu gr\u00fcnden.","robots":{"index":"index","follow":"follow","max-snippet":"max-snippet:-1","max-image-preview":"max-image-preview:large","max-video-preview":"max-video-preview:-1"},"canonical":"https:\/\/fertilityport.com\/egg-donation\/","og_locale":"de_DE","og_type":"article","og_title":"Eizellenspende | FertilityPort Prague","og_description":"Als Spenderin sind Sie oft die einzige Hoffnung, eine Familie f\u00fcr unfruchtbare Paare zu gr\u00fcnden.","og_url":"https:\/\/fertilityport.com\/egg-donation\/","og_site_name":"FertilityPort Prague","article_modified_time":"2022-05-09T08:51:50+00:00","twitter_card":"summary_large_image","twitter_misc":{"Gesch\u00e4tzte Lesezeit":"4\u00a0Minuten"},"schema":{"@context":"https:\/\/schema.org","@graph":[{"@type":"WebPage","@id":"https:\/\/fertilityport.com\/egg-donation\/","url":"https:\/\/fertilityport.com\/egg-donation\/","name":"Eizellenspende | FertilityPort Prague","isPartOf":{"@id":"https:\/\/fertilityport.com\/#website"},"datePublished":"2020-03-14T17:29:22+00:00","dateModified":"2022-05-09T08:51:50+00:00","description":"Als Spenderin sind Sie oft die einzige Hoffnung, eine Familie f\u00fcr unfruchtbare Paare zu gr\u00fcnden.","breadcrumb":{"@id":"https:\/\/fertilityport.com\/egg-donation\/#breadcrumb"},"inLanguage":"de","potentialAction":[{"@type":"ReadAction","target":["https:\/\/fertilityport.com\/egg-donation\/"]}]},{"@type":"BreadcrumbList","@id":"https:\/\/fertilityport.com\/egg-donation\/#breadcrumb","itemListElement":[{"@type":"ListItem","position":1,"name":"Home","item":"https:\/\/fertilityport.com\/de\/"},{"@type":"ListItem","position":2,"name":"Eizellenspende"}]},{"@type":"WebSite","@id":"https:\/\/fertilityport.com\/#website","url":"https:\/\/fertilityport.com\/","name":"FertilityPort Prague","description":"","potentialAction":[{"@type":"SearchAction","target":{"@type":"EntryPoint","urlTemplate":"https:\/\/fertilityport.com\/?s={search_term_string}"},"query-input":{"@type":"PropertyValueSpecification","valueRequired":true,"valueName":"search_term_string"}}],"inLanguage":"de"}]}},"_links":{"self":[{"href":"https:\/\/fertilityport.com\/de\/wp-json\/wp\/v2\/pages\/962","targetHints":{"allow":["GET"]}}],"collection":[{"href":"https:\/\/fertilityport.com\/de\/wp-json\/wp\/v2\/pages"}],"about":[{"href":"https:\/\/fertilityport.com\/de\/wp-json\/wp\/v2\/types\/page"}],"author":[{"embeddable":true,"href":"https:\/\/fertilityport.com\/de\/wp-json\/wp\/v2\/users\/2"}],"replies":[{"embeddable":true,"href":"https:\/\/fertilityport.com\/de\/wp-json\/wp\/v2\/comments?post=962"}],"version-history":[{"count":11,"href":"https:\/\/fertilityport.com\/de\/wp-json\/wp\/v2\/pages\/962\/revisions"}],"predecessor-version":[{"id":5661,"href":"https:\/\/fertilityport.com\/de\/wp-json\/wp\/v2\/pages\/962\/revisions\/5661"}],"wp:attachment":[{"href":"https:\/\/fertilityport.com\/de\/wp-json\/wp\/v2\/media?parent=962"}],"curies":[{"name":"wp","href":"https:\/\/api.w.org\/{rel}","templated":true}]}}