{"id":969,"date":"2020-03-14T18:34:13","date_gmt":"2020-03-14T17:34:13","guid":{"rendered":"https:\/\/fertilityport.vesmirnekure.cz\/?page_id=969"},"modified":"2022-05-25T16:37:05","modified_gmt":"2022-05-25T14:37:05","slug":"embryologen","status":"publish","type":"page","link":"https:\/\/fertilityport.com\/de\/embryologen\/","title":{"rendered":"Embryologen"},"content":{"rendered":"<p>[et_pb_section fb_built=&#8220;1&#8243; _builder_version=&#8220;4.4.0&#8243; background_color=&#8220;#e2e2e2&#8243; global_colors_info=&#8220;{}&#8220;][et_pb_row _builder_version=&#8220;4.4.0&#8243; global_colors_info=&#8220;{}&#8220;][et_pb_column type=&#8220;4_4&#8243; _builder_version=&#8220;4.4.0&#8243; global_colors_info=&#8220;{}&#8220;][et_pb_text module_class=&#8220;c_blurb&#8220; _builder_version=&#8220;4.4.0&#8243; global_colors_info=&#8220;{}&#8220;]<\/p>\n<h1>Embryologische Labor<\/h1>\n<p>[\/et_pb_text][\/et_pb_column][\/et_pb_row][\/et_pb_section][et_pb_section fb_built=&#8220;1&#8243; module_class=&#8220;aboutus&#8220; _builder_version=&#8220;4.4.0&#8243; global_colors_info=&#8220;{}&#8220;][et_pb_row column_structure=&#8220;1_4,3_4&#8243; _builder_version=&#8220;4.4.0&#8243; global_colors_info=&#8220;{}&#8220; locked=&#8220;off&#8220;][et_pb_column type=&#8220;1_4&#8243; _builder_version=&#8220;4.4.0&#8243; global_colors_info=&#8220;{}&#8220;][et_pb_image src=&#8220;https:\/\/fertilityport.com\/wp-content\/uploads\/2022\/05\/p-koubek.jpg&#8220; title_text=&#8220;p-koubek&#8220; module_class=&#8220;about_img&#8220; _builder_version=&#8220;4.14.4&#8243; global_colors_info=&#8220;{}&#8220;][\/et_pb_image][\/et_pb_column][et_pb_column type=&#8220;3_4&#8243; _builder_version=&#8220;4.4.0&#8243; global_colors_info=&#8220;{}&#8220;][et_pb_text module_class=&#8220;c_blurb&#8220; _builder_version=&#8220;4.14.4&#8243; hover_enabled=&#8220;0&#8243; global_colors_info=&#8220;{}&#8220; sticky_enabled=&#8220;0&#8243;]<\/p>\n<h2>Pavel Koubek, Ph.D., Klinischer Embryologe<\/h2>\n<h3 class=\"h3\">Ausbildung und Spezialisierung:<\/h3>\n<p>Institut f\u00fcr Chemische Technologie, Prag. Studienrichtung: Biomedizin.<br \/>Karlsuniversit\u00e4t, Prag. Ph.D. Entwicklungsbiologie studieren.<br \/>Bescheinigung, Klinischer Embryologe.<\/p>\n<h3>Berufserfahrung:<\/h3>\n<ul>\n<li>2002-2009 Wissenschaftlicher Mitarbeiter, Tschechische Akademie der Wissenschaften, Abteilung f\u00fcr Biologie und Biochemie der Befruchtung.<\/li>\n<li>2006-2007 Wissenschaftlicher Mitarbeiter\/Embryologe, Motol University Hospital, Zentrum f\u00fcr Reproduktionsmedizin und Reproduktionsgenetik.<\/li>\n<li>2007-2011 Embryologe, PRONATAL Nord.<\/li>\n<li>2011 Embryologe, PRONATAL Sanatorium.<\/li>\n<li>2011-2015 Leiter des IVF-Labors, PRONATAL Spa<\/li>\n<li>2015 \u2013 2021 Leitung IVF-Labor, ProCrea Swiss IVF Center (ehemals Gest)<\/li>\n<\/ul>\n<h3>Sprachkenntnisse:<\/h3>\n<p>Englisch \u2013 Fortgeschrittene, Deutsch \u2013 Grundkenntnisse<\/p>\n<p>[\/et_pb_text][\/et_pb_column][\/et_pb_row][et_pb_row _builder_version=&#8220;4.4.0&#8243; global_colors_info=&#8220;{}&#8220;][et_pb_column type=&#8220;4_4&#8243; _builder_version=&#8220;4.4.0&#8243; global_colors_info=&#8220;{}&#8220;][et_pb_divider color=&#8220;#e2e2e2&#8243; _builder_version=&#8220;4.4.0&#8243; global_colors_info=&#8220;{}&#8220;][\/et_pb_divider][\/et_pb_column][\/et_pb_row][et_pb_row column_structure=&#8220;1_4,3_4&#8243; _builder_version=&#8220;4.4.0&#8243; global_colors_info=&#8220;{}&#8220;][et_pb_column type=&#8220;1_4&#8243; _builder_version=&#8220;4.4.0&#8243; global_colors_info=&#8220;{}&#8220;][et_pb_image src=&#8220;https:\/\/fertilityport.com\/wp-content\/uploads\/2020\/03\/mgr-eva-simkova.jpg&#8220; _builder_version=&#8220;4.4.0&#8243; global_colors_info=&#8220;{}&#8220;][\/et_pb_image][\/et_pb_column][et_pb_column type=&#8220;3_4&#8243; _builder_version=&#8220;4.4.0&#8243; global_colors_info=&#8220;{}&#8220;][et_pb_text module_class=&#8220;c_blurb&#8220; _builder_version=&#8220;4.4.0&#8243; global_colors_info=&#8220;{}&#8220;]<\/p>\n<h2>Mgr. Eva \u0160imkov\u00e1<\/h2>\n<h3>Ausbildung und Spezialisierung:<\/h3>\n<p><span style=\"font-size: 16px;\">Karls\u2013Universit\u00e4t in Prag, Naturwissenschaftliche Fakult\u00e4t, Fach \u2013 Hydrobiologie<\/span><\/p>\n<ul>\n<li><strong>2011 \u2013 2013<\/strong> Embryologin, Sanatorium Pronatal<\/li>\n<li><strong>2013 \u2013 2015 <\/strong>Embryologin, Iscare IVF<\/li>\n<li><strong>2015 \u2013 2016<\/strong> Embryologin, Sanatorium Pronatal<\/li>\n<\/ul>\n<h3>Sprachkenntnisse:<\/h3>\n<p>Englisch, Deutsch- passiv<\/p>\n<p>[\/et_pb_text][\/et_pb_column][\/et_pb_row][et_pb_row _builder_version=&#8220;4.4.0&#8243; global_colors_info=&#8220;{}&#8220;][et_pb_column type=&#8220;4_4&#8243; _builder_version=&#8220;4.4.0&#8243; global_colors_info=&#8220;{}&#8220;][et_pb_divider color=&#8220;#e2e2e2&#8243; _builder_version=&#8220;4.4.0&#8243; global_colors_info=&#8220;{}&#8220;][\/et_pb_divider][\/et_pb_column][\/et_pb_row][et_pb_row column_structure=&#8220;1_4,3_4&#8243; _builder_version=&#8220;4.4.0&#8243; global_colors_info=&#8220;{}&#8220;][et_pb_column type=&#8220;1_4&#8243; _builder_version=&#8220;4.4.0&#8243; global_colors_info=&#8220;{}&#8220;][et_pb_image src=&#8220;https:\/\/fertilityport.com\/wp-content\/uploads\/2020\/03\/ing-hana-batkova.jpg&#8220; _builder_version=&#8220;4.4.0&#8243; global_colors_info=&#8220;{}&#8220;][\/et_pb_image][\/et_pb_column][et_pb_column type=&#8220;3_4&#8243; _builder_version=&#8220;4.4.0&#8243; global_colors_info=&#8220;{}&#8220;][et_pb_text module_class=&#8220;c_blurb&#8220; _builder_version=&#8220;4.4.0&#8243; global_colors_info=&#8220;{}&#8220;]<\/p>\n<h2>Ing. Hana Ba\u0165kov\u00e1<\/h2>\n<h3 class=\"h3\">Ausbildung und Spezialisierung:<\/h3>\n<p>Tschechische Universit\u00e4t f\u00fcr Lebenswissenschaften in Prag, Hauptfach: Reproduktive Biotechnologie<\/p>\n<h3>Berufserfahrung:<\/h3>\n<ul>\n<li>2018 Androloge bei Europe IVF International<\/li>\n<\/ul>\n<h3>Sprachkenntnisse:<\/h3>\n<p>English<\/p>\n<p>[\/et_pb_text][\/et_pb_column][\/et_pb_row][et_pb_row _builder_version=&#8220;4.4.0&#8243; global_colors_info=&#8220;{}&#8220;][et_pb_column type=&#8220;4_4&#8243; _builder_version=&#8220;4.4.0&#8243; global_colors_info=&#8220;{}&#8220;][et_pb_divider color=&#8220;#e2e2e2&#8243; _builder_version=&#8220;4.4.0&#8243; global_colors_info=&#8220;{}&#8220;][\/et_pb_divider][\/et_pb_column][\/et_pb_row][et_pb_row column_structure=&#8220;1_4,3_4&#8243; _builder_version=&#8220;4.4.0&#8243; global_colors_info=&#8220;{}&#8220;][et_pb_column type=&#8220;1_4&#8243; _builder_version=&#8220;4.4.0&#8243; global_colors_info=&#8220;{}&#8220;][et_pb_image src=&#8220;https:\/\/fertilityport.com\/wp-content\/uploads\/2020\/11\/Martina_Janebova.jpeg&#8220; title_text=&#8220;Martina_Janebova&#8220; _builder_version=&#8220;4.6.1&#8243; global_colors_info=&#8220;{}&#8220;][\/et_pb_image][\/et_pb_column][et_pb_column type=&#8220;3_4&#8243; _builder_version=&#8220;4.4.0&#8243; global_colors_info=&#8220;{}&#8220;][et_pb_text module_class=&#8220;c_blurb&#8220; _builder_version=&#8220;4.4.0&#8243; global_colors_info=&#8220;{}&#8220;]<\/p>\n<h2>Mgr. Martina Janebov\u00e1<\/h2>\n<h3 class=\"h3\">Ausbildung und Spezialisierung:<\/h3>\n<p>Karlsuniversit\u00e4t Prag, Fakult\u00e4t f\u00fcr Naturwissenschaften, Anthropologie und Humangenetik<\/p>\n<h3>Berufserfahrung:<\/h3>\n<ul>\n<li>2020 &#8211; FertilityPort Prague s.r.o.<\/li>\n<\/ul>\n<h3>Sprachkenntnisse:<\/h3>\n<p>Englisch, Deutsch (passiv)<\/p>\n<p>[\/et_pb_text][\/et_pb_column][\/et_pb_row][\/et_pb_section]<\/p>\n","protected":false},"excerpt":{"rendered":"<p>Embryologische LaborPavel Koubek, Ph.D., Klinischer Embryologe Ausbildung und Spezialisierung: Institut f\u00fcr Chemische Technologie, Prag. Studienrichtung: Biomedizin.Karlsuniversit\u00e4t, Prag. Ph.D. Entwicklungsbiologie studieren.Bescheinigung, Klinischer Embryologe. Berufserfahrung: 2002-2009 Wissenschaftlicher Mitarbeiter, Tschechische Akademie der Wissenschaften, Abteilung f\u00fcr Biologie und Biochemie der Befruchtung. 2006-2007 Wissenschaftlicher Mitarbeiter\/Embryologe, Motol University Hospital, Zentrum f\u00fcr Reproduktionsmedizin und Reproduktionsgenetik. 2007-2011 Embryologe, PRONATAL Nord. 2011 Embryologe, PRONATAL [&hellip;]<\/p>\n","protected":false},"author":2,"featured_media":0,"parent":0,"menu_order":0,"comment_status":"closed","ping_status":"closed","template":"","meta":{"_acf_changed":false,"_et_pb_use_builder":"on","_et_pb_old_content":"<p>[et_pb_section fb_built=\"1\" _builder_version=\"4.4.0\" hover_enabled=\"0\" background_color=\"#e2e2e2\"][et_pb_row _builder_version=\"4.4.0\"][et_pb_column type=\"4_4\" _builder_version=\"4.4.0\"][et_pb_text module_class=\"c_blurb\" _builder_version=\"4.4.0\"]<\/p><h1>Embryologists<\/h1><p>[\/et_pb_text][\/et_pb_column][\/et_pb_row][\/et_pb_section][et_pb_section fb_built=\"1\" module_class=\"aboutus\" _builder_version=\"4.4.0\" hover_enabled=\"0\"][et_pb_row column_structure=\"1_4,3_4\" _builder_version=\"4.4.0\"][et_pb_column type=\"1_4\" _builder_version=\"4.4.0\"][et_pb_image src=\"https:\/\/fertilityport.com\/wp-content\/uploads\/2020\/03\/ing-veronika-famerova.jpg\" module_class=\"about_img\" _builder_version=\"4.4.0\"][\/et_pb_image][\/et_pb_column][et_pb_column type=\"3_4\" _builder_version=\"4.4.0\"][et_pb_text module_class=\"c_blurb\" _builder_version=\"4.4.0\"]<\/p><h2>Ing. Veronika Fam\u011brov\u00e1<\/h2><h3 class=\"h3\">Education and specialization:<\/h3><p>Czech University of Life Sciences in Prague, major: Soil Assessment and Protection<\/p><h3>Professional Experience:<\/h3><ul><li><strong>2010 \u2013 2012<\/strong>\u00a0Institute of Microbiology of the CAS \u2013 Expert worker<\/li><li><strong>2012 \u2013 2016<\/strong>\u00a0Embryologist at Iscare IVF<\/li><li><strong>2017<\/strong>\u00a0Certificate of acquisition of professional qualification to perform a medical occupation<\/li><li><strong>2017<\/strong>\u00a0Head of IVF Laboratory at Iscare IVF<\/li><\/ul><h3>Language skills:<\/h3><p>English<\/p><p>[\/et_pb_text][\/et_pb_column][\/et_pb_row][et_pb_row _builder_version=\"4.4.0\"][et_pb_column _builder_version=\"4.4.0\" type=\"4_4\"][et_pb_divider _builder_version=\"4.4.0\" color=\"#e2e2e2\" hover_enabled=\"0\"][\/et_pb_divider][\/et_pb_column][\/et_pb_row][et_pb_row column_structure=\"1_4,3_4\" _builder_version=\"4.4.0\"][et_pb_column type=\"1_4\" _builder_version=\"4.4.0\"][et_pb_image src=\"https:\/\/fertilityport.com\/wp-content\/uploads\/2020\/03\/mgr-eva-simkova.jpg\" _builder_version=\"4.4.0\"][\/et_pb_image][\/et_pb_column][et_pb_column type=\"3_4\" _builder_version=\"4.4.0\"][et_pb_text module_class=\"c_blurb\" _builder_version=\"4.4.0\"]<\/p><h2>Mgr. Eva \u0160imkov\u00e1<\/h2><h3>Education and specialization:<\/h3><p>Charles University in Prague, Faculty of Science, major: Hydrobiology<\/p><h3>Professional Experience:<\/h3><ul><li>2011 \u2013 2013 Embryologist, Pronatal Sanatorium<\/li><li>2013 \u2013 2015 Embryologist, Iscare IVF\u00a0<\/li><li>2015 \u2013 2016 IVF Laboratory Operations manager at Iscare IVF<\/li><\/ul><h3>Language skills:<\/h3><p>English; German (passive)<\/p><p>[\/et_pb_text][\/et_pb_column][\/et_pb_row][et_pb_row _builder_version=\"4.4.0\"][et_pb_column _builder_version=\"4.4.0\" type=\"4_4\"][et_pb_divider _builder_version=\"4.4.0\" color=\"#e2e2e2\" hover_enabled=\"0\"][\/et_pb_divider][\/et_pb_column][\/et_pb_row][et_pb_row column_structure=\"1_4,3_4\" _builder_version=\"4.4.0\"][et_pb_column type=\"1_4\" _builder_version=\"4.4.0\"][et_pb_image src=\"https:\/\/fertilityport.com\/wp-content\/uploads\/2020\/03\/ing-hana-batkova.jpg\" _builder_version=\"4.4.0\"][\/et_pb_image][\/et_pb_column][et_pb_column type=\"3_4\" _builder_version=\"4.4.0\"][et_pb_text module_class=\"c_blurb\" _builder_version=\"4.4.0\"]<\/p><h2>Ing. Hana Ba\u0165kov\u00e1<\/h2><h3 class=\"h3\">Education and specialization:<\/h3><p>Czech University of Life Sciences in Prague, major: Reproductive biotechnology<\/p><h3>Professional Experience:<\/h3><ul><li>Andrologist at Europe IVF International<\/li><\/ul><h3>Language skills:<\/h3><p>English<\/p><p>[\/et_pb_text][\/et_pb_column][\/et_pb_row][\/et_pb_section]<\/p>","_et_gb_content_width":"","footnotes":""},"class_list":["post-969","page","type-page","status-publish","hentry"],"acf":[],"yoast_head":"<!-- This site is optimized with the Yoast SEO plugin v27.5 - https:\/\/yoast.com\/product\/yoast-seo-wordpress\/ -->\n<title>Embryologische Labor | FertilityPort Prague<\/title>\n<meta name=\"description\" content=\"Basierend auf der jahrelangen Erfahrung unserer \u00c4rzte und Embryologen verwendet unser Zentrum die neuesten Ger\u00e4te und Methoden.\" \/>\n<meta name=\"robots\" content=\"index, follow, max-snippet:-1, max-image-preview:large, max-video-preview:-1\" \/>\n<link rel=\"canonical\" href=\"https:\/\/fertilityport.com\/embryologists\/\" \/>\n<meta property=\"og:locale\" content=\"de_DE\" \/>\n<meta property=\"og:type\" content=\"article\" \/>\n<meta property=\"og:title\" content=\"Embryologische Labor | FertilityPort Prague\" \/>\n<meta property=\"og:description\" content=\"Basierend auf der jahrelangen Erfahrung unserer \u00c4rzte und Embryologen verwendet unser Zentrum die neuesten Ger\u00e4te und Methoden.\" \/>\n<meta property=\"og:url\" content=\"https:\/\/fertilityport.com\/embryologists\/\" \/>\n<meta property=\"og:site_name\" content=\"FertilityPort Prague\" \/>\n<meta property=\"article:modified_time\" content=\"2022-05-25T14:37:05+00:00\" \/>\n<meta name=\"twitter:card\" content=\"summary_large_image\" \/>\n<meta name=\"twitter:label1\" content=\"Gesch\u00e4tzte Lesezeit\" \/>\n\t<meta name=\"twitter:data1\" content=\"3\u00a0Minuten\" \/>\n<script type=\"application\/ld+json\" class=\"yoast-schema-graph\">{\"@context\":\"https:\\\/\\\/schema.org\",\"@graph\":[{\"@type\":\"WebPage\",\"@id\":\"https:\\\/\\\/fertilityport.com\\\/embryologists\\\/\",\"url\":\"https:\\\/\\\/fertilityport.com\\\/embryologists\\\/\",\"name\":\"Embryologische Labor | FertilityPort Prague\",\"isPartOf\":{\"@id\":\"https:\\\/\\\/fertilityport.com\\\/#website\"},\"datePublished\":\"2020-03-14T17:34:13+00:00\",\"dateModified\":\"2022-05-25T14:37:05+00:00\",\"description\":\"Basierend auf der jahrelangen Erfahrung unserer \u00c4rzte und Embryologen verwendet unser Zentrum die neuesten Ger\u00e4te und Methoden.\",\"breadcrumb\":{\"@id\":\"https:\\\/\\\/fertilityport.com\\\/embryologists\\\/#breadcrumb\"},\"inLanguage\":\"de\",\"potentialAction\":[{\"@type\":\"ReadAction\",\"target\":[\"https:\\\/\\\/fertilityport.com\\\/embryologists\\\/\"]}]},{\"@type\":\"BreadcrumbList\",\"@id\":\"https:\\\/\\\/fertilityport.com\\\/embryologists\\\/#breadcrumb\",\"itemListElement\":[{\"@type\":\"ListItem\",\"position\":1,\"name\":\"Home\",\"item\":\"https:\\\/\\\/fertilityport.com\\\/de\\\/\"},{\"@type\":\"ListItem\",\"position\":2,\"name\":\"Embryologen\"}]},{\"@type\":\"WebSite\",\"@id\":\"https:\\\/\\\/fertilityport.com\\\/#website\",\"url\":\"https:\\\/\\\/fertilityport.com\\\/\",\"name\":\"FertilityPort Prague\",\"description\":\"\",\"potentialAction\":[{\"@type\":\"SearchAction\",\"target\":{\"@type\":\"EntryPoint\",\"urlTemplate\":\"https:\\\/\\\/fertilityport.com\\\/?s={search_term_string}\"},\"query-input\":{\"@type\":\"PropertyValueSpecification\",\"valueRequired\":true,\"valueName\":\"search_term_string\"}}],\"inLanguage\":\"de\"}]}<\/script>\n<!-- \/ Yoast SEO plugin. -->","yoast_head_json":{"title":"Embryologische Labor | FertilityPort Prague","description":"Basierend auf der jahrelangen Erfahrung unserer \u00c4rzte und Embryologen verwendet unser Zentrum die neuesten Ger\u00e4te und Methoden.","robots":{"index":"index","follow":"follow","max-snippet":"max-snippet:-1","max-image-preview":"max-image-preview:large","max-video-preview":"max-video-preview:-1"},"canonical":"https:\/\/fertilityport.com\/embryologists\/","og_locale":"de_DE","og_type":"article","og_title":"Embryologische Labor | FertilityPort Prague","og_description":"Basierend auf der jahrelangen Erfahrung unserer \u00c4rzte und Embryologen verwendet unser Zentrum die neuesten Ger\u00e4te und Methoden.","og_url":"https:\/\/fertilityport.com\/embryologists\/","og_site_name":"FertilityPort Prague","article_modified_time":"2022-05-25T14:37:05+00:00","twitter_card":"summary_large_image","twitter_misc":{"Gesch\u00e4tzte Lesezeit":"3\u00a0Minuten"},"schema":{"@context":"https:\/\/schema.org","@graph":[{"@type":"WebPage","@id":"https:\/\/fertilityport.com\/embryologists\/","url":"https:\/\/fertilityport.com\/embryologists\/","name":"Embryologische Labor | FertilityPort Prague","isPartOf":{"@id":"https:\/\/fertilityport.com\/#website"},"datePublished":"2020-03-14T17:34:13+00:00","dateModified":"2022-05-25T14:37:05+00:00","description":"Basierend auf der jahrelangen Erfahrung unserer \u00c4rzte und Embryologen verwendet unser Zentrum die neuesten Ger\u00e4te und Methoden.","breadcrumb":{"@id":"https:\/\/fertilityport.com\/embryologists\/#breadcrumb"},"inLanguage":"de","potentialAction":[{"@type":"ReadAction","target":["https:\/\/fertilityport.com\/embryologists\/"]}]},{"@type":"BreadcrumbList","@id":"https:\/\/fertilityport.com\/embryologists\/#breadcrumb","itemListElement":[{"@type":"ListItem","position":1,"name":"Home","item":"https:\/\/fertilityport.com\/de\/"},{"@type":"ListItem","position":2,"name":"Embryologen"}]},{"@type":"WebSite","@id":"https:\/\/fertilityport.com\/#website","url":"https:\/\/fertilityport.com\/","name":"FertilityPort Prague","description":"","potentialAction":[{"@type":"SearchAction","target":{"@type":"EntryPoint","urlTemplate":"https:\/\/fertilityport.com\/?s={search_term_string}"},"query-input":{"@type":"PropertyValueSpecification","valueRequired":true,"valueName":"search_term_string"}}],"inLanguage":"de"}]}},"_links":{"self":[{"href":"https:\/\/fertilityport.com\/de\/wp-json\/wp\/v2\/pages\/969","targetHints":{"allow":["GET"]}}],"collection":[{"href":"https:\/\/fertilityport.com\/de\/wp-json\/wp\/v2\/pages"}],"about":[{"href":"https:\/\/fertilityport.com\/de\/wp-json\/wp\/v2\/types\/page"}],"author":[{"embeddable":true,"href":"https:\/\/fertilityport.com\/de\/wp-json\/wp\/v2\/users\/2"}],"replies":[{"embeddable":true,"href":"https:\/\/fertilityport.com\/de\/wp-json\/wp\/v2\/comments?post=969"}],"version-history":[{"count":7,"href":"https:\/\/fertilityport.com\/de\/wp-json\/wp\/v2\/pages\/969\/revisions"}],"predecessor-version":[{"id":5714,"href":"https:\/\/fertilityport.com\/de\/wp-json\/wp\/v2\/pages\/969\/revisions\/5714"}],"wp:attachment":[{"href":"https:\/\/fertilityport.com\/de\/wp-json\/wp\/v2\/media?parent=969"}],"curies":[{"name":"wp","href":"https:\/\/api.w.org\/{rel}","templated":true}]}}