{"id":975,"date":"2020-03-14T18:39:40","date_gmt":"2020-03-14T17:39:40","guid":{"rendered":"https:\/\/fertilityport.vesmirnekure.cz\/?page_id=975"},"modified":"2021-07-09T11:57:48","modified_gmt":"2021-07-09T09:57:48","slug":"eizellen-einfrieren","status":"publish","type":"page","link":"https:\/\/fertilityport.com\/de\/eizellen-einfrieren\/","title":{"rendered":"Einfrieren von Eizellen"},"content":{"rendered":"<p>[et_pb_section fb_built=&#8220;1&#8243; module_class=&#8220;welcome&#8211;page&#8220; _builder_version=&#8220;4.4.1&#8243; background_image=&#8220;https:\/\/fertilityport.com\/wp-content\/uploads\/2020\/03\/social_freezing_head-egg.jpg&#8220;][et_pb_row column_structure=&#8220;2_3,1_3&#8243; _builder_version=&#8220;4.4.0&#8243;][et_pb_column type=&#8220;2_3&#8243; _builder_version=&#8220;4.4.0&#8243;][et_pb_text module_class=&#8220;c_blurb&#8220; _builder_version=&#8220;4.9.4&#8243;]<\/p>\n<h1><strong>Einfrieren und Aufbewahren von Eizellen<\/strong><\/h1>\n<p>Ist Ihre aktuelle Situation f\u00fcr eine Familiengr\u00fcndung nicht geeignet?<\/p>\n<p>Social Freezing erm\u00f6glicht Frauen eine erheblich h\u00f6here Erfolgschance einer Schwangerschaft und Geburt eines gesundes Kindes in der Zukunft.<\/p>\n<p>[\/et_pb_text][\/et_pb_column][et_pb_column type=&#8220;1_3&#8243; _builder_version=&#8220;4.4.0&#8243;][\/et_pb_column][\/et_pb_row][\/et_pb_section][et_pb_section fb_built=&#8220;1&#8243; _builder_version=&#8220;4.4.0&#8243;][et_pb_row _builder_version=&#8220;4.4.0&#8243;][et_pb_column type=&#8220;4_4&#8243; _builder_version=&#8220;4.4.0&#8243;][et_pb_text _builder_version=&#8220;4.9.4&#8243;]<\/p>\n<p>In den letzten Zeiten wird h\u00e4ufig in den Medien, \u00fcber die M\u00f6glichkeit der pr\u00e4ventiven Einfrierung von Eizellen (Social Freezing) f\u00fcr Frauen diskutiert, die, meist aus sozialen Gr\u00fcnden, ihre Mutterschaft nach hinten verschieben. Aus medizinischem Gr\u00fcnden ist diese Vorgehensweise nicht ganz optimal. Man sollte sich bewusst sein, dass Alter der Frauen f\u00fcr die Schwangerschaft der wichtigste limitierende Faktor ist und Frauen sollten ihre Gravidit\u00e4t nicht verschieben. Vor allem nach dem 35. Lebensjahr sinkt sehr schnell die Qualit\u00e4t der Eizellen. Jedoch solche Lebenssituationen, z.B. schwerwiegende medizinische Gr\u00fcnde, Abwesenheit des Partners, f\u00fchren dazu, dass sich die Einfrierung (Vitrifikation) der Eizellen als einzige M\u00f6glichkeit bleibt, um in der Zukunft einen Nachwuchs zu bekommen. Auch bei Vitrifikation der Eizellen gilt, je eher desto besser. Falls sie wirklich diese medizinische Empfehlung in Betracht ziehen wollen, sollte diese Vorgehensweise sp\u00e4testens zwischen dem 25.-30. Lebensjahr absolvieren werden.\u00a0 Es w\u00fcrde uns freuen, wenn sie den ganzen Ablauf mit unseren IVF Spezialisten besprechen w\u00fcrden.<span style=\"color: #00b050;\"><o:p><\/o:p><\/span><\/p>\n<p>[\/et_pb_text][\/et_pb_column][\/et_pb_row][\/et_pb_section][et_pb_section fb_built=&#8220;1&#8243; _builder_version=&#8220;4.4.0&#8243; background_image=&#8220;https:\/\/fertilityport.com\/wp-content\/uploads\/2020\/03\/socket.jpg&#8220;][et_pb_row _builder_version=&#8220;4.4.0&#8243;][et_pb_column type=&#8220;4_4&#8243; _builder_version=&#8220;4.4.0&#8243;][\/et_pb_column][\/et_pb_row][\/et_pb_section][et_pb_section fb_built=&#8220;1&#8243; _builder_version=&#8220;4.4.0&#8243; background_color=&#8220;#d4a4a9&#8243;][et_pb_row column_structure=&#8220;1_4,1_2,1_4&#8243; _builder_version=&#8220;4.4.0&#8243;][et_pb_column type=&#8220;1_4&#8243; _builder_version=&#8220;4.4.0&#8243;][\/et_pb_column][et_pb_column type=&#8220;1_2&#8243; _builder_version=&#8220;4.4.0&#8243;][et_pb_text _builder_version=&#8220;4.4.1&#8243;][contact-form-7 id=&#8220;1725&#8243; title=&#8220;DE &#8211; Darov\u00e1n\u00ed \/ Zmra\u017een\u00ed&#8220;][\/et_pb_text][\/et_pb_column][et_pb_column type=&#8220;1_4&#8243; _builder_version=&#8220;4.4.0&#8243;][\/et_pb_column][\/et_pb_row][\/et_pb_section]<\/p>\n","protected":false},"excerpt":{"rendered":"<p>Einfrieren und Aufbewahren von Eizellen Ist Ihre aktuelle Situation f\u00fcr eine Familiengr\u00fcndung nicht geeignet? Social Freezing erm\u00f6glicht Frauen eine erheblich h\u00f6here Erfolgschance einer Schwangerschaft und Geburt eines gesundes Kindes in der Zukunft.In den letzten Zeiten wird h\u00e4ufig in den Medien, \u00fcber die M\u00f6glichkeit der pr\u00e4ventiven Einfrierung von Eizellen (Social Freezing) f\u00fcr Frauen diskutiert, die, meist [&hellip;]<\/p>\n","protected":false},"author":2,"featured_media":0,"parent":0,"menu_order":0,"comment_status":"closed","ping_status":"closed","template":"","meta":{"_acf_changed":false,"_et_pb_use_builder":"on","_et_pb_old_content":"<p>[et_pb_section fb_built=\"1\" _builder_version=\"4.4.0\" background_image=\"https:\/\/fertilityport.com\/wp-content\/uploads\/2020\/03\/social_freezing_head-egg.jpg\"][et_pb_row column_structure=\"2_3,1_3\" _builder_version=\"4.4.0\"][et_pb_column type=\"2_3\" _builder_version=\"4.4.0\"][et_pb_text module_class=\"c_blurb\" _builder_version=\"4.4.0\"]<\/p><h1>Freezing and cryopreservation of eggs<\/h1><p>Is your current situation not suitable for starting a family?<br \/>Freezing eggs gives you the opportunity how to maintain<br \/>a chance to have a baby in the future.[\/et_pb_text][\/et_pb_column][et_pb_column type=\"1_3\" _builder_version=\"4.4.0\"][\/et_pb_column][\/et_pb_row][\/et_pb_section][et_pb_section fb_built=\"1\" _builder_version=\"4.4.0\"][et_pb_row _builder_version=\"4.4.0\"][et_pb_column type=\"4_4\" _builder_version=\"4.4.0\"][et_pb_text _builder_version=\"4.4.0\"]Lately the media have begun covering the possibility of preventive freezing of eggs (social freezing) for women, who, most usually due to social reasons, want to postpone their motherhood and start their family after fulfilling their life dreams, professional careers, etc. This procedure is not regarded as optimal by the medical science due to a number of reasons. It must be noted that the woman\u2019s age is the main limiting factor of reaching the ultimate goal, or pregnancy, and no woman should delay her effort of becoming pregnant too much. Especially after reaching the second half of the third decade of her life the egg quality begins to drop rapidly. This can be witnessed, albeit at a slower rate, already when the woman turns thirty. There are, however, such life situations, e.g. serious medical reasons, absence of partner, when the only chance for keeping the chances of future offspring is the stimulation of ovaries, collection and freezing of the woman\u2019s eggs. The same applies to this method as to all the others \u2013 the sooner it is performed the better. If only medical recommendations are to be considered, this procedure should be performed no later than at 25-30 years of age.<\/p><p>Should you want to consult us we will gladly provide information on the whole procedure.[\/et_pb_text][\/et_pb_column][\/et_pb_row][\/et_pb_section][et_pb_section fb_built=\"1\" _builder_version=\"4.4.0\" background_image=\"https:\/\/fertilityport.com\/wp-content\/uploads\/2020\/03\/socket.jpg\"][et_pb_row _builder_version=\"4.4.0\"][et_pb_column _builder_version=\"4.4.0\" type=\"4_4\"][\/et_pb_column][\/et_pb_row][\/et_pb_section][et_pb_section fb_built=\"1\" _builder_version=\"4.4.0\" background_color=\"#d4a4a9\"][et_pb_row column_structure=\"1_4,1_2,1_4\" _builder_version=\"4.4.0\"][et_pb_column type=\"1_4\" _builder_version=\"4.4.0\"][\/et_pb_column][et_pb_column type=\"1_2\" _builder_version=\"4.4.0\"][et_pb_text _builder_version=\"4.4.0\"][contact-form-7 id=\"348\" title=\"EN - Egg freezing\"][\/et_pb_text][\/et_pb_column][et_pb_column type=\"1_4\" _builder_version=\"4.4.0\"][\/et_pb_column][\/et_pb_row][\/et_pb_section]<\/p>","_et_gb_content_width":"","footnotes":""},"class_list":["post-975","page","type-page","status-publish","hentry"],"acf":[],"yoast_head":"<!-- This site is optimized with the Yoast SEO plugin v27.2 - https:\/\/yoast.com\/product\/yoast-seo-wordpress\/ -->\n<title>Einfrieren von Eizellen | FertilityPort Prague<\/title>\n<meta name=\"description\" content=\"Nicht der richtige Moment, um eine Familie zu gr\u00fcnden? Indem Sie Ihre Eizellen einfrieren, geben Sie sich die Chance, in Zukunft ein Kind zu bekommen.\" \/>\n<meta name=\"robots\" content=\"index, follow, max-snippet:-1, max-image-preview:large, max-video-preview:-1\" \/>\n<link rel=\"canonical\" href=\"https:\/\/fertilityport.com\/freezing-and-cryopreservation-of-eggs\/\" \/>\n<meta property=\"og:locale\" content=\"de_DE\" \/>\n<meta property=\"og:type\" content=\"article\" \/>\n<meta property=\"og:title\" content=\"Einfrieren von Eizellen | FertilityPort Prague\" \/>\n<meta property=\"og:description\" content=\"Nicht der richtige Moment, um eine Familie zu gr\u00fcnden? Indem Sie Ihre Eizellen einfrieren, geben Sie sich die Chance, in Zukunft ein Kind zu bekommen.\" \/>\n<meta property=\"og:url\" content=\"https:\/\/fertilityport.com\/freezing-and-cryopreservation-of-eggs\/\" \/>\n<meta property=\"og:site_name\" content=\"FertilityPort Prague\" \/>\n<meta property=\"article:modified_time\" content=\"2021-07-09T09:57:48+00:00\" \/>\n<meta name=\"twitter:card\" content=\"summary_large_image\" \/>\n<meta name=\"twitter:label1\" content=\"Gesch\u00e4tzte Lesezeit\" \/>\n\t<meta name=\"twitter:data1\" content=\"2\u00a0Minuten\" \/>\n<script type=\"application\/ld+json\" class=\"yoast-schema-graph\">{\"@context\":\"https:\/\/schema.org\",\"@graph\":[{\"@type\":\"WebPage\",\"@id\":\"https:\/\/fertilityport.com\/freezing-and-cryopreservation-of-eggs\/\",\"url\":\"https:\/\/fertilityport.com\/freezing-and-cryopreservation-of-eggs\/\",\"name\":\"Einfrieren von Eizellen | FertilityPort Prague\",\"isPartOf\":{\"@id\":\"https:\/\/fertilityport.com\/#website\"},\"datePublished\":\"2020-03-14T17:39:40+00:00\",\"dateModified\":\"2021-07-09T09:57:48+00:00\",\"description\":\"Nicht der richtige Moment, um eine Familie zu gr\u00fcnden? Indem Sie Ihre Eizellen einfrieren, geben Sie sich die Chance, in Zukunft ein Kind zu bekommen.\",\"breadcrumb\":{\"@id\":\"https:\/\/fertilityport.com\/freezing-and-cryopreservation-of-eggs\/#breadcrumb\"},\"inLanguage\":\"de\",\"potentialAction\":[{\"@type\":\"ReadAction\",\"target\":[\"https:\/\/fertilityport.com\/freezing-and-cryopreservation-of-eggs\/\"]}]},{\"@type\":\"BreadcrumbList\",\"@id\":\"https:\/\/fertilityport.com\/freezing-and-cryopreservation-of-eggs\/#breadcrumb\",\"itemListElement\":[{\"@type\":\"ListItem\",\"position\":1,\"name\":\"Home\",\"item\":\"https:\/\/fertilityport.com\/de\/\"},{\"@type\":\"ListItem\",\"position\":2,\"name\":\"Einfrieren von Eizellen\"}]},{\"@type\":\"WebSite\",\"@id\":\"https:\/\/fertilityport.com\/#website\",\"url\":\"https:\/\/fertilityport.com\/\",\"name\":\"FertilityPort Prague\",\"description\":\"\",\"potentialAction\":[{\"@type\":\"SearchAction\",\"target\":{\"@type\":\"EntryPoint\",\"urlTemplate\":\"https:\/\/fertilityport.com\/?s={search_term_string}\"},\"query-input\":{\"@type\":\"PropertyValueSpecification\",\"valueRequired\":true,\"valueName\":\"search_term_string\"}}],\"inLanguage\":\"de\"}]}<\/script>\n<!-- \/ Yoast SEO plugin. -->","yoast_head_json":{"title":"Einfrieren von Eizellen | FertilityPort Prague","description":"Nicht der richtige Moment, um eine Familie zu gr\u00fcnden? Indem Sie Ihre Eizellen einfrieren, geben Sie sich die Chance, in Zukunft ein Kind zu bekommen.","robots":{"index":"index","follow":"follow","max-snippet":"max-snippet:-1","max-image-preview":"max-image-preview:large","max-video-preview":"max-video-preview:-1"},"canonical":"https:\/\/fertilityport.com\/freezing-and-cryopreservation-of-eggs\/","og_locale":"de_DE","og_type":"article","og_title":"Einfrieren von Eizellen | FertilityPort Prague","og_description":"Nicht der richtige Moment, um eine Familie zu gr\u00fcnden? Indem Sie Ihre Eizellen einfrieren, geben Sie sich die Chance, in Zukunft ein Kind zu bekommen.","og_url":"https:\/\/fertilityport.com\/freezing-and-cryopreservation-of-eggs\/","og_site_name":"FertilityPort Prague","article_modified_time":"2021-07-09T09:57:48+00:00","twitter_card":"summary_large_image","twitter_misc":{"Gesch\u00e4tzte Lesezeit":"2\u00a0Minuten"},"schema":{"@context":"https:\/\/schema.org","@graph":[{"@type":"WebPage","@id":"https:\/\/fertilityport.com\/freezing-and-cryopreservation-of-eggs\/","url":"https:\/\/fertilityport.com\/freezing-and-cryopreservation-of-eggs\/","name":"Einfrieren von Eizellen | FertilityPort Prague","isPartOf":{"@id":"https:\/\/fertilityport.com\/#website"},"datePublished":"2020-03-14T17:39:40+00:00","dateModified":"2021-07-09T09:57:48+00:00","description":"Nicht der richtige Moment, um eine Familie zu gr\u00fcnden? Indem Sie Ihre Eizellen einfrieren, geben Sie sich die Chance, in Zukunft ein Kind zu bekommen.","breadcrumb":{"@id":"https:\/\/fertilityport.com\/freezing-and-cryopreservation-of-eggs\/#breadcrumb"},"inLanguage":"de","potentialAction":[{"@type":"ReadAction","target":["https:\/\/fertilityport.com\/freezing-and-cryopreservation-of-eggs\/"]}]},{"@type":"BreadcrumbList","@id":"https:\/\/fertilityport.com\/freezing-and-cryopreservation-of-eggs\/#breadcrumb","itemListElement":[{"@type":"ListItem","position":1,"name":"Home","item":"https:\/\/fertilityport.com\/de\/"},{"@type":"ListItem","position":2,"name":"Einfrieren von Eizellen"}]},{"@type":"WebSite","@id":"https:\/\/fertilityport.com\/#website","url":"https:\/\/fertilityport.com\/","name":"FertilityPort Prague","description":"","potentialAction":[{"@type":"SearchAction","target":{"@type":"EntryPoint","urlTemplate":"https:\/\/fertilityport.com\/?s={search_term_string}"},"query-input":{"@type":"PropertyValueSpecification","valueRequired":true,"valueName":"search_term_string"}}],"inLanguage":"de"}]}},"_links":{"self":[{"href":"https:\/\/fertilityport.com\/de\/wp-json\/wp\/v2\/pages\/975","targetHints":{"allow":["GET"]}}],"collection":[{"href":"https:\/\/fertilityport.com\/de\/wp-json\/wp\/v2\/pages"}],"about":[{"href":"https:\/\/fertilityport.com\/de\/wp-json\/wp\/v2\/types\/page"}],"author":[{"embeddable":true,"href":"https:\/\/fertilityport.com\/de\/wp-json\/wp\/v2\/users\/2"}],"replies":[{"embeddable":true,"href":"https:\/\/fertilityport.com\/de\/wp-json\/wp\/v2\/comments?post=975"}],"version-history":[{"count":10,"href":"https:\/\/fertilityport.com\/de\/wp-json\/wp\/v2\/pages\/975\/revisions"}],"predecessor-version":[{"id":4526,"href":"https:\/\/fertilityport.com\/de\/wp-json\/wp\/v2\/pages\/975\/revisions\/4526"}],"wp:attachment":[{"href":"https:\/\/fertilityport.com\/de\/wp-json\/wp\/v2\/media?parent=975"}],"curies":[{"name":"wp","href":"https:\/\/api.w.org\/{rel}","templated":true}]}}