{"id":981,"date":"2020-03-14T18:41:30","date_gmt":"2020-03-14T17:41:30","guid":{"rendered":"https:\/\/fertilityport.vesmirnekure.cz\/?page_id=981"},"modified":"2022-05-09T10:52:14","modified_gmt":"2022-05-09T08:52:14","slug":"sperma-einfrieren","status":"publish","type":"page","link":"https:\/\/fertilityport.com\/de\/sperma-einfrieren\/","title":{"rendered":"Kryokonservierung von Spermien"},"content":{"rendered":"<p>[et_pb_section fb_built=&#8220;1&#8243; module_class=&#8220;welcome&#8211;page&#8220; _builder_version=&#8220;4.4.1&#8243; background_image=&#8220;https:\/\/fertilityport.com\/wp-content\/uploads\/2020\/03\/zamrazeni_spermii_head.jpg&#8220; global_colors_info=&#8220;{}&#8220;][et_pb_row column_structure=&#8220;2_3,1_3&#8243; _builder_version=&#8220;4.4.0&#8243; global_colors_info=&#8220;{}&#8220;][et_pb_column type=&#8220;2_3&#8243; _builder_version=&#8220;4.4.0&#8243; global_colors_info=&#8220;{}&#8220;][et_pb_text module_class=&#8220;c_blurb&#8220; _builder_version=&#8220;4.9.4&#8243; global_colors_info=&#8220;{}&#8220;]<\/p>\n<h1><strong>Kryokonservierung von Spermien<\/strong><\/h1>\n<p><span style=\"font-size: 16px;\">Einfrieren (Kryokonservierung) einer Samenprobe sichert die M\u00f6glichkeit, einen sp\u00e4teren Kinderwunsch zu erf\u00fcllen.<\/span><\/p>\n<p>[\/et_pb_text][\/et_pb_column][et_pb_column type=&#8220;1_3&#8243; _builder_version=&#8220;4.4.0&#8243; global_colors_info=&#8220;{}&#8220;][\/et_pb_column][\/et_pb_row][\/et_pb_section][et_pb_section fb_built=&#8220;1&#8243; _builder_version=&#8220;4.4.0&#8243; global_colors_info=&#8220;{}&#8220;][et_pb_row _builder_version=&#8220;4.4.0&#8243; global_colors_info=&#8220;{}&#8220;][et_pb_column type=&#8220;4_4&#8243; _builder_version=&#8220;4.4.0&#8243; global_colors_info=&#8220;{}&#8220;][et_pb_text _builder_version=&#8220;4.9.4&#8243; global_colors_info=&#8220;{}&#8220;]<\/p>\n<p>Wenn M\u00e4nner \u00e4lter werden, kann die Qualit\u00e4t der genetischen Information in Spermien bei M\u00e4nnern abnehmen. Das soziale Einfrieren von Samen wird oft von M\u00e4nnern angestrebt, die die Elternschaft verschieben. Das Einfrieren ist jedoch auch f\u00fcr M\u00e4nner geeignet, die risikoreiche T\u00e4tigkeiten aus\u00fcben (z. B. mit einer erh\u00f6hten Konzentration von Schadstoffen), die die Spermienqualit\u00e4t beeintr\u00e4chtigen k\u00f6nnen, oder f\u00fcr M\u00e4nner, die sich einer Krebsbehandlung unterziehen m\u00fcssen.<\/p>\n<p>Wir w\u00fcrden uns freuen, wenn Sie diese M\u00f6glichkeit mit unseren IVF Spezialisten konsultieren werden.<\/p>\n<p>[\/et_pb_text][\/et_pb_column][\/et_pb_row][\/et_pb_section][et_pb_section fb_built=&#8220;1&#8243; _builder_version=&#8220;4.4.0&#8243; background_image=&#8220;https:\/\/fertilityport.com\/wp-content\/uploads\/2020\/03\/socket.jpg&#8220; global_colors_info=&#8220;{}&#8220;][et_pb_row _builder_version=&#8220;4.4.0&#8243; global_colors_info=&#8220;{}&#8220;][et_pb_column type=&#8220;4_4&#8243; _builder_version=&#8220;4.4.0&#8243; global_colors_info=&#8220;{}&#8220;][\/et_pb_column][\/et_pb_row][\/et_pb_section][et_pb_section fb_built=&#8220;1&#8243; _builder_version=&#8220;4.4.0&#8243; background_color=&#8220;#d4a4a9&#8243; global_colors_info=&#8220;{}&#8220;][et_pb_row column_structure=&#8220;1_4,1_2,1_4&#8243; _builder_version=&#8220;4.4.0&#8243; global_colors_info=&#8220;{}&#8220;][et_pb_column type=&#8220;1_4&#8243; _builder_version=&#8220;4.4.0&#8243; global_colors_info=&#8220;{}&#8220;][\/et_pb_column][et_pb_column type=&#8220;1_2&#8243; _builder_version=&#8220;4.4.0&#8243; global_colors_info=&#8220;{}&#8220;][et_pb_text _builder_version=&#8220;4.14.4&#8243; hover_enabled=&#8220;0&#8243; global_colors_info=&#8220;{}&#8220; sticky_enabled=&#8220;0&#8243;]<div class='fluentform ff-default fluentform_wrapper_10 ffs_default_wrap'><form data-form_id=\"10\" id=\"fluentform_10\" class=\"frm-fluent-form fluent_form_10 ff-el-form-top ff_form_instance_10_1 ff-form-loading form_bg ffs_default\" data-form_instance=\"ff_form_instance_10_1\" method=\"POST\" ><fieldset  style=\"border: none!important;margin: 0!important;padding: 0!important;background-color: transparent!important;box-shadow: none!important;outline: none!important; min-inline-size: 100%;\">\n                    <legend class=\"ff_screen_reader_title\" style=\"display: block; margin: 0!important;padding: 0!important;height: 0!important;text-indent: -999999px;width: 0!important;overflow:hidden;\">Darov\u00e1n\u00ed \/ zmra\u017een\u00ed - DE<\/legend><input type='hidden' name='__fluent_form_embded_post_id' value='981' \/><input type=\"hidden\" id=\"_fluentform_10_fluentformnonce\" name=\"_fluentform_10_fluentformnonce\" value=\"6de167bfac\" \/><input type=\"hidden\" name=\"_wp_http_referer\" value=\"\/de\/wp-json\/wp\/v2\/pages\/981\" \/><div class='ff-el-group'><div class=\"ff-el-input--label ff-el-is-required asterisk-right\"><label for='ff_10_input_text' id='label_ff_10_input_text' aria-label=\"Name und Nachname\">Name und Nachname<\/label><\/div><div class='ff-el-input--content'><input type=\"text\" name=\"input_text\" class=\"ff-el-form-control\" placeholder=\"Name eingeben\" data-name=\"input_text\" id=\"ff_10_input_text\"  aria-invalid=\"false\" aria-required=true><\/div><\/div><div class='ff-el-group'><div class=\"ff-el-input--label ff-el-is-required asterisk-right\"><label for='ff_10_email' id='label_ff_10_email' aria-label=\"Email\">Email<\/label><\/div><div class='ff-el-input--content'><input type=\"email\" name=\"email\" id=\"ff_10_email\" class=\"ff-el-form-control\" placeholder=\"Geben Sie Ihre E-Mail Adresse ein\" data-name=\"email\"  aria-invalid=\"false\" aria-required=true><\/div><\/div><div class='ff-el-group'><div class=\"ff-el-input--label ff-el-is-required asterisk-right\"><label for='ff_10_phone' id='label_ff_10_phone' aria-label=\"Tel.\">Tel.<\/label><\/div><div class='ff-el-input--content'><input name=\"phone\" class=\"ff-el-form-control ff-el-phone ff_el_with_extended_validation\" type=\"tel\" data-name=\"phone\" id=\"ff_10_phone\" inputmode=\"tel\"  aria-invalid='false' aria-required=true><\/div><\/div><div class='ff-el-group'><div class=\"ff-el-input--label ff-el-is-required asterisk-right\"><label for='ff_10_numeric-field' id='label_ff_10_numeric-field' aria-label=\"Alter\">Alter<\/label><\/div><div class='ff-el-input--content'><input type=\"number\" name=\"numeric-field\" id=\"ff_10_numeric-field\" class=\"ff-el-form-control\" placeholder=\"Gebe Dein Alter ein\" data-name=\"numeric-field\" inputmode=\"numeric\" step=\"any\"  aria-invalid=\"false\" aria-required=true><\/div><\/div><div class='ff-el-group'><div class=\"ff-el-input--label ff-el-is-required asterisk-right\"><label for='ff_10_description' id='label_ff_10_description' aria-label=\"Frage\">Frage<\/label><\/div><div class='ff-el-input--content'><textarea aria-required=\"true\" aria-labelledby=\"label_ff_10_description\" name=\"description\" id=\"ff_10_description\" class=\"ff-el-form-control\" placeholder=\"Ihre Nachricht eingeben\" rows=\"3\" cols=\"2\" data-name=\"description\" ><\/textarea><\/div><\/div><div class='ff-el-group    ff-el-input--content'><div class='ff-el-form-check ff-el-tc'><label aria-label='Ich stimme den Betriebsbedingungen zu' class='ff-el-form-check-label ff_tc_label' for=terms-n-condition_4b30c066aaf3747521e5e9744b4e13da><span class='ff_tc_checkbox'><input type=\"checkbox\" name=\"terms-n-condition\" class=\"ff-el-form-check-input\" data-name=\"terms-n-condition\" id=\"terms-n-condition_4b30c066aaf3747521e5e9744b4e13da\"  value='on' aria-invalid='false' aria-required=true><\/span> <div class='ff_t_c'><p>Ich stimme den Betriebsbedingungen zu<\/p><\/div><\/label><\/div><\/div><div class='ff-el-group ff-text-left ff_submit_btn_wrapper'><button type=\"submit\" class=\"ff-btn ff-btn-submit ff-btn-md btn btn--secondary ff_btn_no_style\"  aria-label=\"Senden\">Senden<\/button><\/div><\/fieldset><\/form><div id='fluentform_10_errors' class='ff-errors-in-stack ff_form_instance_10_1 ff-form-loading_errors ff_form_instance_10_1_errors'><\/div><\/div>            <script type=\"text\/javascript\">\n                window.fluent_form_ff_form_instance_10_1 = {\"id\":\"10\",\"ajaxUrl\":\"https:\\\/\\\/fertilityport.com\\\/wp-admin\\\/admin-ajax.php\",\"settings\":{\"layout\":{\"labelPlacement\":\"top\",\"helpMessagePlacement\":\"with_label\",\"errorMessagePlacement\":\"inline\",\"asteriskPlacement\":\"asterisk-right\"},\"restrictions\":{\"denyEmptySubmission\":{\"enabled\":false}}},\"form_instance\":\"ff_form_instance_10_1\",\"form_id_selector\":\"fluentform_10\",\"rules\":{\"input_text\":{\"required\":{\"value\":true,\"message\":\"Das Feld ist obligatorisch.\"}},\"email\":{\"required\":{\"value\":true,\"message\":\"Das Feld ist obligatorisch.\"},\"email\":{\"value\":true,\"message\":\"This field must contain a valid email\"}},\"phone\":{\"required\":{\"value\":true,\"message\":\"Das Feld ist obligatorisch.\"},\"valid_phone_number\":{\"value\":true,\"message\":\"Phone number is not valid\"}},\"numeric-field\":{\"required\":{\"value\":true,\"message\":\"Das Feld ist obligatorisch.\"},\"numeric\":{\"value\":true,\"message\":\"This field must contain numeric value\"},\"min\":{\"value\":\"\",\"message\":\"Minimum value is \"},\"max\":{\"value\":\"\",\"message\":\"Maximum value is \"},\"digits\":{\"value\":\"\",\"message\":\"The number of digits has to be \"}},\"description\":{\"required\":{\"value\":true,\"message\":\"Das Feld ist obligatorisch.\"}},\"terms-n-condition\":{\"required\":{\"value\":true,\"message\":\"Das Feld ist obligatorisch.\"}}},\"debounce_time\":300};\n                            <\/script>\n            [\/et_pb_text][\/et_pb_column][et_pb_column type=&#8220;1_4&#8243; _builder_version=&#8220;4.4.0&#8243; global_colors_info=&#8220;{}&#8220;][\/et_pb_column][\/et_pb_row][\/et_pb_section]<\/p>\n","protected":false},"excerpt":{"rendered":"<p>Kryokonservierung von Spermien Einfrieren (Kryokonservierung) einer Samenprobe sichert die M\u00f6glichkeit, einen sp\u00e4teren Kinderwunsch zu erf\u00fcllen.Wenn M\u00e4nner \u00e4lter werden, kann die Qualit\u00e4t der genetischen Information in Spermien bei M\u00e4nnern abnehmen. Das soziale Einfrieren von Samen wird oft von M\u00e4nnern angestrebt, die die Elternschaft verschieben. Das Einfrieren ist jedoch auch f\u00fcr M\u00e4nner geeignet, die risikoreiche T\u00e4tigkeiten aus\u00fcben [&hellip;]<\/p>\n","protected":false},"author":2,"featured_media":0,"parent":0,"menu_order":0,"comment_status":"closed","ping_status":"closed","template":"","meta":{"_acf_changed":false,"_et_pb_use_builder":"on","_et_pb_old_content":"<p>[et_pb_section fb_built=\"1\" _builder_version=\"4.4.0\" background_image=\"https:\/\/fertilityport.com\/wp-content\/uploads\/2020\/03\/zamrazeni_spermii_head.jpg\"][et_pb_row column_structure=\"2_3,1_3\" _builder_version=\"4.4.0\"][et_pb_column type=\"2_3\" _builder_version=\"4.4.0\"][et_pb_text module_class=\"c_blurb\" _builder_version=\"4.4.0\"]<\/p><h1>Freezing and cryopreservation of the sperm<\/h1><p>Is this not the right moment to start a family?<br \/>A reliable way to maintain fertility in the future is to freeze your sperm now.[\/et_pb_text][\/et_pb_column][et_pb_column type=\"1_3\" _builder_version=\"4.4.0\"][\/et_pb_column][\/et_pb_row][\/et_pb_section][et_pb_section fb_built=\"1\" _builder_version=\"4.4.0\"][et_pb_row _builder_version=\"4.4.0\"][et_pb_column type=\"4_4\" _builder_version=\"4.4.0\"][et_pb_text _builder_version=\"4.4.0\"]The quality of genetic information contained in sperm may decrease with the age. Often, the Social freezing is sought by men who postpone parenthood. However, the sperm freezing is also suitable for men who perform high-risk occupation (for example with an increased concentration of harmful substances) that may affect sperm quality, or men who have to undergo some treatment that may interfere with the fertility \u2013 vasectomy, chemotherapy or radiation for cancer.<\/p><p>Should you want to consult this we will gladly provide information on the whole procedure.[\/et_pb_text][\/et_pb_column][\/et_pb_row][\/et_pb_section][et_pb_section fb_built=\"1\" _builder_version=\"4.4.0\" background_image=\"https:\/\/fertilityport.com\/wp-content\/uploads\/2020\/03\/socket.jpg\"][et_pb_row _builder_version=\"4.4.0\"][et_pb_column _builder_version=\"4.4.0\" type=\"4_4\"][\/et_pb_column][\/et_pb_row][\/et_pb_section][et_pb_section fb_built=\"1\" _builder_version=\"4.4.0\" background_color=\"#d4a4a9\"][et_pb_row column_structure=\"1_4,1_2,1_4\" _builder_version=\"4.4.0\"][et_pb_column type=\"1_4\" _builder_version=\"4.4.0\"][\/et_pb_column][et_pb_column type=\"1_2\" _builder_version=\"4.4.0\"][et_pb_text _builder_version=\"4.4.0\"][contact-form-7 id=\"355\" title=\"EN - Sperm freezing\"][\/et_pb_text][\/et_pb_column][et_pb_column type=\"1_4\" _builder_version=\"4.4.0\"][\/et_pb_column][\/et_pb_row][\/et_pb_section]<\/p>","_et_gb_content_width":"","footnotes":""},"class_list":["post-981","page","type-page","status-publish","hentry"],"acf":[],"yoast_head":"<!-- This site is optimized with the Yoast SEO plugin v27.4 - https:\/\/yoast.com\/product\/yoast-seo-wordpress\/ -->\n<title>Kryokonservierung von Spermien | FertilityPort Prague<\/title>\n<meta name=\"description\" content=\"Nicht der richtige Moment, um eine Familie zu gr\u00fcnden? Frieren Sie Ihr Sperma ein und helfen Sie, Ihre Fruchtbarkeit f\u00fcr die Zukunft zu sichern.\" \/>\n<meta name=\"robots\" content=\"index, follow, max-snippet:-1, max-image-preview:large, max-video-preview:-1\" \/>\n<link rel=\"canonical\" href=\"https:\/\/fertilityport.com\/freezing-and-cryopreservation-of-the-sperm\/\" \/>\n<meta property=\"og:locale\" content=\"de_DE\" \/>\n<meta property=\"og:type\" content=\"article\" \/>\n<meta property=\"og:title\" content=\"Kryokonservierung von Spermien | FertilityPort Prague\" \/>\n<meta property=\"og:description\" content=\"Nicht der richtige Moment, um eine Familie zu gr\u00fcnden? Frieren Sie Ihr Sperma ein und helfen Sie, Ihre Fruchtbarkeit f\u00fcr die Zukunft zu sichern.\" \/>\n<meta property=\"og:url\" content=\"https:\/\/fertilityport.com\/freezing-and-cryopreservation-of-the-sperm\/\" \/>\n<meta property=\"og:site_name\" content=\"FertilityPort Prague\" \/>\n<meta property=\"article:modified_time\" content=\"2022-05-09T08:52:14+00:00\" \/>\n<meta name=\"twitter:card\" content=\"summary_large_image\" \/>\n<meta name=\"twitter:label1\" content=\"Gesch\u00e4tzte Lesezeit\" \/>\n\t<meta name=\"twitter:data1\" content=\"2\u00a0Minuten\" \/>\n<script type=\"application\/ld+json\" class=\"yoast-schema-graph\">{\"@context\":\"https:\\\/\\\/schema.org\",\"@graph\":[{\"@type\":\"WebPage\",\"@id\":\"https:\\\/\\\/fertilityport.com\\\/freezing-and-cryopreservation-of-the-sperm\\\/\",\"url\":\"https:\\\/\\\/fertilityport.com\\\/freezing-and-cryopreservation-of-the-sperm\\\/\",\"name\":\"Kryokonservierung von Spermien | FertilityPort Prague\",\"isPartOf\":{\"@id\":\"https:\\\/\\\/fertilityport.com\\\/#website\"},\"datePublished\":\"2020-03-14T17:41:30+00:00\",\"dateModified\":\"2022-05-09T08:52:14+00:00\",\"description\":\"Nicht der richtige Moment, um eine Familie zu gr\u00fcnden? Frieren Sie Ihr Sperma ein und helfen Sie, Ihre Fruchtbarkeit f\u00fcr die Zukunft zu sichern.\",\"breadcrumb\":{\"@id\":\"https:\\\/\\\/fertilityport.com\\\/freezing-and-cryopreservation-of-the-sperm\\\/#breadcrumb\"},\"inLanguage\":\"de\",\"potentialAction\":[{\"@type\":\"ReadAction\",\"target\":[\"https:\\\/\\\/fertilityport.com\\\/freezing-and-cryopreservation-of-the-sperm\\\/\"]}]},{\"@type\":\"BreadcrumbList\",\"@id\":\"https:\\\/\\\/fertilityport.com\\\/freezing-and-cryopreservation-of-the-sperm\\\/#breadcrumb\",\"itemListElement\":[{\"@type\":\"ListItem\",\"position\":1,\"name\":\"Home\",\"item\":\"https:\\\/\\\/fertilityport.com\\\/de\\\/\"},{\"@type\":\"ListItem\",\"position\":2,\"name\":\"Kryokonservierung von Spermien\"}]},{\"@type\":\"WebSite\",\"@id\":\"https:\\\/\\\/fertilityport.com\\\/#website\",\"url\":\"https:\\\/\\\/fertilityport.com\\\/\",\"name\":\"FertilityPort Prague\",\"description\":\"\",\"potentialAction\":[{\"@type\":\"SearchAction\",\"target\":{\"@type\":\"EntryPoint\",\"urlTemplate\":\"https:\\\/\\\/fertilityport.com\\\/?s={search_term_string}\"},\"query-input\":{\"@type\":\"PropertyValueSpecification\",\"valueRequired\":true,\"valueName\":\"search_term_string\"}}],\"inLanguage\":\"de\"}]}<\/script>\n<!-- \/ Yoast SEO plugin. -->","yoast_head_json":{"title":"Kryokonservierung von Spermien | FertilityPort Prague","description":"Nicht der richtige Moment, um eine Familie zu gr\u00fcnden? Frieren Sie Ihr Sperma ein und helfen Sie, Ihre Fruchtbarkeit f\u00fcr die Zukunft zu sichern.","robots":{"index":"index","follow":"follow","max-snippet":"max-snippet:-1","max-image-preview":"max-image-preview:large","max-video-preview":"max-video-preview:-1"},"canonical":"https:\/\/fertilityport.com\/freezing-and-cryopreservation-of-the-sperm\/","og_locale":"de_DE","og_type":"article","og_title":"Kryokonservierung von Spermien | FertilityPort Prague","og_description":"Nicht der richtige Moment, um eine Familie zu gr\u00fcnden? Frieren Sie Ihr Sperma ein und helfen Sie, Ihre Fruchtbarkeit f\u00fcr die Zukunft zu sichern.","og_url":"https:\/\/fertilityport.com\/freezing-and-cryopreservation-of-the-sperm\/","og_site_name":"FertilityPort Prague","article_modified_time":"2022-05-09T08:52:14+00:00","twitter_card":"summary_large_image","twitter_misc":{"Gesch\u00e4tzte Lesezeit":"2\u00a0Minuten"},"schema":{"@context":"https:\/\/schema.org","@graph":[{"@type":"WebPage","@id":"https:\/\/fertilityport.com\/freezing-and-cryopreservation-of-the-sperm\/","url":"https:\/\/fertilityport.com\/freezing-and-cryopreservation-of-the-sperm\/","name":"Kryokonservierung von Spermien | FertilityPort Prague","isPartOf":{"@id":"https:\/\/fertilityport.com\/#website"},"datePublished":"2020-03-14T17:41:30+00:00","dateModified":"2022-05-09T08:52:14+00:00","description":"Nicht der richtige Moment, um eine Familie zu gr\u00fcnden? Frieren Sie Ihr Sperma ein und helfen Sie, Ihre Fruchtbarkeit f\u00fcr die Zukunft zu sichern.","breadcrumb":{"@id":"https:\/\/fertilityport.com\/freezing-and-cryopreservation-of-the-sperm\/#breadcrumb"},"inLanguage":"de","potentialAction":[{"@type":"ReadAction","target":["https:\/\/fertilityport.com\/freezing-and-cryopreservation-of-the-sperm\/"]}]},{"@type":"BreadcrumbList","@id":"https:\/\/fertilityport.com\/freezing-and-cryopreservation-of-the-sperm\/#breadcrumb","itemListElement":[{"@type":"ListItem","position":1,"name":"Home","item":"https:\/\/fertilityport.com\/de\/"},{"@type":"ListItem","position":2,"name":"Kryokonservierung von Spermien"}]},{"@type":"WebSite","@id":"https:\/\/fertilityport.com\/#website","url":"https:\/\/fertilityport.com\/","name":"FertilityPort Prague","description":"","potentialAction":[{"@type":"SearchAction","target":{"@type":"EntryPoint","urlTemplate":"https:\/\/fertilityport.com\/?s={search_term_string}"},"query-input":{"@type":"PropertyValueSpecification","valueRequired":true,"valueName":"search_term_string"}}],"inLanguage":"de"}]}},"_links":{"self":[{"href":"https:\/\/fertilityport.com\/de\/wp-json\/wp\/v2\/pages\/981","targetHints":{"allow":["GET"]}}],"collection":[{"href":"https:\/\/fertilityport.com\/de\/wp-json\/wp\/v2\/pages"}],"about":[{"href":"https:\/\/fertilityport.com\/de\/wp-json\/wp\/v2\/types\/page"}],"author":[{"embeddable":true,"href":"https:\/\/fertilityport.com\/de\/wp-json\/wp\/v2\/users\/2"}],"replies":[{"embeddable":true,"href":"https:\/\/fertilityport.com\/de\/wp-json\/wp\/v2\/comments?post=981"}],"version-history":[{"count":10,"href":"https:\/\/fertilityport.com\/de\/wp-json\/wp\/v2\/pages\/981\/revisions"}],"predecessor-version":[{"id":5662,"href":"https:\/\/fertilityport.com\/de\/wp-json\/wp\/v2\/pages\/981\/revisions\/5662"}],"wp:attachment":[{"href":"https:\/\/fertilityport.com\/de\/wp-json\/wp\/v2\/media?parent=981"}],"curies":[{"name":"wp","href":"https:\/\/api.w.org\/{rel}","templated":true}]}}