{"id":998,"date":"2020-03-14T18:50:09","date_gmt":"2020-03-14T17:50:09","guid":{"rendered":"https:\/\/fertilityport.vesmirnekure.cz\/?page_id=998"},"modified":"2021-07-09T11:20:55","modified_gmt":"2021-07-09T09:20:55","slug":"genetik","status":"publish","type":"page","link":"https:\/\/fertilityport.com\/de\/genetik\/","title":{"rendered":"Pr\u00e4implantationsdiagnostik"},"content":{"rendered":"<p>[et_pb_section fb_built=&#8220;1&#8243; module_class=&#8220;welcome&#8211;page&#8220; _builder_version=&#8220;4.4.1&#8243; background_image=&#8220;https:\/\/fertilityport.com\/wp-content\/uploads\/2020\/03\/genetika_head.jpg&#8220;][et_pb_row column_structure=&#8220;2_3,1_3&#8243; _builder_version=&#8220;4.4.0&#8243;][et_pb_column type=&#8220;2_3&#8243; _builder_version=&#8220;4.4.0&#8243;][et_pb_text module_class=&#8220;c_blurb&#8220; _builder_version=&#8220;4.9.4&#8243;]<\/p>\n<h1>Pr\u00e4implantationsdiagnostik<\/h1>\n<p>Erfahren Sie mehr \u00fcber die genetische Untersuchung vor der Implantation<\/p>\n<p>[\/et_pb_text][\/et_pb_column][et_pb_column type=&#8220;1_3&#8243; _builder_version=&#8220;4.4.0&#8243;][\/et_pb_column][\/et_pb_row][\/et_pb_section][et_pb_section fb_built=&#8220;1&#8243; _builder_version=&#8220;4.4.0&#8243;][et_pb_row _builder_version=&#8220;4.4.0&#8243;][et_pb_column type=&#8220;4_4&#8243; _builder_version=&#8220;4.4.0&#8243;][et_pb_text module_class=&#8220;c_blurb&#8220; _builder_version=&#8220;4.4.0&#8243;]<\/p>\n<h2>PGT-A (Preimplantation Genetic Testing for Aneuploidy)<\/h2>\n<p>(fr\u00fcher als PGS oder PID Preimplantation Genetic Screening bekannt)<\/p>\n<p>Pr\u00e4implantationsscreening (PGT-A oder PID) oder pr\u00e4implantative genetische Diagnostik umfasst Untersuchungen am Embryo vor der \u00dcbertragung in die Geb\u00e4rmutter. Mit diesen Untersuchungen wird gezielt nach genetischen Auff\u00e4lligkeiten oder einer Chromosomenst\u00f6rung gesucht.<\/p>\n<p>[\/et_pb_text][et_pb_code _builder_version=&#8220;4.4.1&#8243;]<a class=\"btn btn--primary\" href=\"https:\/\/fertilityport.com\/de\/genetik\/mehr-genetik\/\">Mehr<\/a>[\/et_pb_code][\/et_pb_column][\/et_pb_row][et_pb_row _builder_version=&#8220;4.4.0&#8243;][et_pb_column type=&#8220;4_4&#8243; _builder_version=&#8220;4.4.0&#8243;][et_pb_text module_class=&#8220;c_blurb&#8220; _builder_version=&#8220;4.4.0&#8243;]<\/p>\n<h2>PGT-M (Preimplantation Genetic Testing for Monogenic\/Single Gene Diseases)<\/h2>\n<p>(Fr\u00fcher PGD: preimplantation genetic diagnosis)<\/p>\n<p>Pr\u00e4implantationsdiagnostik ist eine Methode, die eine Auswahl an \u201egesundem\u201c Embryo auch ohne konkrete genetische Belastung erm\u00f6glicht. Hauptvorteil bei diesem Vorgang ist das Ausschlie\u00dfen des Risikos, dass der Fetus genetisch belastet wird. Ein Paar muss sich nicht mit m\u00f6glichen Schwierigkeiten befassen, die mit der k\u00fcnstlichen Unterbrechung der Schwangerschaft verbunden sind.<\/p>\n<p>[\/et_pb_text][et_pb_code _builder_version=&#8220;4.4.1&#8243;]<a class=\"btn btn--primary\" href=\"https:\/\/fertilityport.com\/de\/genetik\/mehr-genetik\/#pgtm\">Mehr<\/a>[\/et_pb_code][\/et_pb_column][\/et_pb_row][\/et_pb_section]<\/p>\n","protected":false},"excerpt":{"rendered":"<p>Pr\u00e4implantationsdiagnostik Erfahren Sie mehr \u00fcber die genetische Untersuchung vor der ImplantationPGT-A (Preimplantation Genetic Testing for Aneuploidy) (fr\u00fcher als PGS oder PID Preimplantation Genetic Screening bekannt) Pr\u00e4implantationsscreening (PGT-A oder PID) oder pr\u00e4implantative genetische Diagnostik umfasst Untersuchungen am Embryo vor der \u00dcbertragung in die Geb\u00e4rmutter. Mit diesen Untersuchungen wird gezielt nach genetischen Auff\u00e4lligkeiten oder einer Chromosomenst\u00f6rung gesucht.PGT-M [&hellip;]<\/p>\n","protected":false},"author":2,"featured_media":0,"parent":0,"menu_order":0,"comment_status":"closed","ping_status":"closed","template":"","meta":{"_acf_changed":false,"_et_pb_use_builder":"on","_et_pb_old_content":"<p>[et_pb_section fb_built=\"1\" _builder_version=\"4.4.0\" background_image=\"https:\/\/fertilityport.com\/wp-content\/uploads\/2020\/03\/genetika_head.jpg\" hover_enabled=\"0\"][et_pb_row column_structure=\"2_3,1_3\" _builder_version=\"4.4.0\"][et_pb_column type=\"2_3\" _builder_version=\"4.4.0\"][et_pb_text module_class=\"c_blurb\" _builder_version=\"4.4.0\" hover_enabled=\"0\"]<\/p><h1>Genetics<\/h1><p>Find out more about genetic diagnostic methods[\/et_pb_text][\/et_pb_column][et_pb_column type=\"1_3\" _builder_version=\"4.4.0\"][\/et_pb_column][\/et_pb_row][\/et_pb_section][et_pb_section fb_built=\"1\" _builder_version=\"4.4.0\"][et_pb_row _builder_version=\"4.4.0\"][et_pb_column _builder_version=\"4.4.0\" type=\"4_4\"][et_pb_text module_class=\"c_blurb\" _builder_version=\"4.4.0\" hover_enabled=\"0\"]<\/p><h2>PGT-A (Preimplantation Genetic Testing for Aneuploidy)<\/h2><p>(earlier known as PGS: Preimplantation Genetic Screening)<br \/>Preimplantation screening is a genetic examination of embryos before their reintroduction into the woman\u2019s uterus. The examination allows us to choose the euploid embryo or embryos, or those with a standard number of chromosomes and without any identified genetic abnormality, and therefore increase the chance of pregnancy or limit the risk of miscarriage or the birth of a child with a chromosome defect.[\/et_pb_text][et_pb_code _builder_version=\"4.4.0\" hover_enabled=\"0\"]<a class=\"btn btn--primary\" href=\"https:\/\/fertilityport.com\/genetics\/read-more\/\">Read more<\/a>[\/et_pb_code][\/et_pb_column][\/et_pb_row][et_pb_row _builder_version=\"4.4.0\"][et_pb_column _builder_version=\"4.4.0\" type=\"4_4\"][et_pb_text module_class=\"c_blurb\" _builder_version=\"4.4.0\" hover_enabled=\"0\"]<\/p><h2>PGT-M (Preimplantation Genetic Testing for Monogenic\/Single Gene Diseases)<\/h2><p>(earlier known as PGD: Preimplantation Genetic Diagnosis)<br \/>Preimplantation genetic diagnostic is therefore a method which enables us to choose a so-called \u201chealthy embryo\u201d without specific genetic impairment. The main advantage of such procedure is the elimination of risk of the foetus carrying monitored genetic impairment. The couple therefore do not have to deal with any potential issues connected with an artificial abortion of the pregnancy. The principle and procedure as seen by the couple is similar to that of the PGT-A method.[\/et_pb_text][et_pb_code _builder_version=\"4.4.0\" hover_enabled=\"0\"]<a class=\"btn btn--primary\" href=\"https:\/\/fertilityport.com\/genetics\/read-more\/#pgtm\">Read more<\/a>[\/et_pb_code][\/et_pb_column][\/et_pb_row][\/et_pb_section]<\/p>","_et_gb_content_width":"","footnotes":""},"class_list":["post-998","page","type-page","status-publish","hentry"],"acf":[],"yoast_head":"<!-- This site is optimized with the Yoast SEO plugin v27.5 - https:\/\/yoast.com\/product\/yoast-seo-wordpress\/ -->\n<title>Pr\u00e4implantationsdiagnostik | FertilityPort Prague<\/title>\n<meta name=\"description\" content=\"Gentests erh\u00f6hen die Wahrscheinlichkeit einer Schwangerschaft oder verringern das Risiko einer Fehlgeburt oder Geburt mit einem Chromosomendefekt\" \/>\n<meta name=\"robots\" content=\"index, follow, max-snippet:-1, max-image-preview:large, max-video-preview:-1\" \/>\n<link rel=\"canonical\" href=\"https:\/\/fertilityport.com\/genetics\/\" \/>\n<meta property=\"og:locale\" content=\"de_DE\" \/>\n<meta property=\"og:type\" content=\"article\" \/>\n<meta property=\"og:title\" content=\"Pr\u00e4implantationsdiagnostik | FertilityPort Prague\" \/>\n<meta property=\"og:description\" content=\"Gentests erh\u00f6hen die Wahrscheinlichkeit einer Schwangerschaft oder verringern das Risiko einer Fehlgeburt oder Geburt mit einem Chromosomendefekt\" \/>\n<meta property=\"og:url\" content=\"https:\/\/fertilityport.com\/genetics\/\" \/>\n<meta property=\"og:site_name\" content=\"FertilityPort Prague\" \/>\n<meta property=\"article:modified_time\" content=\"2021-07-09T09:20:55+00:00\" \/>\n<meta name=\"twitter:card\" content=\"summary_large_image\" \/>\n<meta name=\"twitter:label1\" content=\"Gesch\u00e4tzte Lesezeit\" \/>\n\t<meta name=\"twitter:data1\" content=\"1\u00a0Minute\" \/>\n<script type=\"application\/ld+json\" class=\"yoast-schema-graph\">{\"@context\":\"https:\\\/\\\/schema.org\",\"@graph\":[{\"@type\":\"WebPage\",\"@id\":\"https:\\\/\\\/fertilityport.com\\\/genetics\\\/\",\"url\":\"https:\\\/\\\/fertilityport.com\\\/genetics\\\/\",\"name\":\"Pr\u00e4implantationsdiagnostik | FertilityPort Prague\",\"isPartOf\":{\"@id\":\"https:\\\/\\\/fertilityport.com\\\/#website\"},\"datePublished\":\"2020-03-14T17:50:09+00:00\",\"dateModified\":\"2021-07-09T09:20:55+00:00\",\"description\":\"Gentests erh\u00f6hen die Wahrscheinlichkeit einer Schwangerschaft oder verringern das Risiko einer Fehlgeburt oder Geburt mit einem Chromosomendefekt\",\"breadcrumb\":{\"@id\":\"https:\\\/\\\/fertilityport.com\\\/genetics\\\/#breadcrumb\"},\"inLanguage\":\"de\",\"potentialAction\":[{\"@type\":\"ReadAction\",\"target\":[\"https:\\\/\\\/fertilityport.com\\\/genetics\\\/\"]}]},{\"@type\":\"BreadcrumbList\",\"@id\":\"https:\\\/\\\/fertilityport.com\\\/genetics\\\/#breadcrumb\",\"itemListElement\":[{\"@type\":\"ListItem\",\"position\":1,\"name\":\"Home\",\"item\":\"https:\\\/\\\/fertilityport.com\\\/de\\\/\"},{\"@type\":\"ListItem\",\"position\":2,\"name\":\"Pr\u00e4implantationsdiagnostik\"}]},{\"@type\":\"WebSite\",\"@id\":\"https:\\\/\\\/fertilityport.com\\\/#website\",\"url\":\"https:\\\/\\\/fertilityport.com\\\/\",\"name\":\"FertilityPort Prague\",\"description\":\"\",\"potentialAction\":[{\"@type\":\"SearchAction\",\"target\":{\"@type\":\"EntryPoint\",\"urlTemplate\":\"https:\\\/\\\/fertilityport.com\\\/?s={search_term_string}\"},\"query-input\":{\"@type\":\"PropertyValueSpecification\",\"valueRequired\":true,\"valueName\":\"search_term_string\"}}],\"inLanguage\":\"de\"}]}<\/script>\n<!-- \/ Yoast SEO plugin. -->","yoast_head_json":{"title":"Pr\u00e4implantationsdiagnostik | FertilityPort Prague","description":"Gentests erh\u00f6hen die Wahrscheinlichkeit einer Schwangerschaft oder verringern das Risiko einer Fehlgeburt oder Geburt mit einem Chromosomendefekt","robots":{"index":"index","follow":"follow","max-snippet":"max-snippet:-1","max-image-preview":"max-image-preview:large","max-video-preview":"max-video-preview:-1"},"canonical":"https:\/\/fertilityport.com\/genetics\/","og_locale":"de_DE","og_type":"article","og_title":"Pr\u00e4implantationsdiagnostik | FertilityPort Prague","og_description":"Gentests erh\u00f6hen die Wahrscheinlichkeit einer Schwangerschaft oder verringern das Risiko einer Fehlgeburt oder Geburt mit einem Chromosomendefekt","og_url":"https:\/\/fertilityport.com\/genetics\/","og_site_name":"FertilityPort Prague","article_modified_time":"2021-07-09T09:20:55+00:00","twitter_card":"summary_large_image","twitter_misc":{"Gesch\u00e4tzte Lesezeit":"1\u00a0Minute"},"schema":{"@context":"https:\/\/schema.org","@graph":[{"@type":"WebPage","@id":"https:\/\/fertilityport.com\/genetics\/","url":"https:\/\/fertilityport.com\/genetics\/","name":"Pr\u00e4implantationsdiagnostik | FertilityPort Prague","isPartOf":{"@id":"https:\/\/fertilityport.com\/#website"},"datePublished":"2020-03-14T17:50:09+00:00","dateModified":"2021-07-09T09:20:55+00:00","description":"Gentests erh\u00f6hen die Wahrscheinlichkeit einer Schwangerschaft oder verringern das Risiko einer Fehlgeburt oder Geburt mit einem Chromosomendefekt","breadcrumb":{"@id":"https:\/\/fertilityport.com\/genetics\/#breadcrumb"},"inLanguage":"de","potentialAction":[{"@type":"ReadAction","target":["https:\/\/fertilityport.com\/genetics\/"]}]},{"@type":"BreadcrumbList","@id":"https:\/\/fertilityport.com\/genetics\/#breadcrumb","itemListElement":[{"@type":"ListItem","position":1,"name":"Home","item":"https:\/\/fertilityport.com\/de\/"},{"@type":"ListItem","position":2,"name":"Pr\u00e4implantationsdiagnostik"}]},{"@type":"WebSite","@id":"https:\/\/fertilityport.com\/#website","url":"https:\/\/fertilityport.com\/","name":"FertilityPort Prague","description":"","potentialAction":[{"@type":"SearchAction","target":{"@type":"EntryPoint","urlTemplate":"https:\/\/fertilityport.com\/?s={search_term_string}"},"query-input":{"@type":"PropertyValueSpecification","valueRequired":true,"valueName":"search_term_string"}}],"inLanguage":"de"}]}},"_links":{"self":[{"href":"https:\/\/fertilityport.com\/de\/wp-json\/wp\/v2\/pages\/998","targetHints":{"allow":["GET"]}}],"collection":[{"href":"https:\/\/fertilityport.com\/de\/wp-json\/wp\/v2\/pages"}],"about":[{"href":"https:\/\/fertilityport.com\/de\/wp-json\/wp\/v2\/types\/page"}],"author":[{"embeddable":true,"href":"https:\/\/fertilityport.com\/de\/wp-json\/wp\/v2\/users\/2"}],"replies":[{"embeddable":true,"href":"https:\/\/fertilityport.com\/de\/wp-json\/wp\/v2\/comments?post=998"}],"version-history":[{"count":10,"href":"https:\/\/fertilityport.com\/de\/wp-json\/wp\/v2\/pages\/998\/revisions"}],"predecessor-version":[{"id":4513,"href":"https:\/\/fertilityport.com\/de\/wp-json\/wp\/v2\/pages\/998\/revisions\/4513"}],"wp:attachment":[{"href":"https:\/\/fertilityport.com\/de\/wp-json\/wp\/v2\/media?parent=998"}],"curies":[{"name":"wp","href":"https:\/\/api.w.org\/{rel}","templated":true}]}}