{"id":7329,"date":"2023-03-30T13:19:21","date_gmt":"2023-03-30T11:19:21","guid":{"rendered":"https:\/\/fertilityport.com\/o-nama\/"},"modified":"2023-04-04T10:23:17","modified_gmt":"2023-04-04T08:23:17","slug":"o-nama","status":"publish","type":"page","link":"https:\/\/fertilityport.com\/hr\/o-nama\/","title":{"rendered":"O nama"},"content":{"rendered":"<p>[et_pb_section fb_built=&#8221;1&#8243; module_class=&#8221;welcome&#8211;page&#8221; _builder_version=&#8221;4.4.1&#8243; background_image=&#8221;https:\/\/fertilityport.com\/wp-content\/uploads\/2020\/03\/aboutus_head.jpg&#8221;][et_pb_row column_structure=&#8221;2_3,1_3&#8243; _builder_version=&#8221;4.4.0&#8243;][et_pb_column type=&#8221;2_3&#8243; _builder_version=&#8221;4.4.0&#8243;][et_pb_text module_class=&#8221;c_blurb&#8221; _builder_version=&#8221;4.4.0&#8243;]<\/p>\n<h1>O nama<\/h1>\n<p>Kliniku FertilityPort Prag osnivalo je nekoliko vrhunskih stru\u010dnjaka iz podru\u010dja asistirane reprodukcije, koji su udru\u017eili jedan veliki tim stru\u010dnjaka.<\/p>\n<p>[\/et_pb_text][\/et_pb_column][et_pb_column type=&#8221;1_3&#8243; _builder_version=&#8221;4.4.0&#8243;][\/et_pb_column][\/et_pb_row][\/et_pb_section][et_pb_section fb_built=&#8221;1&#8243; _builder_version=&#8221;4.4.0&#8243;][et_pb_row column_structure=&#8221;2_5,3_5&#8243; _builder_version=&#8221;4.4.0&#8243;][et_pb_column type=&#8221;2_5&#8243; _builder_version=&#8221;4.4.0&#8243;][et_pb_image src=&#8221;https:\/\/fertilityport.com\/wp-content\/uploads\/2021\/09\/DSC08474-scaled.jpg&#8221; _builder_version=&#8221;4.9.10&#8243; hover_enabled=&#8221;0&#8243; title_text=&#8221;DSC08474&#8243; sticky_enabled=&#8221;0&#8243;][\/et_pb_image][\/et_pb_column][et_pb_column type=&#8221;3_5&#8243; _builder_version=&#8221;4.4.0&#8243;][et_pb_text _builder_version=&#8221;4.4.0&#8243;]<\/p>\n<p>Uz maksimalnu predanost svih \u010dlanova na\u0161eg tima, fokusiramo se na individualno rje\u0161enje Va\u0161eg problema na osjetljiv i prijateljski na\u010din, kako bismo minimalizirali stres koji \u010desto mo\u017ee pratiti tretman. Osnovna ideja osnivanja centra bila je stvoriti ugodno radno mjesto obiteljskog karaktera, gdje \u0107e se svakom paru pristupiti s pa\u017enjom, strpljenjem, empatijom i maksimalnim razumijevanjem. \u017delja nam je ste\u0107i va\u0161e povjerenje i ostvariti va\u0161 san zahvaljuju\u0107i svim dostupnim metodama i iskustvu cijelog tima. Zadovoljstvo na\u0161ih klijenata na\u0161a je nagrada i dokaz da ono \u0161to radimo zaista ima smisla.<\/p>\n<p>[\/et_pb_text][et_pb_code module_class=&#8221;btn-group&#8221; _builder_version=&#8221;4.4.0&#8243;]<pee><a class=\"btn btn--primary\" href=\"https:\/\/fertilityport.com\/sr\/nasi-lekari\/\">Na\u0161i lije\u010dnici<\/a>\u00a0<a class=\"btn btn--primary\" href=\"https:\/\/fertilityport.com\/embryologists\/\">Embriolozi<\/a> <a class=\"btn btn--primary\" href=\"https:\/\/fertilityport.com\/nurses\/\">Sestre<\/a> <a class=\"btn btn--primary\" href=\"https:\/\/fertilityport.com\/hr\/\">Koordinatorice<\/a><\/pee>[\/et_pb_code][\/et_pb_column][\/et_pb_row][\/et_pb_section][et_pb_section fb_built=&#8221;1&#8243; _builder_version=&#8221;4.4.0&#8243; background_color=&#8221;#d4a4a9&#8243;][et_pb_row column_structure=&#8221;3_5,2_5&#8243; _builder_version=&#8221;4.4.0&#8243;][et_pb_column type=&#8221;3_5&#8243; _builder_version=&#8221;4.4.0&#8243;][et_pb_text _builder_version=&#8221;4.4.0&#8243; background_layout=&#8221;dark&#8221;]<\/p>\n<ul>\n<li>Izbor najsuvremenije opreme u centru i izbor metoda temeljen na dugogodi\u0161njem iskustvu na\u0161ih lije\u010dnika i kvalificiranog osoblja u IVF centrima u \u010ce\u0161koj i inozemstvu<\/li>\n<li>Individualni i empati\u010dni pristup, izbor njege i tretmana usmjeren na pozitivan ishod<\/li>\n<li>Vi\u0161e stru\u010dnjaka radi zajedno u jednom dobro organiziranom timu<\/li>\n<li>Nema liste \u010dekanja ni u slu\u010daju lije\u010denja doniranim jajnim stanicama ili spermom<\/li>\n<li>Pedantno odr\u017eavana i rastu\u0107a baza donatora<\/li>\n<li>Visoka stopa uspje\u0161nosti<\/li>\n<li>Iskustvo s kompliciranim slu\u010dajevima<\/li>\n<li>Moderna poliklinika s ugodnom i doma\u0107om atmosferom<\/li>\n<li>U samom centru Praga u mirnom okru\u017eenju i blizu rijeke, s parkingom i kafi\u0107em u zgradi klinike<\/li>\n<\/ul>\n<p>[\/et_pb_text][\/et_pb_column][et_pb_column type=&#8221;2_5&#8243; _builder_version=&#8221;4.4.0&#8243;][et_pb_video src=&#8221;https:\/\/www.youtube.com\/watch?v=hWRXpPmo4mE&#8221; _builder_version=&#8221;4.4.1&#8243;][\/et_pb_video][\/et_pb_column][\/et_pb_row][\/et_pb_section]<\/p>\n","protected":false},"excerpt":{"rendered":"<p>O nama Kliniku FertilityPort Prag osnivalo je nekoliko vrhunskih stru\u010dnjaka iz podru\u010dja asistirane reprodukcije, koji su udru\u017eili jedan veliki tim stru\u010dnjaka.Uz maksimalnu predanost svih \u010dlanova na\u0161eg tima, fokusiramo se na individualno rje\u0161enje Va\u0161eg problema na osjetljiv i prijateljski na\u010din, kako bismo minimalizirali stres koji \u010desto mo\u017ee pratiti tretman. Osnovna ideja osnivanja centra bila je stvoriti [&hellip;]<\/p>\n","protected":false},"author":1,"featured_media":0,"parent":0,"menu_order":0,"comment_status":"closed","ping_status":"closed","template":"","meta":{"_acf_changed":false,"_et_pb_use_builder":"on","_et_pb_old_content":"","_et_gb_content_width":"","footnotes":""},"class_list":["post-7329","page","type-page","status-publish","hentry"],"acf":[],"yoast_head":"<!-- This site is optimized with the Yoast SEO plugin v27.5 - https:\/\/yoast.com\/product\/yoast-seo-wordpress\/ -->\n<title>O na\u0161em timu | FertilityPort Prague<\/title>\n<meta name=\"description\" content=\"Kliniku FertilityPort Prag osnivalo je nekoliko vrhunskih stru\u010dnjaka u podru\u010dju asistirane reprodukcije.\" \/>\n<meta name=\"robots\" content=\"index, follow, max-snippet:-1, max-image-preview:large, max-video-preview:-1\" \/>\n<link rel=\"canonical\" href=\"https:\/\/fertilityport.com\/about-us\/\" \/>\n<meta property=\"og:locale\" content=\"hr_HR\" \/>\n<meta property=\"og:type\" content=\"article\" \/>\n<meta property=\"og:title\" content=\"O na\u0161em timu | FertilityPort Prague\" \/>\n<meta property=\"og:description\" content=\"Kliniku FertilityPort Prag osnivalo je nekoliko vrhunskih stru\u010dnjaka u podru\u010dju asistirane reprodukcije.\" \/>\n<meta property=\"og:url\" content=\"https:\/\/fertilityport.com\/about-us\/\" \/>\n<meta property=\"og:site_name\" content=\"FertilityPort Prague\" \/>\n<meta property=\"article:modified_time\" content=\"2023-04-04T08:23:17+00:00\" \/>\n<meta name=\"twitter:card\" content=\"summary_large_image\" \/>\n<meta name=\"twitter:label1\" content=\"Procijenjeno vrijeme \u010ditanja\" \/>\n\t<meta name=\"twitter:data1\" content=\"2 minute\" \/>\n<script type=\"application\/ld+json\" class=\"yoast-schema-graph\">{\"@context\":\"https:\\\/\\\/schema.org\",\"@graph\":[{\"@type\":\"WebPage\",\"@id\":\"https:\\\/\\\/fertilityport.com\\\/about-us\\\/\",\"url\":\"https:\\\/\\\/fertilityport.com\\\/about-us\\\/\",\"name\":\"O na\u0161em timu | FertilityPort Prague\",\"isPartOf\":{\"@id\":\"https:\\\/\\\/fertilityport.com\\\/#website\"},\"datePublished\":\"2023-03-30T11:19:21+00:00\",\"dateModified\":\"2023-04-04T08:23:17+00:00\",\"description\":\"Kliniku FertilityPort Prag osnivalo je nekoliko vrhunskih stru\u010dnjaka u podru\u010dju asistirane reprodukcije.\",\"breadcrumb\":{\"@id\":\"https:\\\/\\\/fertilityport.com\\\/about-us\\\/#breadcrumb\"},\"inLanguage\":\"hr\",\"potentialAction\":[{\"@type\":\"ReadAction\",\"target\":[\"https:\\\/\\\/fertilityport.com\\\/about-us\\\/\"]}]},{\"@type\":\"BreadcrumbList\",\"@id\":\"https:\\\/\\\/fertilityport.com\\\/about-us\\\/#breadcrumb\",\"itemListElement\":[{\"@type\":\"ListItem\",\"position\":1,\"name\":\"Home\",\"item\":\"https:\\\/\\\/fertilityport.com\\\/hr\\\/\"},{\"@type\":\"ListItem\",\"position\":2,\"name\":\"O nama\"}]},{\"@type\":\"WebSite\",\"@id\":\"https:\\\/\\\/fertilityport.com\\\/#website\",\"url\":\"https:\\\/\\\/fertilityport.com\\\/\",\"name\":\"FertilityPort Prague\",\"description\":\"\",\"potentialAction\":[{\"@type\":\"SearchAction\",\"target\":{\"@type\":\"EntryPoint\",\"urlTemplate\":\"https:\\\/\\\/fertilityport.com\\\/?s={search_term_string}\"},\"query-input\":{\"@type\":\"PropertyValueSpecification\",\"valueRequired\":true,\"valueName\":\"search_term_string\"}}],\"inLanguage\":\"hr\"}]}<\/script>\n<!-- \/ Yoast SEO plugin. -->","yoast_head_json":{"title":"O na\u0161em timu | FertilityPort Prague","description":"Kliniku FertilityPort Prag osnivalo je nekoliko vrhunskih stru\u010dnjaka u podru\u010dju asistirane reprodukcije.","robots":{"index":"index","follow":"follow","max-snippet":"max-snippet:-1","max-image-preview":"max-image-preview:large","max-video-preview":"max-video-preview:-1"},"canonical":"https:\/\/fertilityport.com\/about-us\/","og_locale":"hr_HR","og_type":"article","og_title":"O na\u0161em timu | FertilityPort Prague","og_description":"Kliniku FertilityPort Prag osnivalo je nekoliko vrhunskih stru\u010dnjaka u podru\u010dju asistirane reprodukcije.","og_url":"https:\/\/fertilityport.com\/about-us\/","og_site_name":"FertilityPort Prague","article_modified_time":"2023-04-04T08:23:17+00:00","twitter_card":"summary_large_image","twitter_misc":{"Procijenjeno vrijeme \u010ditanja":"2 minute"},"schema":{"@context":"https:\/\/schema.org","@graph":[{"@type":"WebPage","@id":"https:\/\/fertilityport.com\/about-us\/","url":"https:\/\/fertilityport.com\/about-us\/","name":"O na\u0161em timu | FertilityPort Prague","isPartOf":{"@id":"https:\/\/fertilityport.com\/#website"},"datePublished":"2023-03-30T11:19:21+00:00","dateModified":"2023-04-04T08:23:17+00:00","description":"Kliniku FertilityPort Prag osnivalo je nekoliko vrhunskih stru\u010dnjaka u podru\u010dju asistirane reprodukcije.","breadcrumb":{"@id":"https:\/\/fertilityport.com\/about-us\/#breadcrumb"},"inLanguage":"hr","potentialAction":[{"@type":"ReadAction","target":["https:\/\/fertilityport.com\/about-us\/"]}]},{"@type":"BreadcrumbList","@id":"https:\/\/fertilityport.com\/about-us\/#breadcrumb","itemListElement":[{"@type":"ListItem","position":1,"name":"Home","item":"https:\/\/fertilityport.com\/hr\/"},{"@type":"ListItem","position":2,"name":"O nama"}]},{"@type":"WebSite","@id":"https:\/\/fertilityport.com\/#website","url":"https:\/\/fertilityport.com\/","name":"FertilityPort Prague","description":"","potentialAction":[{"@type":"SearchAction","target":{"@type":"EntryPoint","urlTemplate":"https:\/\/fertilityport.com\/?s={search_term_string}"},"query-input":{"@type":"PropertyValueSpecification","valueRequired":true,"valueName":"search_term_string"}}],"inLanguage":"hr"}]}},"_links":{"self":[{"href":"https:\/\/fertilityport.com\/hr\/wp-json\/wp\/v2\/pages\/7329","targetHints":{"allow":["GET"]}}],"collection":[{"href":"https:\/\/fertilityport.com\/hr\/wp-json\/wp\/v2\/pages"}],"about":[{"href":"https:\/\/fertilityport.com\/hr\/wp-json\/wp\/v2\/types\/page"}],"author":[{"embeddable":true,"href":"https:\/\/fertilityport.com\/hr\/wp-json\/wp\/v2\/users\/1"}],"replies":[{"embeddable":true,"href":"https:\/\/fertilityport.com\/hr\/wp-json\/wp\/v2\/comments?post=7329"}],"version-history":[{"count":8,"href":"https:\/\/fertilityport.com\/hr\/wp-json\/wp\/v2\/pages\/7329\/revisions"}],"predecessor-version":[{"id":7410,"href":"https:\/\/fertilityport.com\/hr\/wp-json\/wp\/v2\/pages\/7329\/revisions\/7410"}],"wp:attachment":[{"href":"https:\/\/fertilityport.com\/hr\/wp-json\/wp\/v2\/media?parent=7329"}],"curies":[{"name":"wp","href":"https:\/\/api.w.org\/{rel}","templated":true}]}}